{"id":1923,"date":"2026-02-16T03:42:16","date_gmt":"2026-02-16T03:42:16","guid":{"rendered":"https:\/\/www.wonzh.com\/?post_type=product&#038;p=1923"},"modified":"2026-02-16T04:08:22","modified_gmt":"2026-02-16T04:08:22","slug":"high-strength-alloy-wire-rope-for-heavy-lifting","status":"publish","type":"product","link":"https:\/\/www.wonzh.com\/de\/product\/high-strength-alloy-wire-rope-for-heavy-lifting\/","title":{"rendered":"Hochfestes legiertes Drahtseil f\u00fcr schweres Heben"},"content":{"rendered":"<p data-start=\"215\" data-end=\"667\">Unsere hochfesten legierten Drahtseile sind f\u00fcr anspruchsvolle industrielle Hebe-, Hub- und Takelanwendungen konzipiert. Es wird aus hochwertigem legiertem Stahl hergestellt und bietet eine \u00fcberragende Zugfestigkeit, ausgezeichnete Erm\u00fcdungsbest\u00e4ndigkeit und eine lange Lebensdauer unter extremen Belastungen. Dieses Drahtseil wurde f\u00fcr Schwersteins\u00e4tze entwickelt und gew\u00e4hrleistet maximale Sicherheit und Zuverl\u00e4ssigkeit in Industrie-, Bau-, Offshore- und Bergbauanwendungen.<\/p>\n<p data-start=\"669\" data-end=\"1001\">Der Kern aus hochfestem legiertem Stahl bietet eine au\u00dfergew\u00f6hnliche Tragf\u00e4higkeit bei gleichzeitiger Flexibilit\u00e4t und Elastizit\u00e4t. Jedes Seil wird unter strengen Qualit\u00e4tskontrollstandards hergestellt, um die internationalen Sicherheits- und Leistungsanforderungen zu erf\u00fcllen, was es zu einer zuverl\u00e4ssigen L\u00f6sung f\u00fcr Fachleute in der Hebe- und Riggingbranche macht.<\/p>\n<hr data-start=\"1003\" data-end=\"1006\" \/>\n<h3 data-start=\"1008\" data-end=\"1031\"><strong data-start=\"1012\" data-end=\"1029\">Hauptmerkmale:<\/strong><\/h3>\n<ul data-start=\"1032\" data-end=\"1439\">\n<li data-start=\"1032\" data-end=\"1104\">\n<p data-start=\"1034\" data-end=\"1104\">Konstruktion aus hochwertigem legiertem Stahl f\u00fcr maximale Festigkeit und Haltbarkeit<\/p>\n<\/li>\n<li data-start=\"1105\" data-end=\"1169\">\n<p data-start=\"1107\" data-end=\"1169\">Hohe Zugfestigkeit und Erm\u00fcdungsfestigkeit f\u00fcr schwere Lasten<\/p>\n<\/li>\n<li data-start=\"1170\" data-end=\"1234\">\n<p data-start=\"1172\" data-end=\"1234\">Lange Lebensdauer auch bei dauerhaftem Schwerlastbetrieb<\/p>\n<\/li>\n<li data-start=\"1235\" data-end=\"1308\">\n<p data-start=\"1237\" data-end=\"1308\">Flexibles Design, geeignet f\u00fcr Kr\u00e4ne, Hebezeuge und Industriemaschinen<\/p>\n<\/li>\n<li data-start=\"1309\" data-end=\"1377\">\n<p data-start=\"1311\" data-end=\"1377\">Entspricht den internationalen Sicherheitsstandards f\u00fcr Hebevorg\u00e4nge und Rigging<\/p>\n<\/li>\n<li data-start=\"1378\" data-end=\"1439\">\n<p data-start=\"1380\" data-end=\"1439\">Widerstandsf\u00e4hig gegen Abrieb, Verformung und mechanische Belastung<\/p>\n<\/li>\n<\/ul>\n<hr data-start=\"1441\" data-end=\"1444\" \/>\n<h3 data-start=\"1446\" data-end=\"1480\"><strong data-start=\"1450\" data-end=\"1478\">Technische Daten<\/strong><\/h3>\n<div class=\"TyagGW_tableContainer\">\n<div class=\"group TyagGW_tableWrapper flex flex-col-reverse w-fit\" tabindex=\"-1\">\n<table class=\"w-fit min-w-(--thread-content-width)\" data-start=\"1482\" data-end=\"2176\">\n<thead data-start=\"1482\" data-end=\"1519\">\n<tr data-start=\"1482\" data-end=\"1519\">\n<th class=\"\" data-start=\"1482\" data-end=\"1494\" data-col-size=\"sm\">Parameter<\/th>\n<th class=\"\" data-start=\"1494\" data-end=\"1510\" data-col-size=\"md\">Spezifikation<\/th>\n<th class=\"\" data-start=\"1510\" data-end=\"1519\" data-col-size=\"md\">Anmerkungen<\/th>\n<\/tr>\n<\/thead>\n<tbody data-start=\"1558\" data-end=\"2176\">\n<tr data-start=\"1558\" data-end=\"1639\">\n<td data-start=\"1558\" data-end=\"1569\" data-col-size=\"sm\">Material<\/td>\n<td data-start=\"1569\" data-end=\"1591\" data-col-size=\"md\">Hochwertiger legierter Stahl<\/td>\n<td data-start=\"1591\" data-end=\"1639\" data-col-size=\"md\">Hohe Zugfestigkeit und Erm\u00fcdungsbest\u00e4ndigkeit<\/td>\n<\/tr>\n<tr data-start=\"1640\" data-end=\"1718\">\n<td data-start=\"1640\" data-end=\"1657\" data-col-size=\"sm\">Durchmesser Bereich<\/td>\n<td data-start=\"1657\" data-end=\"1672\" data-col-size=\"md\">8 mm - 36 mm<\/td>\n<td data-start=\"1672\" data-end=\"1718\" data-col-size=\"md\">Standardgr\u00f6\u00dfen; kundenspezifische Durchmesser verf\u00fcgbar<\/td>\n<\/tr>\n<tr data-start=\"1719\" data-end=\"1807\">\n<td data-start=\"1719\" data-end=\"1734\" data-col-size=\"sm\">Bauwesen<\/td>\n<td data-col-size=\"md\" data-start=\"1734\" data-end=\"1767\">6\u00d719, 6\u00d736, 7\u00d719, 1\u00d719 Litzen<\/td>\n<td data-col-size=\"md\" data-start=\"1767\" data-end=\"1807\">Flexible oder halbstarre Konstruktionen<\/td>\n<\/tr>\n<tr data-start=\"1808\" data-end=\"1881\">\n<td data-start=\"1808\" data-end=\"1824\" data-col-size=\"sm\">Bruchlast<\/td>\n<td data-start=\"1824\" data-end=\"1839\" data-col-size=\"md\">2 - 150 Tonnen<\/td>\n<td data-start=\"1839\" data-end=\"1881\" data-col-size=\"md\">Je nach Durchmesser und Konstruktion<\/td>\n<\/tr>\n<tr data-start=\"1882\" data-end=\"1962\">\n<td data-start=\"1882\" data-end=\"1892\" data-col-size=\"sm\">Beschichtung<\/td>\n<td data-start=\"1892\" data-end=\"1929\" data-col-size=\"md\">Wahlweise verzinkte oder PVC-Beschichtung<\/td>\n<td data-start=\"1929\" data-end=\"1962\" data-col-size=\"md\">Verbessert die Korrosionsbest\u00e4ndigkeit<\/td>\n<\/tr>\n<tr data-start=\"1963\" data-end=\"2056\">\n<td data-start=\"1963\" data-end=\"1983\" data-col-size=\"sm\">Temperaturbereich<\/td>\n<td data-start=\"1983\" data-end=\"2001\" data-col-size=\"md\">-40\u00b0C bis +150\u00b0C<\/td>\n<td data-start=\"2001\" data-end=\"2056\" data-col-size=\"md\">Abh\u00e4ngig von der Beschichtung; geeignet f\u00fcr extreme Bedingungen<\/td>\n<\/tr>\n<tr data-start=\"2057\" data-end=\"2176\">\n<td data-start=\"2057\" data-end=\"2072\" data-col-size=\"sm\">Anwendungen<\/td>\n<td data-start=\"2072\" data-end=\"2128\" data-col-size=\"md\">Schweres Heben, Krane, Bau, Offshore, Bergbau<\/td>\n<td data-start=\"2128\" data-end=\"2176\" data-col-size=\"md\">Entwickelt f\u00fcr anspruchsvolle industrielle Anwendungen<\/td>\n<\/tr>\n<\/tbody>\n<\/table>\n<\/div>\n<\/div>\n<blockquote data-start=\"2178\" data-end=\"2285\">\n<p data-start=\"2180\" data-end=\"2285\"><strong data-start=\"2180\" data-end=\"2189\">Anmerkung:<\/strong> Kundenspezifische Durchmesser, Konstruktionen und Beschichtungen sind erh\u00e4ltlich, um spezielle Anforderungen zu erf\u00fcllen.<\/p>\n<\/blockquote>\n<hr data-start=\"2287\" data-end=\"2290\" \/>\n<h3 data-start=\"2292\" data-end=\"2323\"><strong data-start=\"2296\" data-end=\"2321\">Typische Anwendungen:<\/strong><\/h3>\n<ul data-start=\"2324\" data-end=\"2598\">\n<li data-start=\"2324\" data-end=\"2373\">\n<p data-start=\"2326\" data-end=\"2373\">Industriekr\u00e4ne und Heben schwerer Maschinen<\/p>\n<\/li>\n<li data-start=\"2374\" data-end=\"2427\">\n<p data-start=\"2376\" data-end=\"2427\">Hebe- und Montagearbeiten auf der Baustelle<\/p>\n<\/li>\n<li data-start=\"2428\" data-end=\"2470\">\n<p data-start=\"2430\" data-end=\"2470\">Offshore-Hebevorg\u00e4nge und Schiffsbetrieb<\/p>\n<\/li>\n<li data-start=\"2471\" data-end=\"2525\">\n<p data-start=\"2473\" data-end=\"2525\">Bergbau und Schwerlasttransport<\/p>\n<\/li>\n<li data-start=\"2526\" data-end=\"2598\">\n<p data-start=\"2528\" data-end=\"2598\">Alle Anwendungen, die hohe Lasten und hohe Festigkeit erfordern<\/p>\n<\/li>\n<\/ul>\n<hr data-start=\"2600\" data-end=\"2603\" \/>\n<h3 data-start=\"2605\" data-end=\"2656\"><strong data-start=\"2609\" data-end=\"2654\">Warum hochfestes legiertes Drahtseil?<\/strong><\/h3>\n<p data-start=\"2657\" data-end=\"3096\">Drahtseile aus hochfesten Legierungen bieten das perfekte Gleichgewicht zwischen <strong data-start=\"2724\" data-end=\"2778\">Tragf\u00e4higkeit, Flexibilit\u00e4t und Haltbarkeit<\/strong>. Im Gegensatz zu Standard-Stahlseilen verbessert die Legierungszusammensetzung die Erm\u00fcdungsbest\u00e4ndigkeit, verringert das Risiko eines Versagens bei wiederholter Beanspruchung und verl\u00e4ngert die Lebensdauer, selbst in anspruchsvollen Umgebungen. Diese Eigenschaften machen es ideal f\u00fcr Ingenieure und Betreiber, die zuverl\u00e4ssige Leistung unter extremen Belastungen und Bedingungen ben\u00f6tigen.<\/p>\n<hr data-start=\"3098\" data-end=\"3101\" \/>\n<h3 data-start=\"3103\" data-end=\"3145\"><strong data-start=\"3107\" data-end=\"3143\">H\u00e4ufig gestellte Fragen (FAQ)<\/strong><\/h3>\n<p data-start=\"3147\" data-end=\"3457\"><strong data-start=\"3147\" data-end=\"3230\">Q1: Wie unterscheidet sich ein hochfestes legiertes Drahtseil von einem normalen Stahldrahtseil?<\/strong><br data-start=\"3230\" data-end=\"3233\" \/>A: Legierte Drahtseile werden aus speziellen Stahllegierungen hergestellt, die die Zugfestigkeit, Erm\u00fcdungsbest\u00e4ndigkeit und Tragf\u00e4higkeit erh\u00f6hen. Normale Stahldrahtseile sind anf\u00e4lliger f\u00fcr Verschlei\u00df, Verformung und Versagen unter schweren Lasten.<\/p>\n<p data-start=\"3459\" data-end=\"3739\"><strong data-start=\"3459\" data-end=\"3518\">F2: Kann dieses Drahtseil in extremen Umgebungen verwendet werden?<\/strong><br data-start=\"3518\" data-end=\"3521\" \/>A: Ja. Mit optionalen Beschichtungen wie Galvanisierung oder PVC kann das Drahtseil hoher Luftfeuchtigkeit, Au\u00dfeneinwirkung, Meeresbedingungen und hoher mechanischer Belastung standhalten. Es sind auch temperaturbest\u00e4ndige Varianten erh\u00e4ltlich.<\/p>\n<p data-start=\"3741\" data-end=\"4109\"><strong data-start=\"3741\" data-end=\"3822\">F3: Wie w\u00e4hle ich den richtigen Durchmesser und die richtige Konstruktion f\u00fcr meine Anwendung?<\/strong><br data-start=\"3822\" data-end=\"3825\" \/>A: Die Auswahl h\u00e4ngt von der erforderlichen Bruchlast, dem Biegeradius und den Einsatzbedingungen ab. Standardkonstruktionen wie 6\u00d719, 6\u00d736 oder 7\u00d719 sind f\u00fcr die meisten Schwerlastanwendungen geeignet. Wenden Sie sich an den Hersteller, wenn Sie kundenspezifische Konfigurationen f\u00fcr extreme Belastungen oder spezielle Anwendungen ben\u00f6tigen.<\/p>\n<hr data-start=\"4111\" data-end=\"4114\" \/>\n<p data-start=\"4116\" data-end=\"4369\">Diese <strong data-start=\"4121\" data-end=\"4154\">Hochfestes legiertes Drahtseil<\/strong> ist die optimale L\u00f6sung f\u00fcr Fachleute, die <strong data-start=\"4205\" data-end=\"4266\">zuverl\u00e4ssige, langlebige und leistungsstarke Hebezeuge<\/strong>. Die richtige Auswahl, Installation und Wartung gew\u00e4hrleisten langfristige Betriebssicherheit und Effizienz.<\/p>","protected":false},"excerpt":{"rendered":"<p>Unsere hochfesten legierten Drahtseile sind f\u00fcr anspruchsvolle industrielle Hebe-, Hub- und Takelanwendungen konzipiert. Es wird aus hochwertigem legiertem Stahl hergestellt und bietet eine \u00fcberragende Zugfestigkeit, ausgezeichnete Erm\u00fcdungsbest\u00e4ndigkeit und eine lange Lebensdauer unter extremen Belastungen.<\/p>","protected":false},"featured_media":1929,"comment_status":"open","ping_status":"closed","template":"","meta":{"site-sidebar-layout":"default","site-content-layout":"","ast-site-content-layout":"default","site-content-style":"default","site-sidebar-style":"default","ast-global-header-display":"","ast-banner-title-visibility":"","ast-main-header-display":"","ast-hfb-above-header-display":"","ast-hfb-below-header-display":"","ast-hfb-mobile-header-display":"","site-post-title":"","ast-breadcrumbs-content":"","ast-featured-img":"","footer-sml-layout":"","ast-disable-related-posts":"","theme-transparent-header-meta":"default","adv-header-id-meta":"","stick-header-meta":"default","header-above-stick-meta":"","header-main-stick-meta":"","header-below-stick-meta":"","astra-migrate-meta-layouts":"set","ast-page-background-enabled":"default","ast-page-background-meta":{"desktop":{"background-color":"","background-image":"","background-repeat":"repeat","background-position":"center center","background-size":"auto","background-attachment":"scroll","background-type":"","background-media":"","overlay-type":"","overlay-color":"","overlay-opacity":"","overlay-gradient":""},"tablet":{"background-color":"","background-image":"","background-repeat":"repeat","background-position":"center center","background-size":"auto","background-attachment":"scroll","background-type":"","background-media":"","overlay-type":"","overlay-color":"","overlay-opacity":"","overlay-gradient":""},"mobile":{"background-color":"","background-image":"","background-repeat":"repeat","background-position":"center center","background-size":"auto","background-attachment":"scroll","background-type":"","background-media":"","overlay-type":"","overlay-color":"","overlay-opacity":"","overlay-gradient":""}},"ast-content-background-meta":{"desktop":{"background-color":"var(--ast-global-color-5)","background-image":"","background-repeat":"repeat","background-position":"center center","background-size":"auto","background-attachment":"scroll","background-type":"","background-media":"","overlay-type":"","overlay-color":"","overlay-opacity":"","overlay-gradient":""},"tablet":{"background-color":"var(--ast-global-color-5)","background-image":"","background-repeat":"repeat","background-position":"center center","background-size":"auto","background-attachment":"scroll","background-type":"","background-media":"","overlay-type":"","overlay-color":"","overlay-opacity":"","overlay-gradient":""},"mobile":{"background-color":"var(--ast-global-color-5)","background-image":"","background-repeat":"repeat","background-position":"center center","background-size":"auto","background-attachment":"scroll","background-type":"","background-media":"","overlay-type":"","overlay-color":"","overlay-opacity":"","overlay-gradient":""}}},"product_brand":[],"product_cat":[22],"product_tag":[1639,1642,256,1645,1644,1646,1638,1647,1643,1637,1632,119,1641,1640,1627,1633],"class_list":{"0":"post-1923","1":"product","2":"type-product","3":"status-publish","4":"has-post-thumbnail","6":"product_cat-wire-rope-lifting-accessories","7":"product_tag-alloy-steel-wire-rope","8":"product_tag-construction-wire-rope","9":"product_tag-crane-wire-rope","10":"product_tag-durable-wire-rope","11":"product_tag-fatigue-resistant-wire-rope","12":"product_tag-galvanized-wire-rope","13":"product_tag-heavy-lifting-wire-rope","14":"product_tag-heavy-duty-lifting-equipment","15":"product_tag-high-load-wire-rope","16":"product_tag-high-strength-alloy-wire-rope","17":"product_tag-hoisting-wire-rope","18":"product_tag-industrial-wire-rope","19":"product_tag-mining-wire-rope","20":"product_tag-offshore-wire-rope","21":"product_tag-pvc-coated-wire-rope","22":"product_tag-rigging-wire-rope","23":"desktop-align-left","24":"tablet-align-left","25":"mobile-align-left","27":"first","28":"instock","29":"shipping-taxable","30":"product-type-simple"},"_links":{"self":[{"href":"https:\/\/www.wonzh.com\/de\/wp-json\/wp\/v2\/product\/1923","targetHints":{"allow":["GET"]}}],"collection":[{"href":"https:\/\/www.wonzh.com\/de\/wp-json\/wp\/v2\/product"}],"about":[{"href":"https:\/\/www.wonzh.com\/de\/wp-json\/wp\/v2\/types\/product"}],"replies":[{"embeddable":true,"href":"https:\/\/www.wonzh.com\/de\/wp-json\/wp\/v2\/comments?post=1923"}],"wp:featuredmedia":[{"embeddable":true,"href":"https:\/\/www.wonzh.com\/de\/wp-json\/wp\/v2\/media\/1929"}],"wp:attachment":[{"href":"https:\/\/www.wonzh.com\/de\/wp-json\/wp\/v2\/media?parent=1923"}],"wp:term":[{"taxonomy":"product_brand","embeddable":true,"href":"https:\/\/www.wonzh.com\/de\/wp-json\/wp\/v2\/product_brand?post=1923"},{"taxonomy":"product_cat","embeddable":true,"href":"https:\/\/www.wonzh.com\/de\/wp-json\/wp\/v2\/product_cat?post=1923"},{"taxonomy":"product_tag","embeddable":true,"href":"https:\/\/www.wonzh.com\/de\/wp-json\/wp\/v2\/product_tag?post=1923"}],"curies":[{"name":"wp","href":"https:\/\/api.w.org\/{rel}","templated":true}]}}