{"id":1481,"date":"2026-02-03T15:19:10","date_gmt":"2026-02-03T15:19:10","guid":{"rendered":"https:\/\/www.wonzh.com\/?post_type=product&#038;p=1481"},"modified":"2026-02-05T15:43:12","modified_gmt":"2026-02-05T15:43:12","slug":"hardfacing-components-for-wear-resistant-industrial-applications","status":"publish","type":"product","link":"https:\/\/www.wonzh.com\/de\/product\/hardfacing-components-for-wear-resistant-industrial-applications\/","title":{"rendered":"Hartauftragsschwei\u00dfen von Komponenten f\u00fcr verschlei\u00dffeste industrielle Anwendungen"},"content":{"rendered":"<p data-start=\"594\" data-end=\"921\">Die von Wonzh gelieferten Auftragskomponenten wurden entwickelt, um Industriemaschinen vor extremem Verschlei\u00df zu sch\u00fctzen und ihre Lebensdauer zu verl\u00e4ngern. Diese Komponenten werden h\u00e4ufig im Bergbau, in der Zementindustrie, in der Stahlindustrie, im Baugewerbe, im Materialtransport und in der Energieerzeugung eingesetzt, wo die Oberfl\u00e4chen Abrieb, St\u00f6\u00dfen oder Erosion ausgesetzt sind.<\/p>\n<p data-start=\"923\" data-end=\"1260\">Unsere Komponenten sind mit einer hochwertigen Panzerungsschicht versehen, die auf eine Metallbasis (Kohlenstoffstahl, legierter Stahl oder Edelstahl) aufgetragen wird. Die Aufpanzerung wird durch Schwei\u00dfen, Plasmaspritzen oder thermisches Auftragen erreicht, wodurch eine extrem harte und verschlei\u00dffeste Oberfl\u00e4che entsteht, die auch unter schweren Betriebsbedingungen eingesetzt werden kann.<\/p>\n<p data-start=\"1262\" data-end=\"1548\">Wonzh bietet Standard- und kundenspezifische Auftragskomponenten an, die auf Kundenspezifikationen oder OEM-Anforderungen zugeschnitten sind. Unser Ingenieurteam unterst\u00fctzt Sie bei der Materialauswahl, der Wahl der Auftragsschwei\u00dflegierung, der Dickenoptimierung und dem geometrischen Design, um Haltbarkeit und Leistung zu maximieren.<\/p>\n<h2 data-start=\"1555\" data-end=\"1574\"><strong data-start=\"1558\" data-end=\"1574\">Wesentliche Merkmale<\/strong><\/h2>\n<ul data-start=\"1576\" data-end=\"1881\">\n<li data-start=\"1576\" data-end=\"1617\">\n<p data-start=\"1578\" data-end=\"1617\">Hervorragende Verschlei\u00df- und Abriebfestigkeit<\/p>\n<\/li>\n<li data-start=\"1618\" data-end=\"1658\">\n<p data-start=\"1620\" data-end=\"1658\">Sto\u00df- und erosionsfeste Oberfl\u00e4che<\/p>\n<\/li>\n<li data-start=\"1659\" data-end=\"1709\">\n<p data-start=\"1661\" data-end=\"1709\">Hochpr\u00e4zises Basisteil f\u00fcr zuverl\u00e4ssigen Sitz<\/p>\n<\/li>\n<li data-start=\"1710\" data-end=\"1772\">\n<p data-start=\"1712\" data-end=\"1772\">Kundenspezifische Formen, Gr\u00f6\u00dfen und Panzerungsst\u00e4rken erh\u00e4ltlich<\/p>\n<\/li>\n<li data-start=\"1773\" data-end=\"1828\">\n<p data-start=\"1775\" data-end=\"1828\">Unterst\u00fctzung bei der Prototypen-, Kleinserien- und Massenproduktion<\/p>\n<\/li>\n<li data-start=\"1829\" data-end=\"1881\">\n<p data-start=\"1831\" data-end=\"1881\">Reduziert Wartungskosten und Ausfallzeiten der Ger\u00e4te<\/p>\n<\/li>\n<\/ul>\n<h2 data-start=\"1888\" data-end=\"1915\"><strong data-start=\"1891\" data-end=\"1915\">Typische Anwendungen<\/strong><\/h2>\n<ul data-start=\"1917\" data-end=\"2159\">\n<li data-start=\"1917\" data-end=\"1952\">\n<p data-start=\"1919\" data-end=\"1952\">Brecherh\u00e4mmer und M\u00fchlenauskleidungen<\/p>\n<\/li>\n<li data-start=\"1953\" data-end=\"1993\">\n<p data-start=\"1955\" data-end=\"1993\">F\u00f6rderbandteile und Zuf\u00fchrungskomponenten<\/p>\n<\/li>\n<li data-start=\"1994\" data-end=\"2030\">\n<p data-start=\"1996\" data-end=\"2030\">Verschlei\u00dfplatten f\u00fcr Bagger und Lader<\/p>\n<\/li>\n<li data-start=\"2031\" data-end=\"2069\">\n<p data-start=\"2033\" data-end=\"2069\">Pumpen und G\u00fcllef\u00f6rderanlagen<\/p>\n<\/li>\n<li data-start=\"2070\" data-end=\"2112\">\n<p data-start=\"2072\" data-end=\"2112\">Rutschen, Trichter und industrielle Auskleidungen<\/p>\n<\/li>\n<li data-start=\"2113\" data-end=\"2159\">\n<p data-start=\"2115\" data-end=\"2159\">Schwere Verarbeitungs- und Bergbaumaschinen<\/p>\n<\/li>\n<\/ul>\n<h2 data-start=\"2166\" data-end=\"2209\"><strong data-start=\"2169\" data-end=\"2209\">Von uns gelieferte Beschichtungskomponententypen<\/strong><\/h2>\n<div class=\"TyagGW_tableContainer\">\n<div class=\"group TyagGW_tableWrapper flex flex-col-reverse w-fit\" tabindex=\"-1\">\n<table class=\"w-fit min-w-(--thread-content-width)\" data-start=\"2211\" data-end=\"2664\">\n<thead data-start=\"2211\" data-end=\"2257\">\n<tr data-start=\"2211\" data-end=\"2257\">\n<th data-start=\"2211\" data-end=\"2228\" data-col-size=\"sm\">Bauteil-Typ<\/th>\n<th data-start=\"2228\" data-end=\"2242\" data-col-size=\"sm\">Beschreibung<\/th>\n<th data-start=\"2242\" data-end=\"2257\" data-col-size=\"sm\">Typische Verwendung<\/th>\n<\/tr>\n<\/thead>\n<tbody data-start=\"2272\" data-end=\"2664\">\n<tr data-start=\"2272\" data-end=\"2358\">\n<td data-start=\"2272\" data-end=\"2299\" data-col-size=\"sm\"><strong data-start=\"2274\" data-end=\"2298\">Verschlei\u00dfbleche \/ Auskleidungen<\/strong><\/td>\n<td data-start=\"2299\" data-end=\"2330\" data-col-size=\"sm\">Platten mit Panzerung<\/td>\n<td data-start=\"2330\" data-end=\"2358\" data-col-size=\"sm\">Brecher, Trichter, M\u00fchlen<\/td>\n<\/tr>\n<tr data-start=\"2359\" data-end=\"2460\">\n<td data-start=\"2359\" data-end=\"2390\" data-col-size=\"sm\"><strong data-start=\"2361\" data-end=\"2389\">Brecherh\u00e4mmer \/ Klingen<\/strong><\/td>\n<td data-start=\"2390\" data-end=\"2430\" data-col-size=\"sm\">Komponenten mit hochharter Beschichtung<\/td>\n<td data-start=\"2430\" data-end=\"2460\" data-col-size=\"sm\">Bergbau- und Zementbrecher<\/td>\n<\/tr>\n<tr data-start=\"2461\" data-end=\"2558\">\n<td data-start=\"2461\" data-end=\"2486\" data-col-size=\"sm\"><strong data-start=\"2463\" data-end=\"2485\">Pumpen-\/Ventilteile<\/strong><\/td>\n<td data-start=\"2486\" data-end=\"2520\" data-col-size=\"sm\">Hartbeschichtete Laufr\u00e4der und Geh\u00e4use<\/td>\n<td data-start=\"2520\" data-end=\"2558\" data-col-size=\"sm\">Handhabung von Schl\u00e4mmen und abrasiven Fl\u00fcssigkeiten<\/td>\n<\/tr>\n<tr data-start=\"2559\" data-end=\"2664\">\n<td data-start=\"2559\" data-end=\"2589\" data-col-size=\"sm\"><strong data-start=\"2561\" data-end=\"2588\">Kundenspezifische Auftragschwei\u00dfteile<\/strong><\/td>\n<td data-start=\"2589\" data-end=\"2625\" data-col-size=\"sm\">Entwickelt nach Zeichnung oder OEM-Spezifikation<\/td>\n<td data-start=\"2625\" data-end=\"2664\" data-col-size=\"sm\">Spezialisierte industrielle Anwendungen<\/td>\n<\/tr>\n<\/tbody>\n<\/table>\n<\/div>\n<\/div>\n<h2 data-start=\"2671\" data-end=\"2723\"><strong data-start=\"2674\" data-end=\"2721\">Technische Parameter (repr\u00e4sentativer Bereich)<\/strong><\/h2>\n<div class=\"TyagGW_tableContainer\">\n<div class=\"group TyagGW_tableWrapper flex flex-col-reverse w-fit\" tabindex=\"-1\">\n<table class=\"w-fit min-w-(--thread-content-width)\" data-start=\"2725\" data-end=\"3191\">\n<thead data-start=\"2725\" data-end=\"2762\">\n<tr data-start=\"2725\" data-end=\"2762\">\n<th data-start=\"2725\" data-end=\"2737\" data-col-size=\"sm\">Parameter<\/th>\n<th data-start=\"2737\" data-end=\"2762\" data-col-size=\"md\">Spezifikation \/ Reichweite<\/th>\n<\/tr>\n<\/thead>\n<tbody data-start=\"2773\" data-end=\"3191\">\n<tr data-start=\"2773\" data-end=\"2835\">\n<td data-start=\"2773\" data-end=\"2789\" data-col-size=\"sm\">Grundmaterial<\/td>\n<td data-start=\"2789\" data-end=\"2835\" data-col-size=\"md\">Kohlenstoffstahl, legierter Stahl, rostfreier Stahl<\/td>\n<\/tr>\n<tr data-start=\"2836\" data-end=\"2919\">\n<td data-start=\"2836\" data-end=\"2855\" data-col-size=\"sm\">Aufpanzerung Legierung<\/td>\n<td data-start=\"2855\" data-end=\"2919\" data-col-size=\"md\">Chromkarbid, Wolframkarbid, Stellit, Fe-Cr-C-Legierungen<\/td>\n<\/tr>\n<tr data-start=\"2920\" data-end=\"2974\">\n<td data-start=\"2920\" data-end=\"2943\" data-col-size=\"sm\">Dicke der Panzerung<\/td>\n<td data-start=\"2943\" data-end=\"2974\" data-col-size=\"md\">2 mm - 15 mm (anpassbar)<\/td>\n<\/tr>\n<tr data-start=\"2975\" data-end=\"3030\">\n<td data-start=\"2975\" data-end=\"2994\" data-col-size=\"sm\">Oberfl\u00e4chenh\u00e4rte<\/td>\n<td data-start=\"2994\" data-end=\"3030\" data-col-size=\"md\">HRC 50 - 65 (je nach Legierung)<\/td>\n<\/tr>\n<tr data-start=\"3031\" data-end=\"3090\">\n<td data-start=\"3031\" data-end=\"3048\" data-col-size=\"sm\">Komponente Gr\u00f6\u00dfe<\/td>\n<td data-start=\"3048\" data-end=\"3090\" data-col-size=\"md\">Bis zu 2000 mm \u00d7 1000 mm (anpassbar)<\/td>\n<\/tr>\n<tr data-start=\"3091\" data-end=\"3152\">\n<td data-start=\"3091\" data-end=\"3109\" data-col-size=\"sm\">Produktion Typ<\/td>\n<td data-start=\"3109\" data-end=\"3152\" data-col-size=\"md\">Prototyp, Kleinserie, Massenproduktion<\/td>\n<\/tr>\n<tr data-start=\"3153\" data-end=\"3191\">\n<td data-start=\"3153\" data-end=\"3175\" data-col-size=\"sm\">Unterst\u00fctzte Standards<\/td>\n<td data-start=\"3175\" data-end=\"3191\" data-col-size=\"md\">ISO, DIN, GB<\/td>\n<\/tr>\n<\/tbody>\n<\/table>\n<\/div>\n<\/div>\n<h2 data-start=\"3198\" data-end=\"3242\"><strong data-start=\"3201\" data-end=\"3242\">Leitfaden zur Auswahl von Material und Hartauftragsschwei\u00dfung<\/strong><\/h2>\n<div class=\"TyagGW_tableContainer\">\n<div class=\"group TyagGW_tableWrapper flex flex-col-reverse w-fit\" tabindex=\"-1\">\n<table class=\"w-fit min-w-(--thread-content-width)\" data-start=\"3244\" data-end=\"3537\">\n<thead data-start=\"3244\" data-end=\"3288\">\n<tr data-start=\"3244\" data-end=\"3288\">\n<th data-start=\"3244\" data-end=\"3260\" data-col-size=\"sm\">Grundmaterial<\/th>\n<th data-start=\"3260\" data-end=\"3273\" data-col-size=\"sm\">Vorteile<\/th>\n<th data-start=\"3273\" data-end=\"3288\" data-col-size=\"sm\">Typische Verwendung<\/th>\n<\/tr>\n<\/thead>\n<tbody data-start=\"3303\" data-end=\"3537\">\n<tr data-start=\"3303\" data-end=\"3382\">\n<td data-start=\"3303\" data-end=\"3318\" data-col-size=\"sm\">Kohlenstoffstahl<\/td>\n<td data-start=\"3318\" data-end=\"3355\" data-col-size=\"sm\">Kosteng\u00fcnstig, gut bearbeitbar<\/td>\n<td data-start=\"3355\" data-end=\"3382\" data-col-size=\"sm\">Allgemeiner Verschlei\u00dfschutz<\/td>\n<\/tr>\n<tr data-start=\"3383\" data-end=\"3460\">\n<td data-start=\"3383\" data-end=\"3397\" data-col-size=\"sm\">Legierter Stahl<\/td>\n<td data-start=\"3397\" data-end=\"3436\" data-col-size=\"sm\">Hohe Z\u00e4higkeit und Schlagz\u00e4higkeit<\/td>\n<td data-start=\"3436\" data-end=\"3460\" data-col-size=\"sm\">Schwere Maschinen<\/td>\n<\/tr>\n<tr data-start=\"3461\" data-end=\"3537\">\n<td data-start=\"3461\" data-end=\"3479\" data-col-size=\"sm\">Rostfreier Stahl<\/td>\n<td data-start=\"3479\" data-end=\"3501\" data-col-size=\"sm\">Korrosionsbest\u00e4ndig<\/td>\n<td data-start=\"3501\" data-end=\"3537\" data-col-size=\"sm\">Chemische und marine Umgebungen<\/td>\n<\/tr>\n<\/tbody>\n<\/table>\n<\/div>\n<\/div>\n<div class=\"TyagGW_tableContainer\">\n<div class=\"group TyagGW_tableWrapper flex flex-col-reverse w-fit\" tabindex=\"-1\">\n<table class=\"w-fit min-w-(--thread-content-width)\" data-start=\"3539\" data-end=\"3913\">\n<thead data-start=\"3539\" data-end=\"3590\">\n<tr data-start=\"3539\" data-end=\"3590\">\n<th data-start=\"3539\" data-end=\"3558\" data-col-size=\"sm\">Aufpanzerung Legierung<\/th>\n<th data-start=\"3558\" data-end=\"3571\" data-col-size=\"sm\">Vorteile<\/th>\n<th data-start=\"3571\" data-end=\"3590\" data-col-size=\"sm\">Empfohlen f\u00fcr<\/th>\n<\/tr>\n<\/thead>\n<tbody data-start=\"3605\" data-end=\"3913\">\n<tr data-start=\"3605\" data-end=\"3686\">\n<td data-start=\"3605\" data-end=\"3624\" data-col-size=\"sm\">Chromkarbid<\/td>\n<td data-start=\"3624\" data-end=\"3656\" data-col-size=\"sm\">Hohe H\u00e4rte, verschlei\u00dffest<\/td>\n<td data-start=\"3656\" data-end=\"3686\" data-col-size=\"sm\">Abrasiver Schlamm und Aufprall<\/td>\n<\/tr>\n<tr data-start=\"3687\" data-end=\"3766\">\n<td data-start=\"3687\" data-end=\"3706\" data-col-size=\"sm\">Wolframkarbid<\/td>\n<td data-start=\"3706\" data-end=\"3747\" data-col-size=\"sm\">Extreme H\u00e4rte, hohe Verschlei\u00dffestigkeit<\/td>\n<td data-start=\"3747\" data-end=\"3766\" data-col-size=\"sm\">Brecher, M\u00fchlen<\/td>\n<\/tr>\n<tr data-start=\"3767\" data-end=\"3833\">\n<td data-start=\"3767\" data-end=\"3778\" data-col-size=\"sm\">Stellit<\/td>\n<td data-start=\"3778\" data-end=\"3809\" data-col-size=\"sm\">Korrosions- und hitzebest\u00e4ndig<\/td>\n<td data-start=\"3809\" data-end=\"3833\" data-col-size=\"sm\">Schlammpumpen, Ventile<\/td>\n<\/tr>\n<tr data-start=\"3834\" data-end=\"3913\">\n<td data-start=\"3834\" data-end=\"3844\" data-col-size=\"sm\">Fe-Cr-C<\/td>\n<td data-start=\"3844\" data-end=\"3878\" data-col-size=\"sm\">Ausgewogene H\u00e4rte und Z\u00e4higkeit<\/td>\n<td data-start=\"3878\" data-end=\"3913\" data-col-size=\"sm\">Allgemeine industrielle Anwendungen<\/td>\n<\/tr>\n<\/tbody>\n<\/table>\n<\/div>\n<\/div>\n<h2 data-start=\"3920\" data-end=\"3943\"><strong data-start=\"3923\" data-end=\"3943\">Warum Wonzh w\u00e4hlen<\/strong><\/h2>\n<ul data-start=\"3945\" data-end=\"4286\">\n<li data-start=\"3945\" data-end=\"3997\">\n<p data-start=\"3947\" data-end=\"3997\">Fortschrittliche Auftragschwei\u00dftechnologie und CNC-Bearbeitung<\/p>\n<\/li>\n<li data-start=\"3998\" data-end=\"4057\">\n<p data-start=\"4000\" data-end=\"4057\">Hochwertige, langlebige Komponenten f\u00fcr raue Umgebungen<\/p>\n<\/li>\n<li data-start=\"4058\" data-end=\"4116\">\n<p data-start=\"4060\" data-end=\"4116\">Gro\u00dfe Auswahl an Grundwerkstoffen und Aufpanzerungslegierungen<\/p>\n<\/li>\n<li data-start=\"4117\" data-end=\"4180\">\n<p data-start=\"4119\" data-end=\"4180\">Kundenspezifische technische Unterst\u00fctzung f\u00fcr OEM- und Industriemaschinen<\/p>\n<\/li>\n<li data-start=\"4181\" data-end=\"4230\">\n<p data-start=\"4183\" data-end=\"4230\">Reduziert Verschlei\u00df, Ausfallzeiten und Wartungskosten<\/p>\n<\/li>\n<li data-start=\"4231\" data-end=\"4286\">\n<p data-start=\"4233\" data-end=\"4286\">Vom Prototyp zur Massenproduktion mit zuverl\u00e4ssiger Lieferung<\/p>\n<\/li>\n<\/ul>\n<h2 data-start=\"4293\" data-end=\"4334\"><strong data-start=\"4296\" data-end=\"4332\">H\u00e4ufig gestellte Fragen (FAQ)<\/strong><\/h2>\n<h3 data-start=\"4336\" data-end=\"4390\"><strong data-start=\"4340\" data-end=\"4388\">F1: Wof\u00fcr werden Panzerungsbauteile verwendet?<\/strong><\/h3>\n<p data-start=\"4391\" data-end=\"4497\">Sie sch\u00fctzen Maschinenoberfl\u00e4chen vor Abrieb, Aufprall und Erosion in industriellen Anwendungen mit hohem Verschlei\u00df.<\/p>\n<h3 data-start=\"4499\" data-end=\"4547\"><strong data-start=\"4503\" data-end=\"4545\">F2: Kann ich kundenspezifische Auftragsschwei\u00dfteile erhalten?<\/strong><\/h3>\n<p data-start=\"4548\" data-end=\"4637\">Ja. Komponenten k\u00f6nnen nach Zeichnungen, Spezifikationen oder OEM-Anforderungen angefertigt werden.<\/p>\n<h3 data-start=\"4639\" data-end=\"4694\"><strong data-start=\"4643\" data-end=\"4692\">F3: Welche Aufpanzerungsmaterialien gibt es?<\/strong><\/h3>\n<p data-start=\"4695\" data-end=\"4825\">Die Optionen umfassen <strong data-start=\"4711\" data-end=\"4779\">Chromkarbid, Wolframkarbid, Stellit und Fe-Cr-C-Legierungen<\/strong>, je nach den Anforderungen an Verschlei\u00df und Sto\u00dffestigkeit.<\/p>\n<h3 data-start=\"4827\" data-end=\"4887\"><strong data-start=\"4831\" data-end=\"4885\">F4: Kann das Panzern auf verschiedene Metalle aufgetragen werden?<\/strong><\/h3>\n<p data-start=\"4888\" data-end=\"4979\">Ja. Wir k\u00f6nnen eine Panzerung auftragen auf <strong data-start=\"4920\" data-end=\"4976\">Sockel aus Kohlenstoffstahl, legiertem Stahl und rostfreiem Stahl<\/strong>.<\/p>\n<h3 data-start=\"4981\" data-end=\"5038\"><strong data-start=\"4985\" data-end=\"5036\">F5: In welchen Branchen werden Komponenten mit Hartauftragsschwei\u00dfung verwendet?<\/strong><\/h3>\n<p data-start=\"5039\" data-end=\"5132\">Bergbau-, Zement-, Stahl-, Bau-, Materialumschlags- und chemische Verarbeitungsindustrie.<\/p>","protected":false},"excerpt":{"rendered":"<p>Die von Wonzh gelieferten Auftragskomponenten wurden entwickelt, um Industriemaschinen vor extremem Verschlei\u00df zu sch\u00fctzen und ihre Lebensdauer zu verl\u00e4ngern. Diese Komponenten werden h\u00e4ufig im Bergbau, in der Zementindustrie, in der Stahlindustrie, im Baugewerbe, im Materialtransport und in der Energieerzeugung eingesetzt, wo die Oberfl\u00e4chen Abrieb, St\u00f6\u00dfen oder Erosion ausgesetzt sind.<\/p>","protected":false},"featured_media":1547,"comment_status":"open","ping_status":"closed","template":"","meta":{"site-sidebar-layout":"default","site-content-layout":"","ast-site-content-layout":"default","site-content-style":"default","site-sidebar-style":"default","ast-global-header-display":"","ast-banner-title-visibility":"","ast-main-header-display":"","ast-hfb-above-header-display":"","ast-hfb-below-header-display":"","ast-hfb-mobile-header-display":"","site-post-title":"","ast-breadcrumbs-content":"","ast-featured-img":"","footer-sml-layout":"","ast-disable-related-posts":"","theme-transparent-header-meta":"default","adv-header-id-meta":"","stick-header-meta":"default","header-above-stick-meta":"","header-main-stick-meta":"","header-below-stick-meta":"","astra-migrate-meta-layouts":"set","ast-page-background-enabled":"default","ast-page-background-meta":{"desktop":{"background-color":"","background-image":"","background-repeat":"repeat","background-position":"center center","background-size":"auto","background-attachment":"scroll","background-type":"","background-media":"","overlay-type":"","overlay-color":"","overlay-opacity":"","overlay-gradient":""},"tablet":{"background-color":"","background-image":"","background-repeat":"repeat","background-position":"center center","background-size":"auto","background-attachment":"scroll","background-type":"","background-media":"","overlay-type":"","overlay-color":"","overlay-opacity":"","overlay-gradient":""},"mobile":{"background-color":"","background-image":"","background-repeat":"repeat","background-position":"center center","background-size":"auto","background-attachment":"scroll","background-type":"","background-media":"","overlay-type":"","overlay-color":"","overlay-opacity":"","overlay-gradient":""}},"ast-content-background-meta":{"desktop":{"background-color":"var(--ast-global-color-5)","background-image":"","background-repeat":"repeat","background-position":"center center","background-size":"auto","background-attachment":"scroll","background-type":"","background-media":"","overlay-type":"","overlay-color":"","overlay-opacity":"","overlay-gradient":""},"tablet":{"background-color":"var(--ast-global-color-5)","background-image":"","background-repeat":"repeat","background-position":"center center","background-size":"auto","background-attachment":"scroll","background-type":"","background-media":"","overlay-type":"","overlay-color":"","overlay-opacity":"","overlay-gradient":""},"mobile":{"background-color":"var(--ast-global-color-5)","background-image":"","background-repeat":"repeat","background-position":"center center","background-size":"auto","background-attachment":"scroll","background-type":"","background-media":"","overlay-type":"","overlay-color":"","overlay-opacity":"","overlay-gradient":""}}},"product_brand":[],"product_cat":[24],"product_tag":[434,452,446,449,443,448,442,441,419,451,450,444,447,445,342],"class_list":{"0":"post-1481","1":"product","2":"type-product","3":"status-publish","4":"has-post-thumbnail","6":"product_cat-wear-parts-wear-components","7":"product_tag-abrasion-resistant-parts","8":"product_tag-china-hardfacing-manufacturer","9":"product_tag-chromium-carbide-parts","10":"product_tag-cnc-machined-hardfacing","11":"product_tag-crusher-hammers","12":"product_tag-custom-hardfacing-parts","13":"product_tag-hardfaced-liners","14":"product_tag-hardfacing-components","15":"product_tag-industrial-wear-components","16":"product_tag-mining-wear-parts","17":"product_tag-oem-hardfacing-components","18":"product_tag-pump-hardfacing-parts","19":"product_tag-stellite-components","20":"product_tag-tungsten-carbide-components","21":"product_tag-wear-plates","22":"desktop-align-left","23":"tablet-align-left","24":"mobile-align-left","26":"first","27":"instock","28":"shipping-taxable","29":"product-type-simple"},"_links":{"self":[{"href":"https:\/\/www.wonzh.com\/de\/wp-json\/wp\/v2\/product\/1481","targetHints":{"allow":["GET"]}}],"collection":[{"href":"https:\/\/www.wonzh.com\/de\/wp-json\/wp\/v2\/product"}],"about":[{"href":"https:\/\/www.wonzh.com\/de\/wp-json\/wp\/v2\/types\/product"}],"replies":[{"embeddable":true,"href":"https:\/\/www.wonzh.com\/de\/wp-json\/wp\/v2\/comments?post=1481"}],"wp:featuredmedia":[{"embeddable":true,"href":"https:\/\/www.wonzh.com\/de\/wp-json\/wp\/v2\/media\/1547"}],"wp:attachment":[{"href":"https:\/\/www.wonzh.com\/de\/wp-json\/wp\/v2\/media?parent=1481"}],"wp:term":[{"taxonomy":"product_brand","embeddable":true,"href":"https:\/\/www.wonzh.com\/de\/wp-json\/wp\/v2\/product_brand?post=1481"},{"taxonomy":"product_cat","embeddable":true,"href":"https:\/\/www.wonzh.com\/de\/wp-json\/wp\/v2\/product_cat?post=1481"},{"taxonomy":"product_tag","embeddable":true,"href":"https:\/\/www.wonzh.com\/de\/wp-json\/wp\/v2\/product_tag?post=1481"}],"curies":[{"name":"wp","href":"https:\/\/api.w.org\/{rel}","templated":true}]}}