{"id":1480,"date":"2026-02-03T15:17:38","date_gmt":"2026-02-03T15:17:38","guid":{"rendered":"https:\/\/www.wonzh.com\/?post_type=product&#038;p=1480"},"modified":"2026-02-05T15:25:42","modified_gmt":"2026-02-05T15:25:42","slug":"ceramic-lined-parts-for-abrasion-resistant-industrial-applications","status":"publish","type":"product","link":"https:\/\/www.wonzh.com\/de\/product\/ceramic-lined-parts-for-abrasion-resistant-industrial-applications\/","title":{"rendered":"Keramisch ausgekleidete Teile f\u00fcr abriebfeste industrielle Anwendungen"},"content":{"rendered":"<p data-start=\"580\" data-end=\"910\">Die von Wonzh gelieferten keramisch ausgekleideten Teile sind so konstruiert, dass sie schwerem Abrieb, starken St\u00f6\u00dfen und korrosiven Umgebungen in Industriemaschinen standhalten. Diese Teile werden h\u00e4ufig im Bergbau, in der Zementindustrie, in der Stahlindustrie, in der chemischen Verarbeitung, in der Energieerzeugung und in der F\u00f6rdertechnik eingesetzt, um die Lebensdauer von Komponenten mit hohem Verschlei\u00df zu verl\u00e4ngern.<\/p>\n<p data-start=\"912\" data-end=\"1304\">Unsere Teile kombinieren eine robuste Metallbasis (Kohlenstoffstahl, legierter Stahl oder Edelstahl) mit einer hochwertigen Keramikauskleidung, die eine au\u00dfergew\u00f6hnliche H\u00e4rte, Verschlei\u00dffestigkeit und Sto\u00dftoleranz bietet. Zu den Fertigungsverfahren geh\u00f6ren die CNC-Pr\u00e4zisionsbearbeitung, das Einbetten der Keramik, das Verkleben und die Oberfl\u00e4chenbearbeitung, um sicherzustellen, dass die Auskleidung dauerhaft, gleichm\u00e4\u00dfig und sicher mit der Basis verbunden ist.<\/p>\n<p data-start=\"1306\" data-end=\"1612\">Wonzh bietet Standard- und kundenspezifische keramisch ausgekleidete Teile an, die nach Kundenspezifikationen, OEM-Anforderungen oder Ausr\u00fcstungsmodellen entwickelt werden. Unser technisches Team ber\u00e4t bei der Auswahl des Keramikmaterials, der Dicke, der Geometrie und der Verbindungstechniken, um die Leistung unter rauen Betriebsbedingungen zu optimieren.<\/p>\n<h2 data-start=\"1619\" data-end=\"1638\"><strong data-start=\"1622\" data-end=\"1638\">Wesentliche Merkmale<\/strong><\/h2>\n<ul data-start=\"1640\" data-end=\"1959\">\n<li data-start=\"1640\" data-end=\"1681\">\n<p data-start=\"1642\" data-end=\"1681\">Hervorragende Verschlei\u00df- und Abriebfestigkeit<\/p>\n<\/li>\n<li data-start=\"1682\" data-end=\"1719\">\n<p data-start=\"1684\" data-end=\"1719\">Widerstandsf\u00e4hig gegen St\u00f6\u00dfe und Korrosion<\/p>\n<\/li>\n<li data-start=\"1720\" data-end=\"1780\">\n<p data-start=\"1722\" data-end=\"1780\">Hochpr\u00e4zise Bearbeitung f\u00fcr gleichbleibende Passform und Funktion<\/p>\n<\/li>\n<li data-start=\"1781\" data-end=\"1836\">\n<p data-start=\"1783\" data-end=\"1836\">Anpassbare Formen, Gr\u00f6\u00dfen und Keramikst\u00e4rken<\/p>\n<\/li>\n<li data-start=\"1837\" data-end=\"1894\">\n<p data-start=\"1839\" data-end=\"1894\">Unterst\u00fctzung von Prototypen, Kleinserien und Massenproduktion<\/p>\n<\/li>\n<li data-start=\"1895\" data-end=\"1959\">\n<p data-start=\"1897\" data-end=\"1959\">Verl\u00e4ngert die Lebensdauer der Ger\u00e4te und reduziert die Wartungskosten<\/p>\n<\/li>\n<\/ul>\n<h2 data-start=\"1966\" data-end=\"1993\"><strong data-start=\"1969\" data-end=\"1993\">Typische Anwendungen<\/strong><\/h2>\n<ul data-start=\"1995\" data-end=\"2334\">\n<li data-start=\"1995\" data-end=\"2062\">\n<p data-start=\"1997\" data-end=\"2062\">Rutschen, Trichter und F\u00f6rderrohre im Bergbau und in der Zementindustrie<\/p>\n<\/li>\n<li data-start=\"2063\" data-end=\"2112\">\n<p data-start=\"2065\" data-end=\"2112\">Verschlei\u00dfauskleidungen f\u00fcr M\u00fchlen, Brecher und Zerkleinerungsmaschinen<\/p>\n<\/li>\n<li data-start=\"2113\" data-end=\"2158\">\n<p data-start=\"2115\" data-end=\"2158\">Pumpen und Ventile f\u00fcr abrasive Schl\u00e4mme<\/p>\n<\/li>\n<li data-start=\"2159\" data-end=\"2210\">\n<p data-start=\"2161\" data-end=\"2210\">Materialtransport- und Sch\u00fcttgutverarbeitungsanlagen<\/p>\n<\/li>\n<li data-start=\"2211\" data-end=\"2266\">\n<p data-start=\"2213\" data-end=\"2266\">Stromerzeugungsanlagen und industrielle Rohrleitungen<\/p>\n<\/li>\n<li data-start=\"2267\" data-end=\"2334\">\n<p data-start=\"2269\" data-end=\"2334\">Chemische und verarbeitende Anlagen, die Verschlei\u00df und Korrosion ausgesetzt sind<\/p>\n<\/li>\n<\/ul>\n<h2 data-start=\"2341\" data-end=\"2382\"><strong data-start=\"2344\" data-end=\"2382\">Keramisch ausgekleidete Teiletypen, die wir liefern<\/strong><\/h2>\n<div class=\"TyagGW_tableContainer\">\n<div class=\"group TyagGW_tableWrapper flex flex-col-reverse w-fit\" tabindex=\"-1\">\n<table class=\"w-fit min-w-(--thread-content-width)\" data-start=\"2384\" data-end=\"2969\">\n<thead data-start=\"2384\" data-end=\"2430\">\n<tr data-start=\"2384\" data-end=\"2430\">\n<th data-start=\"2384\" data-end=\"2401\" data-col-size=\"sm\">Bauteil-Typ<\/th>\n<th data-start=\"2401\" data-end=\"2415\" data-col-size=\"md\">Beschreibung<\/th>\n<th data-start=\"2415\" data-end=\"2430\" data-col-size=\"sm\">Typische Verwendung<\/th>\n<\/tr>\n<\/thead>\n<tbody data-start=\"2445\" data-end=\"2969\">\n<tr data-start=\"2445\" data-end=\"2543\">\n<td data-start=\"2445\" data-end=\"2473\" data-col-size=\"sm\"><strong data-start=\"2447\" data-end=\"2472\">Trichter-\/Schurrenauskleidungen<\/strong><\/td>\n<td data-start=\"2473\" data-end=\"2513\" data-col-size=\"md\">Mit Keramik ausgekleidete Platten oder Segmente<\/td>\n<td data-start=\"2513\" data-end=\"2543\" data-col-size=\"sm\">Handhabung von Abrasivmaterial<\/td>\n<\/tr>\n<tr data-start=\"2544\" data-end=\"2640\">\n<td data-start=\"2544\" data-end=\"2572\" data-col-size=\"sm\"><strong data-start=\"2546\" data-end=\"2571\">Auskleidungen f\u00fcr M\u00fchlen \/ Brecher<\/strong><\/td>\n<td data-start=\"2572\" data-end=\"2604\" data-col-size=\"md\">Keramisch beschichtete Platten oder St\u00e4be<\/td>\n<td data-start=\"2604\" data-end=\"2640\" data-col-size=\"sm\">Schleifen und Zerkleinern<\/td>\n<\/tr>\n<tr data-start=\"2641\" data-end=\"2752\">\n<td data-start=\"2641\" data-end=\"2671\" data-col-size=\"sm\"><strong data-start=\"2643\" data-end=\"2670\">Pumpen-\/Ventilkomponenten<\/strong><\/td>\n<td data-start=\"2671\" data-end=\"2714\" data-col-size=\"md\">Keramikauskleidung von Laufr\u00e4dern und Geh\u00e4usen<\/td>\n<td data-start=\"2714\" data-end=\"2752\" data-col-size=\"sm\">Handhabung von Schl\u00e4mmen und abrasiven Fl\u00fcssigkeiten<\/td>\n<\/tr>\n<tr data-start=\"2753\" data-end=\"2850\">\n<td data-start=\"2753\" data-end=\"2778\" data-col-size=\"sm\"><strong data-start=\"2755\" data-end=\"2777\">Rohre \/ Schlauchauskleidungen<\/strong><\/td>\n<td data-start=\"2778\" data-end=\"2810\" data-col-size=\"md\">Keramische Eins\u00e4tze f\u00fcr Rohrleitungen<\/td>\n<td data-start=\"2810\" data-end=\"2850\" data-col-size=\"sm\">Transport von Schl\u00e4mmen und korrosiven Medien<\/td>\n<\/tr>\n<tr data-start=\"2851\" data-end=\"2969\">\n<td data-start=\"2851\" data-end=\"2884\" data-col-size=\"sm\"><strong data-start=\"2853\" data-end=\"2883\">Kundenspezifische keramikbeschichtete Teile<\/strong><\/td>\n<td data-start=\"2884\" data-end=\"2930\" data-col-size=\"md\">Entwickelt nach Zeichnung oder OEM-Spezifikation<\/td>\n<td data-start=\"2930\" data-end=\"2969\" data-col-size=\"sm\">Spezialisierte industrielle Anwendungen<\/td>\n<\/tr>\n<\/tbody>\n<\/table>\n<\/div>\n<\/div>\n<h2 data-start=\"2976\" data-end=\"3028\"><strong data-start=\"2979\" data-end=\"3026\">Technische Parameter (repr\u00e4sentativer Bereich)<\/strong><\/h2>\n<div class=\"TyagGW_tableContainer\">\n<div class=\"group TyagGW_tableWrapper flex flex-col-reverse w-fit\" tabindex=\"-1\">\n<table class=\"w-fit min-w-(--thread-content-width)\" data-start=\"3030\" data-end=\"3579\">\n<thead data-start=\"3030\" data-end=\"3067\">\n<tr data-start=\"3030\" data-end=\"3067\">\n<th data-start=\"3030\" data-end=\"3042\" data-col-size=\"sm\">Parameter<\/th>\n<th data-start=\"3042\" data-end=\"3067\" data-col-size=\"md\">Spezifikation \/ Reichweite<\/th>\n<\/tr>\n<\/thead>\n<tbody data-start=\"3078\" data-end=\"3579\">\n<tr data-start=\"3078\" data-end=\"3146\">\n<td data-start=\"3078\" data-end=\"3100\" data-col-size=\"sm\">Metall Grundmaterial<\/td>\n<td data-start=\"3100\" data-end=\"3146\" data-col-size=\"md\">Kohlenstoffstahl, legierter Stahl, rostfreier Stahl<\/td>\n<\/tr>\n<tr data-start=\"3147\" data-end=\"3246\">\n<td data-start=\"3147\" data-end=\"3166\" data-col-size=\"sm\">Keramisches Material<\/td>\n<td data-start=\"3166\" data-end=\"3246\" data-col-size=\"md\">Aluminiumoxid (Al\u2082O\u2083), Zirkoniumoxid (ZrO\u2082), Siliziumkarbid (SiC), Borkarbid (B\u2084C)<\/td>\n<\/tr>\n<tr data-start=\"3247\" data-end=\"3298\">\n<td data-start=\"3247\" data-end=\"3267\" data-col-size=\"sm\">Keramische Dicke<\/td>\n<td data-start=\"3267\" data-end=\"3298\" data-col-size=\"md\">2 mm - 20 mm (anpassbar)<\/td>\n<\/tr>\n<tr data-start=\"3299\" data-end=\"3366\">\n<td data-start=\"3299\" data-end=\"3324\" data-col-size=\"sm\">Platte \/ Bauteilgr\u00f6\u00dfe<\/td>\n<td data-start=\"3324\" data-end=\"3366\" data-col-size=\"md\">Bis zu 2000 mm \u00d7 1000 mm (anpassbar)<\/td>\n<\/tr>\n<tr data-start=\"3367\" data-end=\"3403\">\n<td data-start=\"3367\" data-end=\"3378\" data-col-size=\"sm\">H\u00e4rte<\/td>\n<td data-start=\"3378\" data-end=\"3403\" data-col-size=\"md\">HRA 85 - 92 (Keramik)<\/td>\n<\/tr>\n<tr data-start=\"3404\" data-end=\"3478\">\n<td data-start=\"3404\" data-end=\"3421\" data-col-size=\"sm\">Bonding-Methode<\/td>\n<td data-start=\"3421\" data-end=\"3478\" data-col-size=\"md\">Hochtemperatursintern, Hartl\u00f6ten, Kleben<\/td>\n<\/tr>\n<tr data-start=\"3479\" data-end=\"3540\">\n<td data-start=\"3479\" data-end=\"3497\" data-col-size=\"sm\">Produktion Typ<\/td>\n<td data-start=\"3497\" data-end=\"3540\" data-col-size=\"md\">Prototyp, Kleinserie, Massenproduktion<\/td>\n<\/tr>\n<tr data-start=\"3541\" data-end=\"3579\">\n<td data-start=\"3541\" data-end=\"3563\" data-col-size=\"sm\">Unterst\u00fctzte Standards<\/td>\n<td data-start=\"3563\" data-end=\"3579\" data-col-size=\"md\">ISO, DIN, GB<\/td>\n<\/tr>\n<\/tbody>\n<\/table>\n<\/div>\n<\/div>\n<h2 data-start=\"3586\" data-end=\"3619\"><strong data-start=\"3589\" data-end=\"3619\">Material &amp; Auswahlhilfe<\/strong><\/h2>\n<div class=\"TyagGW_tableContainer\">\n<div class=\"group TyagGW_tableWrapper flex flex-col-reverse w-fit\" tabindex=\"-1\">\n<table class=\"w-fit min-w-(--thread-content-width)\" data-start=\"3621\" data-end=\"3913\">\n<thead data-start=\"3621\" data-end=\"3665\">\n<tr data-start=\"3621\" data-end=\"3665\">\n<th data-start=\"3621\" data-end=\"3637\" data-col-size=\"sm\">Grundmaterial<\/th>\n<th data-start=\"3637\" data-end=\"3650\" data-col-size=\"sm\">Vorteile<\/th>\n<th data-start=\"3650\" data-end=\"3665\" data-col-size=\"sm\">Typische Verwendung<\/th>\n<\/tr>\n<\/thead>\n<tbody data-start=\"3680\" data-end=\"3913\">\n<tr data-start=\"3680\" data-end=\"3763\">\n<td data-start=\"3680\" data-end=\"3695\" data-col-size=\"sm\">Kohlenstoffstahl<\/td>\n<td data-start=\"3695\" data-end=\"3728\" data-col-size=\"sm\">Kosteng\u00fcnstige, einfache Bearbeitung<\/td>\n<td data-start=\"3728\" data-end=\"3763\" data-col-size=\"sm\">Allgemeine industrielle Anwendungen<\/td>\n<\/tr>\n<tr data-start=\"3764\" data-end=\"3836\">\n<td data-start=\"3764\" data-end=\"3778\" data-col-size=\"sm\">Legierter Stahl<\/td>\n<td data-start=\"3778\" data-end=\"3812\" data-col-size=\"sm\">Hohe Festigkeit, schlagfest<\/td>\n<td data-start=\"3812\" data-end=\"3836\" data-col-size=\"sm\">Schwere Maschinen<\/td>\n<\/tr>\n<tr data-start=\"3837\" data-end=\"3913\">\n<td data-start=\"3837\" data-end=\"3855\" data-col-size=\"sm\">Rostfreier Stahl<\/td>\n<td data-start=\"3855\" data-end=\"3877\" data-col-size=\"sm\">Korrosionsbest\u00e4ndig<\/td>\n<td data-start=\"3877\" data-end=\"3913\" data-col-size=\"sm\">Chemische und marine Umgebungen<\/td>\n<\/tr>\n<\/tbody>\n<\/table>\n<\/div>\n<\/div>\n<div class=\"TyagGW_tableContainer\">\n<div class=\"group TyagGW_tableWrapper flex flex-col-reverse w-fit\" tabindex=\"-1\">\n<table class=\"w-fit min-w-(--thread-content-width)\" data-start=\"3915\" data-end=\"4351\">\n<thead data-start=\"3915\" data-end=\"3966\">\n<tr data-start=\"3915\" data-end=\"3966\">\n<th data-start=\"3915\" data-end=\"3934\" data-col-size=\"sm\">Keramisches Material<\/th>\n<th data-start=\"3934\" data-end=\"3947\" data-col-size=\"sm\">Vorteile<\/th>\n<th data-start=\"3947\" data-end=\"3966\" data-col-size=\"md\">Empfohlen f\u00fcr<\/th>\n<\/tr>\n<\/thead>\n<tbody data-start=\"3981\" data-end=\"4351\">\n<tr data-start=\"3981\" data-end=\"4059\">\n<td data-start=\"3981\" data-end=\"3999\" data-col-size=\"sm\">Tonerde (Al\u2082O\u2083)<\/td>\n<td data-start=\"3999\" data-end=\"4031\" data-col-size=\"sm\">Hohe H\u00e4rte, verschlei\u00dffest<\/td>\n<td data-start=\"4031\" data-end=\"4059\" data-col-size=\"md\">Handhabung von abrasivem Schlamm<\/td>\n<\/tr>\n<tr data-start=\"4060\" data-end=\"4147\">\n<td data-start=\"4060\" data-end=\"4078\" data-col-size=\"sm\">Zirkoniumdioxid (ZrO\u2082)<\/td>\n<td data-start=\"4078\" data-end=\"4120\" data-col-size=\"sm\">Hohe Bruchz\u00e4higkeit, verschlei\u00dffest<\/td>\n<td data-start=\"4120\" data-end=\"4147\" data-col-size=\"md\">Sto\u00dfbelastete Operationen<\/td>\n<\/tr>\n<tr data-start=\"4148\" data-end=\"4255\">\n<td data-start=\"4148\" data-end=\"4172\" data-col-size=\"sm\">Siliziumkarbid (SiC)<\/td>\n<td data-start=\"4172\" data-end=\"4209\" data-col-size=\"sm\">Extrem hart, chemikalienbest\u00e4ndig<\/td>\n<td data-start=\"4209\" data-end=\"4255\" data-col-size=\"md\">Chemische Schl\u00e4mme, extreme Verschlei\u00dfbedingungen<\/td>\n<\/tr>\n<tr data-start=\"4256\" data-end=\"4351\">\n<td data-start=\"4256\" data-end=\"4278\" data-col-size=\"sm\">Borkarbid (B\u2084C)<\/td>\n<td data-start=\"4278\" data-end=\"4315\" data-col-size=\"sm\">Ultrahart, hohe Schlagfestigkeit<\/td>\n<td data-start=\"4315\" data-end=\"4351\" data-col-size=\"md\">Stark beanspruchte und stark belastete Ausr\u00fcstung<\/td>\n<\/tr>\n<\/tbody>\n<\/table>\n<\/div>\n<\/div>\n<h2 data-start=\"4358\" data-end=\"4381\"><strong data-start=\"4361\" data-end=\"4381\">Warum Wonzh w\u00e4hlen<\/strong><\/h2>\n<ul data-start=\"4383\" data-end=\"4732\">\n<li data-start=\"4383\" data-end=\"4437\">\n<p data-start=\"4385\" data-end=\"4437\">Fortschrittliche Herstellung von keramisch ausgekleideten Komponenten<\/p>\n<\/li>\n<li data-start=\"4438\" data-end=\"4494\">\n<p data-start=\"4440\" data-end=\"4494\">Hochpr\u00e4zise Bearbeitung und dauerhafte keramische Bindung<\/p>\n<\/li>\n<li data-start=\"4495\" data-end=\"4562\">\n<p data-start=\"4497\" data-end=\"4562\">Gro\u00dfe Auswahl an Keramik und Basismaterialien f\u00fcr raue Umgebungen<\/p>\n<\/li>\n<li data-start=\"4563\" data-end=\"4626\">\n<p data-start=\"4565\" data-end=\"4626\">Kundenspezifische technische Unterst\u00fctzung f\u00fcr OEM- und Industriemaschinen<\/p>\n<\/li>\n<li data-start=\"4627\" data-end=\"4676\">\n<p data-start=\"4629\" data-end=\"4676\">Reduziert Verschlei\u00df, Ausfallzeiten und Wartungskosten<\/p>\n<\/li>\n<li data-start=\"4677\" data-end=\"4732\">\n<p data-start=\"4679\" data-end=\"4732\">Vom Prototyp zur Massenproduktion mit zuverl\u00e4ssiger Lieferung<\/p>\n<\/li>\n<\/ul>\n<h2 data-start=\"4739\" data-end=\"4780\"><strong data-start=\"4742\" data-end=\"4778\">H\u00e4ufig gestellte Fragen (FAQ)<\/strong><\/h2>\n<h3 data-start=\"4782\" data-end=\"4834\"><strong data-start=\"4786\" data-end=\"4832\">F1: Wof\u00fcr werden keramisch ausgekleidete Teile verwendet?<\/strong><\/h3>\n<p data-start=\"4835\" data-end=\"4934\">Sie sch\u00fctzen Ger\u00e4te vor Abrieb, St\u00f6\u00dfen und Korrosion in industriellen Anwendungen mit hohem Verschlei\u00df.<\/p>\n<h3 data-start=\"4936\" data-end=\"4984\"><strong data-start=\"4940\" data-end=\"4982\">F2: Kann ich individuelle Formen und Gr\u00f6\u00dfen erhalten?<\/strong><\/h3>\n<p data-start=\"4985\" data-end=\"5086\">Ja. Wir fertigen keramisch ausgekleidete Teile auf der Grundlage von Zeichnungen, Ger\u00e4temodellen oder OEM-Spezifikationen.<\/p>\n<h3 data-start=\"5088\" data-end=\"5140\"><strong data-start=\"5092\" data-end=\"5138\">F3: Welche keramischen Werkstoffe gibt es?<\/strong><\/h3>\n<p data-start=\"5141\" data-end=\"5271\">Die Optionen umfassen <strong data-start=\"5157\" data-end=\"5214\">Aluminiumoxid, Zirkoniumdioxid, Siliziumkarbid und Borkarbid<\/strong>, je nach Abnutzung, Schlag und chemischen Anforderungen.<\/p>\n<h3 data-start=\"5273\" data-end=\"5328\"><strong data-start=\"5277\" data-end=\"5326\">F4: Kann man Keramik mit verschiedenen Metallen verbinden?<\/strong><\/h3>\n<p data-start=\"5329\" data-end=\"5473\">Ja. Wir verbinden Keramik mit <strong data-start=\"5354\" data-end=\"5404\">Kohlenstoffstahl, legierter Stahl und rostfreier Stahl<\/strong> durch Hochtemperatursintern, Hartl\u00f6ten oder Klebeverfahren.<\/p>\n<h3 data-start=\"5475\" data-end=\"5538\"><strong data-start=\"5479\" data-end=\"5536\">F5: In welchen Branchen werden \u00fcblicherweise keramisch ausgekleidete Teile verwendet?<\/strong><\/h3>\n<p data-start=\"5539\" data-end=\"5636\">Bergbau, Zement, Stahl, chemische Verarbeitung, Energieerzeugung und Materialtransport.<\/p>","protected":false},"excerpt":{"rendered":"<p>Die von Wonzh gelieferten keramisch ausgekleideten Teile sind so konstruiert, dass sie schwerem Abrieb, starken St\u00f6\u00dfen und korrosiven Umgebungen in Industriemaschinen standhalten. Diese Teile werden h\u00e4ufig im Bergbau, in der Zementindustrie, in der Stahlindustrie, in der chemischen Verarbeitung, in der Energieerzeugung und in der F\u00f6rdertechnik eingesetzt, um die Lebensdauer von Komponenten mit hohem Verschlei\u00df zu verl\u00e4ngern.<\/p>","protected":false},"featured_media":1542,"comment_status":"open","ping_status":"closed","template":"","meta":{"site-sidebar-layout":"default","site-content-layout":"","ast-site-content-layout":"default","site-content-style":"default","site-sidebar-style":"default","ast-global-header-display":"","ast-banner-title-visibility":"","ast-main-header-display":"","ast-hfb-above-header-display":"","ast-hfb-below-header-display":"","ast-hfb-mobile-header-display":"","site-post-title":"","ast-breadcrumbs-content":"","ast-featured-img":"","footer-sml-layout":"","ast-disable-related-posts":"","theme-transparent-header-meta":"default","adv-header-id-meta":"","stick-header-meta":"default","header-above-stick-meta":"","header-main-stick-meta":"","header-below-stick-meta":"","astra-migrate-meta-layouts":"set","ast-page-background-enabled":"default","ast-page-background-meta":{"desktop":{"background-color":"","background-image":"","background-repeat":"repeat","background-position":"center center","background-size":"auto","background-attachment":"scroll","background-type":"","background-media":"","overlay-type":"","overlay-color":"","overlay-opacity":"","overlay-gradient":""},"tablet":{"background-color":"","background-image":"","background-repeat":"repeat","background-position":"center center","background-size":"auto","background-attachment":"scroll","background-type":"","background-media":"","overlay-type":"","overlay-color":"","overlay-opacity":"","overlay-gradient":""},"mobile":{"background-color":"","background-image":"","background-repeat":"repeat","background-position":"center center","background-size":"auto","background-attachment":"scroll","background-type":"","background-media":"","overlay-type":"","overlay-color":"","overlay-opacity":"","overlay-gradient":""}},"ast-content-background-meta":{"desktop":{"background-color":"var(--ast-global-color-5)","background-image":"","background-repeat":"repeat","background-position":"center center","background-size":"auto","background-attachment":"scroll","background-type":"","background-media":"","overlay-type":"","overlay-color":"","overlay-opacity":"","overlay-gradient":""},"tablet":{"background-color":"var(--ast-global-color-5)","background-image":"","background-repeat":"repeat","background-position":"center center","background-size":"auto","background-attachment":"scroll","background-type":"","background-media":"","overlay-type":"","overlay-color":"","overlay-opacity":"","overlay-gradient":""},"mobile":{"background-color":"var(--ast-global-color-5)","background-image":"","background-repeat":"repeat","background-position":"center center","background-size":"auto","background-attachment":"scroll","background-type":"","background-media":"","overlay-type":"","overlay-color":"","overlay-opacity":"","overlay-gradient":""}}},"product_brand":[],"product_cat":[24],"product_tag":[434,429,432,428,440,343,439,420,435,436,437,431,438,433,430],"class_list":{"0":"post-1480","1":"product","2":"type-product","3":"status-publish","4":"has-post-thumbnail","6":"product_cat-wear-parts-wear-components","7":"product_tag-abrasion-resistant-parts","8":"product_tag-alumina-lined-parts","9":"product_tag-boron-carbide-lined-parts","10":"product_tag-ceramic-lined-parts","11":"product_tag-china-ceramic-lined-manufacturer","12":"product_tag-crusher-liners","13":"product_tag-custom-ceramic-lined-parts","14":"product_tag-hopper-liners","15":"product_tag-industrial-liners","16":"product_tag-mill-liners","17":"product_tag-pipe-liners","18":"product_tag-sic-lined-parts","19":"product_tag-slurry-handling-parts","20":"product_tag-wear-resistant-components","21":"product_tag-zirconia-lined-parts","22":"desktop-align-left","23":"tablet-align-left","24":"mobile-align-left","26":"first","27":"instock","28":"shipping-taxable","29":"product-type-simple"},"_links":{"self":[{"href":"https:\/\/www.wonzh.com\/de\/wp-json\/wp\/v2\/product\/1480","targetHints":{"allow":["GET"]}}],"collection":[{"href":"https:\/\/www.wonzh.com\/de\/wp-json\/wp\/v2\/product"}],"about":[{"href":"https:\/\/www.wonzh.com\/de\/wp-json\/wp\/v2\/types\/product"}],"replies":[{"embeddable":true,"href":"https:\/\/www.wonzh.com\/de\/wp-json\/wp\/v2\/comments?post=1480"}],"wp:featuredmedia":[{"embeddable":true,"href":"https:\/\/www.wonzh.com\/de\/wp-json\/wp\/v2\/media\/1542"}],"wp:attachment":[{"href":"https:\/\/www.wonzh.com\/de\/wp-json\/wp\/v2\/media?parent=1480"}],"wp:term":[{"taxonomy":"product_brand","embeddable":true,"href":"https:\/\/www.wonzh.com\/de\/wp-json\/wp\/v2\/product_brand?post=1480"},{"taxonomy":"product_cat","embeddable":true,"href":"https:\/\/www.wonzh.com\/de\/wp-json\/wp\/v2\/product_cat?post=1480"},{"taxonomy":"product_tag","embeddable":true,"href":"https:\/\/www.wonzh.com\/de\/wp-json\/wp\/v2\/product_tag?post=1480"}],"curies":[{"name":"wp","href":"https:\/\/api.w.org\/{rel}","templated":true}]}}