{"id":1478,"date":"2026-02-03T15:15:13","date_gmt":"2026-02-03T15:15:13","guid":{"rendered":"https:\/\/www.wonzh.com\/?post_type=product&#038;p=1478"},"modified":"2026-02-05T15:10:51","modified_gmt":"2026-02-05T15:10:51","slug":"industrial-wear-plates-for-heavy-duty-machinery","status":"publish","type":"product","link":"https:\/\/www.wonzh.com\/de\/product\/industrial-wear-plates-for-heavy-duty-machinery\/","title":{"rendered":"Industrielle Verschlei\u00dfbleche f\u00fcr Schwerlastmaschinen"},"content":{"rendered":"<p data-start=\"555\" data-end=\"860\">Die von Wonzh gelieferten Verschlei\u00dfplatten sind so konstruiert, dass sie Abrieb-, Sto\u00df- und Korrosionsbest\u00e4ndigkeit in Industrieanlagen bieten. Sie werden h\u00e4ufig im Bergbau, in der Zement-, Stahl-, Bau-, F\u00f6rder- und Energieerzeugungsindustrie eingesetzt, um strukturelle Oberfl\u00e4chen zu sch\u00fctzen und die Wartungskosten zu senken.<\/p>\n<p data-start=\"862\" data-end=\"1155\">Unsere Verschlei\u00dfplatten werden aus hochfestem Kohlenstoffstahl, legiertem Stahl, rostfreiem Stahl und hochverchromtem verschlei\u00dffestem Stahl hergestellt. Hochentwickelte Verfahren wie CNC-Zuschnitt, W\u00e4rmebehandlung, Aufpanzerung und Oberfl\u00e4chenveredelung gew\u00e4hrleisten hohe Haltbarkeit, Pr\u00e4zision und lange Lebensdauer.<\/p>\n<p data-start=\"1157\" data-end=\"1440\">Wonzh bietet Standard- und kundenspezifische Verschlei\u00dfplatten auf der Grundlage Ihrer Spezifikationen, Zeichnungen oder Anlagenmodelle. Unser Ingenieurteam unterst\u00fctzt Sie bei der Materialauswahl, Dickenoptimierung, Oberfl\u00e4chenbehandlung und Toleranzkontrolle, um maximalen Schutz und minimale Ausfallzeiten zu gew\u00e4hrleisten.<\/p>\n<h2 data-start=\"1447\" data-end=\"1466\"><strong data-start=\"1450\" data-end=\"1466\">Wesentliche Merkmale<\/strong><\/h2>\n<ul data-start=\"1468\" data-end=\"1746\">\n<li data-start=\"1468\" data-end=\"1507\">\n<p data-start=\"1470\" data-end=\"1507\">Hohe Abrieb- und Sto\u00dffestigkeit<\/p>\n<\/li>\n<li data-start=\"1508\" data-end=\"1546\">\n<p data-start=\"1510\" data-end=\"1546\">Langlebig unter hoher Belastung<\/p>\n<\/li>\n<li data-start=\"1547\" data-end=\"1601\">\n<p data-start=\"1549\" data-end=\"1601\">Kundenspezifische Gr\u00f6\u00dfen, Dicken und Materialien verf\u00fcgbar<\/p>\n<\/li>\n<li data-start=\"1602\" data-end=\"1641\">\n<p data-start=\"1604\" data-end=\"1641\">Pr\u00e4zisionszuschnitt f\u00fcr einfache Installation<\/p>\n<\/li>\n<li data-start=\"1642\" data-end=\"1697\">\n<p data-start=\"1644\" data-end=\"1697\">Unterst\u00fctzung bei der Prototypen-, Kleinserien- und Massenproduktion<\/p>\n<\/li>\n<li data-start=\"1698\" data-end=\"1746\">\n<p data-start=\"1700\" data-end=\"1746\">Kompatibel mit verschiedenen industriellen Ger\u00e4ten<\/p>\n<\/li>\n<\/ul>\n<h2 data-start=\"1753\" data-end=\"1780\"><strong data-start=\"1756\" data-end=\"1780\">Typische Anwendungen<\/strong><\/h2>\n<ul data-start=\"1782\" data-end=\"1991\">\n<li data-start=\"1782\" data-end=\"1821\">\n<p data-start=\"1784\" data-end=\"1821\">Brecher, Trichter, Rutschen und Bunker<\/p>\n<\/li>\n<li data-start=\"1822\" data-end=\"1853\">\n<p data-start=\"1824\" data-end=\"1853\">F\u00f6rder- und Zuf\u00fchrungssysteme<\/p>\n<\/li>\n<li data-start=\"1854\" data-end=\"1885\">\n<p data-start=\"1856\" data-end=\"1885\">Ausr\u00fcstung f\u00fcr Bergbau und Steinbr\u00fcche<\/p>\n<\/li>\n<li data-start=\"1886\" data-end=\"1925\">\n<p data-start=\"1888\" data-end=\"1925\">Maschinen f\u00fcr die Zement- und Stahlindustrie<\/p>\n<\/li>\n<li data-start=\"1926\" data-end=\"1955\">\n<p data-start=\"1928\" data-end=\"1955\">Materialtransportsysteme<\/p>\n<\/li>\n<li data-start=\"1956\" data-end=\"1991\">\n<p data-start=\"1958\" data-end=\"1991\">Schwere Verarbeitungsger\u00e4te<\/p>\n<\/li>\n<\/ul>\n<h2 data-start=\"1998\" data-end=\"2031\"><strong data-start=\"2001\" data-end=\"2031\">Von uns gelieferte Verschlei\u00dfplattentypen<\/strong><\/h2>\n<div class=\"TyagGW_tableContainer\">\n<div class=\"group TyagGW_tableWrapper flex flex-col-reverse w-fit\" tabindex=\"-1\">\n<table class=\"w-fit min-w-(--thread-content-width)\" data-start=\"2033\" data-end=\"2567\">\n<thead data-start=\"2033\" data-end=\"2080\">\n<tr data-start=\"2033\" data-end=\"2080\">\n<th data-start=\"2033\" data-end=\"2051\" data-col-size=\"sm\">Schlei\u00dfplatte Typ<\/th>\n<th data-start=\"2051\" data-end=\"2065\" data-col-size=\"sm\">Beschreibung<\/th>\n<th data-start=\"2065\" data-end=\"2080\" data-col-size=\"sm\">Typische Verwendung<\/th>\n<\/tr>\n<\/thead>\n<tbody data-start=\"2095\" data-end=\"2567\">\n<tr data-start=\"2095\" data-end=\"2176\">\n<td data-start=\"2095\" data-end=\"2122\" data-col-size=\"sm\"><strong data-start=\"2097\" data-end=\"2121\">Standard-Verschlei\u00dfbleche<\/strong><\/td>\n<td data-start=\"2122\" data-end=\"2145\" data-col-size=\"sm\">Flache, haltbare Platten<\/td>\n<td data-start=\"2145\" data-end=\"2176\" data-col-size=\"sm\">Allgemeiner Abriebschutz<\/td>\n<\/tr>\n<tr data-start=\"2177\" data-end=\"2274\">\n<td data-start=\"2177\" data-end=\"2207\" data-col-size=\"sm\"><strong data-start=\"2179\" data-end=\"2206\">Hochchrom-Verschlei\u00dfbleche<\/strong><\/td>\n<td data-start=\"2207\" data-end=\"2246\" data-col-size=\"sm\">\u00c4u\u00dferst hart, hohe Verschlei\u00dffestigkeit<\/td>\n<td data-start=\"2246\" data-end=\"2274\" data-col-size=\"sm\">Brecher, M\u00fchlen, Trichter<\/td>\n<\/tr>\n<tr data-start=\"2275\" data-end=\"2370\">\n<td data-start=\"2275\" data-end=\"2303\" data-col-size=\"sm\"><strong data-start=\"2277\" data-end=\"2302\">Hartbeschichtete Verschlei\u00dfbleche<\/strong><\/td>\n<td data-start=\"2303\" data-end=\"2341\" data-col-size=\"sm\">Oberfl\u00e4chenschicht mit Legierung verst\u00e4rkt<\/td>\n<td data-start=\"2341\" data-end=\"2370\" data-col-size=\"sm\">Sto\u00dfintensive Umgebungen<\/td>\n<\/tr>\n<tr data-start=\"2371\" data-end=\"2470\">\n<td data-start=\"2371\" data-end=\"2405\" data-col-size=\"sm\"><strong data-start=\"2373\" data-end=\"2404\">Edelstahl-Verschlei\u00dfbleche<\/strong><\/td>\n<td data-start=\"2405\" data-end=\"2427\" data-col-size=\"sm\">Korrosionsbest\u00e4ndig<\/td>\n<td data-start=\"2427\" data-end=\"2470\" data-col-size=\"sm\">Chemie-, Meeres- und Lebensmittelanwendungen<\/td>\n<\/tr>\n<tr data-start=\"2471\" data-end=\"2567\">\n<td data-start=\"2471\" data-end=\"2496\" data-col-size=\"sm\"><strong data-start=\"2473\" data-end=\"2495\">Kundenspezifische Verschlei\u00dfbleche<\/strong><\/td>\n<td data-start=\"2496\" data-end=\"2534\" data-col-size=\"sm\">Konstruiert nach Zeichnung\/Spezifikation<\/td>\n<td data-start=\"2534\" data-end=\"2567\" data-col-size=\"sm\">OEM und Spezialger\u00e4te<\/td>\n<\/tr>\n<\/tbody>\n<\/table>\n<\/div>\n<\/div>\n<h2 data-start=\"2574\" data-end=\"2626\"><strong data-start=\"2577\" data-end=\"2624\">Technische Parameter (repr\u00e4sentativer Bereich)<\/strong><\/h2>\n<div class=\"TyagGW_tableContainer\">\n<div class=\"group TyagGW_tableWrapper flex flex-col-reverse w-fit\" tabindex=\"-1\">\n<table class=\"w-fit min-w-(--thread-content-width)\" data-start=\"2628\" data-end=\"3097\">\n<thead data-start=\"2628\" data-end=\"2665\">\n<tr data-start=\"2628\" data-end=\"2665\">\n<th data-start=\"2628\" data-end=\"2640\" data-col-size=\"sm\">Parameter<\/th>\n<th data-start=\"2640\" data-end=\"2665\" data-col-size=\"md\">Spezifikation \/ Reichweite<\/th>\n<\/tr>\n<\/thead>\n<tbody data-start=\"2676\" data-end=\"3097\">\n<tr data-start=\"2676\" data-end=\"2775\">\n<td data-start=\"2676\" data-end=\"2695\" data-col-size=\"sm\">Material-Optionen<\/td>\n<td data-start=\"2695\" data-end=\"2775\" data-col-size=\"md\">Kohlenstoffstahl, legierter Stahl, rostfreier Stahl, hochverchromter verschlei\u00dffester Stahl<\/td>\n<\/tr>\n<tr data-start=\"2776\" data-end=\"2820\">\n<td data-start=\"2776\" data-end=\"2788\" data-col-size=\"sm\">Dicke<\/td>\n<td data-start=\"2788\" data-end=\"2820\" data-col-size=\"md\">5 mm - 100 mm (anpassbar)<\/td>\n<\/tr>\n<tr data-start=\"2821\" data-end=\"2876\">\n<td data-start=\"2821\" data-end=\"2834\" data-col-size=\"sm\">Tellergr\u00f6\u00dfe<\/td>\n<td data-start=\"2834\" data-end=\"2876\" data-col-size=\"md\">Bis zu 2000 mm \u00d7 1000 mm (anpassbar)<\/td>\n<\/tr>\n<tr data-start=\"2877\" data-end=\"2927\">\n<td data-start=\"2877\" data-end=\"2888\" data-col-size=\"sm\">H\u00e4rte<\/td>\n<td data-start=\"2888\" data-end=\"2927\" data-col-size=\"md\">HRC 40 - 65 (abh\u00e4ngig von der Anwendung)<\/td>\n<\/tr>\n<tr data-start=\"2928\" data-end=\"2996\">\n<td data-start=\"2928\" data-end=\"2948\" data-col-size=\"sm\">Oberfl\u00e4chenbehandlung<\/td>\n<td data-start=\"2948\" data-end=\"2996\" data-col-size=\"md\">Panzerung, Beschichtung, W\u00e4rmebehandlung, Beschichtung<\/td>\n<\/tr>\n<tr data-start=\"2997\" data-end=\"3058\">\n<td data-start=\"2997\" data-end=\"3015\" data-col-size=\"sm\">Produktion Typ<\/td>\n<td data-start=\"3015\" data-end=\"3058\" data-col-size=\"md\">Prototyp, Kleinserie, Massenproduktion<\/td>\n<\/tr>\n<tr data-start=\"3059\" data-end=\"3097\">\n<td data-start=\"3059\" data-end=\"3081\" data-col-size=\"sm\">Unterst\u00fctzte Standards<\/td>\n<td data-start=\"3081\" data-end=\"3097\" data-col-size=\"md\">ISO, DIN, GB<\/td>\n<\/tr>\n<\/tbody>\n<\/table>\n<\/div>\n<\/div>\n<h2 data-start=\"3104\" data-end=\"3137\"><strong data-start=\"3107\" data-end=\"3137\">Leitfaden f\u00fcr Material und Behandlung<\/strong><\/h2>\n<div class=\"TyagGW_tableContainer\">\n<div class=\"group TyagGW_tableWrapper flex flex-col-reverse w-fit\" tabindex=\"-1\">\n<table class=\"w-fit min-w-(--thread-content-width)\" data-start=\"3139\" data-end=\"3563\">\n<thead data-start=\"3139\" data-end=\"3178\">\n<tr data-start=\"3139\" data-end=\"3178\">\n<th data-start=\"3139\" data-end=\"3150\" data-col-size=\"sm\">Material<\/th>\n<th data-start=\"3150\" data-end=\"3163\" data-col-size=\"sm\">Vorteile<\/th>\n<th data-start=\"3163\" data-end=\"3178\" data-col-size=\"sm\">Typische Verwendung<\/th>\n<\/tr>\n<\/thead>\n<tbody data-start=\"3193\" data-end=\"3563\">\n<tr data-start=\"3193\" data-end=\"3292\">\n<td data-start=\"3193\" data-end=\"3212\" data-col-size=\"sm\"><strong data-start=\"3195\" data-end=\"3211\">Kohlenstoffstahl<\/strong><\/td>\n<td data-start=\"3212\" data-end=\"3255\" data-col-size=\"sm\">Kosteng\u00fcnstig, m\u00e4\u00dfige Verschlei\u00dffestigkeit<\/td>\n<td data-start=\"3255\" data-end=\"3292\" data-col-size=\"sm\">Allgemeiner Verschlei\u00dfschutz f\u00fcr Maschinen<\/td>\n<\/tr>\n<tr data-start=\"3293\" data-end=\"3385\">\n<td data-start=\"3293\" data-end=\"3311\" data-col-size=\"sm\"><strong data-start=\"3295\" data-end=\"3310\">Legierter Stahl<\/strong><\/td>\n<td data-start=\"3311\" data-end=\"3350\" data-col-size=\"sm\">Hohe Z\u00e4higkeit und Schlagz\u00e4higkeit<\/td>\n<td data-start=\"3350\" data-end=\"3385\" data-col-size=\"sm\">Schwere Brecher und Aufgeber<\/td>\n<\/tr>\n<tr data-start=\"3386\" data-end=\"3482\">\n<td data-start=\"3386\" data-end=\"3410\" data-col-size=\"sm\"><strong data-start=\"3388\" data-end=\"3409\">Hochverchromter Stahl<\/strong><\/td>\n<td data-start=\"3410\" data-end=\"3453\" data-col-size=\"sm\">Maximale H\u00e4rte und Abriebfestigkeit<\/td>\n<td data-start=\"3453\" data-end=\"3482\" data-col-size=\"sm\">M\u00fchlen, Bunker, F\u00f6rderanlagen<\/td>\n<\/tr>\n<tr data-start=\"3483\" data-end=\"3563\">\n<td data-start=\"3483\" data-end=\"3505\" data-col-size=\"sm\"><strong data-start=\"3485\" data-end=\"3504\">Rostfreier Stahl<\/strong><\/td>\n<td data-start=\"3505\" data-end=\"3527\" data-col-size=\"sm\">Korrosionsbest\u00e4ndig<\/td>\n<td data-start=\"3527\" data-end=\"3563\" data-col-size=\"sm\">Chemie-, Marine- und Lebensmittelausr\u00fcstung<\/td>\n<\/tr>\n<\/tbody>\n<\/table>\n<\/div>\n<\/div>\n<div class=\"TyagGW_tableContainer\">\n<div class=\"group TyagGW_tableWrapper flex flex-col-reverse w-fit\" tabindex=\"-1\">\n<table class=\"w-fit min-w-(--thread-content-width)\" data-start=\"3565\" data-end=\"3846\">\n<thead data-start=\"3565\" data-end=\"3610\">\n<tr data-start=\"3565\" data-end=\"3610\">\n<th data-start=\"3565\" data-end=\"3585\" data-col-size=\"sm\">Oberfl\u00e4chenbehandlung<\/th>\n<th data-start=\"3585\" data-end=\"3595\" data-col-size=\"sm\">Zweck<\/th>\n<th data-start=\"3595\" data-end=\"3610\" data-col-size=\"sm\">Typische Verwendung<\/th>\n<\/tr>\n<\/thead>\n<tbody data-start=\"3625\" data-end=\"3846\">\n<tr data-start=\"3625\" data-end=\"3692\">\n<td data-start=\"3625\" data-end=\"3638\" data-col-size=\"sm\">Aufpanzerung<\/td>\n<td data-start=\"3638\" data-end=\"3666\" data-col-size=\"sm\">Hinzuf\u00fcgen einer verschlei\u00dffesten Schicht<\/td>\n<td data-start=\"3666\" data-end=\"3692\" data-col-size=\"sm\">Sto\u00dfbelastete Maschinen<\/td>\n<\/tr>\n<tr data-start=\"3693\" data-end=\"3771\">\n<td data-start=\"3693\" data-end=\"3710\" data-col-size=\"sm\">W\u00e4rmebehandlung<\/td>\n<td data-start=\"3710\" data-end=\"3744\" data-col-size=\"sm\">Verbessert H\u00e4rte und Z\u00e4higkeit<\/td>\n<td data-start=\"3744\" data-end=\"3771\" data-col-size=\"sm\">Anwendungen mit hoher Belastung<\/td>\n<\/tr>\n<tr data-start=\"3772\" data-end=\"3846\">\n<td data-start=\"3772\" data-end=\"3792\" data-col-size=\"sm\">Beschichtung \/ Galvanik<\/td>\n<td data-start=\"3792\" data-end=\"3824\" data-col-size=\"sm\">Korrosions- und Verschlei\u00dfschutz<\/td>\n<td data-start=\"3824\" data-end=\"3846\" data-col-size=\"sm\">Raue Umgebungen<\/td>\n<\/tr>\n<\/tbody>\n<\/table>\n<\/div>\n<\/div>\n<h2 data-start=\"3853\" data-end=\"3876\"><strong data-start=\"3856\" data-end=\"3876\">Warum Wonzh w\u00e4hlen<\/strong><\/h2>\n<ul data-start=\"3878\" data-end=\"4170\">\n<li data-start=\"3878\" data-end=\"3940\">\n<p data-start=\"3880\" data-end=\"3940\">Hochwertige, langlebige Verschlei\u00dfplatten f\u00fcr Industriemaschinen<\/p>\n<\/li>\n<li data-start=\"3941\" data-end=\"3995\">\n<p data-start=\"3943\" data-end=\"3995\">Gro\u00dfe Auswahl an Materialien und Oberfl\u00e4chenbehandlungen<\/p>\n<\/li>\n<li data-start=\"3996\" data-end=\"4062\">\n<p data-start=\"3998\" data-end=\"4062\">Kundenspezifische technische Unterst\u00fctzung f\u00fcr OEM- und Industrieanwendungen<\/p>\n<\/li>\n<li data-start=\"4063\" data-end=\"4105\">\n<p data-start=\"4065\" data-end=\"4105\">Geringere Ausfallzeiten und Wartungskosten<\/p>\n<\/li>\n<li data-start=\"4106\" data-end=\"4170\">\n<p data-start=\"4108\" data-end=\"4170\">Vom Prototyp zur Massenproduktion mit schneller und zuverl\u00e4ssiger Lieferung<\/p>\n<\/li>\n<\/ul>\n<h2 data-start=\"4177\" data-end=\"4218\"><strong data-start=\"4180\" data-end=\"4216\">H\u00e4ufig gestellte Fragen (FAQ)<\/strong><\/h2>\n<h3 data-start=\"4220\" data-end=\"4264\"><strong data-start=\"4224\" data-end=\"4262\">F1: Wof\u00fcr werden Verschlei\u00dfplatten verwendet?<\/strong><\/h3>\n<p data-start=\"4265\" data-end=\"4377\">Verschlei\u00dfplatten sch\u00fctzen Maschinenoberfl\u00e4chen vor Abrieb, St\u00f6\u00dfen und Korrosion und verl\u00e4ngern so die Lebensdauer der Ger\u00e4te.<\/p>\n<h3 data-start=\"4379\" data-end=\"4432\"><strong data-start=\"4383\" data-end=\"4430\">F2: Kann ich kundenspezifische Gr\u00f6\u00dfen und Dicken erhalten?<\/strong><\/h3>\n<p data-start=\"4433\" data-end=\"4522\">Ja. Verschlei\u00dfplatten k\u00f6nnen auf der Grundlage von Zeichnungen oder Anlagenspezifikationen vollst\u00e4ndig angepasst werden.<\/p>\n<h3 data-start=\"4524\" data-end=\"4568\"><strong data-start=\"4528\" data-end=\"4566\">F3: Welche Materialien sind verf\u00fcgbar?<\/strong><\/h3>\n<p data-start=\"4569\" data-end=\"4694\">Die Materialien umfassen <strong data-start=\"4587\" data-end=\"4661\">Kohlenstoffstahl, legierter Stahl, hochchromhaltiger Verschlei\u00dfstahl und rostfreier Stahl<\/strong>, je nach Anwendung.<\/p>\n<h3 data-start=\"4696\" data-end=\"4743\"><strong data-start=\"4700\" data-end=\"4741\">F4: Gibt es Oberfl\u00e4chenbehandlungen?<\/strong><\/h3>\n<p data-start=\"4744\" data-end=\"4843\">Ja. Die Optionen umfassen <strong data-start=\"4765\" data-end=\"4817\">Panzerung, W\u00e4rmebehandlung, Beschichtung und \u00dcberzug<\/strong> um die Haltbarkeit zu erh\u00f6hen.<\/p>\n<h3 data-start=\"4845\" data-end=\"4900\"><strong data-start=\"4849\" data-end=\"4898\">F5: In welchen Branchen werden Verschlei\u00dfplatten \u00fcblicherweise verwendet?<\/strong><\/h3>\n<p data-start=\"4901\" data-end=\"5001\">Bergbau, Zement, Stahl, Bauwesen, Materialumschlag und chemische Industrie sind typische Anwender.<\/p>","protected":false},"excerpt":{"rendered":"<p>Die von Wonzh gelieferten Verschlei\u00dfplatten sind so konstruiert, dass sie Abrieb-, Sto\u00df- und Korrosionsbest\u00e4ndigkeit in Industrieanlagen bieten. Sie werden h\u00e4ufig im Bergbau, in der Zement-, Stahl-, Bau-, F\u00f6rder- und Energieerzeugungsindustrie eingesetzt, um strukturelle Oberfl\u00e4chen zu sch\u00fctzen und die Wartungskosten zu senken.<\/p>","protected":false},"featured_media":1539,"comment_status":"open","ping_status":"closed","template":"","meta":{"site-sidebar-layout":"default","site-content-layout":"","ast-site-content-layout":"default","site-content-style":"default","site-sidebar-style":"default","ast-global-header-display":"","ast-banner-title-visibility":"","ast-main-header-display":"","ast-hfb-above-header-display":"","ast-hfb-below-header-display":"","ast-hfb-mobile-header-display":"","site-post-title":"","ast-breadcrumbs-content":"","ast-featured-img":"","footer-sml-layout":"","ast-disable-related-posts":"","theme-transparent-header-meta":"default","adv-header-id-meta":"","stick-header-meta":"default","header-above-stick-meta":"","header-main-stick-meta":"","header-below-stick-meta":"","astra-migrate-meta-layouts":"set","ast-page-background-enabled":"default","ast-page-background-meta":{"desktop":{"background-color":"","background-image":"","background-repeat":"repeat","background-position":"center center","background-size":"auto","background-attachment":"scroll","background-type":"","background-media":"","overlay-type":"","overlay-color":"","overlay-opacity":"","overlay-gradient":""},"tablet":{"background-color":"","background-image":"","background-repeat":"repeat","background-position":"center center","background-size":"auto","background-attachment":"scroll","background-type":"","background-media":"","overlay-type":"","overlay-color":"","overlay-opacity":"","overlay-gradient":""},"mobile":{"background-color":"","background-image":"","background-repeat":"repeat","background-position":"center center","background-size":"auto","background-attachment":"scroll","background-type":"","background-media":"","overlay-type":"","overlay-color":"","overlay-opacity":"","overlay-gradient":""}},"ast-content-background-meta":{"desktop":{"background-color":"var(--ast-global-color-5)","background-image":"","background-repeat":"repeat","background-position":"center center","background-size":"auto","background-attachment":"scroll","background-type":"","background-media":"","overlay-type":"","overlay-color":"","overlay-opacity":"","overlay-gradient":""},"tablet":{"background-color":"var(--ast-global-color-5)","background-image":"","background-repeat":"repeat","background-position":"center center","background-size":"auto","background-attachment":"scroll","background-type":"","background-media":"","overlay-type":"","overlay-color":"","overlay-opacity":"","overlay-gradient":""},"mobile":{"background-color":"var(--ast-global-color-5)","background-image":"","background-repeat":"repeat","background-position":"center center","background-size":"auto","background-attachment":"scroll","background-type":"","background-media":"","overlay-type":"","overlay-color":"","overlay-opacity":"","overlay-gradient":""}}},"product_brand":[],"product_cat":[24],"product_tag":[423,427,426,421,343,425,417,424,416,420,419,422,353,418,342],"class_list":{"0":"post-1478","1":"product","2":"type-product","3":"status-publish","4":"has-post-thumbnail","6":"product_cat-wear-parts-wear-components","7":"product_tag-cement-equipment-wear-parts","8":"product_tag-china-wear-plate-manufacturer","9":"product_tag-cnc-cut-wear-plates","10":"product_tag-conveyor-wear-plates","11":"product_tag-crusher-liners","12":"product_tag-custom-wear-plates","13":"product_tag-hardfaced-plates","14":"product_tag-heavy-duty-machinery-protection","15":"product_tag-high-chrome-wear-plates","16":"product_tag-hopper-liners","17":"product_tag-industrial-wear-components","18":"product_tag-mining-wear-plates","19":"product_tag-oem-wear-components","20":"product_tag-stainless-steel-wear-plates","21":"product_tag-wear-plates","22":"desktop-align-left","23":"tablet-align-left","24":"mobile-align-left","26":"first","27":"instock","28":"shipping-taxable","29":"product-type-simple"},"_links":{"self":[{"href":"https:\/\/www.wonzh.com\/de\/wp-json\/wp\/v2\/product\/1478","targetHints":{"allow":["GET"]}}],"collection":[{"href":"https:\/\/www.wonzh.com\/de\/wp-json\/wp\/v2\/product"}],"about":[{"href":"https:\/\/www.wonzh.com\/de\/wp-json\/wp\/v2\/types\/product"}],"replies":[{"embeddable":true,"href":"https:\/\/www.wonzh.com\/de\/wp-json\/wp\/v2\/comments?post=1478"}],"wp:featuredmedia":[{"embeddable":true,"href":"https:\/\/www.wonzh.com\/de\/wp-json\/wp\/v2\/media\/1539"}],"wp:attachment":[{"href":"https:\/\/www.wonzh.com\/de\/wp-json\/wp\/v2\/media?parent=1478"}],"wp:term":[{"taxonomy":"product_brand","embeddable":true,"href":"https:\/\/www.wonzh.com\/de\/wp-json\/wp\/v2\/product_brand?post=1478"},{"taxonomy":"product_cat","embeddable":true,"href":"https:\/\/www.wonzh.com\/de\/wp-json\/wp\/v2\/product_cat?post=1478"},{"taxonomy":"product_tag","embeddable":true,"href":"https:\/\/www.wonzh.com\/de\/wp-json\/wp\/v2\/product_tag?post=1478"}],"curies":[{"name":"wp","href":"https:\/\/api.w.org\/{rel}","templated":true}]}}