{"id":1476,"date":"2026-02-03T15:06:59","date_gmt":"2026-02-03T15:06:59","guid":{"rendered":"https:\/\/www.wonzh.com\/?post_type=product&#038;p=1476"},"modified":"2026-02-05T15:03:37","modified_gmt":"2026-02-05T15:03:37","slug":"sprockets-chain-components-for-industrial-power-transmission","status":"publish","type":"product","link":"https:\/\/www.wonzh.com\/de\/product\/sprockets-chain-components-for-industrial-power-transmission\/","title":{"rendered":"Kettenr\u00e4der und Kettenkomponenten f\u00fcr die industrielle Kraft\u00fcbertragung"},"content":{"rendered":"<p data-start=\"615\" data-end=\"909\">Bei den von Wonzh gelieferten Kettenr\u00e4dern und Kettenkomponenten handelt es sich um pr\u00e4zisionsgefertigte Teile, die f\u00fcr die \u00dcbertragung von mechanischer Leistung in kettengetriebenen Systemen konzipiert sind. Sie sind weit verbreitet in F\u00f6rderanlagen, Landmaschinen, Baumaschinen, Industrieautomation und Materialtransportsystemen.<\/p>\n<p data-start=\"911\" data-end=\"1262\">Unsere Kettenr\u00e4der werden aus Kohlenstoffstahl, legiertem Stahl, rostfreiem Stahl oder technischen Kunststoffen hergestellt und mit hoher Pr\u00e4zision und strengen Zahnprofiltoleranzen bearbeitet. Die Ketten werden aus hochfestem legiertem Stahl hergestellt und einer W\u00e4rmebehandlung und Oberfl\u00e4chenbehandlung unterzogen, um Verschlei\u00dffestigkeit, Erm\u00fcdungsfestigkeit und eine lange Lebensdauer zu gew\u00e4hrleisten.<\/p>\n<p data-start=\"1264\" data-end=\"1667\">Wonzh bietet ein umfassendes Sortiment an Rollenketten, ger\u00e4uscharmen Ketten, F\u00f6rderketten, Standardkettenr\u00e4dern, kundenspezifischen Kettenr\u00e4dern und Kettenbaugruppen. Wir bieten auch kundenspezifische Gr\u00f6\u00dfen, Zahnzahlen, Materialien und Beschichtungen an, um anwendungsspezifische Anforderungen zu erf\u00fcllen. Unser Ingenieurteam unterst\u00fctzt Sie bei der Auswahl von Kettentypen, Kettenradmaterialien und Kompatibilit\u00e4t, um einen reibungslosen und zuverl\u00e4ssigen Betrieb zu gew\u00e4hrleisten.<\/p>\n<h2 data-start=\"1674\" data-end=\"1693\"><strong data-start=\"1677\" data-end=\"1693\">Wesentliche Merkmale<\/strong><\/h2>\n<ul data-start=\"1695\" data-end=\"2057\">\n<li data-start=\"1695\" data-end=\"1764\">\n<p data-start=\"1697\" data-end=\"1764\">Hochpr\u00e4zises Zahnprofil des Ritzels f\u00fcr reibungslosen Ketteneingriff<\/p>\n<\/li>\n<li data-start=\"1765\" data-end=\"1832\">\n<p data-start=\"1767\" data-end=\"1832\">Ketten, die f\u00fcr hohe Zugfestigkeit und Verschlei\u00dffestigkeit entwickelt wurden<\/p>\n<\/li>\n<li data-start=\"1833\" data-end=\"1889\">\n<p data-start=\"1835\" data-end=\"1889\">Unterst\u00fctzt mehrere Arten von kettengesteuerten Anwendungen<\/p>\n<\/li>\n<li data-start=\"1890\" data-end=\"1945\">\n<p data-start=\"1892\" data-end=\"1945\">Kundenspezifische Gr\u00f6\u00dfen, Zahnzahlen und Materialien verf\u00fcgbar<\/p>\n<\/li>\n<li data-start=\"1946\" data-end=\"1996\">\n<p data-start=\"1948\" data-end=\"1996\">Langlebig bei hoher Belastung und in rauen Umgebungen<\/p>\n<\/li>\n<li data-start=\"1997\" data-end=\"2057\">\n<p data-start=\"1999\" data-end=\"2057\">Geeignet f\u00fcr Prototypen, Kleinserien und Massenproduktion<\/p>\n<\/li>\n<\/ul>\n<h2 data-start=\"2064\" data-end=\"2091\"><strong data-start=\"2067\" data-end=\"2091\">Typische Anwendungen<\/strong><\/h2>\n<ul data-start=\"2093\" data-end=\"2348\">\n<li data-start=\"2093\" data-end=\"2139\">\n<p data-start=\"2095\" data-end=\"2139\">Industrielle F\u00f6rderanlagen und Materialtransport<\/p>\n<\/li>\n<li data-start=\"2140\" data-end=\"2178\">\n<p data-start=\"2142\" data-end=\"2178\">Landmaschinen und landwirtschaftliche Maschinen<\/p>\n<\/li>\n<li data-start=\"2179\" data-end=\"2216\">\n<p data-start=\"2181\" data-end=\"2216\">Bau- und Bergbaumaschinen<\/p>\n<\/li>\n<li data-start=\"2217\" data-end=\"2273\">\n<p data-start=\"2219\" data-end=\"2273\">Verpackungs-, Lebensmittelverarbeitungs- und Automatisierungsmaschinen<\/p>\n<\/li>\n<li data-start=\"2274\" data-end=\"2307\">\n<p data-start=\"2276\" data-end=\"2307\">Kraft\u00fcbertragung f\u00fcr Kraftfahrzeuge<\/p>\n<\/li>\n<li data-start=\"2308\" data-end=\"2348\">\n<p data-start=\"2310\" data-end=\"2348\">Antriebe f\u00fcr schwere Maschinen und Ger\u00e4te<\/p>\n<\/li>\n<\/ul>\n<h2 data-start=\"2355\" data-end=\"2394\"><strong data-start=\"2358\" data-end=\"2394\">Von uns gelieferte Kettenr\u00e4der und Kettentypen<\/strong><\/h2>\n<div class=\"TyagGW_tableContainer\">\n<div class=\"group TyagGW_tableWrapper flex flex-col-reverse w-fit\" tabindex=\"-1\">\n<table class=\"w-fit min-w-(--thread-content-width)\" data-start=\"2396\" data-end=\"3034\">\n<thead data-start=\"2396\" data-end=\"2442\">\n<tr data-start=\"2396\" data-end=\"2442\">\n<th data-start=\"2396\" data-end=\"2413\" data-col-size=\"sm\">Bauteil-Typ<\/th>\n<th data-start=\"2413\" data-end=\"2427\" data-col-size=\"md\">Beschreibung<\/th>\n<th data-start=\"2427\" data-end=\"2442\" data-col-size=\"sm\">Typische Verwendung<\/th>\n<\/tr>\n<\/thead>\n<tbody data-start=\"2457\" data-end=\"3034\">\n<tr data-start=\"2457\" data-end=\"2548\">\n<td data-start=\"2457\" data-end=\"2476\" data-col-size=\"sm\"><strong data-start=\"2459\" data-end=\"2475\">Rollenkette<\/strong><\/td>\n<td data-start=\"2476\" data-end=\"2516\" data-col-size=\"md\">Standardkette f\u00fcr die Kraft\u00fcbertragung<\/td>\n<td data-start=\"2516\" data-end=\"2548\" data-col-size=\"sm\">F\u00f6rderanlagen, industrielle Antriebe<\/td>\n<\/tr>\n<tr data-start=\"2549\" data-end=\"2650\">\n<td data-start=\"2549\" data-end=\"2577\" data-col-size=\"sm\"><strong data-start=\"2551\" data-end=\"2576\">Ger\u00e4uschlos \/ Steuerkette<\/strong><\/td>\n<td data-start=\"2577\" data-end=\"2612\" data-col-size=\"md\">Reibungsloser Betrieb, pr\u00e4zises Timing<\/td>\n<td data-start=\"2612\" data-end=\"2650\" data-col-size=\"sm\">Automobilindustrie, CNC-Maschinen, Robotik<\/td>\n<\/tr>\n<tr data-start=\"2651\" data-end=\"2743\">\n<td data-start=\"2651\" data-end=\"2672\" data-col-size=\"sm\"><strong data-start=\"2653\" data-end=\"2671\">F\u00f6rderkette<\/strong><\/td>\n<td data-start=\"2672\" data-end=\"2702\" data-col-size=\"md\">Hochbelastbare oder modulare Kette<\/td>\n<td data-start=\"2702\" data-end=\"2743\" data-col-size=\"sm\">Materialtransport- und Verpackungslinien<\/td>\n<\/tr>\n<tr data-start=\"2744\" data-end=\"2846\">\n<td data-start=\"2744\" data-end=\"2768\" data-col-size=\"sm\"><strong data-start=\"2746\" data-end=\"2767\">Standard-Ritzel<\/strong><\/td>\n<td data-start=\"2768\" data-end=\"2812\" data-col-size=\"md\">Kreisf\u00f6rmiges Zahnrad mit Z\u00e4hnen f\u00fcr den Eingriff in Ketten<\/td>\n<td data-start=\"2812\" data-end=\"2846\" data-col-size=\"sm\">Rollenkettenantriebe, F\u00f6rderer<\/td>\n<\/tr>\n<tr data-start=\"2847\" data-end=\"2946\">\n<td data-start=\"2847\" data-end=\"2869\" data-col-size=\"sm\"><strong data-start=\"2849\" data-end=\"2868\">Benutzerdefiniertes Ritzel<\/strong><\/td>\n<td data-start=\"2869\" data-end=\"2910\" data-col-size=\"md\">Entwickelt nach Zeichnung \/ Spezifikationen<\/td>\n<td data-start=\"2910\" data-end=\"2946\" data-col-size=\"sm\">OEM- und Spezialanwendungen<\/td>\n<\/tr>\n<tr data-start=\"2947\" data-end=\"3034\">\n<td data-start=\"2947\" data-end=\"2971\" data-col-size=\"sm\"><strong data-start=\"2949\" data-end=\"2970\">Zubeh\u00f6r f\u00fcr Ketten<\/strong><\/td>\n<td data-start=\"2971\" data-end=\"3000\" data-col-size=\"md\">Verbinder, Stifte, Buchsen<\/td>\n<td data-start=\"3000\" data-end=\"3034\" data-col-size=\"sm\">Montage und Wartung der Kette<\/td>\n<\/tr>\n<\/tbody>\n<\/table>\n<\/div>\n<\/div>\n<h2 data-start=\"3041\" data-end=\"3093\"><strong data-start=\"3044\" data-end=\"3091\">Technische Parameter (repr\u00e4sentativer Bereich)<\/strong><\/h2>\n<div class=\"TyagGW_tableContainer\">\n<div class=\"group TyagGW_tableWrapper flex flex-col-reverse w-fit\" tabindex=\"-1\">\n<table class=\"w-fit min-w-(--thread-content-width)\" data-start=\"3095\" data-end=\"3617\">\n<thead data-start=\"3095\" data-end=\"3132\">\n<tr data-start=\"3095\" data-end=\"3132\">\n<th data-start=\"3095\" data-end=\"3107\" data-col-size=\"sm\">Parameter<\/th>\n<th data-start=\"3107\" data-end=\"3132\" data-col-size=\"md\">Spezifikation \/ Reichweite<\/th>\n<\/tr>\n<\/thead>\n<tbody data-start=\"3143\" data-end=\"3617\">\n<tr data-start=\"3143\" data-end=\"3230\">\n<td data-start=\"3143\" data-end=\"3162\" data-col-size=\"sm\">Material-Optionen<\/td>\n<td data-start=\"3162\" data-end=\"3230\" data-col-size=\"md\">Kohlenstoffstahl, legierter Stahl, rostfreier Stahl, technische Kunststoffe<\/td>\n<\/tr>\n<tr data-start=\"3231\" data-end=\"3282\">\n<td data-start=\"3231\" data-end=\"3245\" data-col-size=\"sm\">Kette Teilung<\/td>\n<td data-start=\"3245\" data-end=\"3282\" data-col-size=\"md\">6 mm - 100 mm (Standard und kundenspezifisch)<\/td>\n<\/tr>\n<tr data-start=\"3283\" data-end=\"3331\">\n<td data-start=\"3283\" data-end=\"3299\" data-col-size=\"sm\">Ritzel Bohrung<\/td>\n<td data-start=\"3299\" data-end=\"3331\" data-col-size=\"md\">5 mm - 150 mm (anpassbar)<\/td>\n<\/tr>\n<tr data-start=\"3332\" data-end=\"3377\">\n<td data-start=\"3332\" data-end=\"3350\" data-col-size=\"sm\">Anzahl von Z\u00e4hnen<\/td>\n<td data-start=\"3350\" data-end=\"3377\" data-col-size=\"md\">10 - 200 (anpassbar)<\/td>\n<\/tr>\n<tr data-start=\"3378\" data-end=\"3442\">\n<td data-start=\"3378\" data-end=\"3394\" data-col-size=\"sm\">Tragf\u00e4higkeit<\/td>\n<td data-start=\"3394\" data-end=\"3442\" data-col-size=\"md\">Leicht- bis Schwerlastketten (je nach Typ)<\/td>\n<\/tr>\n<tr data-start=\"3443\" data-end=\"3510\">\n<td data-start=\"3443\" data-end=\"3463\" data-col-size=\"sm\">Oberfl\u00e4chenbehandlung<\/td>\n<td data-start=\"3463\" data-end=\"3510\" data-col-size=\"md\">H\u00e4rten, Plattieren, Beschichten, W\u00e4rmebehandlung<\/td>\n<\/tr>\n<tr data-start=\"3511\" data-end=\"3572\">\n<td data-start=\"3511\" data-end=\"3529\" data-col-size=\"sm\">Produktion Typ<\/td>\n<td data-start=\"3529\" data-end=\"3572\" data-col-size=\"md\">Prototyp, Kleinserie, Massenproduktion<\/td>\n<\/tr>\n<tr data-start=\"3573\" data-end=\"3617\">\n<td data-start=\"3573\" data-end=\"3595\" data-col-size=\"sm\">Unterst\u00fctzte Standards<\/td>\n<td data-start=\"3595\" data-end=\"3617\" data-col-size=\"md\">ISO, DIN, ANSI, GB<\/td>\n<\/tr>\n<\/tbody>\n<\/table>\n<\/div>\n<\/div>\n<h2 data-start=\"3624\" data-end=\"3657\"><strong data-start=\"3627\" data-end=\"3657\">Material &amp; Auswahlhilfe<\/strong><\/h2>\n<div class=\"TyagGW_tableContainer\">\n<div class=\"group TyagGW_tableWrapper flex flex-col-reverse w-fit\" tabindex=\"-1\">\n<table class=\"w-fit min-w-(--thread-content-width)\" data-start=\"3659\" data-end=\"4079\">\n<thead data-start=\"3659\" data-end=\"3702\">\n<tr data-start=\"3659\" data-end=\"3702\">\n<th data-start=\"3659\" data-end=\"3670\" data-col-size=\"sm\">Material<\/th>\n<th data-start=\"3670\" data-end=\"3683\" data-col-size=\"sm\">Vorteile<\/th>\n<th data-start=\"3683\" data-end=\"3702\" data-col-size=\"sm\">Empfohlen f\u00fcr<\/th>\n<\/tr>\n<\/thead>\n<tbody data-start=\"3717\" data-end=\"4079\">\n<tr data-start=\"3717\" data-end=\"3805\">\n<td data-start=\"3717\" data-end=\"3736\" data-col-size=\"sm\"><strong data-start=\"3719\" data-end=\"3735\">Kohlenstoffstahl<\/strong><\/td>\n<td data-start=\"3736\" data-end=\"3761\" data-col-size=\"sm\">Stark, kosteneffizient<\/td>\n<td data-start=\"3761\" data-end=\"3805\" data-col-size=\"sm\">Standard-Industrieketten und Kettenr\u00e4der<\/td>\n<\/tr>\n<tr data-start=\"3806\" data-end=\"3902\">\n<td data-start=\"3806\" data-end=\"3824\" data-col-size=\"sm\"><strong data-start=\"3808\" data-end=\"3823\">Legierter Stahl<\/strong><\/td>\n<td data-start=\"3824\" data-end=\"3864\" data-col-size=\"sm\">Hohe Zugfestigkeit, verschlei\u00dffest<\/td>\n<td data-start=\"3864\" data-end=\"3902\" data-col-size=\"sm\">Starke Beanspruchung, hohe Belastung<\/td>\n<\/tr>\n<tr data-start=\"3903\" data-end=\"3987\">\n<td data-start=\"3903\" data-end=\"3925\" data-col-size=\"sm\"><strong data-start=\"3905\" data-end=\"3924\">Rostfreier Stahl<\/strong><\/td>\n<td data-start=\"3925\" data-end=\"3947\" data-col-size=\"sm\">Korrosionsbest\u00e4ndig<\/td>\n<td data-start=\"3947\" data-end=\"3987\" data-col-size=\"sm\">Nahrungsmittel-, Chemie- und Schiffsmaschinen<\/td>\n<\/tr>\n<tr data-start=\"3988\" data-end=\"4079\">\n<td data-start=\"3988\" data-end=\"4015\" data-col-size=\"sm\"><strong data-start=\"3990\" data-end=\"4014\">Technische Kunststoffe<\/strong><\/td>\n<td data-start=\"4015\" data-end=\"4043\" data-col-size=\"sm\">Leichtes Gewicht, geringe Reibung<\/td>\n<td data-start=\"4043\" data-end=\"4079\" data-col-size=\"sm\">Anwendungen mit geringer Last und niedriger Geschwindigkeit<\/td>\n<\/tr>\n<\/tbody>\n<\/table>\n<\/div>\n<\/div>\n<div class=\"TyagGW_tableContainer\">\n<div class=\"group TyagGW_tableWrapper flex flex-col-reverse w-fit\" tabindex=\"-1\">\n<table class=\"w-fit min-w-(--thread-content-width)\" data-start=\"4081\" data-end=\"4427\">\n<thead data-start=\"4081\" data-end=\"4125\">\n<tr data-start=\"4081\" data-end=\"4125\">\n<th data-start=\"4081\" data-end=\"4098\" data-col-size=\"sm\">Bauteil-Typ<\/th>\n<th data-start=\"4098\" data-end=\"4110\" data-col-size=\"sm\">Vorteil<\/th>\n<th data-start=\"4110\" data-end=\"4125\" data-col-size=\"sm\">Typische Verwendung<\/th>\n<\/tr>\n<\/thead>\n<tbody data-start=\"4140\" data-end=\"4427\">\n<tr data-start=\"4140\" data-end=\"4200\">\n<td data-start=\"4140\" data-end=\"4155\" data-col-size=\"sm\">Rollenkette<\/td>\n<td data-start=\"4155\" data-end=\"4179\" data-col-size=\"sm\">Hohe Belastung, Haltbarkeit<\/td>\n<td data-start=\"4179\" data-end=\"4200\" data-col-size=\"sm\">F\u00f6rderer, Antriebe<\/td>\n<\/tr>\n<tr data-start=\"4201\" data-end=\"4274\">\n<td data-start=\"4201\" data-end=\"4225\" data-col-size=\"sm\">Steuerzeiten \/ Ger\u00e4uscharme Kette<\/td>\n<td data-start=\"4225\" data-end=\"4245\" data-col-size=\"sm\">Sanft, ger\u00e4uscharm<\/td>\n<td data-start=\"4245\" data-end=\"4274\" data-col-size=\"sm\">Automobilindustrie, CNC, Robotik<\/td>\n<\/tr>\n<tr data-start=\"4275\" data-end=\"4350\">\n<td data-start=\"4275\" data-end=\"4286\" data-col-size=\"sm\">Ritzel<\/td>\n<td data-start=\"4286\" data-end=\"4310\" data-col-size=\"sm\">Pr\u00e4zises Zahnprofil<\/td>\n<td data-start=\"4310\" data-end=\"4350\" data-col-size=\"sm\">Kettenschaltung, Kraft\u00fcbertragung<\/td>\n<\/tr>\n<tr data-start=\"4351\" data-end=\"4427\">\n<td data-start=\"4351\" data-end=\"4371\" data-col-size=\"sm\">Benutzerdefinierte Komponenten<\/td>\n<td data-start=\"4371\" data-end=\"4394\" data-col-size=\"sm\">Anwendungsspezifisch<\/td>\n<td data-start=\"4394\" data-end=\"4427\" data-col-size=\"sm\">OEM und Spezialmaschinen<\/td>\n<\/tr>\n<\/tbody>\n<\/table>\n<\/div>\n<\/div>\n<h2 data-start=\"4434\" data-end=\"4457\"><strong data-start=\"4437\" data-end=\"4457\">Warum Wonzh w\u00e4hlen<\/strong><\/h2>\n<ul data-start=\"4459\" data-end=\"4772\">\n<li data-start=\"4459\" data-end=\"4510\">\n<p data-start=\"4461\" data-end=\"4510\">Fortschrittliche Fertigung von Kettenr\u00e4dern und Ketten<\/p>\n<\/li>\n<li data-start=\"4511\" data-end=\"4585\">\n<p data-start=\"4513\" data-end=\"4585\">Strenge Qualit\u00e4tskontrolle auf Verschlei\u00dffestigkeit und Ma\u00dfhaltigkeit<\/p>\n<\/li>\n<li data-start=\"4586\" data-end=\"4652\">\n<p data-start=\"4588\" data-end=\"4652\">Kundenspezifische technische Unterst\u00fctzung f\u00fcr OEM- und Industrieanwendungen<\/p>\n<\/li>\n<li data-start=\"4653\" data-end=\"4716\">\n<p data-start=\"4655\" data-end=\"4716\">Langlebige, hochfeste Komponenten f\u00fcr eine lange Betriebsdauer<\/p>\n<\/li>\n<li data-start=\"4717\" data-end=\"4772\">\n<p data-start=\"4719\" data-end=\"4772\">Vom Prototyp zur Massenproduktion mit zuverl\u00e4ssiger Lieferung<\/p>\n<\/li>\n<\/ul>\n<h2 data-start=\"4779\" data-end=\"4820\"><strong data-start=\"4782\" data-end=\"4818\">H\u00e4ufig gestellte Fragen (FAQ)<\/strong><\/h2>\n<h3 data-start=\"4822\" data-end=\"4875\"><strong data-start=\"4826\" data-end=\"4873\">F1: Wozu werden Kettenr\u00e4der und Ketten verwendet?<\/strong><\/h3>\n<p data-start=\"4876\" data-end=\"4965\">Sie \u00fcbertragen mechanische Leistung zwischen Wellen und treiben Bewegungen in kettengetriebenen Systemen an.<\/p>\n<h3 data-start=\"4967\" data-end=\"5018\"><strong data-start=\"4971\" data-end=\"5016\">F2: Kann ich kundenspezifische Ritzel oder Ketten erhalten?<\/strong><\/h3>\n<p data-start=\"5019\" data-end=\"5121\">Ja. Wir fertigen Kettenr\u00e4der und Ketten auf der Basis von <strong data-start=\"5069\" data-end=\"5118\">Zeichnungen, Spezifikationen oder OEM-Anforderungen<\/strong>.<\/p>\n<h3 data-start=\"5123\" data-end=\"5166\"><strong data-start=\"5127\" data-end=\"5164\">F3: Welche Materialien sind verf\u00fcgbar?<\/strong><\/h3>\n<p data-start=\"5167\" data-end=\"5301\"><strong data-start=\"5167\" data-end=\"5239\">Kohlenstoffstahl, legierter Stahl, rostfreier Stahl und technische Kunststoffe<\/strong> je nach Belastung, Umgebung und Korrosionsanforderungen.<\/p>\n<h3 data-start=\"5303\" data-end=\"5349\"><strong data-start=\"5307\" data-end=\"5347\">F4: Welche Kettentypen werden unterst\u00fctzt?<\/strong><\/h3>\n<p data-start=\"5350\" data-end=\"5423\">Wir liefern <strong data-start=\"5360\" data-end=\"5420\">Rollenketten, Silent-\/Steuerketten und F\u00f6rderketten<\/strong>.<\/p>\n<h3 data-start=\"5425\" data-end=\"5473\"><strong data-start=\"5429\" data-end=\"5471\">F5: K\u00f6nnen Oberfl\u00e4chenbehandlungen durchgef\u00fchrt werden?<\/strong><\/h3>\n<p data-start=\"5474\" data-end=\"5600\">H\u00e4rtung, Beschichtung und andere Oberfl\u00e4chenbehandlungen sind m\u00f6glich, um die Haltbarkeit und Korrosionsbest\u00e4ndigkeit zu erh\u00f6hen.<\/p>","protected":false},"excerpt":{"rendered":"<p>Bei den von Wonzh gelieferten Kettenr\u00e4dern und Kettenkomponenten handelt es sich um pr\u00e4zisionsgefertigte Teile, die f\u00fcr die \u00dcbertragung von mechanischer Leistung in kettengetriebenen Systemen konzipiert sind. Sie sind weit verbreitet in F\u00f6rderanlagen, Landmaschinen, Baumaschinen, Industrieautomation und Materialtransportsystemen.<\/p>","protected":false},"featured_media":1536,"comment_status":"open","ping_status":"closed","template":"","meta":{"site-sidebar-layout":"default","site-content-layout":"","ast-site-content-layout":"default","site-content-style":"default","site-sidebar-style":"default","ast-global-header-display":"","ast-banner-title-visibility":"","ast-main-header-display":"","ast-hfb-above-header-display":"","ast-hfb-below-header-display":"","ast-hfb-mobile-header-display":"","site-post-title":"","ast-breadcrumbs-content":"","ast-featured-img":"","footer-sml-layout":"","ast-disable-related-posts":"","theme-transparent-header-meta":"default","adv-header-id-meta":"","stick-header-meta":"default","header-above-stick-meta":"","header-main-stick-meta":"","header-below-stick-meta":"","astra-migrate-meta-layouts":"set","ast-page-background-enabled":"default","ast-page-background-meta":{"desktop":{"background-color":"","background-image":"","background-repeat":"repeat","background-position":"center center","background-size":"auto","background-attachment":"scroll","background-type":"","background-media":"","overlay-type":"","overlay-color":"","overlay-opacity":"","overlay-gradient":""},"tablet":{"background-color":"","background-image":"","background-repeat":"repeat","background-position":"center center","background-size":"auto","background-attachment":"scroll","background-type":"","background-media":"","overlay-type":"","overlay-color":"","overlay-opacity":"","overlay-gradient":""},"mobile":{"background-color":"","background-image":"","background-repeat":"repeat","background-position":"center center","background-size":"auto","background-attachment":"scroll","background-type":"","background-media":"","overlay-type":"","overlay-color":"","overlay-opacity":"","overlay-gradient":""}},"ast-content-background-meta":{"desktop":{"background-color":"var(--ast-global-color-5)","background-image":"","background-repeat":"repeat","background-position":"center center","background-size":"auto","background-attachment":"scroll","background-type":"","background-media":"","overlay-type":"","overlay-color":"","overlay-opacity":"","overlay-gradient":""},"tablet":{"background-color":"var(--ast-global-color-5)","background-image":"","background-repeat":"repeat","background-position":"center center","background-size":"auto","background-attachment":"scroll","background-type":"","background-media":"","overlay-type":"","overlay-color":"","overlay-opacity":"","overlay-gradient":""},"mobile":{"background-color":"var(--ast-global-color-5)","background-image":"","background-repeat":"repeat","background-position":"center center","background-size":"auto","background-attachment":"scroll","background-type":"","background-media":"","overlay-type":"","overlay-color":"","overlay-opacity":"","overlay-gradient":""}}},"product_brand":[],"product_cat":[25],"product_tag":[409,408,415,411,405,406,414,407,413,412,402,404,401,410,403],"class_list":{"0":"post-1476","1":"product","2":"type-product","3":"status-publish","4":"has-post-thumbnail","6":"product_cat-transmission-drive-components","7":"product_tag-alloy-steel-chains","8":"product_tag-chain-accessories","9":"product_tag-china-chain-manufacturer","10":"product_tag-cnc-machined-sprockets","11":"product_tag-conveyor-chain","12":"product_tag-custom-sprockets","13":"product_tag-heavy-duty-chains","14":"product_tag-industrial-sprockets","15":"product_tag-oem-chains","16":"product_tag-power-transmission-components","17":"product_tag-roller-chain","18":"product_tag-silent-chain","19":"product_tag-sprocket-components","20":"product_tag-stainless-steel-chains","21":"product_tag-timing-chain","22":"desktop-align-left","23":"tablet-align-left","24":"mobile-align-left","26":"first","27":"instock","28":"shipping-taxable","29":"product-type-simple"},"_links":{"self":[{"href":"https:\/\/www.wonzh.com\/de\/wp-json\/wp\/v2\/product\/1476","targetHints":{"allow":["GET"]}}],"collection":[{"href":"https:\/\/www.wonzh.com\/de\/wp-json\/wp\/v2\/product"}],"about":[{"href":"https:\/\/www.wonzh.com\/de\/wp-json\/wp\/v2\/types\/product"}],"replies":[{"embeddable":true,"href":"https:\/\/www.wonzh.com\/de\/wp-json\/wp\/v2\/comments?post=1476"}],"wp:featuredmedia":[{"embeddable":true,"href":"https:\/\/www.wonzh.com\/de\/wp-json\/wp\/v2\/media\/1536"}],"wp:attachment":[{"href":"https:\/\/www.wonzh.com\/de\/wp-json\/wp\/v2\/media?parent=1476"}],"wp:term":[{"taxonomy":"product_brand","embeddable":true,"href":"https:\/\/www.wonzh.com\/de\/wp-json\/wp\/v2\/product_brand?post=1476"},{"taxonomy":"product_cat","embeddable":true,"href":"https:\/\/www.wonzh.com\/de\/wp-json\/wp\/v2\/product_cat?post=1476"},{"taxonomy":"product_tag","embeddable":true,"href":"https:\/\/www.wonzh.com\/de\/wp-json\/wp\/v2\/product_tag?post=1476"}],"curies":[{"name":"wp","href":"https:\/\/api.w.org\/{rel}","templated":true}]}}