{"id":1474,"date":"2026-02-03T15:03:33","date_gmt":"2026-02-03T15:03:33","guid":{"rendered":"https:\/\/www.wonzh.com\/?post_type=product&#038;p=1474"},"modified":"2026-02-05T14:57:08","modified_gmt":"2026-02-05T14:57:08","slug":"industrial-pulleys-for-power-transmission-and-material-handling","status":"publish","type":"product","link":"https:\/\/www.wonzh.com\/de\/product\/industrial-pulleys-for-power-transmission-and-material-handling\/","title":{"rendered":"Industrielle Umlenkrollen f\u00fcr Kraft\u00fcbertragung und Materialtransport"},"content":{"rendered":"<p data-start=\"557\" data-end=\"827\">Bei den von Wonzh gelieferten Riemenscheiben handelt es sich um pr\u00e4zisionsgefertigte Komponenten, die in riemengetriebenen Systemen verwendet werden, um Kraft und Bewegung zwischen Wellen in Industriemaschinen zu \u00fcbertragen. Sie sind weit verbreitet in F\u00f6rderanlagen, Kompressoren, Pumpen, Ventilatoren, HLK-Systemen und Automatisierungsanlagen.<\/p>\n<p data-start=\"829\" data-end=\"1205\">Unsere Riemenscheiben werden aus Kohlenstoffstahl, legiertem Stahl, rostfreiem Stahl, Aluminium und technischen Kunststoffen hergestellt, um Festigkeit, Verschlei\u00dffestigkeit und Ma\u00dfhaltigkeit zu gew\u00e4hrleisten. Wir bieten Keilriemenscheiben, Zahnriemenscheiben, Flachriemenscheiben und kundenspezifische Scheiben mit pr\u00e4zisen Rillenprofilen, Bohrungsgr\u00f6\u00dfen und Oberfl\u00e4chenbeschaffenheiten f\u00fcr einen reibungslosen und effizienten Betrieb.<\/p>\n<p data-start=\"1207\" data-end=\"1520\">Wonzh unterst\u00fctzt Standardgr\u00f6\u00dfen und vollst\u00e4ndig kundenspezifische Riemenscheiben, die auf die Anforderungen an Belastung, Geschwindigkeit, Ausrichtung und Umweltbedingungen zugeschnitten sind. Unser Ingenieurteam ber\u00e4t Sie bei der Auswahl des Materials, des Rillentyps, der Oberfl\u00e4chenbehandlung und der Toleranzoptimierung, um optimale Leistung und langfristige Zuverl\u00e4ssigkeit zu gew\u00e4hrleisten.<\/p>\n<h2 data-start=\"1527\" data-end=\"1546\"><strong data-start=\"1530\" data-end=\"1546\">Wesentliche Merkmale<\/strong><\/h2>\n<ul data-start=\"1548\" data-end=\"1853\">\n<li data-start=\"1548\" data-end=\"1590\">\n<p data-start=\"1550\" data-end=\"1590\">Hohe Ma\u00dfhaltigkeit und Ausgewogenheit<\/p>\n<\/li>\n<li data-start=\"1591\" data-end=\"1644\">\n<p data-start=\"1593\" data-end=\"1644\">Sanfte Drehmoment\u00fcbertragung mit minimaler Vibration<\/p>\n<\/li>\n<li data-start=\"1645\" data-end=\"1695\">\n<p data-start=\"1647\" data-end=\"1695\">Gro\u00dfe Auswahl an Materialien und Oberfl\u00e4chenbehandlungen<\/p>\n<\/li>\n<li data-start=\"1696\" data-end=\"1749\">\n<p data-start=\"1698\" data-end=\"1749\">Kompatibel mit Keilriemen, Zahnriemen, Flachriemen<\/p>\n<\/li>\n<li data-start=\"1750\" data-end=\"1795\">\n<p data-start=\"1752\" data-end=\"1795\">Kundenspezifische Bohrungen, Nuten und Durchmesseroptionen<\/p>\n<\/li>\n<li data-start=\"1796\" data-end=\"1853\">\n<p data-start=\"1798\" data-end=\"1853\">Unterst\u00fctzung von Prototypen, Kleinserien und Massenproduktion<\/p>\n<\/li>\n<\/ul>\n<h2 data-start=\"1860\" data-end=\"1887\"><strong data-start=\"1863\" data-end=\"1887\">Typische Anwendungen<\/strong><\/h2>\n<ul data-start=\"1889\" data-end=\"2145\">\n<li data-start=\"1889\" data-end=\"1931\">\n<p data-start=\"1891\" data-end=\"1931\">F\u00f6rderanlagen und Materialtransportsysteme<\/p>\n<\/li>\n<li data-start=\"1932\" data-end=\"1966\">\n<p data-start=\"1934\" data-end=\"1966\">Motoren, Pumpen und Kompressoren<\/p>\n<\/li>\n<li data-start=\"1967\" data-end=\"2004\">\n<p data-start=\"1969\" data-end=\"2004\">Ventilatoren, Gebl\u00e4se und HLK-Ger\u00e4te<\/p>\n<\/li>\n<li data-start=\"2005\" data-end=\"2050\">\n<p data-start=\"2007\" data-end=\"2050\">Industrielle Automatisierung und Robotersysteme<\/p>\n<\/li>\n<li data-start=\"2051\" data-end=\"2097\">\n<p data-start=\"2053\" data-end=\"2097\">Schwermaschinen und landwirtschaftliche Ger\u00e4te<\/p>\n<\/li>\n<li data-start=\"2098\" data-end=\"2145\">\n<p data-start=\"2100\" data-end=\"2145\">Bergbau-, Bau- und Energieindustrie<\/p>\n<\/li>\n<\/ul>\n<h2 data-start=\"2152\" data-end=\"2181\"><strong data-start=\"2155\" data-end=\"2181\">Von uns gelieferte Riemenscheibentypen<\/strong><\/h2>\n<div class=\"TyagGW_tableContainer\">\n<div class=\"group TyagGW_tableWrapper flex flex-col-reverse w-fit\" tabindex=\"-1\">\n<table class=\"w-fit min-w-(--thread-content-width)\" data-start=\"2183\" data-end=\"2701\">\n<thead data-start=\"2183\" data-end=\"2226\">\n<tr data-start=\"2183\" data-end=\"2226\">\n<th data-start=\"2183\" data-end=\"2197\" data-col-size=\"sm\">Riemenscheibe Typ<\/th>\n<th data-start=\"2197\" data-end=\"2211\" data-col-size=\"md\">Beschreibung<\/th>\n<th data-start=\"2211\" data-end=\"2226\" data-col-size=\"sm\">Typische Verwendung<\/th>\n<\/tr>\n<\/thead>\n<tbody data-start=\"2241\" data-end=\"2701\">\n<tr data-start=\"2241\" data-end=\"2334\">\n<td data-start=\"2241\" data-end=\"2261\" data-col-size=\"sm\"><strong data-start=\"2243\" data-end=\"2260\">Keilriemenscheibe<\/strong><\/td>\n<td data-start=\"2261\" data-end=\"2308\" data-col-size=\"md\">Gerillte Ausf\u00fchrung f\u00fcr Keilriemenkraft\u00fcbertragung<\/td>\n<td data-start=\"2308\" data-end=\"2334\" data-col-size=\"sm\">Standard-Antriebssysteme<\/td>\n<\/tr>\n<tr data-start=\"2335\" data-end=\"2445\">\n<td data-start=\"2335\" data-end=\"2360\" data-col-size=\"sm\"><strong data-start=\"2337\" data-end=\"2359\">Zahnriemenscheibe<\/strong><\/td>\n<td data-start=\"2360\" data-end=\"2407\" data-col-size=\"md\">Pr\u00e4zises Zahnprofil f\u00fcr synchrone Antriebe<\/td>\n<td data-start=\"2407\" data-end=\"2445\" data-col-size=\"sm\">CNC-Maschinen, Robotik, Automobilindustrie<\/td>\n<\/tr>\n<tr data-start=\"2446\" data-end=\"2533\">\n<td data-start=\"2446\" data-end=\"2469\" data-col-size=\"sm\"><strong data-start=\"2448\" data-end=\"2468\">Flachriemenscheibe<\/strong><\/td>\n<td data-start=\"2469\" data-end=\"2501\" data-col-size=\"md\">Glatte Oberfl\u00e4che f\u00fcr Flachriemen<\/td>\n<td data-start=\"2501\" data-end=\"2533\" data-col-size=\"sm\">Materialtransport, F\u00f6rderanlagen<\/td>\n<\/tr>\n<tr data-start=\"2534\" data-end=\"2614\">\n<td data-start=\"2534\" data-end=\"2552\" data-col-size=\"sm\"><strong data-start=\"2536\" data-end=\"2551\">Stufen-Riemenscheibe<\/strong><\/td>\n<td data-start=\"2552\" data-end=\"2587\" data-col-size=\"md\">Mehrere Durchmesser auf einer Riemenscheibe<\/td>\n<td data-start=\"2587\" data-end=\"2614\" data-col-size=\"sm\">Antriebe mit einstellbarer Geschwindigkeit<\/td>\n<\/tr>\n<tr data-start=\"2615\" data-end=\"2701\">\n<td data-start=\"2615\" data-end=\"2635\" data-col-size=\"sm\"><strong data-start=\"2617\" data-end=\"2634\">Kundenspezifische Riemenscheibe<\/strong><\/td>\n<td data-start=\"2635\" data-end=\"2660\" data-col-size=\"md\">Nach Zeichnung konstruiert<\/td>\n<td data-start=\"2660\" data-end=\"2701\" data-col-size=\"sm\">Spezialisierte Maschinen und OEM-Systeme<\/td>\n<\/tr>\n<\/tbody>\n<\/table>\n<\/div>\n<\/div>\n<h2 data-start=\"2708\" data-end=\"2760\"><strong data-start=\"2711\" data-end=\"2758\">Technische Parameter (repr\u00e4sentativer Bereich)<\/strong><\/h2>\n<div class=\"TyagGW_tableContainer\">\n<div class=\"group TyagGW_tableWrapper flex flex-col-reverse w-fit\" tabindex=\"-1\">\n<table class=\"w-fit min-w-(--thread-content-width)\" data-start=\"2762\" data-end=\"3290\">\n<thead data-start=\"2762\" data-end=\"2799\">\n<tr data-start=\"2762\" data-end=\"2799\">\n<th data-start=\"2762\" data-end=\"2774\" data-col-size=\"sm\">Parameter<\/th>\n<th data-start=\"2774\" data-end=\"2799\" data-col-size=\"md\">Spezifikation \/ Reichweite<\/th>\n<\/tr>\n<\/thead>\n<tbody data-start=\"2810\" data-end=\"3290\">\n<tr data-start=\"2810\" data-end=\"2907\">\n<td data-start=\"2810\" data-end=\"2829\" data-col-size=\"sm\">Material-Optionen<\/td>\n<td data-start=\"2829\" data-end=\"2907\" data-col-size=\"md\">Kohlenstoffstahl, legierter Stahl, rostfreier Stahl, Aluminium, technische Kunststoffe<\/td>\n<\/tr>\n<tr data-start=\"2908\" data-end=\"2959\">\n<td data-start=\"2908\" data-end=\"2925\" data-col-size=\"sm\">Durchmesser Bereich<\/td>\n<td data-start=\"2925\" data-end=\"2959\" data-col-size=\"md\">20 mm - 1000 mm (anpassbar)<\/td>\n<\/tr>\n<tr data-start=\"2960\" data-end=\"3008\">\n<td data-start=\"2960\" data-end=\"2976\" data-col-size=\"sm\">Bohrungsdurchmesser<\/td>\n<td data-start=\"2976\" data-end=\"3008\" data-col-size=\"md\">5 mm - 150 mm (anpassbar)<\/td>\n<\/tr>\n<tr data-start=\"3009\" data-end=\"3085\">\n<td data-start=\"3009\" data-end=\"3023\" data-col-size=\"sm\">Rille Typ<\/td>\n<td data-start=\"3023\" data-end=\"3085\" data-col-size=\"md\">Keilriemen (A\/B\/C\/D\/E), Zahnriemen (T2.5\/T5\/T10\/MXL\/XL), flach<\/td>\n<\/tr>\n<tr data-start=\"3086\" data-end=\"3127\">\n<td data-start=\"3086\" data-end=\"3094\" data-col-size=\"sm\">Breite<\/td>\n<td data-start=\"3094\" data-end=\"3127\" data-col-size=\"md\">10 mm - 300 mm (anpassbar)<\/td>\n<\/tr>\n<tr data-start=\"3128\" data-end=\"3189\">\n<td data-start=\"3128\" data-end=\"3148\" data-col-size=\"sm\">Oberfl\u00e4chenbehandlung<\/td>\n<td data-start=\"3148\" data-end=\"3189\" data-col-size=\"md\">Beschichten, Galvanisieren, Eloxieren, Lackieren<\/td>\n<\/tr>\n<tr data-start=\"3190\" data-end=\"3251\">\n<td data-start=\"3190\" data-end=\"3208\" data-col-size=\"sm\">Produktion Typ<\/td>\n<td data-start=\"3208\" data-end=\"3251\" data-col-size=\"md\">Prototyp, Kleinserie, Massenproduktion<\/td>\n<\/tr>\n<tr data-start=\"3252\" data-end=\"3290\">\n<td data-start=\"3252\" data-end=\"3274\" data-col-size=\"sm\">Unterst\u00fctzte Standards<\/td>\n<td data-start=\"3274\" data-end=\"3290\" data-col-size=\"md\">ISO, DIN, GB<\/td>\n<\/tr>\n<\/tbody>\n<\/table>\n<\/div>\n<\/div>\n<h2 data-start=\"3297\" data-end=\"3337\"><strong data-start=\"3300\" data-end=\"3337\">Leitfaden zur Auswahl von Materialien und Nuten<\/strong><\/h2>\n<div class=\"TyagGW_tableContainer\">\n<div class=\"group TyagGW_tableWrapper flex flex-col-reverse w-fit\" tabindex=\"-1\">\n<table class=\"w-fit min-w-(--thread-content-width)\" data-start=\"3339\" data-end=\"3812\">\n<thead data-start=\"3339\" data-end=\"3378\">\n<tr data-start=\"3339\" data-end=\"3378\">\n<th data-start=\"3339\" data-end=\"3350\" data-col-size=\"sm\">Material<\/th>\n<th data-start=\"3350\" data-end=\"3363\" data-col-size=\"sm\">Vorteile<\/th>\n<th data-start=\"3363\" data-end=\"3378\" data-col-size=\"sm\">Typische Verwendung<\/th>\n<\/tr>\n<\/thead>\n<tbody data-start=\"3393\" data-end=\"3812\">\n<tr data-start=\"3393\" data-end=\"3475\">\n<td data-start=\"3393\" data-end=\"3412\" data-col-size=\"sm\"><strong data-start=\"3395\" data-end=\"3411\">Kohlenstoffstahl<\/strong><\/td>\n<td data-start=\"3412\" data-end=\"3444\" data-col-size=\"sm\">Hohe Festigkeit, kosteng\u00fcnstig<\/td>\n<td data-start=\"3444\" data-end=\"3475\" data-col-size=\"sm\">Standard-Industrie-Riemenscheiben<\/td>\n<\/tr>\n<tr data-start=\"3476\" data-end=\"3538\">\n<td data-start=\"3476\" data-end=\"3494\" data-col-size=\"sm\"><strong data-start=\"3478\" data-end=\"3493\">Legierter Stahl<\/strong><\/td>\n<td data-start=\"3494\" data-end=\"3517\" data-col-size=\"sm\">Hohe Verschlei\u00dffestigkeit<\/td>\n<td data-start=\"3517\" data-end=\"3538\" data-col-size=\"sm\">Hochbelastbare Antriebe<\/td>\n<\/tr>\n<tr data-start=\"3539\" data-end=\"3623\">\n<td data-start=\"3539\" data-end=\"3561\" data-col-size=\"sm\"><strong data-start=\"3541\" data-end=\"3560\">Rostfreier Stahl<\/strong><\/td>\n<td data-start=\"3561\" data-end=\"3583\" data-col-size=\"sm\">Korrosionsbest\u00e4ndig<\/td>\n<td data-start=\"3583\" data-end=\"3623\" data-col-size=\"sm\">Nahrungsmittel-, Schiffs- und Chemiemaschinen<\/td>\n<\/tr>\n<tr data-start=\"3624\" data-end=\"3720\">\n<td data-start=\"3624\" data-end=\"3645\" data-col-size=\"sm\"><strong data-start=\"3626\" data-end=\"3644\">Aluminium-Legierung<\/strong><\/td>\n<td data-start=\"3645\" data-end=\"3679\" data-col-size=\"sm\">Leichtes Gewicht, gute Bearbeitbarkeit<\/td>\n<td data-start=\"3679\" data-end=\"3720\" data-col-size=\"sm\">Robotik, Automatisierung, Schwachlastantriebe<\/td>\n<\/tr>\n<tr data-start=\"3721\" data-end=\"3812\">\n<td data-start=\"3721\" data-end=\"3748\" data-col-size=\"sm\"><strong data-start=\"3723\" data-end=\"3747\">Technische Kunststoffe<\/strong><\/td>\n<td data-start=\"3748\" data-end=\"3776\" data-col-size=\"sm\">Geringe Reibung, leicht<\/td>\n<td data-start=\"3776\" data-end=\"3812\" data-col-size=\"sm\">Anwendungen mit niedriger Geschwindigkeit und geringer Last<\/td>\n<\/tr>\n<\/tbody>\n<\/table>\n<\/div>\n<\/div>\n<div class=\"TyagGW_tableContainer\">\n<div class=\"group TyagGW_tableWrapper flex flex-col-reverse w-fit\" tabindex=\"-1\">\n<table class=\"w-fit min-w-(--thread-content-width)\" data-start=\"3814\" data-end=\"4159\">\n<thead data-start=\"3814\" data-end=\"3859\">\n<tr data-start=\"3814\" data-end=\"3859\">\n<th data-start=\"3814\" data-end=\"3828\" data-col-size=\"sm\">Rille Typ<\/th>\n<th data-start=\"3828\" data-end=\"3840\" data-col-size=\"sm\">Vorteil<\/th>\n<th data-start=\"3840\" data-end=\"3859\" data-col-size=\"sm\">Empfohlen f\u00fcr<\/th>\n<\/tr>\n<\/thead>\n<tbody data-start=\"3874\" data-end=\"4159\">\n<tr data-start=\"3874\" data-end=\"3943\">\n<td data-start=\"3874\" data-end=\"3883\" data-col-size=\"sm\">Keilriemen<\/td>\n<td data-start=\"3883\" data-end=\"3913\" data-col-size=\"sm\">Hohes Drehmoment, kompakte Bauweise<\/td>\n<td data-start=\"3913\" data-end=\"3943\" data-col-size=\"sm\">Standard-Industrieantriebe<\/td>\n<\/tr>\n<tr data-start=\"3944\" data-end=\"4029\">\n<td data-start=\"3944\" data-end=\"3958\" data-col-size=\"sm\">Zahnriemen<\/td>\n<td data-start=\"3958\" data-end=\"3991\" data-col-size=\"sm\">Synchrone Kraft\u00fcbertragung<\/td>\n<td data-start=\"3991\" data-end=\"4029\" data-col-size=\"sm\">Pr\u00e4zisionsmaschinen, CNC, Robotik<\/td>\n<\/tr>\n<tr data-start=\"4030\" data-end=\"4100\">\n<td data-start=\"4030\" data-end=\"4042\" data-col-size=\"sm\">Flachriemen<\/td>\n<td data-start=\"4042\" data-end=\"4065\" data-col-size=\"sm\">Sanfter, breiter Kontakt<\/td>\n<td data-start=\"4065\" data-end=\"4100\" data-col-size=\"sm\">F\u00f6rderanlagen und Materialtransport<\/td>\n<\/tr>\n<tr data-start=\"4101\" data-end=\"4159\">\n<td data-start=\"4101\" data-end=\"4115\" data-col-size=\"sm\">Stufen-Riemenscheibe<\/td>\n<td data-start=\"4115\" data-end=\"4134\" data-col-size=\"sm\">Einstellbare Geschwindigkeit<\/td>\n<td data-start=\"4134\" data-end=\"4159\" data-col-size=\"sm\">Antriebe mit variabler Drehzahl<\/td>\n<\/tr>\n<\/tbody>\n<\/table>\n<\/div>\n<\/div>\n<h2 data-start=\"4166\" data-end=\"4189\"><strong data-start=\"4169\" data-end=\"4189\">Warum Wonzh w\u00e4hlen<\/strong><\/h2>\n<ul data-start=\"4191\" data-end=\"4490\">\n<li data-start=\"4191\" data-end=\"4248\">\n<p data-start=\"4193\" data-end=\"4248\">Pr\u00e4zisionsgefertigte Riemenscheiben f\u00fcr zuverl\u00e4ssige Leistung<\/p>\n<\/li>\n<li data-start=\"4249\" data-end=\"4305\">\n<p data-start=\"4251\" data-end=\"4305\">Gro\u00dfe Auswahl an Materialien, Rillentypen und Durchmessern<\/p>\n<\/li>\n<li data-start=\"4306\" data-end=\"4368\">\n<p data-start=\"4308\" data-end=\"4368\">Kundenspezifische technische Unterst\u00fctzung f\u00fcr Drehmoment, Ausrichtung und Belastung<\/p>\n<\/li>\n<li data-start=\"4369\" data-end=\"4425\">\n<p data-start=\"4371\" data-end=\"4425\">Robuste, verschlei\u00dffeste und langlebige Komponenten<\/p>\n<\/li>\n<li data-start=\"4426\" data-end=\"4490\">\n<p data-start=\"4428\" data-end=\"4490\">Vom Prototyp zur Massenproduktion mit schneller und zuverl\u00e4ssiger Lieferung<\/p>\n<\/li>\n<\/ul>\n<h2 data-start=\"4497\" data-end=\"4538\"><strong data-start=\"4500\" data-end=\"4536\">H\u00e4ufig gestellte Fragen (FAQ)<\/strong><\/h2>\n<h3 data-start=\"4540\" data-end=\"4592\"><strong data-start=\"4544\" data-end=\"4590\">F1: Was ist die Hauptfunktion einer Riemenscheibe?<\/strong><\/h3>\n<p data-start=\"4593\" data-end=\"4704\">Eine Riemenscheibe \u00fcbertr\u00e4gt die Kraft zwischen den Wellen mit Hilfe eines Riemens, wobei die Reibung reduziert und eine gleichm\u00e4\u00dfige Rotation gew\u00e4hrleistet wird.<\/p>\n<h3 data-start=\"4706\" data-end=\"4745\"><strong data-start=\"4710\" data-end=\"4743\">F2: Kann ich kundenspezifische Umlenkrollen erhalten?<\/strong><\/h3>\n<p data-start=\"4746\" data-end=\"4840\">Ja. Wir k\u00f6nnen Riemenscheiben nach Ihren Zeichnungen, Spezifikationen oder OEM-Anforderungen herstellen.<\/p>\n<h3 data-start=\"4842\" data-end=\"4886\"><strong data-start=\"4846\" data-end=\"4884\">F3: Welche Gurttypen werden unterst\u00fctzt?<\/strong><\/h3>\n<p data-start=\"4887\" data-end=\"4991\">Wir unterst\u00fctzen <strong data-start=\"4898\" data-end=\"4935\">Keilriemen, Zahnriemen, Flachriemen<\/strong>, und k\u00f6nnen Rillen f\u00fcr spezifische Anwendungen anpassen.<\/p>\n<h3 data-start=\"4993\" data-end=\"5039\"><strong data-start=\"4997\" data-end=\"5037\">F4: Welche Materialien sollte ich w\u00e4hlen?<\/strong><\/h3>\n<ul data-start=\"5040\" data-end=\"5258\">\n<li data-start=\"5040\" data-end=\"5094\">\n<p data-start=\"5042\" data-end=\"5094\"><strong data-start=\"5042\" data-end=\"5059\">Kohlenstoffstahl:<\/strong> Industrielle Standardanwendungen<\/p>\n<\/li>\n<li data-start=\"5095\" data-end=\"5147\">\n<p data-start=\"5097\" data-end=\"5147\"><strong data-start=\"5097\" data-end=\"5113\">Legierter Stahl:<\/strong> Hochlast- und Schwerlastantriebe<\/p>\n<\/li>\n<li data-start=\"5148\" data-end=\"5201\">\n<p data-start=\"5150\" data-end=\"5201\"><strong data-start=\"5150\" data-end=\"5170\">Rostfreier Stahl:<\/strong> Korrosionsgef\u00e4hrdete Umgebungen<\/p>\n<\/li>\n<li data-start=\"5202\" data-end=\"5258\">\n<p data-start=\"5204\" data-end=\"5258\"><strong data-start=\"5204\" data-end=\"5227\">Aluminium \/ Kunststoff:<\/strong> Leichte, wenig belastete Antriebe<\/p>\n<\/li>\n<\/ul>\n<h3 data-start=\"5260\" data-end=\"5309\"><strong data-start=\"5264\" data-end=\"5307\">F5: K\u00f6nnen Sie Oberfl\u00e4chenbehandlungen anbieten?<\/strong><\/h3>\n<p data-start=\"5310\" data-end=\"5433\">Ja. Die Behandlungen umfassen <strong data-start=\"5334\" data-end=\"5378\">Beschichten, Eloxieren oder Lackieren<\/strong> zur Verbesserung der Verschlei\u00dffestigkeit und des Korrosionsschutzes.<\/p>","protected":false},"excerpt":{"rendered":"<p>Bei den von Wonzh gelieferten Riemenscheiben handelt es sich um pr\u00e4zisionsgefertigte Komponenten, die in riemengetriebenen Systemen verwendet werden, um Kraft und Bewegung zwischen Wellen in Industriemaschinen zu \u00fcbertragen. Sie sind weit verbreitet in F\u00f6rderanlagen, Kompressoren, Pumpen, Ventilatoren, HLK-Systemen und Automatisierungsanlagen.<\/p>","protected":false},"featured_media":1533,"comment_status":"open","ping_status":"closed","template":"","meta":{"site-sidebar-layout":"default","site-content-layout":"","ast-site-content-layout":"default","site-content-style":"default","site-sidebar-style":"default","ast-global-header-display":"","ast-banner-title-visibility":"","ast-main-header-display":"","ast-hfb-above-header-display":"","ast-hfb-below-header-display":"","ast-hfb-mobile-header-display":"","site-post-title":"","ast-breadcrumbs-content":"","ast-featured-img":"","footer-sml-layout":"","ast-disable-related-posts":"","theme-transparent-header-meta":"default","adv-header-id-meta":"","stick-header-meta":"default","header-above-stick-meta":"","header-main-stick-meta":"","header-below-stick-meta":"","astra-migrate-meta-layouts":"set","ast-page-background-enabled":"default","ast-page-background-meta":{"desktop":{"background-color":"","background-image":"","background-repeat":"repeat","background-position":"center center","background-size":"auto","background-attachment":"scroll","background-type":"","background-media":"","overlay-type":"","overlay-color":"","overlay-opacity":"","overlay-gradient":""},"tablet":{"background-color":"","background-image":"","background-repeat":"repeat","background-position":"center center","background-size":"auto","background-attachment":"scroll","background-type":"","background-media":"","overlay-type":"","overlay-color":"","overlay-opacity":"","overlay-gradient":""},"mobile":{"background-color":"","background-image":"","background-repeat":"repeat","background-position":"center center","background-size":"auto","background-attachment":"scroll","background-type":"","background-media":"","overlay-type":"","overlay-color":"","overlay-opacity":"","overlay-gradient":""}},"ast-content-background-meta":{"desktop":{"background-color":"var(--ast-global-color-5)","background-image":"","background-repeat":"repeat","background-position":"center center","background-size":"auto","background-attachment":"scroll","background-type":"","background-media":"","overlay-type":"","overlay-color":"","overlay-opacity":"","overlay-gradient":""},"tablet":{"background-color":"var(--ast-global-color-5)","background-image":"","background-repeat":"repeat","background-position":"center center","background-size":"auto","background-attachment":"scroll","background-type":"","background-media":"","overlay-type":"","overlay-color":"","overlay-opacity":"","overlay-gradient":""},"mobile":{"background-color":"var(--ast-global-color-5)","background-image":"","background-repeat":"repeat","background-position":"center center","background-size":"auto","background-attachment":"scroll","background-type":"","background-media":"","overlay-type":"","overlay-color":"","overlay-opacity":"","overlay-gradient":""}}},"product_brand":[],"product_cat":[25],"product_tag":[393,400,392,397,391,389,386,398,399,396,395,394,390,388,387],"class_list":{"0":"post-1474","1":"product","2":"type-product","3":"status-publish","4":"has-post-thumbnail","6":"product_cat-transmission-drive-components","7":"product_tag-aluminum-pulley","8":"product_tag-china-pulley-manufacturer","9":"product_tag-cnc-pulley","10":"product_tag-conveyor-pulley","11":"product_tag-custom-pulley","12":"product_tag-flat-belt-pulley","13":"product_tag-industrial-pulley","14":"product_tag-machine-pulley","15":"product_tag-oem-pulley","16":"product_tag-power-transmission-pulley","17":"product_tag-stainless-steel-pulley","18":"product_tag-steel-pulley","19":"product_tag-step-pulley","20":"product_tag-timing-belt-pulley","21":"product_tag-v-belt-pulley","22":"desktop-align-left","23":"tablet-align-left","24":"mobile-align-left","26":"first","27":"instock","28":"shipping-taxable","29":"product-type-simple"},"_links":{"self":[{"href":"https:\/\/www.wonzh.com\/de\/wp-json\/wp\/v2\/product\/1474","targetHints":{"allow":["GET"]}}],"collection":[{"href":"https:\/\/www.wonzh.com\/de\/wp-json\/wp\/v2\/product"}],"about":[{"href":"https:\/\/www.wonzh.com\/de\/wp-json\/wp\/v2\/types\/product"}],"replies":[{"embeddable":true,"href":"https:\/\/www.wonzh.com\/de\/wp-json\/wp\/v2\/comments?post=1474"}],"wp:featuredmedia":[{"embeddable":true,"href":"https:\/\/www.wonzh.com\/de\/wp-json\/wp\/v2\/media\/1533"}],"wp:attachment":[{"href":"https:\/\/www.wonzh.com\/de\/wp-json\/wp\/v2\/media?parent=1474"}],"wp:term":[{"taxonomy":"product_brand","embeddable":true,"href":"https:\/\/www.wonzh.com\/de\/wp-json\/wp\/v2\/product_brand?post=1474"},{"taxonomy":"product_cat","embeddable":true,"href":"https:\/\/www.wonzh.com\/de\/wp-json\/wp\/v2\/product_cat?post=1474"},{"taxonomy":"product_tag","embeddable":true,"href":"https:\/\/www.wonzh.com\/de\/wp-json\/wp\/v2\/product_tag?post=1474"}],"curies":[{"name":"wp","href":"https:\/\/api.w.org\/{rel}","templated":true}]}}