{"id":1472,"date":"2026-02-03T15:00:09","date_gmt":"2026-02-03T15:00:09","guid":{"rendered":"https:\/\/www.wonzh.com\/?post_type=product&#038;p=1472"},"modified":"2026-02-05T14:50:06","modified_gmt":"2026-02-05T14:50:06","slug":"industrial-couplings-for-power-transmission-and-mechanical-systems","status":"publish","type":"product","link":"https:\/\/www.wonzh.com\/de\/product\/industrial-couplings-for-power-transmission-and-mechanical-systems\/","title":{"rendered":"Industriekupplungen f\u00fcr Kraft\u00fcbertragung und mechanische Systeme"},"content":{"rendered":"<p data-start=\"567\" data-end=\"910\">Kupplungen geliefert von <strong data-start=\"589\" data-end=\"598\">Wonzh<\/strong> sind pr\u00e4zisionsgefertigte mechanische Komponenten, die zur Verbindung von zwei Wellen f\u00fcr die Kraft\u00fcbertragung verwendet werden und dabei Ausrichtungsfehler ausgleichen, Vibrationen reduzieren und die angeschlossenen Ger\u00e4te sch\u00fctzen. Unsere Kupplungen finden breite Anwendung in <strong data-start=\"829\" data-end=\"907\">Motoren, Pumpen, Kompressoren, F\u00f6rderanlagen, Getriebe und Industriemaschinen<\/strong>.<\/p>\n<p data-start=\"912\" data-end=\"1409\">Gefertigt aus hochfestem <strong data-start=\"944\" data-end=\"1015\">Kohlenstoffstahl, legierter Stahl, rostfreier Stahl oder technische Kunststoffe<\/strong>, Wonzh-Kupplungen sind auf Langlebigkeit, Drehmomentkapazit\u00e4t und Betriebssicherheit ausgelegt. Unsere Produkte umfassen <strong data-start=\"1131\" data-end=\"1232\">starre Kupplungen, flexible Kupplungen, Klauenkupplungen, Zahnkupplungen und kundenspezifische L\u00f6sungen<\/strong> f\u00fcr spezielle Anwendungen. Die fortschrittliche CNC-Bearbeitung, W\u00e4rmebehandlung und Oberfl\u00e4chenveredelung gew\u00e4hrleisten eine gleichbleibende Leistung unter dynamischen Belastungen und rauen industriellen Bedingungen.<\/p>\n<p data-start=\"1411\" data-end=\"1722\">Wir bieten <strong data-start=\"1422\" data-end=\"1465\">Standard- und vollst\u00e4ndig kundenspezifische Kupplungen<\/strong>, Wir unterst\u00fctzen Sie bei der Festlegung von Spezifikationen auf der Grundlage von Wellendurchmessern, Drehmomentanforderungen, Betriebsbedingungen und Ausrichtungs\u00fcberlegungen. Unser Ingenieurteam kann geeignete Kupplungstypen, Werkstoffe und Toleranzen f\u00fcr optimierte Effizienz und Maschinenlebensdauer empfehlen.<\/p>\n<h2 data-start=\"1729\" data-end=\"1748\"><strong data-start=\"1732\" data-end=\"1748\">Wesentliche Merkmale<\/strong><\/h2>\n<ul data-start=\"1750\" data-end=\"2049\">\n<li data-start=\"1750\" data-end=\"1789\">\n<p data-start=\"1752\" data-end=\"1789\">Hohe Drehmoment\u00fcbertragungsf\u00e4higkeit<\/p>\n<\/li>\n<li data-start=\"1790\" data-end=\"1848\">\n<p data-start=\"1792\" data-end=\"1848\">Passt sich winkligen, parallelen und axialen Ausrichtungsfehlern an<\/p>\n<\/li>\n<li data-start=\"1849\" data-end=\"1891\">\n<p data-start=\"1851\" data-end=\"1891\">Schwingungsd\u00e4mpfung und Sto\u00dfd\u00e4mpfung<\/p>\n<\/li>\n<li data-start=\"1892\" data-end=\"1940\">\n<p data-start=\"1894\" data-end=\"1940\">Verschlei\u00dffest und langlebig bei hoher Belastung<\/p>\n<\/li>\n<li data-start=\"1941\" data-end=\"1992\">\n<p data-start=\"1943\" data-end=\"1992\">Standard- und Sondergr\u00f6\u00dfen, Materialien und Typen<\/p>\n<\/li>\n<li data-start=\"1993\" data-end=\"2049\">\n<p data-start=\"1995\" data-end=\"2049\">Unterst\u00fctzt Prototyp-, Kleinserien- und Massenproduktion<\/p>\n<\/li>\n<\/ul>\n<h2 data-start=\"2056\" data-end=\"2083\"><strong data-start=\"2059\" data-end=\"2083\">Typische Anwendungen<\/strong><\/h2>\n<ul data-start=\"2085\" data-end=\"2350\">\n<li data-start=\"2085\" data-end=\"2116\">\n<p data-start=\"2087\" data-end=\"2116\">Industriemotoren und Pumpen<\/p>\n<\/li>\n<li data-start=\"2117\" data-end=\"2155\">\n<p data-start=\"2119\" data-end=\"2155\">Getriebe und \u00dcbertragungssysteme<\/p>\n<\/li>\n<li data-start=\"2156\" data-end=\"2183\">\n<p data-start=\"2158\" data-end=\"2183\">Kompressoren und Gebl\u00e4se<\/p>\n<\/li>\n<li data-start=\"2184\" data-end=\"2227\">\n<p data-start=\"2186\" data-end=\"2227\">F\u00f6rderanlagen und Materialtransportsysteme<\/p>\n<\/li>\n<li data-start=\"2228\" data-end=\"2273\">\n<p data-start=\"2230\" data-end=\"2273\">Bergbau, Bauwesen und Schwermaschinen<\/p>\n<\/li>\n<li data-start=\"2274\" data-end=\"2315\">\n<p data-start=\"2276\" data-end=\"2315\">Stromerzeugung und Energieanlagen<\/p>\n<\/li>\n<li data-start=\"2316\" data-end=\"2350\">\n<p data-start=\"2318\" data-end=\"2350\">Automatisierung und Robotersysteme<\/p>\n<\/li>\n<\/ul>\n<h2 data-start=\"2357\" data-end=\"2388\"><strong data-start=\"2360\" data-end=\"2388\">Von uns gelieferte Kupplungstypen<\/strong><\/h2>\n<div class=\"TyagGW_tableContainer\">\n<div class=\"group TyagGW_tableWrapper flex flex-col-reverse w-fit\" tabindex=\"-1\">\n<table class=\"w-fit min-w-(--thread-content-width)\" data-start=\"2390\" data-end=\"3062\">\n<thead data-start=\"2390\" data-end=\"2435\">\n<tr data-start=\"2390\" data-end=\"2435\">\n<th data-start=\"2390\" data-end=\"2406\" data-col-size=\"sm\">Kupplung Typ<\/th>\n<th data-start=\"2406\" data-end=\"2420\" data-col-size=\"md\">Beschreibung<\/th>\n<th data-start=\"2420\" data-end=\"2435\" data-col-size=\"md\">Typische Verwendung<\/th>\n<\/tr>\n<\/thead>\n<tbody data-start=\"2450\" data-end=\"3062\">\n<tr data-start=\"2450\" data-end=\"2571\">\n<td data-start=\"2450\" data-end=\"2471\" data-col-size=\"sm\"><strong data-start=\"2452\" data-end=\"2470\">Starre Kopplung<\/strong><\/td>\n<td data-start=\"2471\" data-end=\"2520\" data-col-size=\"md\">Solide Verbindung, kein Versatzausgleich<\/td>\n<td data-start=\"2520\" data-end=\"2571\" data-col-size=\"md\">Pr\u00e4zise Wellenausrichtung, Anwendungen mit niedriger Drehzahl<\/td>\n<\/tr>\n<tr data-start=\"2572\" data-end=\"2681\">\n<td data-start=\"2572\" data-end=\"2596\" data-col-size=\"sm\"><strong data-start=\"2574\" data-end=\"2595\">Flexible Kupplung<\/strong><\/td>\n<td data-start=\"2596\" data-end=\"2639\" data-col-size=\"md\">Erlaubt winklige und parallele Versetzung<\/td>\n<td data-start=\"2639\" data-end=\"2681\" data-col-size=\"md\">Motoren, Pumpen, leichte Schwingungsd\u00e4mpfung<\/td>\n<\/tr>\n<tr data-start=\"2682\" data-end=\"2787\">\n<td data-start=\"2682\" data-end=\"2701\" data-col-size=\"sm\"><strong data-start=\"2684\" data-end=\"2700\">Klauenkupplung<\/strong><\/td>\n<td data-start=\"2701\" data-end=\"2748\" data-col-size=\"md\">Elastomer-Einsatz d\u00e4mpft Vibrationen und St\u00f6\u00dfe<\/td>\n<td data-start=\"2748\" data-end=\"2787\" data-col-size=\"md\">Universelle Drehmoment\u00fcbertragung<\/td>\n<\/tr>\n<tr data-start=\"2788\" data-end=\"2883\">\n<td data-start=\"2788\" data-end=\"2808\" data-col-size=\"sm\"><strong data-start=\"2790\" data-end=\"2807\">Zahnkupplung<\/strong><\/td>\n<td data-start=\"2808\" data-end=\"2848\" data-col-size=\"md\">Hohes Drehmoment, gleicht Fluchtungsfehler aus<\/td>\n<td data-start=\"2848\" data-end=\"2883\" data-col-size=\"md\">Schwere Industriemaschinen<\/td>\n<\/tr>\n<tr data-start=\"2884\" data-end=\"2979\">\n<td data-start=\"2884\" data-end=\"2911\" data-col-size=\"sm\"><strong data-start=\"2886\" data-end=\"2910\">Gitter-\/Scheibenkupplung<\/strong><\/td>\n<td data-start=\"2911\" data-end=\"2947\" data-col-size=\"md\">Torsionsflexibel, hohes Drehmoment<\/td>\n<td data-start=\"2947\" data-end=\"2979\" data-col-size=\"md\">Pumpen, Kompressoren, Turbinen<\/td>\n<\/tr>\n<tr data-start=\"2980\" data-end=\"3062\">\n<td data-start=\"2980\" data-end=\"3002\" data-col-size=\"sm\"><strong data-start=\"2982\" data-end=\"3001\">Kundenspezifische Kopplung<\/strong><\/td>\n<td data-start=\"3002\" data-end=\"3033\" data-col-size=\"md\">Entwickelt nach Spezifikationen<\/td>\n<td data-start=\"3033\" data-end=\"3062\" data-col-size=\"md\">OEM und Spezialmaschinen<\/td>\n<\/tr>\n<\/tbody>\n<\/table>\n<\/div>\n<\/div>\n<h2 data-start=\"3069\" data-end=\"3121\"><strong data-start=\"3072\" data-end=\"3119\">Technische Parameter (repr\u00e4sentativer Bereich)<\/strong><\/h2>\n<div class=\"TyagGW_tableContainer\">\n<div class=\"group TyagGW_tableWrapper flex flex-col-reverse w-fit\" tabindex=\"-1\">\n<table class=\"w-fit min-w-(--thread-content-width)\" data-start=\"3123\" data-end=\"3669\">\n<thead data-start=\"3123\" data-end=\"3160\">\n<tr data-start=\"3123\" data-end=\"3160\">\n<th data-start=\"3123\" data-end=\"3135\" data-col-size=\"sm\">Parameter<\/th>\n<th data-start=\"3135\" data-end=\"3160\" data-col-size=\"md\">Spezifikation \/ Reichweite<\/th>\n<\/tr>\n<\/thead>\n<tbody data-start=\"3171\" data-end=\"3669\">\n<tr data-start=\"3171\" data-end=\"3268\">\n<td data-start=\"3171\" data-end=\"3190\" data-col-size=\"sm\">Material-Optionen<\/td>\n<td data-start=\"3190\" data-end=\"3268\" data-col-size=\"md\">Kohlenstoffstahl, legierter Stahl, rostfreier Stahl, Aluminium, technische Kunststoffe<\/td>\n<\/tr>\n<tr data-start=\"3269\" data-end=\"3317\">\n<td data-start=\"3269\" data-end=\"3285\" data-col-size=\"sm\">Bohrungsdurchmesser<\/td>\n<td data-start=\"3285\" data-end=\"3317\" data-col-size=\"md\">5 mm - 150 mm (anpassbar)<\/td>\n<\/tr>\n<tr data-start=\"3318\" data-end=\"3381\">\n<td data-start=\"3318\" data-end=\"3336\" data-col-size=\"sm\">Drehmoment Kapazit\u00e4t<\/td>\n<td data-start=\"3336\" data-end=\"3381\" data-col-size=\"md\">10 Nm - 50.000 Nm (anwendungsabh\u00e4ngig)<\/td>\n<\/tr>\n<tr data-start=\"3382\" data-end=\"3461\">\n<td data-start=\"3382\" data-end=\"3406\" data-col-size=\"sm\">Verlagerungsf\u00e4higkeit<\/td>\n<td data-start=\"3406\" data-end=\"3461\" data-col-size=\"md\">Winklig: 1\u00b0-5\u00b0, Parallel: 0,1-1 mm, Axial: 0,5-5 mm<\/td>\n<\/tr>\n<tr data-start=\"3462\" data-end=\"3510\">\n<td data-start=\"3462\" data-end=\"3470\" data-col-size=\"sm\">Geschwindigkeit<\/td>\n<td data-start=\"3470\" data-end=\"3510\" data-col-size=\"md\">Bis zu 10.000 RPM (je nach Typ)<\/td>\n<\/tr>\n<tr data-start=\"3511\" data-end=\"3562\">\n<td data-start=\"3511\" data-end=\"3531\" data-col-size=\"sm\">Oberfl\u00e4chenbehandlung<\/td>\n<td data-start=\"3531\" data-end=\"3562\" data-col-size=\"md\">H\u00e4rtung, Beschichtung, Plattierung<\/td>\n<\/tr>\n<tr data-start=\"3563\" data-end=\"3607\">\n<td data-start=\"3563\" data-end=\"3585\" data-col-size=\"sm\">Unterst\u00fctzte Standards<\/td>\n<td data-start=\"3585\" data-end=\"3607\" data-col-size=\"md\">ISO, DIN, AGMA, GB<\/td>\n<\/tr>\n<tr data-start=\"3608\" data-end=\"3669\">\n<td data-start=\"3608\" data-end=\"3626\" data-col-size=\"sm\">Produktion Typ<\/td>\n<td data-start=\"3626\" data-end=\"3669\" data-col-size=\"md\">Prototyp, Kleinserie, Massenproduktion<\/td>\n<\/tr>\n<\/tbody>\n<\/table>\n<\/div>\n<\/div>\n<h2 data-start=\"3676\" data-end=\"3709\"><strong data-start=\"3679\" data-end=\"3709\">Material &amp; Auswahlhilfe<\/strong><\/h2>\n<div class=\"TyagGW_tableContainer\">\n<div class=\"group TyagGW_tableWrapper flex flex-col-reverse w-fit\" tabindex=\"-1\">\n<table class=\"w-fit min-w-(--thread-content-width)\" data-start=\"3711\" data-end=\"4136\">\n<thead data-start=\"3711\" data-end=\"3750\">\n<tr data-start=\"3711\" data-end=\"3750\">\n<th data-start=\"3711\" data-end=\"3722\" data-col-size=\"sm\">Material<\/th>\n<th data-start=\"3722\" data-end=\"3735\" data-col-size=\"sm\">Vorteile<\/th>\n<th data-start=\"3735\" data-end=\"3750\" data-col-size=\"sm\">Typische Verwendung<\/th>\n<\/tr>\n<\/thead>\n<tbody data-start=\"3765\" data-end=\"4136\">\n<tr data-start=\"3765\" data-end=\"3841\">\n<td data-start=\"3765\" data-end=\"3784\" data-col-size=\"sm\"><strong data-start=\"3767\" data-end=\"3783\">Kohlenstoffstahl<\/strong><\/td>\n<td data-start=\"3784\" data-end=\"3809\" data-col-size=\"sm\">Stark, kosteneffizient<\/td>\n<td data-start=\"3809\" data-end=\"3841\" data-col-size=\"sm\">Allgemeine Industriekupplungen<\/td>\n<\/tr>\n<tr data-start=\"3842\" data-end=\"3935\">\n<td data-start=\"3842\" data-end=\"3860\" data-col-size=\"sm\"><strong data-start=\"3844\" data-end=\"3859\">Legierter Stahl<\/strong><\/td>\n<td data-start=\"3860\" data-end=\"3892\" data-col-size=\"sm\">Hohe Festigkeit, verschlei\u00dffest<\/td>\n<td data-start=\"3892\" data-end=\"3935\" data-col-size=\"sm\">Schwerlast- und drehmomentstarke Anwendungen<\/td>\n<\/tr>\n<tr data-start=\"3936\" data-end=\"4020\">\n<td data-start=\"3936\" data-end=\"3958\" data-col-size=\"sm\"><strong data-start=\"3938\" data-end=\"3957\">Rostfreier Stahl<\/strong><\/td>\n<td data-start=\"3958\" data-end=\"3980\" data-col-size=\"sm\">Korrosionsbest\u00e4ndig<\/td>\n<td data-start=\"3980\" data-end=\"4020\" data-col-size=\"sm\">Schiffs-, Chemie- und Nahrungsmittelmaschinen<\/td>\n<\/tr>\n<tr data-start=\"4021\" data-end=\"4136\">\n<td data-start=\"4021\" data-end=\"4061\" data-col-size=\"sm\"><strong data-start=\"4023\" data-end=\"4060\">Technische Kunststoffe \/ Elastomere<\/strong><\/td>\n<td data-start=\"4061\" data-end=\"4093\" data-col-size=\"sm\">Sto\u00dfd\u00e4mpfung, leicht<\/td>\n<td data-start=\"4093\" data-end=\"4136\" data-col-size=\"sm\">Langsame, vibrationsanf\u00e4llige Anwendungen<\/td>\n<\/tr>\n<\/tbody>\n<\/table>\n<\/div>\n<\/div>\n<div class=\"TyagGW_tableContainer\">\n<div class=\"group TyagGW_tableWrapper flex flex-col-reverse w-fit\" tabindex=\"-1\">\n<table class=\"w-fit min-w-(--thread-content-width)\" data-start=\"4138\" data-end=\"4521\">\n<thead data-start=\"4138\" data-end=\"4185\">\n<tr data-start=\"4138\" data-end=\"4185\">\n<th data-start=\"4138\" data-end=\"4154\" data-col-size=\"sm\">Kupplung Typ<\/th>\n<th data-start=\"4154\" data-end=\"4166\" data-col-size=\"sm\">Vorteil<\/th>\n<th data-start=\"4166\" data-end=\"4185\" data-col-size=\"sm\">Empfohlen f\u00fcr<\/th>\n<\/tr>\n<\/thead>\n<tbody data-start=\"4200\" data-end=\"4521\">\n<tr data-start=\"4200\" data-end=\"4263\">\n<td data-start=\"4200\" data-end=\"4208\" data-col-size=\"sm\">Starre<\/td>\n<td data-start=\"4208\" data-end=\"4241\" data-col-size=\"sm\">Hohes Drehmoment, pr\u00e4zise Ausrichtung<\/td>\n<td data-start=\"4241\" data-end=\"4263\" data-col-size=\"sm\">Langsam laufende Maschinen<\/td>\n<\/tr>\n<tr data-start=\"4264\" data-end=\"4320\">\n<td data-start=\"4264\" data-end=\"4275\" data-col-size=\"sm\">Flexibel<\/td>\n<td data-start=\"4275\" data-end=\"4303\" data-col-size=\"sm\">Ausgleich von Fluchtungsfehlern<\/td>\n<td data-start=\"4303\" data-end=\"4320\" data-col-size=\"sm\">Motoren, Pumpen<\/td>\n<\/tr>\n<tr data-start=\"4321\" data-end=\"4389\">\n<td data-start=\"4321\" data-end=\"4327\" data-col-size=\"sm\">Kiefer<\/td>\n<td data-start=\"4327\" data-end=\"4350\" data-col-size=\"sm\">Schwingungsd\u00e4mpfung<\/td>\n<td data-start=\"4350\" data-end=\"4389\" data-col-size=\"sm\">Mittelschnelllaufende Allzweckantriebe<\/td>\n<\/tr>\n<tr data-start=\"4390\" data-end=\"4451\">\n<td data-start=\"4390\" data-end=\"4397\" data-col-size=\"sm\">Getriebe<\/td>\n<td data-start=\"4397\" data-end=\"4417\" data-col-size=\"sm\">Hochbelastbares Drehmoment<\/td>\n<td data-start=\"4417\" data-end=\"4451\" data-col-size=\"sm\">Hochbelastete Industriemaschinen<\/td>\n<\/tr>\n<tr data-start=\"4452\" data-end=\"4521\">\n<td data-start=\"4452\" data-end=\"4466\" data-col-size=\"sm\">Raster \/ Scheibe<\/td>\n<td data-start=\"4466\" data-end=\"4489\" data-col-size=\"sm\">Torsionsflexibel<\/td>\n<td data-start=\"4489\" data-end=\"4521\" data-col-size=\"sm\">Pumpen, Kompressoren, Turbinen<\/td>\n<\/tr>\n<\/tbody>\n<\/table>\n<\/div>\n<\/div>\n<h2 data-start=\"4528\" data-end=\"4551\"><strong data-start=\"4531\" data-end=\"4551\">Warum Wonzh w\u00e4hlen<\/strong><\/h2>\n<ul data-start=\"4553\" data-end=\"4854\">\n<li data-start=\"4553\" data-end=\"4601\">\n<p data-start=\"4555\" data-end=\"4601\">Hochwertige, pr\u00e4zisionsgefertigte Kupplungen<\/p>\n<\/li>\n<li data-start=\"4602\" data-end=\"4653\">\n<p data-start=\"4604\" data-end=\"4653\">Fortschrittliche Herstellungs- und Pr\u00fcfverfahren<\/p>\n<\/li>\n<li data-start=\"4654\" data-end=\"4730\">\n<p data-start=\"4656\" data-end=\"4730\">Kundenspezifische technische Unterst\u00fctzung f\u00fcr Drehmoment, Ausrichtung und Materialauswahl<\/p>\n<\/li>\n<li data-start=\"4731\" data-end=\"4800\">\n<p data-start=\"4733\" data-end=\"4800\">Langlebig, verschlei\u00dffest und zuverl\u00e4ssig f\u00fcr schwere Anwendungen<\/p>\n<\/li>\n<li data-start=\"4801\" data-end=\"4854\">\n<p data-start=\"4803\" data-end=\"4854\">Vom Prototyp zur Massenproduktion mit weltweiter Lieferung<\/p>\n<\/li>\n<\/ul>\n<h2 data-start=\"4861\" data-end=\"4902\"><strong data-start=\"4864\" data-end=\"4900\">H\u00e4ufig gestellte Fragen (FAQ)<\/strong><\/h2>\n<h3 data-start=\"4904\" data-end=\"4952\"><strong data-start=\"4908\" data-end=\"4950\">F1: Was ist der Zweck einer Kupplung?<\/strong><\/h3>\n<p data-start=\"4953\" data-end=\"5073\">Eine Kupplung verbindet zwei Wellen, um ein Drehmoment zu \u00fcbertragen und gleichzeitig Ausrichtungsfehler auszugleichen und Schwingungen oder St\u00f6\u00dfe zu d\u00e4mpfen.<\/p>\n<h3 data-start=\"5075\" data-end=\"5122\"><strong data-start=\"5079\" data-end=\"5120\">F2: K\u00f6nnen Sie kundenspezifische Kupplungen anbieten?<\/strong><\/h3>\n<p data-start=\"5123\" data-end=\"5230\">Ja. Wir fertigen kundenspezifische Kupplungen auf der Grundlage von Wellengr\u00f6\u00dfen, Drehmomentanforderungen und Betriebsbedingungen.<\/p>\n<h3 data-start=\"5232\" data-end=\"5306\"><strong data-start=\"5236\" data-end=\"5304\">F3: Welche Art von Kupplung eignet sich am besten f\u00fcr Anwendungen mit hohen Drehmomenten?<\/strong><\/h3>\n<p data-start=\"5307\" data-end=\"5404\"><strong data-start=\"5307\" data-end=\"5325\">Getriebekupplungen<\/strong> und <strong data-start=\"5330\" data-end=\"5353\">Gitter\/Scheiben-Kupplungen<\/strong> sind ideal f\u00fcr Maschinen mit hohem Drehmoment und hoher Beanspruchung.<\/p>\n<h3 data-start=\"5406\" data-end=\"5468\"><strong data-start=\"5410\" data-end=\"5466\">F4: K\u00f6nnen Kupplungen einen Wellenversatz ausgleichen?<\/strong><\/h3>\n<p data-start=\"5469\" data-end=\"5569\">Ja. Elastische Kupplungen, Klauen-, Zahnrad- und Scheibenkupplungen k\u00f6nnen winklige, parallele und axiale Ausrichtungsfehler ausgleichen.<\/p>\n<h3 data-start=\"5571\" data-end=\"5614\"><strong data-start=\"5575\" data-end=\"5612\">F5: Welche Materialien sind verf\u00fcgbar?<\/strong><\/h3>\n<p data-start=\"5615\" data-end=\"5762\">Kupplungen werden hergestellt aus <strong data-start=\"5639\" data-end=\"5720\">Kohlenstoffstahl, legierter Stahl, rostfreier Stahl, Aluminium oder technische Kunststoffe<\/strong>, je nach den Anforderungen der Anwendung.<\/p>","protected":false},"excerpt":{"rendered":"<p>Kupplungen geliefert von <strong data-start=\"589\" data-end=\"598\">Wonzh<\/strong> sind pr\u00e4zisionsgefertigte mechanische Komponenten, die zur Verbindung von zwei Wellen f\u00fcr die Kraft\u00fcbertragung verwendet werden und dabei Ausrichtungsfehler ausgleichen, Vibrationen reduzieren und die angeschlossenen Ger\u00e4te sch\u00fctzen. Unsere Kupplungen finden breite Anwendung in <strong data-start=\"829\" data-end=\"907\">Motoren, Pumpen, Kompressoren, F\u00f6rderanlagen, Getriebe und Industriemaschinen<\/strong>.<\/p>","protected":false},"featured_media":1530,"comment_status":"open","ping_status":"closed","template":"","meta":{"site-sidebar-layout":"default","site-content-layout":"","ast-site-content-layout":"default","site-content-style":"default","site-sidebar-style":"default","ast-global-header-display":"","ast-banner-title-visibility":"","ast-main-header-display":"","ast-hfb-above-header-display":"","ast-hfb-below-header-display":"","ast-hfb-mobile-header-display":"","site-post-title":"","ast-breadcrumbs-content":"","ast-featured-img":"","footer-sml-layout":"","ast-disable-related-posts":"","theme-transparent-header-meta":"default","adv-header-id-meta":"","stick-header-meta":"default","header-above-stick-meta":"","header-main-stick-meta":"","header-below-stick-meta":"","astra-migrate-meta-layouts":"set","ast-page-background-enabled":"default","ast-page-background-meta":{"desktop":{"background-color":"","background-image":"","background-repeat":"repeat","background-position":"center center","background-size":"auto","background-attachment":"scroll","background-type":"","background-media":"","overlay-type":"","overlay-color":"","overlay-opacity":"","overlay-gradient":""},"tablet":{"background-color":"","background-image":"","background-repeat":"repeat","background-position":"center center","background-size":"auto","background-attachment":"scroll","background-type":"","background-media":"","overlay-type":"","overlay-color":"","overlay-opacity":"","overlay-gradient":""},"mobile":{"background-color":"","background-image":"","background-repeat":"repeat","background-position":"center center","background-size":"auto","background-attachment":"scroll","background-type":"","background-media":"","overlay-type":"","overlay-color":"","overlay-opacity":"","overlay-gradient":""}},"ast-content-background-meta":{"desktop":{"background-color":"var(--ast-global-color-5)","background-image":"","background-repeat":"repeat","background-position":"center center","background-size":"auto","background-attachment":"scroll","background-type":"","background-media":"","overlay-type":"","overlay-color":"","overlay-opacity":"","overlay-gradient":""},"tablet":{"background-color":"var(--ast-global-color-5)","background-image":"","background-repeat":"repeat","background-position":"center center","background-size":"auto","background-attachment":"scroll","background-type":"","background-media":"","overlay-type":"","overlay-color":"","overlay-opacity":"","overlay-gradient":""},"mobile":{"background-color":"var(--ast-global-color-5)","background-image":"","background-repeat":"repeat","background-position":"center center","background-size":"auto","background-attachment":"scroll","background-type":"","background-media":"","overlay-type":"","overlay-color":"","overlay-opacity":"","overlay-gradient":""}}},"product_brand":[],"product_cat":[25],"product_tag":[385,381,377,372,375,376,383,371,374,380,382,373,378,384,379],"class_list":{"0":"post-1472","1":"product","2":"type-product","3":"status-publish","4":"has-post-thumbnail","6":"product_cat-transmission-drive-components","7":"product_tag-china-coupling-manufacturer","8":"product_tag-cnc-coupling","9":"product_tag-disc-coupling","10":"product_tag-flexible-coupling","11":"product_tag-gear-coupling","12":"product_tag-grid-coupling","13":"product_tag-high-torque-coupling","14":"product_tag-industrial-couplings","15":"product_tag-jaw-coupling","16":"product_tag-misalignment-compensation","17":"product_tag-oem-couplings","18":"product_tag-rigid-coupling","19":"product_tag-shaft-connection","20":"product_tag-stainless-steel-coupling","21":"product_tag-torque-transmission","22":"desktop-align-left","23":"tablet-align-left","24":"mobile-align-left","26":"first","27":"instock","28":"shipping-taxable","29":"product-type-simple"},"_links":{"self":[{"href":"https:\/\/www.wonzh.com\/de\/wp-json\/wp\/v2\/product\/1472","targetHints":{"allow":["GET"]}}],"collection":[{"href":"https:\/\/www.wonzh.com\/de\/wp-json\/wp\/v2\/product"}],"about":[{"href":"https:\/\/www.wonzh.com\/de\/wp-json\/wp\/v2\/types\/product"}],"replies":[{"embeddable":true,"href":"https:\/\/www.wonzh.com\/de\/wp-json\/wp\/v2\/comments?post=1472"}],"wp:featuredmedia":[{"embeddable":true,"href":"https:\/\/www.wonzh.com\/de\/wp-json\/wp\/v2\/media\/1530"}],"wp:attachment":[{"href":"https:\/\/www.wonzh.com\/de\/wp-json\/wp\/v2\/media?parent=1472"}],"wp:term":[{"taxonomy":"product_brand","embeddable":true,"href":"https:\/\/www.wonzh.com\/de\/wp-json\/wp\/v2\/product_brand?post=1472"},{"taxonomy":"product_cat","embeddable":true,"href":"https:\/\/www.wonzh.com\/de\/wp-json\/wp\/v2\/product_cat?post=1472"},{"taxonomy":"product_tag","embeddable":true,"href":"https:\/\/www.wonzh.com\/de\/wp-json\/wp\/v2\/product_tag?post=1472"}],"curies":[{"name":"wp","href":"https:\/\/api.w.org\/{rel}","templated":true}]}}