{"id":1471,"date":"2026-02-03T14:55:58","date_gmt":"2026-02-03T14:55:58","guid":{"rendered":"https:\/\/www.wonzh.com\/?post_type=product&#038;p=1471"},"modified":"2026-02-05T14:46:49","modified_gmt":"2026-02-05T14:46:49","slug":"precision-gears-gear-components-for-industrial-machinery-and-oem-applications","status":"publish","type":"product","link":"https:\/\/www.wonzh.com\/de\/product\/precision-gears-gear-components-for-industrial-machinery-and-oem-applications\/","title":{"rendered":"Pr\u00e4zisionszahnr\u00e4der und Getriebekomponenten f\u00fcr Industriemaschinen und OEM-Anwendungen"},"content":{"rendered":"<p data-start=\"567\" data-end=\"900\">Zahnr\u00e4der und Getriebekomponenten geliefert von <strong data-start=\"603\" data-end=\"612\">Wonzh<\/strong> sind pr\u00e4zisionsgefertigte mechanische Teile, die zur \u00dcbertragung von Drehmomenten, zur Steuerung der Geschwindigkeit und zur Einstellung der Bewegung zwischen rotierenden Wellen in Industrieanlagen entwickelt wurden. Unsere Produkte sind weit verbreitet in <strong data-start=\"798\" data-end=\"897\">Getriebe, Automatisierungssysteme, Schwermaschinen, Automobil- und Kraft\u00fcbertragungsanwendungen<\/strong>.<\/p>\n<p data-start=\"902\" data-end=\"1252\">Gefertigt aus hochwertigen <strong data-start=\"928\" data-end=\"1000\">Kohlenstoffstahl, legierter Stahl, rostfreier Stahl und technische Kunststoffe<\/strong>, Wonzh-Zahnr\u00e4der werden fortschrittlichen Verfahren unterzogen <strong data-start=\"1051\" data-end=\"1126\">CNC-Bearbeitung, Abw\u00e4lzfr\u00e4sen, Schleifen, W\u00e4rmebehandlung und Oberfl\u00e4chenbehandlung<\/strong>. Dies gew\u00e4hrleistet eine hohe Ma\u00dfgenauigkeit, Verschlei\u00dffestigkeit, Ger\u00e4uschreduzierung und einen reibungslosen Betrieb unter hoher Belastung.<\/p>\n<p data-start=\"1254\" data-end=\"1597\">Wir bieten <strong data-start=\"1265\" data-end=\"1359\">Stirnr\u00e4der, Schr\u00e4gstirnr\u00e4der, Kegelr\u00e4der, Schneckenr\u00e4der, Zahnstangen und kundenspezifische Getriebekomponenten<\/strong> mit Optionen f\u00fcr Standard- oder vollst\u00e4ndig kundenspezifische Gr\u00f6\u00dfen, Zahnprofile und Materialien. Unser technisches Team unterst\u00fctzt Sie bei der Materialauswahl, Toleranzspezifikation und Konstruktionsoptimierung, um anwendungsspezifische Leistungsanforderungen zu erf\u00fcllen.<\/p>\n<h2 data-start=\"1604\" data-end=\"1623\"><strong data-start=\"1607\" data-end=\"1623\">Wesentliche Merkmale<\/strong><\/h2>\n<ul data-start=\"1625\" data-end=\"1951\">\n<li data-start=\"1625\" data-end=\"1682\">\n<p data-start=\"1627\" data-end=\"1682\">Hohe Ma\u00dfhaltigkeit und Pr\u00e4zision des Zahnprofils<\/p>\n<\/li>\n<li data-start=\"1683\" data-end=\"1733\">\n<p data-start=\"1685\" data-end=\"1733\">Ausgezeichnete Verschlei\u00dffestigkeit und Oberfl\u00e4chenh\u00e4rte<\/p>\n<\/li>\n<li data-start=\"1734\" data-end=\"1789\">\n<p data-start=\"1736\" data-end=\"1789\">Effiziente Drehmoment\u00fcbertragung mit minimalem Umkehrspiel<\/p>\n<\/li>\n<li data-start=\"1790\" data-end=\"1845\">\n<p data-start=\"1792\" data-end=\"1845\">Kompatibel mit Standard- und kundenspezifischen Getriebebaugruppen<\/p>\n<\/li>\n<li data-start=\"1846\" data-end=\"1895\">\n<p data-start=\"1848\" data-end=\"1895\">Anpassbare Materialien, Gr\u00f6\u00dfen und Getriebetypen<\/p>\n<\/li>\n<li data-start=\"1896\" data-end=\"1951\">\n<p data-start=\"1898\" data-end=\"1951\">Unterst\u00fctzung bei der Prototypen-, Kleinserien- und Massenproduktion<\/p>\n<\/li>\n<\/ul>\n<h2 data-start=\"1958\" data-end=\"1985\"><strong data-start=\"1961\" data-end=\"1985\">Typische Anwendungen<\/strong><\/h2>\n<ul data-start=\"1987\" data-end=\"2270\">\n<li data-start=\"1987\" data-end=\"2025\">\n<p data-start=\"1989\" data-end=\"2025\">Getriebe und \u00dcbertragungssysteme<\/p>\n<\/li>\n<li data-start=\"2026\" data-end=\"2061\">\n<p data-start=\"2028\" data-end=\"2061\">Ausr\u00fcstung f\u00fcr die industrielle Automatisierung<\/p>\n<\/li>\n<li data-start=\"2062\" data-end=\"2113\">\n<p data-start=\"2064\" data-end=\"2113\">Schwermaschinen und Materialtransportger\u00e4te<\/p>\n<\/li>\n<li data-start=\"2114\" data-end=\"2155\">\n<p data-start=\"2116\" data-end=\"2155\">Automobil- und Transportanwendungen<\/p>\n<\/li>\n<li data-start=\"2156\" data-end=\"2195\">\n<p data-start=\"2158\" data-end=\"2195\">Luft- und Raumfahrt und Pr\u00e4zisionsinstrumente<\/p>\n<\/li>\n<li data-start=\"2196\" data-end=\"2232\">\n<p data-start=\"2198\" data-end=\"2232\">Pumpen, Kompressoren und Turbinen<\/p>\n<\/li>\n<li data-start=\"2233\" data-end=\"2270\">\n<p data-start=\"2235\" data-end=\"2270\">Bergbau und Baumaschinen<\/p>\n<\/li>\n<\/ul>\n<h2 data-start=\"2277\" data-end=\"2304\"><strong data-start=\"2280\" data-end=\"2304\">Von uns gelieferte Getriebetypen<\/strong><\/h2>\n<div class=\"TyagGW_tableContainer\">\n<div class=\"group TyagGW_tableWrapper flex flex-col-reverse w-fit\" tabindex=\"-1\">\n<table class=\"w-fit min-w-(--thread-content-width)\" data-start=\"2306\" data-end=\"2901\">\n<thead data-start=\"2306\" data-end=\"2347\">\n<tr data-start=\"2306\" data-end=\"2347\">\n<th data-start=\"2306\" data-end=\"2318\" data-col-size=\"sm\">Getriebetyp<\/th>\n<th data-start=\"2318\" data-end=\"2332\" data-col-size=\"sm\">Beschreibung<\/th>\n<th data-start=\"2332\" data-end=\"2347\" data-col-size=\"sm\">Typische Verwendung<\/th>\n<\/tr>\n<\/thead>\n<tbody data-start=\"2362\" data-end=\"2901\">\n<tr data-start=\"2362\" data-end=\"2447\">\n<td data-start=\"2362\" data-end=\"2378\" data-col-size=\"sm\"><strong data-start=\"2364\" data-end=\"2377\">Stirnrad<\/strong><\/td>\n<td data-start=\"2378\" data-end=\"2416\" data-col-size=\"sm\">Gerade Z\u00e4hne parallel zur Achse<\/td>\n<td data-start=\"2416\" data-end=\"2447\" data-col-size=\"sm\">Einfache Getriebe, F\u00f6rderanlagen<\/td>\n<\/tr>\n<tr data-start=\"2448\" data-end=\"2539\">\n<td data-start=\"2448\" data-end=\"2467\" data-col-size=\"sm\"><strong data-start=\"2450\" data-end=\"2466\">Stirnradgetriebe<\/strong><\/td>\n<td data-start=\"2467\" data-end=\"2503\" data-col-size=\"sm\">Abgewinkelte Z\u00e4hne f\u00fcr reibungslosen Betrieb<\/td>\n<td data-start=\"2503\" data-end=\"2539\" data-col-size=\"sm\">Hochgeschwindigkeits- und Hochlastsysteme<\/td>\n<\/tr>\n<tr data-start=\"2540\" data-end=\"2631\">\n<td data-start=\"2540\" data-end=\"2557\" data-col-size=\"sm\"><strong data-start=\"2542\" data-end=\"2556\">Kegelrad<\/strong><\/td>\n<td data-start=\"2557\" data-end=\"2598\" data-col-size=\"sm\">Konische Z\u00e4hne f\u00fcr die Winkel\u00fcbertragung<\/td>\n<td data-start=\"2598\" data-end=\"2631\" data-col-size=\"sm\">Rechtwinklige Antriebe, Maschinen<\/td>\n<\/tr>\n<tr data-start=\"2632\" data-end=\"2718\">\n<td data-start=\"2632\" data-end=\"2648\" data-col-size=\"sm\"><strong data-start=\"2634\" data-end=\"2647\">Schneckengetriebe<\/strong><\/td>\n<td data-start=\"2648\" data-end=\"2679\" data-col-size=\"sm\">Zahnrad mit Gewinde und Schneckenschraube<\/td>\n<td data-start=\"2679\" data-end=\"2718\" data-col-size=\"sm\">Hohe Untersetzung, Drehmoment\u00fcbertragung<\/td>\n<\/tr>\n<tr data-start=\"2719\" data-end=\"2805\">\n<td data-start=\"2719\" data-end=\"2735\" data-col-size=\"sm\"><strong data-start=\"2721\" data-end=\"2734\">Zahnstange<\/strong><\/td>\n<td data-start=\"2735\" data-end=\"2771\" data-col-size=\"sm\">Lineargetriebe zur Bewegungsumwandlung<\/td>\n<td data-start=\"2771\" data-end=\"2805\" data-col-size=\"sm\">Linearantriebe, CNC-Maschinen<\/td>\n<\/tr>\n<tr data-start=\"2806\" data-end=\"2901\">\n<td data-start=\"2806\" data-end=\"2835\" data-col-size=\"sm\"><strong data-start=\"2808\" data-end=\"2834\">Kundenspezifische Getriebekomponenten<\/strong><\/td>\n<td data-start=\"2835\" data-end=\"2865\" data-col-size=\"sm\">Entwickelt nach Spezifikation<\/td>\n<td data-start=\"2865\" data-end=\"2901\" data-col-size=\"sm\">OEM- und Spezialanwendungen<\/td>\n<\/tr>\n<\/tbody>\n<\/table>\n<\/div>\n<\/div>\n<h2 data-start=\"2908\" data-end=\"2960\"><strong data-start=\"2911\" data-end=\"2958\">Technische Parameter (repr\u00e4sentativer Bereich)<\/strong><\/h2>\n<div class=\"TyagGW_tableContainer\">\n<div class=\"group TyagGW_tableWrapper flex flex-col-reverse w-fit\" tabindex=\"-1\">\n<table class=\"w-fit min-w-(--thread-content-width)\" data-start=\"2962\" data-end=\"3474\">\n<thead data-start=\"2962\" data-end=\"2999\">\n<tr data-start=\"2962\" data-end=\"2999\">\n<th data-start=\"2962\" data-end=\"2974\" data-col-size=\"sm\">Parameter<\/th>\n<th data-start=\"2974\" data-end=\"2999\" data-col-size=\"md\">Spezifikation \/ Reichweite<\/th>\n<\/tr>\n<\/thead>\n<tbody data-start=\"3010\" data-end=\"3474\">\n<tr data-start=\"3010\" data-end=\"3097\">\n<td data-start=\"3010\" data-end=\"3029\" data-col-size=\"sm\">Material-Optionen<\/td>\n<td data-start=\"3029\" data-end=\"3097\" data-col-size=\"md\">Kohlenstoffstahl, legierter Stahl, rostfreier Stahl, technische Kunststoffe<\/td>\n<\/tr>\n<tr data-start=\"3098\" data-end=\"3148\">\n<td data-start=\"3098\" data-end=\"3115\" data-col-size=\"sm\">Modul\/Teilung<\/td>\n<td data-start=\"3115\" data-end=\"3148\" data-col-size=\"md\">0,5 mm - 50 mm (anpassbar)<\/td>\n<\/tr>\n<tr data-start=\"3149\" data-end=\"3204\">\n<td data-start=\"3149\" data-end=\"3165\" data-col-size=\"sm\">Durchmesser des Getriebes<\/td>\n<td data-start=\"3165\" data-end=\"3204\" data-col-size=\"md\">10 mm - 1000 mm (projektabh\u00e4ngig)<\/td>\n<\/tr>\n<tr data-start=\"3205\" data-end=\"3241\">\n<td data-start=\"3205\" data-end=\"3222\" data-col-size=\"sm\">Eingriffswinkel<\/td>\n<td data-start=\"3222\" data-end=\"3241\" data-col-size=\"md\">14.5\u00b0, 20\u00b0, 25\u00b0<\/td>\n<\/tr>\n<tr data-start=\"3242\" data-end=\"3302\">\n<td data-start=\"3242\" data-end=\"3258\" data-col-size=\"sm\">Z\u00e4hne Profil<\/td>\n<td data-start=\"3258\" data-end=\"3302\" data-col-size=\"md\">Evolvente, gerade, schraubenf\u00f6rmig, Kegel, Schnecke<\/td>\n<\/tr>\n<tr data-start=\"3303\" data-end=\"3369\">\n<td data-start=\"3303\" data-end=\"3323\" data-col-size=\"sm\">Oberfl\u00e4chenbehandlung<\/td>\n<td data-start=\"3323\" data-end=\"3369\" data-col-size=\"md\">H\u00e4rten, Nitrieren, Aufkohlen, Beschichten<\/td>\n<\/tr>\n<tr data-start=\"3370\" data-end=\"3431\">\n<td data-start=\"3370\" data-end=\"3388\" data-col-size=\"sm\">Produktion Typ<\/td>\n<td data-start=\"3388\" data-end=\"3431\" data-col-size=\"md\">Prototyp, Kleinserie, Massenproduktion<\/td>\n<\/tr>\n<tr data-start=\"3432\" data-end=\"3474\">\n<td data-start=\"3432\" data-end=\"3452\" data-col-size=\"sm\">Qualit\u00e4tsstandards<\/td>\n<td data-start=\"3452\" data-end=\"3474\" data-col-size=\"md\">ISO, DIN, AGMA, GB<\/td>\n<\/tr>\n<\/tbody>\n<\/table>\n<\/div>\n<\/div>\n<h2 data-start=\"3481\" data-end=\"3524\"><strong data-start=\"3484\" data-end=\"3524\">Leitfaden zur Auswahl von Material und Behandlung<\/strong><\/h2>\n<div class=\"TyagGW_tableContainer\">\n<div class=\"group TyagGW_tableWrapper flex flex-col-reverse w-fit\" tabindex=\"-1\">\n<table class=\"w-fit min-w-(--thread-content-width)\" data-start=\"3526\" data-end=\"3956\">\n<thead data-start=\"3526\" data-end=\"3564\">\n<tr data-start=\"3526\" data-end=\"3564\">\n<th data-start=\"3526\" data-end=\"3537\" data-col-size=\"sm\">Material<\/th>\n<th data-start=\"3537\" data-end=\"3549\" data-col-size=\"sm\">Vorteil<\/th>\n<th data-start=\"3549\" data-end=\"3564\" data-col-size=\"md\">Typische Verwendung<\/th>\n<\/tr>\n<\/thead>\n<tbody data-start=\"3579\" data-end=\"3956\">\n<tr data-start=\"3579\" data-end=\"3657\">\n<td data-start=\"3579\" data-end=\"3598\" data-col-size=\"sm\"><strong data-start=\"3581\" data-end=\"3597\">Kohlenstoffstahl<\/strong><\/td>\n<td data-start=\"3598\" data-end=\"3630\" data-col-size=\"sm\">Hohe Festigkeit, kosteng\u00fcnstig<\/td>\n<td data-start=\"3630\" data-end=\"3657\" data-col-size=\"md\">Getriebe f\u00fcr allgemeine Maschinen<\/td>\n<\/tr>\n<tr data-start=\"3658\" data-end=\"3754\">\n<td data-start=\"3658\" data-end=\"3676\" data-col-size=\"sm\"><strong data-start=\"3660\" data-end=\"3675\">Legierter Stahl<\/strong><\/td>\n<td data-start=\"3676\" data-end=\"3716\" data-col-size=\"sm\">Erh\u00f6hte H\u00e4rte, Erm\u00fcdungsfestigkeit<\/td>\n<td data-start=\"3716\" data-end=\"3754\" data-col-size=\"md\">Starke Beanspruchung, hohe Belastung<\/td>\n<\/tr>\n<tr data-start=\"3755\" data-end=\"3849\">\n<td data-start=\"3755\" data-end=\"3777\" data-col-size=\"sm\"><strong data-start=\"3757\" data-end=\"3776\">Rostfreier Stahl<\/strong><\/td>\n<td data-start=\"3777\" data-end=\"3799\" data-col-size=\"sm\">Korrosionsbest\u00e4ndig<\/td>\n<td data-start=\"3799\" data-end=\"3849\" data-col-size=\"md\">Marine-, Chemie- oder Lebensmittelverarbeitungsanlagen<\/td>\n<\/tr>\n<tr data-start=\"3850\" data-end=\"3956\">\n<td data-start=\"3850\" data-end=\"3890\" data-col-size=\"sm\"><strong data-start=\"3852\" data-end=\"3889\">Technische Kunststoffe (POM, Nylon)<\/strong><\/td>\n<td data-start=\"3890\" data-end=\"3915\" data-col-size=\"sm\">Geringes Gewicht, wenig L\u00e4rm<\/td>\n<td data-start=\"3915\" data-end=\"3956\" data-col-size=\"md\">Pr\u00e4zisionsgetriebeanwendungen mit geringer Belastung<\/td>\n<\/tr>\n<\/tbody>\n<\/table>\n<\/div>\n<\/div>\n<div class=\"TyagGW_tableContainer\">\n<div class=\"group TyagGW_tableWrapper flex flex-col-reverse w-fit\" tabindex=\"-1\">\n<table class=\"w-fit min-w-(--thread-content-width)\" data-start=\"3958\" data-end=\"4334\">\n<thead data-start=\"3958\" data-end=\"3995\">\n<tr data-start=\"3958\" data-end=\"3995\">\n<th data-start=\"3958\" data-end=\"3970\" data-col-size=\"sm\">Behandlung<\/th>\n<th data-start=\"3970\" data-end=\"3980\" data-col-size=\"md\">Zweck<\/th>\n<th data-start=\"3980\" data-end=\"3995\" data-col-size=\"sm\">Typische Verwendung<\/th>\n<\/tr>\n<\/thead>\n<tbody data-start=\"4010\" data-end=\"4334\">\n<tr data-start=\"4010\" data-end=\"4082\">\n<td data-start=\"4010\" data-end=\"4022\" data-col-size=\"sm\">Aush\u00e4rtung<\/td>\n<td data-start=\"4022\" data-end=\"4049\" data-col-size=\"md\">Erh\u00f6hung der Verschlei\u00dffestigkeit<\/td>\n<td data-start=\"4049\" data-end=\"4082\" data-col-size=\"sm\">Metallzahnr\u00e4der unter hoher Belastung<\/td>\n<\/tr>\n<tr data-start=\"4083\" data-end=\"4167\">\n<td data-start=\"4083\" data-end=\"4095\" data-col-size=\"sm\">Nitrieren<\/td>\n<td data-start=\"4095\" data-end=\"4137\" data-col-size=\"md\">Oberfl\u00e4chenh\u00e4rte und Erm\u00fcdungsfestigkeit<\/td>\n<td data-start=\"4137\" data-end=\"4167\" data-col-size=\"sm\">Langlebige Hochgeschwindigkeitszahnr\u00e4der<\/td>\n<\/tr>\n<tr data-start=\"4168\" data-end=\"4241\">\n<td data-start=\"4168\" data-end=\"4182\" data-col-size=\"sm\">Aufkohlung<\/td>\n<td data-start=\"4182\" data-end=\"4208\" data-col-size=\"md\">Tiefe harte Oberfl\u00e4chenschicht<\/td>\n<td data-start=\"4208\" data-end=\"4241\" data-col-size=\"sm\">Hochlast-Drehmoment\u00fcbertragung<\/td>\n<\/tr>\n<tr data-start=\"4242\" data-end=\"4334\">\n<td data-start=\"4242\" data-end=\"4252\" data-col-size=\"sm\">Beschichtung<\/td>\n<td data-start=\"4252\" data-end=\"4300\" data-col-size=\"md\">Verringerung der Reibung, Verbesserung der Korrosionsbest\u00e4ndigkeit<\/td>\n<td data-start=\"4300\" data-end=\"4334\" data-col-size=\"sm\">Anwendungen in rauer Umgebung<\/td>\n<\/tr>\n<\/tbody>\n<\/table>\n<\/div>\n<\/div>\n<h2 data-start=\"4341\" data-end=\"4364\"><strong data-start=\"4344\" data-end=\"4364\">Warum Wonzh w\u00e4hlen<\/strong><\/h2>\n<ul data-start=\"4366\" data-end=\"4640\">\n<li data-start=\"4366\" data-end=\"4424\">\n<p data-start=\"4368\" data-end=\"4424\">Fortgeschrittene Technologien zur Herstellung und Endbearbeitung von Zahnr\u00e4dern<\/p>\n<\/li>\n<li data-start=\"4425\" data-end=\"4476\">\n<p data-start=\"4427\" data-end=\"4476\">Strenge Ma\u00df- und Zahnprofilkontrolle<\/p>\n<\/li>\n<li data-start=\"4477\" data-end=\"4523\">\n<p data-start=\"4479\" data-end=\"4523\">Kundenspezifischer Getriebeentwurf und technische Unterst\u00fctzung<\/p>\n<\/li>\n<li data-start=\"4524\" data-end=\"4584\">\n<p data-start=\"4526\" data-end=\"4584\">Langlebige, verschlei\u00dffeste und leistungsstarke Komponenten<\/p>\n<\/li>\n<li data-start=\"4585\" data-end=\"4640\">\n<p data-start=\"4587\" data-end=\"4640\">Vom Prototyp zur Massenproduktion mit zuverl\u00e4ssiger Lieferung<\/p>\n<\/li>\n<\/ul>\n<h2 data-start=\"4647\" data-end=\"4688\"><strong data-start=\"4650\" data-end=\"4686\">H\u00e4ufig gestellte Fragen (FAQ)<\/strong><\/h2>\n<h3 data-start=\"4690\" data-end=\"4743\"><strong data-start=\"4694\" data-end=\"4741\">F1: Welche Arten von Zahnr\u00e4dern stellen Sie her?<\/strong><\/h3>\n<p data-start=\"4744\" data-end=\"4829\">Wir liefern <strong data-start=\"4754\" data-end=\"4802\">Gerad-, Stirnrad-, Kegelrad- und Schneckengetriebe, Zahnstangen<\/strong>, und vollst\u00e4ndig angepasste G\u00e4nge.<\/p>\n<h3 data-start=\"4831\" data-end=\"4887\"><strong data-start=\"4835\" data-end=\"4885\">F2: Kann ich Zahnr\u00e4der aus rostfreiem Stahl bekommen?<\/strong><\/h3>\n<p data-start=\"4888\" data-end=\"4985\">Ja. F\u00fcr korrosive Umgebungen oder lebensmitteltaugliche Anwendungen sind Zahnr\u00e4der aus Edelstahl erh\u00e4ltlich.<\/p>\n<h3 data-start=\"4987\" data-end=\"5053\"><strong data-start=\"4991\" data-end=\"5051\">F3: Unterst\u00fctzen Sie kundenspezifische Zahnradgr\u00f6\u00dfen und Zahnprofile?<\/strong><\/h3>\n<p data-start=\"5054\" data-end=\"5160\">Ja. Wir produzieren Zahnr\u00e4der auf der Grundlage von <strong data-start=\"5085\" data-end=\"5124\">Zeichnungen, CAD-Modelle oder Prototypen<\/strong>, einschlie\u00dflich kundenspezifischer Zahngeometrie.<\/p>\n<h3 data-start=\"5162\" data-end=\"5212\"><strong data-start=\"5166\" data-end=\"5210\">F4: Welche W\u00e4rmebehandlungen sind m\u00f6glich?<\/strong><\/h3>\n<p data-start=\"5213\" data-end=\"5319\">Wir bieten <strong data-start=\"5224\" data-end=\"5274\">H\u00e4rten, Nitrieren, Aufkohlen und Beschichten<\/strong> zur Verbesserung der Verschlei\u00dffestigkeit und Haltbarkeit.<\/p>\n<h3 data-start=\"5321\" data-end=\"5375\"><strong data-start=\"5325\" data-end=\"5373\">F5: Was ist die typische Vorlaufzeit f\u00fcr Zahnr\u00e4der?<\/strong><\/h3>\n<ul data-start=\"5376\" data-end=\"5474\">\n<li data-start=\"5376\" data-end=\"5404\">\n<p data-start=\"5378\" data-end=\"5404\">Prototyp: <strong data-start=\"5389\" data-end=\"5402\">1-2 Wochen<\/strong><\/p>\n<\/li>\n<li data-start=\"5405\" data-end=\"5435\">\n<p data-start=\"5407\" data-end=\"5435\">Kleine Partie: <strong data-start=\"5420\" data-end=\"5433\">2-4 Wochen<\/strong><\/p>\n<\/li>\n<li data-start=\"5436\" data-end=\"5474\">\n<p data-start=\"5438\" data-end=\"5474\">Massenproduktion: projektabh\u00e4ngig<\/p>\n<\/li>\n<\/ul>","protected":false},"excerpt":{"rendered":"<p>Zahnr\u00e4der und Getriebekomponenten geliefert von <strong data-start=\"603\" data-end=\"612\">Wonzh<\/strong> sind pr\u00e4zisionsgefertigte mechanische Teile, die zur \u00dcbertragung von Drehmomenten, zur Steuerung der Geschwindigkeit und zur Einstellung der Bewegung zwischen rotierenden Wellen in Industrieanlagen entwickelt wurden. Unsere Produkte sind weit verbreitet in <strong data-start=\"798\" data-end=\"897\">Getriebe, Automatisierungssysteme, Schwermaschinen, Automobil- und Kraft\u00fcbertragungsanwendungen<\/strong>.<\/p>","protected":false},"featured_media":1529,"comment_status":"open","ping_status":"closed","template":"","meta":{"site-sidebar-layout":"default","site-content-layout":"","ast-site-content-layout":"default","site-content-style":"default","site-sidebar-style":"default","ast-global-header-display":"","ast-banner-title-visibility":"","ast-main-header-display":"","ast-hfb-above-header-display":"","ast-hfb-below-header-display":"","ast-hfb-mobile-header-display":"","site-post-title":"","ast-breadcrumbs-content":"","ast-featured-img":"","footer-sml-layout":"","ast-disable-related-posts":"","theme-transparent-header-meta":"default","adv-header-id-meta":"","stick-header-meta":"default","header-above-stick-meta":"","header-main-stick-meta":"","header-below-stick-meta":"","astra-migrate-meta-layouts":"set","ast-page-background-enabled":"default","ast-page-background-meta":{"desktop":{"background-color":"","background-image":"","background-repeat":"repeat","background-position":"center center","background-size":"auto","background-attachment":"scroll","background-type":"","background-media":"","overlay-type":"","overlay-color":"","overlay-opacity":"","overlay-gradient":""},"tablet":{"background-color":"","background-image":"","background-repeat":"repeat","background-position":"center center","background-size":"auto","background-attachment":"scroll","background-type":"","background-media":"","overlay-type":"","overlay-color":"","overlay-opacity":"","overlay-gradient":""},"mobile":{"background-color":"","background-image":"","background-repeat":"repeat","background-position":"center center","background-size":"auto","background-attachment":"scroll","background-type":"","background-media":"","overlay-type":"","overlay-color":"","overlay-opacity":"","overlay-gradient":""}},"ast-content-background-meta":{"desktop":{"background-color":"var(--ast-global-color-5)","background-image":"","background-repeat":"repeat","background-position":"center center","background-size":"auto","background-attachment":"scroll","background-type":"","background-media":"","overlay-type":"","overlay-color":"","overlay-opacity":"","overlay-gradient":""},"tablet":{"background-color":"var(--ast-global-color-5)","background-image":"","background-repeat":"repeat","background-position":"center center","background-size":"auto","background-attachment":"scroll","background-type":"","background-media":"","overlay-type":"","overlay-color":"","overlay-opacity":"","overlay-gradient":""},"mobile":{"background-color":"var(--ast-global-color-5)","background-image":"","background-repeat":"repeat","background-position":"center center","background-size":"auto","background-attachment":"scroll","background-type":"","background-media":"","overlay-type":"","overlay-color":"","overlay-opacity":"","overlay-gradient":""}}},"product_brand":[],"product_cat":[25],"product_tag":[364,360,370,366,363,357,362,359,368,367,369,356,358,365,361],"class_list":{"0":"post-1471","1":"product","2":"type-product","3":"status-publish","4":"has-post-thumbnail","6":"product_cat-transmission-drive-components","7":"product_tag-alloy-steel-gears","8":"product_tag-bevel-gear","9":"product_tag-china-gear-manufacturer","10":"product_tag-cnc-machined-gears","11":"product_tag-custom-gears","12":"product_tag-gear-components","13":"product_tag-gear-rack","14":"product_tag-helical-gear","15":"product_tag-high-load-gears","16":"product_tag-industrial-gear-components","17":"product_tag-oem-gear-parts","18":"product_tag-precision-gears","19":"product_tag-spur-gear","20":"product_tag-stainless-steel-gears","21":"product_tag-worm-gear","22":"desktop-align-left","23":"tablet-align-left","24":"mobile-align-left","26":"first","27":"instock","28":"shipping-taxable","29":"product-type-simple"},"_links":{"self":[{"href":"https:\/\/www.wonzh.com\/de\/wp-json\/wp\/v2\/product\/1471","targetHints":{"allow":["GET"]}}],"collection":[{"href":"https:\/\/www.wonzh.com\/de\/wp-json\/wp\/v2\/product"}],"about":[{"href":"https:\/\/www.wonzh.com\/de\/wp-json\/wp\/v2\/types\/product"}],"replies":[{"embeddable":true,"href":"https:\/\/www.wonzh.com\/de\/wp-json\/wp\/v2\/comments?post=1471"}],"wp:featuredmedia":[{"embeddable":true,"href":"https:\/\/www.wonzh.com\/de\/wp-json\/wp\/v2\/media\/1529"}],"wp:attachment":[{"href":"https:\/\/www.wonzh.com\/de\/wp-json\/wp\/v2\/media?parent=1471"}],"wp:term":[{"taxonomy":"product_brand","embeddable":true,"href":"https:\/\/www.wonzh.com\/de\/wp-json\/wp\/v2\/product_brand?post=1471"},{"taxonomy":"product_cat","embeddable":true,"href":"https:\/\/www.wonzh.com\/de\/wp-json\/wp\/v2\/product_cat?post=1471"},{"taxonomy":"product_tag","embeddable":true,"href":"https:\/\/www.wonzh.com\/de\/wp-json\/wp\/v2\/product_tag?post=1471"}],"curies":[{"name":"wp","href":"https:\/\/api.w.org\/{rel}","templated":true}]}}