{"id":1465,"date":"2026-02-03T14:47:16","date_gmt":"2026-02-03T14:47:16","guid":{"rendered":"https:\/\/www.wonzh.com\/?post_type=product&#038;p=1465"},"modified":"2026-02-05T14:24:10","modified_gmt":"2026-02-05T14:24:10","slug":"custom-metal-parts-for-industrial-automotive-and-oem-applications","status":"publish","type":"product","link":"https:\/\/www.wonzh.com\/de\/product\/custom-metal-parts-for-industrial-automotive-and-oem-applications\/","title":{"rendered":"Kundenspezifische Metallteile f\u00fcr Industrie-, Automobil- und OEM-Anwendungen"},"content":{"rendered":"<p data-start=\"534\" data-end=\"856\">Kundenspezifische Metallteile geliefert von <strong data-start=\"565\" data-end=\"574\">Wonzh<\/strong> sind pr\u00e4zisionsgefertigte Komponenten, die nach Kundenspezifikationen, Zeichnungen oder Prototypen entwickelt und hergestellt werden. Wir sind darauf spezialisiert, hochwertige Metallteile f\u00fcr verschiedene Branchen zu liefern, darunter Industriemaschinen, Automobilindustrie, Baugewerbe, Energie und Erstausr\u00fcster.<\/p>\n<p data-start=\"858\" data-end=\"1285\">Unser Angebot umfasst eine breite Palette von Metallen.<strong data-start=\"904\" data-end=\"979\">Kohlenstoffstahl, rostfreier Stahl, Aluminium, Messing, Kupfer und legierter Stahl<\/strong>-mit Prozessen wie <strong data-start=\"1005\" data-end=\"1088\">CNC-Bearbeitung, Laserschneiden, Stanzen, Biegen, Schwei\u00dfen und Oberfl\u00e4chenbearbeitung<\/strong>. Durch die Kombination fortschrittlicher Fertigungstechnologien mit einer strengen Qualit\u00e4tskontrolle stellt Wonzh sicher, dass jedes Teil exakte Ma\u00dftoleranzen, mechanische Leistungen und \u00e4sthetische Anforderungen erf\u00fcllt.<\/p>\n<p data-start=\"1287\" data-end=\"1634\">Als zuverl\u00e4ssiger Industrielieferant unterst\u00fctzen wir <strong data-start=\"1332\" data-end=\"1412\">Entwicklung von Prototypen, Kleinserienproduktion und Gro\u00dfserienfertigung<\/strong>, Wonzh arbeitet eng mit Ingenieuren zusammen, um die Materialauswahl, das fertigungsgerechte Design und die Produktionseffizienz zu optimieren. Kundenspezifische Metallteile von Wonzh sind auf Haltbarkeit, Pr\u00e4zision und langfristige Zuverl\u00e4ssigkeit ausgelegt.<\/p>\n<h2 data-start=\"1641\" data-end=\"1660\"><strong data-start=\"1644\" data-end=\"1660\">Wesentliche Merkmale<\/strong><\/h2>\n<ul data-start=\"1662\" data-end=\"1989\">\n<li data-start=\"1662\" data-end=\"1725\">\n<p data-start=\"1664\" data-end=\"1725\">Vollst\u00e4ndig angepasst an Zeichnungen, Spezifikationen oder Prototypen<\/p>\n<\/li>\n<li data-start=\"1726\" data-end=\"1773\">\n<p data-start=\"1728\" data-end=\"1773\">Hohe Ma\u00dfhaltigkeit und Wiederholbarkeit<\/p>\n<\/li>\n<li data-start=\"1774\" data-end=\"1824\">\n<p data-start=\"1776\" data-end=\"1824\">Geeignet f\u00fcr eine breite Palette von Metallen und Legierungen<\/p>\n<\/li>\n<li data-start=\"1825\" data-end=\"1894\">\n<p data-start=\"1827\" data-end=\"1894\">Mehrere Fertigungsverfahren: CNC, Stanzen, Schwei\u00dfen, Biegen<\/p>\n<\/li>\n<li data-start=\"1895\" data-end=\"1948\">\n<p data-start=\"1897\" data-end=\"1948\">Optionen f\u00fcr Oberfl\u00e4chenbehandlung und -veredelung verf\u00fcgbar<\/p>\n<\/li>\n<li data-start=\"1949\" data-end=\"1989\">\n<p data-start=\"1951\" data-end=\"1989\">Unterst\u00fctzung von Prototypen bis zur Massenproduktion<\/p>\n<\/li>\n<\/ul>\n<h2 data-start=\"1996\" data-end=\"2023\"><strong data-start=\"1999\" data-end=\"2023\">Typische Anwendungen<\/strong><\/h2>\n<ul data-start=\"2025\" data-end=\"2295\">\n<li data-start=\"2025\" data-end=\"2060\">\n<p data-start=\"2027\" data-end=\"2060\">Komponenten f\u00fcr Industriemaschinen<\/p>\n<\/li>\n<li data-start=\"2061\" data-end=\"2096\">\n<p data-start=\"2063\" data-end=\"2096\">Automobilteile und -baugruppen<\/p>\n<\/li>\n<li data-start=\"2097\" data-end=\"2129\">\n<p data-start=\"2099\" data-end=\"2129\">Teile f\u00fcr Baumaschinen<\/p>\n<\/li>\n<li data-start=\"2130\" data-end=\"2169\">\n<p data-start=\"2132\" data-end=\"2169\">Energie- und Stromerzeugungssysteme<\/p>\n<\/li>\n<li data-start=\"2170\" data-end=\"2217\">\n<p data-start=\"2172\" data-end=\"2217\">Pumpen, Ventile und Ger\u00e4te zur Handhabung von Fl\u00fcssigkeiten<\/p>\n<\/li>\n<li data-start=\"2218\" data-end=\"2245\">\n<p data-start=\"2220\" data-end=\"2245\">OEM- und MRO-Ersatzteile<\/p>\n<\/li>\n<li data-start=\"2246\" data-end=\"2295\">\n<p data-start=\"2248\" data-end=\"2295\">Architektonische und strukturelle Metallkomponenten<\/p>\n<\/li>\n<\/ul>\n<h2 data-start=\"2302\" data-end=\"2335\"><strong data-start=\"2305\" data-end=\"2335\">Produktionskapazit\u00e4ten<\/strong><\/h2>\n<div class=\"TyagGW_tableContainer\">\n<div class=\"group TyagGW_tableWrapper flex flex-col-reverse w-fit\" tabindex=\"-1\">\n<table class=\"w-fit min-w-(--thread-content-width)\" data-start=\"2337\" data-end=\"2850\">\n<thead data-start=\"2337\" data-end=\"2361\">\n<tr data-start=\"2337\" data-end=\"2361\">\n<th data-start=\"2337\" data-end=\"2347\" data-col-size=\"sm\">Prozess<\/th>\n<th data-start=\"2347\" data-end=\"2361\" data-col-size=\"md\">F\u00e4higkeit<\/th>\n<\/tr>\n<\/thead>\n<tbody data-start=\"2372\" data-end=\"2850\">\n<tr data-start=\"2372\" data-end=\"2449\">\n<td data-start=\"2372\" data-end=\"2388\" data-col-size=\"sm\">CNC-Bearbeitung<\/td>\n<td data-start=\"2388\" data-end=\"2449\" data-col-size=\"md\">Drehen, Fr\u00e4sen, Bohren und Schleifen von komplexen Teilen<\/td>\n<\/tr>\n<tr data-start=\"2450\" data-end=\"2505\">\n<td data-start=\"2450\" data-end=\"2467\" data-col-size=\"sm\">Stanzen von Metall<\/td>\n<td data-start=\"2467\" data-end=\"2505\" data-col-size=\"md\">Gro\u00dfvolumige Blechteile<\/td>\n<\/tr>\n<tr data-start=\"2506\" data-end=\"2568\">\n<td data-start=\"2506\" data-end=\"2522\" data-col-size=\"sm\">Laserschneiden<\/td>\n<td data-start=\"2522\" data-end=\"2568\" data-col-size=\"md\">Pr\u00e4zises Schneiden von Blechen und Platten<\/td>\n<\/tr>\n<tr data-start=\"2569\" data-end=\"2619\">\n<td data-start=\"2569\" data-end=\"2589\" data-col-size=\"sm\">Biegen \/ Umformen<\/td>\n<td data-start=\"2589\" data-end=\"2619\" data-col-size=\"md\">Kundenspezifische Formen und Profile<\/td>\n<\/tr>\n<tr data-start=\"2620\" data-end=\"2689\">\n<td data-start=\"2620\" data-end=\"2641\" data-col-size=\"sm\">Schwei\u00dfen &amp; Montage<\/td>\n<td data-start=\"2641\" data-end=\"2689\" data-col-size=\"md\">WIG, MIG, Punktschwei\u00dfen und modulare Montage<\/td>\n<\/tr>\n<tr data-start=\"2690\" data-end=\"2771\">\n<td data-start=\"2690\" data-end=\"2710\" data-col-size=\"sm\">Oberfl\u00e4chenbehandlung<\/td>\n<td data-start=\"2710\" data-end=\"2771\" data-col-size=\"md\">Eloxieren, Beschichten, Lackieren, Pulverbeschichten, Passivieren<\/td>\n<\/tr>\n<tr data-start=\"2772\" data-end=\"2850\">\n<td data-start=\"2772\" data-end=\"2789\" data-col-size=\"sm\">W\u00e4rmebehandlung<\/td>\n<td data-start=\"2789\" data-end=\"2850\" data-col-size=\"md\">H\u00e4rten, Anlassen, Gl\u00fchen f\u00fcr mechanische Eigenschaften<\/td>\n<\/tr>\n<\/tbody>\n<\/table>\n<\/div>\n<\/div>\n<h2 data-start=\"2857\" data-end=\"2909\"><strong data-start=\"2860\" data-end=\"2907\">Technische Parameter (repr\u00e4sentativer Bereich)<\/strong><\/h2>\n<div class=\"TyagGW_tableContainer\">\n<div class=\"group TyagGW_tableWrapper flex flex-col-reverse w-fit\" tabindex=\"-1\">\n<table class=\"w-fit min-w-(--thread-content-width)\" data-start=\"2911\" data-end=\"3406\">\n<thead data-start=\"2911\" data-end=\"2937\">\n<tr data-start=\"2911\" data-end=\"2937\">\n<th data-start=\"2911\" data-end=\"2923\" data-col-size=\"sm\">Parameter<\/th>\n<th data-start=\"2923\" data-end=\"2937\" data-col-size=\"md\">F\u00e4higkeit<\/th>\n<\/tr>\n<\/thead>\n<tbody data-start=\"2948\" data-end=\"3406\">\n<tr data-start=\"2948\" data-end=\"3038\">\n<td data-start=\"2948\" data-end=\"2967\" data-col-size=\"sm\">Material-Optionen<\/td>\n<td data-start=\"2967\" data-end=\"3038\" data-col-size=\"md\">Kohlenstoffstahl, rostfreier Stahl, Aluminium, Messing, Kupfer, legierter Stahl<\/td>\n<\/tr>\n<tr data-start=\"3039\" data-end=\"3098\">\n<td data-start=\"3039\" data-end=\"3063\" data-col-size=\"sm\">Abmessungstoleranz<\/td>\n<td data-start=\"3063\" data-end=\"3098\" data-col-size=\"md\">Bis zu \u00b10,01 mm (teilabh\u00e4ngig)<\/td>\n<\/tr>\n<tr data-start=\"3099\" data-end=\"3171\">\n<td data-start=\"3099\" data-end=\"3116\" data-col-size=\"sm\">Oberfl\u00e4chenbehandlung<\/td>\n<td data-start=\"3116\" data-end=\"3171\" data-col-size=\"md\">Ra 0,8 - Ra 3,2, poliert, eloxiert, plattiert, beschichtet<\/td>\n<\/tr>\n<tr data-start=\"3172\" data-end=\"3220\">\n<td data-start=\"3172\" data-end=\"3188\" data-col-size=\"sm\">Maximale Teilegr\u00f6\u00dfe<\/td>\n<td data-start=\"3188\" data-end=\"3220\" data-col-size=\"md\">Bis zu 1200 mm (anpassbar)<\/td>\n<\/tr>\n<tr data-start=\"3221\" data-end=\"3282\">\n<td data-start=\"3221\" data-end=\"3239\" data-col-size=\"sm\">Produktion Typ<\/td>\n<td data-start=\"3239\" data-end=\"3282\" data-col-size=\"md\">Prototyp, Kleinserie, Massenproduktion<\/td>\n<\/tr>\n<tr data-start=\"3283\" data-end=\"3335\">\n<td data-start=\"3283\" data-end=\"3303\" data-col-size=\"sm\">Qualit\u00e4tsstandards<\/td>\n<td data-start=\"3303\" data-end=\"3335\" data-col-size=\"md\">ISO-basiertes Pr\u00fcfverfahren<\/td>\n<\/tr>\n<tr data-start=\"3336\" data-end=\"3406\">\n<td data-start=\"3336\" data-end=\"3349\" data-col-size=\"sm\">Inspektion<\/td>\n<td data-start=\"3349\" data-end=\"3406\" data-col-size=\"md\">CMM, Mikrometer, Messschieber, Pr\u00fcfung der Oberfl\u00e4chenrauheit<\/td>\n<\/tr>\n<\/tbody>\n<\/table>\n<\/div>\n<\/div>\n<h2 data-start=\"3413\" data-end=\"3444\"><strong data-start=\"3416\" data-end=\"3444\">Leitfaden zur Materialauswahl<\/strong><\/h2>\n<div class=\"TyagGW_tableContainer\">\n<div class=\"group TyagGW_tableWrapper flex flex-col-reverse w-fit\" tabindex=\"-1\">\n<table class=\"w-fit min-w-(--thread-content-width)\" data-start=\"3446\" data-end=\"3945\">\n<thead data-start=\"3446\" data-end=\"3485\">\n<tr data-start=\"3446\" data-end=\"3485\">\n<th data-start=\"3446\" data-end=\"3457\" data-col-size=\"sm\">Material<\/th>\n<th data-start=\"3457\" data-end=\"3470\" data-col-size=\"sm\">Vorteile<\/th>\n<th data-start=\"3470\" data-end=\"3485\" data-col-size=\"sm\">Typische Verwendung<\/th>\n<\/tr>\n<\/thead>\n<tbody data-start=\"3500\" data-end=\"3945\">\n<tr data-start=\"3500\" data-end=\"3582\">\n<td data-start=\"3500\" data-end=\"3519\" data-col-size=\"sm\"><strong data-start=\"3502\" data-end=\"3518\">Kohlenstoffstahl<\/strong><\/td>\n<td data-start=\"3519\" data-end=\"3551\" data-col-size=\"sm\">Hohe Festigkeit, kosteng\u00fcnstig<\/td>\n<td data-start=\"3551\" data-end=\"3582\" data-col-size=\"sm\">Maschinen, Schwerlastteile<\/td>\n<\/tr>\n<tr data-start=\"3583\" data-end=\"3673\">\n<td data-start=\"3583\" data-end=\"3615\" data-col-size=\"sm\"><strong data-start=\"3585\" data-end=\"3614\">Rostfreier Stahl (304\/316)<\/strong><\/td>\n<td data-start=\"3615\" data-end=\"3637\" data-col-size=\"sm\">Korrosionsbest\u00e4ndig<\/td>\n<td data-start=\"3637\" data-end=\"3673\" data-col-size=\"sm\">Schiffs-, Chemie- und Lebensmittelausr\u00fcstung<\/td>\n<\/tr>\n<tr data-start=\"3674\" data-end=\"3767\">\n<td data-start=\"3674\" data-end=\"3695\" data-col-size=\"sm\"><strong data-start=\"3676\" data-end=\"3694\">Aluminium-Legierung<\/strong><\/td>\n<td data-start=\"3695\" data-end=\"3729\" data-col-size=\"sm\">Leichtes Gewicht, gute Bearbeitbarkeit<\/td>\n<td data-start=\"3729\" data-end=\"3767\" data-col-size=\"sm\">Automobilindustrie, Luft- und Raumfahrt, Elektronik<\/td>\n<\/tr>\n<tr data-start=\"3768\" data-end=\"3858\">\n<td data-start=\"3768\" data-end=\"3789\" data-col-size=\"sm\"><strong data-start=\"3770\" data-end=\"3788\">Messing \/ Kupfer<\/strong><\/td>\n<td data-start=\"3789\" data-end=\"3826\" data-col-size=\"sm\">Leitf\u00e4higkeit, Korrosionsbest\u00e4ndigkeit<\/td>\n<td data-start=\"3826\" data-end=\"3858\" data-col-size=\"sm\">Ventile, Armaturen, Anschl\u00fcsse<\/td>\n<\/tr>\n<tr data-start=\"3859\" data-end=\"3945\">\n<td data-start=\"3859\" data-end=\"3877\" data-col-size=\"sm\"><strong data-start=\"3861\" data-end=\"3876\">Legierter Stahl<\/strong><\/td>\n<td data-start=\"3877\" data-end=\"3910\" data-col-size=\"sm\">Hohe Festigkeit, Verschlei\u00dffestigkeit<\/td>\n<td data-start=\"3910\" data-end=\"3945\" data-col-size=\"sm\">Industrie- und Bergbauausr\u00fcstung<\/td>\n<\/tr>\n<\/tbody>\n<\/table>\n<\/div>\n<\/div>\n<h2 data-start=\"3952\" data-end=\"3975\"><strong data-start=\"3955\" data-end=\"3975\">Warum Wonzh w\u00e4hlen<\/strong><\/h2>\n<ul data-start=\"3977\" data-end=\"4287\">\n<li data-start=\"3977\" data-end=\"4050\">\n<p data-start=\"3979\" data-end=\"4050\">Durchg\u00e4ngige Qualit\u00e4tskontrolle von der Materialbeschaffung bis zur Endkontrolle<\/p>\n<\/li>\n<li data-start=\"4051\" data-end=\"4116\">\n<p data-start=\"4053\" data-end=\"4116\">Moderne Fertigungsanlagen und ein erfahrenes Ingenieurteam<\/p>\n<\/li>\n<li data-start=\"4117\" data-end=\"4173\">\n<p data-start=\"4119\" data-end=\"4173\">Unterst\u00fctzung f\u00fcr komplexe Geometrien und kundenspezifische Toleranzen<\/p>\n<\/li>\n<li data-start=\"4174\" data-end=\"4241\">\n<p data-start=\"4176\" data-end=\"4241\">Flexible Produktion: Prototypen, Kleinserien, Massenproduktion<\/p>\n<\/li>\n<li data-start=\"4242\" data-end=\"4287\">\n<p data-start=\"4244\" data-end=\"4287\">Weltweite Lieferung und zuverl\u00e4ssige Lieferkette<\/p>\n<\/li>\n<\/ul>\n<h2 data-start=\"4294\" data-end=\"4335\"><strong data-start=\"4297\" data-end=\"4333\">H\u00e4ufig gestellte Fragen (FAQ)<\/strong><\/h2>\n<h3 data-start=\"4337\" data-end=\"4394\"><strong data-start=\"4341\" data-end=\"4392\">F1: K\u00f6nnen Sie Teile nach meinen Zeichnungen herstellen?<\/strong><\/h3>\n<p data-start=\"4395\" data-end=\"4500\">Ja. Wir k\u00f6nnen Teile streng nach den folgenden Normen herstellen <strong data-start=\"4447\" data-end=\"4497\">2D\/3D-Zeichnungen, CAD-Dateien oder physische Muster<\/strong>.<\/p>\n<h3 data-start=\"4502\" data-end=\"4547\"><strong data-start=\"4506\" data-end=\"4545\">F2: Welche Dateiformate werden akzeptiert?<\/strong><\/h3>\n<p data-start=\"4548\" data-end=\"4621\">Wir akzeptieren <strong data-start=\"4558\" data-end=\"4587\">SCHRITT, IGES, DXF, DWG, PDF<\/strong> und andere Standard-CAD-Formate.<\/p>\n<h3 data-start=\"4623\" data-end=\"4667\"><strong data-start=\"4627\" data-end=\"4665\">F3: Was ist die typische Vorlaufzeit?<\/strong><\/h3>\n<ul data-start=\"4668\" data-end=\"4766\">\n<li data-start=\"4668\" data-end=\"4696\">\n<p data-start=\"4670\" data-end=\"4696\">Prototyp: <strong data-start=\"4681\" data-end=\"4694\">1-2 Wochen<\/strong><\/p>\n<\/li>\n<li data-start=\"4697\" data-end=\"4727\">\n<p data-start=\"4699\" data-end=\"4727\">Kleine Partie: <strong data-start=\"4712\" data-end=\"4725\">2-4 Wochen<\/strong><\/p>\n<\/li>\n<li data-start=\"4728\" data-end=\"4766\">\n<p data-start=\"4730\" data-end=\"4766\">Massenproduktion: projektabh\u00e4ngig<\/p>\n<\/li>\n<\/ul>\n<h3 data-start=\"4768\" data-end=\"4815\"><strong data-start=\"4772\" data-end=\"4813\">F4: Gibt es Oberfl\u00e4chenbehandlungen?<\/strong><\/h3>\n<p data-start=\"4816\" data-end=\"4915\">Ja. Wir bieten <strong data-start=\"4830\" data-end=\"4891\">Eloxieren, Beschichten, Lackieren, Pulverbeschichten, Passivieren<\/strong>, und kundenspezifische Ausf\u00fchrungen.<\/p>\n<h3 data-start=\"4917\" data-end=\"4969\"><strong data-start=\"4921\" data-end=\"4967\">F5: Unterst\u00fctzen Sie die Kleinserienproduktion?<\/strong><\/h3>\n<p data-start=\"4970\" data-end=\"5057\">Ja. Wir k\u00f6nnen Prototypen, Kleinserien und Gro\u00dfserien effizient herstellen.<\/p>","protected":false},"excerpt":{"rendered":"<p>Kundenspezifische Metallteile geliefert von <strong data-start=\"565\" data-end=\"574\">Wonzh<\/strong> sind pr\u00e4zisionsgefertigte Komponenten, die nach Kundenspezifikationen, Zeichnungen oder Prototypen entwickelt und hergestellt werden. Wir sind darauf spezialisiert, hochwertige Metallteile f\u00fcr verschiedene Branchen zu liefern, darunter Industriemaschinen, Automobilindustrie, Baugewerbe, Energie und Erstausr\u00fcster.<\/p>","protected":false},"featured_media":1520,"comment_status":"open","ping_status":"closed","template":"","meta":{"site-sidebar-layout":"default","site-content-layout":"","ast-site-content-layout":"default","site-content-style":"default","site-sidebar-style":"default","ast-global-header-display":"","ast-banner-title-visibility":"","ast-main-header-display":"","ast-hfb-above-header-display":"","ast-hfb-below-header-display":"","ast-hfb-mobile-header-display":"","site-post-title":"","ast-breadcrumbs-content":"","ast-featured-img":"","footer-sml-layout":"","ast-disable-related-posts":"","theme-transparent-header-meta":"default","adv-header-id-meta":"","stick-header-meta":"default","header-above-stick-meta":"","header-main-stick-meta":"","header-below-stick-meta":"","astra-migrate-meta-layouts":"set","ast-page-background-enabled":"default","ast-page-background-meta":{"desktop":{"background-color":"","background-image":"","background-repeat":"repeat","background-position":"center center","background-size":"auto","background-attachment":"scroll","background-type":"","background-media":"","overlay-type":"","overlay-color":"","overlay-opacity":"","overlay-gradient":""},"tablet":{"background-color":"","background-image":"","background-repeat":"repeat","background-position":"center center","background-size":"auto","background-attachment":"scroll","background-type":"","background-media":"","overlay-type":"","overlay-color":"","overlay-opacity":"","overlay-gradient":""},"mobile":{"background-color":"","background-image":"","background-repeat":"repeat","background-position":"center center","background-size":"auto","background-attachment":"scroll","background-type":"","background-media":"","overlay-type":"","overlay-color":"","overlay-opacity":"","overlay-gradient":""}},"ast-content-background-meta":{"desktop":{"background-color":"var(--ast-global-color-5)","background-image":"","background-repeat":"repeat","background-position":"center center","background-size":"auto","background-attachment":"scroll","background-type":"","background-media":"","overlay-type":"","overlay-color":"","overlay-opacity":"","overlay-gradient":""},"tablet":{"background-color":"var(--ast-global-color-5)","background-image":"","background-repeat":"repeat","background-position":"center center","background-size":"auto","background-attachment":"scroll","background-type":"","background-media":"","overlay-type":"","overlay-color":"","overlay-opacity":"","overlay-gradient":""},"mobile":{"background-color":"var(--ast-global-color-5)","background-image":"","background-repeat":"repeat","background-position":"center center","background-size":"auto","background-attachment":"scroll","background-type":"","background-media":"","overlay-type":"","overlay-color":"","overlay-opacity":"","overlay-gradient":""}}},"product_brand":[],"product_cat":[23],"product_tag":[315,317,323,299,324,312,325,319,318,313,320,321,316,314,322],"class_list":{"0":"post-1465","1":"product","2":"type-product","3":"status-publish","4":"has-post-thumbnail","6":"product_cat-precision-machined-parts","7":"product_tag-aluminum-parts","8":"product_tag-carbon-steel-parts","9":"product_tag-china-metal-manufacturer","10":"product_tag-cnc-machined-parts","11":"product_tag-custom-fabricated-parts","12":"product_tag-custom-metal-parts","13":"product_tag-high-precision-metal-parts","14":"product_tag-industrial-metal-components","15":"product_tag-oem-metal-parts","16":"product_tag-precision-metal-components","17":"product_tag-prototype-metal-parts","18":"product_tag-small-batch-metal-production","19":"product_tag-stainless-steel-components","20":"product_tag-stamped-metal-parts","21":"product_tag-surface-treated-metal","22":"desktop-align-left","23":"tablet-align-left","24":"mobile-align-left","26":"first","27":"instock","28":"shipping-taxable","29":"product-type-simple"},"_links":{"self":[{"href":"https:\/\/www.wonzh.com\/de\/wp-json\/wp\/v2\/product\/1465","targetHints":{"allow":["GET"]}}],"collection":[{"href":"https:\/\/www.wonzh.com\/de\/wp-json\/wp\/v2\/product"}],"about":[{"href":"https:\/\/www.wonzh.com\/de\/wp-json\/wp\/v2\/types\/product"}],"replies":[{"embeddable":true,"href":"https:\/\/www.wonzh.com\/de\/wp-json\/wp\/v2\/comments?post=1465"}],"wp:featuredmedia":[{"embeddable":true,"href":"https:\/\/www.wonzh.com\/de\/wp-json\/wp\/v2\/media\/1520"}],"wp:attachment":[{"href":"https:\/\/www.wonzh.com\/de\/wp-json\/wp\/v2\/media?parent=1465"}],"wp:term":[{"taxonomy":"product_brand","embeddable":true,"href":"https:\/\/www.wonzh.com\/de\/wp-json\/wp\/v2\/product_brand?post=1465"},{"taxonomy":"product_cat","embeddable":true,"href":"https:\/\/www.wonzh.com\/de\/wp-json\/wp\/v2\/product_cat?post=1465"},{"taxonomy":"product_tag","embeddable":true,"href":"https:\/\/www.wonzh.com\/de\/wp-json\/wp\/v2\/product_tag?post=1465"}],"curies":[{"name":"wp","href":"https:\/\/api.w.org\/{rel}","templated":true}]}}