{"id":1462,"date":"2026-02-03T14:41:29","date_gmt":"2026-02-03T14:41:29","guid":{"rendered":"https:\/\/www.wonzh.com\/?post_type=product&#038;p=1462"},"modified":"2026-02-05T09:12:03","modified_gmt":"2026-02-05T09:12:03","slug":"drahtseilzubehor-fur-hebezeuge-und-seilsysteme","status":"publish","type":"product","link":"https:\/\/www.wonzh.com\/de\/product\/wire-rope-accessories-for-rigging-lifting-and-cable-systems\/","title":{"rendered":"Drahtseilzubeh\u00f6r f\u00fcr Rigging-, Hebe- und Kabelsysteme"},"content":{"rendered":"<p data-start=\"549\" data-end=\"911\">Bei dem von Wonzh angebotenen Drahtseilzubeh\u00f6r handelt es sich um pr\u00e4zisionsgefertigte Armaturen und Beschl\u00e4ge, die zum Verbinden, Sichern und Abschlie\u00dfen von Drahtseilen in Hebe-, Rigging- und Kabelsystemen verwendet werden. Diese Komponenten spielen eine entscheidende Rolle bei der Gew\u00e4hrleistung der strukturellen Integrit\u00e4t, der Ladungssicherheit und der Betriebssicherheit von Kr\u00e4nen, Hebezeugen, Schiffsausr\u00fcstungen und Industrieanlagen.<\/p>\n<p data-start=\"913\" data-end=\"1300\">Unsere Zubeh\u00f6rteile werden aus hochwertigen Materialien wie Kohlenstoffstahl, verzinktem Stahl, Edelstahl (AISI 304\/316) und legiertem Stahl hergestellt, die eine hervorragende mechanische Festigkeit, Korrosionsbest\u00e4ndigkeit und Erm\u00fcdungsbest\u00e4ndigkeit bieten. Fortschrittliche Schmiede-, Guss-, Bearbeitungs- und Oberfl\u00e4chenbehandlungsverfahren gew\u00e4hrleisten Ma\u00dfhaltigkeit und stabile Leistung unter dynamischen Belastungsbedingungen.<\/p>\n<p data-start=\"1302\" data-end=\"1614\">Als erfahrener Industrielieferant bietet Wonzh sowohl Standard- als auch kundenspezifisches Drahtseilzubeh\u00f6r an, darunter Klemmen, Kauschen, Spannschl\u00f6sser, Sch\u00e4kel, Haken, Aderendh\u00fclsen und Gesenkverschraubungen. Unser Entwicklungsteam unterst\u00fctzt die richtige Auswahl je nach Seildurchmesser, Lastanforderungen und Umgebungsbedingungen.<\/p>\n<h2 data-start=\"1621\" data-end=\"1640\"><strong data-start=\"1624\" data-end=\"1640\">Wesentliche Merkmale<\/strong><\/h2>\n<ul data-start=\"1642\" data-end=\"1924\">\n<li data-start=\"1642\" data-end=\"1679\">\n<p data-start=\"1644\" data-end=\"1679\">Zuverl\u00e4ssige Tragf\u00e4higkeit<\/p>\n<\/li>\n<li data-start=\"1680\" data-end=\"1733\">\n<p data-start=\"1682\" data-end=\"1733\">Hochfeste Materialien f\u00fcr Sicherheit und Langlebigkeit<\/p>\n<\/li>\n<li data-start=\"1734\" data-end=\"1797\">\n<p data-start=\"1736\" data-end=\"1797\">Korrosionsbest\u00e4ndige Optionen (verzinkter oder rostfreier Stahl)<\/p>\n<\/li>\n<li data-start=\"1798\" data-end=\"1846\">\n<p data-start=\"1800\" data-end=\"1846\">Kompatibel mit den meisten Drahtseilkonstruktionen<\/p>\n<\/li>\n<li data-start=\"1847\" data-end=\"1884\">\n<p data-start=\"1849\" data-end=\"1884\">Einfache Installation und Wartung<\/p>\n<\/li>\n<li data-start=\"1885\" data-end=\"1924\">\n<p data-start=\"1887\" data-end=\"1924\">Standard- und Sondergr\u00f6\u00dfen verf\u00fcgbar<\/p>\n<\/li>\n<\/ul>\n<h2 data-start=\"1931\" data-end=\"1958\"><strong data-start=\"1934\" data-end=\"1958\">Typische Anwendungen<\/strong><\/h2>\n<ul data-start=\"1960\" data-end=\"2212\">\n<li data-start=\"1960\" data-end=\"1990\">\n<p data-start=\"1962\" data-end=\"1990\">Kr\u00e4ne und Hebesysteme<\/p>\n<\/li>\n<li data-start=\"1991\" data-end=\"2022\">\n<p data-start=\"1993\" data-end=\"2022\">Marine- und Offshore-Takelage<\/p>\n<\/li>\n<li data-start=\"2023\" data-end=\"2067\">\n<p data-start=\"2025\" data-end=\"2067\">Bau- und Infrastrukturprojekte<\/p>\n<\/li>\n<li data-start=\"2068\" data-end=\"2098\">\n<p data-start=\"2070\" data-end=\"2098\">Bergbau und Schwermaschinen<\/p>\n<\/li>\n<li data-start=\"2099\" data-end=\"2129\">\n<p data-start=\"2101\" data-end=\"2129\">Aufzugs- und Windensysteme<\/p>\n<\/li>\n<li data-start=\"2130\" data-end=\"2164\">\n<p data-start=\"2132\" data-end=\"2164\">Architektonische Kabelstrukturen<\/p>\n<\/li>\n<li data-start=\"2165\" data-end=\"2212\">\n<p data-start=\"2167\" data-end=\"2212\">Industrielle Wartung und MRO-Anwendungen<\/p>\n<\/li>\n<\/ul>\n<h2 data-start=\"2219\" data-end=\"2262\"><strong data-start=\"2222\" data-end=\"2262\">Haupts\u00e4chlich liefern wir Drahtseilzubeh\u00f6r<\/strong><\/h2>\n<div class=\"TyagGW_tableContainer\">\n<div class=\"group TyagGW_tableWrapper flex flex-col-reverse w-fit\" tabindex=\"-1\">\n<table class=\"w-fit min-w-(--thread-content-width)\" data-start=\"2264\" data-end=\"2915\">\n<thead data-start=\"2264\" data-end=\"2302\">\n<tr data-start=\"2264\" data-end=\"2302\">\n<th data-start=\"2264\" data-end=\"2276\" data-col-size=\"sm\">Zubeh\u00f6r<\/th>\n<th data-start=\"2276\" data-end=\"2287\" data-col-size=\"sm\">Funktion<\/th>\n<th data-start=\"2287\" data-end=\"2302\" data-col-size=\"sm\">Typische Verwendung<\/th>\n<\/tr>\n<\/thead>\n<tbody data-start=\"2317\" data-end=\"2915\">\n<tr data-start=\"2317\" data-end=\"2404\">\n<td data-start=\"2317\" data-end=\"2346\" data-col-size=\"sm\"><strong data-start=\"2319\" data-end=\"2345\">Drahtseilklemme (Klemme)<\/strong><\/td>\n<td data-start=\"2346\" data-end=\"2377\" data-col-size=\"sm\">Sichere Seilschlaufen und Verbindungen<\/td>\n<td data-start=\"2377\" data-end=\"2404\" data-col-size=\"sm\">Leichte bis mittlere Takelage<\/td>\n<\/tr>\n<tr data-start=\"2405\" data-end=\"2476\">\n<td data-start=\"2405\" data-end=\"2419\" data-col-size=\"sm\"><strong data-start=\"2407\" data-end=\"2418\">Fingerhut<\/strong><\/td>\n<td data-start=\"2419\" data-end=\"2449\" data-col-size=\"sm\">Sch\u00fctzt das Seilauge vor Verschlei\u00df<\/td>\n<td data-start=\"2449\" data-end=\"2476\" data-col-size=\"sm\">Hebegurte und Seile<\/td>\n<\/tr>\n<tr data-start=\"2477\" data-end=\"2550\">\n<td data-start=\"2477\" data-end=\"2494\" data-col-size=\"sm\"><strong data-start=\"2479\" data-end=\"2493\">Spannschlo\u00df<\/strong><\/td>\n<td data-start=\"2494\" data-end=\"2518\" data-col-size=\"sm\">Einstellen der Kabelspannung<\/td>\n<td data-start=\"2518\" data-end=\"2550\" data-col-size=\"sm\">Konstruktions- und Schiffskabel<\/td>\n<\/tr>\n<tr data-start=\"2551\" data-end=\"2624\">\n<td data-start=\"2551\" data-end=\"2576\" data-col-size=\"sm\"><strong data-start=\"2553\" data-end=\"2575\">Sch\u00e4kel (D oder B\u00fcgel)<\/strong><\/td>\n<td data-start=\"2576\" data-end=\"2607\" data-col-size=\"sm\">Verbindet Schlingen und Beschl\u00e4ge<\/td>\n<td data-start=\"2607\" data-end=\"2624\" data-col-size=\"sm\">Schweres Heben<\/td>\n<\/tr>\n<tr data-start=\"2625\" data-end=\"2698\">\n<td data-start=\"2625\" data-end=\"2649\" data-col-size=\"sm\"><strong data-start=\"2627\" data-end=\"2648\">Haken (Gabel\/Auge)<\/strong><\/td>\n<td data-start=\"2649\" data-end=\"2677\" data-col-size=\"sm\">Schnelle Befestigung an Lasten<\/td>\n<td data-start=\"2677\" data-end=\"2698\" data-col-size=\"sm\">Kr\u00e4ne und Hebezeuge<\/td>\n<\/tr>\n<tr data-start=\"2699\" data-end=\"2768\">\n<td data-start=\"2699\" data-end=\"2722\" data-col-size=\"sm\"><strong data-start=\"2701\" data-end=\"2721\">Aderendh\u00fclse \/ Muffe<\/strong><\/td>\n<td data-start=\"2722\" data-end=\"2751\" data-col-size=\"sm\">Dauerhafte Seilbefestigung<\/td>\n<td data-start=\"2751\" data-end=\"2768\" data-col-size=\"sm\">Verschlungene Schlingen<\/td>\n<\/tr>\n<tr data-start=\"2769\" data-end=\"2840\">\n<td data-start=\"2769\" data-end=\"2789\" data-col-size=\"sm\"><strong data-start=\"2771\" data-end=\"2788\">Gesenkverschraubung<\/strong><\/td>\n<td data-start=\"2789\" data-end=\"2816\" data-col-size=\"sm\">Starke feste Terminierung<\/td>\n<td data-start=\"2816\" data-end=\"2840\" data-col-size=\"sm\">Architektonische Kabel<\/td>\n<\/tr>\n<tr data-start=\"2841\" data-end=\"2915\">\n<td data-start=\"2841\" data-end=\"2866\" data-col-size=\"sm\"><strong data-start=\"2843\" data-end=\"2865\">Augenschraube \/ Augenmutter<\/strong><\/td>\n<td data-start=\"2866\" data-end=\"2889\" data-col-size=\"sm\">Anschlagpunkt zum Anheben<\/td>\n<td data-start=\"2889\" data-end=\"2915\" data-col-size=\"sm\">Maschinen und Strukturen<\/td>\n<\/tr>\n<\/tbody>\n<\/table>\n<\/div>\n<\/div>\n<h2 data-start=\"2922\" data-end=\"2974\"><strong data-start=\"2925\" data-end=\"2972\">Technische Parameter (repr\u00e4sentativer Bereich)<\/strong><\/h2>\n<div class=\"TyagGW_tableContainer\">\n<div class=\"group TyagGW_tableWrapper flex flex-col-reverse w-fit\" tabindex=\"-1\">\n<table class=\"w-fit min-w-(--thread-content-width)\" data-start=\"2976\" data-end=\"3416\">\n<thead data-start=\"2976\" data-end=\"3013\">\n<tr data-start=\"2976\" data-end=\"3013\">\n<th data-start=\"2976\" data-end=\"2988\" data-col-size=\"sm\">Parameter<\/th>\n<th data-start=\"2988\" data-end=\"3013\" data-col-size=\"md\">Spezifikation \/ Reichweite<\/th>\n<\/tr>\n<\/thead>\n<tbody data-start=\"3024\" data-end=\"3416\">\n<tr data-start=\"3024\" data-end=\"3117\">\n<td data-start=\"3024\" data-end=\"3043\" data-col-size=\"sm\">Material-Optionen<\/td>\n<td data-start=\"3043\" data-end=\"3117\" data-col-size=\"md\">Kohlenstoffstahl, verzinkter Stahl, rostfreier Stahl (304\/316), legierter Stahl<\/td>\n<\/tr>\n<tr data-start=\"3118\" data-end=\"3187\">\n<td data-start=\"3118\" data-end=\"3135\" data-col-size=\"sm\">Oberfl\u00e4chenbehandlung<\/td>\n<td data-start=\"3135\" data-end=\"3187\" data-col-size=\"md\">Verzinkt, rostfrei blank, lackiert oder beschichtet<\/td>\n<\/tr>\n<tr data-start=\"3188\" data-end=\"3253\">\n<td data-start=\"3188\" data-end=\"3215\" data-col-size=\"sm\">Kompatibler Seildurchmesser<\/td>\n<td data-start=\"3215\" data-end=\"3253\" data-col-size=\"md\">2 mm - 60 mm (abh\u00e4ngig vom Zubeh\u00f6r)<\/td>\n<\/tr>\n<tr data-start=\"3254\" data-end=\"3308\">\n<td data-start=\"3254\" data-end=\"3268\" data-col-size=\"sm\">Tragf\u00e4higkeit<\/td>\n<td data-start=\"3268\" data-end=\"3308\" data-col-size=\"md\">Kennzeichnung nach Produkttyp und Norm<\/td>\n<\/tr>\n<tr data-start=\"3309\" data-end=\"3351\">\n<td data-start=\"3309\" data-end=\"3331\" data-col-size=\"sm\">Unterst\u00fctzte Standards<\/td>\n<td data-start=\"3331\" data-end=\"3351\" data-col-size=\"md\">ISO, DIN, EN, GB<\/td>\n<\/tr>\n<tr data-start=\"3352\" data-end=\"3416\">\n<td data-start=\"3352\" data-end=\"3376\" data-col-size=\"sm\">Herstellungsprozess<\/td>\n<td data-start=\"3376\" data-end=\"3416\" data-col-size=\"md\">Schmieden, Gie\u00dfen, Bearbeiten, Gesenkschmieden<\/td>\n<\/tr>\n<\/tbody>\n<\/table>\n<\/div>\n<\/div>\n<h2 data-start=\"3423\" data-end=\"3454\"><strong data-start=\"3426\" data-end=\"3454\">Leitfaden zur Materialauswahl<\/strong><\/h2>\n<div class=\"TyagGW_tableContainer\">\n<div class=\"group TyagGW_tableWrapper flex flex-col-reverse w-fit\" tabindex=\"-1\">\n<table class=\"w-fit min-w-(--thread-content-width)\" data-start=\"3456\" data-end=\"3909\">\n<thead data-start=\"3456\" data-end=\"3498\">\n<tr data-start=\"3456\" data-end=\"3498\">\n<th data-start=\"3456\" data-end=\"3467\" data-col-size=\"sm\">Material<\/th>\n<th data-start=\"3467\" data-end=\"3479\" data-col-size=\"sm\">Vorteil<\/th>\n<th data-start=\"3479\" data-end=\"3498\" data-col-size=\"sm\">Empfohlen f\u00fcr<\/th>\n<\/tr>\n<\/thead>\n<tbody data-start=\"3513\" data-end=\"3909\">\n<tr data-start=\"3513\" data-end=\"3590\">\n<td data-start=\"3513\" data-end=\"3532\" data-col-size=\"sm\"><strong data-start=\"3515\" data-end=\"3531\">Kohlenstoffstahl<\/strong><\/td>\n<td data-start=\"3532\" data-end=\"3564\" data-col-size=\"sm\">Hohe Festigkeit, kosteng\u00fcnstig<\/td>\n<td data-start=\"3564\" data-end=\"3590\" data-col-size=\"sm\">Allgemeine industrielle Nutzung<\/td>\n<\/tr>\n<tr data-start=\"3591\" data-end=\"3673\">\n<td data-start=\"3591\" data-end=\"3614\" data-col-size=\"sm\"><strong data-start=\"3593\" data-end=\"3613\">Verzinkter Stahl<\/strong><\/td>\n<td data-start=\"3614\" data-end=\"3649\" data-col-size=\"sm\">Korrosionsbest\u00e4ndigkeit, wirtschaftlich<\/td>\n<td data-start=\"3649\" data-end=\"3673\" data-col-size=\"sm\">Anwendungen im Freien<\/td>\n<\/tr>\n<tr data-start=\"3674\" data-end=\"3755\">\n<td data-start=\"3674\" data-end=\"3699\" data-col-size=\"sm\"><strong data-start=\"3676\" data-end=\"3698\">AISI 304 Rostfrei<\/strong><\/td>\n<td data-start=\"3699\" data-end=\"3727\" data-col-size=\"sm\">Gute Korrosionsbest\u00e4ndigkeit<\/td>\n<td data-start=\"3727\" data-end=\"3755\" data-col-size=\"sm\">Milde Meeresumgebungen<\/td>\n<\/tr>\n<tr data-start=\"3756\" data-end=\"3847\">\n<td data-start=\"3756\" data-end=\"3781\" data-col-size=\"sm\"><strong data-start=\"3758\" data-end=\"3780\">AISI 316 Edelstahl<\/strong><\/td>\n<td data-start=\"3781\" data-end=\"3814\" data-col-size=\"sm\">Ausgezeichnete Korrosionsbest\u00e4ndigkeit<\/td>\n<td data-start=\"3814\" data-end=\"3847\" data-col-size=\"sm\">Raue Meeres- und Chemiestandorte<\/td>\n<\/tr>\n<tr data-start=\"3848\" data-end=\"3909\">\n<td data-start=\"3848\" data-end=\"3866\" data-col-size=\"sm\"><strong data-start=\"3850\" data-end=\"3865\">Legierter Stahl<\/strong><\/td>\n<td data-start=\"3866\" data-end=\"3887\" data-col-size=\"sm\">Sehr hohe Festigkeit<\/td>\n<td data-start=\"3887\" data-end=\"3909\" data-col-size=\"sm\">Schweres Heben<\/td>\n<\/tr>\n<\/tbody>\n<\/table>\n<\/div>\n<\/div>\n<h2 data-start=\"3916\" data-end=\"3939\"><strong data-start=\"3919\" data-end=\"3939\">Warum Wonzh w\u00e4hlen<\/strong><\/h2>\n<ul data-start=\"3941\" data-end=\"4195\">\n<li data-start=\"3941\" data-end=\"3986\">\n<p data-start=\"3943\" data-end=\"3986\">Strenge Qualit\u00e4tskontrolle f\u00fcr jede Charge<\/p>\n<\/li>\n<li data-start=\"3987\" data-end=\"4033\">\n<p data-start=\"3989\" data-end=\"4033\">Gro\u00dfe Auswahl an Standard- und Sonderbeschl\u00e4gen<\/p>\n<\/li>\n<li data-start=\"4034\" data-end=\"4089\">\n<p data-start=\"4036\" data-end=\"4089\">Hohe Kompatibilit\u00e4t mit verschiedenen Seiltypen<\/p>\n<\/li>\n<li data-start=\"4090\" data-end=\"4149\">\n<p data-start=\"4092\" data-end=\"4149\">Technische Unterst\u00fctzung f\u00fcr eine sichere Auswahl und Installation<\/p>\n<\/li>\n<li data-start=\"4150\" data-end=\"4195\">\n<p data-start=\"4152\" data-end=\"4195\">Zuverl\u00e4ssige Lieferkette und globale Lieferung<\/p>\n<\/li>\n<\/ul>\n<h2 data-start=\"4202\" data-end=\"4243\"><strong data-start=\"4205\" data-end=\"4241\">H\u00e4ufig gestellte Fragen (FAQ)<\/strong><\/h2>\n<h3 data-start=\"4245\" data-end=\"4299\"><strong data-start=\"4249\" data-end=\"4297\">Q1: Wof\u00fcr wird das Drahtseilzubeh\u00f6r verwendet?<\/strong><\/h3>\n<p data-start=\"4300\" data-end=\"4406\">Sie werden zum Verbinden, Sichern, Abschlie\u00dfen und Einstellen von Drahtseilen in Hebe-, Rigging- und Kabelsystemen verwendet.<\/p>\n<h3 data-start=\"4408\" data-end=\"4462\"><strong data-start=\"4412\" data-end=\"4460\">F2: Wie viele Drahtseilklemmen sollten verwendet werden?<\/strong><\/h3>\n<p data-start=\"4463\" data-end=\"4586\">Sie h\u00e4ngt vom Seildurchmesser und den Belastungsbedingungen ab, aber typischerweise <strong data-start=\"4526\" data-end=\"4548\">mindestens 3-5 Clips<\/strong> werden f\u00fcr eine sichere Beendigung empfohlen.<\/p>\n<h3 data-start=\"4588\" data-end=\"4633\"><strong data-start=\"4592\" data-end=\"4631\">F3: Welches Material sollte ich w\u00e4hlen?<\/strong><\/h3>\n<ul data-start=\"4634\" data-end=\"4743\">\n<li data-start=\"4634\" data-end=\"4668\">\n<p data-start=\"4636\" data-end=\"4668\">Allgemeine Verwendung \u2192 <strong data-start=\"4650\" data-end=\"4666\">Kohlenstoffstahl<\/strong><\/p>\n<\/li>\n<li data-start=\"4669\" data-end=\"4703\">\n<p data-start=\"4671\" data-end=\"4703\">Au\u00dfen \u2192 <strong data-start=\"4681\" data-end=\"4701\">Verzinkter Stahl<\/strong><\/p>\n<\/li>\n<li data-start=\"4704\" data-end=\"4743\">\n<p data-start=\"4706\" data-end=\"4743\">Marine \u2192. <strong data-start=\"4715\" data-end=\"4743\">Rostfreier Stahl AISI 316<\/strong><\/p>\n<\/li>\n<\/ul>\n<h3 data-start=\"4745\" data-end=\"4812\"><strong data-start=\"4749\" data-end=\"4810\">F4: Ist dieses Zubeh\u00f6r mit rostfreien Seilen kompatibel?<\/strong><\/h3>\n<p data-start=\"4813\" data-end=\"4907\">Ja. Wir liefern passendes rostfreies Zubeh\u00f6r (304\/316) f\u00fcr Drahtseilsysteme aus rostfreiem Stahl.<\/p>\n<h3 data-start=\"4909\" data-end=\"4954\"><strong data-start=\"4913\" data-end=\"4952\">F5: Bieten Sie auch Sonderanfertigungen an?<\/strong><\/h3>\n<p data-start=\"4955\" data-end=\"5058\">Ja. Wir k\u00f6nnen die Abmessungen, Materialien und Oberfl\u00e4chenbehandlungen an Ihre Projektanforderungen anpassen.<\/p>","protected":false},"excerpt":{"rendered":"<p>Bei dem von Wonzh angebotenen Drahtseilzubeh\u00f6r handelt es sich um pr\u00e4zisionsgefertigte Armaturen und Beschl\u00e4ge, die zum Verbinden, Sichern und Abschlie\u00dfen von Drahtseilen in Hebe-, Rigging- und Kabelsystemen verwendet werden. Diese Komponenten spielen eine entscheidende Rolle bei der Gew\u00e4hrleistung der strukturellen Integrit\u00e4t, der Ladungssicherheit und der Betriebssicherheit von Kr\u00e4nen, Hebezeugen, Schiffsausr\u00fcstungen und Industrieanlagen.<\/p>","protected":false},"featured_media":1513,"comment_status":"open","ping_status":"closed","template":"","meta":{"site-sidebar-layout":"default","site-content-layout":"","ast-site-content-layout":"default","site-content-style":"default","site-sidebar-style":"default","ast-global-header-display":"","ast-banner-title-visibility":"","ast-main-header-display":"","ast-hfb-above-header-display":"","ast-hfb-below-header-display":"","ast-hfb-mobile-header-display":"","site-post-title":"","ast-breadcrumbs-content":"","ast-featured-img":"","footer-sml-layout":"","ast-disable-related-posts":"","theme-transparent-header-meta":"default","adv-header-id-meta":"","stick-header-meta":"default","header-above-stick-meta":"","header-main-stick-meta":"","header-below-stick-meta":"","astra-migrate-meta-layouts":"set","ast-page-background-enabled":"default","ast-page-background-meta":{"desktop":{"background-color":"","background-image":"","background-repeat":"repeat","background-position":"center center","background-size":"auto","background-attachment":"scroll","background-type":"","background-media":"","overlay-type":"","overlay-color":"","overlay-opacity":"","overlay-gradient":""},"tablet":{"background-color":"","background-image":"","background-repeat":"repeat","background-position":"center center","background-size":"auto","background-attachment":"scroll","background-type":"","background-media":"","overlay-type":"","overlay-color":"","overlay-opacity":"","overlay-gradient":""},"mobile":{"background-color":"","background-image":"","background-repeat":"repeat","background-position":"center center","background-size":"auto","background-attachment":"scroll","background-type":"","background-media":"","overlay-type":"","overlay-color":"","overlay-opacity":"","overlay-gradient":""}},"ast-content-background-meta":{"desktop":{"background-color":"var(--ast-global-color-5)","background-image":"","background-repeat":"repeat","background-position":"center center","background-size":"auto","background-attachment":"scroll","background-type":"","background-media":"","overlay-type":"","overlay-color":"","overlay-opacity":"","overlay-gradient":""},"tablet":{"background-color":"var(--ast-global-color-5)","background-image":"","background-repeat":"repeat","background-position":"center center","background-size":"auto","background-attachment":"scroll","background-type":"","background-media":"","overlay-type":"","overlay-color":"","overlay-opacity":"","overlay-gradient":""},"mobile":{"background-color":"var(--ast-global-color-5)","background-image":"","background-repeat":"repeat","background-position":"center center","background-size":"auto","background-attachment":"scroll","background-type":"","background-media":"","overlay-type":"","overlay-color":"","overlay-opacity":"","overlay-gradient":""}}},"product_brand":[],"product_cat":[22],"product_tag":[298,289,295,291,292,297,296,288,294,293,290,287,284,285,286],"class_list":{"0":"post-1462","1":"product","2":"type-product","3":"status-publish","4":"has-post-thumbnail","6":"product_cat-wire-rope-lifting-accessories","7":"product_tag-china-rigging-manufacturer","8":"product_tag-crane-hook","9":"product_tag-din-rigging-hardware","10":"product_tag-ferrule-sleeve","11":"product_tag-galvanized-rigging-hardware","12":"product_tag-industrial-rigging","13":"product_tag-iso-lifting-accessories","14":"product_tag-lifting-shackle","15":"product_tag-marine-rigging-fittings","16":"product_tag-stainless-steel-rigging","17":"product_tag-swage-fitting","18":"product_tag-turnbuckle","19":"product_tag-wire-rope-accessories","20":"product_tag-wire-rope-clips","21":"product_tag-wire-rope-thimble","22":"desktop-align-left","23":"tablet-align-left","24":"mobile-align-left","26":"first","27":"instock","28":"shipping-taxable","29":"product-type-simple"},"_links":{"self":[{"href":"https:\/\/www.wonzh.com\/de\/wp-json\/wp\/v2\/product\/1462","targetHints":{"allow":["GET"]}}],"collection":[{"href":"https:\/\/www.wonzh.com\/de\/wp-json\/wp\/v2\/product"}],"about":[{"href":"https:\/\/www.wonzh.com\/de\/wp-json\/wp\/v2\/types\/product"}],"replies":[{"embeddable":true,"href":"https:\/\/www.wonzh.com\/de\/wp-json\/wp\/v2\/comments?post=1462"}],"wp:featuredmedia":[{"embeddable":true,"href":"https:\/\/www.wonzh.com\/de\/wp-json\/wp\/v2\/media\/1513"}],"wp:attachment":[{"href":"https:\/\/www.wonzh.com\/de\/wp-json\/wp\/v2\/media?parent=1462"}],"wp:term":[{"taxonomy":"product_brand","embeddable":true,"href":"https:\/\/www.wonzh.com\/de\/wp-json\/wp\/v2\/product_brand?post=1462"},{"taxonomy":"product_cat","embeddable":true,"href":"https:\/\/www.wonzh.com\/de\/wp-json\/wp\/v2\/product_cat?post=1462"},{"taxonomy":"product_tag","embeddable":true,"href":"https:\/\/www.wonzh.com\/de\/wp-json\/wp\/v2\/product_tag?post=1462"}],"curies":[{"name":"wp","href":"https:\/\/api.w.org\/{rel}","templated":true}]}}