{"id":1460,"date":"2026-02-03T14:39:17","date_gmt":"2026-02-03T14:39:17","guid":{"rendered":"https:\/\/www.wonzh.com\/?post_type=product&#038;p=1460"},"modified":"2026-02-05T09:03:15","modified_gmt":"2026-02-05T09:03:15","slug":"wire-rope-sling-for-lifting-rigging-and-heavy-duty-industrial-handling","status":"publish","type":"product","link":"https:\/\/www.wonzh.com\/de\/product\/wire-rope-sling-for-lifting-rigging-and-heavy-duty-industrial-handling\/","title":{"rendered":"Drahtseilschlingen f\u00fcr Hebevorg\u00e4nge, Rigging und industrielle Schwerlasttransporte"},"content":{"rendered":"<p data-start=\"582\" data-end=\"931\">Bei den von Wonzh gelieferten Drahtseilschlingen handelt es sich um professionell gefertigte Hebevorrichtungen aus hochfestem Stahldrahtseil mit sicher abgeschlossenen Endst\u00fccken. Sie sind f\u00fcr eine sichere und zuverl\u00e4ssige Lasthandhabung konzipiert und werden h\u00e4ufig bei Kr\u00e4nen, Hebezeugen, Takelarbeiten, auf Baustellen, im Bergbau, in H\u00e4fen und bei der Installation schwerer Maschinen eingesetzt.<\/p>\n<p data-start=\"933\" data-end=\"1388\">Unsere Drahtseilschlingen werden je nach Umgebungsbedingungen und Korrosionsanforderungen entweder aus verzinktem Stahldrahtseil oder aus Edelstahldrahtseil hergestellt. Jede Schlinge wird mit pr\u00e4zisionsgeschmiedeten oder gepressten Aderendh\u00fclsen, Kauschen und Beschl\u00e4gen montiert, um strukturelle Integrit\u00e4t, Laststabilit\u00e4t und langfristige Haltbarkeit zu gew\u00e4hrleisten. Alle Schlingen werden unter strengen Qualit\u00e4tskontrollverfahren hergestellt, um die internationalen Sicherheitsstandards f\u00fcr Hebevorg\u00e4nge zu erf\u00fcllen.<\/p>\n<p data-start=\"1390\" data-end=\"1698\">Als erfahrener Industrielieferant bietet Wonzh Standard- und kundenspezifische Drahtseilschlingen in verschiedenen Konfigurationen, L\u00e4ngen, Durchmessern und Endbefestigungen an. Unser technisches Team unterst\u00fctzt Sie bei der Auswahl des Seiltyps, des Sicherheitsfaktors und der Arbeitslastgrenze (WLL) auf der Grundlage der realen Anwendungsbedingungen.<\/p>\n<h2 data-start=\"1705\" data-end=\"1724\"><strong data-start=\"1708\" data-end=\"1724\">Wesentliche Merkmale<\/strong><\/h2>\n<ul data-start=\"1726\" data-end=\"2062\">\n<li data-start=\"1726\" data-end=\"1781\">\n<p data-start=\"1728\" data-end=\"1781\">Hohe Belastbarkeit und ausgezeichnete Erm\u00fcdungsfestigkeit<\/p>\n<\/li>\n<li data-start=\"1782\" data-end=\"1826\">\n<p data-start=\"1784\" data-end=\"1826\">Sichere Endabschl\u00fcsse f\u00fcr sicheres Heben<\/p>\n<\/li>\n<li data-start=\"1827\" data-end=\"1894\">\n<p data-start=\"1829\" data-end=\"1894\">Korrosionsbest\u00e4ndige Optionen verf\u00fcgbar (verzinkt oder rostfrei)<\/p>\n<\/li>\n<li data-start=\"1895\" data-end=\"1951\">\n<p data-start=\"1897\" data-end=\"1951\">Geeignet f\u00fcr dynamische und statische Hebevorg\u00e4nge<\/p>\n<\/li>\n<li data-start=\"1952\" data-end=\"2005\">\n<p data-start=\"1954\" data-end=\"2005\">Kundenspezifische L\u00e4ngen, Durchmesser und Anschl\u00fcsse verf\u00fcgbar<\/p>\n<\/li>\n<li data-start=\"2006\" data-end=\"2062\">\n<p data-start=\"2008\" data-end=\"2062\">Entspricht den wichtigsten internationalen Hebenormen<\/p>\n<\/li>\n<\/ul>\n<h2 data-start=\"2069\" data-end=\"2096\"><strong data-start=\"2072\" data-end=\"2096\">Typische Anwendungen<\/strong><\/h2>\n<ul data-start=\"2098\" data-end=\"2359\">\n<li data-start=\"2098\" data-end=\"2127\">\n<p data-start=\"2100\" data-end=\"2127\">Heben und Aufstellen von Kr\u00e4nen<\/p>\n<\/li>\n<li data-start=\"2128\" data-end=\"2159\">\n<p data-start=\"2130\" data-end=\"2159\">Hafen- und Schifffahrtsterminals<\/p>\n<\/li>\n<li data-start=\"2160\" data-end=\"2204\">\n<p data-start=\"2162\" data-end=\"2204\">Bau- und Infrastrukturprojekte<\/p>\n<\/li>\n<li data-start=\"2205\" data-end=\"2234\">\n<p data-start=\"2207\" data-end=\"2234\">Bergbau und Schwerindustrie<\/p>\n<\/li>\n<li data-start=\"2235\" data-end=\"2280\">\n<p data-start=\"2237\" data-end=\"2280\">Stahlwerke und Produktionsanlagen<\/p>\n<\/li>\n<li data-start=\"2281\" data-end=\"2315\">\n<p data-start=\"2283\" data-end=\"2315\">Offshore- und Schiffsbetrieb<\/p>\n<\/li>\n<li data-start=\"2316\" data-end=\"2359\">\n<p data-start=\"2318\" data-end=\"2359\">Kraftwerke und industrielle Wartung<\/p>\n<\/li>\n<\/ul>\n<h2 data-start=\"2366\" data-end=\"2404\"><strong data-start=\"2369\" data-end=\"2404\">Wir liefern Drahtseilschlingen-Typen<\/strong><\/h2>\n<div class=\"TyagGW_tableContainer\">\n<div class=\"group TyagGW_tableWrapper flex flex-col-reverse w-fit\" tabindex=\"-1\">\n<table class=\"w-fit min-w-(--thread-content-width)\" data-start=\"2406\" data-end=\"2847\">\n<thead data-start=\"2406\" data-end=\"2448\">\n<tr data-start=\"2406\" data-end=\"2448\">\n<th data-start=\"2406\" data-end=\"2419\" data-col-size=\"sm\">Hebegurt Typ<\/th>\n<th data-start=\"2419\" data-end=\"2433\" data-col-size=\"sm\">Beschreibung<\/th>\n<th data-start=\"2433\" data-end=\"2448\" data-col-size=\"sm\">Typische Verwendung<\/th>\n<\/tr>\n<\/thead>\n<tbody data-start=\"2463\" data-end=\"2847\">\n<tr data-start=\"2463\" data-end=\"2544\">\n<td data-start=\"2463\" data-end=\"2486\" data-col-size=\"sm\"><strong data-start=\"2465\" data-end=\"2485\">Einbeiniger Hebegurt<\/strong><\/td>\n<td data-start=\"2486\" data-end=\"2519\" data-col-size=\"sm\">Ein Seil mit zwei Endst\u00fccken<\/td>\n<td data-start=\"2519\" data-end=\"2544\" data-col-size=\"sm\">Einfache gerade Hebungen<\/td>\n<\/tr>\n<tr data-start=\"2545\" data-end=\"2622\">\n<td data-start=\"2545\" data-end=\"2565\" data-col-size=\"sm\"><strong data-start=\"2547\" data-end=\"2564\">Zweibeiniger Hebegurt<\/strong><\/td>\n<td data-start=\"2565\" data-end=\"2604\" data-col-size=\"sm\">Zwei Seile, die mit einer Hauptverbindung verbunden sind<\/td>\n<td data-start=\"2604\" data-end=\"2622\" data-col-size=\"sm\">Ausgeglichene Lasten<\/td>\n<\/tr>\n<tr data-start=\"2623\" data-end=\"2701\">\n<td data-start=\"2623\" data-end=\"2644\" data-col-size=\"sm\"><strong data-start=\"2625\" data-end=\"2643\">Vierbeiniger Hebegurt<\/strong><\/td>\n<td data-start=\"2644\" data-end=\"2673\" data-col-size=\"sm\">Vier Seile f\u00fcr schwere Lasten<\/td>\n<td data-start=\"2673\" data-end=\"2701\" data-col-size=\"sm\">Gro\u00dfes industrielles Heben<\/td>\n<\/tr>\n<tr data-start=\"2702\" data-end=\"2768\">\n<td data-start=\"2702\" data-end=\"2722\" data-col-size=\"sm\"><strong data-start=\"2704\" data-end=\"2721\">Endless Sling<\/strong><\/td>\n<td data-start=\"2722\" data-end=\"2740\" data-col-size=\"sm\">Endlosschleife<\/td>\n<td data-start=\"2740\" data-end=\"2768\" data-col-size=\"sm\">Abnutzungsempfindliche Lasten<\/td>\n<\/tr>\n<tr data-start=\"2769\" data-end=\"2847\">\n<td data-start=\"2769\" data-end=\"2788\" data-col-size=\"sm\"><strong data-start=\"2771\" data-end=\"2787\">Korbschlinge<\/strong><\/td>\n<td data-start=\"2788\" data-end=\"2813\" data-col-size=\"sm\">Seildurchlauf unter Last<\/td>\n<td data-start=\"2813\" data-end=\"2847\" data-col-size=\"sm\">Oberfl\u00e4chenschutz und Stabilit\u00e4t<\/td>\n<\/tr>\n<\/tbody>\n<\/table>\n<\/div>\n<\/div>\n<h2 data-start=\"2854\" data-end=\"2906\"><strong data-start=\"2857\" data-end=\"2904\">Technische Parameter (repr\u00e4sentativer Bereich)<\/strong><\/h2>\n<div class=\"TyagGW_tableContainer\">\n<div class=\"group TyagGW_tableWrapper flex flex-col-reverse w-fit\" tabindex=\"-1\">\n<table class=\"w-fit min-w-(--thread-content-width)\" data-start=\"2908\" data-end=\"3367\">\n<thead data-start=\"2908\" data-end=\"2945\">\n<tr data-start=\"2908\" data-end=\"2945\">\n<th data-start=\"2908\" data-end=\"2920\" data-col-size=\"sm\">Parameter<\/th>\n<th data-start=\"2920\" data-end=\"2945\" data-col-size=\"sm\">Spezifikation \/ Reichweite<\/th>\n<\/tr>\n<\/thead>\n<tbody data-start=\"2956\" data-end=\"3367\">\n<tr data-start=\"2956\" data-end=\"3011\">\n<td data-start=\"2956\" data-end=\"2972\" data-col-size=\"sm\">Grundmaterial<\/td>\n<td data-start=\"2972\" data-end=\"3011\" data-col-size=\"sm\">Verzinkter Stahl oder rostfreier Stahl<\/td>\n<\/tr>\n<tr data-start=\"3012\" data-end=\"3065\">\n<td data-start=\"3012\" data-end=\"3037\" data-col-size=\"sm\">Drahtseilkonstruktion<\/td>\n<td data-start=\"3037\" data-end=\"3065\" data-col-size=\"sm\">6\u00d719, 6\u00d737, 7\u00d719, 6\u00d736WS<\/td>\n<\/tr>\n<tr data-start=\"3066\" data-end=\"3118\">\n<td data-start=\"3066\" data-end=\"3083\" data-col-size=\"sm\">Durchmesser Bereich<\/td>\n<td data-start=\"3083\" data-end=\"3118\" data-col-size=\"sm\">6 mm - 60 mm (kundenspezifisch erh\u00e4ltlich)<\/td>\n<\/tr>\n<tr data-start=\"3119\" data-end=\"3171\">\n<td data-start=\"3119\" data-end=\"3146\" data-col-size=\"sm\">Arbeitsbelastungsgrenze (WLL)<\/td>\n<td data-start=\"3146\" data-end=\"3171\" data-col-size=\"sm\">Anwendungsabh\u00e4ngig<\/td>\n<\/tr>\n<tr data-start=\"3172\" data-end=\"3212\">\n<td data-start=\"3172\" data-end=\"3188\" data-col-size=\"sm\">Sicherheitsfaktor<\/td>\n<td data-start=\"3188\" data-end=\"3212\" data-col-size=\"sm\">In der Regel 5:1 oder 6:1<\/td>\n<\/tr>\n<tr data-start=\"3213\" data-end=\"3272\">\n<td data-start=\"3213\" data-end=\"3228\" data-col-size=\"sm\">Endbeschl\u00e4ge<\/td>\n<td data-start=\"3228\" data-end=\"3272\" data-col-size=\"sm\">Kausche, Haken, Sch\u00e4kel, \u00d6se, Hauptglied<\/td>\n<\/tr>\n<tr data-start=\"3273\" data-end=\"3324\">\n<td data-start=\"3273\" data-end=\"3290\" data-col-size=\"sm\">Oberfl\u00e4chenbehandlung<\/td>\n<td data-start=\"3290\" data-end=\"3324\" data-col-size=\"sm\">Verzinkt oder rostfrei blank<\/td>\n<\/tr>\n<tr data-start=\"3325\" data-end=\"3367\">\n<td data-start=\"3325\" data-end=\"3347\" data-col-size=\"sm\">Unterst\u00fctzte Standards<\/td>\n<td data-start=\"3347\" data-end=\"3367\" data-col-size=\"sm\">ISO, EN, DIN, GB<\/td>\n<\/tr>\n<\/tbody>\n<\/table>\n<\/div>\n<\/div>\n<h2 data-start=\"3374\" data-end=\"3420\"><strong data-start=\"3377\" data-end=\"3420\">Leitfaden zur Auswahl von Material und Konstruktion<\/strong><\/h2>\n<div class=\"TyagGW_tableContainer\">\n<div class=\"group TyagGW_tableWrapper flex flex-col-reverse w-fit\" tabindex=\"-1\">\n<table class=\"w-fit min-w-(--thread-content-width)\" data-start=\"3422\" data-end=\"3807\">\n<thead data-start=\"3422\" data-end=\"3462\">\n<tr data-start=\"3422\" data-end=\"3462\">\n<th data-start=\"3422\" data-end=\"3431\" data-col-size=\"sm\">Option<\/th>\n<th data-start=\"3431\" data-end=\"3443\" data-col-size=\"md\">Vorteil<\/th>\n<th data-start=\"3443\" data-end=\"3462\" data-col-size=\"sm\">Empfohlen f\u00fcr<\/th>\n<\/tr>\n<\/thead>\n<tbody data-start=\"3477\" data-end=\"3807\">\n<tr data-start=\"3477\" data-end=\"3568\">\n<td data-start=\"3477\" data-end=\"3505\" data-col-size=\"sm\"><strong data-start=\"3479\" data-end=\"3504\">Verzinkte Seilschlinge<\/strong><\/td>\n<td data-start=\"3505\" data-end=\"3549\" data-col-size=\"md\">Gute Korrosionsbest\u00e4ndigkeit, kosteng\u00fcnstig<\/td>\n<td data-start=\"3549\" data-end=\"3568\" data-col-size=\"sm\">Heben im Freien<\/td>\n<\/tr>\n<tr data-start=\"3569\" data-end=\"3662\">\n<td data-start=\"3569\" data-end=\"3602\" data-col-size=\"sm\"><strong data-start=\"3571\" data-end=\"3601\">Edelstahl-Seilschlinge (316)<\/strong><\/td>\n<td data-start=\"3602\" data-end=\"3635\" data-col-size=\"md\">Ausgezeichnete Korrosionsbest\u00e4ndigkeit<\/td>\n<td data-start=\"3635\" data-end=\"3662\" data-col-size=\"sm\">Meeres- und Chemiestandorte<\/td>\n<\/tr>\n<tr data-start=\"3663\" data-end=\"3746\">\n<td data-start=\"3663\" data-end=\"3687\" data-col-size=\"sm\"><strong data-start=\"3665\" data-end=\"3686\">6\u00d719 Konstruktion<\/strong><\/td>\n<td data-start=\"3687\" data-end=\"3724\" data-col-size=\"md\">H\u00f6here Kraft, geringere Flexibilit\u00e4t<\/td>\n<td data-start=\"3724\" data-end=\"3746\" data-col-size=\"sm\">Schweres Heben<\/td>\n<\/tr>\n<tr data-start=\"3747\" data-end=\"3807\">\n<td data-start=\"3747\" data-end=\"3771\" data-col-size=\"sm\"><strong data-start=\"3749\" data-end=\"3770\">6\u00d737 Konstruktion<\/strong><\/td>\n<td data-start=\"3771\" data-end=\"3787\" data-col-size=\"md\">Mehr Flexibilit\u00e4t<\/td>\n<td data-start=\"3787\" data-end=\"3807\" data-col-size=\"sm\">Dynamisches Heben<\/td>\n<\/tr>\n<\/tbody>\n<\/table>\n<\/div>\n<\/div>\n<h2 data-start=\"3814\" data-end=\"3837\"><strong data-start=\"3817\" data-end=\"3837\">Warum Wonzh w\u00e4hlen<\/strong><\/h2>\n<ul data-start=\"3839\" data-end=\"4082\">\n<li data-start=\"3839\" data-end=\"3883\">\n<p data-start=\"3841\" data-end=\"3883\">Strenge Qualit\u00e4tskontrolle bei jedem Hebegurt<\/p>\n<\/li>\n<li data-start=\"3884\" data-end=\"3933\">\n<p data-start=\"3886\" data-end=\"3933\">Zertifizierte Fertigung und sichere Abschl\u00fcsse<\/p>\n<\/li>\n<li data-start=\"3934\" data-end=\"3975\">\n<p data-start=\"3936\" data-end=\"3975\">Gro\u00dfe Auswahl an Seiltypen und Beschl\u00e4gen<\/p>\n<\/li>\n<li data-start=\"3976\" data-end=\"4035\">\n<p data-start=\"3978\" data-end=\"4035\">Technische Unterst\u00fctzung bei der Auswahl von WLL und Sicherheitsfaktoren<\/p>\n<\/li>\n<li data-start=\"4036\" data-end=\"4082\">\n<p data-start=\"4038\" data-end=\"4082\">Stabile Versorgung und zuverl\u00e4ssige weltweite Lieferung<\/p>\n<\/li>\n<\/ul>\n<h2 data-start=\"4089\" data-end=\"4130\"><strong data-start=\"4092\" data-end=\"4128\">H\u00e4ufig gestellte Fragen (FAQ)<\/strong><\/h2>\n<h3 data-start=\"4132\" data-end=\"4181\"><strong data-start=\"4136\" data-end=\"4179\">F1: Wof\u00fcr wird ein Drahtseilgeh\u00e4nge verwendet?<\/strong><\/h3>\n<p data-start=\"4182\" data-end=\"4294\">Es wird zum Heben, Takeln und Sichern schwerer Lasten in Kr\u00e4nen, Hebezeugen und bei industriellen Transportvorg\u00e4ngen verwendet.<\/p>\n<h3 data-start=\"4296\" data-end=\"4338\"><strong data-start=\"4300\" data-end=\"4336\">F2: Welchen Hebegurt sollte ich w\u00e4hlen?<\/strong><\/h3>\n<ul data-start=\"4339\" data-end=\"4506\">\n<li data-start=\"4339\" data-end=\"4380\">\n<p data-start=\"4341\" data-end=\"4380\"><strong data-start=\"4341\" data-end=\"4356\">Einbeinig:<\/strong> einfache gerade Hebungen<\/p>\n<\/li>\n<li data-start=\"4381\" data-end=\"4412\">\n<p data-start=\"4383\" data-end=\"4412\"><strong data-start=\"4383\" data-end=\"4395\">Zweibeinig:<\/strong> ausgeglichene Lasten<\/p>\n<\/li>\n<li data-start=\"4413\" data-end=\"4456\">\n<p data-start=\"4415\" data-end=\"4456\"><strong data-start=\"4415\" data-end=\"4428\">Vierbeinig:<\/strong> sehr schwere oder gro\u00dfe Lasten<\/p>\n<\/li>\n<li data-start=\"4457\" data-end=\"4506\">\n<p data-start=\"4459\" data-end=\"4506\"><strong data-start=\"4459\" data-end=\"4471\">Unendlich:<\/strong> wenn die Ladefl\u00e4che gesch\u00fctzt werden muss<\/p>\n<\/li>\n<\/ul>\n<h3 data-start=\"4508\" data-end=\"4534\"><strong data-start=\"4512\" data-end=\"4532\">F3: Was ist WLL?<\/strong><\/h3>\n<p data-start=\"4535\" data-end=\"4630\">WLL (Working Load Limit) ist die <strong data-start=\"4567\" data-end=\"4588\">maximale sichere Belastung<\/strong> die ein Hebegurt unter normalen Bedingungen heben kann.<\/p>\n<h3 data-start=\"4632\" data-end=\"4690\"><strong data-start=\"4636\" data-end=\"4688\">F4: Sind verzinkte Hebegurte f\u00fcr den Einsatz auf See geeignet?<\/strong><\/h3>\n<p data-start=\"4691\" data-end=\"4797\">Ja, aber f\u00fcr hochkorrosive Salzwasserumgebungen, <strong data-start=\"4745\" data-end=\"4780\">Schlingen aus rostfreiem Stahl AISI 316<\/strong> werden empfohlen.<\/p>\n<h3 data-start=\"4799\" data-end=\"4839\"><strong data-start=\"4803\" data-end=\"4837\">F5: Fertigen Sie auch individuelle Traget\u00fccher an?<\/strong><\/h3>\n<p data-start=\"4840\" data-end=\"4946\">Ja. Wir k\u00f6nnen die L\u00e4nge, den Durchmesser, die Konstruktion und die Endst\u00fccke an Ihre Hebeanforderungen anpassen.<\/p>","protected":false},"excerpt":{"rendered":"<p>Bei den von Wonzh gelieferten Drahtseilschlingen handelt es sich um professionell gefertigte Hebevorrichtungen aus hochfestem Stahldrahtseil mit sicher abgeschlossenen Endst\u00fccken. Sie sind f\u00fcr eine sichere und zuverl\u00e4ssige Lasthandhabung konzipiert und werden h\u00e4ufig bei Kr\u00e4nen, Hebezeugen, Takelarbeiten, auf Baustellen, im Bergbau, in H\u00e4fen und bei der Installation schwerer Maschinen eingesetzt.<\/p>","protected":false},"featured_media":1510,"comment_status":"open","ping_status":"closed","template":"","meta":{"site-sidebar-layout":"default","site-content-layout":"","ast-site-content-layout":"default","site-content-style":"default","site-sidebar-style":"default","ast-global-header-display":"","ast-banner-title-visibility":"","ast-main-header-display":"","ast-hfb-above-header-display":"","ast-hfb-below-header-display":"","ast-hfb-mobile-header-display":"","site-post-title":"","ast-breadcrumbs-content":"","ast-featured-img":"","footer-sml-layout":"","ast-disable-related-posts":"","theme-transparent-header-meta":"default","adv-header-id-meta":"","stick-header-meta":"default","header-above-stick-meta":"","header-main-stick-meta":"","header-below-stick-meta":"","astra-migrate-meta-layouts":"set","ast-page-background-enabled":"default","ast-page-background-meta":{"desktop":{"background-color":"","background-image":"","background-repeat":"repeat","background-position":"center center","background-size":"auto","background-attachment":"scroll","background-type":"","background-media":"","overlay-type":"","overlay-color":"","overlay-opacity":"","overlay-gradient":""},"tablet":{"background-color":"","background-image":"","background-repeat":"repeat","background-position":"center center","background-size":"auto","background-attachment":"scroll","background-type":"","background-media":"","overlay-type":"","overlay-color":"","overlay-opacity":"","overlay-gradient":""},"mobile":{"background-color":"","background-image":"","background-repeat":"repeat","background-position":"center center","background-size":"auto","background-attachment":"scroll","background-type":"","background-media":"","overlay-type":"","overlay-color":"","overlay-opacity":"","overlay-gradient":""}},"ast-content-background-meta":{"desktop":{"background-color":"var(--ast-global-color-5)","background-image":"","background-repeat":"repeat","background-position":"center center","background-size":"auto","background-attachment":"scroll","background-type":"","background-media":"","overlay-type":"","overlay-color":"","overlay-opacity":"","overlay-gradient":""},"tablet":{"background-color":"var(--ast-global-color-5)","background-image":"","background-repeat":"repeat","background-position":"center center","background-size":"auto","background-attachment":"scroll","background-type":"","background-media":"","overlay-type":"","overlay-color":"","overlay-opacity":"","overlay-gradient":""},"mobile":{"background-color":"var(--ast-global-color-5)","background-image":"","background-repeat":"repeat","background-position":"center center","background-size":"auto","background-attachment":"scroll","background-type":"","background-media":"","overlay-type":"","overlay-color":"","overlay-opacity":"","overlay-gradient":""}}},"product_brand":[],"product_cat":[22],"product_tag":[274,275,283,270,281,278,277,272,279,280,282,269,271,273,276,268],"class_list":{"0":"post-1460","1":"product","2":"type-product","3":"status-publish","4":"has-post-thumbnail","6":"product_cat-wire-rope-lifting-accessories","7":"product_tag-6x19-sling","8":"product_tag-6x37-sling","9":"product_tag-china-sling-manufacturer","10":"product_tag-crane-sling","11":"product_tag-din-sling","12":"product_tag-endless-sling","13":"product_tag-four-leg-sling","14":"product_tag-galvanized-sling","15":"product_tag-hoisting-sling","16":"product_tag-industrial-lifting","17":"product_tag-iso-wire-rope-sling","18":"product_tag-lifting-sling","19":"product_tag-rigging-sling","20":"product_tag-stainless-steel-sling","21":"product_tag-two-leg-sling","22":"product_tag-wire-rope-sling","23":"desktop-align-left","24":"tablet-align-left","25":"mobile-align-left","27":"first","28":"instock","29":"shipping-taxable","30":"product-type-simple"},"_links":{"self":[{"href":"https:\/\/www.wonzh.com\/de\/wp-json\/wp\/v2\/product\/1460","targetHints":{"allow":["GET"]}}],"collection":[{"href":"https:\/\/www.wonzh.com\/de\/wp-json\/wp\/v2\/product"}],"about":[{"href":"https:\/\/www.wonzh.com\/de\/wp-json\/wp\/v2\/types\/product"}],"replies":[{"embeddable":true,"href":"https:\/\/www.wonzh.com\/de\/wp-json\/wp\/v2\/comments?post=1460"}],"wp:featuredmedia":[{"embeddable":true,"href":"https:\/\/www.wonzh.com\/de\/wp-json\/wp\/v2\/media\/1510"}],"wp:attachment":[{"href":"https:\/\/www.wonzh.com\/de\/wp-json\/wp\/v2\/media?parent=1460"}],"wp:term":[{"taxonomy":"product_brand","embeddable":true,"href":"https:\/\/www.wonzh.com\/de\/wp-json\/wp\/v2\/product_brand?post=1460"},{"taxonomy":"product_cat","embeddable":true,"href":"https:\/\/www.wonzh.com\/de\/wp-json\/wp\/v2\/product_cat?post=1460"},{"taxonomy":"product_tag","embeddable":true,"href":"https:\/\/www.wonzh.com\/de\/wp-json\/wp\/v2\/product_tag?post=1460"}],"curies":[{"name":"wp","href":"https:\/\/api.w.org\/{rel}","templated":true}]}}