{"id":1450,"date":"2026-02-03T14:29:35","date_gmt":"2026-02-03T14:29:35","guid":{"rendered":"https:\/\/www.wonzh.com\/?post_type=product&#038;p=1450"},"modified":"2026-02-05T05:02:29","modified_gmt":"2026-02-05T05:02:29","slug":"galvanized-steel-wire-rope-for-lifting-hoisting-and-industrial-applications","status":"publish","type":"product","link":"https:\/\/www.wonzh.com\/de\/product\/galvanized-steel-wire-rope-for-lifting-hoisting-and-industrial-applications\/","title":{"rendered":"Verzinkte Stahldrahtseile f\u00fcr Hebe-, Hub- und Industrieanwendungen"},"content":{"rendered":"<p data-start=\"583\" data-end=\"958\">Verzinkte Stahldrahtseile von Wonzh werden aus hochwertigen Kohlenstoffstahldr\u00e4hten hergestellt, die zur Erh\u00f6hung der Korrosionsbest\u00e4ndigkeit und Lebensdauer feuerverzinkt oder galvanisch verzinkt werden. Die Zinkbeschichtung bietet einen wirksamen Schutz gegen Feuchtigkeit, Chemikalien und raue Umgebungsbedingungen im Freien und ist daher ideal f\u00fcr Hebe-, Hebezeug-, Takelage- und Strukturanwendungen.<\/p>\n<p data-start=\"960\" data-end=\"1274\">Unsere verzinkten Drahtseile werden unter strengen Qualit\u00e4tskontrollstandards hergestellt, die eine gleichbleibende Zugfestigkeit, Flexibilit\u00e4t und Erm\u00fcdungsbest\u00e4ndigkeit gew\u00e4hrleisten. Die Pr\u00e4zisionsverseilungstechnologie minimiert die innere Reibung zwischen den Dr\u00e4hten und verbessert die Tragf\u00e4higkeit und Betriebssicherheit unter dynamischen Arbeitsbedingungen.<\/p>\n<p data-start=\"1276\" data-end=\"1621\">Als erfahrener Lieferant von Industriekomponenten bietet Wonzh sowohl Standardkonstruktionen als auch kundenspezifische Drahtseill\u00f6sungen an, die auf Belastungsanforderungen, Abriebbedingungen und Umwelteinfl\u00fcsse zugeschnitten sind. Unser technisches Team unterst\u00fctzt Sie bei der Auswahl des Durchmessers, des Kerntyps, des Konstruktionsmusters und der Oberfl\u00e4chenbeschaffenheit auf der Grundlage der tats\u00e4chlichen Anwendungsanforderungen.<\/p>\n<h2 data-start=\"1628\" data-end=\"1647\"><strong data-start=\"1631\" data-end=\"1647\">Wesentliche Merkmale<\/strong><\/h2>\n<ul data-start=\"1649\" data-end=\"1979\">\n<li data-start=\"1649\" data-end=\"1709\">\n<p data-start=\"1651\" data-end=\"1709\">Hervorragende Korrosionsbest\u00e4ndigkeit durch verzinkte Beschichtung<\/p>\n<\/li>\n<li data-start=\"1710\" data-end=\"1770\">\n<p data-start=\"1712\" data-end=\"1770\">Hohe Zugfestigkeit und zuverl\u00e4ssige Tragf\u00e4higkeit<\/p>\n<\/li>\n<li data-start=\"1771\" data-end=\"1814\">\n<p data-start=\"1773\" data-end=\"1814\">Gute Flexibilit\u00e4t und Erm\u00fcdungsfestigkeit<\/p>\n<\/li>\n<li data-start=\"1815\" data-end=\"1871\">\n<p data-start=\"1817\" data-end=\"1871\">Lange Lebensdauer in Au\u00dfen- und Meeresumgebungen<\/p>\n<\/li>\n<li data-start=\"1872\" data-end=\"1939\">\n<p data-start=\"1874\" data-end=\"1939\">Geeignet f\u00fcr dynamisches Heben und statische Strukturanwendungen<\/p>\n<\/li>\n<li data-start=\"1940\" data-end=\"1979\">\n<p data-start=\"1942\" data-end=\"1979\">Standard- und Sondergr\u00f6\u00dfen verf\u00fcgbar<\/p>\n<\/li>\n<\/ul>\n<h2 data-start=\"1986\" data-end=\"2013\"><strong data-start=\"1989\" data-end=\"2013\">Typische Anwendungen<\/strong><\/h2>\n<ul data-start=\"2015\" data-end=\"2270\">\n<li data-start=\"2015\" data-end=\"2048\">\n<p data-start=\"2017\" data-end=\"2048\">Kr\u00e4ne und Hebezeuge<\/p>\n<\/li>\n<li data-start=\"2049\" data-end=\"2074\">\n<p data-start=\"2051\" data-end=\"2074\">Aufz\u00fcge und Winden<\/p>\n<\/li>\n<li data-start=\"2075\" data-end=\"2112\">\n<p data-start=\"2077\" data-end=\"2112\">Bergbau und Baumaschinen<\/p>\n<\/li>\n<li data-start=\"2113\" data-end=\"2147\">\n<p data-start=\"2115\" data-end=\"2147\">Marine- und Offshore-Eins\u00e4tze<\/p>\n<\/li>\n<li data-start=\"2148\" data-end=\"2188\">\n<p data-start=\"2150\" data-end=\"2188\">H\u00e4ngebr\u00fccken und Seilsysteme<\/p>\n<\/li>\n<li data-start=\"2189\" data-end=\"2230\">\n<p data-start=\"2191\" data-end=\"2230\">Industrielle Takelage und Hebegurte<\/p>\n<\/li>\n<li data-start=\"2231\" data-end=\"2270\">\n<p data-start=\"2233\" data-end=\"2270\">Land- und forstwirtschaftliche Maschinen<\/p>\n<\/li>\n<\/ul>\n<h2 data-start=\"2277\" data-end=\"2329\"><strong data-start=\"2280\" data-end=\"2327\">Technische Parameter (repr\u00e4sentativer Bereich)<\/strong><\/h2>\n<div class=\"TyagGW_tableContainer\">\n<div class=\"group TyagGW_tableWrapper flex flex-col-reverse w-fit\" tabindex=\"-1\">\n<table class=\"w-fit min-w-(--thread-content-width)\" data-start=\"2331\" data-end=\"2794\">\n<thead data-start=\"2331\" data-end=\"2368\">\n<tr data-start=\"2331\" data-end=\"2368\">\n<th data-start=\"2331\" data-end=\"2343\" data-col-size=\"sm\">Parameter<\/th>\n<th data-start=\"2343\" data-end=\"2368\" data-col-size=\"md\">Spezifikation \/ Reichweite<\/th>\n<\/tr>\n<\/thead>\n<tbody data-start=\"2379\" data-end=\"2794\">\n<tr data-start=\"2379\" data-end=\"2424\">\n<td data-start=\"2379\" data-end=\"2394\" data-col-size=\"sm\">Produkttyp<\/td>\n<td data-start=\"2394\" data-end=\"2424\" data-col-size=\"md\">Verzinktes Stahldrahtseil<\/td>\n<\/tr>\n<tr data-start=\"2425\" data-end=\"2484\">\n<td data-start=\"2425\" data-end=\"2440\" data-col-size=\"sm\">Art der Beschichtung<\/td>\n<td data-start=\"2440\" data-end=\"2484\" data-col-size=\"md\">Feuerverzinkt oder galvanisch verzinkt<\/td>\n<\/tr>\n<tr data-start=\"2485\" data-end=\"2543\">\n<td data-start=\"2485\" data-end=\"2510\" data-col-size=\"sm\">Drahtseilkonstruktion<\/td>\n<td data-start=\"2510\" data-end=\"2543\" data-col-size=\"md\">6\u00d719, 6\u00d737, 7\u00d719, 7\u00d77, 6\u00d736WS<\/td>\n<\/tr>\n<tr data-start=\"2544\" data-end=\"2612\">\n<td data-start=\"2544\" data-end=\"2556\" data-col-size=\"sm\">Kern Typ<\/td>\n<td data-start=\"2556\" data-end=\"2612\" data-col-size=\"md\">FC (Fiber Core) oder IWRC (Independent Wire Rope Core)<\/td>\n<\/tr>\n<tr data-start=\"2613\" data-end=\"2665\">\n<td data-start=\"2613\" data-end=\"2630\" data-col-size=\"sm\">Durchmesser Bereich<\/td>\n<td data-start=\"2630\" data-end=\"2665\" data-col-size=\"md\">2 mm - 60 mm (kundenspezifisch erh\u00e4ltlich)<\/td>\n<\/tr>\n<tr data-start=\"2666\" data-end=\"2704\">\n<td data-start=\"2666\" data-end=\"2685\" data-col-size=\"sm\">Zugfestigkeit<\/td>\n<td data-start=\"2685\" data-end=\"2704\" data-col-size=\"md\">1570 - 1960 MPa<\/td>\n<\/tr>\n<tr data-start=\"2705\" data-end=\"2751\">\n<td data-start=\"2705\" data-end=\"2722\" data-col-size=\"sm\">Oberfl\u00e4chenbehandlung<\/td>\n<td data-start=\"2722\" data-end=\"2751\" data-col-size=\"md\">Glatte galvanische Beschichtung<\/td>\n<\/tr>\n<tr data-start=\"2752\" data-end=\"2794\">\n<td data-start=\"2752\" data-end=\"2774\" data-col-size=\"sm\">Unterst\u00fctzte Standards<\/td>\n<td data-start=\"2774\" data-end=\"2794\" data-col-size=\"md\">ISO, DIN, EN, GB<\/td>\n<\/tr>\n<\/tbody>\n<\/table>\n<\/div>\n<\/div>\n<h2 data-start=\"2801\" data-end=\"2838\"><strong data-start=\"2804\" data-end=\"2838\">\u00dcbliche Drahtseilkonstruktionen<\/strong><\/h2>\n<div class=\"TyagGW_tableContainer\">\n<div class=\"group TyagGW_tableWrapper flex flex-col-reverse w-fit\" tabindex=\"-1\">\n<table class=\"w-fit min-w-(--thread-content-width)\" data-start=\"2840\" data-end=\"3150\">\n<thead data-start=\"2840\" data-end=\"2884\">\n<tr data-start=\"2840\" data-end=\"2884\">\n<th data-start=\"2840\" data-end=\"2855\" data-col-size=\"sm\">Bauwesen<\/th>\n<th data-start=\"2855\" data-end=\"2869\" data-col-size=\"sm\">Flexibilit\u00e4t<\/th>\n<th data-start=\"2869\" data-end=\"2884\" data-col-size=\"sm\">Typische Verwendung<\/th>\n<\/tr>\n<\/thead>\n<tbody data-start=\"2899\" data-end=\"3150\">\n<tr data-start=\"2899\" data-end=\"2960\">\n<td data-start=\"2899\" data-end=\"2920\" data-col-size=\"sm\"><strong data-start=\"2901\" data-end=\"2919\">6\u00d719 + FC\/IWRC<\/strong><\/td>\n<td data-start=\"2920\" data-end=\"2929\" data-col-size=\"sm\">Mittel<\/td>\n<td data-start=\"2929\" data-end=\"2960\" data-col-size=\"sm\">Allgemeines Heben und Takeln<\/td>\n<\/tr>\n<tr data-start=\"2961\" data-end=\"3030\">\n<td data-start=\"2961\" data-end=\"2982\" data-col-size=\"sm\"><strong data-start=\"2963\" data-end=\"2981\">6\u00d737 + FC\/IWRC<\/strong><\/td>\n<td data-start=\"2982\" data-end=\"2989\" data-col-size=\"sm\">Hoch<\/td>\n<td data-start=\"2989\" data-end=\"3030\" data-col-size=\"sm\">Krane, Winden, dynamische Anwendungen<\/td>\n<\/tr>\n<tr data-start=\"3031\" data-end=\"3091\">\n<td data-start=\"3031\" data-end=\"3042\" data-col-size=\"sm\"><strong data-start=\"3033\" data-end=\"3041\">7\u00d719<\/strong><\/td>\n<td data-start=\"3042\" data-end=\"3058\" data-col-size=\"sm\">Sehr flexibel<\/td>\n<td data-start=\"3058\" data-end=\"3091\" data-col-size=\"sm\">Marine und leichtes Heben<\/td>\n<\/tr>\n<tr data-start=\"3092\" data-end=\"3150\">\n<td data-start=\"3092\" data-end=\"3105\" data-col-size=\"sm\"><strong data-start=\"3094\" data-end=\"3104\">6\u00d736WS<\/strong><\/td>\n<td data-start=\"3105\" data-end=\"3121\" data-col-size=\"sm\">Hohe Festigkeit<\/td>\n<td data-start=\"3121\" data-end=\"3150\" data-col-size=\"sm\">Schwerer industrieller Einsatz<\/td>\n<\/tr>\n<\/tbody>\n<\/table>\n<\/div>\n<\/div>\n<h2 data-start=\"3157\" data-end=\"3195\"><strong data-start=\"3160\" data-end=\"3195\">Leitfaden zur Auswahl von Material und Kern<\/strong><\/h2>\n<div class=\"TyagGW_tableContainer\">\n<div class=\"group TyagGW_tableWrapper flex flex-col-reverse w-fit\" tabindex=\"-1\">\n<table class=\"w-fit min-w-(--thread-content-width)\" data-start=\"3197\" data-end=\"3433\">\n<thead data-start=\"3197\" data-end=\"3241\">\n<tr data-start=\"3197\" data-end=\"3241\">\n<th data-start=\"3197\" data-end=\"3209\" data-col-size=\"sm\">Kern Typ<\/th>\n<th data-start=\"3209\" data-end=\"3222\" data-col-size=\"sm\">Vorteile<\/th>\n<th data-start=\"3222\" data-end=\"3241\" data-col-size=\"sm\">Empfohlen f\u00fcr<\/th>\n<\/tr>\n<\/thead>\n<tbody data-start=\"3256\" data-end=\"3433\">\n<tr data-start=\"3256\" data-end=\"3335\">\n<td data-start=\"3256\" data-end=\"3278\" data-col-size=\"sm\"><strong data-start=\"3258\" data-end=\"3277\">Faserkern (FC)<\/strong><\/td>\n<td data-start=\"3278\" data-end=\"3310\" data-col-size=\"sm\">Flexibler, geringeres Gewicht<\/td>\n<td data-start=\"3310\" data-end=\"3335\" data-col-size=\"sm\">Leichte bis mittlere Lasten<\/td>\n<\/tr>\n<tr data-start=\"3336\" data-end=\"3433\">\n<td data-start=\"3336\" data-end=\"3360\" data-col-size=\"sm\"><strong data-start=\"3338\" data-end=\"3359\">IWRC (Stahlkern)<\/strong><\/td>\n<td data-start=\"3360\" data-end=\"3396\" data-col-size=\"sm\">H\u00f6here Festigkeit, bessere Stabilit\u00e4t<\/td>\n<td data-start=\"3396\" data-end=\"3433\" data-col-size=\"sm\">Schwere Lasten und hohe Temperaturen<\/td>\n<\/tr>\n<\/tbody>\n<\/table>\n<\/div>\n<\/div>\n<h2 data-start=\"3440\" data-end=\"3463\"><strong data-start=\"3443\" data-end=\"3463\">Warum Wonzh w\u00e4hlen<\/strong><\/h2>\n<ul data-start=\"3465\" data-end=\"3772\">\n<li data-start=\"3465\" data-end=\"3528\">\n<p data-start=\"3467\" data-end=\"3528\">Strenge Qualit\u00e4tskontrolle vom Drahtzug bis zur Endverseilung<\/p>\n<\/li>\n<li data-start=\"3529\" data-end=\"3592\">\n<p data-start=\"3531\" data-end=\"3592\">Mehrere Konstruktionstypen f\u00fcr unterschiedliche Anwendungen<\/p>\n<\/li>\n<li data-start=\"3593\" data-end=\"3651\">\n<p data-start=\"3595\" data-end=\"3651\">Korrosionsbest\u00e4ndige verzinkte Beschichtung f\u00fcr den Au\u00dfeneinsatz<\/p>\n<\/li>\n<li data-start=\"3652\" data-end=\"3719\">\n<p data-start=\"3654\" data-end=\"3719\">Technische Unterst\u00fctzung bei der Auswahl der Seile und der Auslegung der Sicherheitsfaktoren<\/p>\n<\/li>\n<li data-start=\"3720\" data-end=\"3772\">\n<p data-start=\"3722\" data-end=\"3772\">Stabile Lieferkette und zuverl\u00e4ssige globale Lieferung<\/p>\n<\/li>\n<\/ul>\n<h2 data-start=\"3779\" data-end=\"3820\"><strong data-start=\"3782\" data-end=\"3818\">H\u00e4ufig gestellte Fragen (FAQ)<\/strong><\/h2>\n<h3 data-start=\"3822\" data-end=\"3874\"><strong data-start=\"3826\" data-end=\"3872\">Q1: Wof\u00fcr werden verzinkte Drahtseile verwendet?<\/strong><\/h3>\n<p data-start=\"3875\" data-end=\"4006\">Sie werden zum Heben, Ziehen, Takeln, Aufh\u00e4ngen und St\u00fctzen von Strukturen in der Industrie, im Bauwesen und in der Schifffahrt verwendet.<\/p>\n<h3 data-start=\"4008\" data-end=\"4067\"><strong data-start=\"4012\" data-end=\"4065\">F2: Was ist der Unterschied zwischen 6\u00d719 und 6\u00d737?<\/strong><\/h3>\n<ul data-start=\"4068\" data-end=\"4201\">\n<li data-start=\"4068\" data-end=\"4133\">\n<p data-start=\"4070\" data-end=\"4133\"><strong data-start=\"4070\" data-end=\"4079\">6\u00d719:<\/strong> st\u00e4rker und verschlei\u00dffester, aber weniger flexibel.<\/p>\n<\/li>\n<li data-start=\"4134\" data-end=\"4201\">\n<p data-start=\"4136\" data-end=\"4201\"><strong data-start=\"4136\" data-end=\"4145\">6\u00d737:<\/strong> flexibler, besser f\u00fcr dynamische Bewegungen und Umlenkrollen.<\/p>\n<\/li>\n<\/ul>\n<h3 data-start=\"4203\" data-end=\"4244\"><strong data-start=\"4207\" data-end=\"4242\">F3: Welchen Kern sollte ich w\u00e4hlen?<\/strong><\/h3>\n<ul data-start=\"4245\" data-end=\"4337\">\n<li data-start=\"4245\" data-end=\"4286\">\n<p data-start=\"4247\" data-end=\"4286\">F\u00fcr Flexibilit\u00e4t \u2192 <strong data-start=\"4265\" data-end=\"4284\">Faserkern (FC)<\/strong><\/p>\n<\/li>\n<li data-start=\"4287\" data-end=\"4337\">\n<p data-start=\"4289\" data-end=\"4337\">Bei h\u00f6herer Tragf\u00e4higkeit \u2192 <strong data-start=\"4316\" data-end=\"4337\">IWRC (Stahlkern)<\/strong><\/p>\n<\/li>\n<\/ul>\n<h3 data-start=\"4339\" data-end=\"4410\"><strong data-start=\"4343\" data-end=\"4408\">F4: Sind verzinkte Drahtseile f\u00fcr Meeresumgebungen geeignet?<\/strong><\/h3>\n<p data-start=\"4411\" data-end=\"4565\">Ja. Die verzinkte Beschichtung bietet eine gute Korrosionsbest\u00e4ndigkeit, aber bei sehr aggressiven Meeresbedingungen k\u00f6nnen Drahtseile aus rostfreiem Stahl empfohlen werden.<\/p>\n<h3 data-start=\"4567\" data-end=\"4611\"><strong data-start=\"4571\" data-end=\"4609\">F5: Bieten Sie kundenspezifische Durchmesser an?<\/strong><\/h3>\n<p data-start=\"4612\" data-end=\"4705\">Ja. Wir k\u00f6nnen kundenspezifische Durchmesser, Konstruktionen und Beschichtungen auf der Grundlage Ihrer Anforderungen herstellen.<\/p>","protected":false},"excerpt":{"rendered":"<p>Verzinkte Stahldrahtseile von Wonzh werden aus hochwertigen Kohlenstoffstahldr\u00e4hten hergestellt, die zur Erh\u00f6hung der Korrosionsbest\u00e4ndigkeit und Lebensdauer feuerverzinkt oder galvanisch verzinkt werden.<\/p>","protected":false},"featured_media":1502,"comment_status":"open","ping_status":"closed","template":"","meta":{"site-sidebar-layout":"default","site-content-layout":"","ast-site-content-layout":"default","site-content-style":"default","site-sidebar-style":"default","ast-global-header-display":"","ast-banner-title-visibility":"","ast-main-header-display":"","ast-hfb-above-header-display":"","ast-hfb-below-header-display":"","ast-hfb-mobile-header-display":"","site-post-title":"","ast-breadcrumbs-content":"","ast-featured-img":"","footer-sml-layout":"","ast-disable-related-posts":"","theme-transparent-header-meta":"default","adv-header-id-meta":"","stick-header-meta":"default","header-above-stick-meta":"","header-main-stick-meta":"","header-below-stick-meta":"","astra-migrate-meta-layouts":"set","ast-page-background-enabled":"default","ast-page-background-meta":{"desktop":{"background-color":"","background-image":"","background-repeat":"repeat","background-position":"center center","background-size":"auto","background-attachment":"scroll","background-type":"","background-media":"","overlay-type":"","overlay-color":"","overlay-opacity":"","overlay-gradient":""},"tablet":{"background-color":"","background-image":"","background-repeat":"repeat","background-position":"center center","background-size":"auto","background-attachment":"scroll","background-type":"","background-media":"","overlay-type":"","overlay-color":"","overlay-opacity":"","overlay-gradient":""},"mobile":{"background-color":"","background-image":"","background-repeat":"repeat","background-position":"center center","background-size":"auto","background-attachment":"scroll","background-type":"","background-media":"","overlay-type":"","overlay-color":"","overlay-opacity":"","overlay-gradient":""}},"ast-content-background-meta":{"desktop":{"background-color":"var(--ast-global-color-5)","background-image":"","background-repeat":"repeat","background-position":"center center","background-size":"auto","background-attachment":"scroll","background-type":"","background-media":"","overlay-type":"","overlay-color":"","overlay-opacity":"","overlay-gradient":""},"tablet":{"background-color":"var(--ast-global-color-5)","background-image":"","background-repeat":"repeat","background-position":"center center","background-size":"auto","background-attachment":"scroll","background-type":"","background-media":"","overlay-type":"","overlay-color":"","overlay-opacity":"","overlay-gradient":""},"mobile":{"background-color":"var(--ast-global-color-5)","background-image":"","background-repeat":"repeat","background-position":"center center","background-size":"auto","background-attachment":"scroll","background-type":"","background-media":"","overlay-type":"","overlay-color":"","overlay-opacity":"","overlay-gradient":""}}},"product_brand":[],"product_cat":[22],"product_tag":[261,257,256,259,253,249,258,254,119,260,252,255,118,250,251],"class_list":{"0":"post-1450","1":"product","2":"type-product","3":"status-publish","4":"has-post-thumbnail","6":"product_cat-wire-rope-lifting-accessories","7":"product_tag-china-wire-rope-manufacturer","8":"product_tag-corrosion-resistant-rope","9":"product_tag-crane-wire-rope","10":"product_tag-din-wire-rope","11":"product_tag-fiber-core-wire-rope","12":"product_tag-galvanized-steel-wire-rope","13":"product_tag-high-tensile-wire-rope","14":"product_tag-hoisting-cable","15":"product_tag-industrial-wire-rope","16":"product_tag-iso-wire-rope","17":"product_tag-iwrc-wire-rope","18":"product_tag-lifting-rope","19":"product_tag-marine-wire-rope","20":"product_tag-wire-rope-6x19","21":"product_tag-wire-rope-6x37","22":"desktop-align-left","23":"tablet-align-left","24":"mobile-align-left","26":"first","27":"instock","28":"shipping-taxable","29":"product-type-simple"},"_links":{"self":[{"href":"https:\/\/www.wonzh.com\/de\/wp-json\/wp\/v2\/product\/1450","targetHints":{"allow":["GET"]}}],"collection":[{"href":"https:\/\/www.wonzh.com\/de\/wp-json\/wp\/v2\/product"}],"about":[{"href":"https:\/\/www.wonzh.com\/de\/wp-json\/wp\/v2\/types\/product"}],"replies":[{"embeddable":true,"href":"https:\/\/www.wonzh.com\/de\/wp-json\/wp\/v2\/comments?post=1450"}],"wp:featuredmedia":[{"embeddable":true,"href":"https:\/\/www.wonzh.com\/de\/wp-json\/wp\/v2\/media\/1502"}],"wp:attachment":[{"href":"https:\/\/www.wonzh.com\/de\/wp-json\/wp\/v2\/media?parent=1450"}],"wp:term":[{"taxonomy":"product_brand","embeddable":true,"href":"https:\/\/www.wonzh.com\/de\/wp-json\/wp\/v2\/product_brand?post=1450"},{"taxonomy":"product_cat","embeddable":true,"href":"https:\/\/www.wonzh.com\/de\/wp-json\/wp\/v2\/product_cat?post=1450"},{"taxonomy":"product_tag","embeddable":true,"href":"https:\/\/www.wonzh.com\/de\/wp-json\/wp\/v2\/product_tag?post=1450"}],"curies":[{"name":"wp","href":"https:\/\/api.w.org\/{rel}","templated":true}]}}