{"id":1449,"date":"2026-02-03T14:26:49","date_gmt":"2026-02-03T14:26:49","guid":{"rendered":"https:\/\/www.wonzh.com\/?post_type=product&#038;p=1449"},"modified":"2026-02-04T15:24:03","modified_gmt":"2026-02-04T15:24:03","slug":"custom-industrial-sealing-solutions-engineered-to-your-application","status":"publish","type":"product","link":"https:\/\/www.wonzh.com\/de\/product\/custom-industrial-sealing-solutions-engineered-to-your-application\/","title":{"rendered":"Kundenspezifische industrielle Dichtungsl\u00f6sungen - auf Ihre Anwendung zugeschnitten"},"content":{"rendered":"<p data-start=\"592\" data-end=\"1072\">Bei den von Wonzh angebotenen kundenspezifischen Dichtungsl\u00f6sungen handelt es sich um technische Dichtungssysteme, die speziell f\u00fcr die vom Kunden definierten Betriebsbedingungen, Anlagenkonstruktionen und Leistungsanforderungen entwickelt werden. Anstatt sich ausschlie\u00dflich auf Standardkatalogprodukte zu verlassen, analysieren wir reale Anwendungsdaten - einschlie\u00dflich Druck, Temperatur, Geschwindigkeit, Medien, Einbauraum und Lebensdauererwartungen - um optimierte Dichtungsl\u00f6sungen zu entwickeln, die die Zuverl\u00e4ssigkeit maximieren und die Gesamtbetriebskosten minimieren.<\/p>\n<p data-start=\"1074\" data-end=\"1513\">Durch den Einsatz fortschrittlicher Materialien wie SiC, Wolframkarbid, Kohlenstoffgraphit, Hochleistungselastomere, PTFE-Verbundwerkstoffe und Spezialpolymere liefert Wonzh ma\u00dfgeschneiderte Gleitringdichtungen, Hydraulikdichtungen, O-Ringe, \u00d6ldichtungen und integrierte Dichtungsbaugruppen f\u00fcr komplexe Industriesysteme. Unser Entwicklungsprozess umfasst Simulation, Prototypentests und Feldvalidierung, um die Leistung unter realen Arbeitsbedingungen zu gew\u00e4hrleisten.<\/p>\n<p data-start=\"1515\" data-end=\"1786\">Mit seiner branchen\u00fcbergreifenden Erfahrung in den Bereichen Pumpen, Hydraulik, Getriebesysteme, Schwermaschinen und Prozessausr\u00fcstung fungiert Wonzh nicht nur als Lieferant, sondern auch als technischer Partner, der bei der Materialauswahl, der Konstruktion, der Fehleranalyse und der Optimierung des Lebenszyklus unterst\u00fctzt.<\/p>\n<h2 data-start=\"1793\" data-end=\"1821\"><strong data-start=\"1796\" data-end=\"1821\">Was wir anpassen k\u00f6nnen<\/strong><\/h2>\n<div class=\"TyagGW_tableContainer\">\n<div class=\"group TyagGW_tableWrapper flex flex-col-reverse w-fit\" tabindex=\"-1\">\n<table class=\"w-fit min-w-(--thread-content-width)\" data-start=\"1823\" data-end=\"2406\">\n<thead data-start=\"1823\" data-end=\"1862\">\n<tr data-start=\"1823\" data-end=\"1862\">\n<th data-start=\"1823\" data-end=\"1844\" data-col-size=\"sm\">Bereich Anpassung<\/th>\n<th data-start=\"1844\" data-end=\"1862\" data-col-size=\"md\">Was wir tun k\u00f6nnen<\/th>\n<\/tr>\n<\/thead>\n<tbody data-start=\"1873\" data-end=\"2406\">\n<tr data-start=\"1873\" data-end=\"1948\">\n<td data-start=\"1873\" data-end=\"1889\" data-col-size=\"sm\"><strong data-start=\"1875\" data-end=\"1888\">Siegel Typ<\/strong><\/td>\n<td data-start=\"1889\" data-end=\"1948\" data-col-size=\"md\">Mechanisch, hydraulisch, O-Ring, \u00d6ldichtung, Verbundwerkstoffdichtung<\/td>\n<\/tr>\n<tr data-start=\"1949\" data-end=\"2038\">\n<td data-start=\"1949\" data-end=\"1971\" data-col-size=\"sm\"><strong data-start=\"1951\" data-end=\"1970\">Material System<\/strong><\/td>\n<td data-start=\"1971\" data-end=\"2038\" data-col-size=\"md\">SiC, Wolframkarbid, PTFE, PU, FKM, NBR, EPDM, Speziallegierungen<\/td>\n<\/tr>\n<tr data-start=\"2039\" data-end=\"2105\">\n<td data-start=\"2039\" data-end=\"2056\" data-col-size=\"sm\"><strong data-start=\"2041\" data-end=\"2055\">Abmessungen<\/strong><\/td>\n<td data-start=\"2056\" data-end=\"2105\" data-col-size=\"md\">Nicht genormte Wellen-, Geh\u00e4use- und Nutengr\u00f6\u00dfen<\/td>\n<\/tr>\n<tr data-start=\"2106\" data-end=\"2173\">\n<td data-start=\"2106\" data-end=\"2122\" data-col-size=\"sm\"><strong data-start=\"2108\" data-end=\"2121\">Struktur<\/strong><\/td>\n<td data-start=\"2122\" data-end=\"2173\" data-col-size=\"md\">Patronendichtungen, geteilte Dichtungen, mehrstufige Dichtungen<\/td>\n<\/tr>\n<tr data-start=\"2174\" data-end=\"2241\">\n<td data-start=\"2174\" data-end=\"2198\" data-col-size=\"sm\"><strong data-start=\"2176\" data-end=\"2197\">Oberfl\u00e4chenbehandlung<\/strong><\/td>\n<td data-start=\"2198\" data-end=\"2241\" data-col-size=\"md\">Beschichtungen, H\u00e4rten, Verschlei\u00dfschutzausr\u00fcstungen<\/td>\n<\/tr>\n<tr data-start=\"2242\" data-end=\"2330\">\n<td data-start=\"2242\" data-end=\"2267\" data-col-size=\"sm\"><strong data-start=\"2244\" data-end=\"2266\">Leistungsziel<\/strong><\/td>\n<td data-start=\"2267\" data-end=\"2330\" data-col-size=\"md\">H\u00f6herer Druck, h\u00f6here Temperatur, Geschwindigkeit oder chemische Best\u00e4ndigkeit<\/td>\n<\/tr>\n<tr data-start=\"2331\" data-end=\"2406\">\n<td data-start=\"2331\" data-end=\"2349\" data-col-size=\"sm\"><strong data-start=\"2333\" data-end=\"2348\">Integration<\/strong><\/td>\n<td data-start=\"2349\" data-end=\"2406\" data-col-size=\"md\">Vormontierte Dichtungsmodule f\u00fcr eine einfachere Installation<\/td>\n<\/tr>\n<\/tbody>\n<\/table>\n<\/div>\n<\/div>\n<h2 data-start=\"2413\" data-end=\"2440\"><strong data-start=\"2416\" data-end=\"2440\">Typische Anwendungen<\/strong><\/h2>\n<ul data-start=\"2442\" data-end=\"2768\">\n<li data-start=\"2442\" data-end=\"2479\">\n<p data-start=\"2444\" data-end=\"2479\">Hochdruck-Hydraulik-Zylinder<\/p>\n<\/li>\n<li data-start=\"2480\" data-end=\"2523\">\n<p data-start=\"2482\" data-end=\"2523\">Chemiepumpen zur F\u00f6rderung korrosiver Medien<\/p>\n<\/li>\n<li data-start=\"2524\" data-end=\"2558\">\n<p data-start=\"2526\" data-end=\"2558\">Ausr\u00fcstung f\u00fcr die \u00d6l- und Gasverarbeitung<\/p>\n<\/li>\n<li data-start=\"2559\" data-end=\"2594\">\n<p data-start=\"2561\" data-end=\"2594\">Bergbau- und Schwermaschinen<\/p>\n<\/li>\n<li data-start=\"2595\" data-end=\"2639\">\n<p data-start=\"2597\" data-end=\"2639\">Lebensmittel- und pharmazeutische Verarbeitungssysteme<\/p>\n<\/li>\n<li data-start=\"2640\" data-end=\"2680\">\n<p data-start=\"2642\" data-end=\"2680\">Stromerzeugung und Turbinensysteme<\/p>\n<\/li>\n<li data-start=\"2681\" data-end=\"2736\">\n<p data-start=\"2683\" data-end=\"2736\">Halbleiter- und Pr\u00e4zisionsfertigungsger\u00e4te<\/p>\n<\/li>\n<li data-start=\"2737\" data-end=\"2768\">\n<p data-start=\"2739\" data-end=\"2768\">Marine- und Offshore-Systeme<\/p>\n<\/li>\n<\/ul>\n<h2 data-start=\"2775\" data-end=\"2827\"><strong data-start=\"2778\" data-end=\"2825\">Bereich der technischen F\u00e4higkeiten (repr\u00e4sentativ)<\/strong><\/h2>\n<div class=\"TyagGW_tableContainer\">\n<div class=\"group TyagGW_tableWrapper flex flex-col-reverse w-fit\" tabindex=\"-1\">\n<table class=\"w-fit min-w-(--thread-content-width)\" data-start=\"2829\" data-end=\"3292\">\n<thead data-start=\"2829\" data-end=\"2855\">\n<tr data-start=\"2829\" data-end=\"2855\">\n<th data-start=\"2829\" data-end=\"2841\" data-col-size=\"sm\">Parameter<\/th>\n<th data-start=\"2841\" data-end=\"2855\" data-col-size=\"md\">F\u00e4higkeit<\/th>\n<\/tr>\n<\/thead>\n<tbody data-start=\"2866\" data-end=\"3292\">\n<tr data-start=\"2866\" data-end=\"2927\">\n<td data-start=\"2866\" data-end=\"2887\" data-col-size=\"sm\">Betriebsdruck<\/td>\n<td data-start=\"2887\" data-end=\"2927\" data-col-size=\"md\">Bis zu <strong data-start=\"2895\" data-end=\"2905\">60 MPa<\/strong> (projektabh\u00e4ngig)<\/td>\n<\/tr>\n<tr data-start=\"2928\" data-end=\"2992\">\n<td data-start=\"2928\" data-end=\"2948\" data-col-size=\"sm\">Temperaturbereich<\/td>\n<td data-start=\"2948\" data-end=\"2992\" data-col-size=\"md\"><strong data-start=\"2950\" data-end=\"2969\">-60\u00b0C bis +300\u00b0C<\/strong> (materialabh\u00e4ngig)<\/td>\n<\/tr>\n<tr data-start=\"2993\" data-end=\"3054\">\n<td data-start=\"2993\" data-end=\"3009\" data-col-size=\"sm\">Gleitende Geschwindigkeit<\/td>\n<td data-start=\"3009\" data-end=\"3054\" data-col-size=\"md\">Bis zu <strong data-start=\"3017\" data-end=\"3028\">2,0 m\/s<\/strong> (anwendungsabh\u00e4ngig)<\/td>\n<\/tr>\n<tr data-start=\"3055\" data-end=\"3098\">\n<td data-start=\"3055\" data-end=\"3068\" data-col-size=\"sm\">Gr\u00f6\u00dfe der Welle<\/td>\n<td data-start=\"3068\" data-end=\"3098\" data-col-size=\"md\">Von <strong data-start=\"3075\" data-end=\"3096\">\u00d85 mm bis \u00d81500 mm<\/strong><\/td>\n<\/tr>\n<tr data-start=\"3099\" data-end=\"3163\">\n<td data-start=\"3099\" data-end=\"3121\" data-col-size=\"sm\">Medienkompatibilit\u00e4t<\/td>\n<td data-start=\"3121\" data-end=\"3163\" data-col-size=\"md\">\u00d6l, Wasser, Chemikalien, Dampf, Schl\u00e4mme<\/td>\n<\/tr>\n<tr data-start=\"3164\" data-end=\"3226\">\n<td data-start=\"3164\" data-end=\"3187\" data-col-size=\"sm\">Referenzierte Normen<\/td>\n<td data-start=\"3187\" data-end=\"3226\" data-col-size=\"md\">ISO, DIN, AS568, Kundennormen<\/td>\n<\/tr>\n<tr data-start=\"3227\" data-end=\"3292\">\n<td data-start=\"3227\" data-end=\"3247\" data-col-size=\"sm\">Tests verf\u00fcgbar<\/td>\n<td data-start=\"3247\" data-end=\"3292\" data-col-size=\"md\">Druckpr\u00fcfung, Verschlei\u00dfpr\u00fcfung, Temperaturwechsel<\/td>\n<\/tr>\n<\/tbody>\n<\/table>\n<\/div>\n<\/div>\n<h2 data-start=\"3299\" data-end=\"3336\"><strong data-start=\"3302\" data-end=\"3336\">Unser kundenspezifischer Entwicklungsprozess<\/strong><\/h2>\n<ol data-start=\"3338\" data-end=\"3812\">\n<li data-start=\"3338\" data-end=\"3412\">\n<p data-start=\"3341\" data-end=\"3412\"><strong data-start=\"3341\" data-end=\"3365\">Analyse der Anwendungen<\/strong> - Betriebsdaten und Fehlerhistorie sammeln<\/p>\n<\/li>\n<li data-start=\"3413\" data-end=\"3481\">\n<p data-start=\"3416\" data-end=\"3481\"><strong data-start=\"3416\" data-end=\"3434\">Konzept Design<\/strong> - Dichtungsstruktur und Materialsystem vorschlagen<\/p>\n<\/li>\n<li data-start=\"3482\" data-end=\"3553\">\n<p data-start=\"3485\" data-end=\"3553\"><strong data-start=\"3485\" data-end=\"3513\">Simulation und Berechnung<\/strong> - Bewertung von Belastung, Reibung und Verschlei\u00df<\/p>\n<\/li>\n<li data-start=\"3554\" data-end=\"3607\">\n<p data-start=\"3557\" data-end=\"3607\"><strong data-start=\"3557\" data-end=\"3584\">Herstellung von Prototypen<\/strong> - Musterdichtungen bauen<\/p>\n<\/li>\n<li data-start=\"3608\" data-end=\"3666\">\n<p data-start=\"3611\" data-end=\"3666\"><strong data-start=\"3611\" data-end=\"3634\">Leistungspr\u00fcfung<\/strong> - Validierung im Labor und\/oder vor Ort<\/p>\n<\/li>\n<li data-start=\"3667\" data-end=\"3739\">\n<p data-start=\"3670\" data-end=\"3739\"><strong data-start=\"3670\" data-end=\"3693\">Optimierung des Designs<\/strong> - Veredelung f\u00fcr Haltbarkeit und Kosteneffizienz<\/p>\n<\/li>\n<li data-start=\"3740\" data-end=\"3812\">\n<p data-start=\"3743\" data-end=\"3812\"><strong data-start=\"3743\" data-end=\"3772\">Massenproduktion &amp; Unterst\u00fctzung<\/strong> - stabile Versorgung und technischer Service<\/p>\n<\/li>\n<\/ol>\n<h2 data-start=\"3819\" data-end=\"3859\"><strong data-start=\"3822\" data-end=\"3859\">Warum Wonzh f\u00fcr kundenspezifische Dichtungen w\u00e4hlen<\/strong><\/h2>\n<ul data-start=\"3861\" data-end=\"4163\">\n<li data-start=\"3861\" data-end=\"3903\">\n<p data-start=\"3863\" data-end=\"3903\">Anwendungsorientierter technischer Ansatz<\/p>\n<\/li>\n<li data-start=\"3904\" data-end=\"3972\">\n<p data-start=\"3906\" data-end=\"3972\">Breites Materialportfolio, das Metalle, Keramiken und Polymere umfasst<\/p>\n<\/li>\n<li data-start=\"3973\" data-end=\"4033\">\n<p data-start=\"3975\" data-end=\"4033\">Integrierte Entwurfs-, Test- und Fertigungsm\u00f6glichkeiten<\/p>\n<\/li>\n<li data-start=\"4034\" data-end=\"4095\">\n<p data-start=\"4036\" data-end=\"4095\">Erfahrung in rauen und risikoreichen industriellen Umgebungen<\/p>\n<\/li>\n<li data-start=\"4096\" data-end=\"4163\">\n<p data-start=\"4098\" data-end=\"4163\">Langfristige technische Partnerschaft statt transaktionaler Verkauf<\/p>\n<\/li>\n<\/ul>\n<h2 data-start=\"4170\" data-end=\"4211\"><strong data-start=\"4173\" data-end=\"4209\">H\u00e4ufig gestellte Fragen (FAQ)<\/strong><\/h2>\n<h3 data-start=\"4213\" data-end=\"4274\"><strong data-start=\"4217\" data-end=\"4272\">F1: Wann sollte ich mich f\u00fcr eine ma\u00dfgeschneiderte Dichtungsl\u00f6sung entscheiden?<\/strong><\/h3>\n<p data-start=\"4275\" data-end=\"4458\">Entscheiden Sie sich f\u00fcr eine individuelle Abdichtung, wenn Ihre Ger\u00e4te unter folgenden Bedingungen arbeiten <strong data-start=\"4332\" data-end=\"4413\">nicht genormte Druck-, Temperatur-, Geschwindigkeits-, Medien- oder Installationsbeschr\u00e4nkungen<\/strong> wo Katalogdichtungen nicht zuverl\u00e4ssig funktionieren.<\/p>\n<h3 data-start=\"4460\" data-end=\"4507\"><strong data-start=\"4464\" data-end=\"4505\">F2: Ben\u00f6tigen Sie f\u00fcr den Anfang Zeichnungen?<\/strong><\/h3>\n<p data-start=\"4508\" data-end=\"4680\">Zu den bevorzugten Eingaben geh\u00f6ren: Wellengr\u00f6\u00dfe, Geh\u00e4usegr\u00f6\u00dfe, Druck, Temperatur, Geschwindigkeit, Medien und Fehlerfotos. Wenn keine Zeichnungen verf\u00fcgbar sind, k\u00f6nnen wir bei der Festlegung der Spezifikationen helfen.<\/p>\n<h3 data-start=\"4682\" data-end=\"4727\"><strong data-start=\"4686\" data-end=\"4725\">F3: Wie lange dauert die Entwicklung?<\/strong><\/h3>\n<p data-start=\"4728\" data-end=\"4833\">Typischer Zeitplan: <strong data-start=\"4746\" data-end=\"4759\">2-6 Wochen<\/strong>, je nach Komplexit\u00e4t, Testanforderungen und Iterationen des Prototyps.<\/p>\n<h3 data-start=\"4835\" data-end=\"4880\"><strong data-start=\"4839\" data-end=\"4878\">F4: K\u00f6nnen Sie eine defekte Dichtung neu konstruieren?<\/strong><\/h3>\n<p data-start=\"4881\" data-end=\"4973\">Ja. Wir bieten <strong data-start=\"4897\" data-end=\"4941\">Fehleranalyse + Neuentwurf + Validierung<\/strong> Dienstleistungen zur Verhinderung eines erneuten Auftretens.<\/p>\n<h3 data-start=\"4975\" data-end=\"5027\"><strong data-start=\"4979\" data-end=\"5025\">F5: Unterst\u00fctzen Sie die Kleinserienproduktion?<\/strong><\/h3>\n<p data-start=\"5028\" data-end=\"5088\">Ja. Wir unterst\u00fctzen die Prototypen-, Kleinserien- und Massenproduktion.<\/p>","protected":false},"excerpt":{"rendered":"<p>Bei den von Wonzh angebotenen kundenspezifischen Dichtungsl\u00f6sungen handelt es sich um technische Dichtungssysteme, die speziell f\u00fcr die vom Kunden definierten Betriebsbedingungen, Ger\u00e4tekonstruktionen und Leistungsanforderungen entwickelt wurden.<\/p>","protected":false},"featured_media":1499,"comment_status":"open","ping_status":"closed","template":"","meta":{"site-sidebar-layout":"default","site-content-layout":"","ast-site-content-layout":"default","site-content-style":"default","site-sidebar-style":"default","ast-global-header-display":"","ast-banner-title-visibility":"","ast-main-header-display":"","ast-hfb-above-header-display":"","ast-hfb-below-header-display":"","ast-hfb-mobile-header-display":"","site-post-title":"","ast-breadcrumbs-content":"","ast-featured-img":"","footer-sml-layout":"","ast-disable-related-posts":"","theme-transparent-header-meta":"default","adv-header-id-meta":"","stick-header-meta":"default","header-above-stick-meta":"","header-main-stick-meta":"","header-below-stick-meta":"","astra-migrate-meta-layouts":"set","ast-page-background-enabled":"default","ast-page-background-meta":{"desktop":{"background-color":"","background-image":"","background-repeat":"repeat","background-position":"center center","background-size":"auto","background-attachment":"scroll","background-type":"","background-media":"","overlay-type":"","overlay-color":"","overlay-opacity":"","overlay-gradient":""},"tablet":{"background-color":"","background-image":"","background-repeat":"repeat","background-position":"center center","background-size":"auto","background-attachment":"scroll","background-type":"","background-media":"","overlay-type":"","overlay-color":"","overlay-opacity":"","overlay-gradient":""},"mobile":{"background-color":"","background-image":"","background-repeat":"repeat","background-position":"center center","background-size":"auto","background-attachment":"scroll","background-type":"","background-media":"","overlay-type":"","overlay-color":"","overlay-opacity":"","overlay-gradient":""}},"ast-content-background-meta":{"desktop":{"background-color":"var(--ast-global-color-5)","background-image":"","background-repeat":"repeat","background-position":"center center","background-size":"auto","background-attachment":"scroll","background-type":"","background-media":"","overlay-type":"","overlay-color":"","overlay-opacity":"","overlay-gradient":""},"tablet":{"background-color":"var(--ast-global-color-5)","background-image":"","background-repeat":"repeat","background-position":"center center","background-size":"auto","background-attachment":"scroll","background-type":"","background-media":"","overlay-type":"","overlay-color":"","overlay-opacity":"","overlay-gradient":""},"mobile":{"background-color":"var(--ast-global-color-5)","background-image":"","background-repeat":"repeat","background-position":"center center","background-size":"auto","background-attachment":"scroll","background-type":"","background-media":"","overlay-type":"","overlay-color":"","overlay-opacity":"","overlay-gradient":""}}},"product_brand":[],"product_cat":[21],"product_tag":[189,214,242,238,239,247,241,195,244,246,248,243,245,191,240],"class_list":{"0":"post-1449","1":"product","2":"type-product","3":"status-publish","4":"has-post-thumbnail","6":"product_cat-sealing-parts-sealing-systems","7":"product_tag-cartridge-mechanical-seal","8":"product_tag-china-seal-manufacturer","9":"product_tag-corrosion-resistant-seal","10":"product_tag-custom-sealing-solution","11":"product_tag-engineered-seal","12":"product_tag-failure-analysis-seal","13":"product_tag-high-temperature-seal","14":"product_tag-high-pressure-seal","15":"product_tag-hydraulic-custom-seal","16":"product_tag-industrial-sealing-engineering","17":"product_tag-oem-sealing-solution","18":"product_tag-ptfe-composite-seal","19":"product_tag-pump-custom-seal","20":"product_tag-sic-seal","21":"product_tag-special-seal-design","22":"desktop-align-left","23":"tablet-align-left","24":"mobile-align-left","26":"first","27":"instock","28":"shipping-taxable","29":"product-type-simple"},"_links":{"self":[{"href":"https:\/\/www.wonzh.com\/de\/wp-json\/wp\/v2\/product\/1449","targetHints":{"allow":["GET"]}}],"collection":[{"href":"https:\/\/www.wonzh.com\/de\/wp-json\/wp\/v2\/product"}],"about":[{"href":"https:\/\/www.wonzh.com\/de\/wp-json\/wp\/v2\/types\/product"}],"replies":[{"embeddable":true,"href":"https:\/\/www.wonzh.com\/de\/wp-json\/wp\/v2\/comments?post=1449"}],"wp:featuredmedia":[{"embeddable":true,"href":"https:\/\/www.wonzh.com\/de\/wp-json\/wp\/v2\/media\/1499"}],"wp:attachment":[{"href":"https:\/\/www.wonzh.com\/de\/wp-json\/wp\/v2\/media?parent=1449"}],"wp:term":[{"taxonomy":"product_brand","embeddable":true,"href":"https:\/\/www.wonzh.com\/de\/wp-json\/wp\/v2\/product_brand?post=1449"},{"taxonomy":"product_cat","embeddable":true,"href":"https:\/\/www.wonzh.com\/de\/wp-json\/wp\/v2\/product_cat?post=1449"},{"taxonomy":"product_tag","embeddable":true,"href":"https:\/\/www.wonzh.com\/de\/wp-json\/wp\/v2\/product_tag?post=1449"}],"curies":[{"name":"wp","href":"https:\/\/api.w.org\/{rel}","templated":true}]}}