{"id":1446,"date":"2026-02-03T14:22:59","date_gmt":"2026-02-03T14:22:59","guid":{"rendered":"https:\/\/www.wonzh.com\/?post_type=product&#038;p=1446"},"modified":"2026-02-04T15:05:01","modified_gmt":"2026-02-04T15:05:01","slug":"high-performance-hydraulic-seals-for-cylinders-and-fluid-power-systems","status":"publish","type":"product","link":"https:\/\/www.wonzh.com\/de\/product\/high-performance-hydraulic-seals-for-cylinders-and-fluid-power-systems\/","title":{"rendered":"Hochleistungs-Hydraulikdichtungen f\u00fcr Zylinder und Fluidtechniksysteme"},"content":{"rendered":"<p data-start=\"555\" data-end=\"914\">Hydraulikdichtungen von Wonzh sind pr\u00e4zisionsgefertigte Dichtungskomponenten zur Verhinderung von Fl\u00fcssigkeitsleckagen und zur Aufrechterhaltung der Druckstabilit\u00e4t in Hydraulikzylindern, Pumpen und Fluidsystemen. Diese Dichtungen spielen eine entscheidende Rolle bei der Gew\u00e4hrleistung einer reibungslosen Kolbenbewegung, der Verhinderung interner Leckagen und dem Schutz von Hydrauliksystemen vor Verschmutzung und Verschlei\u00df.<\/p>\n<p data-start=\"916\" data-end=\"1340\">Wonzh-Hydraulikdichtungen werden aus fortschrittlichen Elastomer- und Polymerwerkstoffen wie PU (Polyurethan), NBR, FKM, PTFE und PTFE-Verbundwerkstoffen hergestellt und zeichnen sich durch hervorragende Abriebfestigkeit, geringe Reibung und hohe Druckbest\u00e4ndigkeit aus. Pr\u00e4zisionsformen, CNC-Bearbeitung und strenge Qualit\u00e4tskontrollen gew\u00e4hrleisten Ma\u00dfgenauigkeit, zuverl\u00e4ssige Abdichtung und eine lange Lebensdauer auch unter rauen Betriebsbedingungen.<\/p>\n<p data-start=\"1342\" data-end=\"1686\">Als erfahrener Anbieter von Industriedichtungen bietet Wonzh sowohl Standard-Hydraulikdichtungsprofile als auch kundenspezifische L\u00f6sungen, die auf die Anforderungen an Druck, Geschwindigkeit, Temperatur und Fl\u00fcssigkeitskompatibilit\u00e4t zugeschnitten sind. Unser Ingenieurteam unterst\u00fctzt Sie bei der Auswahl der Dichtung, der Optimierung des Nutendesigns und der Fehlersuche in der Anwendung, um die Zuverl\u00e4ssigkeit des Systems zu maximieren.<\/p>\n<h2 data-start=\"1693\" data-end=\"1712\"><strong data-start=\"1696\" data-end=\"1712\">Wesentliche Merkmale<\/strong><\/h2>\n<ul data-start=\"1714\" data-end=\"2014\">\n<li data-start=\"1714\" data-end=\"1767\">\n<p data-start=\"1716\" data-end=\"1767\">Ausgezeichnete Dichtungsleistung unter hohem Druck<\/p>\n<\/li>\n<li data-start=\"1768\" data-end=\"1815\">\n<p data-start=\"1770\" data-end=\"1815\">Geringe Reibung und reduzierter Energieverbrauch<\/p>\n<\/li>\n<li data-start=\"1816\" data-end=\"1860\">\n<p data-start=\"1818\" data-end=\"1860\">Hohe Abriebfestigkeit und Extrusionsbest\u00e4ndigkeit<\/p>\n<\/li>\n<li data-start=\"1861\" data-end=\"1906\">\n<p data-start=\"1863\" data-end=\"1906\">Geeignet f\u00fcr dynamische Hin- und Herbewegungen<\/p>\n<\/li>\n<li data-start=\"1907\" data-end=\"1960\">\n<p data-start=\"1909\" data-end=\"1960\">Breite Materialkompatibilit\u00e4t mit Hydraulikfl\u00fcssigkeiten<\/p>\n<\/li>\n<li data-start=\"1961\" data-end=\"2014\">\n<p data-start=\"1963\" data-end=\"2014\">Sonderausf\u00fchrungen f\u00fcr spezielle Anwendungen erh\u00e4ltlich<\/p>\n<\/li>\n<\/ul>\n<h2 data-start=\"2021\" data-end=\"2048\"><strong data-start=\"2024\" data-end=\"2048\">Typische Anwendungen<\/strong><\/h2>\n<ul data-start=\"2050\" data-end=\"2337\">\n<li data-start=\"2050\" data-end=\"2073\">\n<p data-start=\"2052\" data-end=\"2073\">Hydraulische Zylinder<\/p>\n<\/li>\n<li data-start=\"2074\" data-end=\"2115\">\n<p data-start=\"2076\" data-end=\"2115\">Bagger und Baumaschinen<\/p>\n<\/li>\n<li data-start=\"2116\" data-end=\"2163\">\n<p data-start=\"2118\" data-end=\"2163\">Industrielle Pressen und Automatisierungsanlagen<\/p>\n<\/li>\n<li data-start=\"2164\" data-end=\"2184\">\n<p data-start=\"2166\" data-end=\"2184\">Bergbaumaschinen<\/p>\n<\/li>\n<li data-start=\"2185\" data-end=\"2228\">\n<p data-start=\"2187\" data-end=\"2228\">Gabelstapler und Materialflusssysteme<\/p>\n<\/li>\n<li data-start=\"2229\" data-end=\"2255\">\n<p data-start=\"2231\" data-end=\"2255\">Landwirtschaftliche Ger\u00e4te<\/p>\n<\/li>\n<li data-start=\"2256\" data-end=\"2289\">\n<p data-start=\"2258\" data-end=\"2289\">Hydraulische Systeme f\u00fcr \u00d6l und Gas<\/p>\n<\/li>\n<li data-start=\"2290\" data-end=\"2337\">\n<p data-start=\"2292\" data-end=\"2337\">Mobile und station\u00e4re Hydraulikaggregate<\/p>\n<\/li>\n<\/ul>\n<h2 data-start=\"2344\" data-end=\"2381\"><strong data-start=\"2347\" data-end=\"2381\">Von uns gelieferte hydraulische Dichtungstypen<\/strong><\/h2>\n<div class=\"TyagGW_tableContainer\">\n<div class=\"group TyagGW_tableWrapper flex flex-col-reverse w-fit\" tabindex=\"-1\">\n<table class=\"w-fit min-w-(--thread-content-width)\" data-start=\"2383\" data-end=\"2809\">\n<thead data-start=\"2383\" data-end=\"2426\">\n<tr data-start=\"2383\" data-end=\"2426\">\n<th data-start=\"2383\" data-end=\"2395\" data-col-size=\"sm\">Siegel Typ<\/th>\n<th data-start=\"2395\" data-end=\"2406\" data-col-size=\"md\">Funktion<\/th>\n<th data-start=\"2406\" data-end=\"2426\" data-col-size=\"sm\">Typische Position<\/th>\n<\/tr>\n<\/thead>\n<tbody data-start=\"2441\" data-end=\"2809\">\n<tr data-start=\"2441\" data-end=\"2516\">\n<td data-start=\"2441\" data-end=\"2455\" data-col-size=\"sm\">Kolbendichtung<\/td>\n<td data-start=\"2455\" data-end=\"2497\" data-col-size=\"md\">Verhindert interne Leckagen am Kolben<\/td>\n<td data-start=\"2497\" data-end=\"2516\" data-col-size=\"sm\">Innenzylinder<\/td>\n<\/tr>\n<tr data-start=\"2517\" data-end=\"2591\">\n<td data-start=\"2517\" data-end=\"2528\" data-col-size=\"sm\">Stangendichtung<\/td>\n<td data-start=\"2528\" data-end=\"2570\" data-col-size=\"md\">Verhindert externe Leckagen am Zylinder<\/td>\n<td data-start=\"2570\" data-end=\"2591\" data-col-size=\"sm\">Ausgang der Zylinderstange<\/td>\n<\/tr>\n<tr data-start=\"2592\" data-end=\"2662\">\n<td data-start=\"2592\" data-end=\"2605\" data-col-size=\"sm\">Wischerdichtung<\/td>\n<td data-start=\"2605\" data-end=\"2643\" data-col-size=\"md\">H\u00e4lt Staub, Schmutz und Verunreinigungen ab<\/td>\n<td data-start=\"2643\" data-end=\"2662\" data-col-size=\"sm\">Eintrittspunkt der Stange<\/td>\n<\/tr>\n<tr data-start=\"2663\" data-end=\"2728\">\n<td data-start=\"2663\" data-end=\"2676\" data-col-size=\"sm\">F\u00fchrungsring<\/td>\n<td data-start=\"2676\" data-end=\"2710\" data-col-size=\"md\">Verhindert Metall-auf-Metall-Kontakt<\/td>\n<td data-start=\"2710\" data-end=\"2728\" data-col-size=\"sm\">Kolben und Stange<\/td>\n<\/tr>\n<tr data-start=\"2729\" data-end=\"2809\">\n<td data-start=\"2729\" data-end=\"2743\" data-col-size=\"sm\">Sicherungsring<\/td>\n<td data-start=\"2743\" data-end=\"2789\" data-col-size=\"md\">Verhindert die Extrusion der Dichtung unter hohem Druck<\/td>\n<td data-start=\"2789\" data-end=\"2809\" data-col-size=\"sm\">Hinter der Hauptdichtung<\/td>\n<\/tr>\n<\/tbody>\n<\/table>\n<\/div>\n<\/div>\n<h2 data-start=\"2816\" data-end=\"2868\"><strong data-start=\"2819\" data-end=\"2866\">Technische Parameter (repr\u00e4sentativer Bereich)<\/strong><\/h2>\n<div class=\"TyagGW_tableContainer\">\n<div class=\"group TyagGW_tableWrapper flex flex-col-reverse w-fit\" tabindex=\"-1\">\n<table class=\"w-fit min-w-(--thread-content-width)\" data-start=\"2870\" data-end=\"3388\">\n<thead data-start=\"2870\" data-end=\"2907\">\n<tr data-start=\"2870\" data-end=\"2907\">\n<th data-start=\"2870\" data-end=\"2882\" data-col-size=\"sm\">Parameter<\/th>\n<th data-start=\"2882\" data-end=\"2907\" data-col-size=\"md\">Spezifikation \/ Reichweite<\/th>\n<\/tr>\n<\/thead>\n<tbody data-start=\"2918\" data-end=\"3388\">\n<tr data-start=\"2918\" data-end=\"2967\">\n<td data-start=\"2918\" data-end=\"2930\" data-col-size=\"sm\">Siegel Typ<\/td>\n<td data-start=\"2930\" data-end=\"2967\" data-col-size=\"md\">Kolben, Stange, Abstreifer, F\u00fchrung, Sicherung<\/td>\n<\/tr>\n<tr data-start=\"2968\" data-end=\"3029\">\n<td data-start=\"2968\" data-end=\"2989\" data-col-size=\"sm\">Betriebsdruck<\/td>\n<td data-start=\"2989\" data-end=\"3029\" data-col-size=\"md\">Bis zu 40 MPa (abh\u00e4ngig von der Anwendung)<\/td>\n<\/tr>\n<tr data-start=\"3030\" data-end=\"3090\">\n<td data-start=\"3030\" data-end=\"3050\" data-col-size=\"sm\">Temperaturbereich<\/td>\n<td data-start=\"3050\" data-end=\"3090\" data-col-size=\"md\">-40\u00b0C bis +120\u00b0C (materialabh\u00e4ngig)<\/td>\n<\/tr>\n<tr data-start=\"3091\" data-end=\"3150\">\n<td data-start=\"3091\" data-end=\"3107\" data-col-size=\"sm\">Gleitende Geschwindigkeit<\/td>\n<td data-start=\"3107\" data-end=\"3150\" data-col-size=\"md\">Bis zu 1,0 m\/s (abh\u00e4ngig von der Konfiguration)<\/td>\n<\/tr>\n<tr data-start=\"3151\" data-end=\"3220\">\n<td data-start=\"3151\" data-end=\"3173\" data-col-size=\"sm\">Medienkompatibilit\u00e4t<\/td>\n<td data-start=\"3173\" data-end=\"3220\" data-col-size=\"md\">Mineral\u00f6l, Wasser-Glykol, synthetische Fl\u00fcssigkeiten<\/td>\n<\/tr>\n<tr data-start=\"3221\" data-end=\"3281\">\n<td data-start=\"3221\" data-end=\"3243\" data-col-size=\"sm\">Verf\u00fcgbare Materialien<\/td>\n<td data-start=\"3243\" data-end=\"3281\" data-col-size=\"md\">PU, NBR, FKM, PTFE, PTFE-Verbundwerkstoff<\/td>\n<\/tr>\n<tr data-start=\"3282\" data-end=\"3339\">\n<td data-start=\"3282\" data-end=\"3308\" data-col-size=\"sm\">Oberfl\u00e4chenrauhigkeit (Stab)<\/td>\n<td data-start=\"3308\" data-end=\"3339\" data-col-size=\"md\">Ra 0,2 - 0,4 \u03bcm empfohlen<\/td>\n<\/tr>\n<tr data-start=\"3340\" data-end=\"3388\">\n<td data-start=\"3340\" data-end=\"3362\" data-col-size=\"sm\">Unterst\u00fctzte Standards<\/td>\n<td data-start=\"3362\" data-end=\"3388\" data-col-size=\"md\">ISO-Profile verf\u00fcgbar<\/td>\n<\/tr>\n<\/tbody>\n<\/table>\n<\/div>\n<\/div>\n<h2 data-start=\"3395\" data-end=\"3426\"><strong data-start=\"3398\" data-end=\"3426\">Leitfaden zur Materialauswahl<\/strong><\/h2>\n<div class=\"TyagGW_tableContainer\">\n<div class=\"group TyagGW_tableWrapper flex flex-col-reverse w-fit\" tabindex=\"-1\">\n<table class=\"w-fit min-w-(--thread-content-width)\" data-start=\"3428\" data-end=\"3860\">\n<thead data-start=\"3428\" data-end=\"3467\">\n<tr data-start=\"3428\" data-end=\"3467\">\n<th data-start=\"3428\" data-end=\"3439\" data-col-size=\"sm\">Material<\/th>\n<th data-start=\"3439\" data-end=\"3453\" data-col-size=\"sm\">Typische Verwendung<\/th>\n<th data-start=\"3453\" data-end=\"3467\" data-col-size=\"sm\">Vorteile<\/th>\n<\/tr>\n<\/thead>\n<tbody data-start=\"3482\" data-end=\"3860\">\n<tr data-start=\"3482\" data-end=\"3558\">\n<td data-start=\"3482\" data-end=\"3506\" data-col-size=\"sm\"><strong data-start=\"3484\" data-end=\"3505\">PU (Polyurethan)<\/strong><\/td>\n<td data-start=\"3506\" data-end=\"3529\" data-col-size=\"sm\">Schwerlast-Zylinder<\/td>\n<td data-start=\"3529\" data-end=\"3558\" data-col-size=\"sm\">Ausgezeichnete Verschlei\u00dffestigkeit<\/td>\n<\/tr>\n<tr data-start=\"3559\" data-end=\"3632\">\n<td data-start=\"3559\" data-end=\"3569\" data-col-size=\"sm\"><strong data-start=\"3561\" data-end=\"3568\">NBR<\/strong><\/td>\n<td data-start=\"3569\" data-end=\"3593\" data-col-size=\"sm\">Allgemeines Hydraulik\u00f6l<\/td>\n<td data-start=\"3593\" data-end=\"3632\" data-col-size=\"sm\">Kosteng\u00fcnstig, gute \u00d6lbest\u00e4ndigkeit<\/td>\n<\/tr>\n<tr data-start=\"3633\" data-end=\"3706\">\n<td data-start=\"3633\" data-end=\"3651\" data-col-size=\"sm\"><strong data-start=\"3635\" data-end=\"3650\">FKM (Viton)<\/strong><\/td>\n<td data-start=\"3651\" data-end=\"3678\" data-col-size=\"sm\">Hochtemperatur-Systeme<\/td>\n<td data-start=\"3678\" data-end=\"3706\" data-col-size=\"sm\">Hervorragende Hitzebest\u00e4ndigkeit<\/td>\n<\/tr>\n<tr data-start=\"3707\" data-end=\"3781\">\n<td data-start=\"3707\" data-end=\"3718\" data-col-size=\"sm\"><strong data-start=\"3709\" data-end=\"3717\">PTFE<\/strong><\/td>\n<td data-start=\"3718\" data-end=\"3746\" data-col-size=\"sm\">Reibungsarme Anwendungen<\/td>\n<td data-start=\"3746\" data-end=\"3781\" data-col-size=\"sm\">Hervorragende chemische Best\u00e4ndigkeit<\/td>\n<\/tr>\n<tr data-start=\"3782\" data-end=\"3860\">\n<td data-start=\"3782\" data-end=\"3803\" data-col-size=\"sm\"><strong data-start=\"3784\" data-end=\"3802\">PTFE-Verbundwerkstoff<\/strong><\/td>\n<td data-start=\"3803\" data-end=\"3828\" data-col-size=\"sm\">Hohe Belastung &amp; hohe Geschwindigkeit<\/td>\n<td data-start=\"3828\" data-end=\"3860\" data-col-size=\"sm\">Sehr geringe Reibung, lange Lebensdauer<\/td>\n<\/tr>\n<\/tbody>\n<\/table>\n<\/div>\n<\/div>\n<h2 data-start=\"3867\" data-end=\"3890\"><strong data-start=\"3870\" data-end=\"3890\">Warum Wonzh w\u00e4hlen<\/strong><\/h2>\n<ul data-start=\"3892\" data-end=\"4160\">\n<li data-start=\"3892\" data-end=\"3956\">\n<p data-start=\"3894\" data-end=\"3956\">Strenge Qualit\u00e4tskontrolle vom Rohmaterial bis zur Endkontrolle<\/p>\n<\/li>\n<li data-start=\"3957\" data-end=\"4008\">\n<p data-start=\"3959\" data-end=\"4008\">Gro\u00dfe Auswahl an Standard- und kundenspezifischen Dichtungsprofilen<\/p>\n<\/li>\n<li data-start=\"4009\" data-end=\"4069\">\n<p data-start=\"4011\" data-end=\"4069\">Technische Unterst\u00fctzung bei der Konstruktion von Rillen und der Auswahl von Dichtungen<\/p>\n<\/li>\n<li data-start=\"4070\" data-end=\"4122\">\n<p data-start=\"4072\" data-end=\"4122\">Stabile Leistung in rauen Arbeitsumgebungen<\/p>\n<\/li>\n<li data-start=\"4123\" data-end=\"4160\">\n<p data-start=\"4125\" data-end=\"4160\">Zuverl\u00e4ssige globale Lieferf\u00e4higkeit<\/p>\n<\/li>\n<\/ul>\n<h2 data-start=\"4167\" data-end=\"4208\"><strong data-start=\"4170\" data-end=\"4206\">H\u00e4ufig gestellte Fragen (FAQ)<\/strong><\/h2>\n<h3 data-start=\"4210\" data-end=\"4258\"><strong data-start=\"4214\" data-end=\"4256\">F1: Wof\u00fcr wird eine Hydraulikdichtung verwendet?<\/strong><\/h3>\n<p data-start=\"4259\" data-end=\"4400\">Eine Hydraulikdichtung verhindert Fl\u00fcssigkeitsleckagen und h\u00e4lt den Druck in Hydraulikzylindern und -systemen aufrecht, w\u00e4hrend sie eine reibungslose Hin- und Herbewegung erm\u00f6glicht.<\/p>\n<h3 data-start=\"4402\" data-end=\"4472\"><strong data-start=\"4406\" data-end=\"4470\">F2: Was ist der Unterschied zwischen Kolbendichtung und Stangendichtung?<\/strong><\/h3>\n<ul data-start=\"4473\" data-end=\"4620\">\n<li data-start=\"4473\" data-end=\"4540\">\n<p data-start=\"4475\" data-end=\"4540\"><strong data-start=\"4475\" data-end=\"4491\">Kolbendichtung:<\/strong> verhindert interne Leckagen im Zylinder.<\/p>\n<\/li>\n<li data-start=\"4541\" data-end=\"4620\">\n<p data-start=\"4543\" data-end=\"4620\"><strong data-start=\"4543\" data-end=\"4556\">Stangendichtung:<\/strong> verhindert das Austreten von Fl\u00fcssigkeiten aus dem Zylinder in die Umwelt.<\/p>\n<\/li>\n<\/ul>\n<h3 data-start=\"4622\" data-end=\"4681\"><strong data-start=\"4626\" data-end=\"4679\">F3: K\u00f6nnen Hydraulikdichtungen unter hohem Druck arbeiten?<\/strong><\/h3>\n<p data-start=\"4682\" data-end=\"4785\">Ja. Mit der richtigen Materialauswahl und dem richtigen Rillendesign k\u00f6nnen unsere Dichtungen zuverl\u00e4ssig arbeiten bis zu <strong data-start=\"4774\" data-end=\"4784\">40 MPa<\/strong>.<\/p>\n<h3 data-start=\"4787\" data-end=\"4832\"><strong data-start=\"4791\" data-end=\"4830\">F4: Welches Material sollte ich w\u00e4hlen?<\/strong><\/h3>\n<ul data-start=\"4833\" data-end=\"4960\">\n<li data-start=\"4833\" data-end=\"4865\">\n<p data-start=\"4835\" data-end=\"4865\">F\u00fcr starke Beanspruchung \u2192 <strong data-start=\"4857\" data-end=\"4863\">PU<\/strong><\/p>\n<\/li>\n<li data-start=\"4866\" data-end=\"4900\">\n<p data-start=\"4868\" data-end=\"4900\">F\u00fcr hohe Temperaturen \u2192 <strong data-start=\"4891\" data-end=\"4898\">FKM<\/strong><\/p>\n<\/li>\n<li data-start=\"4901\" data-end=\"4932\">\n<p data-start=\"4903\" data-end=\"4932\">Bei geringer Reibung \u2192 <strong data-start=\"4922\" data-end=\"4930\">PTFE<\/strong><\/p>\n<\/li>\n<li data-start=\"4933\" data-end=\"4960\">\n<p data-start=\"4935\" data-end=\"4960\">F\u00fcr den allgemeinen Gebrauch \u2192 <strong data-start=\"4953\" data-end=\"4960\">NBR<\/strong><\/p>\n<\/li>\n<\/ul>\n<h3 data-start=\"4962\" data-end=\"5004\"><strong data-start=\"4966\" data-end=\"5002\">F5: Bieten Sie Sondergr\u00f6\u00dfen an?<\/strong><\/h3>\n<p data-start=\"5005\" data-end=\"5122\">Ja. Wir k\u00f6nnen Dichtungen auf der Grundlage Ihrer genauen Zylinderabmessungen, Druck-, Geschwindigkeits- und Temperaturanforderungen herstellen.<\/p>","protected":false},"excerpt":{"rendered":"<p>Hydraulikdichtungen von Wonzh sind pr\u00e4zisionsgefertigte Dichtungskomponenten zur Verhinderung von Fl\u00fcssigkeitsleckagen und zur Aufrechterhaltung der Druckstabilit\u00e4t in Hydraulikzylindern, Pumpen und Fluidsystemen.<\/p>","protected":false},"featured_media":1496,"comment_status":"open","ping_status":"closed","template":"","meta":{"site-sidebar-layout":"default","site-content-layout":"","ast-site-content-layout":"default","site-content-style":"default","site-sidebar-style":"default","ast-global-header-display":"","ast-banner-title-visibility":"","ast-main-header-display":"","ast-hfb-above-header-display":"","ast-hfb-below-header-display":"","ast-hfb-mobile-header-display":"","site-post-title":"","ast-breadcrumbs-content":"","ast-featured-img":"","footer-sml-layout":"","ast-disable-related-posts":"","theme-transparent-header-meta":"default","adv-header-id-meta":"","stick-header-meta":"default","header-above-stick-meta":"","header-main-stick-meta":"","header-below-stick-meta":"","astra-migrate-meta-layouts":"set","ast-page-background-enabled":"default","ast-page-background-meta":{"desktop":{"background-color":"","background-image":"","background-repeat":"repeat","background-position":"center center","background-size":"auto","background-attachment":"scroll","background-type":"","background-media":"","overlay-type":"","overlay-color":"","overlay-opacity":"","overlay-gradient":""},"tablet":{"background-color":"","background-image":"","background-repeat":"repeat","background-position":"center center","background-size":"auto","background-attachment":"scroll","background-type":"","background-media":"","overlay-type":"","overlay-color":"","overlay-opacity":"","overlay-gradient":""},"mobile":{"background-color":"","background-image":"","background-repeat":"repeat","background-position":"center center","background-size":"auto","background-attachment":"scroll","background-type":"","background-media":"","overlay-type":"","overlay-color":"","overlay-opacity":"","overlay-gradient":""}},"ast-content-background-meta":{"desktop":{"background-color":"var(--ast-global-color-5)","background-image":"","background-repeat":"repeat","background-position":"center center","background-size":"auto","background-attachment":"scroll","background-type":"","background-media":"","overlay-type":"","overlay-color":"","overlay-opacity":"","overlay-gradient":""},"tablet":{"background-color":"var(--ast-global-color-5)","background-image":"","background-repeat":"repeat","background-position":"center center","background-size":"auto","background-attachment":"scroll","background-type":"","background-media":"","overlay-type":"","overlay-color":"","overlay-opacity":"","overlay-gradient":""},"mobile":{"background-color":"var(--ast-global-color-5)","background-image":"","background-repeat":"repeat","background-position":"center center","background-size":"auto","background-attachment":"scroll","background-type":"","background-media":"","overlay-type":"","overlay-color":"","overlay-opacity":"","overlay-gradient":""}}},"product_brand":[],"product_cat":[21],"product_tag":[230,214,237,233,236,229,195,235,203,190,232,226,234,231,227,228],"class_list":{"0":"post-1446","1":"product","2":"type-product","3":"status-publish","4":"has-post-thumbnail","6":"product_cat-sealing-parts-sealing-systems","7":"product_tag-backup-ring","8":"product_tag-china-seal-manufacturer","9":"product_tag-custom-hydraulic-seal","10":"product_tag-fkm-hydraulic-seal","11":"product_tag-fluid-power-seal","12":"product_tag-guide-ring","13":"product_tag-high-pressure-seal","14":"product_tag-hydraulic-cylinder-seal","15":"product_tag-hydraulic-seal","16":"product_tag-industrial-sealing","17":"product_tag-nbr-hydraulic-seal","18":"product_tag-piston-seal","19":"product_tag-ptfe-hydraulic-seal","20":"product_tag-pu-hydraulic-seal","21":"product_tag-rod-seal","22":"product_tag-wiper-seal","23":"desktop-align-left","24":"tablet-align-left","25":"mobile-align-left","27":"first","28":"instock","29":"shipping-taxable","30":"product-type-simple"},"_links":{"self":[{"href":"https:\/\/www.wonzh.com\/de\/wp-json\/wp\/v2\/product\/1446","targetHints":{"allow":["GET"]}}],"collection":[{"href":"https:\/\/www.wonzh.com\/de\/wp-json\/wp\/v2\/product"}],"about":[{"href":"https:\/\/www.wonzh.com\/de\/wp-json\/wp\/v2\/types\/product"}],"replies":[{"embeddable":true,"href":"https:\/\/www.wonzh.com\/de\/wp-json\/wp\/v2\/comments?post=1446"}],"wp:featuredmedia":[{"embeddable":true,"href":"https:\/\/www.wonzh.com\/de\/wp-json\/wp\/v2\/media\/1496"}],"wp:attachment":[{"href":"https:\/\/www.wonzh.com\/de\/wp-json\/wp\/v2\/media?parent=1446"}],"wp:term":[{"taxonomy":"product_brand","embeddable":true,"href":"https:\/\/www.wonzh.com\/de\/wp-json\/wp\/v2\/product_brand?post=1446"},{"taxonomy":"product_cat","embeddable":true,"href":"https:\/\/www.wonzh.com\/de\/wp-json\/wp\/v2\/product_cat?post=1446"},{"taxonomy":"product_tag","embeddable":true,"href":"https:\/\/www.wonzh.com\/de\/wp-json\/wp\/v2\/product_tag?post=1446"}],"curies":[{"name":"wp","href":"https:\/\/api.w.org\/{rel}","templated":true}]}}