{"id":1444,"date":"2026-02-03T14:21:14","date_gmt":"2026-02-03T14:21:14","guid":{"rendered":"https:\/\/www.wonzh.com\/?post_type=product&#038;p=1444"},"modified":"2026-02-04T14:53:48","modified_gmt":"2026-02-04T14:53:48","slug":"industrial-oil-seals-radial-shaft-seals-for-rotating-equipment","status":"publish","type":"product","link":"https:\/\/www.wonzh.com\/de\/product\/industrial-oil-seals-radial-shaft-seals-for-rotating-equipment\/","title":{"rendered":"Industrie\u00f6ldichtungen (Radialwellendichtringe) f\u00fcr rotierende Anlagen"},"content":{"rendered":"<p data-start=\"571\" data-end=\"950\">Bei den von Wonzh angebotenen \u00d6ldichtungen handelt es sich um pr\u00e4zisionsgefertigte Radialwellendichtringe, die Schmiermittel zur\u00fcckhalten, Fl\u00fcssigkeitsaustritt verhindern und das Eindringen von Staub, Schmutz und Verunreinigungen in rotierenden Maschinen blockieren. Diese Dichtungen werden h\u00e4ufig auf Wellen in Getrieben, Motoren, Pumpen und Industrieanlagen installiert und spielen eine entscheidende Rolle bei der Verl\u00e4ngerung der Lagerlebensdauer und der Verbesserung der Systemzuverl\u00e4ssigkeit.<\/p>\n<p data-start=\"952\" data-end=\"1329\">Die aus hochwertigen Elastomeren wie NBR, FKM (Viton), ACM und Silikon hergestellten und mit Metallgeh\u00e4usen und Federelementen verst\u00e4rkten Wonzh-\u00d6ldichtungen bieten hervorragende Verschlei\u00dffestigkeit, thermische Stabilit\u00e4t und Dichtungsleistung unter dynamischen Bedingungen. Die fortschrittliche Formgebung und die strenge Ma\u00dfkontrolle gew\u00e4hrleisten einen gleichm\u00e4\u00dfigen Lippenkontakt, geringe Reibung und eine lange Lebensdauer.<\/p>\n<p data-start=\"1331\" data-end=\"1675\">Als erfahrener Anbieter von Industriedichtungen bietet Wonzh metrische und z\u00f6llige Standard-\u00d6ldichtungen sowie kundenspezifische Konstruktionen f\u00fcr spezielle Wellengr\u00f6\u00dfen, Betriebsbedingungen und Medienkompatibilit\u00e4t. Unser Ingenieurteam unterst\u00fctzt Sie bei der Werkstoffauswahl, der Optimierung des Dichtungsprofils und der Anwendungsberatung auf der Grundlage der realen Leistungsanforderungen.<\/p>\n<h2 data-start=\"1682\" data-end=\"1701\"><strong data-start=\"1685\" data-end=\"1701\">Wesentliche Merkmale<\/strong><\/h2>\n<ul data-start=\"1703\" data-end=\"1972\">\n<li data-start=\"1703\" data-end=\"1759\">\n<p data-start=\"1705\" data-end=\"1759\">Wirksame Schmiermittelr\u00fcckhaltung und Leckageverh\u00fctung<\/p>\n<\/li>\n<li data-start=\"1760\" data-end=\"1807\">\n<p data-start=\"1762\" data-end=\"1807\">Ausgezeichneter Schutz vor Staub und Verschmutzung<\/p>\n<\/li>\n<li data-start=\"1808\" data-end=\"1848\">\n<p data-start=\"1810\" data-end=\"1848\">Geringe Reibung und reduzierter Energieverlust<\/p>\n<\/li>\n<li data-start=\"1849\" data-end=\"1888\">\n<p data-start=\"1851\" data-end=\"1888\">Hohe Verschlei\u00dffestigkeit und Haltbarkeit<\/p>\n<\/li>\n<li data-start=\"1889\" data-end=\"1932\">\n<p data-start=\"1891\" data-end=\"1932\">Geeignet f\u00fcr hochtourig drehende Wellen<\/p>\n<\/li>\n<li data-start=\"1933\" data-end=\"1972\">\n<p data-start=\"1935\" data-end=\"1972\">Standard- und Sondergr\u00f6\u00dfen verf\u00fcgbar<\/p>\n<\/li>\n<\/ul>\n<h2 data-start=\"1979\" data-end=\"2006\"><strong data-start=\"1982\" data-end=\"2006\">Typische Anwendungen<\/strong><\/h2>\n<ul data-start=\"2008\" data-end=\"2233\">\n<li data-start=\"2008\" data-end=\"2034\">\n<p data-start=\"2010\" data-end=\"2034\">Getriebe und Untersetzungsgetriebe<\/p>\n<\/li>\n<li data-start=\"2035\" data-end=\"2054\">\n<p data-start=\"2037\" data-end=\"2054\">Elektrische Motoren<\/p>\n<\/li>\n<li data-start=\"2055\" data-end=\"2080\">\n<p data-start=\"2057\" data-end=\"2080\">Pumpen und Kompressoren<\/p>\n<\/li>\n<li data-start=\"2081\" data-end=\"2115\">\n<p data-start=\"2083\" data-end=\"2115\">Kraftfahrzeuge und Schwermaschinen<\/p>\n<\/li>\n<li data-start=\"2116\" data-end=\"2151\">\n<p data-start=\"2118\" data-end=\"2151\">Industrielle \u00dcbertragungssysteme<\/p>\n<\/li>\n<li data-start=\"2152\" data-end=\"2195\">\n<p data-start=\"2154\" data-end=\"2195\">Landwirtschaftliche Ger\u00e4te und Baumaschinen<\/p>\n<\/li>\n<li data-start=\"2196\" data-end=\"2233\">\n<p data-start=\"2198\" data-end=\"2233\">Windturbinen und Energieanlagen<\/p>\n<\/li>\n<\/ul>\n<h2 data-start=\"2240\" data-end=\"2292\"><strong data-start=\"2243\" data-end=\"2290\">Technische Parameter (repr\u00e4sentativer Bereich)<\/strong><\/h2>\n<div class=\"TyagGW_tableContainer\">\n<div class=\"group TyagGW_tableWrapper flex flex-col-reverse w-fit\" tabindex=\"-1\">\n<table class=\"w-fit min-w-(--thread-content-width)\" data-start=\"2294\" data-end=\"2852\">\n<thead data-start=\"2294\" data-end=\"2331\">\n<tr data-start=\"2294\" data-end=\"2331\">\n<th data-start=\"2294\" data-end=\"2306\" data-col-size=\"sm\">Parameter<\/th>\n<th data-start=\"2306\" data-end=\"2331\" data-col-size=\"sm\">Spezifikation \/ Reichweite<\/th>\n<\/tr>\n<\/thead>\n<tbody data-start=\"2342\" data-end=\"2852\">\n<tr data-start=\"2342\" data-end=\"2379\">\n<td data-start=\"2342\" data-end=\"2354\" data-col-size=\"sm\">Siegel Typ<\/td>\n<td data-start=\"2354\" data-end=\"2379\" data-col-size=\"sm\">Radialwellendichtring<\/td>\n<\/tr>\n<tr data-start=\"2380\" data-end=\"2434\">\n<td data-start=\"2380\" data-end=\"2395\" data-col-size=\"sm\">Siegelprofil<\/td>\n<td data-start=\"2395\" data-end=\"2434\" data-col-size=\"sm\">Einfache Lippe, Doppellippe oder Staublippe<\/td>\n<\/tr>\n<tr data-start=\"2435\" data-end=\"2488\">\n<td data-start=\"2435\" data-end=\"2452\" data-col-size=\"sm\">Durchmesser der Welle<\/td>\n<td data-start=\"2452\" data-end=\"2488\" data-col-size=\"sm\">5 mm - 500 mm (kundenspezifisch erh\u00e4ltlich)<\/td>\n<\/tr>\n<tr data-start=\"2489\" data-end=\"2533\">\n<td data-start=\"2489\" data-end=\"2508\" data-col-size=\"sm\">Geh\u00e4use-Durchmesser<\/td>\n<td data-start=\"2508\" data-end=\"2533\" data-col-size=\"sm\">Anwendungsabh\u00e4ngig<\/td>\n<\/tr>\n<tr data-start=\"2534\" data-end=\"2594\">\n<td data-start=\"2534\" data-end=\"2554\" data-col-size=\"sm\">Temperaturbereich<\/td>\n<td data-start=\"2554\" data-end=\"2594\" data-col-size=\"sm\">-40\u00b0C bis +200\u00b0C (materialabh\u00e4ngig)<\/td>\n<\/tr>\n<tr data-start=\"2595\" data-end=\"2651\">\n<td data-start=\"2595\" data-end=\"2609\" data-col-size=\"sm\">Drehzahl der Welle<\/td>\n<td data-start=\"2609\" data-end=\"2651\" data-col-size=\"sm\">Bis zu 15 m\/s (abh\u00e4ngig von der Konfiguration)<\/td>\n<\/tr>\n<tr data-start=\"2652\" data-end=\"2702\">\n<td data-start=\"2652\" data-end=\"2674\" data-col-size=\"sm\">Druckbest\u00e4ndigkeit<\/td>\n<td data-start=\"2674\" data-end=\"2702\" data-col-size=\"sm\">Im Allgemeinen bis zu 0,05 MPa<\/td>\n<\/tr>\n<tr data-start=\"2703\" data-end=\"2752\">\n<td data-start=\"2703\" data-end=\"2725\" data-col-size=\"sm\">Verf\u00fcgbare Materialien<\/td>\n<td data-start=\"2725\" data-end=\"2752\" data-col-size=\"sm\">NBR, FKM, ACM, Silikon<\/td>\n<\/tr>\n<tr data-start=\"2753\" data-end=\"2800\">\n<td data-start=\"2753\" data-end=\"2767\" data-col-size=\"sm\">Feder Typ<\/td>\n<td data-start=\"2767\" data-end=\"2800\" data-col-size=\"sm\">Strumpfbandfeder aus rostfreiem Stahl<\/td>\n<\/tr>\n<tr data-start=\"2801\" data-end=\"2852\">\n<td data-start=\"2801\" data-end=\"2823\" data-col-size=\"sm\">Unterst\u00fctzte Standards<\/td>\n<td data-start=\"2823\" data-end=\"2852\" data-col-size=\"sm\">DIN 3760, ISO-\u00c4quivalente<\/td>\n<\/tr>\n<\/tbody>\n<\/table>\n<\/div>\n<\/div>\n<h2 data-start=\"2859\" data-end=\"2890\"><strong data-start=\"2862\" data-end=\"2890\">Leitfaden zur Materialauswahl<\/strong><\/h2>\n<div class=\"TyagGW_tableContainer\">\n<div class=\"group TyagGW_tableWrapper flex flex-col-reverse w-fit\" tabindex=\"-1\">\n<table class=\"w-fit min-w-(--thread-content-width)\" data-start=\"2892\" data-end=\"3302\">\n<thead data-start=\"2892\" data-end=\"2931\">\n<tr data-start=\"2892\" data-end=\"2931\">\n<th data-start=\"2892\" data-end=\"2903\" data-col-size=\"sm\">Material<\/th>\n<th data-start=\"2903\" data-end=\"2917\" data-col-size=\"sm\">Typische Verwendung<\/th>\n<th data-start=\"2917\" data-end=\"2931\" data-col-size=\"sm\">Vorteile<\/th>\n<\/tr>\n<\/thead>\n<tbody data-start=\"2946\" data-end=\"3302\">\n<tr data-start=\"2946\" data-end=\"3037\">\n<td data-start=\"2946\" data-end=\"2965\" data-col-size=\"sm\"><strong data-start=\"2948\" data-end=\"2964\">NBR (Buna-N)<\/strong><\/td>\n<td data-start=\"2965\" data-end=\"2998\" data-col-size=\"sm\">Allgemeiner Maschinenbau, \u00d6lsysteme<\/td>\n<td data-start=\"2998\" data-end=\"3037\" data-col-size=\"sm\">Kosteng\u00fcnstig, gute \u00d6lbest\u00e4ndigkeit<\/td>\n<\/tr>\n<tr data-start=\"3038\" data-end=\"3141\">\n<td data-start=\"3038\" data-end=\"3056\" data-col-size=\"sm\"><strong data-start=\"3040\" data-end=\"3055\">FKM (Viton)<\/strong><\/td>\n<td data-start=\"3056\" data-end=\"3099\" data-col-size=\"sm\">Hohe Temperaturen und chemische Umgebungen<\/td>\n<td data-start=\"3099\" data-end=\"3141\" data-col-size=\"sm\">Ausgezeichnete Hitze- und Chemikalienbest\u00e4ndigkeit<\/td>\n<\/tr>\n<tr data-start=\"3142\" data-end=\"3211\">\n<td data-start=\"3142\" data-end=\"3152\" data-col-size=\"sm\"><strong data-start=\"3144\" data-end=\"3151\">ACM<\/strong><\/td>\n<td data-start=\"3152\" data-end=\"3179\" data-col-size=\"sm\">Kfz-Getriebe<\/td>\n<td data-start=\"3179\" data-end=\"3211\" data-col-size=\"sm\">Gute Hitze- und \u00d6lbest\u00e4ndigkeit<\/td>\n<\/tr>\n<tr data-start=\"3212\" data-end=\"3302\">\n<td data-start=\"3212\" data-end=\"3227\" data-col-size=\"sm\"><strong data-start=\"3214\" data-end=\"3226\">Silikon<\/strong><\/td>\n<td data-start=\"3227\" data-end=\"3258\" data-col-size=\"sm\">Anwendungen bei niedrigen Temperaturen<\/td>\n<td data-start=\"3258\" data-end=\"3302\" data-col-size=\"sm\">Hervorragende Flexibilit\u00e4t bei niedrigen Temperaturen<\/td>\n<\/tr>\n<\/tbody>\n<\/table>\n<\/div>\n<\/div>\n<h2 data-start=\"3309\" data-end=\"3332\"><strong data-start=\"3312\" data-end=\"3332\">Warum Wonzh w\u00e4hlen<\/strong><\/h2>\n<ul data-start=\"3334\" data-end=\"3607\">\n<li data-start=\"3334\" data-end=\"3388\">\n<p data-start=\"3336\" data-end=\"3388\">Strenge Qualit\u00e4tskontrolle auf Ma\u00dfhaltigkeit<\/p>\n<\/li>\n<li data-start=\"3389\" data-end=\"3441\">\n<p data-start=\"3391\" data-end=\"3441\">Breites Materialportfolio f\u00fcr verschiedene Branchen<\/p>\n<\/li>\n<li data-start=\"3442\" data-end=\"3496\">\n<p data-start=\"3444\" data-end=\"3496\">Stabile Leistung in rauen Betriebsumgebungen<\/p>\n<\/li>\n<li data-start=\"3497\" data-end=\"3556\">\n<p data-start=\"3499\" data-end=\"3556\">Technische Unterst\u00fctzung bei der Auswahl und Installation von Dichtungen<\/p>\n<\/li>\n<li data-start=\"3557\" data-end=\"3607\">\n<p data-start=\"3559\" data-end=\"3607\">Zuverl\u00e4ssige Versorgung und globale Lieferf\u00e4higkeit<\/p>\n<\/li>\n<\/ul>\n<h2 data-start=\"3614\" data-end=\"3655\"><strong data-start=\"3617\" data-end=\"3653\">H\u00e4ufig gestellte Fragen (FAQ)<\/strong><\/h2>\n<h3 data-start=\"3657\" data-end=\"3700\"><strong data-start=\"3661\" data-end=\"3698\">F1: Wof\u00fcr wird ein \u00d6ldichtring verwendet?<\/strong><\/h3>\n<p data-start=\"3701\" data-end=\"3822\">Eine \u00d6ldichtung verhindert das Austreten von Schmiermitteln aus rotierenden Wellen und h\u00e4lt gleichzeitig Staub, Schmutz und Verunreinigungen vom System fern.<\/p>\n<h3 data-start=\"3824\" data-end=\"3901\"><strong data-start=\"3828\" data-end=\"3899\">F2: Was ist der Unterschied zwischen einlippigen und doppellippigen Dichtungen?<\/strong><\/h3>\n<ul data-start=\"3902\" data-end=\"4031\">\n<li data-start=\"3902\" data-end=\"3951\">\n<p data-start=\"3904\" data-end=\"3951\"><strong data-start=\"3904\" data-end=\"3919\">Einzelne Lippe:<\/strong> Am besten geeignet f\u00fcr die R\u00fcckhaltung von Schmiermitteln.<\/p>\n<\/li>\n<li data-start=\"3952\" data-end=\"4031\">\n<p data-start=\"3954\" data-end=\"4031\"><strong data-start=\"3954\" data-end=\"3969\">Doppellippe:<\/strong> Bietet zus\u00e4tzlichen Schutz vor Staub und Verunreinigungen.<\/p>\n<\/li>\n<\/ul>\n<h3 data-start=\"4033\" data-end=\"4086\"><strong data-start=\"4037\" data-end=\"4084\">F3: K\u00f6nnen \u00d6ldichtungen hohen Temperaturen standhalten?<\/strong><\/h3>\n<p data-start=\"4087\" data-end=\"4211\">Ja. Mit dem Werkstoff FKM (Viton) k\u00f6nnen \u00d6ldichtungen je nach Anwendung bei Temperaturen bis zu etwa 200\u00b0C zuverl\u00e4ssig arbeiten.<\/p>\n<h3 data-start=\"4213\" data-end=\"4254\"><strong data-start=\"4217\" data-end=\"4252\">F4: Sind Sondergr\u00f6\u00dfen erh\u00e4ltlich?<\/strong><\/h3>\n<p data-start=\"4255\" data-end=\"4355\">Ja. Wir k\u00f6nnen \u00d6ldichtungen in kundenspezifischen Wellen- und Geh\u00e4useabmessungen auf der Grundlage Ihrer Anforderungen herstellen.<\/p>\n<h3 data-start=\"4357\" data-end=\"4405\"><strong data-start=\"4361\" data-end=\"4403\">F5: Unterst\u00fctzen Sie Industriestandards?<\/strong><\/h3>\n<p data-start=\"4406\" data-end=\"4489\">Ja. Unsere \u00d6ldichtungen entsprechen den <strong data-start=\"4437\" data-end=\"4449\">DIN 3760<\/strong> und gleichwertige internationale Normen.<\/p>","protected":false},"excerpt":{"rendered":"<p>Bei den von Wonzh gelieferten \u00d6ldichtungen handelt es sich um pr\u00e4zisionsgefertigte Radialwellendichtringe, die Schmiermittel zur\u00fcckhalten, Fl\u00fcssigkeitsaustritt verhindern und das Eindringen von Staub, Schmutz und Verunreinigungen in rotierenden Maschinen blockieren.<\/p>","protected":false},"featured_media":1493,"comment_status":"open","ping_status":"closed","template":"","meta":{"site-sidebar-layout":"default","site-content-layout":"","ast-site-content-layout":"default","site-content-style":"default","site-sidebar-style":"default","ast-global-header-display":"","ast-banner-title-visibility":"","ast-main-header-display":"","ast-hfb-above-header-display":"","ast-hfb-below-header-display":"","ast-hfb-mobile-header-display":"","site-post-title":"","ast-breadcrumbs-content":"","ast-featured-img":"","footer-sml-layout":"","ast-disable-related-posts":"","theme-transparent-header-meta":"default","adv-header-id-meta":"","stick-header-meta":"default","header-above-stick-meta":"","header-main-stick-meta":"","header-below-stick-meta":"","astra-migrate-meta-layouts":"set","ast-page-background-enabled":"default","ast-page-background-meta":{"desktop":{"background-color":"","background-image":"","background-repeat":"repeat","background-position":"center center","background-size":"auto","background-attachment":"scroll","background-type":"","background-media":"","overlay-type":"","overlay-color":"","overlay-opacity":"","overlay-gradient":""},"tablet":{"background-color":"","background-image":"","background-repeat":"repeat","background-position":"center center","background-size":"auto","background-attachment":"scroll","background-type":"","background-media":"","overlay-type":"","overlay-color":"","overlay-opacity":"","overlay-gradient":""},"mobile":{"background-color":"","background-image":"","background-repeat":"repeat","background-position":"center center","background-size":"auto","background-attachment":"scroll","background-type":"","background-media":"","overlay-type":"","overlay-color":"","overlay-opacity":"","overlay-gradient":""}},"ast-content-background-meta":{"desktop":{"background-color":"var(--ast-global-color-5)","background-image":"","background-repeat":"repeat","background-position":"center center","background-size":"auto","background-attachment":"scroll","background-type":"","background-media":"","overlay-type":"","overlay-color":"","overlay-opacity":"","overlay-gradient":""},"tablet":{"background-color":"var(--ast-global-color-5)","background-image":"","background-repeat":"repeat","background-position":"center center","background-size":"auto","background-attachment":"scroll","background-type":"","background-media":"","overlay-type":"","overlay-color":"","overlay-opacity":"","overlay-gradient":""},"mobile":{"background-color":"var(--ast-global-color-5)","background-image":"","background-repeat":"repeat","background-position":"center center","background-size":"auto","background-attachment":"scroll","background-type":"","background-media":"","overlay-type":"","overlay-color":"","overlay-opacity":"","overlay-gradient":""}}},"product_brand":[],"product_cat":[21],"product_tag":[214,225,222,224,218,220,190,221,217,215,188,216,219,223],"class_list":{"0":"post-1444","1":"product","2":"type-product","3":"status-publish","4":"has-post-thumbnail","6":"product_cat-sealing-parts-sealing-systems","7":"product_tag-china-seal-manufacturer","8":"product_tag-custom-oil-seal","9":"product_tag-din-3760-oil-seal","10":"product_tag-dust-lip-seal","11":"product_tag-fkm-oil-seal","12":"product_tag-gearbox-seal","13":"product_tag-industrial-sealing","14":"product_tag-motor-seal","15":"product_tag-nbr-oil-seal","16":"product_tag-oil-seal","17":"product_tag-pump-seal","18":"product_tag-radial-shaft-seal","19":"product_tag-rotating-shaft-seal","20":"product_tag-shaft-sealing","21":"desktop-align-left","22":"tablet-align-left","23":"mobile-align-left","25":"first","26":"instock","27":"shipping-taxable","28":"product-type-simple"},"_links":{"self":[{"href":"https:\/\/www.wonzh.com\/de\/wp-json\/wp\/v2\/product\/1444","targetHints":{"allow":["GET"]}}],"collection":[{"href":"https:\/\/www.wonzh.com\/de\/wp-json\/wp\/v2\/product"}],"about":[{"href":"https:\/\/www.wonzh.com\/de\/wp-json\/wp\/v2\/types\/product"}],"replies":[{"embeddable":true,"href":"https:\/\/www.wonzh.com\/de\/wp-json\/wp\/v2\/comments?post=1444"}],"wp:featuredmedia":[{"embeddable":true,"href":"https:\/\/www.wonzh.com\/de\/wp-json\/wp\/v2\/media\/1493"}],"wp:attachment":[{"href":"https:\/\/www.wonzh.com\/de\/wp-json\/wp\/v2\/media?parent=1444"}],"wp:term":[{"taxonomy":"product_brand","embeddable":true,"href":"https:\/\/www.wonzh.com\/de\/wp-json\/wp\/v2\/product_brand?post=1444"},{"taxonomy":"product_cat","embeddable":true,"href":"https:\/\/www.wonzh.com\/de\/wp-json\/wp\/v2\/product_cat?post=1444"},{"taxonomy":"product_tag","embeddable":true,"href":"https:\/\/www.wonzh.com\/de\/wp-json\/wp\/v2\/product_tag?post=1444"}],"curies":[{"name":"wp","href":"https:\/\/api.w.org\/{rel}","templated":true}]}}