{"id":1443,"date":"2026-02-03T14:19:35","date_gmt":"2026-02-03T14:19:35","guid":{"rendered":"https:\/\/www.wonzh.com\/?post_type=product&#038;p=1443"},"modified":"2026-02-04T14:34:09","modified_gmt":"2026-02-04T14:34:09","slug":"industrial-o-ring-seals-for-static-and-dynamic-sealing-applications","status":"publish","type":"product","link":"https:\/\/www.wonzh.com\/de\/product\/industrial-o-ring-seals-for-static-and-dynamic-sealing-applications\/","title":{"rendered":"Industrielle O-Ring-Dichtungen f\u00fcr statische und dynamische Dichtungsanwendungen"},"content":{"rendered":"<p data-start=\"542\" data-end=\"933\">O-Ring-Dichtungen von Wonzh sind hochleistungsf\u00e4hige Elastomer-Dichtungskomponenten, die das Austreten von Fl\u00fcssigkeiten, Gasen und anderen Medien sowohl in statischen als auch in dynamischen Anwendungen verhindern sollen. Mit ihrem einfachen kreisf\u00f6rmigen Querschnitt bieten O-Ringe eine wirksame Abdichtung durch elastische Verformung unter Druck, was sie zu einer der am h\u00e4ufigsten verwendeten Dichtungsl\u00f6sungen in Industrieanlagen macht.<\/p>\n<p data-start=\"935\" data-end=\"1293\">Die aus hochwertigen Elastomeren wie NBR, FKM (Viton), EPDM, Silikon und PTFE-ummantelten Verbindungen hergestellten O-Ringe von Wonzh bieten eine hervorragende Best\u00e4ndigkeit gegen Hitze, \u00d6l, Chemikalien und Verschlei\u00df. Pr\u00e4zisionsformen und strenge Qualit\u00e4tskontrollen gew\u00e4hrleisten Ma\u00dfgenauigkeit, lange Lebensdauer und stabile Dichtungsleistung unter verschiedenen Betriebsbedingungen.<\/p>\n<p data-start=\"1295\" data-end=\"1694\">Als erfahrener Anbieter von Industriedichtungen bietet Wonzh sowohl Standardgr\u00f6\u00dfen in metrischen und z\u00f6lligen Abmessungen als auch kundenspezifische O-Ring-L\u00f6sungen an, die auf spezifische Druck-, Temperatur- und Medienkompatibilit\u00e4tsanforderungen zugeschnitten sind. Unser Ingenieurteam unterst\u00fctzt Sie bei der Materialauswahl, bei Empfehlungen f\u00fcr das Nutendesign und bei der Anwendungsoptimierung, um eine zuverl\u00e4ssige Leistung in realen Betriebsumgebungen zu gew\u00e4hrleisten.<\/p>\n<h2 data-start=\"1701\" data-end=\"1720\"><strong data-start=\"1704\" data-end=\"1720\">Wesentliche Merkmale<\/strong><\/h2>\n<ul data-start=\"1722\" data-end=\"2041\">\n<li data-start=\"1722\" data-end=\"1790\">\n<p data-start=\"1724\" data-end=\"1790\">Hervorragende Dichtungsleistung bei statischen und dynamischen Anwendungen<\/p>\n<\/li>\n<li data-start=\"1791\" data-end=\"1862\">\n<p data-start=\"1793\" data-end=\"1862\">Breite Palette an Materialoptionen f\u00fcr unterschiedliche Medien und Temperaturen<\/p>\n<\/li>\n<li data-start=\"1863\" data-end=\"1907\">\n<p data-start=\"1865\" data-end=\"1907\">Hohe Elastizit\u00e4t und R\u00fcckstellkraft<\/p>\n<\/li>\n<li data-start=\"1908\" data-end=\"1958\">\n<p data-start=\"1910\" data-end=\"1958\">Hohe Best\u00e4ndigkeit gegen \u00d6l, Chemikalien und Alterung<\/p>\n<\/li>\n<li data-start=\"1959\" data-end=\"2000\">\n<p data-start=\"1961\" data-end=\"2000\">Einfache Installation und geringe Wartung<\/p>\n<\/li>\n<li data-start=\"2001\" data-end=\"2041\">\n<p data-start=\"2003\" data-end=\"2041\">Kundenspezifische Gr\u00f6\u00dfen und Materialien verf\u00fcgbar<\/p>\n<\/li>\n<\/ul>\n<h2 data-start=\"2048\" data-end=\"2075\"><strong data-start=\"2051\" data-end=\"2075\">Typische Anwendungen<\/strong><\/h2>\n<ul data-start=\"2077\" data-end=\"2357\">\n<li data-start=\"2077\" data-end=\"2112\">\n<p data-start=\"2079\" data-end=\"2112\">Hydraulische und pneumatische Systeme<\/p>\n<\/li>\n<li data-start=\"2113\" data-end=\"2133\">\n<p data-start=\"2115\" data-end=\"2133\">Pumpen und Ventile<\/p>\n<\/li>\n<li data-start=\"2134\" data-end=\"2172\">\n<p data-start=\"2136\" data-end=\"2172\">Industrielle Maschinen und Anlagen<\/p>\n<\/li>\n<li data-start=\"2173\" data-end=\"2198\">\n<p data-start=\"2175\" data-end=\"2198\">Komponenten f\u00fcr die Automobilindustrie<\/p>\n<\/li>\n<li data-start=\"2199\" data-end=\"2232\">\n<p data-start=\"2201\" data-end=\"2232\">Chemische Verarbeitungsanlagen<\/p>\n<\/li>\n<li data-start=\"2233\" data-end=\"2294\">\n<p data-start=\"2235\" data-end=\"2294\">Lebensmittel- und Getr\u00e4nkemaschinen (FDA-konforme Optionen verf\u00fcgbar)<\/p>\n<\/li>\n<li data-start=\"2295\" data-end=\"2322\">\n<p data-start=\"2297\" data-end=\"2322\">Wasseraufbereitungssysteme<\/p>\n<\/li>\n<li data-start=\"2323\" data-end=\"2357\">\n<p data-start=\"2325\" data-end=\"2357\">Luft- und Raumfahrt und Energieanlagen<\/p>\n<\/li>\n<\/ul>\n<h2 data-start=\"2364\" data-end=\"2416\"><strong data-start=\"2367\" data-end=\"2414\">Technische Parameter (repr\u00e4sentativer Bereich)<\/strong><\/h2>\n<div class=\"TyagGW_tableContainer\">\n<div class=\"group TyagGW_tableWrapper flex flex-col-reverse w-fit\" tabindex=\"-1\">\n<table class=\"w-fit min-w-(--thread-content-width)\" data-start=\"2418\" data-end=\"2984\">\n<thead data-start=\"2418\" data-end=\"2455\">\n<tr data-start=\"2418\" data-end=\"2455\">\n<th data-start=\"2418\" data-end=\"2430\" data-col-size=\"sm\">Parameter<\/th>\n<th data-start=\"2430\" data-end=\"2455\" data-col-size=\"md\">Spezifikation \/ Reichweite<\/th>\n<\/tr>\n<\/thead>\n<tbody data-start=\"2466\" data-end=\"2984\">\n<tr data-start=\"2466\" data-end=\"2505\">\n<td data-start=\"2466\" data-end=\"2478\" data-col-size=\"sm\">Siegel Typ<\/td>\n<td data-start=\"2478\" data-end=\"2505\" data-col-size=\"md\">O-Ring (Elastomerdichtung)<\/td>\n<\/tr>\n<tr data-start=\"2506\" data-end=\"2558\">\n<td data-start=\"2506\" data-end=\"2522\" data-col-size=\"sm\">Querschnitt<\/td>\n<td data-start=\"2522\" data-end=\"2558\" data-col-size=\"md\">1,0 - 10,0 mm (kundenspezifisch erh\u00e4ltlich)<\/td>\n<\/tr>\n<tr data-start=\"2559\" data-end=\"2613\">\n<td data-start=\"2559\" data-end=\"2576\" data-col-size=\"sm\">Innendurchmesser<\/td>\n<td data-start=\"2576\" data-end=\"2613\" data-col-size=\"md\">2 mm - 1000 mm (kundenspezifisch erh\u00e4ltlich)<\/td>\n<\/tr>\n<tr data-start=\"2614\" data-end=\"2667\">\n<td data-start=\"2614\" data-end=\"2635\" data-col-size=\"sm\">H\u00e4rte (Shore A)<\/td>\n<td data-start=\"2635\" data-end=\"2667\" data-col-size=\"md\">60 - 90 (materialabh\u00e4ngig)<\/td>\n<\/tr>\n<tr data-start=\"2668\" data-end=\"2728\">\n<td data-start=\"2668\" data-end=\"2688\" data-col-size=\"sm\">Temperaturbereich<\/td>\n<td data-start=\"2688\" data-end=\"2728\" data-col-size=\"md\">-40\u00b0C bis +250\u00b0C (materialabh\u00e4ngig)<\/td>\n<\/tr>\n<tr data-start=\"2729\" data-end=\"2795\">\n<td data-start=\"2729\" data-end=\"2751\" data-col-size=\"sm\">Druckbest\u00e4ndigkeit<\/td>\n<td data-start=\"2751\" data-end=\"2795\" data-col-size=\"md\">Bis zu 40 MPa (bei geeigneter Rillengestaltung)<\/td>\n<\/tr>\n<tr data-start=\"2796\" data-end=\"2865\">\n<td data-start=\"2796\" data-end=\"2818\" data-col-size=\"sm\">Verf\u00fcgbare Materialien<\/td>\n<td data-start=\"2818\" data-end=\"2865\" data-col-size=\"md\">NBR, FKM, EPDM, Silikon, PTFE-gekapselt<\/td>\n<\/tr>\n<tr data-start=\"2866\" data-end=\"2937\">\n<td data-start=\"2866\" data-end=\"2882\" data-col-size=\"sm\">Farboptionen<\/td>\n<td data-start=\"2882\" data-end=\"2937\" data-col-size=\"md\">Schwarz, braun, gr\u00fcn, rot, blau (materialabh\u00e4ngig)<\/td>\n<\/tr>\n<tr data-start=\"2938\" data-end=\"2984\">\n<td data-start=\"2938\" data-end=\"2960\" data-col-size=\"sm\">Unterst\u00fctzte Standards<\/td>\n<td data-start=\"2960\" data-end=\"2984\" data-col-size=\"md\">ISO 3601, AS568, DIN<\/td>\n<\/tr>\n<\/tbody>\n<\/table>\n<\/div>\n<\/div>\n<h2 data-start=\"2991\" data-end=\"3037\"><strong data-start=\"2994\" data-end=\"3037\">Repr\u00e4sentativer Leitfaden zur Materialauswahl<\/strong><\/h2>\n<div class=\"TyagGW_tableContainer\">\n<div class=\"group TyagGW_tableWrapper flex flex-col-reverse w-fit\" tabindex=\"-1\">\n<table class=\"w-fit min-w-(--thread-content-width)\" data-start=\"3039\" data-end=\"3513\">\n<thead data-start=\"3039\" data-end=\"3078\">\n<tr data-start=\"3039\" data-end=\"3078\">\n<th data-start=\"3039\" data-end=\"3050\" data-col-size=\"sm\">Material<\/th>\n<th data-start=\"3050\" data-end=\"3064\" data-col-size=\"sm\">Typische Verwendung<\/th>\n<th data-start=\"3064\" data-end=\"3078\" data-col-size=\"sm\">Vorteile<\/th>\n<\/tr>\n<\/thead>\n<tbody data-start=\"3093\" data-end=\"3513\">\n<tr data-start=\"3093\" data-end=\"3173\">\n<td data-start=\"3093\" data-end=\"3108\" data-col-size=\"sm\">NBR (Buna-N)<\/td>\n<td data-start=\"3108\" data-end=\"3129\" data-col-size=\"sm\">\u00d6l- und Kraftstoffsysteme<\/td>\n<td data-start=\"3129\" data-end=\"3173\" data-col-size=\"sm\">Ausgezeichnete \u00d6lbest\u00e4ndigkeit, kosteng\u00fcnstig<\/td>\n<\/tr>\n<tr data-start=\"3174\" data-end=\"3272\">\n<td data-start=\"3174\" data-end=\"3188\" data-col-size=\"sm\">FKM (Viton)<\/td>\n<td data-start=\"3188\" data-end=\"3231\" data-col-size=\"sm\">Hohe Temperaturen und chemische Umgebungen<\/td>\n<td data-start=\"3231\" data-end=\"3272\" data-col-size=\"sm\">Hervorragende Hitze- und Chemikalienbest\u00e4ndigkeit<\/td>\n<\/tr>\n<tr data-start=\"3273\" data-end=\"3351\">\n<td data-start=\"3273\" data-end=\"3280\" data-col-size=\"sm\">EPDM<\/td>\n<td data-start=\"3280\" data-end=\"3309\" data-col-size=\"sm\">Wasser- und Dampfanwendungen<\/td>\n<td data-start=\"3309\" data-end=\"3351\" data-col-size=\"sm\">Ausgezeichnete Wetter- und Ozonbest\u00e4ndigkeit<\/td>\n<\/tr>\n<tr data-start=\"3352\" data-end=\"3434\">\n<td data-start=\"3352\" data-end=\"3363\" data-col-size=\"sm\">Silikon<\/td>\n<td data-start=\"3363\" data-end=\"3390\" data-col-size=\"sm\">Lebensmittel und medizinische Ger\u00e4te<\/td>\n<td data-start=\"3390\" data-end=\"3434\" data-col-size=\"sm\">Hohe Flexibilit\u00e4t, gro\u00dfer Temperaturbereich<\/td>\n<\/tr>\n<tr data-start=\"3435\" data-end=\"3513\">\n<td data-start=\"3435\" data-end=\"3455\" data-col-size=\"sm\">PTFE-gekapselt<\/td>\n<td data-start=\"3455\" data-end=\"3478\" data-col-size=\"sm\">Harte chemische Medien<\/td>\n<td data-start=\"3478\" data-end=\"3513\" data-col-size=\"sm\">Hervorragende chemische Best\u00e4ndigkeit<\/td>\n<\/tr>\n<\/tbody>\n<\/table>\n<\/div>\n<\/div>\n<h2 data-start=\"3520\" data-end=\"3543\"><strong data-start=\"3523\" data-end=\"3543\">Warum Wonzh w\u00e4hlen<\/strong><\/h2>\n<ul data-start=\"3545\" data-end=\"3803\">\n<li data-start=\"3545\" data-end=\"3598\">\n<p data-start=\"3547\" data-end=\"3598\">Strenge Qualit\u00e4tskontrolle und Ma\u00dfpr\u00fcfung<\/p>\n<\/li>\n<li data-start=\"3599\" data-end=\"3651\">\n<p data-start=\"3601\" data-end=\"3651\">Breites Materialportfolio f\u00fcr verschiedene Branchen<\/p>\n<\/li>\n<li data-start=\"3652\" data-end=\"3693\">\n<p data-start=\"3654\" data-end=\"3693\">Verf\u00fcgbarkeit von Standard- und Sondergr\u00f6\u00dfen<\/p>\n<\/li>\n<li data-start=\"3694\" data-end=\"3757\">\n<p data-start=\"3696\" data-end=\"3757\">Technische Unterst\u00fctzung bei der Gestaltung von Rillen und der Materialanpassung<\/p>\n<\/li>\n<li data-start=\"3758\" data-end=\"3803\">\n<p data-start=\"3760\" data-end=\"3803\">Stabile Lieferkette und zuverl\u00e4ssige Lieferung<\/p>\n<\/li>\n<\/ul>\n<h2 data-start=\"3810\" data-end=\"3851\"><strong data-start=\"3813\" data-end=\"3849\">H\u00e4ufig gestellte Fragen (FAQ)<\/strong><\/h2>\n<h3 data-start=\"3853\" data-end=\"3894\"><strong data-start=\"3857\" data-end=\"3892\">F1: Wof\u00fcr wird ein O-Ring verwendet?<\/strong><\/h3>\n<p data-start=\"3895\" data-end=\"4020\">Ein O-Ring wird verwendet, um Leckagen zwischen zwei zusammenpassenden Oberfl\u00e4chen zu verhindern, indem er eine komprimierte Dichtung bildet, die den Fl\u00fcssigkeits- oder Gasfluss blockiert.<\/p>\n<h3 data-start=\"4022\" data-end=\"4067\"><strong data-start=\"4026\" data-end=\"4065\">F2: Welches Material sollte ich w\u00e4hlen?<\/strong><\/h3>\n<ul data-start=\"4068\" data-end=\"4247\">\n<li data-start=\"4068\" data-end=\"4098\">\n<p data-start=\"4070\" data-end=\"4098\">F\u00fcr \u00d6l und Kraftstoff \u2192 <strong data-start=\"4089\" data-end=\"4096\">NBR<\/strong><\/p>\n<\/li>\n<li data-start=\"4099\" data-end=\"4154\">\n<p data-start=\"4101\" data-end=\"4154\">F\u00fcr hohe Temperaturen oder Chemikalien \u2192 <strong data-start=\"4137\" data-end=\"4152\">FKM (Viton)<\/strong><\/p>\n<\/li>\n<li data-start=\"4155\" data-end=\"4185\">\n<p data-start=\"4157\" data-end=\"4185\">F\u00fcr Wasser\/Dampf \u2192 <strong data-start=\"4175\" data-end=\"4183\">EPDM<\/strong><\/p>\n<\/li>\n<li data-start=\"4186\" data-end=\"4247\">\n<p data-start=\"4188\" data-end=\"4247\">F\u00fcr die Verwendung im Lebensmittelbereich \u2192 <strong data-start=\"4209\" data-end=\"4247\">Silikon oder FDA-zugelassene Materialien<\/strong><\/p>\n<\/li>\n<\/ul>\n<h3 data-start=\"4249\" data-end=\"4308\"><strong data-start=\"4253\" data-end=\"4306\">F3: K\u00f6nnen O-Ringe in Hochdrucksystemen verwendet werden?<\/strong><\/h3>\n<p data-start=\"4309\" data-end=\"4403\">Ja. Mit einem geeigneten Rillendesign und St\u00fctzringen k\u00f6nnen O-Ringe einem Druck von bis zu 40 MPa standhalten.<\/p>\n<h3 data-start=\"4405\" data-end=\"4447\"><strong data-start=\"4409\" data-end=\"4445\">F4: Bieten Sie Sondergr\u00f6\u00dfen an?<\/strong><\/h3>\n<p data-start=\"4448\" data-end=\"4558\">Ja. Wir k\u00f6nnen O-Ringe in kundenspezifischen Durchmessern, Querschnitten und Werkstoffen auf der Grundlage Ihrer Anforderungen herstellen.<\/p>\n<h3 data-start=\"4560\" data-end=\"4598\"><strong data-start=\"4564\" data-end=\"4596\">F5: Werden Standards unterst\u00fctzt?<\/strong><\/h3>\n<p data-start=\"4599\" data-end=\"4658\">Ja. Wir erf\u00fcllen die <strong data-start=\"4619\" data-end=\"4647\">ISO 3601, AS568 und DIN<\/strong> Normen.<\/p>","protected":false},"excerpt":{"rendered":"<p>O-Ring-Dichtungen von Wonzh sind Hochleistungs-Elastomer-Dichtungskomponenten, die den Austritt von Fl\u00fcssigkeiten, Gasen und anderen Medien in statischen und dynamischen Anwendungen verhindern.<\/p>","protected":false},"featured_media":1487,"comment_status":"open","ping_status":"closed","template":"","meta":{"site-sidebar-layout":"default","site-content-layout":"","ast-site-content-layout":"default","site-content-style":"default","site-sidebar-style":"default","ast-global-header-display":"","ast-banner-title-visibility":"","ast-main-header-display":"","ast-hfb-above-header-display":"","ast-hfb-below-header-display":"","ast-hfb-mobile-header-display":"","site-post-title":"","ast-breadcrumbs-content":"","ast-featured-img":"","footer-sml-layout":"","ast-disable-related-posts":"","theme-transparent-header-meta":"default","adv-header-id-meta":"","stick-header-meta":"default","header-above-stick-meta":"","header-main-stick-meta":"","header-below-stick-meta":"","astra-migrate-meta-layouts":"set","ast-page-background-enabled":"default","ast-page-background-meta":{"desktop":{"background-color":"","background-image":"","background-repeat":"repeat","background-position":"center center","background-size":"auto","background-attachment":"scroll","background-type":"","background-media":"","overlay-type":"","overlay-color":"","overlay-opacity":"","overlay-gradient":""},"tablet":{"background-color":"","background-image":"","background-repeat":"repeat","background-position":"center center","background-size":"auto","background-attachment":"scroll","background-type":"","background-media":"","overlay-type":"","overlay-color":"","overlay-opacity":"","overlay-gradient":""},"mobile":{"background-color":"","background-image":"","background-repeat":"repeat","background-position":"center center","background-size":"auto","background-attachment":"scroll","background-type":"","background-media":"","overlay-type":"","overlay-color":"","overlay-opacity":"","overlay-gradient":""}},"ast-content-background-meta":{"desktop":{"background-color":"var(--ast-global-color-5)","background-image":"","background-repeat":"repeat","background-position":"center center","background-size":"auto","background-attachment":"scroll","background-type":"","background-media":"","overlay-type":"","overlay-color":"","overlay-opacity":"","overlay-gradient":""},"tablet":{"background-color":"var(--ast-global-color-5)","background-image":"","background-repeat":"repeat","background-position":"center center","background-size":"auto","background-attachment":"scroll","background-type":"","background-media":"","overlay-type":"","overlay-color":"","overlay-opacity":"","overlay-gradient":""},"mobile":{"background-color":"var(--ast-global-color-5)","background-image":"","background-repeat":"repeat","background-position":"center center","background-size":"auto","background-attachment":"scroll","background-type":"","background-media":"","overlay-type":"","overlay-color":"","overlay-opacity":"","overlay-gradient":""}}},"product_brand":[],"product_cat":[21],"product_tag":[212,214,213,205,202,208,207,203,190,211,206,201,210,209,204],"class_list":{"0":"post-1443","1":"product","2":"type-product","3":"status-publish","4":"has-post-thumbnail","6":"product_cat-sealing-parts-sealing-systems","7":"product_tag-as568-o-ring","8":"product_tag-china-seal-manufacturer","9":"product_tag-custom-o-rings","10":"product_tag-dynamic-seal","11":"product_tag-elastomer-seal","12":"product_tag-epdm-o-ring","13":"product_tag-fkm-o-ring","14":"product_tag-hydraulic-seal","15":"product_tag-industrial-sealing","16":"product_tag-iso-3601-o-ring","17":"product_tag-nbr-o-ring","18":"product_tag-o-ring-seal","19":"product_tag-ptfe-encapsulated-o-ring","20":"product_tag-silicone-o-ring","21":"product_tag-static-seal","22":"desktop-align-left","23":"tablet-align-left","24":"mobile-align-left","26":"first","27":"instock","28":"shipping-taxable","29":"product-type-simple"},"_links":{"self":[{"href":"https:\/\/www.wonzh.com\/de\/wp-json\/wp\/v2\/product\/1443","targetHints":{"allow":["GET"]}}],"collection":[{"href":"https:\/\/www.wonzh.com\/de\/wp-json\/wp\/v2\/product"}],"about":[{"href":"https:\/\/www.wonzh.com\/de\/wp-json\/wp\/v2\/types\/product"}],"replies":[{"embeddable":true,"href":"https:\/\/www.wonzh.com\/de\/wp-json\/wp\/v2\/comments?post=1443"}],"wp:featuredmedia":[{"embeddable":true,"href":"https:\/\/www.wonzh.com\/de\/wp-json\/wp\/v2\/media\/1487"}],"wp:attachment":[{"href":"https:\/\/www.wonzh.com\/de\/wp-json\/wp\/v2\/media?parent=1443"}],"wp:term":[{"taxonomy":"product_brand","embeddable":true,"href":"https:\/\/www.wonzh.com\/de\/wp-json\/wp\/v2\/product_brand?post=1443"},{"taxonomy":"product_cat","embeddable":true,"href":"https:\/\/www.wonzh.com\/de\/wp-json\/wp\/v2\/product_cat?post=1443"},{"taxonomy":"product_tag","embeddable":true,"href":"https:\/\/www.wonzh.com\/de\/wp-json\/wp\/v2\/product_tag?post=1443"}],"curies":[{"name":"wp","href":"https:\/\/api.w.org\/{rel}","templated":true}]}}