{"id":1442,"date":"2026-02-03T14:17:01","date_gmt":"2026-02-03T14:17:01","guid":{"rendered":"https:\/\/www.wonzh.com\/?post_type=product&#038;p=1442"},"modified":"2026-02-04T14:12:14","modified_gmt":"2026-02-04T14:12:14","slug":"industrial-mechanical-seals-for-pumps-compressors-and-rotating-equipment","status":"publish","type":"product","link":"https:\/\/www.wonzh.com\/de\/product\/industrial-mechanical-seals-for-pumps-compressors-and-rotating-equipment\/","title":{"rendered":"Industrielle Gleitringdichtungen f\u00fcr Pumpen, Kompressoren und rotierende Ger\u00e4te"},"content":{"rendered":"<p data-start=\"583\" data-end=\"1012\">Bei den von Wonzh gelieferten Gleitringdichtungen handelt es sich um pr\u00e4zisionsgefertigte Dichtungsvorrichtungen, die Fl\u00fcssigkeitsleckagen in rotierenden Anlagen wie Pumpen, Kompressoren, Mischern und R\u00fchrwerken verhindern sollen. Durch die Aufrechterhaltung eines kontrollierten Kontakts zwischen einer station\u00e4ren und einer rotierenden Fl\u00e4che bieten diese Dichtungen im Vergleich zu herk\u00f6mmlichen Packungsl\u00f6sungen eine \u00fcberlegene Dichtungsleistung, wodurch sich der Wartungsaufwand und die Betriebsausfallzeiten erheblich verringern.<\/p>\n<p data-start=\"1014\" data-end=\"1422\">Wonzh-Gleitringdichtungen werden aus hochwertigen Materialien wie Kohlenstoffgraphit, Siliziumkarbid (SiC), Wolframkarbid und Edelstahl hergestellt und bieten eine hervorragende Verschlei\u00dffestigkeit, thermische Stabilit\u00e4t und Korrosionsbest\u00e4ndigkeit in anspruchsvollen industriellen Umgebungen. Fortschrittliche Fertigungsverfahren und strenge Qualit\u00e4tskontrollen gew\u00e4hrleisten eine gleichbleibende Leistung, lange Lebensdauer und zuverl\u00e4ssige Leckagevermeidung.<\/p>\n<p data-start=\"1424\" data-end=\"1784\">Als erfahrener Anbieter von industriellen Dichtungsl\u00f6sungen bietet Wonzh sowohl Standard- als auch kundenspezifische Gleitringdichtungen an, die auf spezifische Betriebsbedingungen wie Druck, Temperatur, Geschwindigkeit und chemische Vertr\u00e4glichkeit zugeschnitten sind. Unser Ingenieurteam unterst\u00fctzt Sie bei der Dichtungsauswahl, der Werkstoffauswahl und der Leistungsoptimierung auf der Grundlage der realen Anwendungsanforderungen.<\/p>\n<h2 data-start=\"1791\" data-end=\"1810\"><strong data-start=\"1794\" data-end=\"1810\">Wesentliche Merkmale<\/strong><\/h2>\n<ul data-start=\"1812\" data-end=\"2132\">\n<li data-start=\"1812\" data-end=\"1866\">\n<p data-start=\"1814\" data-end=\"1866\">\u00dcberlegene Leckagekontrolle im Vergleich zu Packungsdichtungen<\/p>\n<\/li>\n<li data-start=\"1867\" data-end=\"1907\">\n<p data-start=\"1869\" data-end=\"1907\">Geringe Reibung und reduzierter Energieverlust<\/p>\n<\/li>\n<li data-start=\"1908\" data-end=\"1951\">\n<p data-start=\"1910\" data-end=\"1951\">Ausgezeichnete Verschlei\u00df- und Korrosionsbest\u00e4ndigkeit<\/p>\n<\/li>\n<li data-start=\"1952\" data-end=\"2016\">\n<p data-start=\"1954\" data-end=\"2016\">Geeignet f\u00fcr Hochdruck- und Hochtemperaturanwendungen<\/p>\n<\/li>\n<li data-start=\"2017\" data-end=\"2070\">\n<p data-start=\"2019\" data-end=\"2070\">Kompatibel mit einer breiten Palette von Industriefl\u00fcssigkeiten<\/p>\n<\/li>\n<li data-start=\"2071\" data-end=\"2132\">\n<p data-start=\"2073\" data-end=\"2132\">Kundenspezifische Ausf\u00fchrungen f\u00fcr besondere Betriebsbedingungen verf\u00fcgbar<\/p>\n<\/li>\n<\/ul>\n<h2 data-start=\"2139\" data-end=\"2166\"><strong data-start=\"2142\" data-end=\"2166\">Typische Anwendungen<\/strong><\/h2>\n<ul data-start=\"2168\" data-end=\"2388\">\n<li data-start=\"2168\" data-end=\"2189\">\n<p data-start=\"2170\" data-end=\"2189\">Zentrifugalpumpen<\/p>\n<\/li>\n<li data-start=\"2190\" data-end=\"2223\">\n<p data-start=\"2192\" data-end=\"2223\">Chemische Verarbeitungsanlagen<\/p>\n<\/li>\n<li data-start=\"2224\" data-end=\"2249\">\n<p data-start=\"2226\" data-end=\"2249\">\u00d6l- und Gasmaschinen<\/p>\n<\/li>\n<li data-start=\"2250\" data-end=\"2277\">\n<p data-start=\"2252\" data-end=\"2277\">Wasseraufbereitungssysteme<\/p>\n<\/li>\n<li data-start=\"2278\" data-end=\"2310\">\n<p data-start=\"2280\" data-end=\"2310\">Lebensmittel- und Getr\u00e4nkeindustrie<\/p>\n<\/li>\n<li data-start=\"2311\" data-end=\"2358\">\n<p data-start=\"2313\" data-end=\"2358\">Kraftwerke und industrielle K\u00fchlsysteme<\/p>\n<\/li>\n<li data-start=\"2359\" data-end=\"2388\">\n<p data-start=\"2361\" data-end=\"2388\">Kompressoren und R\u00fchrwerke<\/p>\n<\/li>\n<\/ul>\n<h2 data-start=\"2395\" data-end=\"2447\"><strong data-start=\"2398\" data-end=\"2445\">Technische Parameter (repr\u00e4sentativer Bereich)<\/strong><\/h2>\n<div class=\"TyagGW_tableContainer\">\n<div class=\"group TyagGW_tableWrapper flex flex-col-reverse w-fit\" tabindex=\"-1\">\n<table class=\"w-fit min-w-(--thread-content-width)\" data-start=\"2449\" data-end=\"3012\">\n<thead data-start=\"2449\" data-end=\"2486\">\n<tr data-start=\"2449\" data-end=\"2486\">\n<th data-start=\"2449\" data-end=\"2461\" data-col-size=\"sm\">Parameter<\/th>\n<th data-start=\"2461\" data-end=\"2486\" data-col-size=\"md\">Spezifikation \/ Reichweite<\/th>\n<\/tr>\n<\/thead>\n<tbody data-start=\"2497\" data-end=\"3012\">\n<tr data-start=\"2497\" data-end=\"2528\">\n<td data-start=\"2497\" data-end=\"2509\" data-col-size=\"sm\">Siegel Typ<\/td>\n<td data-start=\"2509\" data-end=\"2528\" data-col-size=\"md\">Gleitringdichtung<\/td>\n<\/tr>\n<tr data-start=\"2529\" data-end=\"2588\">\n<td data-start=\"2529\" data-end=\"2546\" data-col-size=\"sm\">Gesicht Materialien<\/td>\n<td data-start=\"2546\" data-end=\"2588\" data-col-size=\"md\">Kohlenstoff, SiC, Wolframkarbid, Keramik<\/td>\n<\/tr>\n<tr data-start=\"2589\" data-end=\"2650\">\n<td data-start=\"2589\" data-end=\"2603\" data-col-size=\"sm\">Metallteile<\/td>\n<td data-start=\"2603\" data-end=\"2650\" data-col-size=\"md\">Rostfreier Stahl (304\/316) oder Sonderlegierungen<\/td>\n<\/tr>\n<tr data-start=\"2651\" data-end=\"2713\">\n<td data-start=\"2651\" data-end=\"2672\" data-col-size=\"sm\">Betriebsdruck<\/td>\n<td data-start=\"2672\" data-end=\"2713\" data-col-size=\"md\">Bis zu 2,5 MPa (abh\u00e4ngig von der Anwendung)<\/td>\n<\/tr>\n<tr data-start=\"2714\" data-end=\"2778\">\n<td data-start=\"2714\" data-end=\"2738\" data-col-size=\"sm\">Betriebstemperatur<\/td>\n<td data-start=\"2738\" data-end=\"2778\" data-col-size=\"md\">-40\u00b0C bis +180\u00b0C (materialabh\u00e4ngig)<\/td>\n<\/tr>\n<tr data-start=\"2779\" data-end=\"2835\">\n<td data-start=\"2779\" data-end=\"2793\" data-col-size=\"sm\">Drehzahl der Welle<\/td>\n<td data-start=\"2793\" data-end=\"2835\" data-col-size=\"md\">Bis zu 20 m\/s (abh\u00e4ngig von der Konfiguration)<\/td>\n<\/tr>\n<tr data-start=\"2836\" data-end=\"2900\">\n<td data-start=\"2836\" data-end=\"2858\" data-col-size=\"sm\">Medienkompatibilit\u00e4t<\/td>\n<td data-start=\"2858\" data-end=\"2900\" data-col-size=\"md\">Wasser, \u00d6l, Chemikalien, leicht \u00e4tzende Stoffe<\/td>\n<\/tr>\n<tr data-start=\"2901\" data-end=\"2958\">\n<td data-start=\"2901\" data-end=\"2917\" data-col-size=\"sm\">Montage Typ<\/td>\n<td data-start=\"2917\" data-end=\"2958\" data-col-size=\"md\">Patronen- oder Komponententyp verf\u00fcgbar<\/td>\n<\/tr>\n<tr data-start=\"2959\" data-end=\"3012\">\n<td data-start=\"2959\" data-end=\"2973\" data-col-size=\"sm\">Schmierung<\/td>\n<td data-start=\"2973\" data-end=\"3012\" data-col-size=\"md\">Fl\u00fcssigkeitsfilm oder externes Sp\u00fclsystem<\/td>\n<\/tr>\n<\/tbody>\n<\/table>\n<\/div>\n<\/div>\n<h2 data-start=\"3019\" data-end=\"3055\"><strong data-start=\"3022\" data-end=\"3055\">Repr\u00e4sentative Modellbeispiele<\/strong><\/h2>\n<p data-start=\"3057\" data-end=\"3118\"><em data-start=\"3057\" data-end=\"3118\">(Nur zu Referenzzwecken - der vollst\u00e4ndige Katalog ist auf Anfrage erh\u00e4ltlich).<\/em><\/p>\n<div class=\"TyagGW_tableContainer\">\n<div class=\"group TyagGW_tableWrapper flex flex-col-reverse w-fit\" tabindex=\"-1\">\n<table class=\"w-fit min-w-(--thread-content-width)\" data-start=\"3120\" data-end=\"3453\">\n<thead data-start=\"3120\" data-end=\"3161\">\n<tr data-start=\"3120\" data-end=\"3161\">\n<th data-start=\"3120\" data-end=\"3129\" data-col-size=\"sm\">Serie<\/th>\n<th data-start=\"3129\" data-end=\"3146\" data-col-size=\"sm\">Beispielhafte Modelle<\/th>\n<th data-start=\"3146\" data-end=\"3161\" data-col-size=\"sm\">Typische Verwendung<\/th>\n<\/tr>\n<\/thead>\n<tbody data-start=\"3176\" data-end=\"3453\">\n<tr data-start=\"3176\" data-end=\"3228\">\n<td data-start=\"3176\" data-end=\"3187\" data-col-size=\"sm\">Typ 104<\/td>\n<td data-start=\"3187\" data-end=\"3204\" data-col-size=\"sm\">104-25, 104-35<\/td>\n<td data-start=\"3204\" data-end=\"3228\" data-col-size=\"sm\">Standard-Wasserpumpen<\/td>\n<\/tr>\n<tr data-start=\"3229\" data-end=\"3275\">\n<td data-start=\"3229\" data-end=\"3240\" data-col-size=\"sm\">Typ 109<\/td>\n<td data-start=\"3240\" data-end=\"3257\" data-col-size=\"sm\">109-30, 109-40<\/td>\n<td data-start=\"3257\" data-end=\"3275\" data-col-size=\"sm\">Chemische Pumpen<\/td>\n<\/tr>\n<tr data-start=\"3276\" data-end=\"3337\">\n<td data-start=\"3276\" data-end=\"3288\" data-col-size=\"sm\">Typ 2100<\/td>\n<td data-start=\"3288\" data-end=\"3307\" data-col-size=\"sm\">2100-45, 2100-60<\/td>\n<td data-start=\"3307\" data-end=\"3337\" data-col-size=\"sm\">Hochdruckanwendungen<\/td>\n<\/tr>\n<tr data-start=\"3338\" data-end=\"3401\">\n<td data-start=\"3338\" data-end=\"3355\" data-col-size=\"sm\">Kartuschendichtung<\/td>\n<td data-start=\"3355\" data-end=\"3370\" data-col-size=\"sm\">CS-50, CS-65<\/td>\n<td data-start=\"3370\" data-end=\"3401\" data-col-size=\"sm\">Industriepumpen f\u00fcr den schweren Einsatz<\/td>\n<\/tr>\n<tr data-start=\"3402\" data-end=\"3453\">\n<td data-start=\"3402\" data-end=\"3416\" data-col-size=\"sm\">Kundenspezifisches Siegel<\/td>\n<td data-start=\"3416\" data-end=\"3432\" data-col-size=\"sm\">Projektbezogen<\/td>\n<td data-start=\"3432\" data-end=\"3453\" data-col-size=\"sm\">Besondere Maschinen<\/td>\n<\/tr>\n<\/tbody>\n<\/table>\n<\/div>\n<\/div>\n<p data-start=\"3455\" data-end=\"3540\"><strong data-start=\"3455\" data-end=\"3464\">Anmerkung:<\/strong> Weitere Gr\u00f6\u00dfen, Materialien und Konfigurationen sind auf Anfrage erh\u00e4ltlich.<\/p>\n<h2 data-start=\"3547\" data-end=\"3570\"><strong data-start=\"3550\" data-end=\"3570\">Warum Wonzh w\u00e4hlen<\/strong><\/h2>\n<ul data-start=\"3572\" data-end=\"3872\">\n<li data-start=\"3572\" data-end=\"3639\">\n<p data-start=\"3574\" data-end=\"3639\">Strenge Qualit\u00e4tskontrolle von der Materialauswahl bis zur Endpr\u00fcfung<\/p>\n<\/li>\n<li data-start=\"3640\" data-end=\"3695\">\n<p data-start=\"3642\" data-end=\"3695\">Gro\u00dfe Auswahl an Dichtungsmaterialien f\u00fcr unterschiedliche Medien<\/p>\n<\/li>\n<li data-start=\"3696\" data-end=\"3761\">\n<p data-start=\"3698\" data-end=\"3761\">Technische Unterst\u00fctzung bei der Anpassung und Optimierung von Anwendungen<\/p>\n<\/li>\n<li data-start=\"3762\" data-end=\"3815\">\n<p data-start=\"3764\" data-end=\"3815\">Ma\u00dfgeschneiderte Dichtungsl\u00f6sungen f\u00fcr besondere Umgebungen<\/p>\n<\/li>\n<li data-start=\"3816\" data-end=\"3872\">\n<p data-start=\"3818\" data-end=\"3872\">Zuverl\u00e4ssige Lieferkette und globale Lieferf\u00e4higkeit<\/p>\n<\/li>\n<\/ul>\n<h2 data-start=\"3879\" data-end=\"3920\"><strong data-start=\"3882\" data-end=\"3918\">H\u00e4ufig gestellte Fragen (FAQ)<\/strong><\/h2>\n<h3 data-start=\"3922\" data-end=\"3971\"><strong data-start=\"3926\" data-end=\"3969\">F1: Wof\u00fcr wird eine Gleitringdichtung verwendet?<\/strong><\/h3>\n<p data-start=\"3972\" data-end=\"4159\">Eine Gleitringdichtung wird verwendet, um Fl\u00fcssigkeitsleckagen in rotierenden Ger\u00e4ten wie Pumpen, Kompressoren und Mischern zu verhindern, indem ein kontrollierter Kontakt zwischen rotierenden und station\u00e4ren Oberfl\u00e4chen aufrechterhalten wird.<\/p>\n<h3 data-start=\"4161\" data-end=\"4219\"><strong data-start=\"4165\" data-end=\"4217\">F2: Welche Materialien sind f\u00fcr Dichtungsfl\u00e4chen verf\u00fcgbar?<\/strong><\/h3>\n<p data-start=\"4220\" data-end=\"4369\">Wir bieten Kohlenstoffgraphit, Siliziumkarbid (SiC), Wolframkarbid und keramische Materialien je nach Druck, Temperatur und Fl\u00fcssigkeitsvertr\u00e4glichkeit.<\/p>\n<h3 data-start=\"4371\" data-end=\"4415\"><strong data-start=\"4375\" data-end=\"4413\">F3: Sind Patronendichtungen erh\u00e4ltlich?<\/strong><\/h3>\n<p data-start=\"4416\" data-end=\"4538\">Ja. Wir bieten sowohl Patronen- als auch Komponentendichtungen an, um den unterschiedlichen Installations- und Wartungsanforderungen gerecht zu werden.<\/p>\n<h3 data-start=\"4540\" data-end=\"4594\"><strong data-start=\"4544\" data-end=\"4592\">F4: K\u00f6nnen diese Dichtungen mit \u00e4tzenden Fl\u00fcssigkeiten umgehen?<\/strong><\/h3>\n<p data-start=\"4595\" data-end=\"4724\">Ja. Bei entsprechender Materialauswahl (z.B. SiC oder spezielle Legierungen) k\u00f6nnen unsere Dichtungen in korrosiven Umgebungen zuverl\u00e4ssig arbeiten.<\/p>\n<h3 data-start=\"4726\" data-end=\"4769\"><strong data-start=\"4730\" data-end=\"4767\">F5: Unterst\u00fctzen Sie Anpassungen?<\/strong><\/h3>\n<p data-start=\"4770\" data-end=\"4890\">Ja. Wonzh unterst\u00fctzt kundenspezifische Wellengr\u00f6\u00dfen, Materialien, Dichtungskonfigurationen und Sp\u00fclsysteme je nach Anwendungsbedarf.<\/p>","protected":false},"excerpt":{"rendered":"<p>Bei den von Wonzh gelieferten Gleitringdichtungen handelt es sich um pr\u00e4zisionsgefertigte Dichtungsvorrichtungen, die Fl\u00fcssigkeitsleckagen in rotierenden Ger\u00e4ten wie Pumpen, Kompressoren, Mischern und R\u00fchrwerken verhindern sollen.<\/p>","protected":false},"featured_media":1484,"comment_status":"open","ping_status":"closed","template":"","meta":{"site-sidebar-layout":"default","site-content-layout":"","ast-site-content-layout":"default","site-content-style":"default","site-sidebar-style":"default","ast-global-header-display":"","ast-banner-title-visibility":"","ast-main-header-display":"","ast-hfb-above-header-display":"","ast-hfb-below-header-display":"","ast-hfb-mobile-header-display":"","site-post-title":"","ast-breadcrumbs-content":"","ast-featured-img":"","footer-sml-layout":"","ast-disable-related-posts":"","theme-transparent-header-meta":"default","adv-header-id-meta":"","stick-header-meta":"default","header-above-stick-meta":"","header-main-stick-meta":"","header-below-stick-meta":"","astra-migrate-meta-layouts":"set","ast-page-background-enabled":"default","ast-page-background-meta":{"desktop":{"background-color":"","background-image":"","background-repeat":"repeat","background-position":"center center","background-size":"auto","background-attachment":"scroll","background-type":"","background-media":"","overlay-type":"","overlay-color":"","overlay-opacity":"","overlay-gradient":""},"tablet":{"background-color":"","background-image":"","background-repeat":"repeat","background-position":"center center","background-size":"auto","background-attachment":"scroll","background-type":"","background-media":"","overlay-type":"","overlay-color":"","overlay-opacity":"","overlay-gradient":""},"mobile":{"background-color":"","background-image":"","background-repeat":"repeat","background-position":"center center","background-size":"auto","background-attachment":"scroll","background-type":"","background-media":"","overlay-type":"","overlay-color":"","overlay-opacity":"","overlay-gradient":""}},"ast-content-background-meta":{"desktop":{"background-color":"var(--ast-global-color-5)","background-image":"","background-repeat":"repeat","background-position":"center center","background-size":"auto","background-attachment":"scroll","background-type":"","background-media":"","overlay-type":"","overlay-color":"","overlay-opacity":"","overlay-gradient":""},"tablet":{"background-color":"var(--ast-global-color-5)","background-image":"","background-repeat":"repeat","background-position":"center center","background-size":"auto","background-attachment":"scroll","background-type":"","background-media":"","overlay-type":"","overlay-color":"","overlay-opacity":"","overlay-gradient":""},"mobile":{"background-color":"var(--ast-global-color-5)","background-image":"","background-repeat":"repeat","background-position":"center center","background-size":"auto","background-attachment":"scroll","background-type":"","background-media":"","overlay-type":"","overlay-color":"","overlay-opacity":"","overlay-gradient":""}}},"product_brand":[],"product_cat":[21],"product_tag":[193,189,196,199,195,152,190,187,188,198,200,191,194,192,197],"class_list":{"0":"post-1442","1":"product","2":"type-product","3":"status-publish","4":"has-post-thumbnail","6":"product_cat-sealing-parts-sealing-systems","7":"product_tag-carbon-seal","8":"product_tag-cartridge-mechanical-seal","9":"product_tag-chemical-pump-seal","10":"product_tag-custom-mechanical-seal","11":"product_tag-high-pressure-seal","12":"product_tag-industrial-components","13":"product_tag-industrial-sealing","14":"product_tag-mechanical-seal","15":"product_tag-pump-seal","16":"product_tag-rotating-equipment-seal","17":"product_tag-seal-manufacturer-china","18":"product_tag-sic-seal","19":"product_tag-stainless-steel-seal","20":"product_tag-tungsten-carbide-seal","21":"product_tag-water-pump-seal","22":"desktop-align-left","23":"tablet-align-left","24":"mobile-align-left","26":"first","27":"instock","28":"shipping-taxable","29":"product-type-simple"},"_links":{"self":[{"href":"https:\/\/www.wonzh.com\/de\/wp-json\/wp\/v2\/product\/1442","targetHints":{"allow":["GET"]}}],"collection":[{"href":"https:\/\/www.wonzh.com\/de\/wp-json\/wp\/v2\/product"}],"about":[{"href":"https:\/\/www.wonzh.com\/de\/wp-json\/wp\/v2\/types\/product"}],"replies":[{"embeddable":true,"href":"https:\/\/www.wonzh.com\/de\/wp-json\/wp\/v2\/comments?post=1442"}],"wp:featuredmedia":[{"embeddable":true,"href":"https:\/\/www.wonzh.com\/de\/wp-json\/wp\/v2\/media\/1484"}],"wp:attachment":[{"href":"https:\/\/www.wonzh.com\/de\/wp-json\/wp\/v2\/media?parent=1442"}],"wp:term":[{"taxonomy":"product_brand","embeddable":true,"href":"https:\/\/www.wonzh.com\/de\/wp-json\/wp\/v2\/product_brand?post=1442"},{"taxonomy":"product_cat","embeddable":true,"href":"https:\/\/www.wonzh.com\/de\/wp-json\/wp\/v2\/product_cat?post=1442"},{"taxonomy":"product_tag","embeddable":true,"href":"https:\/\/www.wonzh.com\/de\/wp-json\/wp\/v2\/product_tag?post=1442"}],"curies":[{"name":"wp","href":"https:\/\/api.w.org\/{rel}","templated":true}]}}