{"id":1436,"date":"2026-02-02T15:35:41","date_gmt":"2026-02-02T15:35:41","guid":{"rendered":"https:\/\/www.wonzh.com\/?post_type=product&#038;p=1436"},"modified":"2026-02-02T15:35:42","modified_gmt":"2026-02-02T15:35:42","slug":"industrielle-stehlager-fur-schwere-maschinen-und-gerate","status":"publish","type":"product","link":"https:\/\/www.wonzh.com\/de\/product\/industrial-pillow-block-bearings-for-heavy-machinery-and-equipment-support\/","title":{"rendered":"Industrielle Stehlager f\u00fcr Schwermaschinen und -anlagen"},"content":{"rendered":"<p data-start=\"470\" data-end=\"809\">Bei den von Wonzh angebotenen Stehlagern handelt es sich um montierte Lager, die eine stabile und zuverl\u00e4ssige L\u00f6sung f\u00fcr die Lagerung von rotierenden Wellen in Industriemaschinen darstellen. Sie sind mit einem integrierten Geh\u00e4use und einem selbstausrichtenden Lagereinsatz ausgestattet und bieten eine einfache Installation, eine hohe Tragf\u00e4higkeit und einen stabilen Betrieb unter schweren Bedingungen.<\/p>\n<p data-start=\"811\" data-end=\"1210\">Die aus hochwertigem Lagerstahl (GCr15 \/ AISI 52100 \u00e4quivalent) mit Pr\u00e4zisionsbearbeitung und optimierter W\u00e4rmebehandlung hergestellten Stehlager von Wonzh bieten gleichbleibende Ma\u00dfgenauigkeit, geringe Reibung und lange Lebensdauer. Die Lagereins\u00e4tze k\u00f6nnen leichte Fluchtungsfehler ausgleichen und sind in Standard- und abgedichteten Konfigurationen zum Schutz vor Staub, Schmutz und Verunreinigungen erh\u00e4ltlich.<\/p>\n<p data-start=\"1212\" data-end=\"1466\">Diese Lager werden h\u00e4ufig in F\u00f6rdersystemen, F\u00f6rderanlagen, Pumpen, L\u00fcftern, Kompressoren und allgemeinen Industriemaschinen eingesetzt und eignen sich ideal f\u00fcr Anwendungen, bei denen Wartungseffizienz, Zuverl\u00e4ssigkeit und stabile Rotationsleistung entscheidend sind.<\/p>\n<h2 data-start=\"1473\" data-end=\"1492\"><strong data-start=\"1476\" data-end=\"1492\">Wesentliche Merkmale<\/strong><\/h2>\n<ul data-start=\"1494\" data-end=\"1788\">\n<li data-start=\"1494\" data-end=\"1563\">\n<p data-start=\"1496\" data-end=\"1563\">Selbstausrichtender Lagereinsatz zum Ausgleich von Fluchtungsfehlern der Welle<\/p>\n<\/li>\n<li data-start=\"1564\" data-end=\"1606\">\n<p data-start=\"1566\" data-end=\"1606\">Robustes Geh\u00e4use f\u00fcr sichere Montage<\/p>\n<\/li>\n<li data-start=\"1607\" data-end=\"1644\">\n<p data-start=\"1609\" data-end=\"1644\">Hohe Tragf\u00e4higkeit und Haltbarkeit<\/p>\n<\/li>\n<li data-start=\"1645\" data-end=\"1697\">\n<p data-start=\"1647\" data-end=\"1697\">Versiegelte und offene Optionen f\u00fcr verschiedene Umgebungen<\/p>\n<\/li>\n<li data-start=\"1698\" data-end=\"1735\">\n<p data-start=\"1700\" data-end=\"1735\">Einfache Installation und Wartung<\/p>\n<\/li>\n<li data-start=\"1736\" data-end=\"1788\">\n<p data-start=\"1738\" data-end=\"1788\">Anpassbare Geh\u00e4usematerialien und Lagertypen<\/p>\n<\/li>\n<\/ul>\n<h2 data-start=\"1795\" data-end=\"1822\"><strong data-start=\"1798\" data-end=\"1822\">Typische Anwendungen<\/strong><\/h2>\n<ul data-start=\"1824\" data-end=\"2033\">\n<li data-start=\"1824\" data-end=\"1866\">\n<p data-start=\"1826\" data-end=\"1866\">F\u00f6rderanlagen und Materialtransportsysteme<\/p>\n<\/li>\n<li data-start=\"1867\" data-end=\"1898\">\n<p data-start=\"1869\" data-end=\"1898\">Industrielle Ventilatoren und Gebl\u00e4se<\/p>\n<\/li>\n<li data-start=\"1899\" data-end=\"1924\">\n<p data-start=\"1901\" data-end=\"1924\">Pumpen und Kompressoren<\/p>\n<\/li>\n<li data-start=\"1925\" data-end=\"1963\">\n<p data-start=\"1927\" data-end=\"1963\">Verpackungs- und Verarbeitungsmaschinen<\/p>\n<\/li>\n<li data-start=\"1964\" data-end=\"2002\">\n<p data-start=\"1966\" data-end=\"2002\">Schwermaschinen und Montagelinien<\/p>\n<\/li>\n<li data-start=\"2003\" data-end=\"2033\">\n<p data-start=\"2005\" data-end=\"2033\">Strom\u00fcbertragungssysteme<\/p>\n<\/li>\n<\/ul>\n<h2 data-start=\"2040\" data-end=\"2092\"><strong data-start=\"2043\" data-end=\"2090\">Technische Parameter (repr\u00e4sentativer Bereich)<\/strong><\/h2>\n<div class=\"TyagGW_tableContainer\">\n<div class=\"group TyagGW_tableWrapper flex flex-col-reverse w-fit\" tabindex=\"-1\">\n<table class=\"w-fit min-w-(--thread-content-width)\" data-start=\"2094\" data-end=\"2702\">\n<thead data-start=\"2094\" data-end=\"2131\">\n<tr data-start=\"2094\" data-end=\"2131\">\n<th data-start=\"2094\" data-end=\"2106\" data-col-size=\"sm\">Parameter<\/th>\n<th data-start=\"2106\" data-end=\"2131\" data-col-size=\"md\">Spezifikation \/ Reichweite<\/th>\n<\/tr>\n<\/thead>\n<tbody data-start=\"2142\" data-end=\"2702\">\n<tr data-start=\"2142\" data-end=\"2199\">\n<td data-start=\"2142\" data-end=\"2157\" data-col-size=\"sm\">Lager Typ<\/td>\n<td data-start=\"2157\" data-end=\"2199\" data-col-size=\"md\">Pillow-Block-Lager (montiertes Lager)<\/td>\n<\/tr>\n<tr data-start=\"2200\" data-end=\"2271\">\n<td data-start=\"2200\" data-end=\"2211\" data-col-size=\"sm\">Material<\/td>\n<td data-start=\"2211\" data-end=\"2271\" data-col-size=\"md\">Geh\u00e4use: Gusseisen oder Stahl; Lager: GCr15 \/ AISI 52100<\/td>\n<\/tr>\n<tr data-start=\"2272\" data-end=\"2307\">\n<td data-start=\"2272\" data-end=\"2289\" data-col-size=\"sm\">Bohrungsgr\u00f6\u00dfe (ID)<\/td>\n<td data-start=\"2289\" data-end=\"2307\" data-col-size=\"md\">12 mm - 100 mm<\/td>\n<\/tr>\n<tr data-start=\"2308\" data-end=\"2360\">\n<td data-start=\"2308\" data-end=\"2323\" data-col-size=\"sm\">Geh\u00e4use Typ<\/td>\n<td data-start=\"2323\" data-end=\"2360\" data-col-size=\"md\">UCP, UCF, UCFL oder kundenspezifische Ausf\u00fchrungen<\/td>\n<\/tr>\n<tr data-start=\"2361\" data-end=\"2402\">\n<td data-start=\"2361\" data-end=\"2373\" data-col-size=\"sm\">Lasttyp<\/td>\n<td data-start=\"2373\" data-end=\"2402\" data-col-size=\"md\">Radial + Axial (moderat)<\/td>\n<\/tr>\n<tr data-start=\"2403\" data-end=\"2467\">\n<td data-start=\"2403\" data-end=\"2422\" data-col-size=\"sm\">Geschwindigkeit<\/td>\n<td data-start=\"2422\" data-end=\"2467\" data-col-size=\"md\">Mittlere Geschwindigkeit (abh\u00e4ngig von Bohrung und Last)<\/td>\n<\/tr>\n<tr data-start=\"2468\" data-end=\"2511\">\n<td data-start=\"2468\" data-end=\"2492\" data-col-size=\"sm\">Betriebstemperatur<\/td>\n<td data-start=\"2492\" data-end=\"2511\" data-col-size=\"md\">-20\u00b0C bis +120\u00b0C<\/td>\n<\/tr>\n<tr data-start=\"2512\" data-end=\"2582\">\n<td data-start=\"2512\" data-end=\"2529\" data-col-size=\"sm\">Lagereinsatz<\/td>\n<td data-start=\"2529\" data-end=\"2582\" data-col-size=\"md\">Einreihiges Kugellager \/ Pendelrolleneinsatz<\/td>\n<\/tr>\n<tr data-start=\"2583\" data-end=\"2649\">\n<td data-start=\"2583\" data-end=\"2601\" data-col-size=\"sm\">Versiegelungsoptionen<\/td>\n<td data-start=\"2601\" data-end=\"2649\" data-col-size=\"md\">Offen \/ 2RS (Gummidichtung) \/ ZZ (Metallschild)<\/td>\n<\/tr>\n<tr data-start=\"2650\" data-end=\"2702\">\n<td data-start=\"2650\" data-end=\"2664\" data-col-size=\"sm\">Schmierung<\/td>\n<td data-start=\"2664\" data-end=\"2702\" data-col-size=\"md\">Schmierfett (Standard) \/ \u00d6l (optional)<\/td>\n<\/tr>\n<\/tbody>\n<\/table>\n<\/div>\n<\/div>\n<h2 data-start=\"2709\" data-end=\"2745\"><strong data-start=\"2712\" data-end=\"2745\">Repr\u00e4sentative Modellbeispiele<\/strong><\/h2>\n<div class=\"TyagGW_tableContainer\">\n<div class=\"group TyagGW_tableWrapper flex flex-col-reverse w-fit\" tabindex=\"-1\">\n<table class=\"w-fit min-w-(--thread-content-width)\" data-start=\"2747\" data-end=\"3157\">\n<thead data-start=\"2747\" data-end=\"2788\">\n<tr data-start=\"2747\" data-end=\"2788\">\n<th data-start=\"2747\" data-end=\"2756\" data-col-size=\"sm\">Serie<\/th>\n<th data-start=\"2756\" data-end=\"2773\" data-col-size=\"sm\">Beispielhafte Modelle<\/th>\n<th data-start=\"2773\" data-end=\"2788\" data-col-size=\"sm\">Typische Verwendung<\/th>\n<\/tr>\n<\/thead>\n<tbody data-start=\"2803\" data-end=\"3157\">\n<tr data-start=\"2803\" data-end=\"2876\">\n<td data-start=\"2803\" data-end=\"2816\" data-col-size=\"sm\">UCP-Reihe<\/td>\n<td data-start=\"2816\" data-end=\"2841\" data-col-size=\"sm\">UCP205, UCP206, UCP207<\/td>\n<td data-start=\"2841\" data-end=\"2876\" data-col-size=\"sm\">Leichte bis mittlere F\u00f6rderer, Ventilatoren<\/td>\n<\/tr>\n<tr data-start=\"2877\" data-end=\"2944\">\n<td data-start=\"2877\" data-end=\"2890\" data-col-size=\"sm\">UCF-Reihe<\/td>\n<td data-start=\"2890\" data-end=\"2907\" data-col-size=\"sm\">UCF208, UCF209<\/td>\n<td data-start=\"2907\" data-end=\"2944\" data-col-size=\"sm\">Schwere Maschinen, Kompressoren<\/td>\n<\/tr>\n<tr data-start=\"2945\" data-end=\"3020\">\n<td data-start=\"2945\" data-end=\"2959\" data-col-size=\"sm\">UCFL-Reihe<\/td>\n<td data-start=\"2959\" data-end=\"2978\" data-col-size=\"sm\">UCFL210, UCFL211<\/td>\n<td data-start=\"2978\" data-end=\"3020\" data-col-size=\"sm\">Industrielle Verarbeitung, Verpackungslinien<\/td>\n<\/tr>\n<tr data-start=\"3021\" data-end=\"3080\">\n<td data-start=\"3021\" data-end=\"3034\" data-col-size=\"sm\">UCT-Reihe<\/td>\n<td data-start=\"3034\" data-end=\"3051\" data-col-size=\"sm\">UCT212, UCT213<\/td>\n<td data-start=\"3051\" data-end=\"3080\" data-col-size=\"sm\">Bergbau, Materialtransport<\/td>\n<\/tr>\n<tr data-start=\"3081\" data-end=\"3157\">\n<td data-start=\"3081\" data-end=\"3097\" data-col-size=\"sm\">Kundenspezifische Serie<\/td>\n<td data-start=\"3097\" data-end=\"3123\" data-col-size=\"sm\">Kundenspezifische Bohrung und Geh\u00e4use<\/td>\n<td data-start=\"3123\" data-end=\"3157\" data-col-size=\"sm\">Spezielle Maschinenanwendungen<\/td>\n<\/tr>\n<\/tbody>\n<\/table>\n<\/div>\n<\/div>\n<p data-start=\"3159\" data-end=\"3249\"><strong data-start=\"3159\" data-end=\"3168\">Anmerkung:<\/strong> Weitere Gr\u00f6\u00dfen, Geh\u00e4useformen und Lagertypen sind auf Anfrage erh\u00e4ltlich.<\/p>\n<h2 data-start=\"3256\" data-end=\"3279\"><strong data-start=\"3259\" data-end=\"3279\">Warum Wonzh w\u00e4hlen<\/strong><\/h2>\n<ul data-start=\"3281\" data-end=\"3651\">\n<li data-start=\"3281\" data-end=\"3354\">\n<p data-start=\"3283\" data-end=\"3354\">Hochwertige Geh\u00e4use aus Gusseisen oder Stahl f\u00fcr Stabilit\u00e4t und Langlebigkeit<\/p>\n<\/li>\n<li data-start=\"3355\" data-end=\"3421\">\n<p data-start=\"3357\" data-end=\"3421\">Pr\u00e4zisionslager mit geringer Reibung und langer Lebensdauer<\/p>\n<\/li>\n<li data-start=\"3422\" data-end=\"3483\">\n<p data-start=\"3424\" data-end=\"3483\">Selbstausrichtende Eins\u00e4tze zum Ausgleich von Wellenversatz<\/p>\n<\/li>\n<li data-start=\"3484\" data-end=\"3534\">\n<p data-start=\"3486\" data-end=\"3534\">Versiegelte und offene Optionen f\u00fcr raue Umgebungen<\/p>\n<\/li>\n<li data-start=\"3535\" data-end=\"3603\">\n<p data-start=\"3537\" data-end=\"3603\">Technische Unterst\u00fctzung bei Installation, Auswahl und Anpassung<\/p>\n<\/li>\n<li data-start=\"3604\" data-end=\"3651\">\n<p data-start=\"3606\" data-end=\"3651\">Zuverl\u00e4ssige globale Versorgung und p\u00fcnktliche Lieferung<\/p>\n<\/li>\n<\/ul>\n<h2 data-start=\"3658\" data-end=\"3699\"><strong data-start=\"3661\" data-end=\"3697\">H\u00e4ufig gestellte Fragen (FAQ)<\/strong><\/h2>\n<h3 data-start=\"3701\" data-end=\"3755\"><strong data-start=\"3705\" data-end=\"3753\">Q1: Wof\u00fcr wird ein Stehlager verwendet?<\/strong><\/h3>\n<p data-start=\"3756\" data-end=\"3895\">Stehlager dienen zur Lagerung von rotierenden Wellen in F\u00f6rderanlagen, Ventilatoren, Pumpen, Kompressoren und allgemeinen Industriemaschinen.<\/p>\n<h3 data-start=\"3897\" data-end=\"3955\"><strong data-start=\"3901\" data-end=\"3953\">F2: K\u00f6nnen diese Lager Fluchtungsfehler ausgleichen?<\/strong><\/h3>\n<p data-start=\"3956\" data-end=\"4072\">Ja. Stehlager enthalten in der Regel selbstausrichtende Eins\u00e4tze, die geringf\u00fcgige Fluchtungsfehler der Welle ausgleichen k\u00f6nnen.<\/p>\n<h3 data-start=\"4074\" data-end=\"4121\"><strong data-start=\"4078\" data-end=\"4119\">F3: Welche Wohnformen gibt es?<\/strong><\/h3>\n<p data-start=\"4122\" data-end=\"4242\">Zu den Standardtypen geh\u00f6ren die Serien UCP, UCF, UCFL und UCT. Kundenspezifische Geh\u00e4use sind f\u00fcr spezielle Maschinenanwendungen erh\u00e4ltlich.<\/p>\n<h3 data-start=\"4244\" data-end=\"4288\"><strong data-start=\"4248\" data-end=\"4286\">F4: Sind abgedichtete Lager verf\u00fcgbar?<\/strong><\/h3>\n<p data-start=\"4289\" data-end=\"4405\">Ja. Wir bieten abgedichtete (2RS-Gummidichtung oder ZZ-Metallabschirmung) und offene Optionen je nach Umgebung und Anwendung.<\/p>\n<h3 data-start=\"4407\" data-end=\"4471\"><strong data-start=\"4411\" data-end=\"4469\">F5: K\u00f6nnen Sie Bohrungsgr\u00f6\u00dfen oder Geh\u00e4usematerialien individuell anpassen?<\/strong><\/h3>\n<p data-start=\"4472\" data-end=\"4589\">Ja. Wonzh unterst\u00fctzt kundenspezifische Bohrungsgr\u00f6\u00dfen, Geh\u00e4usematerialien und Einsatztypen, um anwendungsspezifische Anforderungen zu erf\u00fcllen.<\/p>","protected":false},"excerpt":{"rendered":"<p>Bei den von Wonzh angebotenen Stehlagern handelt es sich um montierte Lager, die eine stabile und zuverl\u00e4ssige L\u00f6sung f\u00fcr die Lagerung von rotierenden Wellen in Industriemaschinen darstellen. Sie sind mit einem integrierten Geh\u00e4use und einem selbstausrichtenden Lagereinsatz ausgestattet und bieten eine einfache Installation, eine hohe Tragf\u00e4higkeit und einen stabilen Betrieb unter schweren Bedingungen.<\/p>","protected":false},"featured_media":1438,"comment_status":"open","ping_status":"closed","template":"","meta":{"site-sidebar-layout":"default","site-content-layout":"","ast-site-content-layout":"default","site-content-style":"default","site-sidebar-style":"default","ast-global-header-display":"","ast-banner-title-visibility":"","ast-main-header-display":"","ast-hfb-above-header-display":"","ast-hfb-below-header-display":"","ast-hfb-mobile-header-display":"","site-post-title":"","ast-breadcrumbs-content":"","ast-featured-img":"","footer-sml-layout":"","ast-disable-related-posts":"","theme-transparent-header-meta":"default","adv-header-id-meta":"","stick-header-meta":"default","header-above-stick-meta":"","header-main-stick-meta":"","header-below-stick-meta":"","astra-migrate-meta-layouts":"set","ast-page-background-enabled":"default","ast-page-background-meta":{"desktop":{"background-color":"","background-image":"","background-repeat":"repeat","background-position":"center center","background-size":"auto","background-attachment":"scroll","background-type":"","background-media":"","overlay-type":"","overlay-color":"","overlay-opacity":"","overlay-gradient":""},"tablet":{"background-color":"","background-image":"","background-repeat":"repeat","background-position":"center center","background-size":"auto","background-attachment":"scroll","background-type":"","background-media":"","overlay-type":"","overlay-color":"","overlay-opacity":"","overlay-gradient":""},"mobile":{"background-color":"","background-image":"","background-repeat":"repeat","background-position":"center center","background-size":"auto","background-attachment":"scroll","background-type":"","background-media":"","overlay-type":"","overlay-color":"","overlay-opacity":"","overlay-gradient":""}},"ast-content-background-meta":{"desktop":{"background-color":"var(--ast-global-color-5)","background-image":"","background-repeat":"repeat","background-position":"center center","background-size":"auto","background-attachment":"scroll","background-type":"","background-media":"","overlay-type":"","overlay-color":"","overlay-opacity":"","overlay-gradient":""},"tablet":{"background-color":"var(--ast-global-color-5)","background-image":"","background-repeat":"repeat","background-position":"center center","background-size":"auto","background-attachment":"scroll","background-type":"","background-media":"","overlay-type":"","overlay-color":"","overlay-opacity":"","overlay-gradient":""},"mobile":{"background-color":"var(--ast-global-color-5)","background-image":"","background-repeat":"repeat","background-position":"center center","background-size":"auto","background-attachment":"scroll","background-type":"","background-media":"","overlay-type":"","overlay-color":"","overlay-opacity":"","overlay-gradient":""}}},"product_brand":[],"product_cat":[15],"product_tag":[140,148,174,172,144,173,139,171,136,167,153,166,149,156,169,170,168],"class_list":{"0":"post-1436","1":"product","2":"type-product","3":"status-publish","4":"has-post-thumbnail","6":"product_cat-bearings-bearing-components","7":"product_tag-aisi-52100-bearing","8":"product_tag-bearing-manufacturer-china","9":"product_tag-compressor-bearing","10":"product_tag-conveyor-bearing","11":"product_tag-custom-bearings","12":"product_tag-fan-bearing","13":"product_tag-gcr15-bearing","14":"product_tag-heavy-machinery-bearing","15":"product_tag-industrial-bearings","16":"product_tag-mounted-bearing","17":"product_tag-oem-bearings","18":"product_tag-pillow-block-bearing","19":"product_tag-precision-bearings","20":"product_tag-self-aligning-bearing","21":"product_tag-ucf-bearing","22":"product_tag-ucfl-bearing","23":"product_tag-ucp-bearing","24":"desktop-align-left","25":"tablet-align-left","26":"mobile-align-left","28":"first","29":"instock","30":"shipping-taxable","31":"product-type-simple"},"_links":{"self":[{"href":"https:\/\/www.wonzh.com\/de\/wp-json\/wp\/v2\/product\/1436","targetHints":{"allow":["GET"]}}],"collection":[{"href":"https:\/\/www.wonzh.com\/de\/wp-json\/wp\/v2\/product"}],"about":[{"href":"https:\/\/www.wonzh.com\/de\/wp-json\/wp\/v2\/types\/product"}],"replies":[{"embeddable":true,"href":"https:\/\/www.wonzh.com\/de\/wp-json\/wp\/v2\/comments?post=1436"}],"wp:featuredmedia":[{"embeddable":true,"href":"https:\/\/www.wonzh.com\/de\/wp-json\/wp\/v2\/media\/1438"}],"wp:attachment":[{"href":"https:\/\/www.wonzh.com\/de\/wp-json\/wp\/v2\/media?parent=1436"}],"wp:term":[{"taxonomy":"product_brand","embeddable":true,"href":"https:\/\/www.wonzh.com\/de\/wp-json\/wp\/v2\/product_brand?post=1436"},{"taxonomy":"product_cat","embeddable":true,"href":"https:\/\/www.wonzh.com\/de\/wp-json\/wp\/v2\/product_cat?post=1436"},{"taxonomy":"product_tag","embeddable":true,"href":"https:\/\/www.wonzh.com\/de\/wp-json\/wp\/v2\/product_tag?post=1436"}],"curies":[{"name":"wp","href":"https:\/\/api.w.org\/{rel}","templated":true}]}}