{"id":1428,"date":"2026-02-02T14:54:21","date_gmt":"2026-02-02T14:54:21","guid":{"rendered":"https:\/\/www.wonzh.com\/?post_type=product&#038;p=1428"},"modified":"2026-02-02T15:07:33","modified_gmt":"2026-02-02T15:07:33","slug":"industrial-tapered-roller-bearings-for-heavy-load-and-high-reliability-applications","status":"publish","type":"product","link":"https:\/\/www.wonzh.com\/de\/product\/industrial-tapered-roller-bearings-for-heavy-load-and-high-reliability-applications\/","title":{"rendered":"Industrielle Kegelrollenlager f\u00fcr Schwerlast- und Hochzuverl\u00e4ssigkeitsanwendungen"},"content":{"rendered":"<p data-start=\"588\" data-end=\"902\">Kegelrollenlager von Wonzh sind pr\u00e4zisionsgefertigte W\u00e4lzlager, die sowohl radiale als auch axiale Lasten in einer Richtung aufnehmen k\u00f6nnen. Aufgrund ihrer kegelf\u00f6rmigen Geometrie bieten diese Lager eine ausgezeichnete Tragf\u00e4higkeit, hohe Steifigkeit und hervorragende Haltbarkeit unter schweren Betriebsbedingungen.<\/p>\n<p data-start=\"904\" data-end=\"1327\">Wonzh-Kegelrollenlager werden aus hochwertigem Lagerstahl wie GCr15 (entspricht AISI 52100) hergestellt und durch fortschrittliche W\u00e4rmebehandlung und Pr\u00e4zisionsschleifen bearbeitet. Sie bieten gleichbleibende Ma\u00dfgenauigkeit, zuverl\u00e4ssige Leistung und lange Lebensdauer. Sie sind weit verbreitet in Automobilachsen, Getrieben, Baumaschinen, Bergbaumaschinen, Industriegetrieben und schweren rotierenden Maschinen.<\/p>\n<p data-start=\"1329\" data-end=\"1611\">Als erfahrener Lieferant von Industriekomponenten bietet Wonzh sowohl Standard- als auch kundenspezifische Kegelrollenlager an. Unser Ingenieurteam unterst\u00fctzt Kunden bei der Auswahl geeigneter Gr\u00f6\u00dfen, Abst\u00e4nde, Materialien und Konfigurationen, um die Leistung in realen Anwendungen zu optimieren.<\/p>\n<h2 data-start=\"1618\" data-end=\"1637\"><strong data-start=\"1621\" data-end=\"1637\">Wesentliche Merkmale<\/strong><\/h2>\n<ul data-start=\"1639\" data-end=\"1918\">\n<li data-start=\"1639\" data-end=\"1683\">\n<p data-start=\"1641\" data-end=\"1683\">Hervorragende radiale und axiale Belastbarkeit<\/p>\n<\/li>\n<li data-start=\"1684\" data-end=\"1726\">\n<p data-start=\"1686\" data-end=\"1726\">Hohe Steifigkeit und strukturelle Stabilit\u00e4t<\/p>\n<\/li>\n<li data-start=\"1727\" data-end=\"1774\">\n<p data-start=\"1729\" data-end=\"1774\">Hohe Widerstandsf\u00e4higkeit gegen Sto\u00df- und Schlagbelastungen<\/p>\n<\/li>\n<li data-start=\"1775\" data-end=\"1831\">\n<p data-start=\"1777\" data-end=\"1831\">Geeignet f\u00fcr schwere und drehmomentstarke Anwendungen<\/p>\n<\/li>\n<li data-start=\"1832\" data-end=\"1877\">\n<p data-start=\"1834\" data-end=\"1877\">Lange Lebensdauer bei richtiger Schmierung<\/p>\n<\/li>\n<li data-start=\"1878\" data-end=\"1918\">\n<p data-start=\"1880\" data-end=\"1918\">Kundenspezifische Gr\u00f6\u00dfen und Materialien verf\u00fcgbar<\/p>\n<\/li>\n<\/ul>\n<h2 data-start=\"1925\" data-end=\"1952\"><strong data-start=\"1928\" data-end=\"1952\">Typische Anwendungen<\/strong><\/h2>\n<ul data-start=\"1954\" data-end=\"2180\">\n<li data-start=\"1954\" data-end=\"1989\">\n<p data-start=\"1956\" data-end=\"1989\">Kfz-Achsen und Radnaben<\/p>\n<\/li>\n<li data-start=\"1990\" data-end=\"2016\">\n<p data-start=\"1992\" data-end=\"2016\">Getriebe und Untersetzungsgetriebe<\/p>\n<\/li>\n<li data-start=\"2017\" data-end=\"2054\">\n<p data-start=\"2019\" data-end=\"2054\">Bergbau und Baumaschinen<\/p>\n<\/li>\n<li data-start=\"2055\" data-end=\"2083\">\n<p data-start=\"2057\" data-end=\"2083\">Industrielle \u00dcbertragungen<\/p>\n<\/li>\n<li data-start=\"2084\" data-end=\"2132\">\n<p data-start=\"2086\" data-end=\"2132\">Schwermaschinen und Stromerzeugungssysteme<\/p>\n<\/li>\n<li data-start=\"2133\" data-end=\"2180\">\n<p data-start=\"2135\" data-end=\"2180\">Stahlwerke und Materialtransportanlagen<\/p>\n<\/li>\n<\/ul>\n<h2 data-start=\"2187\" data-end=\"2239\"><strong data-start=\"2190\" data-end=\"2237\">Technische Parameter (repr\u00e4sentativer Bereich)<\/strong><\/h2>\n<div class=\"TyagGW_tableContainer\">\n<div class=\"group TyagGW_tableWrapper flex flex-col-reverse w-fit\" tabindex=\"-1\">\n<table class=\"w-fit min-w-(--thread-content-width)\" data-start=\"2241\" data-end=\"2765\">\n<thead data-start=\"2241\" data-end=\"2278\">\n<tr data-start=\"2241\" data-end=\"2278\">\n<th data-start=\"2241\" data-end=\"2253\" data-col-size=\"sm\">Parameter<\/th>\n<th data-start=\"2253\" data-end=\"2278\" data-col-size=\"md\">Spezifikation \/ Reichweite<\/th>\n<\/tr>\n<\/thead>\n<tbody data-start=\"2289\" data-end=\"2765\">\n<tr data-start=\"2289\" data-end=\"2330\">\n<td data-start=\"2289\" data-end=\"2304\" data-col-size=\"sm\">Lager Typ<\/td>\n<td data-col-size=\"md\" data-start=\"2304\" data-end=\"2330\">Kegelrollenlager<\/td>\n<\/tr>\n<tr data-start=\"2331\" data-end=\"2398\">\n<td data-start=\"2331\" data-end=\"2342\" data-col-size=\"sm\">Material<\/td>\n<td data-col-size=\"md\" data-start=\"2342\" data-end=\"2398\">GCr15 (AISI 52100 gleichwertig) oder spezieller legierter Stahl<\/td>\n<\/tr>\n<tr data-start=\"2399\" data-end=\"2434\">\n<td data-start=\"2399\" data-end=\"2416\" data-col-size=\"sm\">Bohrungsgr\u00f6\u00dfe (ID)<\/td>\n<td data-start=\"2416\" data-end=\"2434\" data-col-size=\"md\">20 mm - 300 mm<\/td>\n<\/tr>\n<tr data-start=\"2435\" data-end=\"2475\">\n<td data-start=\"2435\" data-end=\"2457\" data-col-size=\"sm\">\u00c4u\u00dferer Durchmesser (OD)<\/td>\n<td data-start=\"2457\" data-end=\"2475\" data-col-size=\"md\">47 mm - 600 mm<\/td>\n<\/tr>\n<tr data-start=\"2476\" data-end=\"2522\">\n<td data-start=\"2476\" data-end=\"2488\" data-col-size=\"sm\">Lasttyp<\/td>\n<td data-start=\"2488\" data-end=\"2522\" data-col-size=\"md\">Radial + Axial (eine Richtung)<\/td>\n<\/tr>\n<tr data-start=\"2523\" data-end=\"2575\">\n<td data-start=\"2523\" data-end=\"2542\" data-col-size=\"sm\">Geschwindigkeit<\/td>\n<td data-start=\"2542\" data-end=\"2575\" data-col-size=\"md\">Mittlere Geschwindigkeit (lastabh\u00e4ngig)<\/td>\n<\/tr>\n<tr data-start=\"2576\" data-end=\"2619\">\n<td data-start=\"2576\" data-end=\"2600\" data-col-size=\"sm\">Betriebstemperatur<\/td>\n<td data-start=\"2600\" data-end=\"2619\" data-col-size=\"md\">-20\u00b0C bis +120\u00b0C<\/td>\n<\/tr>\n<tr data-start=\"2620\" data-end=\"2669\">\n<td data-start=\"2620\" data-end=\"2632\" data-col-size=\"sm\">Freigabe<\/td>\n<td data-start=\"2632\" data-end=\"2669\" data-col-size=\"md\">Anpassbar je nach Anwendung<\/td>\n<\/tr>\n<tr data-start=\"2670\" data-end=\"2733\">\n<td data-start=\"2670\" data-end=\"2686\" data-col-size=\"sm\">Konfiguration<\/td>\n<td data-start=\"2686\" data-end=\"2733\" data-col-size=\"md\">Einreihig, gepaart oder zweireihig erh\u00e4ltlich<\/td>\n<\/tr>\n<tr data-start=\"2734\" data-end=\"2765\">\n<td data-start=\"2734\" data-end=\"2748\" data-col-size=\"sm\">Schmierung<\/td>\n<td data-start=\"2748\" data-end=\"2765\" data-col-size=\"md\">Schmierfett oder \u00d6l<\/td>\n<\/tr>\n<\/tbody>\n<\/table>\n<\/div>\n<\/div>\n<h2 data-start=\"2772\" data-end=\"2808\"><strong data-start=\"2775\" data-end=\"2808\">Repr\u00e4sentative Modellbeispiele<\/strong><\/h2>\n<p data-start=\"2810\" data-end=\"2871\"><em data-start=\"2810\" data-end=\"2871\">(Nur zu Referenzzwecken - der vollst\u00e4ndige Katalog ist auf Anfrage erh\u00e4ltlich).<\/em><\/p>\n<div class=\"TyagGW_tableContainer\">\n<div class=\"group TyagGW_tableWrapper flex flex-col-reverse w-fit\" tabindex=\"-1\">\n<table class=\"w-fit min-w-(--thread-content-width)\" data-start=\"2873\" data-end=\"3217\">\n<thead data-start=\"2873\" data-end=\"2914\">\n<tr data-start=\"2873\" data-end=\"2914\">\n<th data-start=\"2873\" data-end=\"2882\" data-col-size=\"sm\">Serie<\/th>\n<th data-start=\"2882\" data-end=\"2899\" data-col-size=\"sm\">Beispielhafte Modelle<\/th>\n<th data-start=\"2899\" data-end=\"2914\" data-col-size=\"sm\">Typische Verwendung<\/th>\n<\/tr>\n<\/thead>\n<tbody data-start=\"2929\" data-end=\"3217\">\n<tr data-start=\"2929\" data-end=\"2993\">\n<td data-start=\"2929\" data-end=\"2942\" data-col-size=\"sm\">Baureihe 302<\/td>\n<td data-start=\"2942\" data-end=\"2964\" data-col-size=\"sm\">30205, 30206, 30208<\/td>\n<td data-start=\"2964\" data-end=\"2993\" data-col-size=\"sm\">Leichte bis mittelschwere Maschinen<\/td>\n<\/tr>\n<tr data-start=\"2994\" data-end=\"3050\">\n<td data-start=\"2994\" data-end=\"3007\" data-col-size=\"sm\">Baureihe 303<\/td>\n<td data-start=\"3007\" data-end=\"3022\" data-col-size=\"sm\">30306, 30308<\/td>\n<td data-start=\"3022\" data-end=\"3050\" data-col-size=\"sm\">Industrielle \u00dcbertragungen<\/td>\n<\/tr>\n<tr data-start=\"3051\" data-end=\"3103\">\n<td data-start=\"3051\" data-end=\"3064\" data-col-size=\"sm\">Reihe 322<\/td>\n<td data-col-size=\"sm\" data-start=\"3064\" data-end=\"3079\">32208, 32210<\/td>\n<td data-col-size=\"sm\" data-start=\"3079\" data-end=\"3103\">Schwerlast-Getriebe<\/td>\n<\/tr>\n<tr data-start=\"3104\" data-end=\"3162\">\n<td data-start=\"3104\" data-end=\"3117\" data-col-size=\"sm\">Serie 323<\/td>\n<td data-start=\"3117\" data-end=\"3132\" data-col-size=\"sm\">32308, 32310<\/td>\n<td data-start=\"3132\" data-end=\"3162\" data-col-size=\"sm\">Bergbau- und Stahlausr\u00fcstung<\/td>\n<\/tr>\n<tr data-start=\"3163\" data-end=\"3217\">\n<td data-start=\"3163\" data-end=\"3176\" data-col-size=\"sm\">Baureihe 329<\/td>\n<td data-start=\"3176\" data-end=\"3191\" data-col-size=\"sm\">32908, 32910<\/td>\n<td data-start=\"3191\" data-end=\"3217\" data-col-size=\"sm\">Anwendungen mit hoher Belastung<\/td>\n<\/tr>\n<\/tbody>\n<\/table>\n<\/div>\n<\/div>\n<p data-start=\"3219\" data-end=\"3311\"><strong data-start=\"3219\" data-end=\"3228\">Anmerkung:<\/strong> Weitere Gr\u00f6\u00dfen, Materialien und gepaarte Konfigurationen sind auf Anfrage erh\u00e4ltlich.<\/p>\n<h2 data-start=\"3318\" data-end=\"3341\"><strong data-start=\"3321\" data-end=\"3341\">Warum Wonzh w\u00e4hlen<\/strong><\/h2>\n<ul data-start=\"3343\" data-end=\"3637\">\n<li data-start=\"3343\" data-end=\"3407\">\n<p data-start=\"3345\" data-end=\"3407\">Strenge Qualit\u00e4tskontrolle vom Rohmaterial bis zur Endkontrolle<\/p>\n<\/li>\n<li data-start=\"3408\" data-end=\"3460\">\n<p data-start=\"3410\" data-end=\"3460\">Pr\u00e4zise Bearbeitung und stabile Chargenkonsistenz<\/p>\n<\/li>\n<li data-start=\"3461\" data-end=\"3518\">\n<p data-start=\"3463\" data-end=\"3518\">Technische Unterst\u00fctzung bei der Anpassung von Lasten und Anwendungen<\/p>\n<\/li>\n<li data-start=\"3519\" data-end=\"3580\">\n<p data-start=\"3521\" data-end=\"3580\">Kundenspezifische Ausf\u00fchrungen f\u00fcr besondere Betriebsbedingungen verf\u00fcgbar<\/p>\n<\/li>\n<li data-start=\"3581\" data-end=\"3637\">\n<p data-start=\"3583\" data-end=\"3637\">Zuverl\u00e4ssige Lieferkette und globale Lieferf\u00e4higkeit<\/p>\n<\/li>\n<\/ul>\n<h2 data-start=\"3644\" data-end=\"3685\"><strong data-start=\"3647\" data-end=\"3683\">H\u00e4ufig gestellte Fragen (FAQ)<\/strong><\/h2>\n<h3 data-start=\"3687\" data-end=\"3743\"><strong data-start=\"3691\" data-end=\"3741\">F1: Wof\u00fcr wird ein Kegelrollenlager verwendet?<\/strong><\/h3>\n<p data-start=\"3744\" data-end=\"3917\">Kegelrollenlager werden h\u00e4ufig in Fahrzeugachsen, Getrieben, Bergbaumaschinen und schweren Industrieanlagen eingesetzt, wo kombinierte Radial- und Axiallasten auftreten.<\/p>\n<h3 data-start=\"3919\" data-end=\"3980\"><strong data-start=\"3923\" data-end=\"3978\">F2: K\u00f6nnen Kegelrollenlager schwere Lasten aufnehmen?<\/strong><\/h3>\n<p data-start=\"3981\" data-end=\"4110\">Ja. Aufgrund ihres konischen Designs und ihrer gro\u00dfen Kontaktfl\u00e4che eignen sie sich besonders f\u00fcr Anwendungen mit hoher Belastung und starker Beanspruchung.<\/p>\n<h3 data-start=\"4112\" data-end=\"4156\"><strong data-start=\"4116\" data-end=\"4154\">F3: Sind gepaarte Lager verf\u00fcgbar?<\/strong><\/h3>\n<p data-start=\"4157\" data-end=\"4284\">Ja. Wir k\u00f6nnen einreihige, R\u00fccken-an-R\u00fccken-, Stirn-an-Stirn- oder tandemgepaarte Kegelrollenlager je nach Anwendungsbedarf liefern.<\/p>\n<h3 data-start=\"4286\" data-end=\"4329\"><strong data-start=\"4290\" data-end=\"4327\">F4: Welche Materialien sind verf\u00fcgbar?<\/strong><\/h3>\n<p data-start=\"4330\" data-end=\"4454\">Standardmaterial ist GCr15 (entspricht AISI 52100). Spezielle legierte St\u00e4hle und rostfreie Optionen k\u00f6nnen auf Anfrage geliefert werden.<\/p>\n<h3 data-start=\"4456\" data-end=\"4499\"><strong data-start=\"4460\" data-end=\"4497\">F5: Unterst\u00fctzen Sie Anpassungen?<\/strong><\/h3>\n<p data-start=\"4500\" data-end=\"4618\">Ja. Wonzh unterst\u00fctzt kundenspezifische Gr\u00f6\u00dfen, Materialien, Abst\u00e4nde und Konfigurationen, um spezifische Leistungsanforderungen zu erf\u00fcllen.<\/p>","protected":false},"excerpt":{"rendered":"<p>Kegelrollenlager von Wonzh sind pr\u00e4zisionsgefertigte W\u00e4lzlager, die sowohl radiale als auch axiale Lasten in einer Richtung aufnehmen k\u00f6nnen. Aufgrund ihrer kegelf\u00f6rmigen Geometrie bieten diese Lager eine ausgezeichnete Tragf\u00e4higkeit, hohe Steifigkeit und hervorragende Haltbarkeit unter schweren Betriebsbedingungen.<\/p>","protected":false},"featured_media":1429,"comment_status":"open","ping_status":"closed","template":"","meta":{"site-sidebar-layout":"default","site-content-layout":"","ast-site-content-layout":"default","site-content-style":"default","site-sidebar-style":"default","ast-global-header-display":"","ast-banner-title-visibility":"","ast-main-header-display":"","ast-hfb-above-header-display":"","ast-hfb-below-header-display":"","ast-hfb-mobile-header-display":"","site-post-title":"","ast-breadcrumbs-content":"","ast-featured-img":"","footer-sml-layout":"","ast-disable-related-posts":"","theme-transparent-header-meta":"default","adv-header-id-meta":"","stick-header-meta":"default","header-above-stick-meta":"","header-main-stick-meta":"","header-below-stick-meta":"","astra-migrate-meta-layouts":"set","ast-page-background-enabled":"default","ast-page-background-meta":{"desktop":{"background-color":"","background-image":"","background-repeat":"repeat","background-position":"center center","background-size":"auto","background-attachment":"scroll","background-type":"","background-media":"","overlay-type":"","overlay-color":"","overlay-opacity":"","overlay-gradient":""},"tablet":{"background-color":"","background-image":"","background-repeat":"repeat","background-position":"center center","background-size":"auto","background-attachment":"scroll","background-type":"","background-media":"","overlay-type":"","overlay-color":"","overlay-opacity":"","overlay-gradient":""},"mobile":{"background-color":"","background-image":"","background-repeat":"repeat","background-position":"center center","background-size":"auto","background-attachment":"scroll","background-type":"","background-media":"","overlay-type":"","overlay-color":"","overlay-opacity":"","overlay-gradient":""}},"ast-content-background-meta":{"desktop":{"background-color":"var(--ast-global-color-5)","background-image":"","background-repeat":"repeat","background-position":"center center","background-size":"auto","background-attachment":"scroll","background-type":"","background-media":"","overlay-type":"","overlay-color":"","overlay-opacity":"","overlay-gradient":""},"tablet":{"background-color":"var(--ast-global-color-5)","background-image":"","background-repeat":"repeat","background-position":"center center","background-size":"auto","background-attachment":"scroll","background-type":"","background-media":"","overlay-type":"","overlay-color":"","overlay-opacity":"","overlay-gradient":""},"mobile":{"background-color":"var(--ast-global-color-5)","background-image":"","background-repeat":"repeat","background-position":"center center","background-size":"auto","background-attachment":"scroll","background-type":"","background-media":"","overlay-type":"","overlay-color":"","overlay-opacity":"","overlay-gradient":""}}},"product_brand":[],"product_cat":[15],"product_tag":[140,165,148,144,139,164,157,136,152,158,153,149,163,162],"class_list":{"0":"post-1428","1":"product","2":"type-product","3":"status-publish","4":"has-post-thumbnail","6":"product_cat-bearings-bearing-components","7":"product_tag-aisi-52100-bearing","8":"product_tag-automotive-axle-bearing","9":"product_tag-bearing-manufacturer-china","10":"product_tag-custom-bearings","11":"product_tag-gcr15-bearing","12":"product_tag-gearbox-bearing","13":"product_tag-heavy-load-bearing","14":"product_tag-industrial-bearings","15":"product_tag-industrial-components","16":"product_tag-mining-machinery-bearing","17":"product_tag-oem-bearings","18":"product_tag-precision-bearings","19":"product_tag-radial-and-axial-bearing","20":"product_tag-tapered-roller-bearing","21":"desktop-align-left","22":"tablet-align-left","23":"mobile-align-left","25":"first","26":"instock","27":"shipping-taxable","28":"product-type-simple"},"_links":{"self":[{"href":"https:\/\/www.wonzh.com\/de\/wp-json\/wp\/v2\/product\/1428","targetHints":{"allow":["GET"]}}],"collection":[{"href":"https:\/\/www.wonzh.com\/de\/wp-json\/wp\/v2\/product"}],"about":[{"href":"https:\/\/www.wonzh.com\/de\/wp-json\/wp\/v2\/types\/product"}],"replies":[{"embeddable":true,"href":"https:\/\/www.wonzh.com\/de\/wp-json\/wp\/v2\/comments?post=1428"}],"wp:featuredmedia":[{"embeddable":true,"href":"https:\/\/www.wonzh.com\/de\/wp-json\/wp\/v2\/media\/1429"}],"wp:attachment":[{"href":"https:\/\/www.wonzh.com\/de\/wp-json\/wp\/v2\/media?parent=1428"}],"wp:term":[{"taxonomy":"product_brand","embeddable":true,"href":"https:\/\/www.wonzh.com\/de\/wp-json\/wp\/v2\/product_brand?post=1428"},{"taxonomy":"product_cat","embeddable":true,"href":"https:\/\/www.wonzh.com\/de\/wp-json\/wp\/v2\/product_cat?post=1428"},{"taxonomy":"product_tag","embeddable":true,"href":"https:\/\/www.wonzh.com\/de\/wp-json\/wp\/v2\/product_tag?post=1428"}],"curies":[{"name":"wp","href":"https:\/\/api.w.org\/{rel}","templated":true}]}}