{"id":1424,"date":"2026-02-02T14:35:53","date_gmt":"2026-02-02T14:35:53","guid":{"rendered":"https:\/\/www.wonzh.com\/?post_type=product&#038;p=1424"},"modified":"2026-02-02T14:35:54","modified_gmt":"2026-02-02T14:35:54","slug":"industrial-deep-groove-ball-bearings-for-heavy-machinery-motors-and-pumps","status":"publish","type":"product","link":"https:\/\/www.wonzh.com\/de\/product\/industrial-deep-groove-ball-bearings-for-heavy-machinery-motors-and-pumps\/","title":{"rendered":"Industrielle Rillenkugellager f\u00fcr Schwermaschinen, Motoren und Pumpen"},"content":{"rendered":"<p data-start=\"684\" data-end=\"1058\">Bei den Rillenkugellagern von Wonzh handelt es sich um pr\u00e4zisionsgefertigte Radiallager, die f\u00fcr die Aufnahme von Radial- und moderaten Axiallasten in Hochgeschwindigkeits- und Schwerlast-Industrieanwendungen ausgelegt sind. Hergestellt unter strengen ISO-basierten Qualit\u00e4tskontrollprozessen, bieten diese Lager stabile Rotation, geringe Reibung und ausgezeichnete Haltbarkeit in anspruchsvollen Betriebsumgebungen.<\/p>\n<p data-start=\"1060\" data-end=\"1424\">Durch optimierte W\u00e4rmebehandlung, Pr\u00e4zisionsschleifen und hochwertige Lagerst\u00e4hle wie GCr15 (entspricht AISI 52100) erreichen Wonzh-Rillenkugellager gleichbleibende Ma\u00dfgenauigkeit, reibungslosen Betrieb und lange Lebensdauer. Sie werden h\u00e4ufig in Elektromotoren, Pumpen, Getrieben, Kompressoren, F\u00f6rdersystemen und allgemeinen Industriemaschinen eingesetzt.<\/p>\n<p data-start=\"1426\" data-end=\"1747\">Als erfahrener Lieferant von Industriekomponenten bietet Wonzh sowohl Standardlager als auch kundenspezifische L\u00f6sungen an, um spezifische Last-, Drehzahl-, Temperatur- und Umweltanforderungen zu erf\u00fcllen. Unser Ingenieurteam unterst\u00fctzt Sie bei der Materialauswahl, bei Dichtungsoptionen und bei der Leistungsoptimierung auf der Grundlage der realen Anwendungsbedingungen.<\/p>\n<h2 data-start=\"1754\" data-end=\"1773\"><strong data-start=\"1757\" data-end=\"1773\">Wesentliche Merkmale<\/strong><\/h2>\n<ul data-start=\"1775\" data-end=\"2039\">\n<li data-start=\"1775\" data-end=\"1817\">\n<p data-start=\"1777\" data-end=\"1817\">Hohe Rotationsgenauigkeit und Stabilit\u00e4t<\/p>\n<\/li>\n<li data-start=\"1818\" data-end=\"1858\">\n<p data-start=\"1820\" data-end=\"1858\">Geringe Reibung und reduzierter Energieverlust<\/p>\n<\/li>\n<li data-start=\"1859\" data-end=\"1900\">\n<p data-start=\"1861\" data-end=\"1900\">Hohe Widerstandsf\u00e4higkeit gegen Verschlei\u00df und Erm\u00fcdung<\/p>\n<\/li>\n<li data-start=\"1901\" data-end=\"1951\">\n<p data-start=\"1903\" data-end=\"1951\">Geeignet f\u00fcr Anwendungen mit mittlerer bis hoher Geschwindigkeit<\/p>\n<\/li>\n<li data-start=\"1952\" data-end=\"1994\">\n<p data-start=\"1954\" data-end=\"1994\">Mehrere Dichtungs- und Abschirmungsoptionen<\/p>\n<\/li>\n<li data-start=\"1995\" data-end=\"2039\">\n<p data-start=\"1997\" data-end=\"2039\">Kundenspezifische Materialien und Abst\u00e4nde verf\u00fcgbar<\/p>\n<\/li>\n<\/ul>\n<h2 data-start=\"2046\" data-end=\"2073\"><strong data-start=\"2049\" data-end=\"2073\">Typische Anwendungen<\/strong><\/h2>\n<ul data-start=\"2075\" data-end=\"2262\">\n<li data-start=\"2075\" data-end=\"2094\">\n<p data-start=\"2077\" data-end=\"2094\">Elektrische Motoren<\/p>\n<\/li>\n<li data-start=\"2095\" data-end=\"2120\">\n<p data-start=\"2097\" data-end=\"2120\">Pumpen und Kompressoren<\/p>\n<\/li>\n<li data-start=\"2121\" data-end=\"2145\">\n<p data-start=\"2123\" data-end=\"2145\">Industriegetriebe<\/p>\n<\/li>\n<li data-start=\"2146\" data-end=\"2183\">\n<p data-start=\"2148\" data-end=\"2183\">Bergbau- und Baumaschinen<\/p>\n<\/li>\n<li data-start=\"2184\" data-end=\"2219\">\n<p data-start=\"2186\" data-end=\"2219\">F\u00f6rder- und Automatisierungssysteme<\/p>\n<\/li>\n<li data-start=\"2220\" data-end=\"2262\">\n<p data-start=\"2222\" data-end=\"2262\">Schwermaschinen und Kraft\u00fcbertragung<\/p>\n<\/li>\n<\/ul>\n<h2 data-start=\"2269\" data-end=\"2321\"><strong data-start=\"2272\" data-end=\"2319\">Technische Parameter (repr\u00e4sentativer Bereich)<\/strong><\/h2>\n<div class=\"TyagGW_tableContainer\">\n<div class=\"group TyagGW_tableWrapper flex flex-col-reverse w-fit\" tabindex=\"-1\">\n<table class=\"w-fit min-w-(--thread-content-width)\" data-start=\"2323\" data-end=\"2835\">\n<thead data-start=\"2323\" data-end=\"2360\">\n<tr data-start=\"2323\" data-end=\"2360\">\n<th data-start=\"2323\" data-end=\"2335\" data-col-size=\"sm\">Parameter<\/th>\n<th data-start=\"2335\" data-end=\"2360\" data-col-size=\"md\">Spezifikation \/ Reichweite<\/th>\n<\/tr>\n<\/thead>\n<tbody data-start=\"2371\" data-end=\"2835\">\n<tr data-start=\"2371\" data-end=\"2414\">\n<td data-start=\"2371\" data-end=\"2386\" data-col-size=\"sm\">Lager Typ<\/td>\n<td data-start=\"2386\" data-end=\"2414\" data-col-size=\"md\">Rillenkugellager<\/td>\n<\/tr>\n<tr data-start=\"2415\" data-end=\"2478\">\n<td data-start=\"2415\" data-end=\"2426\" data-col-size=\"sm\">Material<\/td>\n<td data-start=\"2426\" data-end=\"2478\" data-col-size=\"md\">GCr15 (AISI 52100 gleichwertig) oder rostfreier Stahl<\/td>\n<\/tr>\n<tr data-start=\"2479\" data-end=\"2514\">\n<td data-start=\"2479\" data-end=\"2496\" data-col-size=\"sm\">Bohrungsgr\u00f6\u00dfe (ID)<\/td>\n<td data-start=\"2496\" data-end=\"2514\" data-col-size=\"md\">10 mm - 200 mm<\/td>\n<\/tr>\n<tr data-start=\"2515\" data-end=\"2555\">\n<td data-start=\"2515\" data-end=\"2537\" data-col-size=\"sm\">\u00c4u\u00dferer Durchmesser (OD)<\/td>\n<td data-start=\"2537\" data-end=\"2555\" data-col-size=\"md\">26 mm - 360 mm<\/td>\n<\/tr>\n<tr data-start=\"2556\" data-end=\"2595\">\n<td data-start=\"2556\" data-end=\"2568\" data-col-size=\"sm\">Lasttyp<\/td>\n<td data-start=\"2568\" data-end=\"2595\" data-col-size=\"md\">Radial + Moderat Axial<\/td>\n<\/tr>\n<tr data-start=\"2596\" data-end=\"2639\">\n<td data-start=\"2596\" data-end=\"2615\" data-col-size=\"sm\">Geschwindigkeit<\/td>\n<td data-start=\"2615\" data-end=\"2639\" data-col-size=\"md\">Mittlere bis hohe Geschwindigkeit<\/td>\n<\/tr>\n<tr data-start=\"2640\" data-end=\"2683\">\n<td data-start=\"2640\" data-end=\"2664\" data-col-size=\"sm\">Betriebstemperatur<\/td>\n<td data-col-size=\"md\" data-start=\"2664\" data-end=\"2683\">-20\u00b0C bis +120\u00b0C<\/td>\n<\/tr>\n<tr data-start=\"2684\" data-end=\"2736\">\n<td data-start=\"2684\" data-end=\"2705\" data-col-size=\"sm\">Interner Freiraum<\/td>\n<td data-start=\"2705\" data-end=\"2736\" data-col-size=\"md\">C2 \/ C3 \/ C4 (anpassbar)<\/td>\n<\/tr>\n<tr data-start=\"2737\" data-end=\"2803\">\n<td data-start=\"2737\" data-end=\"2755\" data-col-size=\"sm\">Versiegelungsoptionen<\/td>\n<td data-col-size=\"md\" data-start=\"2755\" data-end=\"2803\">Offen \/ ZZ (Metallschild) \/ 2RS (Gummidichtung)<\/td>\n<\/tr>\n<tr data-start=\"2804\" data-end=\"2835\">\n<td data-start=\"2804\" data-end=\"2818\" data-col-size=\"sm\">Schmierung<\/td>\n<td data-col-size=\"md\" data-start=\"2818\" data-end=\"2835\">Schmierfett oder \u00d6l<\/td>\n<\/tr>\n<\/tbody>\n<\/table>\n<\/div>\n<\/div>\n<h2 data-start=\"2842\" data-end=\"2878\"><strong data-start=\"2845\" data-end=\"2878\">Repr\u00e4sentative Modellbeispiele<\/strong><\/h2>\n<p data-start=\"2880\" data-end=\"2941\"><em data-start=\"2880\" data-end=\"2941\">(Nur zu Referenzzwecken - der vollst\u00e4ndige Katalog ist auf Anfrage erh\u00e4ltlich).<\/em><\/p>\n<div class=\"TyagGW_tableContainer\">\n<div class=\"group TyagGW_tableWrapper flex flex-col-reverse w-fit\" tabindex=\"-1\">\n<table class=\"w-fit min-w-(--thread-content-width)\" data-start=\"2943\" data-end=\"3253\">\n<thead data-start=\"2943\" data-end=\"2984\">\n<tr data-start=\"2943\" data-end=\"2984\">\n<th data-start=\"2943\" data-end=\"2952\" data-col-size=\"sm\">Serie<\/th>\n<th data-start=\"2952\" data-end=\"2969\" data-col-size=\"sm\">Beispielhafte Modelle<\/th>\n<th data-start=\"2969\" data-end=\"2984\" data-col-size=\"sm\">Typische Verwendung<\/th>\n<\/tr>\n<\/thead>\n<tbody data-start=\"2999\" data-end=\"3253\">\n<tr data-start=\"2999\" data-end=\"3049\">\n<td data-start=\"2999\" data-end=\"3013\" data-col-size=\"sm\">Serie 6000<\/td>\n<td data-col-size=\"sm\" data-start=\"3013\" data-end=\"3032\">6205, 6206, 6208<\/td>\n<td data-col-size=\"sm\" data-start=\"3032\" data-end=\"3049\">Motoren, Pumpen<\/td>\n<\/tr>\n<tr data-start=\"3050\" data-end=\"3102\">\n<td data-start=\"3050\" data-end=\"3064\" data-col-size=\"sm\">Baureihe 6300<\/td>\n<td data-start=\"3064\" data-end=\"3083\" data-col-size=\"sm\">6306, 6308, 6310<\/td>\n<td data-col-size=\"sm\" data-start=\"3083\" data-end=\"3102\">Schwere Maschinen<\/td>\n<\/tr>\n<tr data-start=\"3103\" data-end=\"3154\">\n<td data-start=\"3103\" data-end=\"3117\" data-col-size=\"sm\">Baureihe 6400<\/td>\n<td data-start=\"3117\" data-end=\"3130\" data-col-size=\"sm\">6405, 6406<\/td>\n<td data-start=\"3130\" data-end=\"3154\" data-col-size=\"sm\">Hochgeschwindigkeitsger\u00e4te<\/td>\n<\/tr>\n<tr data-start=\"3155\" data-end=\"3206\">\n<td data-start=\"3155\" data-end=\"3169\" data-col-size=\"sm\">Serie 6800<\/td>\n<td data-col-size=\"sm\" data-start=\"3169\" data-end=\"3182\">6804, 6806<\/td>\n<td data-col-size=\"sm\" data-start=\"3182\" data-end=\"3206\">Kompakte Anwendungen<\/td>\n<\/tr>\n<tr data-start=\"3207\" data-end=\"3253\">\n<td data-start=\"3207\" data-end=\"3221\" data-col-size=\"sm\">Serie 6900<\/td>\n<td data-start=\"3221\" data-end=\"3234\" data-col-size=\"sm\">6905, 6906<\/td>\n<td data-start=\"3234\" data-end=\"3253\" data-col-size=\"sm\">Leichte Maschinen<\/td>\n<\/tr>\n<\/tbody>\n<\/table>\n<\/div>\n<\/div>\n<p data-start=\"3255\" data-end=\"3351\"><strong data-start=\"3255\" data-end=\"3264\">Anmerkung:<\/strong> Weitere Gr\u00f6\u00dfen, Materialien und kundenspezifische Spezifikationen sind auf Anfrage erh\u00e4ltlich.<\/p>\n<h2 data-start=\"3358\" data-end=\"3381\"><strong data-start=\"3361\" data-end=\"3381\">Warum Wonzh w\u00e4hlen<\/strong><\/h2>\n<ul data-start=\"3383\" data-end=\"3665\">\n<li data-start=\"3383\" data-end=\"3447\">\n<p data-start=\"3385\" data-end=\"3447\">Strenge Qualit\u00e4tskontrolle vom Rohmaterial bis zur Endkontrolle<\/p>\n<\/li>\n<li data-start=\"3448\" data-end=\"3504\">\n<p data-start=\"3450\" data-end=\"3504\">Pr\u00e4zise Fertigung und stabile Chargenkonsistenz<\/p>\n<\/li>\n<li data-start=\"3505\" data-end=\"3553\">\n<p data-start=\"3507\" data-end=\"3553\">Technische Unterst\u00fctzung bei der Anpassung von Anwendungen<\/p>\n<\/li>\n<li data-start=\"3554\" data-end=\"3608\">\n<p data-start=\"3556\" data-end=\"3608\">Kundenspezifisches Design und spezielle Spezifikationen verf\u00fcgbar<\/p>\n<\/li>\n<li data-start=\"3609\" data-end=\"3665\">\n<p data-start=\"3611\" data-end=\"3665\">Zuverl\u00e4ssige Lieferkette und globale Lieferf\u00e4higkeit<\/p>\n<\/li>\n<\/ul>\n<h2 data-start=\"3672\" data-end=\"3713\"><strong data-start=\"3675\" data-end=\"3711\">H\u00e4ufig gestellte Fragen (FAQ)<\/strong><\/h2>\n<h3 data-start=\"3715\" data-end=\"3773\"><strong data-start=\"3719\" data-end=\"3771\">Q1: Wof\u00fcr wird ein Rillenkugellager verwendet?<\/strong><\/h3>\n<p data-start=\"3774\" data-end=\"3987\">Rillenkugellager werden h\u00e4ufig in Elektromotoren, Pumpen, Getrieben, F\u00f6rderanlagen, Kompressoren und allgemeinen Industriemaschinen eingesetzt, da sie sowohl radiale als auch m\u00e4\u00dfige axiale Belastungen bei hohen Drehzahlen aufnehmen k\u00f6nnen.<\/p>\n<h3 data-start=\"3989\" data-end=\"4032\"><strong data-start=\"3993\" data-end=\"4030\">F2: Welche Materialien sind verf\u00fcgbar?<\/strong><\/h3>\n<p data-start=\"4033\" data-end=\"4188\">Standardmaterial ist hochwertiger W\u00e4lzlagerstahl (GCr15 \/ AISI 52100 gleichwertig). Edelstahl und Sonderlegierungen sind auf Anfrage ebenfalls erh\u00e4ltlich.<\/p>\n<h3 data-start=\"4190\" data-end=\"4238\"><strong data-start=\"4194\" data-end=\"4236\">F3: Welche Versiegelungsoptionen bieten Sie an?<\/strong><\/h3>\n<p data-start=\"4239\" data-end=\"4358\">Wir bieten offene Lager, metallgesch\u00fctzte (ZZ) und gummigedichtete (2RS) Versionen f\u00fcr unterschiedliche Betriebsumgebungen an.<\/p>\n<h3 data-start=\"4360\" data-end=\"4410\"><strong data-start=\"4364\" data-end=\"4408\">Q4: K\u00f6nnen Sie kundenspezifische Lager anbieten?<\/strong><\/h3>\n<p data-start=\"4411\" data-end=\"4561\">Ja. Wonzh unterst\u00fctzt kundenspezifische Bohrungsgr\u00f6\u00dfen, Innenabst\u00e4nde (C2\/C3\/C4), spezielle Beschichtungen und Material\u00e4nderungen je nach Anwendungsanforderungen.<\/p>\n<h3 data-start=\"4563\" data-end=\"4624\"><strong data-start=\"4567\" data-end=\"4622\">F5: Sind diese f\u00fcr Hochgeschwindigkeitsanwendungen geeignet?<\/strong><\/h3>\n<p data-start=\"4625\" data-end=\"4758\">Ja. Rillenkugellager geh\u00f6ren bei richtiger Schmierung zu den besten Entscheidungen f\u00fcr industrielle Anwendungen mit mittlerer bis hoher Geschwindigkeit.<\/p>","protected":false},"excerpt":{"rendered":"<p>Rillenkugellager von Wonzh sind pr\u00e4zisionsgefertigte Radiallager, die sowohl radiale als auch m\u00e4\u00dfige axiale Lasten in Hochgeschwindigkeits- und Schwerlastanwendungen aufnehmen k\u00f6nnen.<\/p>","protected":false},"featured_media":1425,"comment_status":"open","ping_status":"closed","template":"","meta":{"site-sidebar-layout":"default","site-content-layout":"","ast-site-content-layout":"default","site-content-style":"default","site-sidebar-style":"default","ast-global-header-display":"","ast-banner-title-visibility":"","ast-main-header-display":"","ast-hfb-above-header-display":"","ast-hfb-below-header-display":"","ast-hfb-mobile-header-display":"","site-post-title":"","ast-breadcrumbs-content":"","ast-featured-img":"","footer-sml-layout":"","ast-disable-related-posts":"","theme-transparent-header-meta":"default","adv-header-id-meta":"","stick-header-meta":"default","header-above-stick-meta":"","header-main-stick-meta":"","header-below-stick-meta":"","astra-migrate-meta-layouts":"set","ast-page-background-enabled":"default","ast-page-background-meta":{"desktop":{"background-color":"","background-image":"","background-repeat":"repeat","background-position":"center center","background-size":"auto","background-attachment":"scroll","background-type":"","background-media":"","overlay-type":"","overlay-color":"","overlay-opacity":"","overlay-gradient":""},"tablet":{"background-color":"","background-image":"","background-repeat":"repeat","background-position":"center center","background-size":"auto","background-attachment":"scroll","background-type":"","background-media":"","overlay-type":"","overlay-color":"","overlay-opacity":"","overlay-gradient":""},"mobile":{"background-color":"","background-image":"","background-repeat":"repeat","background-position":"center center","background-size":"auto","background-attachment":"scroll","background-type":"","background-media":"","overlay-type":"","overlay-color":"","overlay-opacity":"","overlay-gradient":""}},"ast-content-background-meta":{"desktop":{"background-color":"var(--ast-global-color-5)","background-image":"","background-repeat":"repeat","background-position":"center center","background-size":"auto","background-attachment":"scroll","background-type":"","background-media":"","overlay-type":"","overlay-color":"","overlay-opacity":"","overlay-gradient":""},"tablet":{"background-color":"var(--ast-global-color-5)","background-image":"","background-repeat":"repeat","background-position":"center center","background-size":"auto","background-attachment":"scroll","background-type":"","background-media":"","overlay-type":"","overlay-color":"","overlay-opacity":"","overlay-gradient":""},"mobile":{"background-color":"var(--ast-global-color-5)","background-image":"","background-repeat":"repeat","background-position":"center center","background-size":"auto","background-attachment":"scroll","background-type":"","background-media":"","overlay-type":"","overlay-color":"","overlay-opacity":"","overlay-gradient":""}}},"product_brand":[],"product_cat":[15],"product_tag":[141,140,148,144,135,139,145,138,136,152,150,151,146,154,153,143,149,147,137,142],"class_list":{"0":"post-1424","1":"product","2":"type-product","3":"status-publish","4":"has-post-thumbnail","6":"product_cat-bearings-bearing-components","7":"product_tag-2rs-bearing","8":"product_tag-aisi-52100-bearing","9":"product_tag-bearing-manufacturer-china","10":"product_tag-custom-bearings","11":"product_tag-deep-groove-ball-bearing","12":"product_tag-gcr15-bearing","13":"product_tag-heavy-machinery-bearings","14":"product_tag-high-speed-bearings","15":"product_tag-industrial-bearings","16":"product_tag-industrial-components","17":"product_tag-iso-quality-bearings","18":"product_tag-low-friction-bearings","19":"product_tag-motor-bearings","20":"product_tag-mro-bearings","21":"product_tag-oem-bearings","22":"product_tag-open-bearing","23":"product_tag-precision-bearings","24":"product_tag-pump-bearings","25":"product_tag-radial-bearings","26":"product_tag-zz-bearing","27":"desktop-align-left","28":"tablet-align-left","29":"mobile-align-left","31":"first","32":"instock","33":"shipping-taxable","34":"product-type-simple"},"_links":{"self":[{"href":"https:\/\/www.wonzh.com\/de\/wp-json\/wp\/v2\/product\/1424","targetHints":{"allow":["GET"]}}],"collection":[{"href":"https:\/\/www.wonzh.com\/de\/wp-json\/wp\/v2\/product"}],"about":[{"href":"https:\/\/www.wonzh.com\/de\/wp-json\/wp\/v2\/types\/product"}],"replies":[{"embeddable":true,"href":"https:\/\/www.wonzh.com\/de\/wp-json\/wp\/v2\/comments?post=1424"}],"wp:featuredmedia":[{"embeddable":true,"href":"https:\/\/www.wonzh.com\/de\/wp-json\/wp\/v2\/media\/1425"}],"wp:attachment":[{"href":"https:\/\/www.wonzh.com\/de\/wp-json\/wp\/v2\/media?parent=1424"}],"wp:term":[{"taxonomy":"product_brand","embeddable":true,"href":"https:\/\/www.wonzh.com\/de\/wp-json\/wp\/v2\/product_brand?post=1424"},{"taxonomy":"product_cat","embeddable":true,"href":"https:\/\/www.wonzh.com\/de\/wp-json\/wp\/v2\/product_cat?post=1424"},{"taxonomy":"product_tag","embeddable":true,"href":"https:\/\/www.wonzh.com\/de\/wp-json\/wp\/v2\/product_tag?post=1424"}],"curies":[{"name":"wp","href":"https:\/\/api.w.org\/{rel}","templated":true}]}}