{"id":2155,"date":"2026-04-29T15:46:24","date_gmt":"2026-04-29T15:46:24","guid":{"rendered":"https:\/\/www.wonzh.com\/?post_type=product&#038;p=2155"},"modified":"2026-04-29T15:46:25","modified_gmt":"2026-04-29T15:46:25","slug":"dfw-series-cable-branch-box-outdoor-indoor-underground-fully-insulated-cable-distribution-junction-box-for-power-cable-network-system","status":"publish","type":"product","link":"https:\/\/www.wonzh.com\/cs\/product\/dfw-series-cable-branch-box-outdoor-indoor-underground-fully-insulated-cable-distribution-junction-box-for-power-cable-network-system\/","title":{"rendered":"Kabelov\u00e1 odbo\u010dn\u00e1 sk\u0159\u00ed\u0148ka \u0159ady DFW (venkovn\u00ed\/vnit\u0159n\u00ed\/podzemn\u00ed pln\u011b izolovan\u00e1 kabelov\u00e1 rozvodn\u00e1 sk\u0159\u00ed\u0148ka pro s\u00ed\u0165ov\u00fd syst\u00e9m nap\u00e1jec\u00edch kabel\u016f)"},"content":{"rendered":"<p data-start=\"267\" data-end=\"438\">Kabelov\u00e1 rozbo\u010dovac\u00ed sk\u0159\u00ed\u0148 \u0159ady DFW je univerz\u00e1ln\u00ed za\u0159\u00edzen\u00ed pro rozvod a p\u0159ipojen\u00ed kabel\u016f st\u0159edn\u00edho a n\u00edzk\u00e9ho nap\u011bt\u00ed, ur\u010den\u00e9 pro modern\u00ed syst\u00e9my silov\u00fdch kabelov\u00fdch s\u00edt\u00ed.<\/p>\n<p data-start=\"440\" data-end=\"483\">Je k dispozici ve v\u00edce konfigurac\u00edch:<\/p>\n<ul data-start=\"484\" data-end=\"585\">\n<li data-section-id=\"1b1rycm\" data-start=\"484\" data-end=\"518\">Americk\u00fd typ kabelov\u00e9 odbo\u010dky<\/li>\n<li data-section-id=\"4zhipb\" data-start=\"519\" data-end=\"553\">Kabelov\u00e1 odbo\u010dn\u00e1 sk\u0159\u00ed\u0148ka evropsk\u00e9ho typu<\/li>\n<li data-section-id=\"1y53ypx\" data-start=\"554\" data-end=\"585\">Odbo\u010dn\u00e1 sk\u0159\u00ed\u0148ka typu sp\u00edna\u010d z\u00e1t\u011b\u017ee<\/li>\n<\/ul>\n<p data-start=\"587\" data-end=\"610\">Lze jej instalovat do:<\/p>\n<ul data-start=\"611\" data-end=\"688\">\n<li data-section-id=\"ogmok6\" data-start=\"611\" data-end=\"635\">Venkovn\u00ed prost\u0159ed\u00ed<\/li>\n<li data-section-id=\"1ga8o2c\" data-start=\"636\" data-end=\"658\">Vnit\u0159n\u00ed rozvodny<\/li>\n<li data-section-id=\"4gvg0a\" data-start=\"659\" data-end=\"688\">Podzemn\u00ed instalace<\/li>\n<\/ul>\n<p data-start=\"690\" data-end=\"738\">Syst\u00e9m slou\u017e\u00ed k propojen\u00ed nap\u00e1jec\u00edch kabel\u016f s:<\/p>\n<ul data-start=\"739\" data-end=\"850\">\n<li data-section-id=\"1wb0xsk\" data-start=\"739\" data-end=\"767\">Transform\u00e1tory montovan\u00e9 na podlo\u017eku<\/li>\n<li data-section-id=\"204qt5\" data-start=\"768\" data-end=\"792\">Sp\u00ednac\u00ed sk\u0159\u00ed\u0148ky z\u00e1t\u011b\u017ee<\/li>\n<li data-section-id=\"1n6bpa2\" data-start=\"793\" data-end=\"824\">Pojistkov\u00e9 kombinovan\u00e9 rozv\u00e1d\u011b\u010de<\/li>\n<li data-section-id=\"1nbsyjz\" data-start=\"825\" data-end=\"850\">Kruhov\u00e9 hlavn\u00ed jednotky (RMU)<\/li>\n<\/ul>\n<p data-start=\"852\" data-end=\"955\">\ud83d\udc49 Zaji\u0161\u0165uje funkce v\u011btven\u00ed, distribuce, p\u0159enosu a propojen\u00ed nap\u00e1jec\u00edch kabel\u016f.<\/p>\n<hr data-start=\"957\" data-end=\"960\" \/>\n<h2 data-section-id=\"17fvu7l\" data-start=\"962\" data-end=\"980\">\ud83d\udd39 Kl\u00ed\u010dov\u00e9 funkce<\/h2>\n<h3 data-section-id=\"83kma6\" data-start=\"982\" data-end=\"1022\">\u2714 Flexibiln\u00ed integrace kabelov\u00e9 s\u00edt\u011b<\/h3>\n<ul data-start=\"1023\" data-end=\"1127\">\n<li data-section-id=\"1xveqe0\" data-start=\"1023\" data-end=\"1076\">Podporuje v\u00edce konfigurac\u00ed kabelov\u00e9ho p\u0159ipojen\u00ed<\/li>\n<li data-section-id=\"qn3ivt\" data-start=\"1077\" data-end=\"1127\">Kompatibiln\u00ed s r\u016fzn\u00fdmi distribu\u010dn\u00edmi za\u0159\u00edzen\u00edmi<\/li>\n<\/ul>\n<p data-start=\"1129\" data-end=\"1174\">\ud83d\udc49 Umo\u017e\u0148uje flexibiln\u00ed roz\u0161\u00ed\u0159en\u00ed nap\u00e1jec\u00ed s\u00edt\u011b<\/p>\n<hr data-start=\"1176\" data-end=\"1179\" \/>\n<h3 data-section-id=\"eb4elr\" data-start=\"1181\" data-end=\"1218\">\u2714 Pln\u011b izolovan\u00fd a ut\u011bsn\u011bn\u00fd design<\/h3>\n<ul data-start=\"1219\" data-end=\"1318\">\n<li data-section-id=\"j9zwqu\" data-start=\"1219\" data-end=\"1256\">P\u0159edlisovan\u00fd syst\u00e9m kabelov\u00fdch konektor\u016f<\/li>\n<li data-section-id=\"7jmlji\" data-start=\"1257\" data-end=\"1286\">Pln\u011b izolovan\u00e1 konstrukce<\/li>\n<li data-section-id=\"1p7zya\" data-start=\"1287\" data-end=\"1318\">Pln\u011b ut\u011bsn\u011bn\u00e9 a vodot\u011bsn\u00e9<\/li>\n<\/ul>\n<p data-start=\"1320\" data-end=\"1369\">\ud83d\udc49 Zaji\u0161\u0165uje bezpe\u010dn\u00fd provoz v n\u00e1ro\u010dn\u00fdch podm\u00ednk\u00e1ch<\/p>\n<hr data-start=\"1371\" data-end=\"1374\" \/>\n<h3 data-section-id=\"11uvrqb\" data-start=\"1376\" data-end=\"1408\">\u2714 Bez\u00fadr\u017ebov\u00fd provoz<\/h3>\n<ul data-start=\"1409\" data-end=\"1473\">\n<li data-section-id=\"1s9s2lf\" data-start=\"1409\" data-end=\"1444\">Nen\u00ed nutn\u00e1 b\u011b\u017en\u00e1 \u00fadr\u017eba<\/li>\n<li data-section-id=\"3m3xcb\" data-start=\"1445\" data-end=\"1473\">Konstrukce s dlouhou \u017eivotnost\u00ed<\/li>\n<\/ul>\n<p data-start=\"1475\" data-end=\"1518\">\ud83d\udc49 Sni\u017euje n\u00e1klady na provoz a \u00fadr\u017ebu<\/p>\n<hr data-start=\"1520\" data-end=\"1523\" \/>\n<h3 data-section-id=\"1yk88wo\" data-start=\"1525\" data-end=\"1554\">\u2714 Vysok\u00fd bezpe\u010dnostn\u00ed v\u00fdkon<\/h3>\n<ul data-start=\"1555\" data-end=\"1668\">\n<li data-section-id=\"1sbxal4\" data-start=\"1555\" data-end=\"1590\">Dotykem bezpe\u010dn\u00e9 izolovan\u00e9 konektory<\/li>\n<li data-section-id=\"1j4yelu\" data-start=\"1591\" data-end=\"1626\">Vodot\u011bsn\u00e9 a prachot\u011bsn\u00e9 proveden\u00ed<\/li>\n<li data-section-id=\"xrwnq4\" data-start=\"1627\" data-end=\"1668\">Vysok\u00e1 spolehlivost p\u0159i venkovn\u00edm provozu<\/li>\n<\/ul>\n<hr data-start=\"1670\" data-end=\"1673\" \/>\n<h3 data-section-id=\"5ae8zy\" data-start=\"1675\" data-end=\"1710\">\u2714 V\u00edce mo\u017enost\u00ed instalace<\/h3>\n<ul data-start=\"1711\" data-end=\"1789\">\n<li data-section-id=\"1psv4z0\" data-start=\"1711\" data-end=\"1729\">Pozemn\u00ed instalace<\/li>\n<li data-section-id=\"15dtqpx\" data-start=\"1730\" data-end=\"1753\">Vnit\u0159n\u00ed instalace<\/li>\n<li data-section-id=\"drzzpw\" data-start=\"1754\" data-end=\"1789\">Podzemn\u00ed instalace v zemi<\/li>\n<\/ul>\n<p data-start=\"1791\" data-end=\"1840\">\ud83d\udc49 Vhodn\u00e9 pro r\u016fzn\u00e9 technick\u00e9 sc\u00e9n\u00e1\u0159e<\/p>\n<hr data-start=\"1842\" data-end=\"1845\" \/>\n<h3 data-section-id=\"lo4pv\" data-start=\"1847\" data-end=\"1871\">\u2714 \u0160irok\u00e1 kompatibilita<\/h3>\n<p data-start=\"1872\" data-end=\"1889\">M\u016f\u017ee se spojit s:<\/p>\n<ul data-start=\"1890\" data-end=\"2006\">\n<li data-section-id=\"9e8jry\" data-start=\"1890\" data-end=\"1917\">Transform\u00e1torov\u00e9 stanice<\/li>\n<li data-section-id=\"204qt5\" data-start=\"1918\" data-end=\"1942\">Sp\u00ednac\u00ed sk\u0159\u00ed\u0148ky z\u00e1t\u011b\u017ee<\/li>\n<li data-section-id=\"17bv308\" data-start=\"1943\" data-end=\"1971\">Syst\u00e9my kruhov\u00e9 s\u00edt\u011b RMU<\/li>\n<li data-section-id=\"1hei0ww\" data-start=\"1972\" data-end=\"2006\">Kombinovan\u00e9 elektrick\u00e9 rozv\u00e1d\u011b\u010de<\/li>\n<\/ul>\n<hr data-start=\"2008\" data-end=\"2011\" \/>\n<h2 data-section-id=\"1hq6i26\" data-start=\"2013\" data-end=\"2036\">\ud83d\udd39 Konstruk\u010dn\u00ed n\u00e1vrh<\/h2>\n<h3 data-section-id=\"1y35nqk\" data-start=\"2038\" data-end=\"2067\">\ud83d\udd38 Syst\u00e9m kabelov\u00fdch konektor\u016f<\/h3>\n<ul data-start=\"2068\" data-end=\"2151\">\n<li data-section-id=\"alh734\" data-start=\"2068\" data-end=\"2103\">P\u0159edlisovan\u00e9 izolovan\u00e9 konektory<\/li>\n<li data-section-id=\"1c3b4xr\" data-start=\"2104\" data-end=\"2151\">K dispozici je v\u00edce velikost\u00ed a konfigurac\u00ed<\/li>\n<\/ul>\n<hr data-start=\"2153\" data-end=\"2156\" \/>\n<h3 data-section-id=\"10wxqng\" data-start=\"2158\" data-end=\"2184\">\ud83d\udd38 Struktura sk\u0159\u00edn\u011b<\/h3>\n<ul data-start=\"2185\" data-end=\"2286\">\n<li data-section-id=\"3ajclp\" data-start=\"2185\" data-end=\"2214\">Pouzdro odoln\u00e9 proti pov\u011btrnostn\u00edm vliv\u016fm<\/li>\n<li data-section-id=\"1twjtjg\" data-start=\"2215\" data-end=\"2244\">Antikorozn\u00ed ochrana<\/li>\n<li data-section-id=\"127ycka\" data-start=\"2245\" data-end=\"2286\">Vhodn\u00e9 do n\u00e1ro\u010dn\u00fdch venkovn\u00edch podm\u00ednek<\/li>\n<\/ul>\n<hr data-start=\"2288\" data-end=\"2291\" \/>\n<h3 data-section-id=\"1u5i8v2\" data-start=\"2293\" data-end=\"2317\">\ud83d\udd38 Funk\u010dn\u00ed design<\/h3>\n<ul data-start=\"2318\" data-end=\"2406\">\n<li data-section-id=\"1wjoi39\" data-start=\"2318\" data-end=\"2337\">V\u011btven\u00ed kabel\u016f<\/li>\n<li data-section-id=\"1nucvvf\" data-start=\"2338\" data-end=\"2360\">Kabelov\u00e9 rozvody<\/li>\n<li data-section-id=\"1o2p1be\" data-start=\"2361\" data-end=\"2379\">Kabelov\u00fd p\u0159enos<\/li>\n<li data-section-id=\"koqqbj\" data-start=\"2380\" data-end=\"2406\">Propojen\u00ed syst\u00e9mu<\/li>\n<\/ul>\n<hr data-start=\"2408\" data-end=\"2411\" \/>\n<h2 data-section-id=\"15du31k\" data-start=\"2413\" data-end=\"2431\">\ud83d\udd39 Aplikace<\/h2>\n<p data-start=\"2433\" data-end=\"2476\">Kabelov\u00e1 odbo\u010dka DFW se \u0161iroce pou\u017e\u00edv\u00e1 v:<\/p>\n<ul data-start=\"2478\" data-end=\"2684\">\n<li data-section-id=\"cptaoa\" data-start=\"2478\" data-end=\"2515\">M\u011bstsk\u00e9 rozvodn\u00e9 s\u00edt\u011b<\/li>\n<li data-section-id=\"16vuyds\" data-start=\"2516\" data-end=\"2544\">Pr\u016fmyslov\u00e9 kabelov\u00e9 syst\u00e9my<\/li>\n<li data-section-id=\"zs3gyb\" data-start=\"2545\" data-end=\"2586\">Bytov\u00e1 elektrick\u00e1 infrastruktura<\/li>\n<li data-section-id=\"hfihxt\" data-start=\"2587\" data-end=\"2611\">Komer\u010dn\u00ed budovy<\/li>\n<li data-section-id=\"rysg9z\" data-start=\"2612\" data-end=\"2653\">Syst\u00e9my distribuce energie z obnoviteln\u00fdch zdroj\u016f<\/li>\n<li data-section-id=\"7b60u9\" data-start=\"2654\" data-end=\"2684\">Podzemn\u00ed kabelov\u00e9 s\u00edt\u011b<\/li>\n<\/ul>\n<hr data-start=\"2686\" data-end=\"2689\" \/>\n<h2 data-section-id=\"1rg4wz9\" data-start=\"2691\" data-end=\"2715\">\ud83d\udd39 P\u0159ehled v\u00fdhod<\/h2>\n<ul data-start=\"2717\" data-end=\"2982\">\n<li data-section-id=\"1cqn87z\" data-start=\"2717\" data-end=\"2757\">Pln\u011b izolovan\u00e1 a ut\u011bsn\u011bn\u00e1 konstrukce<\/li>\n<li data-section-id=\"yjho9c\" data-start=\"2758\" data-end=\"2803\">Bezpe\u010dn\u00fd a spolehliv\u00fd syst\u00e9m kabelov\u00e9ho p\u0159ipojen\u00ed<\/li>\n<li data-section-id=\"phyv7z\" data-start=\"2804\" data-end=\"2851\">Flexibiln\u00ed v\u00edcesm\u011brn\u00e9 kabelov\u00e9 rozvody<\/li>\n<li data-section-id=\"sjf3fy\" data-start=\"2852\" data-end=\"2905\">Vhodn\u00e9 pro vnit\u0159n\u00ed, venkovn\u00ed i podzemn\u00ed pou\u017eit\u00ed<\/li>\n<li data-section-id=\"1ysv9yx\" data-start=\"2906\" data-end=\"2936\">Bez\u00fadr\u017ebov\u00fd provoz<\/li>\n<li data-section-id=\"1azmre0\" data-start=\"2937\" data-end=\"2982\">Ide\u00e1ln\u00ed pro modern\u00ed kabelov\u00e9 s\u00ed\u0165ov\u00e9 syst\u00e9my<\/li>\n<\/ul>\n<hr data-start=\"2984\" data-end=\"2987\" \/>\n<h1 data-section-id=\"1lxd8kj\" data-start=\"2989\" data-end=\"2996\">\u2753 \u010cASTO KLADEN\u00c9 OT\u00c1ZKY<\/h1>\n<h3 data-section-id=\"10d5nh0\" data-start=\"2998\" data-end=\"3046\">1\ufe0f\u20e3 K \u010demu slou\u017e\u00ed kabelov\u00e1 odbo\u010dka DFW?<\/h3>\n<p data-start=\"3048\" data-end=\"3145\">Pou\u017e\u00edv\u00e1 se pro:<br \/>\n\ud83d\udc49 Kabelov\u00e9 rozvody, v\u011btven\u00ed a propojen\u00ed v silov\u00fdch kabelov\u00fdch s\u00edt\u00edch<\/p>\n<hr data-start=\"3147\" data-end=\"3150\" \/>\n<h3 data-section-id=\"m8r8u4\" data-start=\"3152\" data-end=\"3192\">2\ufe0f\u20e3 Lze jej instalovat pod zem?<\/h3>\n<p data-start=\"3194\" data-end=\"3262\">Ano, podporuje:<br \/>\n\ud83d\udc49 Venkovn\u00ed, vnit\u0159n\u00ed a podzemn\u00ed instalace<\/p>\n<hr data-start=\"3264\" data-end=\"3267\" \/>\n<h3 data-section-id=\"3v9qy9\" data-start=\"3269\" data-end=\"3312\">3\ufe0f\u20e3 Je syst\u00e9m bezpe\u010dn\u00fd pro venkovn\u00ed pou\u017eit\u00ed?<\/h3>\n<p data-start=\"3314\" data-end=\"3331\">Ano, obsahuje:<\/p>\n<ul data-start=\"3332\" data-end=\"3420\">\n<li data-section-id=\"1rm48rt\" data-start=\"3332\" data-end=\"3358\">Pln\u011b izolovan\u00e1 konstrukce<\/li>\n<li data-section-id=\"1n1cccd\" data-start=\"3359\" data-end=\"3394\">Vodot\u011bsn\u00e1 a ut\u011bsn\u011bn\u00e1 konstrukce<\/li>\n<li data-section-id=\"rm0pq9\" data-start=\"3395\" data-end=\"3420\">Konektory bezpe\u010dn\u00e9 proti dotyku<\/li>\n<\/ul>\n<hr data-start=\"3422\" data-end=\"3425\" \/>\n<h3 data-section-id=\"b3qzgx\" data-start=\"3427\" data-end=\"3463\">4\ufe0f\u20e3 Vy\u017eaduje \u00fadr\u017ebu?<\/h3>\n<p data-start=\"3465\" data-end=\"3529\">Ne, je:<br \/>\n\ud83d\udc49 Bez\u00fadr\u017ebov\u00e9 proveden\u00ed s dlouhou \u017eivotnost\u00ed<\/p>\n<hr data-start=\"3531\" data-end=\"3534\" \/>\n<h3 data-section-id=\"17drfyl\" data-start=\"3536\" data-end=\"3579\">5\ufe0f\u20e3 K jak\u00e9mu za\u0159\u00edzen\u00ed se m\u016f\u017ee p\u0159ipojit?<\/h3>\n<p data-start=\"3581\" data-end=\"3604\">Lze jej p\u0159ipojit k:<\/p>\n<ul data-start=\"3605\" data-end=\"3704\">\n<li data-section-id=\"nqkthc\" data-start=\"3605\" data-end=\"3621\">Transformers<\/li>\n<li data-section-id=\"h6gab3\" data-start=\"3622\" data-end=\"3647\">RMU (Ring Main Units)<\/li>\n<li data-section-id=\"204qt5\" data-start=\"3648\" data-end=\"3672\">Sp\u00ednac\u00ed sk\u0159\u00ed\u0148ky z\u00e1t\u011b\u017ee<\/li>\n<li data-section-id=\"rbnifp\" data-start=\"3673\" data-end=\"3704\">Kombinovan\u00e9 elektrick\u00e9 syst\u00e9my<\/li>\n<\/ul>","protected":false},"excerpt":{"rendered":"<p data-start=\"267\" data-end=\"438\">Kabelov\u00e1 rozbo\u010dovac\u00ed sk\u0159\u00ed\u0148 \u0159ady DFW je univerz\u00e1ln\u00ed za\u0159\u00edzen\u00ed pro rozvod a p\u0159ipojen\u00ed kabel\u016f st\u0159edn\u00edho a n\u00edzk\u00e9ho nap\u011bt\u00ed, ur\u010den\u00e9 pro modern\u00ed syst\u00e9my silov\u00fdch kabelov\u00fdch s\u00edt\u00ed.<\/p>\n<p data-start=\"440\" data-end=\"483\">Je k dispozici ve v\u00edce konfigurac\u00edch:<\/p>\n<ul data-start=\"484\" data-end=\"585\">\n<li data-section-id=\"1b1rycm\" data-start=\"484\" data-end=\"518\">Americk\u00fd typ kabelov\u00e9 odbo\u010dky<\/li>\n<li data-section-id=\"4zhipb\" data-start=\"519\" data-end=\"553\">Kabelov\u00e1 odbo\u010dn\u00e1 sk\u0159\u00ed\u0148ka evropsk\u00e9ho typu<\/li>\n<li data-section-id=\"1y53ypx\" data-start=\"554\" data-end=\"585\">Odbo\u010dn\u00e1 sk\u0159\u00ed\u0148ka typu sp\u00edna\u010d z\u00e1t\u011b\u017ee<\/li>\n<\/ul>","protected":false},"featured_media":2158,"comment_status":"open","ping_status":"closed","template":"","meta":{"site-sidebar-layout":"default","site-content-layout":"","ast-site-content-layout":"default","site-content-style":"default","site-sidebar-style":"default","ast-global-header-display":"","ast-banner-title-visibility":"","ast-main-header-display":"","ast-hfb-above-header-display":"","ast-hfb-below-header-display":"","ast-hfb-mobile-header-display":"","site-post-title":"","ast-breadcrumbs-content":"","ast-featured-img":"","footer-sml-layout":"","ast-disable-related-posts":"","theme-transparent-header-meta":"default","adv-header-id-meta":"","stick-header-meta":"","header-above-stick-meta":"","header-main-stick-meta":"","header-below-stick-meta":"","astra-migrate-meta-layouts":"set","ast-page-background-enabled":"default","ast-page-background-meta":{"desktop":{"background-color":"","background-image":"","background-repeat":"repeat","background-position":"center center","background-size":"auto","background-attachment":"scroll","background-type":"","background-media":"","overlay-type":"","overlay-color":"","overlay-opacity":"","overlay-gradient":""},"tablet":{"background-color":"","background-image":"","background-repeat":"repeat","background-position":"center center","background-size":"auto","background-attachment":"scroll","background-type":"","background-media":"","overlay-type":"","overlay-color":"","overlay-opacity":"","overlay-gradient":""},"mobile":{"background-color":"","background-image":"","background-repeat":"repeat","background-position":"center center","background-size":"auto","background-attachment":"scroll","background-type":"","background-media":"","overlay-type":"","overlay-color":"","overlay-opacity":"","overlay-gradient":""}},"ast-content-background-meta":{"desktop":{"background-color":"var(--ast-global-color-5)","background-image":"","background-repeat":"repeat","background-position":"center center","background-size":"auto","background-attachment":"scroll","background-type":"","background-media":"","overlay-type":"","overlay-color":"","overlay-opacity":"","overlay-gradient":""},"tablet":{"background-color":"var(--ast-global-color-5)","background-image":"","background-repeat":"repeat","background-position":"center center","background-size":"auto","background-attachment":"scroll","background-type":"","background-media":"","overlay-type":"","overlay-color":"","overlay-opacity":"","overlay-gradient":""},"mobile":{"background-color":"var(--ast-global-color-5)","background-image":"","background-repeat":"repeat","background-position":"center center","background-size":"auto","background-attachment":"scroll","background-type":"","background-media":"","overlay-type":"","overlay-color":"","overlay-opacity":"","overlay-gradient":""}}},"product_brand":[],"product_cat":[2036,2032],"product_tag":[2164,2165,2163,2170,2167,2171,2169,2166,2172,2168],"class_list":{"0":"post-2155","1":"product","2":"type-product","3":"status-publish","4":"has-post-thumbnail","6":"product_cat-renewable-energy-products","7":"product_cat-electrical-equipment","8":"product_tag-cable-distribution-box","9":"product_tag-cable-junction-box","10":"product_tag-dfw-cable-branch-box","11":"product_tag-electrical-cable-network-equipment","12":"product_tag-fully-insulated-cable-box","13":"product_tag-medium-voltage-cable-system","14":"product_tag-outdoor-cable-branch-cabinet","15":"product_tag-power-cable-branch-system","16":"product_tag-power-distribution-accessories","17":"product_tag-underground-cable-distribution-box","18":"desktop-align-left","19":"tablet-align-left","20":"mobile-align-left","22":"first","23":"instock","24":"shipping-taxable","25":"product-type-simple"},"_links":{"self":[{"href":"https:\/\/www.wonzh.com\/cs\/wp-json\/wp\/v2\/product\/2155","targetHints":{"allow":["GET"]}}],"collection":[{"href":"https:\/\/www.wonzh.com\/cs\/wp-json\/wp\/v2\/product"}],"about":[{"href":"https:\/\/www.wonzh.com\/cs\/wp-json\/wp\/v2\/types\/product"}],"replies":[{"embeddable":true,"href":"https:\/\/www.wonzh.com\/cs\/wp-json\/wp\/v2\/comments?post=2155"}],"wp:featuredmedia":[{"embeddable":true,"href":"https:\/\/www.wonzh.com\/cs\/wp-json\/wp\/v2\/media\/2158"}],"wp:attachment":[{"href":"https:\/\/www.wonzh.com\/cs\/wp-json\/wp\/v2\/media?parent=2155"}],"wp:term":[{"taxonomy":"product_brand","embeddable":true,"href":"https:\/\/www.wonzh.com\/cs\/wp-json\/wp\/v2\/product_brand?post=2155"},{"taxonomy":"product_cat","embeddable":true,"href":"https:\/\/www.wonzh.com\/cs\/wp-json\/wp\/v2\/product_cat?post=2155"},{"taxonomy":"product_tag","embeddable":true,"href":"https:\/\/www.wonzh.com\/cs\/wp-json\/wp\/v2\/product_tag?post=2155"}],"curies":[{"name":"wp","href":"https:\/\/api.w.org\/{rel}","templated":true}]}}