{"id":2153,"date":"2026-04-29T15:31:51","date_gmt":"2026-04-29T15:31:51","guid":{"rendered":"https:\/\/www.wonzh.com\/?post_type=product&#038;p=2153"},"modified":"2026-04-29T15:31:53","modified_gmt":"2026-04-29T15:31:53","slug":"zgs13-wind-solar-power-pad-mounted-step-up-transformer-0-69kv-to-10kv-35kv-compact-substation-transformer-for-renewable-energy-systems","status":"publish","type":"product","link":"https:\/\/www.wonzh.com\/cs\/product\/zgs13-wind-solar-power-pad-mounted-step-up-transformer-0-69kv-to-10kv-35kv-compact-substation-transformer-for-renewable-energy-systems\/","title":{"rendered":"ZGS13 V\u011btrn\u00fd a sol\u00e1rn\u00ed transform\u00e1tor (0,69kV a\u017e 10kV \/ 35kV kompaktn\u00ed rozvodn\u00fd transform\u00e1tor pro syst\u00e9my obnoviteln\u00fdch zdroj\u016f energie)"},"content":{"rendered":"<p data-start=\"283\" data-end=\"466\">V\u011btrn\u00fd a sol\u00e1rn\u00ed transform\u00e1tor \u0159ady ZGS13 je integrovan\u00e1 kompaktn\u00ed transform\u00e1torov\u00e1 jednotka typu rozvodny ur\u010den\u00e1 pro syst\u00e9my v\u00fdroby energie z obnoviteln\u00fdch zdroj\u016f.<\/p>\n<p data-start=\"468\" data-end=\"532\">Spojuje n\u00e1sleduj\u00edc\u00ed komponenty do jedn\u00e9 kompaktn\u00ed struktury:<\/p>\n<ul data-start=\"533\" data-end=\"630\">\n<li data-section-id=\"159gwlz\" data-start=\"533\" data-end=\"565\">J\u00e1dro a vinut\u00ed transform\u00e1toru<\/li>\n<li data-section-id=\"1nd1vfv\" data-start=\"566\" data-end=\"580\">Rozv\u00e1d\u011b\u010de<\/li>\n<li data-section-id=\"1gutmwu\" data-start=\"581\" data-end=\"590\">Pojistky<\/li>\n<li data-section-id=\"1b2jgah\" data-start=\"591\" data-end=\"606\">M\u011bni\u010d kohoutk\u016f<\/li>\n<li data-section-id=\"1d1nt9k\" data-start=\"607\" data-end=\"630\">Pomocn\u00e9 vybaven\u00ed<\/li>\n<\/ul>\n<p data-start=\"632\" data-end=\"762\">Jednotka pou\u017e\u00edv\u00e1 jako izolaci i chladic\u00ed m\u00e9dium transform\u00e1torov\u00fd izola\u010dn\u00ed olej, kter\u00fd zaji\u0161\u0165uje vysokou \u00fa\u010dinnost a stabiln\u00ed provoz.<\/p>\n<p data-start=\"764\" data-end=\"889\">Je ur\u010den k p\u0159em\u011bn\u011b vyroben\u00e9 energie z:<br \/>\n\ud83d\udc49 0,69kV (0,27-1,14kV)<br data-start=\"839\" data-end=\"842\" \/>na<br data-start=\"846\" data-end=\"849\" \/>\ud83d\udc49 10kV nebo 35kV st\u0159edn\u00ed nap\u011b\u0165ov\u00e1 hladina<\/p>\n<p data-start=\"891\" data-end=\"954\">pro p\u0159enos po s\u00edti prost\u0159ednictv\u00edm podzemn\u00edch kabel\u016f nebo nadzemn\u00edho veden\u00ed.<\/p>\n<hr data-start=\"956\" data-end=\"959\" \/>\n<h2 data-section-id=\"lmz2ep\" data-start=\"961\" data-end=\"984\">\ud83d\udd39 Rozsah pou\u017eit\u00ed<\/h2>\n<p data-start=\"986\" data-end=\"1001\">\u0160irok\u00e9 pou\u017eit\u00ed v:<\/p>\n<ul data-start=\"1002\" data-end=\"1152\">\n<li data-section-id=\"2kgmpf\" data-start=\"1002\" data-end=\"1035\">Syst\u00e9my v\u00fdroby v\u011btrn\u00e9 energie<\/li>\n<li data-section-id=\"aj1s75\" data-start=\"1036\" data-end=\"1076\">Sol\u00e1rn\u00ed fotovoltaick\u00e9 elektr\u00e1rny (FVE)<\/li>\n<li data-section-id=\"x0107k\" data-start=\"1077\" data-end=\"1120\">Podstanice pro sb\u011br obnoviteln\u00e9 energie<\/li>\n<li data-section-id=\"dyo4pr\" data-start=\"1121\" data-end=\"1152\">Projekty distribuovan\u00e9 energie<\/li>\n<\/ul>\n<hr data-start=\"1154\" data-end=\"1157\" \/>\n<h2 data-section-id=\"17fvu7l\" data-start=\"1159\" data-end=\"1177\">\ud83d\udd39 Kl\u00ed\u010dov\u00e9 funkce<\/h2>\n<h3 data-section-id=\"8xngy4\" data-start=\"1179\" data-end=\"1209\">\u2714 Vysoce integrovan\u00fd design<\/h3>\n<ul data-start=\"1210\" data-end=\"1338\">\n<li data-section-id=\"18mz8ju\" data-start=\"1210\" data-end=\"1282\">Transform\u00e1tor + rozv\u00e1d\u011b\u010d + ochrann\u00e9 p\u0159\u00edstroje integrovan\u00e9 v jedn\u00e9 jednotce<\/li>\n<li data-section-id=\"h1zq8k\" data-start=\"1283\" data-end=\"1338\">Kompaktn\u00ed konstrukce vhodn\u00e1 pro venkovn\u00ed instalaci<\/li>\n<\/ul>\n<p data-start=\"1340\" data-end=\"1392\">\ud83d\udc49 Sni\u017euje slo\u017eitost syst\u00e9mu a n\u00e1klady na instalaci<\/p>\n<hr data-start=\"1394\" data-end=\"1397\" \/>\n<h3 data-section-id=\"13rpt0v\" data-start=\"1399\" data-end=\"1429\">\u2714 Konverze v\u00fdkonu s postupn\u00fdm zvy\u0161ov\u00e1n\u00edm<\/h3>\n<ul data-start=\"1430\" data-end=\"1532\">\n<li data-section-id=\"n0iuwa\" data-start=\"1430\" data-end=\"1490\">P\u0159ev\u00e1d\u00ed n\u00edzkonap\u011b\u0165ov\u00fd v\u00fdrobn\u00ed v\u00fdstup na st\u0159edn\u00ed nap\u011bt\u00ed.<\/li>\n<li data-section-id=\"1udo1p2\" data-start=\"1491\" data-end=\"1532\">Podporuje po\u017eadavky na p\u0159ipojen\u00ed k s\u00edti<\/li>\n<\/ul>\n<p data-start=\"1534\" data-end=\"1590\">\ud83d\udc49 Z\u00e1sadn\u00ed pro p\u0159enosov\u00e9 syst\u00e9my obnoviteln\u00e9 energie<\/p>\n<hr data-start=\"1592\" data-end=\"1595\" \/>\n<h3 data-section-id=\"dsrx6t\" data-start=\"1597\" data-end=\"1643\">\u2714 Izola\u010dn\u00ed a chladic\u00ed syst\u00e9m s olejovou izolac\u00ed<\/h3>\n<ul data-start=\"1644\" data-end=\"1734\">\n<li data-section-id=\"13xv2st\" data-start=\"1644\" data-end=\"1734\">Pou\u017e\u00edv\u00e1 izola\u010dn\u00ed olej jako:\n<ul data-start=\"1672\" data-end=\"1734\">\n<li data-section-id=\"s7zkff\" data-start=\"1672\" data-end=\"1704\">Elektroizola\u010dn\u00ed m\u00e9dium<\/li>\n<li data-section-id=\"m3lgqs\" data-start=\"1707\" data-end=\"1734\">Prost\u0159edek pro odvod tepla<\/li>\n<\/ul>\n<\/li>\n<\/ul>\n<p data-start=\"1736\" data-end=\"1775\">\ud83d\udc49 Zaji\u0161\u0165uje dlouhodob\u011b stabiln\u00ed provoz<\/p>\n<hr data-start=\"1777\" data-end=\"1780\" \/>\n<h3 data-section-id=\"q0elz3\" data-start=\"1782\" data-end=\"1823\">\u2714 Rychl\u00e1 instalace a snadn\u00e9 nasazen\u00ed<\/h3>\n<ul data-start=\"1824\" data-end=\"1894\">\n<li data-section-id=\"1oiyy76\" data-start=\"1824\" data-end=\"1856\">Tov\u00e1rn\u011b smontovan\u00e9 proveden\u00ed<\/li>\n<li data-section-id=\"8zqbpt\" data-start=\"1857\" data-end=\"1894\">Minim\u00e1ln\u00ed instala\u010dn\u00ed pr\u00e1ce na m\u00edst\u011b<\/li>\n<\/ul>\n<p data-start=\"1896\" data-end=\"1938\">\ud83d\udc49 Ide\u00e1ln\u00ed pro vzd\u00e1len\u00e9 v\u011btrn\u00e9 a sol\u00e1rn\u00ed farmy<\/p>\n<hr data-start=\"1940\" data-end=\"1943\" \/>\n<h3 data-section-id=\"1ney3w6\" data-start=\"1945\" data-end=\"1976\">\u2714 Vysok\u00e1 bezpe\u010dnost a spolehlivost<\/h3>\n<ul data-start=\"1977\" data-end=\"2059\">\n<li data-section-id=\"18wyaby\" data-start=\"1977\" data-end=\"2005\">Pln\u011b uzav\u0159en\u00e1 konstrukce<\/li>\n<li data-section-id=\"1yfbqna\" data-start=\"2006\" data-end=\"2059\">Integrovan\u00fd ochrann\u00fd syst\u00e9m (pojistky + rozv\u00e1d\u011b\u010d)<\/li>\n<\/ul>\n<p data-start=\"2061\" data-end=\"2105\">\ud83d\udc49 Vhodn\u00e9 do n\u00e1ro\u010dn\u00fdch venkovn\u00edch podm\u00ednek<\/p>\n<hr data-start=\"2107\" data-end=\"2110\" \/>\n<h3 data-section-id=\"1ukkhrg\" data-start=\"2112\" data-end=\"2149\">\u2714 Energeticky efektivn\u00ed a \u0161etrn\u00e9 k \u017eivotn\u00edmu prost\u0159ed\u00ed<\/h3>\n<ul data-start=\"2150\" data-end=\"2242\">\n<li data-section-id=\"10oncp9\" data-start=\"2150\" data-end=\"2169\">Konstrukce s n\u00edzk\u00fdmi ztr\u00e1tami<\/li>\n<li data-section-id=\"19wmozq\" data-start=\"2170\" data-end=\"2203\">Optimalizovan\u00fd tepeln\u00fd v\u00fdkon<\/li>\n<li data-section-id=\"14ijk6v\" data-start=\"2204\" data-end=\"2242\">Provoz \u0161etrn\u00fd k \u017eivotn\u00edmu prost\u0159ed\u00ed<\/li>\n<\/ul>\n<hr data-start=\"2244\" data-end=\"2247\" \/>\n<h3 data-section-id=\"mvgs39\" data-start=\"2249\" data-end=\"2285\">\u2714 Flexibiln\u00ed konfigurace nap\u011bt\u00ed<\/h3>\n<p data-start=\"2286\" data-end=\"2295\">Podporuje:<\/p>\n<ul data-start=\"2296\" data-end=\"2363\">\n<li data-section-id=\"mzelvn\" data-start=\"2296\" data-end=\"2332\">Vstupn\u00ed nap\u011bt\u00ed 0,69 kV (rozsah 0,27-1,14 kV)<\/li>\n<li data-section-id=\"11dvkj3\" data-start=\"2333\" data-end=\"2363\">Mo\u017enosti v\u00fdstupu 10kV \/ 35kV<\/li>\n<\/ul>\n<hr data-start=\"2365\" data-end=\"2368\" \/>\n<h2 data-section-id=\"149biba\" data-start=\"2370\" data-end=\"2393\">\ud83d\udd39 Princip fungov\u00e1n\u00ed<\/h2>\n<ol data-start=\"2395\" data-end=\"2716\">\n<li data-section-id=\"4w3r9l\" data-start=\"2395\" data-end=\"2477\">Elekt\u0159ina vyroben\u00e1 v\u011btrn\u00fdmi turb\u00ednami nebo fotovoltaick\u00fdmi st\u0159\u00edda\u010di vstupuje do transform\u00e1toru.<\/li>\n<li data-section-id=\"1s3j0n7\" data-start=\"2478\" data-end=\"2539\">Nap\u011bt\u00ed se zvy\u0161uje z n\u00edzk\u00e9ho na st\u0159edn\u00ed nap\u011bt\u00ed.<\/li>\n<li data-section-id=\"asu5i3\" data-start=\"2540\" data-end=\"2641\">Energie se do sb\u011brn\u00e9ho syst\u00e9mu p\u0159en\u00e1\u0161\u00ed prost\u0159ednictv\u00edm:\n<ul data-start=\"2597\" data-end=\"2641\">\n<li data-section-id=\"1y41j33\" data-start=\"2597\" data-end=\"2619\">Podzemn\u00ed kabely<\/li>\n<li data-section-id=\"1yxobhv\" data-start=\"2623\" data-end=\"2641\">Nadzemn\u00ed veden\u00ed<\/li>\n<\/ul>\n<\/li>\n<li data-section-id=\"fb5a62\" data-start=\"2642\" data-end=\"2716\">Energie je dod\u00e1v\u00e1na do v\u011btrn\u00e9\/sol\u00e1rn\u00ed rozvodny pro integraci do s\u00edt\u011b.<\/li>\n<\/ol>\n<hr data-start=\"2718\" data-end=\"2721\" \/>\n<h2 data-section-id=\"1rg4wz9\" data-start=\"2723\" data-end=\"2747\">\ud83d\udd39 P\u0159ehled v\u00fdhod<\/h2>\n<ul data-start=\"2749\" data-end=\"3022\">\n<li data-section-id=\"223ev8\" data-start=\"2749\" data-end=\"2807\">Kompaktn\u00ed integrovan\u00fd design pro syst\u00e9my obnoviteln\u00fdch zdroj\u016f energie<\/li>\n<li data-section-id=\"3v4amq\" data-start=\"2808\" data-end=\"2847\">Rychl\u00e1 instalace a uveden\u00ed do provozu<\/li>\n<li data-section-id=\"1kyl9qx\" data-start=\"2848\" data-end=\"2891\">Vysok\u00e1 spolehlivost a provozn\u00ed bezpe\u010dnost<\/li>\n<li data-section-id=\"1o44870\" data-start=\"2892\" data-end=\"2935\">Vhodn\u00e9 pro drsn\u00e9 venkovn\u00ed prost\u0159ed\u00ed<\/li>\n<li data-section-id=\"5k48t5\" data-start=\"2936\" data-end=\"2980\">Podporuje po\u017eadavky na nap\u011bt\u00ed na \u00farovni s\u00edt\u011b<\/li>\n<li data-section-id=\"18rnbjv\" data-start=\"2981\" data-end=\"3022\">N\u00edzk\u00e9 n\u00e1roky na \u00fadr\u017ebu a dlouh\u00e1 \u017eivotnost<\/li>\n<\/ul>\n<hr data-start=\"3024\" data-end=\"3027\" \/>\n<h1 data-section-id=\"1lxd8kj\" data-start=\"3029\" data-end=\"3036\">\u2753 \u010cASTO KLADEN\u00c9 OT\u00c1ZKY<\/h1>\n<h3 data-section-id=\"16tdf6s\" data-start=\"3038\" data-end=\"3091\">1\ufe0f\u20e3 K \u010demu se pou\u017e\u00edv\u00e1 zvy\u0161ovac\u00ed transform\u00e1tor ZGS13?<\/h3>\n<p data-start=\"3093\" data-end=\"3211\">Pou\u017e\u00edv\u00e1 se k:<br \/>\n\ud83d\udc49 Zv\u00fd\u0161en\u00ed nap\u011bt\u00ed z v\u011btrn\u00fdch nebo sol\u00e1rn\u00edch syst\u00e9m\u016f na \u00farove\u0148 p\u0159enosov\u00e9 s\u00edt\u011b (10 kV nebo 35 kV).<\/p>\n<hr data-start=\"3213\" data-end=\"3216\" \/>\n<h3 data-section-id=\"6385e5\" data-start=\"3218\" data-end=\"3248\">2\ufe0f\u20e3 Kde je nainstalov\u00e1n?<\/h3>\n<p data-start=\"3250\" data-end=\"3273\">B\u011b\u017en\u011b se pou\u017e\u00edv\u00e1 v:<\/p>\n<ul data-start=\"3274\" data-end=\"3347\">\n<li data-section-id=\"1ryn0s7\" data-start=\"3274\" data-end=\"3288\">V\u011btrn\u00e9 farmy<\/li>\n<li data-section-id=\"igs886\" data-start=\"3289\" data-end=\"3314\">Sol\u00e1rn\u00ed fotovoltaick\u00e9 elektr\u00e1rny<\/li>\n<li data-section-id=\"1aribom\" data-start=\"3315\" data-end=\"3347\">Rozvodny energie z obnoviteln\u00fdch zdroj\u016f<\/li>\n<\/ul>\n<hr data-start=\"3349\" data-end=\"3352\" \/>\n<h3 data-section-id=\"eaniav\" data-start=\"3354\" data-end=\"3412\">3\ufe0f\u20e3 Pro\u010d se naz\u00fdv\u00e1 kompaktn\u00ed transform\u00e1tor rozvodny?<\/h3>\n<p data-start=\"3414\" data-end=\"3436\">Proto\u017ee se integruje:<\/p>\n<ul data-start=\"3437\" data-end=\"3490\">\n<li data-section-id=\"1c2mxqr\" data-start=\"3437\" data-end=\"3452\">Transform\u00e1tor<\/li>\n<li data-section-id=\"1nd1vfv\" data-start=\"3453\" data-end=\"3467\">Rozv\u00e1d\u011b\u010de<\/li>\n<li data-section-id=\"9lz69s\" data-start=\"3468\" data-end=\"3490\">Ochrann\u00e1 za\u0159\u00edzen\u00ed<\/li>\n<\/ul>\n<p data-start=\"3492\" data-end=\"3524\">\ud83d\udc49 Do jedn\u00e9 prefabrikovan\u00e9 jednotky<\/p>\n<hr data-start=\"3526\" data-end=\"3529\" \/>\n<h3 data-section-id=\"kdbnzc\" data-start=\"3531\" data-end=\"3592\">4\ufe0f\u20e3 Co je vhodn\u00e9 pro projekty obnoviteln\u00fdch zdroj\u016f energie?<\/h3>\n<ul data-start=\"3594\" data-end=\"3686\">\n<li data-section-id=\"5svd5d\" data-start=\"3594\" data-end=\"3613\">Rychl\u00e9 nasazen\u00ed<\/li>\n<li data-section-id=\"4sp4nl\" data-start=\"3614\" data-end=\"3636\">Venkovn\u00ed odolnost<\/li>\n<li data-section-id=\"1cqlean\" data-start=\"3637\" data-end=\"3666\">Stabiln\u00ed p\u0159evod nap\u011bt\u00ed<\/li>\n<li data-section-id=\"1s8wp6p\" data-start=\"3667\" data-end=\"3686\">N\u00edzk\u00e9 n\u00e1roky na \u00fadr\u017ebu<\/li>\n<\/ul>\n<hr data-start=\"3688\" data-end=\"3691\" \/>\n<h3 data-section-id=\"e1lsee\" data-start=\"3693\" data-end=\"3725\">5\ufe0f\u20e3 Pou\u017e\u00edv\u00e1 olejov\u00e9 chlazen\u00ed?<\/h3>\n<p data-start=\"3727\" data-end=\"3794\">Ano, pou\u017e\u00edv\u00e1:<br \/>\n\ud83d\udc49 Izola\u010dn\u00ed olej pro chlazen\u00ed i izolaci<\/p>","protected":false},"excerpt":{"rendered":"<p data-start=\"283\" data-end=\"466\">V\u011btrn\u00fd a sol\u00e1rn\u00ed transform\u00e1tor \u0159ady ZGS13 je integrovan\u00e1 kompaktn\u00ed transform\u00e1torov\u00e1 jednotka typu rozvodny ur\u010den\u00e1 pro syst\u00e9my v\u00fdroby energie z obnoviteln\u00fdch zdroj\u016f.<\/p>\n<p data-start=\"468\" data-end=\"532\">Spojuje n\u00e1sleduj\u00edc\u00ed komponenty do jedn\u00e9 kompaktn\u00ed struktury:<\/p>\n<ul data-start=\"533\" data-end=\"630\">\n<li data-section-id=\"159gwlz\" data-start=\"533\" data-end=\"565\">J\u00e1dro a vinut\u00ed transform\u00e1toru<\/li>\n<li data-section-id=\"1nd1vfv\" data-start=\"566\" data-end=\"580\">Rozv\u00e1d\u011b\u010de<\/li>\n<li data-section-id=\"1gutmwu\" data-start=\"581\" data-end=\"590\">Pojistky<\/li>\n<li data-section-id=\"1b2jgah\" data-start=\"591\" data-end=\"606\">M\u011bni\u010d kohoutk\u016f<\/li>\n<li data-section-id=\"1d1nt9k\" data-start=\"607\" data-end=\"630\">Pomocn\u00e9 vybaven\u00ed<\/li>\n<\/ul>","protected":false},"featured_media":2154,"comment_status":"open","ping_status":"closed","template":"","meta":{"site-sidebar-layout":"default","site-content-layout":"","ast-site-content-layout":"default","site-content-style":"default","site-sidebar-style":"default","ast-global-header-display":"","ast-banner-title-visibility":"","ast-main-header-display":"","ast-hfb-above-header-display":"","ast-hfb-below-header-display":"","ast-hfb-mobile-header-display":"","site-post-title":"","ast-breadcrumbs-content":"","ast-featured-img":"","footer-sml-layout":"","ast-disable-related-posts":"","theme-transparent-header-meta":"default","adv-header-id-meta":"","stick-header-meta":"","header-above-stick-meta":"","header-main-stick-meta":"","header-below-stick-meta":"","astra-migrate-meta-layouts":"set","ast-page-background-enabled":"default","ast-page-background-meta":{"desktop":{"background-color":"","background-image":"","background-repeat":"repeat","background-position":"center center","background-size":"auto","background-attachment":"scroll","background-type":"","background-media":"","overlay-type":"","overlay-color":"","overlay-opacity":"","overlay-gradient":""},"tablet":{"background-color":"","background-image":"","background-repeat":"repeat","background-position":"center center","background-size":"auto","background-attachment":"scroll","background-type":"","background-media":"","overlay-type":"","overlay-color":"","overlay-opacity":"","overlay-gradient":""},"mobile":{"background-color":"","background-image":"","background-repeat":"repeat","background-position":"center center","background-size":"auto","background-attachment":"scroll","background-type":"","background-media":"","overlay-type":"","overlay-color":"","overlay-opacity":"","overlay-gradient":""}},"ast-content-background-meta":{"desktop":{"background-color":"var(--ast-global-color-5)","background-image":"","background-repeat":"repeat","background-position":"center center","background-size":"auto","background-attachment":"scroll","background-type":"","background-media":"","overlay-type":"","overlay-color":"","overlay-opacity":"","overlay-gradient":""},"tablet":{"background-color":"var(--ast-global-color-5)","background-image":"","background-repeat":"repeat","background-position":"center center","background-size":"auto","background-attachment":"scroll","background-type":"","background-media":"","overlay-type":"","overlay-color":"","overlay-opacity":"","overlay-gradient":""},"mobile":{"background-color":"var(--ast-global-color-5)","background-image":"","background-repeat":"repeat","background-position":"center center","background-size":"auto","background-attachment":"scroll","background-type":"","background-media":"","overlay-type":"","overlay-color":"","overlay-opacity":"","overlay-gradient":""}}},"product_brand":[],"product_cat":[2036,2032],"product_tag":[2156,2157,2160,2159,2155,2158,2162,2154,2161,2153,2152],"class_list":{"0":"post-2153","1":"product","2":"type-product","3":"status-publish","4":"has-post-thumbnail","6":"product_cat-renewable-energy-products","7":"product_cat-electrical-equipment","8":"product_tag-0-69kv-to-10kv-transformer","9":"product_tag-35kv-step-up-transformer","10":"product_tag-compact-substation-transformer","11":"product_tag-pad-mounted-transformer","12":"product_tag-pv-substation-transformer","13":"product_tag-renewable-energy-transformer","14":"product_tag-solar-power-equipment","15":"product_tag-solar-step-up-transformer","16":"product_tag-wind-farm-electrical-equipment","17":"product_tag-wind-power-transformer","18":"product_tag-zgs13-transformer","19":"desktop-align-left","20":"tablet-align-left","21":"mobile-align-left","23":"first","24":"instock","25":"shipping-taxable","26":"product-type-simple"},"_links":{"self":[{"href":"https:\/\/www.wonzh.com\/cs\/wp-json\/wp\/v2\/product\/2153","targetHints":{"allow":["GET"]}}],"collection":[{"href":"https:\/\/www.wonzh.com\/cs\/wp-json\/wp\/v2\/product"}],"about":[{"href":"https:\/\/www.wonzh.com\/cs\/wp-json\/wp\/v2\/types\/product"}],"replies":[{"embeddable":true,"href":"https:\/\/www.wonzh.com\/cs\/wp-json\/wp\/v2\/comments?post=2153"}],"wp:featuredmedia":[{"embeddable":true,"href":"https:\/\/www.wonzh.com\/cs\/wp-json\/wp\/v2\/media\/2154"}],"wp:attachment":[{"href":"https:\/\/www.wonzh.com\/cs\/wp-json\/wp\/v2\/media?parent=2153"}],"wp:term":[{"taxonomy":"product_brand","embeddable":true,"href":"https:\/\/www.wonzh.com\/cs\/wp-json\/wp\/v2\/product_brand?post=2153"},{"taxonomy":"product_cat","embeddable":true,"href":"https:\/\/www.wonzh.com\/cs\/wp-json\/wp\/v2\/product_cat?post=2153"},{"taxonomy":"product_tag","embeddable":true,"href":"https:\/\/www.wonzh.com\/cs\/wp-json\/wp\/v2\/product_tag?post=2153"}],"curies":[{"name":"wp","href":"https:\/\/api.w.org\/{rel}","templated":true}]}}