{"id":2151,"date":"2026-04-29T15:21:33","date_gmt":"2026-04-29T15:21:33","guid":{"rendered":"https:\/\/www.wonzh.com\/?post_type=product&#038;p=2151"},"modified":"2026-04-29T15:21:35","modified_gmt":"2026-04-29T15:21:35","slug":"ybh-series-hybrid-compact-substation-10kv-35kv-prefabricated-substation-for-solar-wind-power-distribution","status":"publish","type":"product","link":"https:\/\/www.wonzh.com\/cs\/product\/ybh-series-hybrid-compact-substation-10kv-35kv-prefabricated-substation-for-solar-wind-power-distribution\/","title":{"rendered":"Hybridn\u00ed kompaktn\u00ed rozvodna \u0159ady YBH (10kV\/35kV prefabrikovan\u00e1 rozvodna pro distribuci sol\u00e1rn\u00ed a v\u011btrn\u00e9 energie)"},"content":{"rendered":"<p data-start=\"252\" data-end=\"450\">Hybridn\u00ed kompaktn\u00ed rozvodna \u0159ady YBH je inovativn\u00ed prefabrikovan\u00e1 rozvodna, kter\u00e1 v sob\u011b spojuje v\u00fdhody kompaktn\u00edch rozvoden americk\u00e9ho (pad-mounted) i evropsk\u00e9ho typu.<\/p>\n<p data-start=\"452\" data-end=\"611\">Na rozd\u00edl od tradi\u010dn\u00edch konstrukc\u00ed vyu\u017e\u00edv\u00e1 \u0159ada YBH jedine\u010dnou strukturu vysokonap\u011b\u0165ov\u00e9ho p\u0159ipojen\u00ed s patentovanou technologi\u00ed, kter\u00e1 poskytuje vynikaj\u00edc\u00ed rovnov\u00e1hu:<\/p>\n<p data-start=\"613\" data-end=\"689\">\ud83d\udc49 Bezpe\u010dnost<br data-start=\"622\" data-end=\"625\" \/>\ud83d\udc49 Spolehlivost<br data-start=\"639\" data-end=\"642\" \/>\ud83d\udc49 Flexibilita<br data-start=\"656\" data-end=\"659\" \/>\ud83d\udc49 Environment\u00e1ln\u00ed v\u00fdkonnost<\/p>\n<p data-start=\"691\" data-end=\"712\">Je \u0161iroce pou\u017e\u00edv\u00e1n v:<\/p>\n<ul data-start=\"713\" data-end=\"811\">\n<li data-section-id=\"1w4tyzr\" data-start=\"713\" data-end=\"744\">Sol\u00e1rn\u00ed elektr\u00e1rny (PV)<\/li>\n<li data-section-id=\"z32h6d\" data-start=\"745\" data-end=\"771\">Syst\u00e9my v\u011btrn\u00e9 energie<\/li>\n<li data-section-id=\"1xsivcn\" data-start=\"772\" data-end=\"811\">10kV \/ 35kV distribu\u010dn\u00ed s\u00edt\u011b<\/li>\n<\/ul>\n<hr data-start=\"813\" data-end=\"816\" \/>\n<h2 data-section-id=\"17fvu7l\" data-start=\"818\" data-end=\"836\">\ud83d\udd39 Kl\u00ed\u010dov\u00e9 funkce<\/h2>\n<h3 data-section-id=\"p055a8\" data-start=\"838\" data-end=\"893\">\u2714 Hybridn\u00ed design (to nejlep\u0161\u00ed z americk\u00fdch a evropsk\u00fdch typ\u016f)<\/h3>\n<ul data-start=\"894\" data-end=\"996\">\n<li data-section-id=\"1ravmmf\" data-start=\"894\" data-end=\"941\">Kombinuje kompaktn\u00ed strukturu americk\u00e9ho typu<\/li>\n<li data-section-id=\"h5akx7\" data-start=\"942\" data-end=\"996\">Integruje flexibiln\u00ed konfiguraci evropsk\u00e9ho typu<\/li>\n<\/ul>\n<p data-start=\"998\" data-end=\"1048\">\ud83d\udc49 Optimalizov\u00e1no pro pot\u0159eby modern\u00ed distribuce energie<\/p>\n<hr data-start=\"1050\" data-end=\"1053\" \/>\n<h3 data-section-id=\"jwo2v2\" data-start=\"1055\" data-end=\"1107\">\u2714 Vlastn\u00ed technologie vysokonap\u011b\u0165ov\u00e9ho p\u0159ipojen\u00ed<\/h3>\n<ul data-start=\"1108\" data-end=\"1180\">\n<li data-section-id=\"eeyv5\" data-start=\"1108\" data-end=\"1139\">Jedine\u010dn\u00e1 konstrukce p\u0159ipojen\u00ed HV<\/li>\n<li data-section-id=\"1neig4x\" data-start=\"1140\" data-end=\"1180\">Zv\u00fd\u0161en\u00e1 stabilita a bezpe\u010dnost syst\u00e9mu<\/li>\n<\/ul>\n<p data-start=\"1182\" data-end=\"1232\">\ud83d\udc49 Diferencovan\u00e1 produktov\u00e1 v\u00fdhoda pro projekty<\/p>\n<hr data-start=\"1234\" data-end=\"1237\" \/>\n<h3 data-section-id=\"1mr7066\" data-start=\"1239\" data-end=\"1279\">\u2714 Integrovan\u00e1 prefabrikovan\u00e1 konstrukce<\/h3>\n<ul data-start=\"1280\" data-end=\"1350\">\n<li data-section-id=\"kygouv\" data-start=\"1280\" data-end=\"1324\">Transform\u00e1tor + syst\u00e9m VN + NN v jednom celku<\/li>\n<li data-section-id=\"y5las0\" data-start=\"1325\" data-end=\"1350\">Tov\u00e1rn\u011b smontovan\u00e9<\/li>\n<\/ul>\n<p data-start=\"1352\" data-end=\"1390\">\ud83d\udc49 Zkracuje dobu instalace na m\u00edst\u011b<\/p>\n<hr data-start=\"1392\" data-end=\"1395\" \/>\n<h3 data-section-id=\"1ney3w6\" data-start=\"1397\" data-end=\"1428\">\u2714 Vysok\u00e1 bezpe\u010dnost a spolehlivost<\/h3>\n<ul data-start=\"1429\" data-end=\"1488\">\n<li data-section-id=\"18wyaby\" data-start=\"1429\" data-end=\"1457\">Pln\u011b uzav\u0159en\u00e1 konstrukce<\/li>\n<li data-section-id=\"eqylk7\" data-start=\"1458\" data-end=\"1488\">Kompletn\u00ed ochrann\u00fd syst\u00e9m<\/li>\n<\/ul>\n<p data-start=\"1490\" data-end=\"1534\">\ud83d\udc49 Vhodn\u00e9 do n\u00e1ro\u010dn\u00fdch venkovn\u00edch podm\u00ednek<\/p>\n<hr data-start=\"1536\" data-end=\"1539\" \/>\n<h3 data-section-id=\"1ep4gse\" data-start=\"1541\" data-end=\"1569\">\u2714 Kompaktn\u00ed a prostorov\u011b \u00fasporn\u00fd<\/h3>\n<ul data-start=\"1570\" data-end=\"1678\">\n<li data-section-id=\"1kzytt9\" data-start=\"1570\" data-end=\"1627\">Men\u0161\u00ed plocha ve srovn\u00e1n\u00ed s tradi\u010dn\u00edmi rozvodnami<\/li>\n<li data-section-id=\"1bdhfgw\" data-start=\"1628\" data-end=\"1678\">Ide\u00e1ln\u00ed pro m\u011bstsk\u00e9 a distribuovan\u00e9 energetick\u00e9 syst\u00e9my<\/li>\n<\/ul>\n<hr data-start=\"1680\" data-end=\"1683\" \/>\n<h3 data-section-id=\"nixv8q\" data-start=\"1685\" data-end=\"1722\">\u2714 Ekologicky \u0161etrn\u00fd design<\/h3>\n<ul data-start=\"1723\" data-end=\"1802\">\n<li data-section-id=\"16visxu\" data-start=\"1723\" data-end=\"1736\">N\u00edzk\u00e1 hlu\u010dnost<\/li>\n<li data-section-id=\"xnrp06\" data-start=\"1737\" data-end=\"1771\">Sn\u00ed\u017een\u00fd elektromagnetick\u00fd vliv<\/li>\n<li data-section-id=\"fwrxgr\" data-start=\"1772\" data-end=\"1802\">Energeticky \u00fasporn\u00fd provoz<\/li>\n<\/ul>\n<p data-start=\"1804\" data-end=\"1843\">\ud83d\udc49 Vhodn\u00e9 pro projekty zelen\u00e9 energie<\/p>\n<hr data-start=\"1845\" data-end=\"1848\" \/>\n<h2 data-section-id=\"1hq6i26\" data-start=\"1850\" data-end=\"1873\">\ud83d\udd39 Konstruk\u010dn\u00ed n\u00e1vrh<\/h2>\n<h3 data-section-id=\"18zdobt\" data-start=\"1875\" data-end=\"1899\">\ud83d\udd38 Jednotka vysok\u00e9ho nap\u011bt\u00ed<\/h3>\n<ul data-start=\"1900\" data-end=\"1965\">\n<li data-section-id=\"1vszvk\" data-start=\"1900\" data-end=\"1933\">Flexibiln\u00ed sch\u00e9ma p\u0159ipojen\u00ed HV<\/li>\n<li data-section-id=\"wvv6oo\" data-start=\"1934\" data-end=\"1965\">Bezpe\u010dn\u00e9 a spolehliv\u00e9 sp\u00edn\u00e1n\u00ed<\/li>\n<\/ul>\n<hr data-start=\"1967\" data-end=\"1970\" \/>\n<h3 data-section-id=\"ebkzy6\" data-start=\"1972\" data-end=\"1995\">\ud83d\udd38 Transform\u00e1torov\u00e1 jednotka<\/h3>\n<ul data-start=\"1996\" data-end=\"2071\">\n<li data-section-id=\"c29kbn\" data-start=\"1996\" data-end=\"2045\">Podporuje olejov\u00fd nebo such\u00fd transform\u00e1tor<\/li>\n<li data-section-id=\"zfd45y\" data-start=\"2046\" data-end=\"2071\">P\u0159izp\u016fsobiteln\u00e1 kapacita<\/li>\n<\/ul>\n<hr data-start=\"2073\" data-end=\"2076\" \/>\n<h3 data-section-id=\"1ts15o3\" data-start=\"2078\" data-end=\"2101\">\ud83d\udd38 Jednotka n\u00edzk\u00e9ho nap\u011bt\u00ed<\/h3>\n<ul data-start=\"2102\" data-end=\"2177\">\n<li data-section-id=\"1nhl37j\" data-start=\"2102\" data-end=\"2140\">Distribu\u010dn\u00ed a ochrann\u00fd syst\u00e9m<\/li>\n<li data-section-id=\"nc910x\" data-start=\"2141\" data-end=\"2177\">Integrace m\u011b\u0159en\u00ed a \u0159\u00edzen\u00ed<\/li>\n<\/ul>\n<hr data-start=\"2179\" data-end=\"2182\" \/>\n<h3 data-section-id=\"1m6twft\" data-start=\"2184\" data-end=\"2200\">\ud83d\udd38 Sk\u0159\u00ed\u0148<\/h3>\n<ul data-start=\"2201\" data-end=\"2286\">\n<li data-section-id=\"1ut0yto\" data-start=\"2201\" data-end=\"2222\">Odolnost v\u016f\u010di pov\u011btrnostn\u00edm vliv\u016fm<\/li>\n<li data-section-id=\"xvhfr1\" data-start=\"2223\" data-end=\"2248\">Antikorozn\u00ed proveden\u00ed<\/li>\n<li data-section-id=\"1qum606\" data-start=\"2249\" data-end=\"2286\">Vhodn\u00e9 pro venkovn\u00ed instalaci<\/li>\n<\/ul>\n<hr data-start=\"2288\" data-end=\"2291\" \/>\n<h2 data-section-id=\"15du31k\" data-start=\"2293\" data-end=\"2311\">\ud83d\udd39 Aplikace<\/h2>\n<p data-start=\"2313\" data-end=\"2357\">Hybridn\u00ed rozvodna YBH se \u0161iroce pou\u017e\u00edv\u00e1 v:<\/p>\n<ul data-start=\"2359\" data-end=\"2542\">\n<li data-section-id=\"aj1s75\" data-start=\"2359\" data-end=\"2399\">Sol\u00e1rn\u00ed fotovoltaick\u00e9 elektr\u00e1rny (FVE)<\/li>\n<li data-section-id=\"pdj8ig\" data-start=\"2400\" data-end=\"2424\">Projekty v\u011btrn\u00e9 energie<\/li>\n<li data-section-id=\"1oiocup\" data-start=\"2425\" data-end=\"2461\">M\u011bstsk\u00e9 rozvody elektrick\u00e9 energie<\/li>\n<li data-section-id=\"ikoknv\" data-start=\"2462\" data-end=\"2502\">Pr\u016fmyslov\u00e1 a obchodn\u00ed za\u0159\u00edzen\u00ed<\/li>\n<li data-section-id=\"gftaf6\" data-start=\"2503\" data-end=\"2542\">Projekty infrastruktury a ve\u0159ejn\u00fdch slu\u017eeb<\/li>\n<\/ul>\n<hr data-start=\"2544\" data-end=\"2547\" \/>\n<h2 data-section-id=\"1rg4wz9\" data-start=\"2549\" data-end=\"2573\">\ud83d\udd39 P\u0159ehled v\u00fdhod<\/h2>\n<ul data-start=\"2575\" data-end=\"2866\">\n<li data-section-id=\"1gwl3b8\" data-start=\"2575\" data-end=\"2632\">Hybridn\u00ed konstrukce kombinuj\u00edc\u00ed v\u00fdhody rozvoden v USA a EU<\/li>\n<li data-section-id=\"2hkvtw\" data-start=\"2633\" data-end=\"2683\">Vlastn\u00ed technologie vysokonap\u011b\u0165ov\u00e9ho p\u0159ipojen\u00ed<\/li>\n<li data-section-id=\"17kae4n\" data-start=\"2684\" data-end=\"2728\">Kompaktn\u00ed, integrovan\u00fd a snadno instalovateln\u00fd<\/li>\n<li data-section-id=\"el1xvd\" data-start=\"2729\" data-end=\"2772\">Vysok\u00e1 bezpe\u010dnost a provozn\u00ed spolehlivost<\/li>\n<li data-section-id=\"blvuyk\" data-start=\"2773\" data-end=\"2816\">Ide\u00e1ln\u00ed pro aplikace obnoviteln\u00fdch zdroj\u016f energie<\/li>\n<li data-section-id=\"5i22eq\" data-start=\"2817\" data-end=\"2866\">\u0160etrn\u00e9 k \u017eivotn\u00edmu prost\u0159ed\u00ed a energeticky \u00fa\u010dinn\u00e9<\/li>\n<\/ul>\n<hr data-start=\"2868\" data-end=\"2871\" \/>\n<h1 data-section-id=\"1lxd8kj\" data-start=\"2873\" data-end=\"2880\">\u2753 \u010cASTO KLADEN\u00c9 OT\u00c1ZKY<\/h1>\n<h3 data-section-id=\"z3zs38\" data-start=\"2882\" data-end=\"2922\">1\ufe0f\u20e3 Co je hybridn\u00ed rozvodna YBH?<\/h3>\n<p data-start=\"2924\" data-end=\"3023\">Je to tak:<br \/>\n\ud83d\udc49 Prefabrikovan\u00e1 kompaktn\u00ed rozvodna kombinuj\u00edc\u00ed prvky americk\u00e9ho a evropsk\u00e9ho typu.<\/p>\n<hr data-start=\"3025\" data-end=\"3028\" \/>\n<h3 data-section-id=\"12cezs5\" data-start=\"3030\" data-end=\"3074\">2\ufe0f\u20e3 Jak\u00e9 \u00farovn\u011b nap\u011bt\u00ed podporuje?<\/h3>\n<p data-start=\"3076\" data-end=\"3128\">Typicky:<br \/>\n\ud83d\udc49 10kV a 35kV distribu\u010dn\u00ed soustavy<\/p>\n<hr data-start=\"3130\" data-end=\"3133\" \/>\n<h3 data-section-id=\"67s3uz\" data-start=\"3135\" data-end=\"3194\">3\ufe0f\u20e3 \u010c\u00edm se YBH li\u0161\u00ed od standardn\u00edch rozvoden?<\/h3>\n<ul data-start=\"3196\" data-end=\"3301\">\n<li data-section-id=\"1hj524x\" data-start=\"3196\" data-end=\"3216\">Hybridn\u00ed struktura<\/li>\n<li data-section-id=\"whfq98\" data-start=\"3217\" data-end=\"3251\">Unik\u00e1tn\u00ed vysokonap\u011b\u0165ov\u00e9 p\u0159ipojen\u00ed<\/li>\n<li data-section-id=\"111rkfh\" data-start=\"3252\" data-end=\"3301\">Lep\u0161\u00ed rovnov\u00e1ha mezi kompaktnost\u00ed a flexibilitou<\/li>\n<\/ul>\n<hr data-start=\"3303\" data-end=\"3306\" \/>\n<h3 data-section-id=\"1638i42\" data-start=\"3308\" data-end=\"3360\">4\ufe0f\u20e3 Lze jej pou\u017e\u00edt v projektech obnoviteln\u00fdch zdroj\u016f energie?<\/h3>\n<p data-start=\"3362\" data-end=\"3427\">Ano, je \u0161iroce pou\u017e\u00edv\u00e1n v:<br \/>\n\ud83d\udc49 Sol\u00e1rn\u00ed (fotovoltaick\u00e9) a v\u011btrn\u00e9 syst\u00e9my<\/p>\n<hr data-start=\"3429\" data-end=\"3432\" \/>\n<h3 data-section-id=\"zb1fot\" data-start=\"3434\" data-end=\"3461\">5\ufe0f\u20e3 Lze ji p\u0159izp\u016fsobit?<\/h3>\n<p data-start=\"3463\" data-end=\"3480\">Ano, podporuje:<\/p>\n<ul data-start=\"3481\" data-end=\"3574\">\n<li data-section-id=\"sbuquj\" data-start=\"3481\" data-end=\"3511\">V\u00fdb\u011br typu transform\u00e1toru<\/li>\n<li data-section-id=\"1aqod29\" data-start=\"3512\" data-end=\"3538\">P\u0159izp\u016fsoben\u00ed kapacity<\/li>\n<li data-section-id=\"5l4zr8\" data-start=\"3539\" data-end=\"3574\">N\u00e1vrh elektrick\u00e9 konfigurace<\/li>\n<\/ul>","protected":false},"excerpt":{"rendered":"<p data-start=\"252\" data-end=\"450\">Hybridn\u00ed kompaktn\u00ed rozvodna \u0159ady YBH je inovativn\u00ed prefabrikovan\u00e1 rozvodna, kter\u00e1 v sob\u011b spojuje v\u00fdhody kompaktn\u00edch rozvoden americk\u00e9ho (pad-mounted) i evropsk\u00e9ho typu.<\/p>\n<p data-start=\"452\" data-end=\"611\">Na rozd\u00edl od tradi\u010dn\u00edch konstrukc\u00ed vyu\u017e\u00edv\u00e1 \u0159ada YBH jedine\u010dnou strukturu vysokonap\u011b\u0165ov\u00e9ho p\u0159ipojen\u00ed s patentovanou technologi\u00ed, kter\u00e1 poskytuje vynikaj\u00edc\u00ed rovnov\u00e1hu:<\/p>","protected":false},"featured_media":2152,"comment_status":"open","ping_status":"closed","template":"","meta":{"site-sidebar-layout":"default","site-content-layout":"","ast-site-content-layout":"default","site-content-style":"default","site-sidebar-style":"default","ast-global-header-display":"","ast-banner-title-visibility":"","ast-main-header-display":"","ast-hfb-above-header-display":"","ast-hfb-below-header-display":"","ast-hfb-mobile-header-display":"","site-post-title":"","ast-breadcrumbs-content":"","ast-featured-img":"","footer-sml-layout":"","ast-disable-related-posts":"","theme-transparent-header-meta":"default","adv-header-id-meta":"","stick-header-meta":"","header-above-stick-meta":"","header-main-stick-meta":"","header-below-stick-meta":"","astra-migrate-meta-layouts":"set","ast-page-background-enabled":"default","ast-page-background-meta":{"desktop":{"background-color":"","background-image":"","background-repeat":"repeat","background-position":"center center","background-size":"auto","background-attachment":"scroll","background-type":"","background-media":"","overlay-type":"","overlay-color":"","overlay-opacity":"","overlay-gradient":""},"tablet":{"background-color":"","background-image":"","background-repeat":"repeat","background-position":"center center","background-size":"auto","background-attachment":"scroll","background-type":"","background-media":"","overlay-type":"","overlay-color":"","overlay-opacity":"","overlay-gradient":""},"mobile":{"background-color":"","background-image":"","background-repeat":"repeat","background-position":"center center","background-size":"auto","background-attachment":"scroll","background-type":"","background-media":"","overlay-type":"","overlay-color":"","overlay-opacity":"","overlay-gradient":""}},"ast-content-background-meta":{"desktop":{"background-color":"var(--ast-global-color-5)","background-image":"","background-repeat":"repeat","background-position":"center center","background-size":"auto","background-attachment":"scroll","background-type":"","background-media":"","overlay-type":"","overlay-color":"","overlay-opacity":"","overlay-gradient":""},"tablet":{"background-color":"var(--ast-global-color-5)","background-image":"","background-repeat":"repeat","background-position":"center center","background-size":"auto","background-attachment":"scroll","background-type":"","background-media":"","overlay-type":"","overlay-color":"","overlay-opacity":"","overlay-gradient":""},"mobile":{"background-color":"var(--ast-global-color-5)","background-image":"","background-repeat":"repeat","background-position":"center center","background-size":"auto","background-attachment":"scroll","background-type":"","background-media":"","overlay-type":"","overlay-color":"","overlay-opacity":"","overlay-gradient":""}}},"product_brand":[],"product_cat":[2032,2036],"product_tag":[2145,2146,2149,2144,2151,2150,2064,2147,2148,2143],"class_list":{"0":"post-2151","1":"product","2":"type-product","3":"status-publish","4":"has-post-thumbnail","6":"product_cat-electrical-equipment","7":"product_cat-renewable-energy-products","8":"product_tag-10kv-substation","9":"product_tag-35kv-substation","10":"product_tag-compact-transformer-substation","11":"product_tag-hybrid-compact-substation","12":"product_tag-outdoor-substation-equipment","13":"product_tag-power-distribution-substation","14":"product_tag-prefabricated-substation","15":"product_tag-solar-substation","16":"product_tag-wind-power-substation","17":"product_tag-ybh-substation","18":"desktop-align-left","19":"tablet-align-left","20":"mobile-align-left","22":"first","23":"instock","24":"shipping-taxable","25":"product-type-simple"},"_links":{"self":[{"href":"https:\/\/www.wonzh.com\/cs\/wp-json\/wp\/v2\/product\/2151","targetHints":{"allow":["GET"]}}],"collection":[{"href":"https:\/\/www.wonzh.com\/cs\/wp-json\/wp\/v2\/product"}],"about":[{"href":"https:\/\/www.wonzh.com\/cs\/wp-json\/wp\/v2\/types\/product"}],"replies":[{"embeddable":true,"href":"https:\/\/www.wonzh.com\/cs\/wp-json\/wp\/v2\/comments?post=2151"}],"wp:featuredmedia":[{"embeddable":true,"href":"https:\/\/www.wonzh.com\/cs\/wp-json\/wp\/v2\/media\/2152"}],"wp:attachment":[{"href":"https:\/\/www.wonzh.com\/cs\/wp-json\/wp\/v2\/media?parent=2151"}],"wp:term":[{"taxonomy":"product_brand","embeddable":true,"href":"https:\/\/www.wonzh.com\/cs\/wp-json\/wp\/v2\/product_brand?post=2151"},{"taxonomy":"product_cat","embeddable":true,"href":"https:\/\/www.wonzh.com\/cs\/wp-json\/wp\/v2\/product_cat?post=2151"},{"taxonomy":"product_tag","embeddable":true,"href":"https:\/\/www.wonzh.com\/cs\/wp-json\/wp\/v2\/product_tag?post=2151"}],"curies":[{"name":"wp","href":"https:\/\/api.w.org\/{rel}","templated":true}]}}