{"id":2140,"date":"2026-04-29T14:46:34","date_gmt":"2026-04-29T14:46:34","guid":{"rendered":"https:\/\/www.wonzh.com\/?post_type=product&#038;p=2140"},"modified":"2026-04-29T14:46:35","modified_gmt":"2026-04-29T14:46:35","slug":"xgn15-12-sf6-ring-main-unit-12kv-metal-enclosed-air-insulated-switchgear-for-power-distribution","status":"publish","type":"product","link":"https:\/\/www.wonzh.com\/cs\/product\/xgn15-12-sf6-ring-main-unit-12kv-metal-enclosed-air-insulated-switchgear-for-power-distribution\/","title":{"rendered":"XGN15-12 SF6 Ring Main Unit (12kV rozv\u00e1d\u011b\u010d s kovovou vzduchovou izolac\u00ed pro rozvod elektrick\u00e9 energie)"},"content":{"rendered":"<p data-start=\"244\" data-end=\"452\">\u0158ada XGN15-12 SF6 Ring Main Unit (RMU) je rozv\u00e1d\u011b\u010d st\u0159edn\u00ed nap\u011bt\u00ed nov\u00e9 generace, jeho\u017e hlavn\u00ed sp\u00ednac\u00ed sou\u010d\u00e1st\u00ed jsou vyp\u00edna\u010de SF6 a konstrukce se vzduchovou izolac\u00ed.<\/p>\n<p data-start=\"454\" data-end=\"609\">M\u00e1 kompaktn\u00ed, modul\u00e1rn\u00ed a roz\u0161i\u0159itelnou konstrukci, tak\u017ee je ide\u00e1ln\u00ed pro modern\u00ed distribu\u010dn\u00ed syst\u00e9my kruhov\u00fdch s\u00edt\u00ed a koncov\u00e9 rozvodny.<\/p>\n<p data-start=\"611\" data-end=\"638\">Rozv\u00e1d\u011b\u010d pracuje v:<\/p>\n<ul data-start=\"639\" data-end=\"696\">\n<li data-section-id=\"w0xwqv\" data-start=\"639\" data-end=\"668\">Jmenovit\u00e1 frekvence: 50Hz<\/li>\n<li data-section-id=\"1hfgq88\" data-start=\"669\" data-end=\"696\">Jmenovit\u00e9 nap\u011bt\u00ed: 12kV<\/li>\n<\/ul>\n<p data-start=\"698\" data-end=\"845\">Je \u0161iroce pou\u017e\u00edv\u00e1n v m\u011bstsk\u00fdch a pr\u016fmyslov\u00fdch rozvodn\u00fdch s\u00edt\u00edch, zejm\u00e9na v kabelov\u00fdch okru\u017en\u00edch syst\u00e9mech a koncov\u00fdch nap\u00e1jec\u00edch aplikac\u00edch.<\/p>\n<hr data-start=\"847\" data-end=\"850\" \/>\n<h2 data-section-id=\"17fvu7l\" data-start=\"852\" data-end=\"870\">\ud83d\udd39 Kl\u00ed\u010dov\u00e9 funkce<\/h2>\n<h3 data-section-id=\"17n3pcd\" data-start=\"872\" data-end=\"902\">\u2714 Kompaktn\u00ed a modul\u00e1rn\u00ed design<\/h3>\n<ul data-start=\"903\" data-end=\"974\">\n<li data-section-id=\"1exxsfo\" data-start=\"903\" data-end=\"922\">Mal\u00e1 plocha<\/li>\n<li data-section-id=\"1pg46p\" data-start=\"923\" data-end=\"947\">Roz\u0161i\u0159iteln\u00e1 struktura<\/li>\n<li data-section-id=\"1lwy1yl\" data-start=\"948\" data-end=\"974\">Flexibiln\u00ed konfigurace<\/li>\n<\/ul>\n<p data-start=\"976\" data-end=\"1018\">\ud83d\udc49 Ide\u00e1ln\u00ed pro instalace s omezen\u00fdm prostorem<\/p>\n<hr data-start=\"1020\" data-end=\"1023\" \/>\n<h3 data-section-id=\"1rmabi4\" data-start=\"1025\" data-end=\"1063\">\u2714 Technologie vyp\u00edna\u010de z\u00e1t\u011b\u017ee SF6<\/h3>\n<ul data-start=\"1064\" data-end=\"1149\">\n<li data-section-id=\"xmiurg\" data-start=\"1064\" data-end=\"1106\">Vysok\u00e1 spolehlivost sp\u00ednac\u00edho v\u00fdkonu<\/li>\n<li data-section-id=\"g919cy\" data-start=\"1107\" data-end=\"1149\">Vynikaj\u00edc\u00ed schopnost zh\u00e1\u0161en\u00ed oblouku<\/li>\n<\/ul>\n<p data-start=\"1151\" data-end=\"1189\">\ud83d\udc49 Zaji\u0161\u0165uje bezpe\u010dn\u00fd a stabiln\u00ed provoz<\/p>\n<hr data-start=\"1191\" data-end=\"1194\" \/>\n<h3 data-section-id=\"1xt7gxu\" data-start=\"1196\" data-end=\"1226\">\u2714 Kovov\u00e1 uzav\u0159en\u00e1 konstrukce<\/h3>\n<ul data-start=\"1227\" data-end=\"1298\">\n<li data-section-id=\"jufgzz\" data-start=\"1227\" data-end=\"1261\">Pln\u011b uzav\u0159en\u00e1 panc\u00e9\u0159ov\u00e1 sk\u0159\u00ed\u0148<\/li>\n<li data-section-id=\"1cbibis\" data-start=\"1262\" data-end=\"1298\">Vzduchot\u011bsn\u00e1 vnit\u0159n\u00ed konstrukce<\/li>\n<\/ul>\n<p data-start=\"1300\" data-end=\"1332\">\ud83d\udc49 Zvy\u0161uje bezpe\u010dnost provozu<\/p>\n<hr data-start=\"1334\" data-end=\"1337\" \/>\n<h3 data-section-id=\"nmp87m\" data-start=\"1339\" data-end=\"1369\">\u2714 Sch\u00e9mata flexibiln\u00edch obvod\u016f<\/h3>\n<ul data-start=\"1370\" data-end=\"1462\">\n<li data-section-id=\"ivfvff\" data-start=\"1370\" data-end=\"1415\">Podporuje koncov\u00e9 a kruhov\u00e9 s\u00ed\u0165ov\u00e9 zapojen\u00ed<\/li>\n<li data-section-id=\"1l6lnne\" data-start=\"1416\" data-end=\"1462\">P\u0159izp\u016fsoben\u00ed r\u016fzn\u00fdm konfigurac\u00edm syst\u00e9mu<\/li>\n<\/ul>\n<hr data-start=\"1464\" data-end=\"1467\" \/>\n<h3 data-section-id=\"1gxptii\" data-start=\"1469\" data-end=\"1505\">\u2714 Kompletn\u00ed integrace komponent<\/h3>\n<p data-start=\"1506\" data-end=\"1515\">Zahrnuje:<\/p>\n<ul data-start=\"1516\" data-end=\"1629\">\n<li data-section-id=\"zza4lc\" data-start=\"1516\" data-end=\"1541\">Sp\u00edna\u010d p\u0159eru\u0161en\u00ed z\u00e1t\u011b\u017ee SF6<\/li>\n<li data-section-id=\"1wup980\" data-start=\"1542\" data-end=\"1561\">Uzem\u0148ovac\u00ed sp\u00edna\u010d<\/li>\n<li data-section-id=\"1yhabhp\" data-start=\"1562\" data-end=\"1570\">Pojistka<\/li>\n<li data-section-id=\"1vf5890\" data-start=\"1571\" data-end=\"1603\">Transform\u00e1tory proudu\/nap\u011bt\u00ed<\/li>\n<li data-section-id=\"9wlt9w\" data-start=\"1604\" data-end=\"1629\">Sekund\u00e1rn\u00ed n\u00e1stroje<\/li>\n<\/ul>\n<p data-start=\"1631\" data-end=\"1674\">\ud83d\udc49 Spl\u0148uje r\u016fzn\u00e9 technick\u00e9 po\u017eadavky<\/p>\n<hr data-start=\"1676\" data-end=\"1679\" \/>\n<h3 data-section-id=\"12n2clq\" data-start=\"1681\" data-end=\"1719\">\u2714 Spolehliv\u00e9 mechanick\u00e9 blokov\u00e1n\u00ed<\/h3>\n<ul data-start=\"1720\" data-end=\"1905\">\n<li data-section-id=\"12itbxq\" data-start=\"1720\" data-end=\"1749\">Vestav\u011bn\u00fd blokovac\u00ed syst\u00e9m<\/li>\n<li data-section-id=\"opbivp\" data-start=\"1750\" data-end=\"1905\">Pln\u011b vyhovuje <strong data-start=\"1764\" data-end=\"1805\">\u201cBezpe\u010dnostn\u00ed po\u017eadavky \u201dP\u011bt prevenc\u00ed\"<\/strong>:\n<ul data-start=\"1809\" data-end=\"1905\">\n<li data-section-id=\"10220o4\" data-start=\"1809\" data-end=\"1833\">Zabr\u00e1n\u011bn\u00ed nespr\u00e1vn\u00e9 \u010dinnosti<\/li>\n<li data-section-id=\"1d8zgdx\" data-start=\"1836\" data-end=\"1862\">Zabr\u00e1n\u011bn\u00ed uzemn\u011bn\u00ed pod nap\u011bt\u00edm<\/li>\n<li data-section-id=\"1xh9vyq\" data-start=\"1865\" data-end=\"1905\">Zabr\u00e1n\u011bn\u00ed nespr\u00e1vn\u00e9 sp\u00ednac\u00ed sekvenci<\/li>\n<\/ul>\n<\/li>\n<\/ul>\n<hr data-start=\"1907\" data-end=\"1910\" \/>\n<h3 data-section-id=\"1ney3w6\" data-start=\"1912\" data-end=\"1943\">\u2714 Vysok\u00e1 bezpe\u010dnost a spolehlivost<\/h3>\n<ul data-start=\"1944\" data-end=\"2044\">\n<li data-section-id=\"1trnttq\" data-start=\"1944\" data-end=\"1990\">Stabiln\u00ed provoz v syst\u00e9mech st\u0159edn\u00edho nap\u011bt\u00ed<\/li>\n<li data-section-id=\"1upbm1x\" data-start=\"1991\" data-end=\"2044\">Vhodn\u00e9 pro prost\u0159ed\u00ed s nep\u0159etr\u017eit\u00fdm nap\u00e1jen\u00edm<\/li>\n<\/ul>\n<hr data-start=\"2046\" data-end=\"2049\" \/>\n<h2 data-section-id=\"1hq6i26\" data-start=\"2051\" data-end=\"2074\">\ud83d\udd39 Konstruk\u010dn\u00ed n\u00e1vrh<\/h2>\n<h3 data-section-id=\"8fsvm5\" data-start=\"2076\" data-end=\"2095\">\ud83d\udd38 Typ sk\u0159\u00edn\u011b<\/h3>\n<ul data-start=\"2096\" data-end=\"2183\">\n<li data-section-id=\"6ycy0i\" data-start=\"2096\" data-end=\"2129\">Uzav\u0159en\u00e1 konstrukce s kovov\u00fdm pl\u00e1\u0161t\u011bm<\/li>\n<li data-section-id=\"9mhacx\" data-start=\"2130\" data-end=\"2160\">Vzduchem izolovan\u00e9 prostory<\/li>\n<li data-section-id=\"19bdaax\" data-start=\"2161\" data-end=\"2183\">Kompaktn\u00ed a robustn\u00ed<\/li>\n<\/ul>\n<hr data-start=\"2185\" data-end=\"2188\" \/>\n<h3 data-section-id=\"1k4dlis\" data-start=\"2190\" data-end=\"2213\">\ud83d\udd38 P\u0159ep\u00ednac\u00ed syst\u00e9m<\/h3>\n<ul data-start=\"2214\" data-end=\"2300\">\n<li data-section-id=\"1pc7u17\" data-start=\"2214\" data-end=\"2254\">Sp\u00edna\u010d p\u0159eru\u0161en\u00ed z\u00e1t\u011b\u017ee SF6 jako hlavn\u00ed sp\u00edna\u010d<\/li>\n<li data-section-id=\"19peevs\" data-start=\"2255\" data-end=\"2300\">Integrovan\u00fd uzem\u0148ovac\u00ed a ochrann\u00fd syst\u00e9m<\/li>\n<\/ul>\n<hr data-start=\"2302\" data-end=\"2305\" \/>\n<h3 data-section-id=\"1x6mgn9\" data-start=\"2307\" data-end=\"2331\">\ud83d\udd38 Ochrann\u00fd syst\u00e9m<\/h3>\n<ul data-start=\"2332\" data-end=\"2409\">\n<li data-section-id=\"1vzhk71\" data-start=\"2332\" data-end=\"2368\">Pojistkov\u00e1 ochrana transform\u00e1tor\u016f<\/li>\n<li data-section-id=\"1jqn82g\" data-start=\"2369\" data-end=\"2409\">Mo\u017enost kompletn\u00ed ochrany proti poruch\u00e1m<\/li>\n<\/ul>\n<hr data-start=\"2411\" data-end=\"2414\" \/>\n<h3 data-section-id=\"1ux2mw7\" data-start=\"2416\" data-end=\"2436\">\ud83d\udd38 Roz\u0161i\u0159itelnost<\/h3>\n<ul data-start=\"2437\" data-end=\"2518\">\n<li data-section-id=\"hkvjgg\" data-start=\"2437\" data-end=\"2479\">Modul\u00e1rn\u00ed konstrukce umo\u017e\u0148uje budouc\u00ed roz\u0161\u00ed\u0159en\u00ed<\/li>\n<li data-section-id=\"cucwfa\" data-start=\"2480\" data-end=\"2518\">Vhodn\u00e9 pro rostouc\u00ed energetick\u00e9 syst\u00e9my<\/li>\n<\/ul>\n<hr data-start=\"2520\" data-end=\"2523\" \/>\n<h2 data-section-id=\"15du31k\" data-start=\"2525\" data-end=\"2543\">\ud83d\udd39 Aplikace<\/h2>\n<p data-start=\"2545\" data-end=\"2580\">RMU XGN15-12 se \u0161iroce pou\u017e\u00edv\u00e1 v:<\/p>\n<ul data-start=\"2582\" data-end=\"2841\">\n<li data-section-id=\"86zm1h\" data-start=\"2582\" data-end=\"2622\">Distribuce elektrick\u00e9 energie v m\u011bstsk\u00fdch obytn\u00fdch domech<\/li>\n<li data-section-id=\"zcg4fz\" data-start=\"2623\" data-end=\"2648\">Sekund\u00e1rn\u00ed rozvodny<\/li>\n<li data-section-id=\"114sfdf\" data-start=\"2649\" data-end=\"2671\">Sp\u00ednac\u00ed stanice<\/li>\n<li data-section-id=\"eakz7s\" data-start=\"2672\" data-end=\"2709\">Pr\u016fmyslov\u00e9 a t\u011b\u017eebn\u00ed podniky<\/li>\n<li data-section-id=\"hfihxt\" data-start=\"2710\" data-end=\"2734\">Komer\u010dn\u00ed budovy<\/li>\n<li data-section-id=\"1b8blr8\" data-start=\"2735\" data-end=\"2765\">Leti\u0161t\u011b a syst\u00e9my metra<\/li>\n<li data-section-id=\"18stwit\" data-start=\"2766\" data-end=\"2789\">Projekty v\u011btrn\u00e9 energie<\/li>\n<li data-section-id=\"1v8duec\" data-start=\"2790\" data-end=\"2816\">Nemocnice a stadiony<\/li>\n<li data-section-id=\"11oc9le\" data-start=\"2817\" data-end=\"2841\">\u017deleznice a tunely<\/li>\n<\/ul>\n<hr data-start=\"2843\" data-end=\"2846\" \/>\n<h2 data-section-id=\"1rg4wz9\" data-start=\"2848\" data-end=\"2872\">\ud83d\udd39 P\u0159ehled v\u00fdhod<\/h2>\n<ul data-start=\"2874\" data-end=\"3139\">\n<li data-section-id=\"1x16qe3\" data-start=\"2874\" data-end=\"2909\">Kompaktn\u00ed a prostorov\u011b \u00fasporn\u00fd design<\/li>\n<li data-section-id=\"1bsc137\" data-start=\"2910\" data-end=\"2960\">Vysok\u00e1 spolehlivost d\u00edky sp\u00ednac\u00ed technologii SF6<\/li>\n<li data-section-id=\"lol72i\" data-start=\"2961\" data-end=\"3002\">Flexibiln\u00ed a roz\u0161i\u0159iteln\u00e1 konfigurace<\/li>\n<li data-section-id=\"1nkqwt3\" data-start=\"3003\" data-end=\"3042\">Kompletn\u00ed bezpe\u010dnostn\u00ed blokovac\u00ed syst\u00e9m<\/li>\n<li data-section-id=\"18p92t7\" data-start=\"3043\" data-end=\"3098\">Vhodn\u00e9 pro kruhovou s\u00ed\u0165 a koncov\u00e9 rozvody<\/li>\n<li data-section-id=\"crou16\" data-start=\"3099\" data-end=\"3139\">Ide\u00e1ln\u00ed pro modern\u00ed m\u011bstsk\u00e9 energetick\u00e9 syst\u00e9my<\/li>\n<\/ul>\n<hr data-start=\"3141\" data-end=\"3144\" \/>\n<h1 data-section-id=\"1lxd8kj\" data-start=\"3146\" data-end=\"3153\">\u2753 \u010cASTO KLADEN\u00c9 OT\u00c1ZKY<\/h1>\n<h3 data-section-id=\"1ukyt9j\" data-start=\"3155\" data-end=\"3193\">1\ufe0f\u20e3 Co je to kruhov\u00e1 hlavn\u00ed jednotka SF6?<\/h3>\n<p data-start=\"3195\" data-end=\"3344\">. <strong data-start=\"3198\" data-end=\"3209\">SF6 RMU<\/strong> je rozv\u00e1d\u011b\u010d st\u0159edn\u00edho nap\u011bt\u00ed pou\u017e\u00edvaj\u00edc\u00ed <strong data-start=\"3247\" data-end=\"3278\">Plynov\u00e9 vyp\u00edna\u010de z\u00e1t\u011b\u017ee SF6<\/strong> pro bezpe\u010dnou a spolehlivou distribuci energie v kruhov\u00fdch s\u00ed\u0165ov\u00fdch syst\u00e9mech.<\/p>\n<hr data-start=\"3346\" data-end=\"3349\" \/>\n<h3 data-section-id=\"uv2j8y\" data-start=\"3351\" data-end=\"3403\">2\ufe0f\u20e3 Pro jakou \u00farove\u0148 nap\u011bt\u00ed je XGN15-12 vhodn\u00fd?<\/h3>\n<p data-start=\"3405\" data-end=\"3465\">Je ur\u010den pro:<br \/>\n\ud83d\udc49 <strong data-start=\"3428\" data-end=\"3465\">12kV st\u0159edn\u011bnap\u011b\u0165ov\u00e9 nap\u00e1jec\u00ed syst\u00e9my<\/strong><\/p>\n<hr data-start=\"3467\" data-end=\"3470\" \/>\n<h3 data-section-id=\"tk3rvm\" data-start=\"3472\" data-end=\"3512\">3\ufe0f\u20e3 Kde se tato RMU b\u011b\u017en\u011b pou\u017e\u00edv\u00e1?<\/h3>\n<p data-start=\"3514\" data-end=\"3535\">Je \u0161iroce pou\u017e\u00edv\u00e1n v:<\/p>\n<ul data-start=\"3536\" data-end=\"3607\">\n<li data-section-id=\"1k1ryxi\" data-start=\"3536\" data-end=\"3557\">M\u011bstsk\u00e9 energetick\u00e9 s\u00edt\u011b<\/li>\n<li data-section-id=\"8295nf\" data-start=\"3558\" data-end=\"3579\">Pr\u016fmyslov\u00e9 z\u00e1vody<\/li>\n<li data-section-id=\"1e17v55\" data-start=\"3580\" data-end=\"3607\">Projekty infrastruktury<\/li>\n<\/ul>\n<hr data-start=\"3609\" data-end=\"3612\" \/>\n<h3 data-section-id=\"4brwmt\" data-start=\"3614\" data-end=\"3664\">4\ufe0f\u20e3 Jak\u00e9 jsou v\u00fdhody rozv\u00e1d\u011b\u010d\u016f SF6?<\/h3>\n<ul data-start=\"3666\" data-end=\"3782\">\n<li data-section-id=\"1b4urz8\" data-start=\"3666\" data-end=\"3702\">Vynikaj\u00edc\u00ed izola\u010dn\u00ed vlastnosti<\/li>\n<li data-section-id=\"ub7qiv\" data-start=\"3703\" data-end=\"3739\">Siln\u00e1 schopnost zh\u00e1\u0161en\u00ed oblouku<\/li>\n<li data-section-id=\"hlwggc\" data-start=\"3740\" data-end=\"3782\">Vysok\u00e1 spolehlivost a dlouh\u00e1 \u017eivotnost<\/li>\n<\/ul>\n<hr data-start=\"3784\" data-end=\"3787\" \/>\n<h3 data-section-id=\"1vzxbic\" data-start=\"3789\" data-end=\"3830\">5\ufe0f\u20e3 Lze RMU XGN15-12 roz\u0161\u00ed\u0159it?<\/h3>\n<p data-start=\"3832\" data-end=\"3915\">Ano, je vybaven <strong data-start=\"3851\" data-end=\"3880\">modul\u00e1rn\u00ed roz\u0161i\u0159iteln\u00e1 konstrukce<\/strong>, co\u017e umo\u017e\u0148uje budouc\u00ed roz\u0161\u00ed\u0159en\u00ed syst\u00e9mu.<\/p>","protected":false},"excerpt":{"rendered":"<p data-start=\"244\" data-end=\"452\">\u0158ada XGN15-12 SF6 Ring Main Unit (RMU) je rozv\u00e1d\u011b\u010d st\u0159edn\u00ed nap\u011bt\u00ed nov\u00e9 generace, jeho\u017e hlavn\u00ed sp\u00ednac\u00ed sou\u010d\u00e1st\u00ed jsou vyp\u00edna\u010de SF6 a konstrukce se vzduchovou izolac\u00ed.<\/p>\n<p data-start=\"454\" data-end=\"609\">M\u00e1 kompaktn\u00ed, modul\u00e1rn\u00ed a roz\u0161i\u0159itelnou konstrukci, tak\u017ee je ide\u00e1ln\u00ed pro modern\u00ed distribu\u010dn\u00ed syst\u00e9my kruhov\u00fdch s\u00edt\u00ed a koncov\u00e9 rozvodny.<\/p>","protected":false},"featured_media":2141,"comment_status":"open","ping_status":"closed","template":"","meta":{"site-sidebar-layout":"default","site-content-layout":"","ast-site-content-layout":"default","site-content-style":"default","site-sidebar-style":"default","ast-global-header-display":"","ast-banner-title-visibility":"","ast-main-header-display":"","ast-hfb-above-header-display":"","ast-hfb-below-header-display":"","ast-hfb-mobile-header-display":"","site-post-title":"","ast-breadcrumbs-content":"","ast-featured-img":"","footer-sml-layout":"","ast-disable-related-posts":"","theme-transparent-header-meta":"default","adv-header-id-meta":"","stick-header-meta":"","header-above-stick-meta":"","header-main-stick-meta":"","header-below-stick-meta":"","astra-migrate-meta-layouts":"set","ast-page-background-enabled":"default","ast-page-background-meta":{"desktop":{"background-color":"","background-image":"","background-repeat":"repeat","background-position":"center center","background-size":"auto","background-attachment":"scroll","background-type":"","background-media":"","overlay-type":"","overlay-color":"","overlay-opacity":"","overlay-gradient":""},"tablet":{"background-color":"","background-image":"","background-repeat":"repeat","background-position":"center center","background-size":"auto","background-attachment":"scroll","background-type":"","background-media":"","overlay-type":"","overlay-color":"","overlay-opacity":"","overlay-gradient":""},"mobile":{"background-color":"","background-image":"","background-repeat":"repeat","background-position":"center center","background-size":"auto","background-attachment":"scroll","background-type":"","background-media":"","overlay-type":"","overlay-color":"","overlay-opacity":"","overlay-gradient":""}},"ast-content-background-meta":{"desktop":{"background-color":"var(--ast-global-color-5)","background-image":"","background-repeat":"repeat","background-position":"center center","background-size":"auto","background-attachment":"scroll","background-type":"","background-media":"","overlay-type":"","overlay-color":"","overlay-opacity":"","overlay-gradient":""},"tablet":{"background-color":"var(--ast-global-color-5)","background-image":"","background-repeat":"repeat","background-position":"center center","background-size":"auto","background-attachment":"scroll","background-type":"","background-media":"","overlay-type":"","overlay-color":"","overlay-opacity":"","overlay-gradient":""},"mobile":{"background-color":"var(--ast-global-color-5)","background-image":"","background-repeat":"repeat","background-position":"center center","background-size":"auto","background-attachment":"scroll","background-type":"","background-media":"","overlay-type":"","overlay-color":"","overlay-opacity":"","overlay-gradient":""}}},"product_brand":[],"product_cat":[2035,2032],"product_tag":[2119,2124,2104,2125,2120,2122,2097,2123,2121,2117,2114,2118],"class_list":{"0":"post-2140","1":"product","2":"type-product","3":"status-publish","4":"has-post-thumbnail","6":"product_cat-high-and-low-voltage-switchgear","7":"product_cat-electrical-equipment","8":"product_tag-12kv-rmu","9":"product_tag-air-insulated-switchgear","10":"product_tag-electrical-switchgear","11":"product_tag-industrial-power-equipment","12":"product_tag-medium-voltage-switchgear","13":"product_tag-metal-enclosed-switchgear","14":"product_tag-power-distribution-equipment","15":"product_tag-ring-network-cabinet","16":"product_tag-sf6-load-break-switch","17":"product_tag-sf6-ring-main-unit","18":"product_tag-substation-equipment","19":"product_tag-xgn15-12-switchgear","20":"desktop-align-left","21":"tablet-align-left","22":"mobile-align-left","24":"first","25":"instock","26":"shipping-taxable","27":"product-type-simple"},"_links":{"self":[{"href":"https:\/\/www.wonzh.com\/cs\/wp-json\/wp\/v2\/product\/2140","targetHints":{"allow":["GET"]}}],"collection":[{"href":"https:\/\/www.wonzh.com\/cs\/wp-json\/wp\/v2\/product"}],"about":[{"href":"https:\/\/www.wonzh.com\/cs\/wp-json\/wp\/v2\/types\/product"}],"replies":[{"embeddable":true,"href":"https:\/\/www.wonzh.com\/cs\/wp-json\/wp\/v2\/comments?post=2140"}],"wp:featuredmedia":[{"embeddable":true,"href":"https:\/\/www.wonzh.com\/cs\/wp-json\/wp\/v2\/media\/2141"}],"wp:attachment":[{"href":"https:\/\/www.wonzh.com\/cs\/wp-json\/wp\/v2\/media?parent=2140"}],"wp:term":[{"taxonomy":"product_brand","embeddable":true,"href":"https:\/\/www.wonzh.com\/cs\/wp-json\/wp\/v2\/product_brand?post=2140"},{"taxonomy":"product_cat","embeddable":true,"href":"https:\/\/www.wonzh.com\/cs\/wp-json\/wp\/v2\/product_cat?post=2140"},{"taxonomy":"product_tag","embeddable":true,"href":"https:\/\/www.wonzh.com\/cs\/wp-json\/wp\/v2\/product_tag?post=2140"}],"curies":[{"name":"wp","href":"https:\/\/api.w.org\/{rel}","templated":true}]}}