{"id":2132,"date":"2026-04-28T15:33:52","date_gmt":"2026-04-28T15:33:52","guid":{"rendered":"https:\/\/www.wonzh.com\/?post_type=product&#038;p=2132"},"modified":"2026-04-29T16:14:16","modified_gmt":"2026-04-29T16:14:16","slug":"gcs-low-voltage-withdrawable-switchgear-up-to-4000a-power-distribution-motor-control-system","status":"publish","type":"product","link":"https:\/\/www.wonzh.com\/cs\/product\/gcs-low-voltage-withdrawable-switchgear-up-to-4000a-power-distribution-motor-control-system\/","title":{"rendered":"N\u00edzkonap\u011b\u0165ov\u00e9 v\u00fdsuvn\u00e9 rozv\u00e1d\u011b\u010de GCS (syst\u00e9m rozvodu energie a \u0159\u00edzen\u00ed motor\u016f do 4000 A)"},"content":{"rendered":"<p data-start=\"255\" data-end=\"423\">N\u00edzkonap\u011b\u0165ov\u00e9 v\u00fdsuvn\u00e9 rozv\u00e1d\u011b\u010de \u0159ady GCS jsou ur\u010deny pro distribuci energie, \u0159\u00edzen\u00ed motor\u016f a kompenzaci jalov\u00e9ho v\u00fdkonu v modern\u00edch energetick\u00fdch syst\u00e9mech.<\/p>\n<p data-start=\"425\" data-end=\"483\">Je vhodn\u00fd pro t\u0159\u00edf\u00e1zov\u00e9 st\u0159\u00eddav\u00e9 syst\u00e9my (50 Hz) s<img fetchpriority=\"high\" decoding=\"async\" class=\"size-medium wp-image-2133 alignright\" src=\"https:\/\/www.wonzh.com\/wp-content\/uploads\/2026\/04\/GCS-Low-Voltage-Withdrawable-Switchgear-Up-to-4000A-Power-Distribution-Motor-Control-System-300x300.png\" alt=\"\" width=\"300\" height=\"300\" srcset=\"https:\/\/www.wonzh.com\/wp-content\/uploads\/2026\/04\/GCS-Low-Voltage-Withdrawable-Switchgear-Up-to-4000A-Power-Distribution-Motor-Control-System-300x300.png 300w, https:\/\/www.wonzh.com\/wp-content\/uploads\/2026\/04\/GCS-Low-Voltage-Withdrawable-Switchgear-Up-to-4000A-Power-Distribution-Motor-Control-System-150x150.png 150w, https:\/\/www.wonzh.com\/wp-content\/uploads\/2026\/04\/GCS-Low-Voltage-Withdrawable-Switchgear-Up-to-4000A-Power-Distribution-Motor-Control-System-768x768.png 768w, https:\/\/www.wonzh.com\/wp-content\/uploads\/2026\/04\/GCS-Low-Voltage-Withdrawable-Switchgear-Up-to-4000A-Power-Distribution-Motor-Control-System-12x12.png 12w, https:\/\/www.wonzh.com\/wp-content\/uploads\/2026\/04\/GCS-Low-Voltage-Withdrawable-Switchgear-Up-to-4000A-Power-Distribution-Motor-Control-System-600x600.png 600w, https:\/\/www.wonzh.com\/wp-content\/uploads\/2026\/04\/GCS-Low-Voltage-Withdrawable-Switchgear-Up-to-4000A-Power-Distribution-Motor-Control-System-100x100.png 100w, https:\/\/www.wonzh.com\/wp-content\/uploads\/2026\/04\/GCS-Low-Voltage-Withdrawable-Switchgear-Up-to-4000A-Power-Distribution-Motor-Control-System.png 1000w\" sizes=\"(max-width: 300px) 100vw, 300px\" \/>h:<\/p>\n<ul data-start=\"484\" data-end=\"553\">\n<li data-section-id=\"1ua275e\" data-start=\"484\" data-end=\"518\">Jmenovit\u00e9 nap\u011bt\u00ed: 400V \/ 690V<\/li>\n<li data-section-id=\"1ui9t9i\" data-start=\"519\" data-end=\"553\">Jmenovit\u00fd proud: a\u017e 4000 A<\/li>\n<\/ul>\n<p data-start=\"555\" data-end=\"789\">Modul\u00e1rn\u00ed v\u00fdsuvn\u00e1 konstrukce umo\u017e\u0148uje flexibiln\u00ed provoz, snadnou \u00fadr\u017ebu a vysokou spolehlivost syst\u00e9mu, tak\u017ee je ide\u00e1ln\u00ed pro pr\u016fmyslov\u00e9 a infrastrukturn\u00ed aplikace vy\u017eaduj\u00edc\u00ed nep\u0159etr\u017eitou a inteligentn\u00ed spr\u00e1vu nap\u00e1jen\u00ed.<\/p>\n<p data-start=\"791\" data-end=\"812\">Je \u0161iroce pou\u017e\u00edv\u00e1n v:<\/p>\n<ul data-start=\"813\" data-end=\"1000\">\n<li data-section-id=\"13gp9hh\" data-start=\"813\" data-end=\"845\">Elektr\u00e1rny a rozvodny<\/li>\n<li data-section-id=\"v68dal\" data-start=\"846\" data-end=\"882\">Petrochemick\u00fd a ropn\u00fd pr\u016fmysl<\/li>\n<li data-section-id=\"17rxug5\" data-start=\"883\" data-end=\"929\">Hutnick\u00fd a zpracovatelsk\u00fd pr\u016fmysl<\/li>\n<li data-section-id=\"18q0d1j\" data-start=\"930\" data-end=\"951\">Textiln\u00ed tov\u00e1rny<\/li>\n<li data-section-id=\"1ij7n1e\" data-start=\"952\" data-end=\"1000\">V\u00fd\u0161kov\u00e9 budovy a komer\u010dn\u00ed komplexy<\/li>\n<\/ul>\n<hr data-start=\"1002\" data-end=\"1005\" \/>\n<h2 data-section-id=\"17fvu7l\" data-start=\"1007\" data-end=\"1025\">\ud83d\udd39 Kl\u00ed\u010dov\u00e9 funkce<\/h2>\n<h3 data-section-id=\"1ms3rs4\" data-start=\"1027\" data-end=\"1060\">\u2714 Modul\u00e1rn\u00ed stahovateln\u00fd design<\/h3>\n<ul data-start=\"1061\" data-end=\"1145\">\n<li data-section-id=\"rzk20g\" data-start=\"1061\" data-end=\"1093\">Z\u00e1suvkov\u00e9 funk\u010dn\u00ed jednotky<\/li>\n<li data-section-id=\"1bdsdea\" data-start=\"1094\" data-end=\"1145\">Snadn\u00e1 instalace, v\u00fdm\u011bna a \u00fadr\u017eba<\/li>\n<\/ul>\n<p data-start=\"1147\" data-end=\"1192\">\ud83d\udc49 Sni\u017euje prostoje a zvy\u0161uje efektivitu<\/p>\n<hr data-start=\"1194\" data-end=\"1197\" \/>\n<h3 data-section-id=\"2w9o6u\" data-start=\"1199\" data-end=\"1230\">\u2714 Vysok\u00e1 spolehlivost a bezpe\u010dnost<\/h3>\n<ul data-start=\"1231\" data-end=\"1328\">\n<li data-section-id=\"1gq6mz6\" data-start=\"1231\" data-end=\"1274\">Pokro\u010dil\u00fd syst\u00e9m elektrick\u00e9ho blokov\u00e1n\u00ed<\/li>\n<li data-section-id=\"nhyewn\" data-start=\"1275\" data-end=\"1300\">Zabra\u0148uje nespr\u00e1vn\u00e9 \u010dinnosti<\/li>\n<li data-section-id=\"1605knx\" data-start=\"1301\" data-end=\"1328\">Zaji\u0161\u0165uje bezpe\u010dnost obsluhy<\/li>\n<\/ul>\n<hr data-start=\"1330\" data-end=\"1333\" \/>\n<h3 data-section-id=\"u4z51z\" data-start=\"1335\" data-end=\"1363\">\u2714 Flexibiln\u00ed konfigurace<\/h3>\n<ul data-start=\"1364\" data-end=\"1455\">\n<li data-section-id=\"sazqw8\" data-start=\"1364\" data-end=\"1455\">Podporuje:\n<ul data-start=\"1378\" data-end=\"1455\">\n<li data-section-id=\"1tv7qr1\" data-start=\"1378\" data-end=\"1400\">Distribuce energie<\/li>\n<li data-section-id=\"zm7t8o\" data-start=\"1403\" data-end=\"1426\">\u0158\u00edzen\u00ed motoru (MCC)<\/li>\n<li data-section-id=\"yuz8vg\" data-start=\"1429\" data-end=\"1455\">Kompenzace kondenz\u00e1toru<\/li>\n<\/ul>\n<\/li>\n<\/ul>\n<p data-start=\"1457\" data-end=\"1504\">\ud83d\udc49 Vhodn\u00e9 pro r\u016fzn\u00e9 sc\u00e9n\u00e1\u0159e pou\u017eit\u00ed<\/p>\n<hr data-start=\"1506\" data-end=\"1509\" \/>\n<h3 data-section-id=\"11dpq2p\" data-start=\"1511\" data-end=\"1538\">\u2714 Vysok\u00e1 proudov\u00e1 kapacita<\/h3>\n<ul data-start=\"1539\" data-end=\"1615\">\n<li data-section-id=\"1udyif0\" data-start=\"1539\" data-end=\"1572\">Jmenovit\u00fd proud a\u017e 4000 A<\/li>\n<li data-section-id=\"11waltv\" data-start=\"1573\" data-end=\"1615\">Vhodn\u00e9 pro rozs\u00e1hl\u00e9 energetick\u00e9 syst\u00e9my<\/li>\n<\/ul>\n<hr data-start=\"1617\" data-end=\"1620\" \/>\n<h3 data-section-id=\"56aejm\" data-start=\"1622\" data-end=\"1658\">\u2714 schopnost inteligentn\u00edho \u0159\u00edzen\u00ed<\/h3>\n<ul data-start=\"1659\" data-end=\"1759\">\n<li data-section-id=\"1q3ju9x\" data-start=\"1659\" data-end=\"1697\">Kompatibiln\u00ed s automatiza\u010dn\u00edmi syst\u00e9my<\/li>\n<li data-section-id=\"ls73aw\" data-start=\"1698\" data-end=\"1759\">Podporuje komunikaci s po\u010d\u00edta\u010di a \u0159\u00eddic\u00edmi syst\u00e9my<\/li>\n<\/ul>\n<p data-start=\"1761\" data-end=\"1813\">\ud83d\udc49 Ide\u00e1ln\u00ed pro chytr\u00e9 tov\u00e1rny a automatizovan\u00e9 syst\u00e9my<\/p>\n<hr data-start=\"1815\" data-end=\"1818\" \/>\n<h3 data-section-id=\"1hweg03\" data-start=\"1820\" data-end=\"1845\">\u2714 Siln\u00e1 p\u0159izp\u016fsobivost<\/h3>\n<ul data-start=\"1846\" data-end=\"1942\">\n<li data-section-id=\"ug4n5v\" data-start=\"1846\" data-end=\"1892\">Vhodn\u00e9 do drsn\u00e9ho pr\u016fmyslov\u00e9ho prost\u0159ed\u00ed<\/li>\n<li data-section-id=\"1e4pl9p\" data-start=\"1893\" data-end=\"1942\">Stabiln\u00ed v\u00fdkon p\u0159i nep\u0159etr\u017eit\u00e9m provozu<\/li>\n<\/ul>\n<hr data-start=\"1944\" data-end=\"1947\" \/>\n<h2 data-section-id=\"1hq6i26\" data-start=\"1949\" data-end=\"1972\">\ud83d\udd39 Konstruk\u010dn\u00ed n\u00e1vrh<\/h2>\n<h3 data-section-id=\"1xh03j4\" data-start=\"1974\" data-end=\"1998\">\ud83d\udd38 Struktura sk\u0159\u00edn\u011b<\/h3>\n<ul data-start=\"1999\" data-end=\"2099\">\n<li data-section-id=\"rca4d3\" data-start=\"1999\" data-end=\"2030\">Modul\u00e1rn\u00ed smontovan\u00e1 konstrukce<\/li>\n<li data-section-id=\"i5treg\" data-start=\"2031\" data-end=\"2060\">Vysokopevnostn\u00ed ocelov\u00fd r\u00e1m<\/li>\n<li data-section-id=\"1bdd9s6\" data-start=\"2061\" data-end=\"2099\">Kompaktn\u00ed a prostorov\u011b \u00fasporn\u00fd design<\/li>\n<\/ul>\n<hr data-start=\"2101\" data-end=\"2104\" \/>\n<h3 data-section-id=\"v76t0e\" data-start=\"2106\" data-end=\"2131\">\ud83d\udd38 Stahovateln\u00e9 jednotky<\/h3>\n<ul data-start=\"2132\" data-end=\"2221\">\n<li data-section-id=\"gzz3tl\" data-start=\"2132\" data-end=\"2175\">Z\u00e1suvkov\u00e9 proveden\u00ed funk\u010dn\u00edch jednotek<\/li>\n<li data-section-id=\"mhiher\" data-start=\"2176\" data-end=\"2221\">Standardizovan\u00e9 moduly pro snadnou v\u00fdm\u011bnu<\/li>\n<\/ul>\n<p data-start=\"2223\" data-end=\"2234\">\u27a1 V\u00fdhody:<\/p>\n<ul data-start=\"2235\" data-end=\"2277\">\n<li data-section-id=\"1o62h68\" data-start=\"2235\" data-end=\"2256\">Rychl\u00e1 \u00fadr\u017eba<\/li>\n<li data-section-id=\"16zesr\" data-start=\"2257\" data-end=\"2277\">Zkr\u00e1cen\u00ed prostoj\u016f<\/li>\n<\/ul>\n<hr data-start=\"2279\" data-end=\"2282\" \/>\n<h3 data-section-id=\"1tnodmb\" data-start=\"2284\" data-end=\"2304\">\ud83d\udd38 Syst\u00e9m p\u0159\u00edpojnic<\/h3>\n<ul data-start=\"2305\" data-end=\"2383\">\n<li data-section-id=\"rj0pb8\" data-start=\"2305\" data-end=\"2341\">Vysoce vodiv\u00e9 m\u011bd\u011bn\u00e9 p\u0159\u00edpojnice<\/li>\n<li data-section-id=\"11i1xl1\" data-start=\"2342\" data-end=\"2383\">Optimalizovan\u00e9 uspo\u0159\u00e1d\u00e1n\u00ed pro odvod tepla<\/li>\n<\/ul>\n<p data-start=\"2385\" data-end=\"2396\">\u27a1 Funkce:<\/p>\n<ul data-start=\"2397\" data-end=\"2447\">\n<li data-section-id=\"11d9kpn\" data-start=\"2397\" data-end=\"2422\">Vysok\u00e1 proudov\u00e1 kapacita<\/li>\n<li data-section-id=\"173shq5\" data-start=\"2423\" data-end=\"2447\">N\u00edzk\u00fd n\u00e1r\u016fst teploty<\/li>\n<\/ul>\n<hr data-start=\"2449\" data-end=\"2452\" \/>\n<h3 data-section-id=\"1x6mgn9\" data-start=\"2454\" data-end=\"2478\">\ud83d\udd38 Ochrann\u00fd syst\u00e9m<\/h3>\n<ul data-start=\"2479\" data-end=\"2590\">\n<li data-section-id=\"1qpbf50\" data-start=\"2479\" data-end=\"2590\">Kompletn\u00ed ochrann\u00e9 funkce:\n<ul data-start=\"2514\" data-end=\"2590\">\n<li data-section-id=\"14s7m03\" data-start=\"2514\" data-end=\"2537\">Ochrana proti p\u0159et\u00ed\u017een\u00ed<\/li>\n<li data-section-id=\"xnufhj\" data-start=\"2540\" data-end=\"2568\">Ochrana proti zkratu<\/li>\n<li data-section-id=\"1gniwxy\" data-start=\"2571\" data-end=\"2590\">Izolace poruch<\/li>\n<\/ul>\n<\/li>\n<\/ul>\n<hr data-start=\"2592\" data-end=\"2595\" \/>\n<h3 data-section-id=\"jsk2jm\" data-start=\"2597\" data-end=\"2627\">\ud83d\udd38 \u0158\u00edzen\u00ed a komunikace<\/h3>\n<ul data-start=\"2628\" data-end=\"2710\">\n<li data-section-id=\"12xyfr6\" data-start=\"2628\" data-end=\"2667\">Podporuje rozhran\u00ed PLC a po\u010d\u00edta\u010de<\/li>\n<li data-section-id=\"bkrhvp\" data-start=\"2668\" data-end=\"2710\">Vhodn\u00e9 pro automatizovan\u00e9 \u0159\u00eddic\u00ed syst\u00e9my<\/li>\n<\/ul>\n<hr data-start=\"2712\" data-end=\"2715\" \/>\n<h2 data-section-id=\"15du31k\" data-start=\"2717\" data-end=\"2735\">\ud83d\udd39 Aplikace<\/h2>\n<ul data-start=\"2737\" data-end=\"2922\">\n<li data-section-id=\"19y712\" data-start=\"2737\" data-end=\"2782\">Syst\u00e9my v\u00fdroby a distribuce energie<\/li>\n<li data-section-id=\"1qs4a2s\" data-start=\"2783\" data-end=\"2807\">Petrochemick\u00e9 z\u00e1vody<\/li>\n<li data-section-id=\"1y4z0ss\" data-start=\"2808\" data-end=\"2847\">Pr\u016fmyslov\u00e1 v\u00fdrobn\u00ed za\u0159\u00edzen\u00ed<\/li>\n<li data-section-id=\"6m4zjg\" data-start=\"2848\" data-end=\"2894\">V\u00fd\u0161kov\u00e9 budovy a obchodn\u00ed centra<\/li>\n<li data-section-id=\"1e17v55\" data-start=\"2895\" data-end=\"2922\">Projekty infrastruktury<\/li>\n<\/ul>\n<hr data-start=\"2924\" data-end=\"2927\" \/>\n<h2 data-section-id=\"1rg4wz9\" data-start=\"2929\" data-end=\"2953\">\ud83d\udd39 P\u0159ehled v\u00fdhod<\/h2>\n<ul data-start=\"2955\" data-end=\"3197\">\n<li data-section-id=\"z0351a\" data-start=\"2955\" data-end=\"2986\">Modul\u00e1rn\u00ed v\u00fdsuvn\u00e1 konstrukce<\/li>\n<li data-section-id=\"1wao6ap\" data-start=\"2987\" data-end=\"3018\">Vysok\u00e1 bezpe\u010dnost a spolehlivost<\/li>\n<li data-section-id=\"1q8mitz\" data-start=\"3019\" data-end=\"3068\">Flexibiln\u00ed konfigurace pro v\u00edce funkc\u00ed<\/li>\n<li data-section-id=\"82rthe\" data-start=\"3069\" data-end=\"3109\">Podpora inteligentn\u00edch \u0159\u00eddic\u00edch syst\u00e9m\u016f<\/li>\n<li data-section-id=\"1am4nmt\" data-start=\"3110\" data-end=\"3144\">Snadn\u00e1 \u00fadr\u017eba a obsluha<\/li>\n<li data-section-id=\"1kvgnyc\" data-start=\"3145\" data-end=\"3197\">Vhodn\u00e9 pro rozs\u00e1hl\u00e9 pr\u016fmyslov\u00e9 aplikace<\/li>\n<\/ul>\n<hr data-start=\"3199\" data-end=\"3202\" \/>\n<h1 data-section-id=\"1lxd8kj\" data-start=\"3204\" data-end=\"3211\">\u2753 \u010cASTO KLADEN\u00c9 OT\u00c1ZKY<\/h1>\n<h3 data-section-id=\"n1rjwe\" data-start=\"3213\" data-end=\"3255\">1\ufe0f\u20e3 Co je to v\u00fdsuvn\u00fd rozv\u00e1d\u011b\u010d?<\/h3>\n<p data-start=\"3257\" data-end=\"3384\">V\u00fdsuvn\u00fd rozv\u00e1d\u011b\u010d pou\u017e\u00edv\u00e1 z\u00e1suvkov\u00e9 jednotky, kter\u00e9 lze vyjmout nebo vym\u011bnit bez vypnut\u00ed cel\u00e9ho syst\u00e9mu.<\/p>\n<p data-start=\"3386\" data-end=\"3449\">\ud83d\udc49 T\u00edm se zvy\u0161uje efektivita \u00fadr\u017eby a spolehlivost syst\u00e9mu.<\/p>\n<hr data-start=\"3451\" data-end=\"3454\" \/>\n<h3 data-section-id=\"vheh8a\" data-start=\"3456\" data-end=\"3520\">2\ufe0f\u20e3 Jak\u00fd je rozd\u00edl mezi GCS a pevn\u00fdm rozv\u00e1d\u011b\u010dem?<\/h3>\n<ul data-start=\"3522\" data-end=\"3624\">\n<li data-section-id=\"fkedhn\" data-start=\"3522\" data-end=\"3575\">GCS: V\u00fdsuvn\u00fd, flexibiln\u00ed, snadn\u00e1 \u00fadr\u017eba<\/li>\n<li data-section-id=\"zfbo4r\" data-start=\"3576\" data-end=\"3624\">Pevn\u00fd typ: Ni\u017e\u0161\u00ed n\u00e1klady, ale men\u0161\u00ed flexibilita<\/li>\n<\/ul>\n<p data-start=\"3626\" data-end=\"3676\">\ud83d\udc49 GCS je vhodn\u011bj\u0161\u00ed pro slo\u017eit\u00e9 a kritick\u00e9 syst\u00e9my.<\/p>\n<hr data-start=\"3678\" data-end=\"3681\" \/>\n<h3 data-section-id=\"17jpg85\" data-start=\"3683\" data-end=\"3748\">3\ufe0f\u20e3 Lze rozv\u00e1d\u011b\u010de GCS integrovat s automatiza\u010dn\u00edmi syst\u00e9my?<\/h3>\n<p data-start=\"3750\" data-end=\"3767\">Ano, podporuje:<\/p>\n<ul data-start=\"3768\" data-end=\"3833\">\n<li data-section-id=\"11o480x\" data-start=\"3768\" data-end=\"3783\">Syst\u00e9my PLC<\/li>\n<li data-section-id=\"f41at5\" data-start=\"3784\" data-end=\"3807\">Po\u010d\u00edta\u010dov\u00e1 rozhran\u00ed<\/li>\n<li data-section-id=\"ecp77k\" data-start=\"3808\" data-end=\"3833\">Inteligentn\u00ed \u0159\u00eddic\u00ed syst\u00e9my<\/li>\n<\/ul>\n<p data-start=\"3835\" data-end=\"3886\">\ud83d\udc49 Ide\u00e1ln\u00ed pro pr\u016fmyslovou automatizaci a chytr\u00e9 s\u00edt\u011b.<\/p>\n<hr data-start=\"3888\" data-end=\"3891\" \/>\n<h3 data-section-id=\"1a8r5p4\" data-start=\"3893\" data-end=\"3945\">4\ufe0f\u20e3 V jak\u00fdch odv\u011btv\u00edch se b\u011b\u017en\u011b pou\u017e\u00edvaj\u00ed rozv\u00e1d\u011b\u010de GCS?<\/h3>\n<p data-start=\"3947\" data-end=\"3968\">Je \u0161iroce pou\u017e\u00edv\u00e1n v:<\/p>\n<ul data-start=\"3969\" data-end=\"4062\">\n<li data-section-id=\"1q4mphf\" data-start=\"3969\" data-end=\"3985\">Elektr\u00e1rny<\/li>\n<li data-section-id=\"njd3e2\" data-start=\"3986\" data-end=\"4012\">Petrochemick\u00fd pr\u016fmysl<\/li>\n<li data-section-id=\"u3fi1o\" data-start=\"4013\" data-end=\"4037\">V\u00fdrobn\u00ed z\u00e1vody<\/li>\n<li data-section-id=\"hfihxt\" data-start=\"4038\" data-end=\"4062\">Komer\u010dn\u00ed budovy<\/li>\n<\/ul>","protected":false},"excerpt":{"rendered":"<p data-start=\"255\" data-end=\"423\">N\u00edzkonap\u011b\u0165ov\u00e9 v\u00fdsuvn\u00e9 rozv\u00e1d\u011b\u010de \u0159ady GCS jsou ur\u010deny pro distribuci energie, \u0159\u00edzen\u00ed motor\u016f a kompenzaci jalov\u00e9ho v\u00fdkonu v modern\u00edch energetick\u00fdch syst\u00e9mech.<\/p>\n<p data-start=\"425\" data-end=\"483\">Je vhodn\u00fd pro t\u0159\u00edf\u00e1zov\u00e9 st\u0159\u00eddav\u00e9 syst\u00e9my (50 Hz) s:<\/p>\n<ul data-start=\"484\" data-end=\"553\">\n<li data-section-id=\"1ua275e\" data-start=\"484\" data-end=\"518\">Jmenovit\u00e9 nap\u011bt\u00ed: 400V \/ 690V<\/li>\n<li data-section-id=\"1ui9t9i\" data-start=\"519\" data-end=\"553\">Jmenovit\u00fd proud: a\u017e 4000 A<\/li>\n<\/ul>","protected":false},"featured_media":2133,"comment_status":"open","ping_status":"closed","template":"","meta":{"site-sidebar-layout":"default","site-content-layout":"","ast-site-content-layout":"default","site-content-style":"default","site-sidebar-style":"default","ast-global-header-display":"","ast-banner-title-visibility":"","ast-main-header-display":"","ast-hfb-above-header-display":"","ast-hfb-below-header-display":"","ast-hfb-mobile-header-display":"","site-post-title":"","ast-breadcrumbs-content":"","ast-featured-img":"","footer-sml-layout":"","ast-disable-related-posts":"","theme-transparent-header-meta":"default","adv-header-id-meta":"","stick-header-meta":"","header-above-stick-meta":"","header-main-stick-meta":"","header-below-stick-meta":"","astra-migrate-meta-layouts":"set","ast-page-background-enabled":"default","ast-page-background-meta":{"desktop":{"background-color":"","background-image":"","background-repeat":"repeat","background-position":"center center","background-size":"auto","background-attachment":"scroll","background-type":"","background-media":"","overlay-type":"","overlay-color":"","overlay-opacity":"","overlay-gradient":""},"tablet":{"background-color":"","background-image":"","background-repeat":"repeat","background-position":"center center","background-size":"auto","background-attachment":"scroll","background-type":"","background-media":"","overlay-type":"","overlay-color":"","overlay-opacity":"","overlay-gradient":""},"mobile":{"background-color":"","background-image":"","background-repeat":"repeat","background-position":"center center","background-size":"auto","background-attachment":"scroll","background-type":"","background-media":"","overlay-type":"","overlay-color":"","overlay-opacity":"","overlay-gradient":""}},"ast-content-background-meta":{"desktop":{"background-color":"var(--ast-global-color-5)","background-image":"","background-repeat":"repeat","background-position":"center center","background-size":"auto","background-attachment":"scroll","background-type":"","background-media":"","overlay-type":"","overlay-color":"","overlay-opacity":"","overlay-gradient":""},"tablet":{"background-color":"var(--ast-global-color-5)","background-image":"","background-repeat":"repeat","background-position":"center center","background-size":"auto","background-attachment":"scroll","background-type":"","background-media":"","overlay-type":"","overlay-color":"","overlay-opacity":"","overlay-gradient":""},"mobile":{"background-color":"var(--ast-global-color-5)","background-image":"","background-repeat":"repeat","background-position":"center center","background-size":"auto","background-attachment":"scroll","background-type":"","background-media":"","overlay-type":"","overlay-color":"","overlay-opacity":"","overlay-gradient":""}}},"product_brand":[],"product_cat":[2035,2032],"product_tag":[2096,2043,2093,2099,2094,2098,2097,2100,2101,2095],"class_list":{"0":"post-2132","1":"product","2":"type-product","3":"status-publish","4":"has-post-thumbnail","6":"product_cat-high-and-low-voltage-switchgear","7":"product_cat-electrical-equipment","8":"product_tag-electrical-cabinet","9":"product_tag-electrical-equipment","10":"product_tag-gcs-switchgear","11":"product_tag-industrial-switchgear","12":"product_tag-low-voltage-switchgear","13":"product_tag-mcc-panel","14":"product_tag-power-distribution-equipment","15":"product_tag-smart-switchgear","16":"product_tag-transformer-equipment","17":"product_tag-withdrawable-switchgear","18":"desktop-align-left","19":"tablet-align-left","20":"mobile-align-left","22":"first","23":"instock","24":"shipping-taxable","25":"product-type-simple"},"_links":{"self":[{"href":"https:\/\/www.wonzh.com\/cs\/wp-json\/wp\/v2\/product\/2132","targetHints":{"allow":["GET"]}}],"collection":[{"href":"https:\/\/www.wonzh.com\/cs\/wp-json\/wp\/v2\/product"}],"about":[{"href":"https:\/\/www.wonzh.com\/cs\/wp-json\/wp\/v2\/types\/product"}],"replies":[{"embeddable":true,"href":"https:\/\/www.wonzh.com\/cs\/wp-json\/wp\/v2\/comments?post=2132"}],"wp:featuredmedia":[{"embeddable":true,"href":"https:\/\/www.wonzh.com\/cs\/wp-json\/wp\/v2\/media\/2133"}],"wp:attachment":[{"href":"https:\/\/www.wonzh.com\/cs\/wp-json\/wp\/v2\/media?parent=2132"}],"wp:term":[{"taxonomy":"product_brand","embeddable":true,"href":"https:\/\/www.wonzh.com\/cs\/wp-json\/wp\/v2\/product_brand?post=2132"},{"taxonomy":"product_cat","embeddable":true,"href":"https:\/\/www.wonzh.com\/cs\/wp-json\/wp\/v2\/product_cat?post=2132"},{"taxonomy":"product_tag","embeddable":true,"href":"https:\/\/www.wonzh.com\/cs\/wp-json\/wp\/v2\/product_tag?post=2132"}],"curies":[{"name":"wp","href":"https:\/\/api.w.org\/{rel}","templated":true}]}}