{"id":2118,"date":"2026-04-28T14:17:30","date_gmt":"2026-04-28T14:17:30","guid":{"rendered":"https:\/\/www.wonzh.com\/?post_type=product&#038;p=2118"},"modified":"2026-04-29T16:14:59","modified_gmt":"2026-04-29T16:14:59","slug":"scb11-epoxy-resin-cast-dry-type-transformer","status":"publish","type":"product","link":"https:\/\/www.wonzh.com\/cs\/product\/scb11-epoxy-resin-cast-dry-type-transformer\/","title":{"rendered":"V\u00fdkonov\u00fd transform\u00e1tor SCB11 odlit\u00fd z epoxidov\u00e9 prysky\u0159ice za sucha (n\u00edzkoztr\u00e1tov\u00fd a energeticky \u00fa\u010dinn\u00fd typ)"},"content":{"rendered":"<p data-start=\"235\" data-end=\"430\"><img fetchpriority=\"high\" decoding=\"async\" class=\"size-medium wp-image-2120 alignright\" src=\"https:\/\/www.wonzh.com\/wp-content\/uploads\/2026\/04\/SCB11-Epoxy-Resin-Cast-Dry-Type-Power-Transformer-Low-Loss-Energy-Efficient-Type-3-300x300.png\" alt=\"\" width=\"300\" height=\"300\" srcset=\"https:\/\/www.wonzh.com\/wp-content\/uploads\/2026\/04\/SCB11-Epoxy-Resin-Cast-Dry-Type-Power-Transformer-Low-Loss-Energy-Efficient-Type-3-300x300.png 300w, https:\/\/www.wonzh.com\/wp-content\/uploads\/2026\/04\/SCB11-Epoxy-Resin-Cast-Dry-Type-Power-Transformer-Low-Loss-Energy-Efficient-Type-3-150x150.png 150w, https:\/\/www.wonzh.com\/wp-content\/uploads\/2026\/04\/SCB11-Epoxy-Resin-Cast-Dry-Type-Power-Transformer-Low-Loss-Energy-Efficient-Type-3-768x768.png 768w, https:\/\/www.wonzh.com\/wp-content\/uploads\/2026\/04\/SCB11-Epoxy-Resin-Cast-Dry-Type-Power-Transformer-Low-Loss-Energy-Efficient-Type-3-12x12.png 12w, https:\/\/www.wonzh.com\/wp-content\/uploads\/2026\/04\/SCB11-Epoxy-Resin-Cast-Dry-Type-Power-Transformer-Low-Loss-Energy-Efficient-Type-3-600x600.png 600w, https:\/\/www.wonzh.com\/wp-content\/uploads\/2026\/04\/SCB11-Epoxy-Resin-Cast-Dry-Type-Power-Transformer-Low-Loss-Energy-Efficient-Type-3-100x100.png 100w, https:\/\/www.wonzh.com\/wp-content\/uploads\/2026\/04\/SCB11-Epoxy-Resin-Cast-Dry-Type-Power-Transformer-Low-Loss-Energy-Efficient-Type-3.png 1000w\" sizes=\"(max-width: 300px) 100vw, 300px\" \/>Such\u00fd transform\u00e1tor SCB11 odl\u00e9van\u00fd z epoxidov\u00e9 prysky\u0159ice je vylep\u0161enou verz\u00ed \u0159ady SCB10, kter\u00e1 je navr\u017eena s ni\u017e\u0161\u00edmi ztr\u00e1tami, lep\u0161\u00ed energetickou \u00fa\u010dinnost\u00ed a zv\u00fd\u0161enou provozn\u00ed spolehlivost\u00ed.<\/p>\n<p data-start=\"432\" data-end=\"605\">Vyr\u00e1b\u00ed se pomoc\u00ed pokro\u010dil\u00e9 technologie odl\u00e9v\u00e1n\u00ed, vysoce kvalitn\u00edch materi\u00e1l\u016f a p\u0159esn\u00fdch v\u00fdrobn\u00edch proces\u016f a nab\u00edz\u00ed vynikaj\u00edc\u00ed elektrick\u00fd v\u00fdkon a dlouhou \u017eivotnost.<\/p>\n<p data-start=\"607\" data-end=\"749\">Tento transform\u00e1tor je bezolejov\u00fd, neho\u0159lav\u00fd a \u0161etrn\u00fd k \u017eivotn\u00edmu prost\u0159ed\u00ed, tak\u017ee je ide\u00e1ln\u00ed pro vnit\u0159n\u00ed a bezpe\u010dnostn\u011b kritick\u00e9 aplikace.<\/p>\n<p data-start=\"751\" data-end=\"772\">Je \u0161iroce pou\u017e\u00edv\u00e1n v:<\/p>\n<ul data-start=\"773\" data-end=\"923\">\n<li data-section-id=\"ov2w8z\" data-start=\"773\" data-end=\"796\">V\u00fd\u0161kov\u00e9 budovy<\/li>\n<li data-section-id=\"1yjht70\" data-start=\"797\" data-end=\"819\">Obchodn\u00ed centra<\/li>\n<li data-section-id=\"1usaqco\" data-start=\"820\" data-end=\"844\">Leti\u0161t\u011b a tunely<\/li>\n<li data-section-id=\"11epkig\" data-start=\"845\" data-end=\"864\">Chemick\u00e9 z\u00e1vody<\/li>\n<li data-section-id=\"qf2vj0\" data-start=\"865\" data-end=\"891\">Jadern\u00e9 elektr\u00e1rny<\/li>\n<li data-section-id=\"5nxb0l\" data-start=\"892\" data-end=\"923\">N\u00e1mo\u0159n\u00ed a pob\u0159e\u017en\u00ed syst\u00e9my<\/li>\n<\/ul>\n<hr data-start=\"925\" data-end=\"928\" \/>\n<h2 data-section-id=\"g4vs8k\" data-start=\"930\" data-end=\"956\">\ud83d\udd39 Dodr\u017eov\u00e1n\u00ed norem<\/h2>\n<ul data-start=\"958\" data-end=\"1274\">\n<li data-section-id=\"1t9ehtv\" data-start=\"958\" data-end=\"1008\">IEC 60076-11 - Such\u00e9 v\u00fdkonov\u00e9 transform\u00e1tory<\/li>\n<li data-section-id=\"1cu5kzl\" data-start=\"1009\" data-end=\"1049\">GB\/T 1094.1 - V\u00fdkonov\u00e9 transform\u00e1tory<\/li>\n<li data-section-id=\"12jd1ed\" data-start=\"1050\" data-end=\"1094\">GB\/T 1094.11 - Such\u00e9 transform\u00e1tory<\/li>\n<li data-section-id=\"2b1ch6\" data-start=\"1095\" data-end=\"1164\">GB\/T 10228 - Technick\u00e9 po\u017eadavky na such\u00e9 transform\u00e1tory<\/li>\n<li data-section-id=\"1nzvw4u\" data-start=\"1165\" data-end=\"1224\">JB\/T 10088 - Hladiny hluku transform\u00e1tor\u016f 6kV-500kV<\/li>\n<li data-section-id=\"16sztuj\" data-start=\"1225\" data-end=\"1274\">GB 20052-2020 - Normy energetick\u00e9 \u00fa\u010dinnosti<\/li>\n<\/ul>\n<hr data-start=\"1276\" data-end=\"1279\" \/>\n<h2 data-section-id=\"17fvu7l\" data-start=\"1281\" data-end=\"1299\">\ud83d\udd39 Kl\u00ed\u010dov\u00e9 funkce<\/h2>\n<h3 data-section-id=\"1bk7ou6\" data-start=\"1301\" data-end=\"1331\">\u2714 Vy\u0161\u0161\u00ed energetick\u00e1 \u00fa\u010dinnost<\/h3>\n<ul data-start=\"1332\" data-end=\"1458\">\n<li data-section-id=\"1c5yyc9\" data-start=\"1332\" data-end=\"1376\">Ni\u017e\u0161\u00ed ztr\u00e1ty p\u0159i chodu napr\u00e1zdno a p\u0159i zat\u00ed\u017een\u00ed ne\u017e SCB10<\/li>\n<li data-section-id=\"13bj96\" data-start=\"1377\" data-end=\"1420\">Spl\u0148uje modern\u00ed po\u017eadavky na \u00fasporu energie<\/li>\n<li data-section-id=\"1362i6d\" data-start=\"1421\" data-end=\"1458\">Sni\u017euje provozn\u00ed n\u00e1klady v pr\u016fb\u011bhu \u010dasu<\/li>\n<\/ul>\n<hr data-start=\"1460\" data-end=\"1463\" \/>\n<h3 data-section-id=\"xrppzx\" data-start=\"1465\" data-end=\"1500\">\u2714 Vysok\u00e1 bezpe\u010dnost a po\u017e\u00e1rn\u00ed odolnost<\/h3>\n<ul data-start=\"1501\" data-end=\"1635\">\n<li data-section-id=\"2hl2rz\" data-start=\"1501\" data-end=\"1544\">Bezolejov\u00e1 konstrukce eliminuje nebezpe\u010d\u00ed po\u017e\u00e1ru<\/li>\n<li data-section-id=\"1iz7znm\" data-start=\"1545\" data-end=\"1587\">Netoxick\u00e9 a \u0161etrn\u00e9 k \u017eivotn\u00edmu prost\u0159ed\u00ed<\/li>\n<li data-section-id=\"1hbfpug\" data-start=\"1588\" data-end=\"1635\">Vhodn\u00e9 pro instalaci v bl\u00edzkosti z\u00e1t\u011b\u017eov\u00fdch center<\/li>\n<\/ul>\n<hr data-start=\"1637\" data-end=\"1640\" \/>\n<h3 data-section-id=\"d5sgrf\" data-start=\"1642\" data-end=\"1684\">\u2714 Vysok\u00e1 spolehlivost a dlouh\u00e1 \u017eivotnost<\/h3>\n<ul data-start=\"1685\" data-end=\"1804\">\n<li data-section-id=\"bi6h0g\" data-start=\"1685\" data-end=\"1725\">Pokro\u010dil\u00fd proces lit\u00ed epoxidov\u00e9 prysky\u0159ice<\/li>\n<li data-section-id=\"1c490t9\" data-start=\"1726\" data-end=\"1757\">N\u00edzk\u00e1 \u00farove\u0148 \u010d\u00e1ste\u010dn\u00e9ho vybit\u00ed<\/li>\n<li data-section-id=\"1dwz9yg\" data-start=\"1758\" data-end=\"1804\">Vynikaj\u00edc\u00ed tepeln\u00e1 stabilita a trvanlivost<\/li>\n<\/ul>\n<hr data-start=\"1806\" data-end=\"1809\" \/>\n<h3 data-section-id=\"l9y0hl\" data-start=\"1811\" data-end=\"1843\">\u2714 Siln\u00e1 schopnost p\u0159et\u00ed\u017een\u00ed<\/h3>\n<ul data-start=\"1844\" data-end=\"1927\">\n<li data-section-id=\"15of4r\" data-start=\"1844\" data-end=\"1872\">\u00da\u010dinn\u00fd chladic\u00ed syst\u00e9m<\/li>\n<li data-section-id=\"1i5hu2f\" data-start=\"1873\" data-end=\"1927\">Podporuje nucen\u00e9 chlazen\u00ed vzduchem pro zv\u00fd\u0161en\u00ed v\u00fdkonu<\/li>\n<\/ul>\n<hr data-start=\"1929\" data-end=\"1932\" \/>\n<h3 data-section-id=\"u1jwb0\" data-start=\"1934\" data-end=\"1979\">\u2714 Odolnost proti vlhkosti a drsn\u00e9mu prost\u0159ed\u00ed<\/h3>\n<ul data-start=\"1980\" data-end=\"2084\">\n<li data-section-id=\"if9zqc\" data-start=\"1980\" data-end=\"2033\">Vynikaj\u00edc\u00ed v\u00fdkon v podm\u00ednk\u00e1ch vysok\u00e9 vlhkosti<\/li>\n<li data-section-id=\"1o770jo\" data-start=\"2034\" data-end=\"2084\">Vhodn\u00e9 pro n\u00e1ro\u010dn\u00e9 pr\u016fmyslov\u00e9 prost\u0159ed\u00ed<\/li>\n<\/ul>\n<hr data-start=\"2086\" data-end=\"2089\" \/>\n<h3 data-section-id=\"5dsqk\" data-start=\"2091\" data-end=\"2126\">\u2714 Inteligentn\u00ed monitorovac\u00ed syst\u00e9m<\/h3>\n<ul data-start=\"2127\" data-end=\"2269\">\n<li data-section-id=\"uteb38\" data-start=\"2127\" data-end=\"2175\">Monitorov\u00e1n\u00ed teploty vinut\u00ed v re\u00e1ln\u00e9m \u010dase<\/li>\n<li data-section-id=\"143wrmj\" data-start=\"2176\" data-end=\"2201\">Automatick\u00e9 ovl\u00e1d\u00e1n\u00ed ventil\u00e1toru<\/li>\n<li data-section-id=\"36ajnw\" data-start=\"2202\" data-end=\"2231\">Alarm a ochrana proti vypnut\u00ed<\/li>\n<li data-section-id=\"1yt3w6j\" data-start=\"2232\" data-end=\"2269\">Voliteln\u00fd syst\u00e9m vzd\u00e1len\u00e9ho monitorov\u00e1n\u00ed<\/li>\n<\/ul>\n<hr data-start=\"2271\" data-end=\"2274\" \/>\n<h3 data-section-id=\"129yrz8\" data-start=\"2276\" data-end=\"2319\">\u2714 Kompaktn\u00ed a \u00fasporn\u00e1 instalace<\/h3>\n<ul data-start=\"2320\" data-end=\"2390\">\n<li data-section-id=\"z73dtz\" data-start=\"2320\" data-end=\"2350\">Mal\u00e9 rozm\u011bry a n\u00edzk\u00e1 hmotnost<\/li>\n<li data-section-id=\"1ed73f8\" data-start=\"2351\" data-end=\"2390\">Men\u0161\u00ed prostor a n\u00e1klady na instalaci<\/li>\n<\/ul>\n<hr data-start=\"2392\" data-end=\"2395\" \/>\n<h2 data-section-id=\"1hq6i26\" data-start=\"2397\" data-end=\"2420\">\ud83d\udd39 Konstruk\u010dn\u00ed n\u00e1vrh<\/h2>\n<h3 data-section-id=\"1oaxluj\" data-start=\"2422\" data-end=\"2449\">\ud83d\udd38 Vysokonap\u011b\u0165ov\u00e9 vinut\u00ed<\/h3>\n<ul data-start=\"2450\" data-end=\"2586\">\n<li data-section-id=\"1rs2wlq\" data-start=\"2450\" data-end=\"2488\">Vodi\u010de z bezkysl\u00edkat\u00e9 m\u011bd\u011bn\u00e9 f\u00f3lie<\/li>\n<li data-section-id=\"3ff1a0\" data-start=\"2489\" data-end=\"2518\">Izola\u010dn\u00ed syst\u00e9m t\u0159\u00eddy F<\/li>\n<li data-section-id=\"4z6hz8\" data-start=\"2519\" data-end=\"2555\">Struktura vyztu\u017een\u00e1 sklen\u011bn\u00fdmi vl\u00e1kny<\/li>\n<li data-section-id=\"dv6lws\" data-start=\"2556\" data-end=\"2586\">Vakuov\u00e9 lit\u00ed epoxidov\u00e9 prysky\u0159ice<\/li>\n<\/ul>\n<p data-start=\"2588\" data-end=\"2599\">\u27a1 V\u00fdhody:<\/p>\n<ul data-start=\"2600\" data-end=\"2691\">\n<li data-section-id=\"19zadxp\" data-start=\"2600\" data-end=\"2628\">Vysok\u00e1 elektrick\u00e1 pevnost<\/li>\n<li data-section-id=\"6ehatn\" data-start=\"2629\" data-end=\"2654\">N\u00edzk\u00fd \u010d\u00e1ste\u010dn\u00fd v\u00fdboj<\/li>\n<li data-section-id=\"1b4urz8\" data-start=\"2655\" data-end=\"2691\">Vynikaj\u00edc\u00ed izola\u010dn\u00ed vlastnosti<\/li>\n<\/ul>\n<hr data-start=\"2693\" data-end=\"2696\" \/>\n<h3 data-section-id=\"vz1dz5\" data-start=\"2698\" data-end=\"2724\">\ud83d\udd38 N\u00edzkonap\u011b\u0165ov\u00e9 vinut\u00ed<\/h3>\n<ul data-start=\"2725\" data-end=\"2845\">\n<li data-section-id=\"1maj4yk\" data-start=\"2725\" data-end=\"2772\">Vinut\u00ed z m\u011bd\u011bn\u00e9 f\u00f3lie s izolac\u00ed t\u0159\u00eddy F<\/li>\n<li data-section-id=\"10wylr8\" data-start=\"2773\" data-end=\"2803\">Vestav\u011bn\u00e9 chladic\u00ed vzduchov\u00e9 kan\u00e1ly<\/li>\n<li data-section-id=\"vblrvo\" data-start=\"2804\" data-end=\"2845\">T\u011bsn\u011bn\u00ed prysky\u0159ic\u00ed pro vy\u0161\u0161\u00ed odolnost<\/li>\n<\/ul>\n<p data-start=\"2847\" data-end=\"2858\">\u27a1 Poskytuje:<\/p>\n<ul data-start=\"2859\" data-end=\"2925\">\n<li data-section-id=\"u66b5g\" data-start=\"2859\" data-end=\"2894\">Siln\u00e1 zkratov\u00e1 odolnost<\/li>\n<li data-section-id=\"7gsig0\" data-start=\"2895\" data-end=\"2925\">\u00da\u010dinn\u00fd odvod tepla<\/li>\n<\/ul>\n<hr data-start=\"2927\" data-end=\"2930\" \/>\n<h3 data-section-id=\"mp6v7c\" data-start=\"2932\" data-end=\"2943\">\ud83d\udd38 J\u00e1dro<\/h3>\n<ul data-start=\"2944\" data-end=\"3064\">\n<li data-section-id=\"1i8lzu9\" data-start=\"2944\" data-end=\"3001\">Vysoce kvalitn\u00ed k\u0159em\u00edkov\u00e1 ocel orientovan\u00e1 na zrno v\u00e1lcovan\u00e1 za studena<\/li>\n<li data-section-id=\"18m9khk\" data-start=\"3002\" data-end=\"3034\">Konstrukce kloubu se stup\u0148ovit\u00fdm p\u0159esahem 45\u00b0<\/li>\n<li data-section-id=\"1gp9gfs\" data-start=\"3035\" data-end=\"3064\">Laserem \u0159ezan\u00fd up\u00ednac\u00ed syst\u00e9m<\/li>\n<\/ul>\n<p data-start=\"3066\" data-end=\"3077\">\u27a1 Funkce:<\/p>\n<ul data-start=\"3078\" data-end=\"3145\">\n<li data-section-id=\"tkh7rp\" data-start=\"3078\" data-end=\"3098\">N\u00edzk\u00e9 ztr\u00e1ty p\u0159i chodu napr\u00e1zdno<\/li>\n<li data-section-id=\"1gveydu\" data-start=\"3099\" data-end=\"3116\">Sn\u00ed\u017een\u00ed hlu\u010dnosti<\/li>\n<li data-section-id=\"1s47fpa\" data-start=\"3117\" data-end=\"3145\">Vysok\u00e1 struktur\u00e1ln\u00ed pevnost<\/li>\n<\/ul>\n<hr data-start=\"3147\" data-end=\"3150\" \/>\n<h2 data-section-id=\"15du31k\" data-start=\"3152\" data-end=\"3170\">\ud83d\udd39 Aplikace<\/h2>\n<ul data-start=\"3172\" data-end=\"3353\">\n<li data-section-id=\"kec6b0\" data-start=\"3172\" data-end=\"3210\">Komer\u010dn\u00ed budovy a komplexy<\/li>\n<li data-section-id=\"1b8blr8\" data-start=\"3211\" data-end=\"3241\">Leti\u0161t\u011b a syst\u00e9my metra<\/li>\n<li data-section-id=\"x7ouso\" data-start=\"3242\" data-end=\"3287\">Pr\u016fmyslov\u00e9 z\u00e1vody a chemick\u00fd pr\u016fmysl<\/li>\n<li data-section-id=\"eogvhd\" data-start=\"3288\" data-end=\"3316\">Rozvodny elektrick\u00e9 energie<\/li>\n<li data-section-id=\"1ggvioq\" data-start=\"3317\" data-end=\"3353\">Offshore a n\u00e1mo\u0159n\u00ed aplikace<\/li>\n<\/ul>\n<hr data-start=\"3355\" data-end=\"3358\" \/>\n<h2 data-section-id=\"1rg4wz9\" data-start=\"3360\" data-end=\"3384\">\ud83d\udd39 P\u0159ehled v\u00fdhod<\/h2>\n<ul data-start=\"3386\" data-end=\"3610\">\n<li data-section-id=\"4478bs\" data-start=\"3386\" data-end=\"3411\">Ni\u017e\u0161\u00ed ztr\u00e1ty ne\u017e SCB10<\/li>\n<li data-section-id=\"1s4bb9e\" data-start=\"3412\" data-end=\"3458\">\u00daspora energie a \u0161etrnost k \u017eivotn\u00edmu prost\u0159ed\u00ed<\/li>\n<li data-section-id=\"swjw0r\" data-start=\"3459\" data-end=\"3493\">Ohnivzdorn\u00e9 a bez\u00fadr\u017ebov\u00e9<\/li>\n<li data-section-id=\"vhoyyl\" data-start=\"3494\" data-end=\"3532\">Vysok\u00e1 spolehlivost a dlouh\u00e1 \u017eivotnost<\/li>\n<li data-section-id=\"oc6tql\" data-start=\"3533\" data-end=\"3564\">Mo\u017enost inteligentn\u00edho monitorov\u00e1n\u00ed<\/li>\n<li data-section-id=\"1tttck1\" data-start=\"3565\" data-end=\"3610\">Vhodn\u00e9 pro kritick\u00e9 aplikace v interi\u00e9ru<\/li>\n<\/ul>\n<hr data-start=\"3612\" data-end=\"3615\" \/>\n<h1 data-section-id=\"1lxd8kj\" data-start=\"3617\" data-end=\"3624\">\u2753 \u010cASTO KLADEN\u00c9 OT\u00c1ZKY<\/h1>\n<h3 data-section-id=\"gnwdjm\" data-start=\"3626\" data-end=\"3694\">1\ufe0f\u20e3 Jak\u00fd je rozd\u00edl mezi transform\u00e1tory SCB10 a SCB11?<\/h3>\n<p data-start=\"3696\" data-end=\"3791\">Transform\u00e1tor SCB11 nab\u00edz\u00ed ni\u017e\u0161\u00ed ztr\u00e1ty a vy\u0161\u0161\u00ed energetickou \u00fa\u010dinnost ve srovn\u00e1n\u00ed s transform\u00e1torem SCB10.<\/p>\n<p data-start=\"3793\" data-end=\"3894\">\ud83d\udc49 Je vhodn\u011bj\u0161\u00ed pro projekty vy\u017eaduj\u00edc\u00ed \u00fasporn\u00fd provoz a dlouhodob\u00e9 sni\u017eov\u00e1n\u00ed n\u00e1klad\u016f.<\/p>\n<hr data-start=\"3896\" data-end=\"3899\" \/>\n<h3 data-section-id=\"17jktbc\" data-start=\"3901\" data-end=\"3951\">2\ufe0f\u20e3 Je SCB11 vhodn\u00fd pro vnit\u0159n\u00ed instalaci?<\/h3>\n<p data-start=\"3953\" data-end=\"4001\">Ano, je speci\u00e1ln\u011b navr\u017een pro pou\u017eit\u00ed v interi\u00e9ru:<\/p>\n<ul data-start=\"4002\" data-end=\"4083\">\n<li data-section-id=\"1lbhprg\" data-start=\"4002\" data-end=\"4020\">Ohnivzdorn\u00e9<\/li>\n<li data-section-id=\"1rtbpgg\" data-start=\"4021\" data-end=\"4044\">\u017d\u00e1dn\u00e9 riziko \u00faniku oleje<\/li>\n<li data-section-id=\"sr2uf3\" data-start=\"4045\" data-end=\"4083\">Bezpe\u010dn\u00e9 pro prost\u0159ed\u00ed s vysokou hustotou<\/li>\n<\/ul>\n<p data-start=\"4085\" data-end=\"4147\">\ud83d\udc49 Ide\u00e1ln\u00ed pro komer\u010dn\u00ed budovy a infrastrukturn\u00ed projekty.<\/p>\n<hr data-start=\"4149\" data-end=\"4152\" \/>\n<h3 data-section-id=\"dwut0p\" data-start=\"4154\" data-end=\"4203\">3\ufe0f\u20e3 Vy\u017eaduje transform\u00e1tor \u00fadr\u017ebu?<\/h3>\n<p data-start=\"4205\" data-end=\"4265\">SCB11 je bez\u00fadr\u017ebov\u00fd transform\u00e1tor, kter\u00fd vy\u017eaduje pouze:<\/p>\n<ul data-start=\"4266\" data-end=\"4334\">\n<li data-section-id=\"1mj82eg\" data-start=\"4266\" data-end=\"4288\">B\u011b\u017en\u00e1 kontrola<\/li>\n<li data-section-id=\"1vmf05w\" data-start=\"4289\" data-end=\"4334\">Monitorov\u00e1n\u00ed prost\u0159ednictv\u00edm syst\u00e9mu \u0159\u00edzen\u00ed teploty<\/li>\n<\/ul>\n<hr data-start=\"4336\" data-end=\"4339\" \/>\n<h3 data-section-id=\"103styt\" data-start=\"4341\" data-end=\"4385\">4\ufe0f\u20e3 Lze integrovat vzd\u00e1len\u00e9 monitorov\u00e1n\u00ed?<\/h3>\n<p data-start=\"4387\" data-end=\"4404\">Ano, podporuje:<\/p>\n<ul data-start=\"4405\" data-end=\"4518\">\n<li data-section-id=\"13oiu88\" data-start=\"4405\" data-end=\"4431\">Sledov\u00e1n\u00ed teploty<\/li>\n<li data-section-id=\"e5ci2u\" data-start=\"4432\" data-end=\"4447\">Ovl\u00e1d\u00e1n\u00ed ventil\u00e1toru<\/li>\n<li data-section-id=\"11u18w2\" data-start=\"4448\" data-end=\"4482\">Alarmov\u00e9 a ochrann\u00e9 funkce<\/li>\n<li data-section-id=\"7vomgq\" data-start=\"4483\" data-end=\"4518\">Vzd\u00e1len\u00e1 komunika\u010dn\u00ed rozhran\u00ed<\/li>\n<\/ul>\n<p data-start=\"4520\" data-end=\"4554\">\ud83d\udc49 Umo\u017e\u0148uje integraci inteligentn\u00edch s\u00edt\u00ed.<\/p>","protected":false},"excerpt":{"rendered":"<p data-start=\"235\" data-end=\"430\">Such\u00fd transform\u00e1tor SCB11 odl\u00e9van\u00fd z epoxidov\u00e9 prysky\u0159ice je vylep\u0161enou verz\u00ed \u0159ady SCB10, kter\u00e1 je navr\u017eena s ni\u017e\u0161\u00edmi ztr\u00e1tami, lep\u0161\u00ed energetickou \u00fa\u010dinnost\u00ed a zv\u00fd\u0161enou provozn\u00ed spolehlivost\u00ed.<\/p>\n<p data-start=\"432\" data-end=\"605\">Vyr\u00e1b\u00ed se pomoc\u00ed pokro\u010dil\u00e9 technologie odl\u00e9v\u00e1n\u00ed, vysoce kvalitn\u00edch materi\u00e1l\u016f a p\u0159esn\u00fdch v\u00fdrobn\u00edch proces\u016f a nab\u00edz\u00ed vynikaj\u00edc\u00ed elektrick\u00fd v\u00fdkon a dlouhou \u017eivotnost.<\/p>\n<p data-start=\"607\" data-end=\"749\">Tento transform\u00e1tor je bezolejov\u00fd, neho\u0159lav\u00fd a \u0161etrn\u00fd k \u017eivotn\u00edmu prost\u0159ed\u00ed, tak\u017ee je ide\u00e1ln\u00ed pro vnit\u0159n\u00ed a bezpe\u010dnostn\u011b kritick\u00e9 aplikace.<\/p>","protected":false},"featured_media":2120,"comment_status":"open","ping_status":"closed","template":"","meta":{"site-sidebar-layout":"default","site-content-layout":"","ast-site-content-layout":"default","site-content-style":"default","site-sidebar-style":"default","ast-global-header-display":"","ast-banner-title-visibility":"","ast-main-header-display":"","ast-hfb-above-header-display":"","ast-hfb-below-header-display":"","ast-hfb-mobile-header-display":"","site-post-title":"","ast-breadcrumbs-content":"","ast-featured-img":"","footer-sml-layout":"","ast-disable-related-posts":"","theme-transparent-header-meta":"default","adv-header-id-meta":"","stick-header-meta":"","header-above-stick-meta":"","header-main-stick-meta":"","header-below-stick-meta":"","astra-migrate-meta-layouts":"set","ast-page-background-enabled":"default","ast-page-background-meta":{"desktop":{"background-color":"","background-image":"","background-repeat":"repeat","background-position":"center center","background-size":"auto","background-attachment":"scroll","background-type":"","background-media":"","overlay-type":"","overlay-color":"","overlay-opacity":"","overlay-gradient":""},"tablet":{"background-color":"","background-image":"","background-repeat":"repeat","background-position":"center center","background-size":"auto","background-attachment":"scroll","background-type":"","background-media":"","overlay-type":"","overlay-color":"","overlay-opacity":"","overlay-gradient":""},"mobile":{"background-color":"","background-image":"","background-repeat":"repeat","background-position":"center center","background-size":"auto","background-attachment":"scroll","background-type":"","background-media":"","overlay-type":"","overlay-color":"","overlay-opacity":"","overlay-gradient":""}},"ast-content-background-meta":{"desktop":{"background-color":"var(--ast-global-color-5)","background-image":"","background-repeat":"repeat","background-position":"center center","background-size":"auto","background-attachment":"scroll","background-type":"","background-media":"","overlay-type":"","overlay-color":"","overlay-opacity":"","overlay-gradient":""},"tablet":{"background-color":"var(--ast-global-color-5)","background-image":"","background-repeat":"repeat","background-position":"center center","background-size":"auto","background-attachment":"scroll","background-type":"","background-media":"","overlay-type":"","overlay-color":"","overlay-opacity":"","overlay-gradient":""},"mobile":{"background-color":"var(--ast-global-color-5)","background-image":"","background-repeat":"repeat","background-position":"center center","background-size":"auto","background-attachment":"scroll","background-type":"","background-media":"","overlay-type":"","overlay-color":"","overlay-opacity":"","overlay-gradient":""}}},"product_brand":[],"product_cat":[2034,2032],"product_tag":[2074,2071,2043,2041,2078,2075,2042,2076,2077,2044],"class_list":{"0":"post-2118","1":"product","2":"type-product","3":"status-publish","4":"has-post-thumbnail","6":"product_cat-dry-type-power-transformer","7":"product_cat-electrical-equipment","8":"product_tag-cast-resin-transformer","9":"product_tag-dry-type-transformer","10":"product_tag-electrical-equipment","11":"product_tag-energy-efficient-transformer","12":"product_tag-epoxy-transformer","13":"product_tag-indoor-transformer","14":"product_tag-power-transformer","15":"product_tag-safe-transformer","16":"product_tag-scb11-transformer","17":"product_tag-transformer-manufacturer","18":"desktop-align-left","19":"tablet-align-left","20":"mobile-align-left","22":"first","23":"instock","24":"shipping-taxable","25":"product-type-simple"},"_links":{"self":[{"href":"https:\/\/www.wonzh.com\/cs\/wp-json\/wp\/v2\/product\/2118","targetHints":{"allow":["GET"]}}],"collection":[{"href":"https:\/\/www.wonzh.com\/cs\/wp-json\/wp\/v2\/product"}],"about":[{"href":"https:\/\/www.wonzh.com\/cs\/wp-json\/wp\/v2\/types\/product"}],"replies":[{"embeddable":true,"href":"https:\/\/www.wonzh.com\/cs\/wp-json\/wp\/v2\/comments?post=2118"}],"wp:featuredmedia":[{"embeddable":true,"href":"https:\/\/www.wonzh.com\/cs\/wp-json\/wp\/v2\/media\/2120"}],"wp:attachment":[{"href":"https:\/\/www.wonzh.com\/cs\/wp-json\/wp\/v2\/media?parent=2118"}],"wp:term":[{"taxonomy":"product_brand","embeddable":true,"href":"https:\/\/www.wonzh.com\/cs\/wp-json\/wp\/v2\/product_brand?post=2118"},{"taxonomy":"product_cat","embeddable":true,"href":"https:\/\/www.wonzh.com\/cs\/wp-json\/wp\/v2\/product_cat?post=2118"},{"taxonomy":"product_tag","embeddable":true,"href":"https:\/\/www.wonzh.com\/cs\/wp-json\/wp\/v2\/product_tag?post=2118"}],"curies":[{"name":"wp","href":"https:\/\/api.w.org\/{rel}","templated":true}]}}