{"id":1481,"date":"2026-02-03T15:19:10","date_gmt":"2026-02-03T15:19:10","guid":{"rendered":"https:\/\/www.wonzh.com\/?post_type=product&#038;p=1481"},"modified":"2026-02-05T15:43:12","modified_gmt":"2026-02-05T15:43:12","slug":"hardfacing-components-for-wear-resistant-industrial-applications","status":"publish","type":"product","link":"https:\/\/www.wonzh.com\/cs\/product\/hardfacing-components-for-wear-resistant-industrial-applications\/","title":{"rendered":"Tvrdokovov\u00e9 komponenty pro pr\u016fmyslov\u00e9 aplikace odoln\u00e9 proti opot\u0159eben\u00ed"},"content":{"rendered":"<p data-start=\"594\" data-end=\"921\">Hardfacing Components supplied by Wonzh are engineered to protect industrial machinery from extreme wear and extend operational life. These components are widely used in mining, cement, steel, construction, material handling, and power generation equipment, where surfaces are exposed to abrasion, impact, or erosion.<\/p>\n<p data-start=\"923\" data-end=\"1260\">Our components feature a high-quality hardfacing layer applied to a metal base (carbon steel, alloy steel, or stainless steel). Hardfacing is achieved using welding, plasma spraying, or thermal deposition, creating a surface that is extremely hard, wear-resistant, and capable of handling heavy-duty operational conditions.<\/p>\n<p data-start=\"1262\" data-end=\"1548\">Wonzh provides standard and custom hardfacing components, tailored to client specifications or OEM requirements. Our engineering team assists with material selection, hardfacing alloy choice, thickness optimization, and geometric design to maximize durability and performance.<\/p>\n<h2 data-start=\"1555\" data-end=\"1574\"><strong data-start=\"1558\" data-end=\"1574\">Kl\u00ed\u010dov\u00e9 vlastnosti<\/strong><\/h2>\n<ul data-start=\"1576\" data-end=\"1881\">\n<li data-start=\"1576\" data-end=\"1617\">\n<p data-start=\"1578\" data-end=\"1617\">Vynikaj\u00edc\u00ed odolnost proti opot\u0159eben\u00ed a od\u011bru<\/p>\n<\/li>\n<li data-start=\"1618\" data-end=\"1658\">\n<p data-start=\"1620\" data-end=\"1658\">Impact and erosion resistant surface<\/p>\n<\/li>\n<li data-start=\"1659\" data-end=\"1709\">\n<p data-start=\"1661\" data-end=\"1709\">High-precision base component for reliable fit<\/p>\n<\/li>\n<li data-start=\"1710\" data-end=\"1772\">\n<p data-start=\"1712\" data-end=\"1772\">Custom shapes, sizes, and hardfacing thicknesses available<\/p>\n<\/li>\n<li data-start=\"1773\" data-end=\"1828\">\n<p data-start=\"1775\" data-end=\"1828\">Prototype, small-batch, and mass production support<\/p>\n<\/li>\n<li data-start=\"1829\" data-end=\"1881\">\n<p data-start=\"1831\" data-end=\"1881\">Reduces maintenance costs and equipment downtime<\/p>\n<\/li>\n<\/ul>\n<h2 data-start=\"1888\" data-end=\"1915\"><strong data-start=\"1891\" data-end=\"1915\">Typick\u00e9 aplikace<\/strong><\/h2>\n<ul data-start=\"1917\" data-end=\"2159\">\n<li data-start=\"1917\" data-end=\"1952\">\n<p data-start=\"1919\" data-end=\"1952\">Crusher hammers and mill liners<\/p>\n<\/li>\n<li data-start=\"1953\" data-end=\"1993\">\n<p data-start=\"1955\" data-end=\"1993\">Conveyor parts and feeder components<\/p>\n<\/li>\n<li data-start=\"1994\" data-end=\"2030\">\n<p data-start=\"1996\" data-end=\"2030\">Excavator and loader wear plates<\/p>\n<\/li>\n<li data-start=\"2031\" data-end=\"2069\">\n<p data-start=\"2033\" data-end=\"2069\">Pump and slurry handling equipment<\/p>\n<\/li>\n<li data-start=\"2070\" data-end=\"2112\">\n<p data-start=\"2072\" data-end=\"2112\">Chutes, hoppers, and industrial liners<\/p>\n<\/li>\n<li data-start=\"2113\" data-end=\"2159\">\n<p data-start=\"2115\" data-end=\"2159\">Heavy-duty processing and mining machinery<\/p>\n<\/li>\n<\/ul>\n<h2 data-start=\"2166\" data-end=\"2209\"><strong data-start=\"2169\" data-end=\"2209\">Hardfacing Component Types We Supply<\/strong><\/h2>\n<div class=\"TyagGW_tableContainer\">\n<div class=\"group TyagGW_tableWrapper flex flex-col-reverse w-fit\" tabindex=\"-1\">\n<table class=\"w-fit min-w-(--thread-content-width)\" data-start=\"2211\" data-end=\"2664\">\n<thead data-start=\"2211\" data-end=\"2257\">\n<tr data-start=\"2211\" data-end=\"2257\">\n<th data-start=\"2211\" data-end=\"2228\" data-col-size=\"sm\">Typ sou\u010d\u00e1sti<\/th>\n<th data-start=\"2228\" data-end=\"2242\" data-col-size=\"sm\">Popis<\/th>\n<th data-start=\"2242\" data-end=\"2257\" data-col-size=\"sm\">Typick\u00e9 pou\u017eit\u00ed<\/th>\n<\/tr>\n<\/thead>\n<tbody data-start=\"2272\" data-end=\"2664\">\n<tr data-start=\"2272\" data-end=\"2358\">\n<td data-start=\"2272\" data-end=\"2299\" data-col-size=\"sm\"><strong data-start=\"2274\" data-end=\"2298\">Wear Plates \/ Liners<\/strong><\/td>\n<td data-start=\"2299\" data-end=\"2330\" data-col-size=\"sm\">Plates with hardfacing layer<\/td>\n<td data-start=\"2330\" data-end=\"2358\" data-col-size=\"sm\">Crushers, hoppers, mills<\/td>\n<\/tr>\n<tr data-start=\"2359\" data-end=\"2460\">\n<td data-start=\"2359\" data-end=\"2390\" data-col-size=\"sm\"><strong data-start=\"2361\" data-end=\"2389\">Crusher Hammers \/ Blades<\/strong><\/td>\n<td data-start=\"2390\" data-end=\"2430\" data-col-size=\"sm\">Components with high-hardness coating<\/td>\n<td data-start=\"2430\" data-end=\"2460\" data-col-size=\"sm\">Mining and cement crushers<\/td>\n<\/tr>\n<tr data-start=\"2461\" data-end=\"2558\">\n<td data-start=\"2461\" data-end=\"2486\" data-col-size=\"sm\"><strong data-start=\"2463\" data-end=\"2485\">Pump \/ Valve Parts<\/strong><\/td>\n<td data-start=\"2486\" data-end=\"2520\" data-col-size=\"sm\">Hardfaced impellers and casings<\/td>\n<td data-start=\"2520\" data-end=\"2558\" data-col-size=\"sm\">Manipulace s kaly a abrazivn\u00edmi kapalinami<\/td>\n<\/tr>\n<tr data-start=\"2559\" data-end=\"2664\">\n<td data-start=\"2559\" data-end=\"2589\" data-col-size=\"sm\"><strong data-start=\"2561\" data-end=\"2588\">Custom Hardfacing Parts<\/strong><\/td>\n<td data-start=\"2589\" data-end=\"2625\" data-col-size=\"sm\">Engineered to drawing or OEM spec<\/td>\n<td data-start=\"2625\" data-end=\"2664\" data-col-size=\"sm\">Specializovan\u00e9 pr\u016fmyslov\u00e9 aplikace<\/td>\n<\/tr>\n<\/tbody>\n<\/table>\n<\/div>\n<\/div>\n<h2 data-start=\"2671\" data-end=\"2723\"><strong data-start=\"2674\" data-end=\"2721\">Technick\u00e9 parametry (reprezentativn\u00ed rozsah)<\/strong><\/h2>\n<div class=\"TyagGW_tableContainer\">\n<div class=\"group TyagGW_tableWrapper flex flex-col-reverse w-fit\" tabindex=\"-1\">\n<table class=\"w-fit min-w-(--thread-content-width)\" data-start=\"2725\" data-end=\"3191\">\n<thead data-start=\"2725\" data-end=\"2762\">\n<tr data-start=\"2725\" data-end=\"2762\">\n<th data-start=\"2725\" data-end=\"2737\" data-col-size=\"sm\">Parametr<\/th>\n<th data-start=\"2737\" data-end=\"2762\" data-col-size=\"md\">Specifikace \/ rozsah<\/th>\n<\/tr>\n<\/thead>\n<tbody data-start=\"2773\" data-end=\"3191\">\n<tr data-start=\"2773\" data-end=\"2835\">\n<td data-start=\"2773\" data-end=\"2789\" data-col-size=\"sm\">Z\u00e1kladn\u00ed materi\u00e1l<\/td>\n<td data-start=\"2789\" data-end=\"2835\" data-col-size=\"md\">Uhl\u00edkov\u00e1 ocel, legovan\u00e1 ocel, nerezov\u00e1 ocel<\/td>\n<\/tr>\n<tr data-start=\"2836\" data-end=\"2919\">\n<td data-start=\"2836\" data-end=\"2855\" data-col-size=\"sm\">Hardfacing Alloy<\/td>\n<td data-start=\"2855\" data-end=\"2919\" data-col-size=\"md\">Chromium carbide, tungsten carbide, Stellite, Fe-Cr-C alloys<\/td>\n<\/tr>\n<tr data-start=\"2920\" data-end=\"2974\">\n<td data-start=\"2920\" data-end=\"2943\" data-col-size=\"sm\">Hardfacing Thickness<\/td>\n<td data-start=\"2943\" data-end=\"2974\" data-col-size=\"md\">2 mm \u2013 15 mm (customizable)<\/td>\n<\/tr>\n<tr data-start=\"2975\" data-end=\"3030\">\n<td data-start=\"2975\" data-end=\"2994\" data-col-size=\"sm\">Surface Hardness<\/td>\n<td data-start=\"2994\" data-end=\"3030\" data-col-size=\"md\">HRC 50 \u2013 65 (depending on alloy)<\/td>\n<\/tr>\n<tr data-start=\"3031\" data-end=\"3090\">\n<td data-start=\"3031\" data-end=\"3048\" data-col-size=\"sm\">Component Size<\/td>\n<td data-start=\"3048\" data-end=\"3090\" data-col-size=\"md\">A\u017e 2000 mm \u00d7 1000 mm (lze p\u0159izp\u016fsobit)<\/td>\n<\/tr>\n<tr data-start=\"3091\" data-end=\"3152\">\n<td data-start=\"3091\" data-end=\"3109\" data-col-size=\"sm\">Typ v\u00fdroby<\/td>\n<td data-start=\"3109\" data-end=\"3152\" data-col-size=\"md\">Prototyp, mal\u00e1 s\u00e9rie, s\u00e9riov\u00e1 v\u00fdroba<\/td>\n<\/tr>\n<tr data-start=\"3153\" data-end=\"3191\">\n<td data-start=\"3153\" data-end=\"3175\" data-col-size=\"sm\">Podporovan\u00e9 standardy<\/td>\n<td data-start=\"3175\" data-end=\"3191\" data-col-size=\"md\">ISO, DIN, GB<\/td>\n<\/tr>\n<\/tbody>\n<\/table>\n<\/div>\n<\/div>\n<h2 data-start=\"3198\" data-end=\"3242\"><strong data-start=\"3201\" data-end=\"3242\">Material &amp; Hardfacing Selection Guide<\/strong><\/h2>\n<div class=\"TyagGW_tableContainer\">\n<div class=\"group TyagGW_tableWrapper flex flex-col-reverse w-fit\" tabindex=\"-1\">\n<table class=\"w-fit min-w-(--thread-content-width)\" data-start=\"3244\" data-end=\"3537\">\n<thead data-start=\"3244\" data-end=\"3288\">\n<tr data-start=\"3244\" data-end=\"3288\">\n<th data-start=\"3244\" data-end=\"3260\" data-col-size=\"sm\">Z\u00e1kladn\u00ed materi\u00e1l<\/th>\n<th data-start=\"3260\" data-end=\"3273\" data-col-size=\"sm\">V\u00fdhody<\/th>\n<th data-start=\"3273\" data-end=\"3288\" data-col-size=\"sm\">Typick\u00e9 pou\u017eit\u00ed<\/th>\n<\/tr>\n<\/thead>\n<tbody data-start=\"3303\" data-end=\"3537\">\n<tr data-start=\"3303\" data-end=\"3382\">\n<td data-start=\"3303\" data-end=\"3318\" data-col-size=\"sm\">Uhl\u00edkov\u00e1 ocel<\/td>\n<td data-start=\"3318\" data-end=\"3355\" data-col-size=\"sm\">Cost-effective, good machinability<\/td>\n<td data-start=\"3355\" data-end=\"3382\" data-col-size=\"sm\">General wear protection<\/td>\n<\/tr>\n<tr data-start=\"3383\" data-end=\"3460\">\n<td data-start=\"3383\" data-end=\"3397\" data-col-size=\"sm\">Legovan\u00e1 ocel<\/td>\n<td data-start=\"3397\" data-end=\"3436\" data-col-size=\"sm\">High toughness and impact resistance<\/td>\n<td data-start=\"3436\" data-end=\"3460\" data-col-size=\"sm\">T\u011b\u017ek\u00e9 stroje<\/td>\n<\/tr>\n<tr data-start=\"3461\" data-end=\"3537\">\n<td data-start=\"3461\" data-end=\"3479\" data-col-size=\"sm\">Nerezov\u00e1 ocel<\/td>\n<td data-start=\"3479\" data-end=\"3501\" data-col-size=\"sm\">Odolnost proti korozi<\/td>\n<td data-start=\"3501\" data-end=\"3537\" data-col-size=\"sm\">Chemick\u00e9 a mo\u0159sk\u00e9 prost\u0159ed\u00ed<\/td>\n<\/tr>\n<\/tbody>\n<\/table>\n<\/div>\n<\/div>\n<div class=\"TyagGW_tableContainer\">\n<div class=\"group TyagGW_tableWrapper flex flex-col-reverse w-fit\" tabindex=\"-1\">\n<table class=\"w-fit min-w-(--thread-content-width)\" data-start=\"3539\" data-end=\"3913\">\n<thead data-start=\"3539\" data-end=\"3590\">\n<tr data-start=\"3539\" data-end=\"3590\">\n<th data-start=\"3539\" data-end=\"3558\" data-col-size=\"sm\">Hardfacing Alloy<\/th>\n<th data-start=\"3558\" data-end=\"3571\" data-col-size=\"sm\">V\u00fdhody<\/th>\n<th data-start=\"3571\" data-end=\"3590\" data-col-size=\"sm\">Doporu\u010deno pro<\/th>\n<\/tr>\n<\/thead>\n<tbody data-start=\"3605\" data-end=\"3913\">\n<tr data-start=\"3605\" data-end=\"3686\">\n<td data-start=\"3605\" data-end=\"3624\" data-col-size=\"sm\">Chromium Carbide<\/td>\n<td data-start=\"3624\" data-end=\"3656\" data-col-size=\"sm\">Vysok\u00e1 tvrdost, odolnost proti opot\u0159eben\u00ed<\/td>\n<td data-start=\"3656\" data-end=\"3686\" data-col-size=\"sm\">Abrasive slurry and impact<\/td>\n<\/tr>\n<tr data-start=\"3687\" data-end=\"3766\">\n<td data-start=\"3687\" data-end=\"3706\" data-col-size=\"sm\">Tungsten Carbide<\/td>\n<td data-start=\"3706\" data-end=\"3747\" data-col-size=\"sm\">Extreme hardness, high wear resistance<\/td>\n<td data-start=\"3747\" data-end=\"3766\" data-col-size=\"sm\">Crushers, mills<\/td>\n<\/tr>\n<tr data-start=\"3767\" data-end=\"3833\">\n<td data-start=\"3767\" data-end=\"3778\" data-col-size=\"sm\">Stellite<\/td>\n<td data-start=\"3778\" data-end=\"3809\" data-col-size=\"sm\">Corrosion and heat resistant<\/td>\n<td data-start=\"3809\" data-end=\"3833\" data-col-size=\"sm\">Slurry pumps, valves<\/td>\n<\/tr>\n<tr data-start=\"3834\" data-end=\"3913\">\n<td data-start=\"3834\" data-end=\"3844\" data-col-size=\"sm\">Fe-Cr-C<\/td>\n<td data-start=\"3844\" data-end=\"3878\" data-col-size=\"sm\">Balanced hardness and toughness<\/td>\n<td data-start=\"3878\" data-end=\"3913\" data-col-size=\"sm\">Obecn\u00e9 pr\u016fmyslov\u00e9 aplikace<\/td>\n<\/tr>\n<\/tbody>\n<\/table>\n<\/div>\n<\/div>\n<h2 data-start=\"3920\" data-end=\"3943\"><strong data-start=\"3923\" data-end=\"3943\">Pro\u010d si vybrat Wonzh<\/strong><\/h2>\n<ul data-start=\"3945\" data-end=\"4286\">\n<li data-start=\"3945\" data-end=\"3997\">\n<p data-start=\"3947\" data-end=\"3997\">Advanced hardfacing technology and CNC machining<\/p>\n<\/li>\n<li data-start=\"3998\" data-end=\"4057\">\n<p data-start=\"4000\" data-end=\"4057\">High-quality, durable components for harsh environments<\/p>\n<\/li>\n<li data-start=\"4058\" data-end=\"4116\">\n<p data-start=\"4060\" data-end=\"4116\">Wide selection of base materials and hardfacing alloys<\/p>\n<\/li>\n<li data-start=\"4117\" data-end=\"4180\">\n<p data-start=\"4119\" data-end=\"4180\">Zak\u00e1zkov\u00e1 technick\u00e1 podpora pro OEM a pr\u016fmyslov\u00e9 stroje<\/p>\n<\/li>\n<li data-start=\"4181\" data-end=\"4230\">\n<p data-start=\"4183\" data-end=\"4230\">Sni\u017euje opot\u0159eben\u00ed, prostoje a n\u00e1klady na \u00fadr\u017ebu.<\/p>\n<\/li>\n<li data-start=\"4231\" data-end=\"4286\">\n<p data-start=\"4233\" data-end=\"4286\">Od prototypu po s\u00e9riovou v\u00fdrobu se spolehlivou dod\u00e1vkou<\/p>\n<\/li>\n<\/ul>\n<h2 data-start=\"4293\" data-end=\"4334\"><strong data-start=\"4296\" data-end=\"4332\">\u010casto kladen\u00e9 ot\u00e1zky (FAQ)<\/strong><\/h2>\n<h3 data-start=\"4336\" data-end=\"4390\"><strong data-start=\"4340\" data-end=\"4388\">Q1: What are hardfacing components used for?<\/strong><\/h3>\n<p data-start=\"4391\" data-end=\"4497\">They protect machinery surfaces from abrasion, impact, and erosion in high-wear industrial applications.<\/p>\n<h3 data-start=\"4499\" data-end=\"4547\"><strong data-start=\"4503\" data-end=\"4545\">Q2: Can I get custom hardfacing parts?<\/strong><\/h3>\n<p data-start=\"4548\" data-end=\"4637\">Yes. Components can be made according to drawings, specifications, or OEM requirements.<\/p>\n<h3 data-start=\"4639\" data-end=\"4694\"><strong data-start=\"4643\" data-end=\"4692\">Q3: Which hardfacing materials are available?<\/strong><\/h3>\n<p data-start=\"4695\" data-end=\"4825\">Mezi mo\u017enosti pat\u0159\u00ed <strong data-start=\"4711\" data-end=\"4779\">Chromium carbide, Tungsten carbide, Stellite, and Fe-Cr-C alloys<\/strong>, depending on wear and impact requirements.<\/p>\n<h3 data-start=\"4827\" data-end=\"4887\"><strong data-start=\"4831\" data-end=\"4885\">Q4: Can hardfacing be applied to different metals?<\/strong><\/h3>\n<p data-start=\"4888\" data-end=\"4979\">Yes. We can apply hardfacing to <strong data-start=\"4920\" data-end=\"4976\">carbon steel, alloy steel, and stainless steel bases<\/strong>.<\/p>\n<h3 data-start=\"4981\" data-end=\"5038\"><strong data-start=\"4985\" data-end=\"5036\">Q5: Which industries use hardfacing components?<\/strong><\/h3>\n<p data-start=\"5039\" data-end=\"5132\">Mining, cement, steel, construction, material handling, and chemical processing industries.<\/p>","protected":false},"excerpt":{"rendered":"<p>Hardfacing Components supplied by Wonzh are engineered to protect industrial machinery from extreme wear and extend operational life. These components are widely used in mining, cement, steel, construction, material handling, and power generation equipment, where surfaces are exposed to abrasion, impact, or erosion.<\/p>","protected":false},"featured_media":1547,"comment_status":"open","ping_status":"closed","template":"","meta":{"site-sidebar-layout":"default","site-content-layout":"","ast-site-content-layout":"default","site-content-style":"default","site-sidebar-style":"default","ast-global-header-display":"","ast-banner-title-visibility":"","ast-main-header-display":"","ast-hfb-above-header-display":"","ast-hfb-below-header-display":"","ast-hfb-mobile-header-display":"","site-post-title":"","ast-breadcrumbs-content":"","ast-featured-img":"","footer-sml-layout":"","ast-disable-related-posts":"","theme-transparent-header-meta":"default","adv-header-id-meta":"","stick-header-meta":"default","header-above-stick-meta":"","header-main-stick-meta":"","header-below-stick-meta":"","astra-migrate-meta-layouts":"set","ast-page-background-enabled":"default","ast-page-background-meta":{"desktop":{"background-color":"","background-image":"","background-repeat":"repeat","background-position":"center center","background-size":"auto","background-attachment":"scroll","background-type":"","background-media":"","overlay-type":"","overlay-color":"","overlay-opacity":"","overlay-gradient":""},"tablet":{"background-color":"","background-image":"","background-repeat":"repeat","background-position":"center center","background-size":"auto","background-attachment":"scroll","background-type":"","background-media":"","overlay-type":"","overlay-color":"","overlay-opacity":"","overlay-gradient":""},"mobile":{"background-color":"","background-image":"","background-repeat":"repeat","background-position":"center center","background-size":"auto","background-attachment":"scroll","background-type":"","background-media":"","overlay-type":"","overlay-color":"","overlay-opacity":"","overlay-gradient":""}},"ast-content-background-meta":{"desktop":{"background-color":"var(--ast-global-color-5)","background-image":"","background-repeat":"repeat","background-position":"center center","background-size":"auto","background-attachment":"scroll","background-type":"","background-media":"","overlay-type":"","overlay-color":"","overlay-opacity":"","overlay-gradient":""},"tablet":{"background-color":"var(--ast-global-color-5)","background-image":"","background-repeat":"repeat","background-position":"center center","background-size":"auto","background-attachment":"scroll","background-type":"","background-media":"","overlay-type":"","overlay-color":"","overlay-opacity":"","overlay-gradient":""},"mobile":{"background-color":"var(--ast-global-color-5)","background-image":"","background-repeat":"repeat","background-position":"center center","background-size":"auto","background-attachment":"scroll","background-type":"","background-media":"","overlay-type":"","overlay-color":"","overlay-opacity":"","overlay-gradient":""}}},"product_brand":[],"product_cat":[24],"product_tag":[434,452,446,449,443,448,442,441,419,451,450,444,447,445,342],"class_list":{"0":"post-1481","1":"product","2":"type-product","3":"status-publish","4":"has-post-thumbnail","6":"product_cat-wear-parts-wear-components","7":"product_tag-abrasion-resistant-parts","8":"product_tag-china-hardfacing-manufacturer","9":"product_tag-chromium-carbide-parts","10":"product_tag-cnc-machined-hardfacing","11":"product_tag-crusher-hammers","12":"product_tag-custom-hardfacing-parts","13":"product_tag-hardfaced-liners","14":"product_tag-hardfacing-components","15":"product_tag-industrial-wear-components","16":"product_tag-mining-wear-parts","17":"product_tag-oem-hardfacing-components","18":"product_tag-pump-hardfacing-parts","19":"product_tag-stellite-components","20":"product_tag-tungsten-carbide-components","21":"product_tag-wear-plates","22":"desktop-align-left","23":"tablet-align-left","24":"mobile-align-left","26":"first","27":"instock","28":"shipping-taxable","29":"product-type-simple"},"_links":{"self":[{"href":"https:\/\/www.wonzh.com\/cs\/wp-json\/wp\/v2\/product\/1481","targetHints":{"allow":["GET"]}}],"collection":[{"href":"https:\/\/www.wonzh.com\/cs\/wp-json\/wp\/v2\/product"}],"about":[{"href":"https:\/\/www.wonzh.com\/cs\/wp-json\/wp\/v2\/types\/product"}],"replies":[{"embeddable":true,"href":"https:\/\/www.wonzh.com\/cs\/wp-json\/wp\/v2\/comments?post=1481"}],"wp:featuredmedia":[{"embeddable":true,"href":"https:\/\/www.wonzh.com\/cs\/wp-json\/wp\/v2\/media\/1547"}],"wp:attachment":[{"href":"https:\/\/www.wonzh.com\/cs\/wp-json\/wp\/v2\/media?parent=1481"}],"wp:term":[{"taxonomy":"product_brand","embeddable":true,"href":"https:\/\/www.wonzh.com\/cs\/wp-json\/wp\/v2\/product_brand?post=1481"},{"taxonomy":"product_cat","embeddable":true,"href":"https:\/\/www.wonzh.com\/cs\/wp-json\/wp\/v2\/product_cat?post=1481"},{"taxonomy":"product_tag","embeddable":true,"href":"https:\/\/www.wonzh.com\/cs\/wp-json\/wp\/v2\/product_tag?post=1481"}],"curies":[{"name":"wp","href":"https:\/\/api.w.org\/{rel}","templated":true}]}}