{"id":1480,"date":"2026-02-03T15:17:38","date_gmt":"2026-02-03T15:17:38","guid":{"rendered":"https:\/\/www.wonzh.com\/?post_type=product&#038;p=1480"},"modified":"2026-02-05T15:25:42","modified_gmt":"2026-02-05T15:25:42","slug":"ceramic-lined-parts-for-abrasion-resistant-industrial-applications","status":"publish","type":"product","link":"https:\/\/www.wonzh.com\/cs\/product\/ceramic-lined-parts-for-abrasion-resistant-industrial-applications\/","title":{"rendered":"D\u00edly s keramick\u00fdm oblo\u017een\u00edm pro pr\u016fmyslov\u00e9 aplikace odoln\u00e9 proti ot\u011bru"},"content":{"rendered":"<p data-start=\"580\" data-end=\"910\">D\u00edly s keramickou vlo\u017ekou dod\u00e1van\u00e9 spole\u010dnost\u00ed Wonzh jsou konstruov\u00e1ny tak, aby odol\u00e1valy siln\u00e9mu ot\u011bru, vysok\u00fdm n\u00e1raz\u016fm a korozivn\u00edmu prost\u0159ed\u00ed v pr\u016fmyslov\u00fdch stroj\u00edch. Tyto d\u00edly se \u0161iroce pou\u017e\u00edvaj\u00ed v d\u016fln\u00edm pr\u016fmyslu, cement\u00e1renstv\u00ed, ocel\u00e1\u0159stv\u00ed, chemick\u00e9m pr\u016fmyslu, energetice a za\u0159\u00edzen\u00edch pro manipulaci s materi\u00e1lem, aby se prodlou\u017eila \u017eivotnost vysoce opot\u0159ebovan\u00fdch sou\u010d\u00e1st\u00ed.<\/p>\n<p data-start=\"912\" data-end=\"1304\">Na\u0161e d\u00edly kombinuj\u00ed hou\u017eevnat\u00fd kovov\u00fd z\u00e1klad (uhl\u00edkov\u00e1 ocel, legovan\u00e1 ocel nebo nerezov\u00e1 ocel) s vysoce kvalitn\u00ed keramickou vlo\u017ekou, kter\u00e1 zaji\u0161\u0165uje v\u00fdjime\u010dnou tvrdost, odolnost proti opot\u0159eben\u00ed a toleranci v\u016f\u010di n\u00e1raz\u016fm. V\u00fdrobn\u00ed procesy zahrnuj\u00ed p\u0159esn\u00e9 CNC obr\u00e1b\u011bn\u00ed, vkl\u00e1d\u00e1n\u00ed keramiky, lepen\u00ed a povrchovou \u00fapravu, co\u017e zaji\u0161\u0165uje, \u017ee oblo\u017een\u00ed je odoln\u00e9, rovnom\u011brn\u00e9 a pevn\u011b spojen\u00e9 se z\u00e1kladnou.<\/p>\n<p data-start=\"1306\" data-end=\"1612\">Spole\u010dnost Wonzh nab\u00edz\u00ed standardn\u00ed a zak\u00e1zkov\u00e9 d\u00edly s keramick\u00fdm oblo\u017een\u00edm, kter\u00e9 jsou navr\u017eeny podle specifikac\u00ed klienta, po\u017eadavk\u016f OEM nebo model\u016f za\u0159\u00edzen\u00ed. N\u00e1\u0161 technick\u00fd t\u00fdm rad\u00ed p\u0159i v\u00fdb\u011bru keramick\u00e9ho materi\u00e1lu, tlou\u0161\u0165ky, geometrie a technik lepen\u00ed, aby se optimalizoval v\u00fdkon v n\u00e1ro\u010dn\u00fdch provozn\u00edch podm\u00ednk\u00e1ch.<\/p>\n<h2 data-start=\"1619\" data-end=\"1638\"><strong data-start=\"1622\" data-end=\"1638\">Kl\u00ed\u010dov\u00e9 vlastnosti<\/strong><\/h2>\n<ul data-start=\"1640\" data-end=\"1959\">\n<li data-start=\"1640\" data-end=\"1681\">\n<p data-start=\"1642\" data-end=\"1681\">Vynikaj\u00edc\u00ed odolnost proti opot\u0159eben\u00ed a od\u011bru<\/p>\n<\/li>\n<li data-start=\"1682\" data-end=\"1719\">\n<p data-start=\"1684\" data-end=\"1719\">Odolnost proti n\u00e1razu a korozi<\/p>\n<\/li>\n<li data-start=\"1720\" data-end=\"1780\">\n<p data-start=\"1722\" data-end=\"1780\">Vysoce p\u0159esn\u00e9 obr\u00e1b\u011bn\u00ed pro konzistentn\u00ed l\u00edcov\u00e1n\u00ed a funkci<\/p>\n<\/li>\n<li data-start=\"1781\" data-end=\"1836\">\n<p data-start=\"1783\" data-end=\"1836\">P\u0159izp\u016fsobiteln\u00e9 tvary, velikosti a tlou\u0161\u0165ky keramiky<\/p>\n<\/li>\n<li data-start=\"1837\" data-end=\"1894\">\n<p data-start=\"1839\" data-end=\"1894\">Podpora prototypov\u00e9, malos\u00e9riov\u00e9 a s\u00e9riov\u00e9 v\u00fdroby<\/p>\n<\/li>\n<li data-start=\"1895\" data-end=\"1959\">\n<p data-start=\"1897\" data-end=\"1959\">Prodlu\u017euje \u017eivotnost za\u0159\u00edzen\u00ed a sni\u017euje n\u00e1klady na \u00fadr\u017ebu<\/p>\n<\/li>\n<\/ul>\n<h2 data-start=\"1966\" data-end=\"1993\"><strong data-start=\"1969\" data-end=\"1993\">Typick\u00e9 aplikace<\/strong><\/h2>\n<ul data-start=\"1995\" data-end=\"2334\">\n<li data-start=\"1995\" data-end=\"2062\">\n<p data-start=\"1997\" data-end=\"2062\">\u017dlaby, v\u00fdsypky a pod\u00e1vac\u00ed trubky v t\u011b\u017eebn\u00edm a cement\u00e1\u0159sk\u00e9m pr\u016fmyslu<\/p>\n<\/li>\n<li data-start=\"2063\" data-end=\"2112\">\n<p data-start=\"2065\" data-end=\"2112\">Opot\u0159ebiteln\u00e9 vlo\u017eky pro ml\u00fdny, drti\u010de a brusky<\/p>\n<\/li>\n<li data-start=\"2113\" data-end=\"2158\">\n<p data-start=\"2115\" data-end=\"2158\">\u010cerpadla a ventily pro manipulaci s abrazivn\u00edmi kaly<\/p>\n<\/li>\n<li data-start=\"2159\" data-end=\"2210\">\n<p data-start=\"2161\" data-end=\"2210\">Za\u0159\u00edzen\u00ed pro manipulaci s materi\u00e1lem a zpracov\u00e1n\u00ed sypk\u00fdch materi\u00e1l\u016f<\/p>\n<\/li>\n<li data-start=\"2211\" data-end=\"2266\">\n<p data-start=\"2213\" data-end=\"2266\">Stroje na v\u00fdrobu energie a pr\u016fmyslov\u00e1 potrub\u00ed<\/p>\n<\/li>\n<li data-start=\"2267\" data-end=\"2334\">\n<p data-start=\"2269\" data-end=\"2334\">Chemick\u00e1 a zpracovatelsk\u00e1 za\u0159\u00edzen\u00ed vystaven\u00e1 opot\u0159eben\u00ed a korozi<\/p>\n<\/li>\n<\/ul>\n<h2 data-start=\"2341\" data-end=\"2382\"><strong data-start=\"2344\" data-end=\"2382\">Typy dod\u00e1van\u00fdch d\u00edl\u016f s keramickou v\u00fdstelkou<\/strong><\/h2>\n<div class=\"TyagGW_tableContainer\">\n<div class=\"group TyagGW_tableWrapper flex flex-col-reverse w-fit\" tabindex=\"-1\">\n<table class=\"w-fit min-w-(--thread-content-width)\" data-start=\"2384\" data-end=\"2969\">\n<thead data-start=\"2384\" data-end=\"2430\">\n<tr data-start=\"2384\" data-end=\"2430\">\n<th data-start=\"2384\" data-end=\"2401\" data-col-size=\"sm\">Typ sou\u010d\u00e1sti<\/th>\n<th data-start=\"2401\" data-end=\"2415\" data-col-size=\"md\">Popis<\/th>\n<th data-start=\"2415\" data-end=\"2430\" data-col-size=\"sm\">Typick\u00e9 pou\u017eit\u00ed<\/th>\n<\/tr>\n<\/thead>\n<tbody data-start=\"2445\" data-end=\"2969\">\n<tr data-start=\"2445\" data-end=\"2543\">\n<td data-start=\"2445\" data-end=\"2473\" data-col-size=\"sm\"><strong data-start=\"2447\" data-end=\"2472\">V\u00fdsypky \/ \u017elaby<\/strong><\/td>\n<td data-start=\"2473\" data-end=\"2513\" data-col-size=\"md\">Desky nebo segmenty vylo\u017een\u00e9 keramikou<\/td>\n<td data-start=\"2513\" data-end=\"2543\" data-col-size=\"sm\">Manipulace s abrazivn\u00edm materi\u00e1lem<\/td>\n<\/tr>\n<tr data-start=\"2544\" data-end=\"2640\">\n<td data-start=\"2544\" data-end=\"2572\" data-col-size=\"sm\"><strong data-start=\"2546\" data-end=\"2571\">Vlo\u017eky ml\u00fdn\u016f \/ drti\u010d\u016f<\/strong><\/td>\n<td data-start=\"2572\" data-end=\"2604\" data-col-size=\"md\">Desky nebo ty\u010de s keramick\u00fdm povlakem<\/td>\n<td data-start=\"2604\" data-end=\"2640\" data-col-size=\"sm\">Mlet\u00ed a drcen\u00ed<\/td>\n<\/tr>\n<tr data-start=\"2641\" data-end=\"2752\">\n<td data-start=\"2641\" data-end=\"2671\" data-col-size=\"sm\"><strong data-start=\"2643\" data-end=\"2670\">Komponenty \u010derpadel \/ ventil\u016f<\/strong><\/td>\n<td data-start=\"2671\" data-end=\"2714\" data-col-size=\"md\">Keramick\u00e9 oblo\u017een\u00ed ob\u011b\u017en\u00fdch kol a sk\u0159\u00edn\u00ed<\/td>\n<td data-start=\"2714\" data-end=\"2752\" data-col-size=\"sm\">Manipulace s kaly a abrazivn\u00edmi kapalinami<\/td>\n<\/tr>\n<tr data-start=\"2753\" data-end=\"2850\">\n<td data-start=\"2753\" data-end=\"2778\" data-col-size=\"sm\"><strong data-start=\"2755\" data-end=\"2777\">Vlo\u017eky do potrub\u00ed \/ trubek<\/strong><\/td>\n<td data-start=\"2778\" data-end=\"2810\" data-col-size=\"md\">Keramick\u00e9 vlo\u017eky pro potrub\u00ed<\/td>\n<td data-start=\"2810\" data-end=\"2850\" data-col-size=\"sm\">P\u0159eprava kal\u016f a korozivn\u00edch m\u00e9di\u00ed<\/td>\n<\/tr>\n<tr data-start=\"2851\" data-end=\"2969\">\n<td data-start=\"2851\" data-end=\"2884\" data-col-size=\"sm\"><strong data-start=\"2853\" data-end=\"2883\">Vlastn\u00ed d\u00edly s keramickou v\u00fdstelkou<\/strong><\/td>\n<td data-start=\"2884\" data-end=\"2930\" data-col-size=\"md\">Zkonstruov\u00e1no podle v\u00fdkresu nebo specifikace OEM<\/td>\n<td data-start=\"2930\" data-end=\"2969\" data-col-size=\"sm\">Specializovan\u00e9 pr\u016fmyslov\u00e9 aplikace<\/td>\n<\/tr>\n<\/tbody>\n<\/table>\n<\/div>\n<\/div>\n<h2 data-start=\"2976\" data-end=\"3028\"><strong data-start=\"2979\" data-end=\"3026\">Technick\u00e9 parametry (reprezentativn\u00ed rozsah)<\/strong><\/h2>\n<div class=\"TyagGW_tableContainer\">\n<div class=\"group TyagGW_tableWrapper flex flex-col-reverse w-fit\" tabindex=\"-1\">\n<table class=\"w-fit min-w-(--thread-content-width)\" data-start=\"3030\" data-end=\"3579\">\n<thead data-start=\"3030\" data-end=\"3067\">\n<tr data-start=\"3030\" data-end=\"3067\">\n<th data-start=\"3030\" data-end=\"3042\" data-col-size=\"sm\">Parametr<\/th>\n<th data-start=\"3042\" data-end=\"3067\" data-col-size=\"md\">Specifikace \/ rozsah<\/th>\n<\/tr>\n<\/thead>\n<tbody data-start=\"3078\" data-end=\"3579\">\n<tr data-start=\"3078\" data-end=\"3146\">\n<td data-start=\"3078\" data-end=\"3100\" data-col-size=\"sm\">Kovov\u00fd z\u00e1kladn\u00ed materi\u00e1l<\/td>\n<td data-start=\"3100\" data-end=\"3146\" data-col-size=\"md\">Uhl\u00edkov\u00e1 ocel, legovan\u00e1 ocel, nerezov\u00e1 ocel<\/td>\n<\/tr>\n<tr data-start=\"3147\" data-end=\"3246\">\n<td data-start=\"3147\" data-end=\"3166\" data-col-size=\"sm\">Keramick\u00fd materi\u00e1l<\/td>\n<td data-start=\"3166\" data-end=\"3246\" data-col-size=\"md\">oxid hlinit\u00fd (Al\u2082O\u2083), zirkoni\u010ditan (ZrO\u2082), karbid k\u0159em\u00edku (SiC), karbid b\u00f3ru (B\u2084C).<\/td>\n<\/tr>\n<tr data-start=\"3247\" data-end=\"3298\">\n<td data-start=\"3247\" data-end=\"3267\" data-col-size=\"sm\">Tlou\u0161\u0165ka keramiky<\/td>\n<td data-start=\"3267\" data-end=\"3298\" data-col-size=\"md\">2 mm - 20 mm (lze p\u0159izp\u016fsobit)<\/td>\n<\/tr>\n<tr data-start=\"3299\" data-end=\"3366\">\n<td data-start=\"3299\" data-end=\"3324\" data-col-size=\"sm\">Velikost desky \/ sou\u010d\u00e1sti<\/td>\n<td data-start=\"3324\" data-end=\"3366\" data-col-size=\"md\">A\u017e 2000 mm \u00d7 1000 mm (lze p\u0159izp\u016fsobit)<\/td>\n<\/tr>\n<tr data-start=\"3367\" data-end=\"3403\">\n<td data-start=\"3367\" data-end=\"3378\" data-col-size=\"sm\">Tvrdost<\/td>\n<td data-start=\"3378\" data-end=\"3403\" data-col-size=\"md\">HRA 85 - 92 (keramika)<\/td>\n<\/tr>\n<tr data-start=\"3404\" data-end=\"3478\">\n<td data-start=\"3404\" data-end=\"3421\" data-col-size=\"sm\">Metoda lepen\u00ed<\/td>\n<td data-start=\"3421\" data-end=\"3478\" data-col-size=\"md\">Vysokoteplotn\u00ed sp\u00e9k\u00e1n\u00ed, p\u00e1jen\u00ed, lepen\u00ed lepidlem<\/td>\n<\/tr>\n<tr data-start=\"3479\" data-end=\"3540\">\n<td data-start=\"3479\" data-end=\"3497\" data-col-size=\"sm\">Typ v\u00fdroby<\/td>\n<td data-start=\"3497\" data-end=\"3540\" data-col-size=\"md\">Prototyp, mal\u00e1 s\u00e9rie, s\u00e9riov\u00e1 v\u00fdroba<\/td>\n<\/tr>\n<tr data-start=\"3541\" data-end=\"3579\">\n<td data-start=\"3541\" data-end=\"3563\" data-col-size=\"sm\">Podporovan\u00e9 standardy<\/td>\n<td data-start=\"3563\" data-end=\"3579\" data-col-size=\"md\">ISO, DIN, GB<\/td>\n<\/tr>\n<\/tbody>\n<\/table>\n<\/div>\n<\/div>\n<h2 data-start=\"3586\" data-end=\"3619\"><strong data-start=\"3589\" data-end=\"3619\">Pr\u016fvodce materi\u00e1lem a v\u00fdb\u011brem<\/strong><\/h2>\n<div class=\"TyagGW_tableContainer\">\n<div class=\"group TyagGW_tableWrapper flex flex-col-reverse w-fit\" tabindex=\"-1\">\n<table class=\"w-fit min-w-(--thread-content-width)\" data-start=\"3621\" data-end=\"3913\">\n<thead data-start=\"3621\" data-end=\"3665\">\n<tr data-start=\"3621\" data-end=\"3665\">\n<th data-start=\"3621\" data-end=\"3637\" data-col-size=\"sm\">Z\u00e1kladn\u00ed materi\u00e1l<\/th>\n<th data-start=\"3637\" data-end=\"3650\" data-col-size=\"sm\">V\u00fdhody<\/th>\n<th data-start=\"3650\" data-end=\"3665\" data-col-size=\"sm\">Typick\u00e9 pou\u017eit\u00ed<\/th>\n<\/tr>\n<\/thead>\n<tbody data-start=\"3680\" data-end=\"3913\">\n<tr data-start=\"3680\" data-end=\"3763\">\n<td data-start=\"3680\" data-end=\"3695\" data-col-size=\"sm\">Uhl\u00edkov\u00e1 ocel<\/td>\n<td data-start=\"3695\" data-end=\"3728\" data-col-size=\"sm\">N\u00e1kladov\u011b efektivn\u00ed a snadn\u00e9 obr\u00e1b\u011bn\u00ed<\/td>\n<td data-start=\"3728\" data-end=\"3763\" data-col-size=\"sm\">Obecn\u00e9 pr\u016fmyslov\u00e9 aplikace<\/td>\n<\/tr>\n<tr data-start=\"3764\" data-end=\"3836\">\n<td data-start=\"3764\" data-end=\"3778\" data-col-size=\"sm\">Legovan\u00e1 ocel<\/td>\n<td data-start=\"3778\" data-end=\"3812\" data-col-size=\"sm\">Vysok\u00e1 pevnost, odolnost proti n\u00e1razu<\/td>\n<td data-start=\"3812\" data-end=\"3836\" data-col-size=\"sm\">T\u011b\u017ek\u00e9 stroje<\/td>\n<\/tr>\n<tr data-start=\"3837\" data-end=\"3913\">\n<td data-start=\"3837\" data-end=\"3855\" data-col-size=\"sm\">Nerezov\u00e1 ocel<\/td>\n<td data-start=\"3855\" data-end=\"3877\" data-col-size=\"sm\">Odolnost proti korozi<\/td>\n<td data-start=\"3877\" data-end=\"3913\" data-col-size=\"sm\">Chemick\u00e9 a mo\u0159sk\u00e9 prost\u0159ed\u00ed<\/td>\n<\/tr>\n<\/tbody>\n<\/table>\n<\/div>\n<\/div>\n<div class=\"TyagGW_tableContainer\">\n<div class=\"group TyagGW_tableWrapper flex flex-col-reverse w-fit\" tabindex=\"-1\">\n<table class=\"w-fit min-w-(--thread-content-width)\" data-start=\"3915\" data-end=\"4351\">\n<thead data-start=\"3915\" data-end=\"3966\">\n<tr data-start=\"3915\" data-end=\"3966\">\n<th data-start=\"3915\" data-end=\"3934\" data-col-size=\"sm\">Keramick\u00fd materi\u00e1l<\/th>\n<th data-start=\"3934\" data-end=\"3947\" data-col-size=\"sm\">V\u00fdhody<\/th>\n<th data-start=\"3947\" data-end=\"3966\" data-col-size=\"md\">Doporu\u010deno pro<\/th>\n<\/tr>\n<\/thead>\n<tbody data-start=\"3981\" data-end=\"4351\">\n<tr data-start=\"3981\" data-end=\"4059\">\n<td data-start=\"3981\" data-end=\"3999\" data-col-size=\"sm\">Hlin\u00edk (Al\u2082O\u2083)<\/td>\n<td data-start=\"3999\" data-end=\"4031\" data-col-size=\"sm\">Vysok\u00e1 tvrdost, odolnost proti opot\u0159eben\u00ed<\/td>\n<td data-start=\"4031\" data-end=\"4059\" data-col-size=\"md\">Manipulace s abrazivn\u00ed ka\u0161\u00ed<\/td>\n<\/tr>\n<tr data-start=\"4060\" data-end=\"4147\">\n<td data-start=\"4060\" data-end=\"4078\" data-col-size=\"sm\">Zirkonium (ZrO\u2082)<\/td>\n<td data-start=\"4078\" data-end=\"4120\" data-col-size=\"sm\">Vysok\u00e1 lomov\u00e1 hou\u017eevnatost, odolnost proti opot\u0159eben\u00ed<\/td>\n<td data-start=\"4120\" data-end=\"4147\" data-col-size=\"md\">Operace s velk\u00fdm dopadem<\/td>\n<\/tr>\n<tr data-start=\"4148\" data-end=\"4255\">\n<td data-start=\"4148\" data-end=\"4172\" data-col-size=\"sm\">Karbid k\u0159em\u00edku (SiC)<\/td>\n<td data-start=\"4172\" data-end=\"4209\" data-col-size=\"sm\">Extr\u00e9mn\u011b tvrd\u00e9, odoln\u00e9 v\u016f\u010di chemik\u00e1li\u00edm<\/td>\n<td data-start=\"4209\" data-end=\"4255\" data-col-size=\"md\">Chemick\u00e1 ka\u0161e, extr\u00e9mn\u00ed prost\u0159ed\u00ed opot\u0159eben\u00ed<\/td>\n<\/tr>\n<tr data-start=\"4256\" data-end=\"4351\">\n<td data-start=\"4256\" data-end=\"4278\" data-col-size=\"sm\">Karbid boru (B\u2084C)<\/td>\n<td data-start=\"4278\" data-end=\"4315\" data-col-size=\"sm\">Velmi tvrd\u00e9, vysoce odoln\u00e9 proti n\u00e1razu<\/td>\n<td data-start=\"4315\" data-end=\"4351\" data-col-size=\"md\">Za\u0159\u00edzen\u00ed s vysok\u00fdm opot\u0159eben\u00edm a vysokou z\u00e1t\u011b\u017e\u00ed<\/td>\n<\/tr>\n<\/tbody>\n<\/table>\n<\/div>\n<\/div>\n<h2 data-start=\"4358\" data-end=\"4381\"><strong data-start=\"4361\" data-end=\"4381\">Pro\u010d si vybrat Wonzh<\/strong><\/h2>\n<ul data-start=\"4383\" data-end=\"4732\">\n<li data-start=\"4383\" data-end=\"4437\">\n<p data-start=\"4385\" data-end=\"4437\">Pokro\u010dil\u00e1 v\u00fdroba komponent\u016f s keramick\u00fdm oblo\u017een\u00edm<\/p>\n<\/li>\n<li data-start=\"4438\" data-end=\"4494\">\n<p data-start=\"4440\" data-end=\"4494\">Vysoce p\u0159esn\u00e9 obr\u00e1b\u011bn\u00ed a odoln\u00e9 keramick\u00e9 lepen\u00ed<\/p>\n<\/li>\n<li data-start=\"4495\" data-end=\"4562\">\n<p data-start=\"4497\" data-end=\"4562\">\u0160irok\u00e1 \u0161k\u00e1la keramick\u00fdch a z\u00e1kladn\u00edch materi\u00e1l\u016f pro drsn\u00e9 prost\u0159ed\u00ed<\/p>\n<\/li>\n<li data-start=\"4563\" data-end=\"4626\">\n<p data-start=\"4565\" data-end=\"4626\">Zak\u00e1zkov\u00e1 technick\u00e1 podpora pro OEM a pr\u016fmyslov\u00e9 stroje<\/p>\n<\/li>\n<li data-start=\"4627\" data-end=\"4676\">\n<p data-start=\"4629\" data-end=\"4676\">Sni\u017euje opot\u0159eben\u00ed, prostoje a n\u00e1klady na \u00fadr\u017ebu.<\/p>\n<\/li>\n<li data-start=\"4677\" data-end=\"4732\">\n<p data-start=\"4679\" data-end=\"4732\">Od prototypu po s\u00e9riovou v\u00fdrobu se spolehlivou dod\u00e1vkou<\/p>\n<\/li>\n<\/ul>\n<h2 data-start=\"4739\" data-end=\"4780\"><strong data-start=\"4742\" data-end=\"4778\">\u010casto kladen\u00e9 ot\u00e1zky (FAQ)<\/strong><\/h2>\n<h3 data-start=\"4782\" data-end=\"4834\"><strong data-start=\"4786\" data-end=\"4832\">Ot\u00e1zka 1: K \u010demu se pou\u017e\u00edvaj\u00ed d\u00edly s keramickou vlo\u017ekou?<\/strong><\/h3>\n<p data-start=\"4835\" data-end=\"4934\">Chr\u00e1n\u00ed za\u0159\u00edzen\u00ed p\u0159ed ot\u011brem, n\u00e1razem a koroz\u00ed v pr\u016fmyslov\u00fdch aplikac\u00edch s vysok\u00fdm opot\u0159eben\u00edm.<\/p>\n<h3 data-start=\"4936\" data-end=\"4984\"><strong data-start=\"4940\" data-end=\"4982\">Ot\u00e1zka 2: Mohu si objednat vlastn\u00ed tvary a velikosti?<\/strong><\/h3>\n<p data-start=\"4985\" data-end=\"5086\">Ano. D\u00edly s keramickou vlo\u017ekou vyr\u00e1b\u00edme na z\u00e1klad\u011b v\u00fdkres\u016f, model\u016f za\u0159\u00edzen\u00ed nebo specifikac\u00ed OEM.<\/p>\n<h3 data-start=\"5088\" data-end=\"5140\"><strong data-start=\"5092\" data-end=\"5138\">Ot\u00e1zka 3: Jak\u00e9 keramick\u00e9 materi\u00e1ly jsou k dispozici?<\/strong><\/h3>\n<p data-start=\"5141\" data-end=\"5271\">Mezi mo\u017enosti pat\u0159\u00ed <strong data-start=\"5157\" data-end=\"5214\">oxid hlinit\u00fd, zirkoni\u010dit\u00fd, karbid k\u0159em\u00edku a karbid boru<\/strong>, v z\u00e1vislosti na opot\u0159eben\u00ed, n\u00e1razu a chemick\u00fdch po\u017eadavc\u00edch.<\/p>\n<h3 data-start=\"5273\" data-end=\"5328\"><strong data-start=\"5277\" data-end=\"5326\">Ot\u00e1zka 4: Lze lepit keramiku na r\u016fzn\u00e9 kovy?<\/strong><\/h3>\n<p data-start=\"5329\" data-end=\"5473\">Ano. Keramiku lep\u00edme na <strong data-start=\"5354\" data-end=\"5404\">uhl\u00edkov\u00e1 ocel, legovan\u00e1 ocel a nerezov\u00e1 ocel<\/strong> pomoc\u00ed vysokoteplotn\u00edho sp\u00e9k\u00e1n\u00ed, p\u00e1jen\u00ed nebo lepen\u00ed.<\/p>\n<h3 data-start=\"5475\" data-end=\"5538\"><strong data-start=\"5479\" data-end=\"5536\">Q5: V jak\u00fdch pr\u016fmyslov\u00fdch odv\u011btv\u00edch se b\u011b\u017en\u011b pou\u017e\u00edvaj\u00ed d\u00edly s keramick\u00fdm oblo\u017een\u00edm?<\/strong><\/h3>\n<p data-start=\"5539\" data-end=\"5636\">T\u011b\u017eebn\u00ed pr\u016fmysl, cement\u00e1\u0159stv\u00ed, ocel\u00e1\u0159stv\u00ed, chemick\u00fd pr\u016fmysl, v\u00fdroba energie a manipulace s materi\u00e1lem.<\/p>","protected":false},"excerpt":{"rendered":"<p>D\u00edly s keramickou vlo\u017ekou dod\u00e1van\u00e9 spole\u010dnost\u00ed Wonzh jsou konstruov\u00e1ny tak, aby odol\u00e1valy siln\u00e9mu ot\u011bru, vysok\u00fdm n\u00e1raz\u016fm a korozivn\u00edmu prost\u0159ed\u00ed v pr\u016fmyslov\u00fdch stroj\u00edch. Tyto d\u00edly se \u0161iroce pou\u017e\u00edvaj\u00ed v d\u016fln\u00edm pr\u016fmyslu, cement\u00e1renstv\u00ed, ocel\u00e1\u0159stv\u00ed, chemick\u00e9m pr\u016fmyslu, energetice a za\u0159\u00edzen\u00edch pro manipulaci s materi\u00e1lem, aby se prodlou\u017eila \u017eivotnost vysoce opot\u0159ebovan\u00fdch sou\u010d\u00e1st\u00ed.<\/p>","protected":false},"featured_media":1542,"comment_status":"open","ping_status":"closed","template":"","meta":{"site-sidebar-layout":"default","site-content-layout":"","ast-site-content-layout":"default","site-content-style":"default","site-sidebar-style":"default","ast-global-header-display":"","ast-banner-title-visibility":"","ast-main-header-display":"","ast-hfb-above-header-display":"","ast-hfb-below-header-display":"","ast-hfb-mobile-header-display":"","site-post-title":"","ast-breadcrumbs-content":"","ast-featured-img":"","footer-sml-layout":"","ast-disable-related-posts":"","theme-transparent-header-meta":"default","adv-header-id-meta":"","stick-header-meta":"default","header-above-stick-meta":"","header-main-stick-meta":"","header-below-stick-meta":"","astra-migrate-meta-layouts":"set","ast-page-background-enabled":"default","ast-page-background-meta":{"desktop":{"background-color":"","background-image":"","background-repeat":"repeat","background-position":"center center","background-size":"auto","background-attachment":"scroll","background-type":"","background-media":"","overlay-type":"","overlay-color":"","overlay-opacity":"","overlay-gradient":""},"tablet":{"background-color":"","background-image":"","background-repeat":"repeat","background-position":"center center","background-size":"auto","background-attachment":"scroll","background-type":"","background-media":"","overlay-type":"","overlay-color":"","overlay-opacity":"","overlay-gradient":""},"mobile":{"background-color":"","background-image":"","background-repeat":"repeat","background-position":"center center","background-size":"auto","background-attachment":"scroll","background-type":"","background-media":"","overlay-type":"","overlay-color":"","overlay-opacity":"","overlay-gradient":""}},"ast-content-background-meta":{"desktop":{"background-color":"var(--ast-global-color-5)","background-image":"","background-repeat":"repeat","background-position":"center center","background-size":"auto","background-attachment":"scroll","background-type":"","background-media":"","overlay-type":"","overlay-color":"","overlay-opacity":"","overlay-gradient":""},"tablet":{"background-color":"var(--ast-global-color-5)","background-image":"","background-repeat":"repeat","background-position":"center center","background-size":"auto","background-attachment":"scroll","background-type":"","background-media":"","overlay-type":"","overlay-color":"","overlay-opacity":"","overlay-gradient":""},"mobile":{"background-color":"var(--ast-global-color-5)","background-image":"","background-repeat":"repeat","background-position":"center center","background-size":"auto","background-attachment":"scroll","background-type":"","background-media":"","overlay-type":"","overlay-color":"","overlay-opacity":"","overlay-gradient":""}}},"product_brand":[],"product_cat":[24],"product_tag":[434,429,432,428,440,343,439,420,435,436,437,431,438,433,430],"class_list":{"0":"post-1480","1":"product","2":"type-product","3":"status-publish","4":"has-post-thumbnail","6":"product_cat-wear-parts-wear-components","7":"product_tag-abrasion-resistant-parts","8":"product_tag-alumina-lined-parts","9":"product_tag-boron-carbide-lined-parts","10":"product_tag-ceramic-lined-parts","11":"product_tag-china-ceramic-lined-manufacturer","12":"product_tag-crusher-liners","13":"product_tag-custom-ceramic-lined-parts","14":"product_tag-hopper-liners","15":"product_tag-industrial-liners","16":"product_tag-mill-liners","17":"product_tag-pipe-liners","18":"product_tag-sic-lined-parts","19":"product_tag-slurry-handling-parts","20":"product_tag-wear-resistant-components","21":"product_tag-zirconia-lined-parts","22":"desktop-align-left","23":"tablet-align-left","24":"mobile-align-left","26":"first","27":"instock","28":"shipping-taxable","29":"product-type-simple"},"_links":{"self":[{"href":"https:\/\/www.wonzh.com\/cs\/wp-json\/wp\/v2\/product\/1480","targetHints":{"allow":["GET"]}}],"collection":[{"href":"https:\/\/www.wonzh.com\/cs\/wp-json\/wp\/v2\/product"}],"about":[{"href":"https:\/\/www.wonzh.com\/cs\/wp-json\/wp\/v2\/types\/product"}],"replies":[{"embeddable":true,"href":"https:\/\/www.wonzh.com\/cs\/wp-json\/wp\/v2\/comments?post=1480"}],"wp:featuredmedia":[{"embeddable":true,"href":"https:\/\/www.wonzh.com\/cs\/wp-json\/wp\/v2\/media\/1542"}],"wp:attachment":[{"href":"https:\/\/www.wonzh.com\/cs\/wp-json\/wp\/v2\/media?parent=1480"}],"wp:term":[{"taxonomy":"product_brand","embeddable":true,"href":"https:\/\/www.wonzh.com\/cs\/wp-json\/wp\/v2\/product_brand?post=1480"},{"taxonomy":"product_cat","embeddable":true,"href":"https:\/\/www.wonzh.com\/cs\/wp-json\/wp\/v2\/product_cat?post=1480"},{"taxonomy":"product_tag","embeddable":true,"href":"https:\/\/www.wonzh.com\/cs\/wp-json\/wp\/v2\/product_tag?post=1480"}],"curies":[{"name":"wp","href":"https:\/\/api.w.org\/{rel}","templated":true}]}}