{"id":1465,"date":"2026-02-03T14:47:16","date_gmt":"2026-02-03T14:47:16","guid":{"rendered":"https:\/\/www.wonzh.com\/?post_type=product&#038;p=1465"},"modified":"2026-02-05T14:24:10","modified_gmt":"2026-02-05T14:24:10","slug":"custom-metal-parts-for-industrial-automotive-and-oem-applications","status":"publish","type":"product","link":"https:\/\/www.wonzh.com\/cs\/product\/custom-metal-parts-for-industrial-automotive-and-oem-applications\/","title":{"rendered":"Kovov\u00e9 d\u00edly na zak\u00e1zku pro pr\u016fmyslov\u00e9, automobilov\u00e9 a OEM aplikace"},"content":{"rendered":"<p data-start=\"534\" data-end=\"856\">Custom Metal Parts supplied by <strong data-start=\"565\" data-end=\"574\">Wonzh<\/strong> are precision-engineered components designed and manufactured according to customer specifications, drawings, or prototypes. We specialize in delivering high-quality metal parts across industries including industrial machinery, automotive, construction, energy, and equipment OEMs.<\/p>\n<p data-start=\"858\" data-end=\"1285\">Our capabilities cover a wide range of metals\u2014<strong data-start=\"904\" data-end=\"979\">carbon steel, stainless steel, aluminum, brass, copper, and alloy steel<\/strong>\u2014with processes including <strong data-start=\"1005\" data-end=\"1088\">CNC machining, laser cutting, stamping, bending, welding, and surface finishing<\/strong>. By combining advanced manufacturing technologies with strict quality control, Wonzh ensures that every part meets exact dimensional tolerances, mechanical performance, and aesthetic requirements.<\/p>\n<p data-start=\"1287\" data-end=\"1634\">As a trusted industrial supplier, we support <strong data-start=\"1332\" data-end=\"1412\">prototype development, small batch production, and large-scale manufacturing<\/strong>, working closely with engineers to optimize material selection, design for manufacturability, and production efficiency. Custom Metal Parts from Wonzh are engineered for durability, precision, and long-term reliability.<\/p>\n<h2 data-start=\"1641\" data-end=\"1660\"><strong data-start=\"1644\" data-end=\"1660\">Kl\u00ed\u010dov\u00e9 vlastnosti<\/strong><\/h2>\n<ul data-start=\"1662\" data-end=\"1989\">\n<li data-start=\"1662\" data-end=\"1725\">\n<p data-start=\"1664\" data-end=\"1725\">Fully customized to drawings, specifications, or prototypes<\/p>\n<\/li>\n<li data-start=\"1726\" data-end=\"1773\">\n<p data-start=\"1728\" data-end=\"1773\">High dimensional accuracy and repeatability<\/p>\n<\/li>\n<li data-start=\"1774\" data-end=\"1824\">\n<p data-start=\"1776\" data-end=\"1824\">Suitable for a wide range of metals and alloys<\/p>\n<\/li>\n<li data-start=\"1825\" data-end=\"1894\">\n<p data-start=\"1827\" data-end=\"1894\">Multiple manufacturing processes: CNC, stamping, welding, bending<\/p>\n<\/li>\n<li data-start=\"1895\" data-end=\"1948\">\n<p data-start=\"1897\" data-end=\"1948\">Surface treatment and finishing options available<\/p>\n<\/li>\n<li data-start=\"1949\" data-end=\"1989\">\n<p data-start=\"1951\" data-end=\"1989\">Prototype to mass production support<\/p>\n<\/li>\n<\/ul>\n<h2 data-start=\"1996\" data-end=\"2023\"><strong data-start=\"1999\" data-end=\"2023\">Typick\u00e9 aplikace<\/strong><\/h2>\n<ul data-start=\"2025\" data-end=\"2295\">\n<li data-start=\"2025\" data-end=\"2060\">\n<p data-start=\"2027\" data-end=\"2060\">Sou\u010d\u00e1sti pr\u016fmyslov\u00fdch stroj\u016f<\/p>\n<\/li>\n<li data-start=\"2061\" data-end=\"2096\">\n<p data-start=\"2063\" data-end=\"2096\">Automotive parts and assemblies<\/p>\n<\/li>\n<li data-start=\"2097\" data-end=\"2129\">\n<p data-start=\"2099\" data-end=\"2129\">Construction equipment parts<\/p>\n<\/li>\n<li data-start=\"2130\" data-end=\"2169\">\n<p data-start=\"2132\" data-end=\"2169\">Energy and power generation systems<\/p>\n<\/li>\n<li data-start=\"2170\" data-end=\"2217\">\n<p data-start=\"2172\" data-end=\"2217\">Pumps, valves, and fluid handling equipment<\/p>\n<\/li>\n<li data-start=\"2218\" data-end=\"2245\">\n<p data-start=\"2220\" data-end=\"2245\">OEM and MRO spare parts<\/p>\n<\/li>\n<li data-start=\"2246\" data-end=\"2295\">\n<p data-start=\"2248\" data-end=\"2295\">Architectural and structural metal components<\/p>\n<\/li>\n<\/ul>\n<h2 data-start=\"2302\" data-end=\"2335\"><strong data-start=\"2305\" data-end=\"2335\">Manufacturing Capabilities<\/strong><\/h2>\n<div class=\"TyagGW_tableContainer\">\n<div class=\"group TyagGW_tableWrapper flex flex-col-reverse w-fit\" tabindex=\"-1\">\n<table class=\"w-fit min-w-(--thread-content-width)\" data-start=\"2337\" data-end=\"2850\">\n<thead data-start=\"2337\" data-end=\"2361\">\n<tr data-start=\"2337\" data-end=\"2361\">\n<th data-start=\"2337\" data-end=\"2347\" data-col-size=\"sm\">Proces<\/th>\n<th data-start=\"2347\" data-end=\"2361\" data-col-size=\"md\">Schopnosti<\/th>\n<\/tr>\n<\/thead>\n<tbody data-start=\"2372\" data-end=\"2850\">\n<tr data-start=\"2372\" data-end=\"2449\">\n<td data-start=\"2372\" data-end=\"2388\" data-col-size=\"sm\">CNC obr\u00e1b\u011bn\u00ed<\/td>\n<td data-start=\"2388\" data-end=\"2449\" data-col-size=\"md\">Turning, milling, drilling, and grinding of complex parts<\/td>\n<\/tr>\n<tr data-start=\"2450\" data-end=\"2505\">\n<td data-start=\"2450\" data-end=\"2467\" data-col-size=\"sm\">Metal Stamping<\/td>\n<td data-start=\"2467\" data-end=\"2505\" data-col-size=\"md\">High-volume sheet metal components<\/td>\n<\/tr>\n<tr data-start=\"2506\" data-end=\"2568\">\n<td data-start=\"2506\" data-end=\"2522\" data-col-size=\"sm\">Laser Cutting<\/td>\n<td data-start=\"2522\" data-end=\"2568\" data-col-size=\"md\">Precise cutting of metal sheets and plates<\/td>\n<\/tr>\n<tr data-start=\"2569\" data-end=\"2619\">\n<td data-start=\"2569\" data-end=\"2589\" data-col-size=\"sm\">Bending \/ Forming<\/td>\n<td data-start=\"2589\" data-end=\"2619\" data-col-size=\"md\">Custom shapes and profiles<\/td>\n<\/tr>\n<tr data-start=\"2620\" data-end=\"2689\">\n<td data-start=\"2620\" data-end=\"2641\" data-col-size=\"sm\">Welding &amp; Assembly<\/td>\n<td data-start=\"2641\" data-end=\"2689\" data-col-size=\"md\">TIG, MIG, spot welding, and modular assembly<\/td>\n<\/tr>\n<tr data-start=\"2690\" data-end=\"2771\">\n<td data-start=\"2690\" data-end=\"2710\" data-col-size=\"sm\">Povrchov\u00e1 \u00faprava<\/td>\n<td data-start=\"2710\" data-end=\"2771\" data-col-size=\"md\">Anodizing, plating, painting, powder coating, passivation<\/td>\n<\/tr>\n<tr data-start=\"2772\" data-end=\"2850\">\n<td data-start=\"2772\" data-end=\"2789\" data-col-size=\"sm\">Tepeln\u00e9 zpracov\u00e1n\u00ed<\/td>\n<td data-start=\"2789\" data-end=\"2850\" data-col-size=\"md\">Hardening, tempering, annealing for mechanical properties<\/td>\n<\/tr>\n<\/tbody>\n<\/table>\n<\/div>\n<\/div>\n<h2 data-start=\"2857\" data-end=\"2909\"><strong data-start=\"2860\" data-end=\"2907\">Technick\u00e9 parametry (reprezentativn\u00ed rozsah)<\/strong><\/h2>\n<div class=\"TyagGW_tableContainer\">\n<div class=\"group TyagGW_tableWrapper flex flex-col-reverse w-fit\" tabindex=\"-1\">\n<table class=\"w-fit min-w-(--thread-content-width)\" data-start=\"2911\" data-end=\"3406\">\n<thead data-start=\"2911\" data-end=\"2937\">\n<tr data-start=\"2911\" data-end=\"2937\">\n<th data-start=\"2911\" data-end=\"2923\" data-col-size=\"sm\">Parametr<\/th>\n<th data-start=\"2923\" data-end=\"2937\" data-col-size=\"md\">Schopnosti<\/th>\n<\/tr>\n<\/thead>\n<tbody data-start=\"2948\" data-end=\"3406\">\n<tr data-start=\"2948\" data-end=\"3038\">\n<td data-start=\"2948\" data-end=\"2967\" data-col-size=\"sm\">Mo\u017enosti materi\u00e1lu<\/td>\n<td data-start=\"2967\" data-end=\"3038\" data-col-size=\"md\">Carbon steel, stainless steel, aluminum, brass, copper, alloy steel<\/td>\n<\/tr>\n<tr data-start=\"3039\" data-end=\"3098\">\n<td data-start=\"3039\" data-end=\"3063\" data-col-size=\"sm\">Rozm\u011brov\u00e1 tolerance<\/td>\n<td data-start=\"3063\" data-end=\"3098\" data-col-size=\"md\">A\u017e \u00b10,01 mm (v z\u00e1vislosti na d\u00edlu)<\/td>\n<\/tr>\n<tr data-start=\"3099\" data-end=\"3171\">\n<td data-start=\"3099\" data-end=\"3116\" data-col-size=\"sm\">Surface Finish<\/td>\n<td data-start=\"3116\" data-end=\"3171\" data-col-size=\"md\">Ra 0.8 \u2013 Ra 3.2, polished, anodized, plated, coated<\/td>\n<\/tr>\n<tr data-start=\"3172\" data-end=\"3220\">\n<td data-start=\"3172\" data-end=\"3188\" data-col-size=\"sm\">Maxim\u00e1ln\u00ed velikost d\u00edlu<\/td>\n<td data-start=\"3188\" data-end=\"3220\" data-col-size=\"md\">Up to 1200 mm (customizable)<\/td>\n<\/tr>\n<tr data-start=\"3221\" data-end=\"3282\">\n<td data-start=\"3221\" data-end=\"3239\" data-col-size=\"sm\">Typ v\u00fdroby<\/td>\n<td data-start=\"3239\" data-end=\"3282\" data-col-size=\"md\">Prototyp, mal\u00e1 s\u00e9rie, s\u00e9riov\u00e1 v\u00fdroba<\/td>\n<\/tr>\n<tr data-start=\"3283\" data-end=\"3335\">\n<td data-start=\"3283\" data-end=\"3303\" data-col-size=\"sm\">Standardy kvality<\/td>\n<td data-start=\"3303\" data-end=\"3335\" data-col-size=\"md\">Kontroln\u00ed proces zalo\u017een\u00fd na ISO<\/td>\n<\/tr>\n<tr data-start=\"3336\" data-end=\"3406\">\n<td data-start=\"3336\" data-end=\"3349\" data-col-size=\"sm\">Inspekce<\/td>\n<td data-start=\"3349\" data-end=\"3406\" data-col-size=\"md\">CMM, micrometers, calipers, surface roughness testing<\/td>\n<\/tr>\n<\/tbody>\n<\/table>\n<\/div>\n<\/div>\n<h2 data-start=\"3413\" data-end=\"3444\"><strong data-start=\"3416\" data-end=\"3444\">Pr\u016fvodce v\u00fdb\u011brem materi\u00e1lu<\/strong><\/h2>\n<div class=\"TyagGW_tableContainer\">\n<div class=\"group TyagGW_tableWrapper flex flex-col-reverse w-fit\" tabindex=\"-1\">\n<table class=\"w-fit min-w-(--thread-content-width)\" data-start=\"3446\" data-end=\"3945\">\n<thead data-start=\"3446\" data-end=\"3485\">\n<tr data-start=\"3446\" data-end=\"3485\">\n<th data-start=\"3446\" data-end=\"3457\" data-col-size=\"sm\">Materi\u00e1l<\/th>\n<th data-start=\"3457\" data-end=\"3470\" data-col-size=\"sm\">V\u00fdhody<\/th>\n<th data-start=\"3470\" data-end=\"3485\" data-col-size=\"sm\">Typick\u00e9 pou\u017eit\u00ed<\/th>\n<\/tr>\n<\/thead>\n<tbody data-start=\"3500\" data-end=\"3945\">\n<tr data-start=\"3500\" data-end=\"3582\">\n<td data-start=\"3500\" data-end=\"3519\" data-col-size=\"sm\"><strong data-start=\"3502\" data-end=\"3518\">Uhl\u00edkov\u00e1 ocel<\/strong><\/td>\n<td data-start=\"3519\" data-end=\"3551\" data-col-size=\"sm\">Vysok\u00e1 pevnost, hospod\u00e1rnost<\/td>\n<td data-start=\"3551\" data-end=\"3582\" data-col-size=\"sm\">Machinery, heavy-duty parts<\/td>\n<\/tr>\n<tr data-start=\"3583\" data-end=\"3673\">\n<td data-start=\"3583\" data-end=\"3615\" data-col-size=\"sm\"><strong data-start=\"3585\" data-end=\"3614\">Nerezov\u00e1 ocel (304\/316)<\/strong><\/td>\n<td data-start=\"3615\" data-end=\"3637\" data-col-size=\"sm\">Odolnost proti korozi<\/td>\n<td data-start=\"3637\" data-end=\"3673\" data-col-size=\"sm\">Marine, chemical, food equipment<\/td>\n<\/tr>\n<tr data-start=\"3674\" data-end=\"3767\">\n<td data-start=\"3674\" data-end=\"3695\" data-col-size=\"sm\"><strong data-start=\"3676\" data-end=\"3694\">Hlin\u00edkov\u00e1 slitina<\/strong><\/td>\n<td data-start=\"3695\" data-end=\"3729\" data-col-size=\"sm\">Lehk\u00e9, dob\u0159e obrobiteln\u00e9<\/td>\n<td data-start=\"3729\" data-end=\"3767\" data-col-size=\"sm\">Automotive, aerospace, electronics<\/td>\n<\/tr>\n<tr data-start=\"3768\" data-end=\"3858\">\n<td data-start=\"3768\" data-end=\"3789\" data-col-size=\"sm\"><strong data-start=\"3770\" data-end=\"3788\">Brass \/ Copper<\/strong><\/td>\n<td data-start=\"3789\" data-end=\"3826\" data-col-size=\"sm\">Conductivity, corrosion resistance<\/td>\n<td data-start=\"3826\" data-end=\"3858\" data-col-size=\"sm\">Valves, fittings, connectors<\/td>\n<\/tr>\n<tr data-start=\"3859\" data-end=\"3945\">\n<td data-start=\"3859\" data-end=\"3877\" data-col-size=\"sm\"><strong data-start=\"3861\" data-end=\"3876\">Legovan\u00e1 ocel<\/strong><\/td>\n<td data-start=\"3877\" data-end=\"3910\" data-col-size=\"sm\">High strength, wear resistance<\/td>\n<td data-start=\"3910\" data-end=\"3945\" data-col-size=\"sm\">Industrial and mining equipment<\/td>\n<\/tr>\n<\/tbody>\n<\/table>\n<\/div>\n<\/div>\n<h2 data-start=\"3952\" data-end=\"3975\"><strong data-start=\"3955\" data-end=\"3975\">Pro\u010d si vybrat Wonzh<\/strong><\/h2>\n<ul data-start=\"3977\" data-end=\"4287\">\n<li data-start=\"3977\" data-end=\"4050\">\n<p data-start=\"3979\" data-end=\"4050\">End-to-end quality control from material sourcing to final inspection<\/p>\n<\/li>\n<li data-start=\"4051\" data-end=\"4116\">\n<p data-start=\"4053\" data-end=\"4116\">Advanced manufacturing equipment and skilled engineering team<\/p>\n<\/li>\n<li data-start=\"4117\" data-end=\"4173\">\n<p data-start=\"4119\" data-end=\"4173\">Support for complex geometries and custom tolerances<\/p>\n<\/li>\n<li data-start=\"4174\" data-end=\"4241\">\n<p data-start=\"4176\" data-end=\"4241\">Flexible production: prototypes, small batches, mass production<\/p>\n<\/li>\n<li data-start=\"4242\" data-end=\"4287\">\n<p data-start=\"4244\" data-end=\"4287\">Global delivery and reliable supply chain<\/p>\n<\/li>\n<\/ul>\n<h2 data-start=\"4294\" data-end=\"4335\"><strong data-start=\"4297\" data-end=\"4333\">\u010casto kladen\u00e9 ot\u00e1zky (FAQ)<\/strong><\/h2>\n<h3 data-start=\"4337\" data-end=\"4394\"><strong data-start=\"4341\" data-end=\"4392\">Q1: Can you produce parts based on my drawings?<\/strong><\/h3>\n<p data-start=\"4395\" data-end=\"4500\">Yes. We can manufacture parts strictly according to <strong data-start=\"4447\" data-end=\"4497\">2D\/3D drawings, CAD files, or physical samples<\/strong>.<\/p>\n<h3 data-start=\"4502\" data-end=\"4547\"><strong data-start=\"4506\" data-end=\"4545\">Q2: What file formats are accepted?<\/strong><\/h3>\n<p data-start=\"4548\" data-end=\"4621\">P\u0159ij\u00edm\u00e1me <strong data-start=\"4558\" data-end=\"4587\">STEP, IGES, DXF, DWG, PDF<\/strong> and other standard CAD formats.<\/p>\n<h3 data-start=\"4623\" data-end=\"4667\"><strong data-start=\"4627\" data-end=\"4665\">Q3: What is the typical lead time?<\/strong><\/h3>\n<ul data-start=\"4668\" data-end=\"4766\">\n<li data-start=\"4668\" data-end=\"4696\">\n<p data-start=\"4670\" data-end=\"4696\">Prototype: <strong data-start=\"4681\" data-end=\"4694\">1-2 t\u00fddny<\/strong><\/p>\n<\/li>\n<li data-start=\"4697\" data-end=\"4727\">\n<p data-start=\"4699\" data-end=\"4727\">Mal\u00e1 \u0161ar\u017ee: <strong data-start=\"4712\" data-end=\"4725\">2-4 t\u00fddny<\/strong><\/p>\n<\/li>\n<li data-start=\"4728\" data-end=\"4766\">\n<p data-start=\"4730\" data-end=\"4766\">Hromadn\u00e1 v\u00fdroba: z\u00e1vis\u00ed na projektu<\/p>\n<\/li>\n<\/ul>\n<h3 data-start=\"4768\" data-end=\"4815\"><strong data-start=\"4772\" data-end=\"4813\">Q4: Are surface treatments available?<\/strong><\/h3>\n<p data-start=\"4816\" data-end=\"4915\">Yes. We offer <strong data-start=\"4830\" data-end=\"4891\">anodizing, plating, painting, powder coating, passivation<\/strong>, and custom finishes.<\/p>\n<h3 data-start=\"4917\" data-end=\"4969\"><strong data-start=\"4921\" data-end=\"4967\">Q5: Do you support small batch production?<\/strong><\/h3>\n<p data-start=\"4970\" data-end=\"5057\">Yes. We can produce prototypes, small batches, and full-scale production efficiently.<\/p>","protected":false},"excerpt":{"rendered":"<p>Custom Metal Parts supplied by <strong data-start=\"565\" data-end=\"574\">Wonzh<\/strong> are precision-engineered components designed and manufactured according to customer specifications, drawings, or prototypes. We specialize in delivering high-quality metal parts across industries including industrial machinery, automotive, construction, energy, and equipment OEMs.<\/p>","protected":false},"featured_media":1520,"comment_status":"open","ping_status":"closed","template":"","meta":{"site-sidebar-layout":"default","site-content-layout":"","ast-site-content-layout":"default","site-content-style":"default","site-sidebar-style":"default","ast-global-header-display":"","ast-banner-title-visibility":"","ast-main-header-display":"","ast-hfb-above-header-display":"","ast-hfb-below-header-display":"","ast-hfb-mobile-header-display":"","site-post-title":"","ast-breadcrumbs-content":"","ast-featured-img":"","footer-sml-layout":"","ast-disable-related-posts":"","theme-transparent-header-meta":"default","adv-header-id-meta":"","stick-header-meta":"default","header-above-stick-meta":"","header-main-stick-meta":"","header-below-stick-meta":"","astra-migrate-meta-layouts":"set","ast-page-background-enabled":"default","ast-page-background-meta":{"desktop":{"background-color":"","background-image":"","background-repeat":"repeat","background-position":"center center","background-size":"auto","background-attachment":"scroll","background-type":"","background-media":"","overlay-type":"","overlay-color":"","overlay-opacity":"","overlay-gradient":""},"tablet":{"background-color":"","background-image":"","background-repeat":"repeat","background-position":"center center","background-size":"auto","background-attachment":"scroll","background-type":"","background-media":"","overlay-type":"","overlay-color":"","overlay-opacity":"","overlay-gradient":""},"mobile":{"background-color":"","background-image":"","background-repeat":"repeat","background-position":"center center","background-size":"auto","background-attachment":"scroll","background-type":"","background-media":"","overlay-type":"","overlay-color":"","overlay-opacity":"","overlay-gradient":""}},"ast-content-background-meta":{"desktop":{"background-color":"var(--ast-global-color-5)","background-image":"","background-repeat":"repeat","background-position":"center center","background-size":"auto","background-attachment":"scroll","background-type":"","background-media":"","overlay-type":"","overlay-color":"","overlay-opacity":"","overlay-gradient":""},"tablet":{"background-color":"var(--ast-global-color-5)","background-image":"","background-repeat":"repeat","background-position":"center center","background-size":"auto","background-attachment":"scroll","background-type":"","background-media":"","overlay-type":"","overlay-color":"","overlay-opacity":"","overlay-gradient":""},"mobile":{"background-color":"var(--ast-global-color-5)","background-image":"","background-repeat":"repeat","background-position":"center center","background-size":"auto","background-attachment":"scroll","background-type":"","background-media":"","overlay-type":"","overlay-color":"","overlay-opacity":"","overlay-gradient":""}}},"product_brand":[],"product_cat":[23],"product_tag":[315,317,323,299,324,312,325,319,318,313,320,321,316,314,322],"class_list":{"0":"post-1465","1":"product","2":"type-product","3":"status-publish","4":"has-post-thumbnail","6":"product_cat-precision-machined-parts","7":"product_tag-aluminum-parts","8":"product_tag-carbon-steel-parts","9":"product_tag-china-metal-manufacturer","10":"product_tag-cnc-machined-parts","11":"product_tag-custom-fabricated-parts","12":"product_tag-custom-metal-parts","13":"product_tag-high-precision-metal-parts","14":"product_tag-industrial-metal-components","15":"product_tag-oem-metal-parts","16":"product_tag-precision-metal-components","17":"product_tag-prototype-metal-parts","18":"product_tag-small-batch-metal-production","19":"product_tag-stainless-steel-components","20":"product_tag-stamped-metal-parts","21":"product_tag-surface-treated-metal","22":"desktop-align-left","23":"tablet-align-left","24":"mobile-align-left","26":"first","27":"instock","28":"shipping-taxable","29":"product-type-simple"},"_links":{"self":[{"href":"https:\/\/www.wonzh.com\/cs\/wp-json\/wp\/v2\/product\/1465","targetHints":{"allow":["GET"]}}],"collection":[{"href":"https:\/\/www.wonzh.com\/cs\/wp-json\/wp\/v2\/product"}],"about":[{"href":"https:\/\/www.wonzh.com\/cs\/wp-json\/wp\/v2\/types\/product"}],"replies":[{"embeddable":true,"href":"https:\/\/www.wonzh.com\/cs\/wp-json\/wp\/v2\/comments?post=1465"}],"wp:featuredmedia":[{"embeddable":true,"href":"https:\/\/www.wonzh.com\/cs\/wp-json\/wp\/v2\/media\/1520"}],"wp:attachment":[{"href":"https:\/\/www.wonzh.com\/cs\/wp-json\/wp\/v2\/media?parent=1465"}],"wp:term":[{"taxonomy":"product_brand","embeddable":true,"href":"https:\/\/www.wonzh.com\/cs\/wp-json\/wp\/v2\/product_brand?post=1465"},{"taxonomy":"product_cat","embeddable":true,"href":"https:\/\/www.wonzh.com\/cs\/wp-json\/wp\/v2\/product_cat?post=1465"},{"taxonomy":"product_tag","embeddable":true,"href":"https:\/\/www.wonzh.com\/cs\/wp-json\/wp\/v2\/product_tag?post=1465"}],"curies":[{"name":"wp","href":"https:\/\/api.w.org\/{rel}","templated":true}]}}