{"id":1446,"date":"2026-02-03T14:22:59","date_gmt":"2026-02-03T14:22:59","guid":{"rendered":"https:\/\/www.wonzh.com\/?post_type=product&#038;p=1446"},"modified":"2026-02-04T15:05:01","modified_gmt":"2026-02-04T15:05:01","slug":"high-performance-hydraulic-seals-for-cylinders-and-fluid-power-systems","status":"publish","type":"product","link":"https:\/\/www.wonzh.com\/cs\/product\/high-performance-hydraulic-seals-for-cylinders-and-fluid-power-systems\/","title":{"rendered":"Vysoce v\u00fdkonn\u00e1 hydraulick\u00e1 t\u011bsn\u011bn\u00ed pro v\u00e1lce a hydraulick\u00e9 syst\u00e9my"},"content":{"rendered":"<p data-start=\"555\" data-end=\"914\">Hydraulick\u00e1 t\u011bsn\u011bn\u00ed dod\u00e1van\u00e1 spole\u010dnost\u00ed Wonzh jsou p\u0159esn\u011b konstruovan\u00e9 t\u011bsnic\u00ed sou\u010d\u00e1sti ur\u010den\u00e9 k zabr\u00e1n\u011bn\u00ed \u00faniku kapaliny a udr\u017een\u00ed stability tlaku v hydraulick\u00fdch v\u00e1lc\u00edch, \u010derpadlech a syst\u00e9mech fluidn\u00edho pohonu. Tato t\u011bsn\u011bn\u00ed hraj\u00ed kl\u00ed\u010dovou roli p\u0159i zaji\u0161\u0165ov\u00e1n\u00ed plynul\u00e9ho pohybu p\u00edstu, zabra\u0148uj\u00ed vnit\u0159n\u00edm \u00fanik\u016fm a chr\u00e1n\u00ed hydraulick\u00e9 syst\u00e9my p\u0159ed zne\u010di\u0161t\u011bn\u00edm a opot\u0159eben\u00edm.<\/p>\n<p data-start=\"916\" data-end=\"1340\">Hydraulick\u00e1 t\u011bsn\u011bn\u00ed Wonzh jsou vyrobena z modern\u00edch elastomer\u016f a polymern\u00edch materi\u00e1l\u016f, jako jsou PU (polyuretan), NBR, FKM, PTFE a kompozitn\u00ed sm\u011bsi PTFE, a vyzna\u010duj\u00ed se vynikaj\u00edc\u00ed odolnost\u00ed proti od\u011bru, n\u00edzk\u00fdm t\u0159en\u00edm a trvanlivost\u00ed p\u0159i vysok\u00e9m tlaku. P\u0159esn\u00e9 lisov\u00e1n\u00ed, CNC obr\u00e1b\u011bn\u00ed a p\u0159\u00edsn\u00e1 kontrola kvality zaji\u0161\u0165uj\u00ed rozm\u011brovou p\u0159esnost, spolehliv\u00e9 t\u011bsn\u011bn\u00ed a prodlou\u017eenou \u017eivotnost i v n\u00e1ro\u010dn\u00fdch provozn\u00edch podm\u00ednk\u00e1ch.<\/p>\n<p data-start=\"1342\" data-end=\"1686\">Jako zku\u0161en\u00fd dodavatel pr\u016fmyslov\u00fdch t\u011bsn\u011bn\u00ed poskytuje spole\u010dnost Wonzh standardn\u00ed profily hydraulick\u00fdch t\u011bsn\u011bn\u00ed i \u0159e\u0161en\u00ed na m\u00edru podle po\u017eadavk\u016f na tlak, rychlost, teplotu a kompatibilitu kapalin. N\u00e1\u0161 in\u017een\u00fdrsk\u00fd t\u00fdm podporuje v\u00fdb\u011br t\u011bsn\u011bn\u00ed, optimalizaci konstrukce dr\u00e1\u017eek a \u0159e\u0161en\u00ed aplika\u010dn\u00edch probl\u00e9m\u016f s c\u00edlem maximalizovat spolehlivost syst\u00e9mu.<\/p>\n<h2 data-start=\"1693\" data-end=\"1712\"><strong data-start=\"1696\" data-end=\"1712\">Kl\u00ed\u010dov\u00e9 vlastnosti<\/strong><\/h2>\n<ul data-start=\"1714\" data-end=\"2014\">\n<li data-start=\"1714\" data-end=\"1767\">\n<p data-start=\"1716\" data-end=\"1767\">Vynikaj\u00edc\u00ed t\u011bsnic\u00ed vlastnosti p\u0159i vysok\u00e9m tlaku<\/p>\n<\/li>\n<li data-start=\"1768\" data-end=\"1815\">\n<p data-start=\"1770\" data-end=\"1815\">N\u00edzk\u00e9 t\u0159en\u00ed a ni\u017e\u0161\u00ed spot\u0159eba energie<\/p>\n<\/li>\n<li data-start=\"1816\" data-end=\"1860\">\n<p data-start=\"1818\" data-end=\"1860\">Siln\u00e1 odolnost proti od\u011bru a protla\u010dov\u00e1n\u00ed<\/p>\n<\/li>\n<li data-start=\"1861\" data-end=\"1906\">\n<p data-start=\"1863\" data-end=\"1906\">Vhodn\u00e9 pro dynamick\u00fd vratn\u00fd pohyb<\/p>\n<\/li>\n<li data-start=\"1907\" data-end=\"1960\">\n<p data-start=\"1909\" data-end=\"1960\">\u0160irok\u00e1 materi\u00e1lov\u00e1 kompatibilita s hydraulick\u00fdmi kapalinami<\/p>\n<\/li>\n<li data-start=\"1961\" data-end=\"2014\">\n<p data-start=\"1963\" data-end=\"2014\">Pro speci\u00e1ln\u00ed aplikace jsou k dispozici zak\u00e1zkov\u00e1 proveden\u00ed<\/p>\n<\/li>\n<\/ul>\n<h2 data-start=\"2021\" data-end=\"2048\"><strong data-start=\"2024\" data-end=\"2048\">Typick\u00e9 aplikace<\/strong><\/h2>\n<ul data-start=\"2050\" data-end=\"2337\">\n<li data-start=\"2050\" data-end=\"2073\">\n<p data-start=\"2052\" data-end=\"2073\">Hydraulick\u00e9 v\u00e1lce<\/p>\n<\/li>\n<li data-start=\"2074\" data-end=\"2115\">\n<p data-start=\"2076\" data-end=\"2115\">Rypadla a stavebn\u00ed stroje<\/p>\n<\/li>\n<li data-start=\"2116\" data-end=\"2163\">\n<p data-start=\"2118\" data-end=\"2163\">Pr\u016fmyslov\u00e9 lisy a automatiza\u010dn\u00ed za\u0159\u00edzen\u00ed<\/p>\n<\/li>\n<li data-start=\"2164\" data-end=\"2184\">\n<p data-start=\"2166\" data-end=\"2184\">T\u011b\u017eebn\u00ed stroje<\/p>\n<\/li>\n<li data-start=\"2185\" data-end=\"2228\">\n<p data-start=\"2187\" data-end=\"2228\">Vysokozdvi\u017en\u00e9 voz\u00edky a syst\u00e9my pro manipulaci s materi\u00e1lem<\/p>\n<\/li>\n<li data-start=\"2229\" data-end=\"2255\">\n<p data-start=\"2231\" data-end=\"2255\">Zem\u011bd\u011blsk\u00e1 technika<\/p>\n<\/li>\n<li data-start=\"2256\" data-end=\"2289\">\n<p data-start=\"2258\" data-end=\"2289\">Hydraulick\u00e9 syst\u00e9my pro ropu a plyn<\/p>\n<\/li>\n<li data-start=\"2290\" data-end=\"2337\">\n<p data-start=\"2292\" data-end=\"2337\">Mobiln\u00ed a stacion\u00e1rn\u00ed hydraulick\u00e9 agreg\u00e1ty<\/p>\n<\/li>\n<\/ul>\n<h2 data-start=\"2344\" data-end=\"2381\"><strong data-start=\"2347\" data-end=\"2381\">Dod\u00e1van\u00e9 typy hydraulick\u00fdch t\u011bsn\u011bn\u00ed<\/strong><\/h2>\n<div class=\"TyagGW_tableContainer\">\n<div class=\"group TyagGW_tableWrapper flex flex-col-reverse w-fit\" tabindex=\"-1\">\n<table class=\"w-fit min-w-(--thread-content-width)\" data-start=\"2383\" data-end=\"2809\">\n<thead data-start=\"2383\" data-end=\"2426\">\n<tr data-start=\"2383\" data-end=\"2426\">\n<th data-start=\"2383\" data-end=\"2395\" data-col-size=\"sm\">Typ t\u011bsn\u011bn\u00ed<\/th>\n<th data-start=\"2395\" data-end=\"2406\" data-col-size=\"md\">Funkce<\/th>\n<th data-start=\"2406\" data-end=\"2426\" data-col-size=\"sm\">Typick\u00e1 pozice<\/th>\n<\/tr>\n<\/thead>\n<tbody data-start=\"2441\" data-end=\"2809\">\n<tr data-start=\"2441\" data-end=\"2516\">\n<td data-start=\"2441\" data-end=\"2455\" data-col-size=\"sm\">T\u011bsn\u011bn\u00ed p\u00edstu<\/td>\n<td data-start=\"2455\" data-end=\"2497\" data-col-size=\"md\">Zabra\u0148uje vnit\u0159n\u00edmu \u00faniku p\u0159es p\u00edst<\/td>\n<td data-start=\"2497\" data-end=\"2516\" data-col-size=\"sm\">Vnit\u0159n\u00ed v\u00e1lec<\/td>\n<\/tr>\n<tr data-start=\"2517\" data-end=\"2591\">\n<td data-start=\"2517\" data-end=\"2528\" data-col-size=\"sm\">T\u011bsn\u011bn\u00ed ty\u010de<\/td>\n<td data-start=\"2528\" data-end=\"2570\" data-col-size=\"md\">Zabra\u0148uje vn\u011bj\u0161\u00edmu \u00faniku z lahve<\/td>\n<td data-start=\"2570\" data-end=\"2591\" data-col-size=\"sm\">V\u00fdstupn\u00ed ty\u010d v\u00e1lce<\/td>\n<\/tr>\n<tr data-start=\"2592\" data-end=\"2662\">\n<td data-start=\"2592\" data-end=\"2605\" data-col-size=\"sm\">T\u011bsn\u011bn\u00ed st\u011bra\u010d\u016f<\/td>\n<td data-start=\"2605\" data-end=\"2643\" data-col-size=\"md\">Blokuje prach, \u0161p\u00ednu a ne\u010distoty<\/td>\n<td data-start=\"2643\" data-end=\"2662\" data-col-size=\"sm\">Vstupn\u00ed bod ty\u010de<\/td>\n<\/tr>\n<tr data-start=\"2663\" data-end=\"2728\">\n<td data-start=\"2663\" data-end=\"2676\" data-col-size=\"sm\">Vodic\u00ed krou\u017eek<\/td>\n<td data-start=\"2676\" data-end=\"2710\" data-col-size=\"md\">Zabra\u0148uje kontaktu kovu s kovem<\/td>\n<td data-start=\"2710\" data-end=\"2728\" data-col-size=\"sm\">P\u00edst a ty\u010d<\/td>\n<\/tr>\n<tr data-start=\"2729\" data-end=\"2809\">\n<td data-start=\"2729\" data-end=\"2743\" data-col-size=\"sm\">Z\u00e1lo\u017en\u00ed krou\u017eek<\/td>\n<td data-start=\"2743\" data-end=\"2789\" data-col-size=\"md\">Zabra\u0148uje vytla\u010dov\u00e1n\u00ed t\u011bsn\u011bn\u00ed p\u0159i vysok\u00e9m tlaku<\/td>\n<td data-start=\"2789\" data-end=\"2809\" data-col-size=\"sm\">Za hlavn\u00edm t\u011bsn\u011bn\u00edm<\/td>\n<\/tr>\n<\/tbody>\n<\/table>\n<\/div>\n<\/div>\n<h2 data-start=\"2816\" data-end=\"2868\"><strong data-start=\"2819\" data-end=\"2866\">Technick\u00e9 parametry (reprezentativn\u00ed rozsah)<\/strong><\/h2>\n<div class=\"TyagGW_tableContainer\">\n<div class=\"group TyagGW_tableWrapper flex flex-col-reverse w-fit\" tabindex=\"-1\">\n<table class=\"w-fit min-w-(--thread-content-width)\" data-start=\"2870\" data-end=\"3388\">\n<thead data-start=\"2870\" data-end=\"2907\">\n<tr data-start=\"2870\" data-end=\"2907\">\n<th data-start=\"2870\" data-end=\"2882\" data-col-size=\"sm\">Parametr<\/th>\n<th data-start=\"2882\" data-end=\"2907\" data-col-size=\"md\">Specifikace \/ rozsah<\/th>\n<\/tr>\n<\/thead>\n<tbody data-start=\"2918\" data-end=\"3388\">\n<tr data-start=\"2918\" data-end=\"2967\">\n<td data-start=\"2918\" data-end=\"2930\" data-col-size=\"sm\">Typ t\u011bsn\u011bn\u00ed<\/td>\n<td data-start=\"2930\" data-end=\"2967\" data-col-size=\"md\">P\u00edst, ty\u010d, st\u011bra\u010d, vod\u00edtko, z\u00e1loha<\/td>\n<\/tr>\n<tr data-start=\"2968\" data-end=\"3029\">\n<td data-start=\"2968\" data-end=\"2989\" data-col-size=\"sm\">Provozn\u00ed tlak<\/td>\n<td data-start=\"2989\" data-end=\"3029\" data-col-size=\"md\">A\u017e 40 MPa (v z\u00e1vislosti na aplikaci)<\/td>\n<\/tr>\n<tr data-start=\"3030\" data-end=\"3090\">\n<td data-start=\"3030\" data-end=\"3050\" data-col-size=\"sm\">Teplotn\u00ed rozsah<\/td>\n<td data-start=\"3050\" data-end=\"3090\" data-col-size=\"md\">-40\u00b0C a\u017e +120\u00b0C (v z\u00e1vislosti na materi\u00e1lu)<\/td>\n<\/tr>\n<tr data-start=\"3091\" data-end=\"3150\">\n<td data-start=\"3091\" data-end=\"3107\" data-col-size=\"sm\">Posuvn\u00e1 rychlost<\/td>\n<td data-start=\"3107\" data-end=\"3150\" data-col-size=\"md\">A\u017e 1,0 m\/s (v z\u00e1vislosti na konfiguraci)<\/td>\n<\/tr>\n<tr data-start=\"3151\" data-end=\"3220\">\n<td data-start=\"3151\" data-end=\"3173\" data-col-size=\"sm\">Kompatibilita m\u00e9di\u00ed<\/td>\n<td data-start=\"3173\" data-end=\"3220\" data-col-size=\"md\">Miner\u00e1ln\u00ed olej, voda-glykol, syntetick\u00e9 kapaliny<\/td>\n<\/tr>\n<tr data-start=\"3221\" data-end=\"3281\">\n<td data-start=\"3221\" data-end=\"3243\" data-col-size=\"sm\">Dostupn\u00e9 materi\u00e1ly<\/td>\n<td data-start=\"3243\" data-end=\"3281\" data-col-size=\"md\">PU, NBR, FKM, PTFE, PTFE Composite<\/td>\n<\/tr>\n<tr data-start=\"3282\" data-end=\"3339\">\n<td data-start=\"3282\" data-end=\"3308\" data-col-size=\"sm\">Drsnost povrchu (ty\u010d)<\/td>\n<td data-start=\"3308\" data-end=\"3339\" data-col-size=\"md\">Ra 0,2 - 0,4 \u03bcm doporu\u010deno<\/td>\n<\/tr>\n<tr data-start=\"3340\" data-end=\"3388\">\n<td data-start=\"3340\" data-end=\"3362\" data-col-size=\"sm\">Podporovan\u00e9 standardy<\/td>\n<td data-start=\"3362\" data-end=\"3388\" data-col-size=\"md\">Dostupn\u00e9 profily ISO<\/td>\n<\/tr>\n<\/tbody>\n<\/table>\n<\/div>\n<\/div>\n<h2 data-start=\"3395\" data-end=\"3426\"><strong data-start=\"3398\" data-end=\"3426\">Pr\u016fvodce v\u00fdb\u011brem materi\u00e1lu<\/strong><\/h2>\n<div class=\"TyagGW_tableContainer\">\n<div class=\"group TyagGW_tableWrapper flex flex-col-reverse w-fit\" tabindex=\"-1\">\n<table class=\"w-fit min-w-(--thread-content-width)\" data-start=\"3428\" data-end=\"3860\">\n<thead data-start=\"3428\" data-end=\"3467\">\n<tr data-start=\"3428\" data-end=\"3467\">\n<th data-start=\"3428\" data-end=\"3439\" data-col-size=\"sm\">Materi\u00e1l<\/th>\n<th data-start=\"3439\" data-end=\"3453\" data-col-size=\"sm\">Typick\u00e9 pou\u017eit\u00ed<\/th>\n<th data-start=\"3453\" data-end=\"3467\" data-col-size=\"sm\">V\u00fdhody<\/th>\n<\/tr>\n<\/thead>\n<tbody data-start=\"3482\" data-end=\"3860\">\n<tr data-start=\"3482\" data-end=\"3558\">\n<td data-start=\"3482\" data-end=\"3506\" data-col-size=\"sm\"><strong data-start=\"3484\" data-end=\"3505\">PU (polyuretan)<\/strong><\/td>\n<td data-start=\"3506\" data-end=\"3529\" data-col-size=\"sm\">T\u011b\u017ek\u00e9 v\u00e1lce<\/td>\n<td data-start=\"3529\" data-end=\"3558\" data-col-size=\"sm\">Vynikaj\u00edc\u00ed odolnost proti opot\u0159eben\u00ed<\/td>\n<\/tr>\n<tr data-start=\"3559\" data-end=\"3632\">\n<td data-start=\"3559\" data-end=\"3569\" data-col-size=\"sm\"><strong data-start=\"3561\" data-end=\"3568\">NBR<\/strong><\/td>\n<td data-start=\"3569\" data-end=\"3593\" data-col-size=\"sm\">Obecn\u00fd hydraulick\u00fd olej<\/td>\n<td data-start=\"3593\" data-end=\"3632\" data-col-size=\"sm\">Cenov\u011b v\u00fdhodn\u00e9, dobr\u00e1 odolnost v\u016f\u010di olej\u016fm<\/td>\n<\/tr>\n<tr data-start=\"3633\" data-end=\"3706\">\n<td data-start=\"3633\" data-end=\"3651\" data-col-size=\"sm\"><strong data-start=\"3635\" data-end=\"3650\">FKM (Viton)<\/strong><\/td>\n<td data-start=\"3651\" data-end=\"3678\" data-col-size=\"sm\">Vysokoteplotn\u00ed syst\u00e9my<\/td>\n<td data-start=\"3678\" data-end=\"3706\" data-col-size=\"sm\">Vynikaj\u00edc\u00ed tepeln\u00e1 odolnost<\/td>\n<\/tr>\n<tr data-start=\"3707\" data-end=\"3781\">\n<td data-start=\"3707\" data-end=\"3718\" data-col-size=\"sm\"><strong data-start=\"3709\" data-end=\"3717\">PTFE<\/strong><\/td>\n<td data-start=\"3718\" data-end=\"3746\" data-col-size=\"sm\">Aplikace s n\u00edzk\u00fdm t\u0159en\u00edm<\/td>\n<td data-start=\"3746\" data-end=\"3781\" data-col-size=\"sm\">Vynikaj\u00edc\u00ed chemick\u00e1 odolnost<\/td>\n<\/tr>\n<tr data-start=\"3782\" data-end=\"3860\">\n<td data-start=\"3782\" data-end=\"3803\" data-col-size=\"sm\"><strong data-start=\"3784\" data-end=\"3802\">Kompozit PTFE<\/strong><\/td>\n<td data-start=\"3803\" data-end=\"3828\" data-col-size=\"sm\">Vysok\u00e9 zat\u00ed\u017een\u00ed a vysok\u00e1 rychlost<\/td>\n<td data-start=\"3828\" data-end=\"3860\" data-col-size=\"sm\">Velmi n\u00edzk\u00e9 t\u0159en\u00ed, dlouh\u00e1 \u017eivotnost<\/td>\n<\/tr>\n<\/tbody>\n<\/table>\n<\/div>\n<\/div>\n<h2 data-start=\"3867\" data-end=\"3890\"><strong data-start=\"3870\" data-end=\"3890\">Pro\u010d si vybrat Wonzh<\/strong><\/h2>\n<ul data-start=\"3892\" data-end=\"4160\">\n<li data-start=\"3892\" data-end=\"3956\">\n<p data-start=\"3894\" data-end=\"3956\">P\u0159\u00edsn\u00e1 kontrola kvality od surovin a\u017e po kone\u010dnou kontrolu<\/p>\n<\/li>\n<li data-start=\"3957\" data-end=\"4008\">\n<p data-start=\"3959\" data-end=\"4008\">\u0160irok\u00e1 \u0161k\u00e1la standardn\u00edch a zak\u00e1zkov\u00fdch profil\u016f t\u011bsn\u011bn\u00ed<\/p>\n<\/li>\n<li data-start=\"4009\" data-end=\"4069\">\n<p data-start=\"4011\" data-end=\"4069\">In\u017een\u00fdrsk\u00e1 podpora p\u0159i n\u00e1vrhu dr\u00e1\u017eek a v\u00fdb\u011bru t\u011bsn\u011bn\u00ed<\/p>\n<\/li>\n<li data-start=\"4070\" data-end=\"4122\">\n<p data-start=\"4072\" data-end=\"4122\">Stabiln\u00ed v\u00fdkon v n\u00e1ro\u010dn\u00fdch pracovn\u00edch podm\u00ednk\u00e1ch<\/p>\n<\/li>\n<li data-start=\"4123\" data-end=\"4160\">\n<p data-start=\"4125\" data-end=\"4160\">Spolehliv\u00e9 glob\u00e1ln\u00ed z\u00e1sobov\u00e1n\u00ed<\/p>\n<\/li>\n<\/ul>\n<h2 data-start=\"4167\" data-end=\"4208\"><strong data-start=\"4170\" data-end=\"4206\">\u010casto kladen\u00e9 ot\u00e1zky (FAQ)<\/strong><\/h2>\n<h3 data-start=\"4210\" data-end=\"4258\"><strong data-start=\"4214\" data-end=\"4256\">Ot\u00e1zka 1: K \u010demu se pou\u017e\u00edv\u00e1 hydraulick\u00e9 t\u011bsn\u011bn\u00ed?<\/strong><\/h3>\n<p data-start=\"4259\" data-end=\"4400\">Hydraulick\u00e9 t\u011bsn\u011bn\u00ed zabra\u0148uje \u00faniku kapaliny a udr\u017euje tlak v hydraulick\u00fdch v\u00e1lc\u00edch a syst\u00e9mech a z\u00e1rove\u0148 umo\u017e\u0148uje plynul\u00fd vratn\u00fd pohyb.<\/p>\n<h3 data-start=\"4402\" data-end=\"4472\"><strong data-start=\"4406\" data-end=\"4470\">Ot\u00e1zka 2: Jak\u00fd je rozd\u00edl mezi t\u011bsn\u011bn\u00edm p\u00edstu a t\u011bsn\u011bn\u00edm ty\u010de?<\/strong><\/h3>\n<ul data-start=\"4473\" data-end=\"4620\">\n<li data-start=\"4473\" data-end=\"4540\">\n<p data-start=\"4475\" data-end=\"4540\"><strong data-start=\"4475\" data-end=\"4491\">T\u011bsn\u011bn\u00ed p\u00edstu:<\/strong> zabra\u0148uje vnit\u0159n\u00edmu \u00faniku uvnit\u0159 v\u00e1lce.<\/p>\n<\/li>\n<li data-start=\"4541\" data-end=\"4620\">\n<p data-start=\"4543\" data-end=\"4620\"><strong data-start=\"4543\" data-end=\"4556\">T\u011bsn\u011bn\u00ed ty\u010de:<\/strong> zabra\u0148uje vn\u011bj\u0161\u00edmu \u00faniku z tlakov\u00e9 l\u00e1hve do okol\u00ed.<\/p>\n<\/li>\n<\/ul>\n<h3 data-start=\"4622\" data-end=\"4681\"><strong data-start=\"4626\" data-end=\"4679\">Ot\u00e1zka 3: Mohou hydraulick\u00e1 t\u011bsn\u011bn\u00ed pracovat pod vysok\u00fdm tlakem?<\/strong><\/h3>\n<p data-start=\"4682\" data-end=\"4785\">Ano. P\u0159i spr\u00e1vn\u00e9 volb\u011b materi\u00e1lu a konstrukci dr\u00e1\u017eek mohou na\u0161e t\u011bsn\u011bn\u00ed spolehliv\u011b fungovat a\u017e do hodnoty <strong data-start=\"4774\" data-end=\"4784\">40 MPa<\/strong>.<\/p>\n<h3 data-start=\"4787\" data-end=\"4832\"><strong data-start=\"4791\" data-end=\"4830\">Ot\u00e1zka 4: Jak\u00fd materi\u00e1l m\u00e1m zvolit?<\/strong><\/h3>\n<ul data-start=\"4833\" data-end=\"4960\">\n<li data-start=\"4833\" data-end=\"4865\">\n<p data-start=\"4835\" data-end=\"4865\">Pro n\u00e1ro\u010dn\u00e9 opot\u0159eben\u00ed \u2192 <strong data-start=\"4857\" data-end=\"4863\">PU<\/strong><\/p>\n<\/li>\n<li data-start=\"4866\" data-end=\"4900\">\n<p data-start=\"4868\" data-end=\"4900\">Pro vysok\u00e9 teploty \u2192 <strong data-start=\"4891\" data-end=\"4898\">FKM<\/strong><\/p>\n<\/li>\n<li data-start=\"4901\" data-end=\"4932\">\n<p data-start=\"4903\" data-end=\"4932\">Pro n\u00edzk\u00e9 t\u0159en\u00ed \u2192 <strong data-start=\"4922\" data-end=\"4930\">PTFE<\/strong><\/p>\n<\/li>\n<li data-start=\"4933\" data-end=\"4960\">\n<p data-start=\"4935\" data-end=\"4960\">Pro obecn\u00e9 pou\u017eit\u00ed \u2192 <strong data-start=\"4953\" data-end=\"4960\">NBR<\/strong><\/p>\n<\/li>\n<\/ul>\n<h3 data-start=\"4962\" data-end=\"5004\"><strong data-start=\"4966\" data-end=\"5002\">Ot\u00e1zka 5: Poskytujete zak\u00e1zkov\u00e9 velikosti?<\/strong><\/h3>\n<p data-start=\"5005\" data-end=\"5122\">Ano. M\u016f\u017eeme vyrobit t\u011bsn\u011bn\u00ed na z\u00e1klad\u011b p\u0159esn\u00fdch rozm\u011br\u016f v\u00e1lce, po\u017eadavk\u016f na tlak, rychlost a teplotu.<\/p>","protected":false},"excerpt":{"rendered":"<p>Hydraulick\u00e1 t\u011bsn\u011bn\u00ed dod\u00e1van\u00e1 spole\u010dnost\u00ed Wonzh jsou p\u0159esn\u011b konstruovan\u00e9 t\u011bsnic\u00ed sou\u010d\u00e1sti ur\u010den\u00e9 k zabr\u00e1n\u011bn\u00ed \u00faniku kapaliny a udr\u017een\u00ed stability tlaku v hydraulick\u00fdch v\u00e1lc\u00edch, \u010derpadlech a syst\u00e9mech fluidn\u00edho pohonu.<\/p>","protected":false},"featured_media":1496,"comment_status":"open","ping_status":"closed","template":"","meta":{"site-sidebar-layout":"default","site-content-layout":"","ast-site-content-layout":"default","site-content-style":"default","site-sidebar-style":"default","ast-global-header-display":"","ast-banner-title-visibility":"","ast-main-header-display":"","ast-hfb-above-header-display":"","ast-hfb-below-header-display":"","ast-hfb-mobile-header-display":"","site-post-title":"","ast-breadcrumbs-content":"","ast-featured-img":"","footer-sml-layout":"","ast-disable-related-posts":"","theme-transparent-header-meta":"default","adv-header-id-meta":"","stick-header-meta":"default","header-above-stick-meta":"","header-main-stick-meta":"","header-below-stick-meta":"","astra-migrate-meta-layouts":"set","ast-page-background-enabled":"default","ast-page-background-meta":{"desktop":{"background-color":"","background-image":"","background-repeat":"repeat","background-position":"center center","background-size":"auto","background-attachment":"scroll","background-type":"","background-media":"","overlay-type":"","overlay-color":"","overlay-opacity":"","overlay-gradient":""},"tablet":{"background-color":"","background-image":"","background-repeat":"repeat","background-position":"center center","background-size":"auto","background-attachment":"scroll","background-type":"","background-media":"","overlay-type":"","overlay-color":"","overlay-opacity":"","overlay-gradient":""},"mobile":{"background-color":"","background-image":"","background-repeat":"repeat","background-position":"center center","background-size":"auto","background-attachment":"scroll","background-type":"","background-media":"","overlay-type":"","overlay-color":"","overlay-opacity":"","overlay-gradient":""}},"ast-content-background-meta":{"desktop":{"background-color":"var(--ast-global-color-5)","background-image":"","background-repeat":"repeat","background-position":"center center","background-size":"auto","background-attachment":"scroll","background-type":"","background-media":"","overlay-type":"","overlay-color":"","overlay-opacity":"","overlay-gradient":""},"tablet":{"background-color":"var(--ast-global-color-5)","background-image":"","background-repeat":"repeat","background-position":"center center","background-size":"auto","background-attachment":"scroll","background-type":"","background-media":"","overlay-type":"","overlay-color":"","overlay-opacity":"","overlay-gradient":""},"mobile":{"background-color":"var(--ast-global-color-5)","background-image":"","background-repeat":"repeat","background-position":"center center","background-size":"auto","background-attachment":"scroll","background-type":"","background-media":"","overlay-type":"","overlay-color":"","overlay-opacity":"","overlay-gradient":""}}},"product_brand":[],"product_cat":[21],"product_tag":[230,214,237,233,236,229,195,235,203,190,232,226,234,231,227,228],"class_list":{"0":"post-1446","1":"product","2":"type-product","3":"status-publish","4":"has-post-thumbnail","6":"product_cat-sealing-parts-sealing-systems","7":"product_tag-backup-ring","8":"product_tag-china-seal-manufacturer","9":"product_tag-custom-hydraulic-seal","10":"product_tag-fkm-hydraulic-seal","11":"product_tag-fluid-power-seal","12":"product_tag-guide-ring","13":"product_tag-high-pressure-seal","14":"product_tag-hydraulic-cylinder-seal","15":"product_tag-hydraulic-seal","16":"product_tag-industrial-sealing","17":"product_tag-nbr-hydraulic-seal","18":"product_tag-piston-seal","19":"product_tag-ptfe-hydraulic-seal","20":"product_tag-pu-hydraulic-seal","21":"product_tag-rod-seal","22":"product_tag-wiper-seal","23":"desktop-align-left","24":"tablet-align-left","25":"mobile-align-left","27":"first","28":"instock","29":"shipping-taxable","30":"product-type-simple"},"_links":{"self":[{"href":"https:\/\/www.wonzh.com\/cs\/wp-json\/wp\/v2\/product\/1446","targetHints":{"allow":["GET"]}}],"collection":[{"href":"https:\/\/www.wonzh.com\/cs\/wp-json\/wp\/v2\/product"}],"about":[{"href":"https:\/\/www.wonzh.com\/cs\/wp-json\/wp\/v2\/types\/product"}],"replies":[{"embeddable":true,"href":"https:\/\/www.wonzh.com\/cs\/wp-json\/wp\/v2\/comments?post=1446"}],"wp:featuredmedia":[{"embeddable":true,"href":"https:\/\/www.wonzh.com\/cs\/wp-json\/wp\/v2\/media\/1496"}],"wp:attachment":[{"href":"https:\/\/www.wonzh.com\/cs\/wp-json\/wp\/v2\/media?parent=1446"}],"wp:term":[{"taxonomy":"product_brand","embeddable":true,"href":"https:\/\/www.wonzh.com\/cs\/wp-json\/wp\/v2\/product_brand?post=1446"},{"taxonomy":"product_cat","embeddable":true,"href":"https:\/\/www.wonzh.com\/cs\/wp-json\/wp\/v2\/product_cat?post=1446"},{"taxonomy":"product_tag","embeddable":true,"href":"https:\/\/www.wonzh.com\/cs\/wp-json\/wp\/v2\/product_tag?post=1446"}],"curies":[{"name":"wp","href":"https:\/\/api.w.org\/{rel}","templated":true}]}}