{"id":1436,"date":"2026-02-02T15:35:41","date_gmt":"2026-02-02T15:35:41","guid":{"rendered":"https:\/\/www.wonzh.com\/?post_type=product&#038;p=1436"},"modified":"2026-02-02T15:35:42","modified_gmt":"2026-02-02T15:35:42","slug":"industrial-pillow-block-bearings-for-heavy-machinery-and-equipment-support","status":"publish","type":"product","link":"https:\/\/www.wonzh.com\/cs\/product\/industrial-pillow-block-bearings-for-heavy-machinery-and-equipment-support\/","title":{"rendered":"Pr\u016fmyslov\u00e1 lo\u017eiska s pod\u00e9ln\u00fdm blokem pro t\u011b\u017ek\u00e9 stroje a za\u0159\u00edzen\u00ed"},"content":{"rendered":"<p data-start=\"470\" data-end=\"809\">Lo\u017eiska s podlo\u017ekou dod\u00e1van\u00e1 spole\u010dnost\u00ed Wonzh jsou lo\u017eiska, kter\u00e1 poskytuj\u00ed stabiln\u00ed a spolehliv\u00e9 \u0159e\u0161en\u00ed pro ulo\u017een\u00ed rotuj\u00edc\u00edch h\u0159\u00eddel\u00ed v pr\u016fmyslov\u00fdch stroj\u00edch. Jsou navr\u017eena s integrovan\u00fdm pouzdrem a samovyrovn\u00e1vac\u00ed lo\u017eiskovou vlo\u017ekou a nab\u00edzej\u00ed snadnou mont\u00e1\u017e, vysokou \u00fanosnost a stabiln\u00ed provoz v n\u00e1ro\u010dn\u00fdch podm\u00ednk\u00e1ch.<\/p>\n<p data-start=\"811\" data-end=\"1210\">Lo\u017eiska Wonzh jsou vyrobena z vysoce kvalitn\u00ed lo\u017eiskov\u00e9 oceli (ekvivalent GCr15 \/ AISI 52100), jsou precizn\u011b opracov\u00e1na a optim\u00e1ln\u011b tepeln\u011b zpracov\u00e1na a poskytuj\u00ed st\u00e1lou rozm\u011brovou p\u0159esnost, n\u00edzk\u00e9 t\u0159en\u00ed a dlouhou \u017eivotnost. Lo\u017eiskov\u00e9 vlo\u017eky jsou schopny p\u0159izp\u016fsobit se m\u00edrn\u00e9mu nesouososti a jsou k dispozici ve standardn\u00edm a ut\u011bsn\u011bn\u00e9m proveden\u00ed, kter\u00e9 chr\u00e1n\u00ed p\u0159ed prachem, ne\u010distotami a zne\u010di\u0161t\u011bn\u00edm.<\/p>\n<p data-start=\"1212\" data-end=\"1466\">Tato lo\u017eiska se \u0161iroce pou\u017e\u00edvaj\u00ed v dopravn\u00edkov\u00fdch syst\u00e9mech, za\u0159\u00edzen\u00edch pro manipulaci s materi\u00e1lem, \u010derpadlech, ventil\u00e1torech, kompresorech a v\u0161eobecn\u00fdch pr\u016fmyslov\u00fdch stroj\u00edch a jsou ide\u00e1ln\u00ed pro aplikace, kde je rozhoduj\u00edc\u00ed \u00fa\u010dinnost \u00fadr\u017eby, spolehlivost a stabiln\u00ed rota\u010dn\u00ed v\u00fdkon.<\/p>\n<h2 data-start=\"1473\" data-end=\"1492\"><strong data-start=\"1476\" data-end=\"1492\">Kl\u00ed\u010dov\u00e9 vlastnosti<\/strong><\/h2>\n<ul data-start=\"1494\" data-end=\"1788\">\n<li data-start=\"1494\" data-end=\"1563\">\n<p data-start=\"1496\" data-end=\"1563\">Samonastavovac\u00ed lo\u017eiskov\u00e1 vlo\u017eka pro vyrovn\u00e1n\u00ed nesouososti h\u0159\u00eddele<\/p>\n<\/li>\n<li data-start=\"1564\" data-end=\"1606\">\n<p data-start=\"1566\" data-end=\"1606\">Odoln\u00e9 pouzdro pro bezpe\u010dnou mont\u00e1\u017e<\/p>\n<\/li>\n<li data-start=\"1607\" data-end=\"1644\">\n<p data-start=\"1609\" data-end=\"1644\">Vysok\u00e1 nosnost a odolnost<\/p>\n<\/li>\n<li data-start=\"1645\" data-end=\"1697\">\n<p data-start=\"1647\" data-end=\"1697\">Uzav\u0159en\u00e9 a otev\u0159en\u00e9 varianty pro r\u016fzn\u00e1 prost\u0159ed\u00ed<\/p>\n<\/li>\n<li data-start=\"1698\" data-end=\"1735\">\n<p data-start=\"1700\" data-end=\"1735\">Snadn\u00e1 instalace a \u00fadr\u017eba<\/p>\n<\/li>\n<li data-start=\"1736\" data-end=\"1788\">\n<p data-start=\"1738\" data-end=\"1788\">P\u0159izp\u016fsobiteln\u00e9 materi\u00e1ly pouzdra a typy lo\u017eisek<\/p>\n<\/li>\n<\/ul>\n<h2 data-start=\"1795\" data-end=\"1822\"><strong data-start=\"1798\" data-end=\"1822\">Typick\u00e9 aplikace<\/strong><\/h2>\n<ul data-start=\"1824\" data-end=\"2033\">\n<li data-start=\"1824\" data-end=\"1866\">\n<p data-start=\"1826\" data-end=\"1866\">Dopravn\u00edkov\u00e9 a manipula\u010dn\u00ed syst\u00e9my<\/p>\n<\/li>\n<li data-start=\"1867\" data-end=\"1898\">\n<p data-start=\"1869\" data-end=\"1898\">Pr\u016fmyslov\u00e9 ventil\u00e1tory a dmychadla<\/p>\n<\/li>\n<li data-start=\"1899\" data-end=\"1924\">\n<p data-start=\"1901\" data-end=\"1924\">\u010cerpadla a kompresory<\/p>\n<\/li>\n<li data-start=\"1925\" data-end=\"1963\">\n<p data-start=\"1927\" data-end=\"1963\">Balic\u00ed a zpracovatelsk\u00e9 stroje<\/p>\n<\/li>\n<li data-start=\"1964\" data-end=\"2002\">\n<p data-start=\"1966\" data-end=\"2002\">T\u011b\u017ek\u00e1 za\u0159\u00edzen\u00ed a mont\u00e1\u017en\u00ed linky<\/p>\n<\/li>\n<li data-start=\"2003\" data-end=\"2033\">\n<p data-start=\"2005\" data-end=\"2033\">Syst\u00e9my p\u0159enosu energie<\/p>\n<\/li>\n<\/ul>\n<h2 data-start=\"2040\" data-end=\"2092\"><strong data-start=\"2043\" data-end=\"2090\">Technick\u00e9 parametry (reprezentativn\u00ed rozsah)<\/strong><\/h2>\n<div class=\"TyagGW_tableContainer\">\n<div class=\"group TyagGW_tableWrapper flex flex-col-reverse w-fit\" tabindex=\"-1\">\n<table class=\"w-fit min-w-(--thread-content-width)\" data-start=\"2094\" data-end=\"2702\">\n<thead data-start=\"2094\" data-end=\"2131\">\n<tr data-start=\"2094\" data-end=\"2131\">\n<th data-start=\"2094\" data-end=\"2106\" data-col-size=\"sm\">Parametr<\/th>\n<th data-start=\"2106\" data-end=\"2131\" data-col-size=\"md\">Specifikace \/ rozsah<\/th>\n<\/tr>\n<\/thead>\n<tbody data-start=\"2142\" data-end=\"2702\">\n<tr data-start=\"2142\" data-end=\"2199\">\n<td data-start=\"2142\" data-end=\"2157\" data-col-size=\"sm\">Typ lo\u017eiska<\/td>\n<td data-start=\"2157\" data-end=\"2199\" data-col-size=\"md\">Lo\u017eisko s pod\u00e9ln\u00fdm blokem (namontovan\u00e9 lo\u017eisko)<\/td>\n<\/tr>\n<tr data-start=\"2200\" data-end=\"2271\">\n<td data-start=\"2200\" data-end=\"2211\" data-col-size=\"sm\">Materi\u00e1l<\/td>\n<td data-start=\"2211\" data-end=\"2271\" data-col-size=\"md\">Bydlen\u00ed: Lo\u017eisko: GCr15 \/ AISI 52100<\/td>\n<\/tr>\n<tr data-start=\"2272\" data-end=\"2307\">\n<td data-start=\"2272\" data-end=\"2289\" data-col-size=\"sm\">Velikost otvoru (ID)<\/td>\n<td data-start=\"2289\" data-end=\"2307\" data-col-size=\"md\">12 mm - 100 mm<\/td>\n<\/tr>\n<tr data-start=\"2308\" data-end=\"2360\">\n<td data-start=\"2308\" data-end=\"2323\" data-col-size=\"sm\">Typ bydlen\u00ed<\/td>\n<td data-start=\"2323\" data-end=\"2360\" data-col-size=\"md\">UCP, UCF, UCFL nebo vlastn\u00ed n\u00e1vrhy<\/td>\n<\/tr>\n<tr data-start=\"2361\" data-end=\"2402\">\n<td data-start=\"2361\" data-end=\"2373\" data-col-size=\"sm\">Typ zat\u00ed\u017een\u00ed<\/td>\n<td data-start=\"2373\" data-end=\"2402\" data-col-size=\"md\">Radi\u00e1ln\u00ed + axi\u00e1ln\u00ed (st\u0159edn\u011b t\u011b\u017ek\u00e9)<\/td>\n<\/tr>\n<tr data-start=\"2403\" data-end=\"2467\">\n<td data-start=\"2403\" data-end=\"2422\" data-col-size=\"sm\">Schopnost rychlosti<\/td>\n<td data-start=\"2422\" data-end=\"2467\" data-col-size=\"md\">St\u0159edn\u00ed ot\u00e1\u010dky (v z\u00e1vislosti na vrt\u00e1n\u00ed a zat\u00ed\u017een\u00ed)<\/td>\n<\/tr>\n<tr data-start=\"2468\" data-end=\"2511\">\n<td data-start=\"2468\" data-end=\"2492\" data-col-size=\"sm\">Provozn\u00ed teplota<\/td>\n<td data-start=\"2492\" data-end=\"2511\" data-col-size=\"md\">-20 \u00b0C a\u017e +120 \u00b0C<\/td>\n<\/tr>\n<tr data-start=\"2512\" data-end=\"2582\">\n<td data-start=\"2512\" data-end=\"2529\" data-col-size=\"sm\">Lo\u017eiskov\u00e1 vlo\u017eka<\/td>\n<td data-start=\"2529\" data-end=\"2582\" data-col-size=\"md\">Jedno\u0159ad\u00e9 kuli\u010dkov\u00e9 lo\u017eisko \/ Soude\u010dkov\u00e1 vlo\u017eka<\/td>\n<\/tr>\n<tr data-start=\"2583\" data-end=\"2649\">\n<td data-start=\"2583\" data-end=\"2601\" data-col-size=\"sm\">Mo\u017enosti t\u011bsn\u011bn\u00ed<\/td>\n<td data-start=\"2601\" data-end=\"2649\" data-col-size=\"md\">Otev\u0159eno \/ 2RS (gumov\u00e9 t\u011bsn\u011bn\u00ed) \/ ZZ (kovov\u00fd \u0161t\u00edt)<\/td>\n<\/tr>\n<tr data-start=\"2650\" data-end=\"2702\">\n<td data-start=\"2650\" data-end=\"2664\" data-col-size=\"sm\">Maz\u00e1n\u00ed<\/td>\n<td data-start=\"2664\" data-end=\"2702\" data-col-size=\"md\">Mazivo (standardn\u011b) \/ olej (voliteln\u011b)<\/td>\n<\/tr>\n<\/tbody>\n<\/table>\n<\/div>\n<\/div>\n<h2 data-start=\"2709\" data-end=\"2745\"><strong data-start=\"2712\" data-end=\"2745\">Reprezentativn\u00ed modelov\u00e9 p\u0159\u00edklady<\/strong><\/h2>\n<div class=\"TyagGW_tableContainer\">\n<div class=\"group TyagGW_tableWrapper flex flex-col-reverse w-fit\" tabindex=\"-1\">\n<table class=\"w-fit min-w-(--thread-content-width)\" data-start=\"2747\" data-end=\"3157\">\n<thead data-start=\"2747\" data-end=\"2788\">\n<tr data-start=\"2747\" data-end=\"2788\">\n<th data-start=\"2747\" data-end=\"2756\" data-col-size=\"sm\">S\u00e9rie<\/th>\n<th data-start=\"2756\" data-end=\"2773\" data-col-size=\"sm\">P\u0159\u00edklady model\u016f<\/th>\n<th data-start=\"2773\" data-end=\"2788\" data-col-size=\"sm\">Typick\u00e9 pou\u017eit\u00ed<\/th>\n<\/tr>\n<\/thead>\n<tbody data-start=\"2803\" data-end=\"3157\">\n<tr data-start=\"2803\" data-end=\"2876\">\n<td data-start=\"2803\" data-end=\"2816\" data-col-size=\"sm\">\u0158ada UCP<\/td>\n<td data-start=\"2816\" data-end=\"2841\" data-col-size=\"sm\">UCP205, UCP206, UCP207<\/td>\n<td data-start=\"2841\" data-end=\"2876\" data-col-size=\"sm\">Lehk\u00e9 a\u017e st\u0159edn\u00ed dopravn\u00edky, ventil\u00e1tory<\/td>\n<\/tr>\n<tr data-start=\"2877\" data-end=\"2944\">\n<td data-start=\"2877\" data-end=\"2890\" data-col-size=\"sm\">S\u00e9rie UCF<\/td>\n<td data-start=\"2890\" data-end=\"2907\" data-col-size=\"sm\">UCF208, UCF209<\/td>\n<td data-start=\"2907\" data-end=\"2944\" data-col-size=\"sm\">T\u011b\u017ek\u00e9 stroje, kompresory<\/td>\n<\/tr>\n<tr data-start=\"2945\" data-end=\"3020\">\n<td data-start=\"2945\" data-end=\"2959\" data-col-size=\"sm\">S\u00e9rie UCFL<\/td>\n<td data-start=\"2959\" data-end=\"2978\" data-col-size=\"sm\">UCFL210, UCFL211<\/td>\n<td data-start=\"2978\" data-end=\"3020\" data-col-size=\"sm\">Pr\u016fmyslov\u00e9 zpracov\u00e1n\u00ed, balic\u00ed linky<\/td>\n<\/tr>\n<tr data-start=\"3021\" data-end=\"3080\">\n<td data-start=\"3021\" data-end=\"3034\" data-col-size=\"sm\">\u0158ada UCT<\/td>\n<td data-start=\"3034\" data-end=\"3051\" data-col-size=\"sm\">UCT212, UCT213<\/td>\n<td data-start=\"3051\" data-end=\"3080\" data-col-size=\"sm\">T\u011b\u017eba, manipulace s materi\u00e1lem<\/td>\n<\/tr>\n<tr data-start=\"3081\" data-end=\"3157\">\n<td data-start=\"3081\" data-end=\"3097\" data-col-size=\"sm\">Vlastn\u00ed \u0159ada<\/td>\n<td data-start=\"3097\" data-end=\"3123\" data-col-size=\"sm\">Vlastn\u00ed v\u00fdvrt a pouzdro<\/td>\n<td data-start=\"3123\" data-end=\"3157\" data-col-size=\"sm\">Speci\u00e1ln\u00ed strojn\u00ed aplikace<\/td>\n<\/tr>\n<\/tbody>\n<\/table>\n<\/div>\n<\/div>\n<p data-start=\"3159\" data-end=\"3249\"><strong data-start=\"3159\" data-end=\"3168\">Pozn\u00e1mka:<\/strong> Dal\u0161\u00ed velikosti, proveden\u00ed sk\u0159\u00edn\u011b a typy lo\u017eisek jsou k dispozici na vy\u017e\u00e1d\u00e1n\u00ed.<\/p>\n<h2 data-start=\"3256\" data-end=\"3279\"><strong data-start=\"3259\" data-end=\"3279\">Pro\u010d si vybrat Wonzh<\/strong><\/h2>\n<ul data-start=\"3281\" data-end=\"3651\">\n<li data-start=\"3281\" data-end=\"3354\">\n<p data-start=\"3283\" data-end=\"3354\">Vysoce kvalitn\u00ed litinov\u00e9 nebo ocelov\u00e9 sk\u0159\u00edn\u011b pro stabilitu a trvanlivost<\/p>\n<\/li>\n<li data-start=\"3355\" data-end=\"3421\">\n<p data-start=\"3357\" data-end=\"3421\">P\u0159esn\u00e1 lo\u017eiska s n\u00edzk\u00fdm t\u0159en\u00edm a prodlou\u017eenou \u017eivotnost\u00ed<\/p>\n<\/li>\n<li data-start=\"3422\" data-end=\"3483\">\n<p data-start=\"3424\" data-end=\"3483\">Samonastavovac\u00ed vlo\u017eky pro vyrovn\u00e1n\u00ed nesouososti h\u0159\u00eddele<\/p>\n<\/li>\n<li data-start=\"3484\" data-end=\"3534\">\n<p data-start=\"3486\" data-end=\"3534\">Uzav\u0159en\u00e9 a otev\u0159en\u00e9 varianty pro drsn\u00e9 prost\u0159ed\u00ed<\/p>\n<\/li>\n<li data-start=\"3535\" data-end=\"3603\">\n<p data-start=\"3537\" data-end=\"3603\">Technick\u00e1 podpora pro instalaci, v\u00fdb\u011br a p\u0159izp\u016fsoben\u00ed<\/p>\n<\/li>\n<li data-start=\"3604\" data-end=\"3651\">\n<p data-start=\"3606\" data-end=\"3651\">Spolehliv\u00e9 glob\u00e1ln\u00ed dod\u00e1vky a v\u010dasn\u00e9 dod\u00e1n\u00ed<\/p>\n<\/li>\n<\/ul>\n<h2 data-start=\"3658\" data-end=\"3699\"><strong data-start=\"3661\" data-end=\"3697\">\u010casto kladen\u00e9 ot\u00e1zky (FAQ)<\/strong><\/h2>\n<h3 data-start=\"3701\" data-end=\"3755\"><strong data-start=\"3705\" data-end=\"3753\">Ot\u00e1zka 1: K \u010demu se pou\u017e\u00edv\u00e1 lo\u017eisko s podlo\u017ekou?<\/strong><\/h3>\n<p data-start=\"3756\" data-end=\"3895\">Podlo\u017ekov\u00e1 lo\u017eiska zaji\u0161\u0165uj\u00ed ulo\u017een\u00ed rotuj\u00edc\u00edch h\u0159\u00eddel\u00ed v dopravn\u00edc\u00edch, ventil\u00e1torech, \u010derpadlech, kompresorech a v\u0161eobecn\u00fdch pr\u016fmyslov\u00fdch stroj\u00edch.<\/p>\n<h3 data-start=\"3897\" data-end=\"3955\"><strong data-start=\"3901\" data-end=\"3953\">Ot\u00e1zka 2: Mohou tato lo\u017eiska sn\u00e1\u0161et nesouosost?<\/strong><\/h3>\n<p data-start=\"3956\" data-end=\"4072\">Ano. Sou\u010d\u00e1st\u00ed lo\u017eisek s pod\u00e9ln\u00fdm blokem jsou obvykle samovyrovn\u00e1vac\u00ed vlo\u017eky, kter\u00e9 mohou kompenzovat drobn\u00e9 nesouososti h\u0159\u00eddele.<\/p>\n<h3 data-start=\"4074\" data-end=\"4121\"><strong data-start=\"4078\" data-end=\"4119\">Ot\u00e1zka 3: Jak\u00e9 typy bydlen\u00ed jsou k dispozici?<\/strong><\/h3>\n<p data-start=\"4122\" data-end=\"4242\">Mezi standardn\u00ed typy pat\u0159\u00ed \u0159ady UCP, UCF, UCFL a UCT. Pro speci\u00e1ln\u00ed strojn\u00ed aplikace jsou k dispozici zak\u00e1zkov\u00e1 pouzdra.<\/p>\n<h3 data-start=\"4244\" data-end=\"4288\"><strong data-start=\"4248\" data-end=\"4286\">Ot\u00e1zka 4: Jsou k dispozici lo\u017eiska s t\u011bsn\u011bn\u00edm?<\/strong><\/h3>\n<p data-start=\"4289\" data-end=\"4405\">Ano. Nab\u00edz\u00edme ut\u011bsn\u011bn\u00e9 (pry\u017eov\u00e9 t\u011bsn\u011bn\u00ed 2RS nebo kovov\u00fd \u0161t\u00edt ZZ) a otev\u0159en\u00e9 varianty v z\u00e1vislosti na prost\u0159ed\u00ed a aplikaci.<\/p>\n<h3 data-start=\"4407\" data-end=\"4471\"><strong data-start=\"4411\" data-end=\"4469\">Ot\u00e1zka 5: M\u016f\u017eete p\u0159izp\u016fsobit velikost otvor\u016f nebo materi\u00e1ly pouzdra?<\/strong><\/h3>\n<p data-start=\"4472\" data-end=\"4589\">Ano. Spole\u010dnost Wonzh podporuje vlastn\u00ed velikosti otvor\u016f, materi\u00e1ly pouzder a typy desti\u010dek, kter\u00e9 spl\u0148uj\u00ed po\u017eadavky konkr\u00e9tn\u00edch aplikac\u00ed.<\/p>","protected":false},"excerpt":{"rendered":"<p>Lo\u017eiska s podlo\u017ekou dod\u00e1van\u00e1 spole\u010dnost\u00ed Wonzh jsou lo\u017eiska, kter\u00e1 poskytuj\u00ed stabiln\u00ed a spolehliv\u00e9 \u0159e\u0161en\u00ed pro ulo\u017een\u00ed rotuj\u00edc\u00edch h\u0159\u00eddel\u00ed v pr\u016fmyslov\u00fdch stroj\u00edch. Jsou navr\u017eena s integrovan\u00fdm pouzdrem a samovyrovn\u00e1vac\u00ed lo\u017eiskovou vlo\u017ekou a nab\u00edzej\u00ed snadnou mont\u00e1\u017e, vysokou \u00fanosnost a stabiln\u00ed provoz v n\u00e1ro\u010dn\u00fdch podm\u00ednk\u00e1ch.<\/p>","protected":false},"featured_media":1438,"comment_status":"open","ping_status":"closed","template":"","meta":{"site-sidebar-layout":"default","site-content-layout":"","ast-site-content-layout":"default","site-content-style":"default","site-sidebar-style":"default","ast-global-header-display":"","ast-banner-title-visibility":"","ast-main-header-display":"","ast-hfb-above-header-display":"","ast-hfb-below-header-display":"","ast-hfb-mobile-header-display":"","site-post-title":"","ast-breadcrumbs-content":"","ast-featured-img":"","footer-sml-layout":"","ast-disable-related-posts":"","theme-transparent-header-meta":"default","adv-header-id-meta":"","stick-header-meta":"default","header-above-stick-meta":"","header-main-stick-meta":"","header-below-stick-meta":"","astra-migrate-meta-layouts":"set","ast-page-background-enabled":"default","ast-page-background-meta":{"desktop":{"background-color":"","background-image":"","background-repeat":"repeat","background-position":"center center","background-size":"auto","background-attachment":"scroll","background-type":"","background-media":"","overlay-type":"","overlay-color":"","overlay-opacity":"","overlay-gradient":""},"tablet":{"background-color":"","background-image":"","background-repeat":"repeat","background-position":"center center","background-size":"auto","background-attachment":"scroll","background-type":"","background-media":"","overlay-type":"","overlay-color":"","overlay-opacity":"","overlay-gradient":""},"mobile":{"background-color":"","background-image":"","background-repeat":"repeat","background-position":"center center","background-size":"auto","background-attachment":"scroll","background-type":"","background-media":"","overlay-type":"","overlay-color":"","overlay-opacity":"","overlay-gradient":""}},"ast-content-background-meta":{"desktop":{"background-color":"var(--ast-global-color-5)","background-image":"","background-repeat":"repeat","background-position":"center center","background-size":"auto","background-attachment":"scroll","background-type":"","background-media":"","overlay-type":"","overlay-color":"","overlay-opacity":"","overlay-gradient":""},"tablet":{"background-color":"var(--ast-global-color-5)","background-image":"","background-repeat":"repeat","background-position":"center center","background-size":"auto","background-attachment":"scroll","background-type":"","background-media":"","overlay-type":"","overlay-color":"","overlay-opacity":"","overlay-gradient":""},"mobile":{"background-color":"var(--ast-global-color-5)","background-image":"","background-repeat":"repeat","background-position":"center center","background-size":"auto","background-attachment":"scroll","background-type":"","background-media":"","overlay-type":"","overlay-color":"","overlay-opacity":"","overlay-gradient":""}}},"product_brand":[],"product_cat":[15],"product_tag":[140,148,174,172,144,173,139,171,136,167,153,166,149,156,169,170,168],"class_list":{"0":"post-1436","1":"product","2":"type-product","3":"status-publish","4":"has-post-thumbnail","6":"product_cat-bearings-bearing-components","7":"product_tag-aisi-52100-bearing","8":"product_tag-bearing-manufacturer-china","9":"product_tag-compressor-bearing","10":"product_tag-conveyor-bearing","11":"product_tag-custom-bearings","12":"product_tag-fan-bearing","13":"product_tag-gcr15-bearing","14":"product_tag-heavy-machinery-bearing","15":"product_tag-industrial-bearings","16":"product_tag-mounted-bearing","17":"product_tag-oem-bearings","18":"product_tag-pillow-block-bearing","19":"product_tag-precision-bearings","20":"product_tag-self-aligning-bearing","21":"product_tag-ucf-bearing","22":"product_tag-ucfl-bearing","23":"product_tag-ucp-bearing","24":"desktop-align-left","25":"tablet-align-left","26":"mobile-align-left","28":"first","29":"instock","30":"shipping-taxable","31":"product-type-simple"},"_links":{"self":[{"href":"https:\/\/www.wonzh.com\/cs\/wp-json\/wp\/v2\/product\/1436","targetHints":{"allow":["GET"]}}],"collection":[{"href":"https:\/\/www.wonzh.com\/cs\/wp-json\/wp\/v2\/product"}],"about":[{"href":"https:\/\/www.wonzh.com\/cs\/wp-json\/wp\/v2\/types\/product"}],"replies":[{"embeddable":true,"href":"https:\/\/www.wonzh.com\/cs\/wp-json\/wp\/v2\/comments?post=1436"}],"wp:featuredmedia":[{"embeddable":true,"href":"https:\/\/www.wonzh.com\/cs\/wp-json\/wp\/v2\/media\/1438"}],"wp:attachment":[{"href":"https:\/\/www.wonzh.com\/cs\/wp-json\/wp\/v2\/media?parent=1436"}],"wp:term":[{"taxonomy":"product_brand","embeddable":true,"href":"https:\/\/www.wonzh.com\/cs\/wp-json\/wp\/v2\/product_brand?post=1436"},{"taxonomy":"product_cat","embeddable":true,"href":"https:\/\/www.wonzh.com\/cs\/wp-json\/wp\/v2\/product_cat?post=1436"},{"taxonomy":"product_tag","embeddable":true,"href":"https:\/\/www.wonzh.com\/cs\/wp-json\/wp\/v2\/product_tag?post=1436"}],"curies":[{"name":"wp","href":"https:\/\/api.w.org\/{rel}","templated":true}]}}