{"id":1428,"date":"2026-02-02T14:54:21","date_gmt":"2026-02-02T14:54:21","guid":{"rendered":"https:\/\/www.wonzh.com\/?post_type=product&#038;p=1428"},"modified":"2026-02-02T15:07:33","modified_gmt":"2026-02-02T15:07:33","slug":"industrial-tapered-roller-bearings-for-heavy-load-and-high-reliability-applications","status":"publish","type":"product","link":"https:\/\/www.wonzh.com\/cs\/product\/industrial-tapered-roller-bearings-for-heavy-load-and-high-reliability-applications\/","title":{"rendered":"Pr\u016fmyslov\u00e1 ku\u017eel\u00edkov\u00e1 lo\u017eiska pro aplikace s vysok\u00fdm zat\u00ed\u017een\u00edm a vysokou spolehlivost\u00ed"},"content":{"rendered":"<p data-start=\"588\" data-end=\"902\">Ku\u017eel\u00edkov\u00e1 lo\u017eiska dod\u00e1van\u00e1 spole\u010dnost\u00ed Wonzh jsou p\u0159esn\u011b konstruovan\u00e1 valiv\u00e1 lo\u017eiska ur\u010den\u00e1 k p\u0159en\u00e1\u0161en\u00ed radi\u00e1ln\u00edho i axi\u00e1ln\u00edho zat\u00ed\u017een\u00ed v jednom sm\u011bru. D\u00edky sv\u00e9 ku\u017eelov\u00e9 geometrii poskytuj\u00ed tato lo\u017eiska vynikaj\u00edc\u00ed \u00fanosnost, vysokou tuhost a vynikaj\u00edc\u00ed odolnost v n\u00e1ro\u010dn\u00fdch provozn\u00edch podm\u00ednk\u00e1ch.<\/p>\n<p data-start=\"904\" data-end=\"1327\">Ku\u017eel\u00edkov\u00e1 lo\u017eiska Wonzh, vyroben\u00e1 z vysoce kvalitn\u00ed lo\u017eiskov\u00e9 oceli, jako je GCr15 (ekvivalent AISI 52100), a zpracovan\u00e1 pokro\u010dil\u00fdm tepeln\u00fdm zpracov\u00e1n\u00edm a p\u0159esn\u00fdm brou\u0161en\u00edm, poskytuj\u00ed st\u00e1lou rozm\u011brovou p\u0159esnost, spolehliv\u00fd v\u00fdkon a prodlou\u017eenou \u017eivotnost. Jsou \u0161iroce pou\u017e\u00edv\u00e1na v automobilov\u00fdch n\u00e1prav\u00e1ch, p\u0159evodovk\u00e1ch, stavebn\u00edch stroj\u00edch, d\u016fln\u00edch za\u0159\u00edzen\u00edch, pr\u016fmyslov\u00fdch p\u0159evodovk\u00e1ch a t\u011b\u017ek\u00fdch to\u010div\u00fdch stroj\u00edch.<\/p>\n<p data-start=\"1329\" data-end=\"1611\">Jako zku\u0161en\u00fd dodavatel pr\u016fmyslov\u00fdch komponent\u016f nab\u00edz\u00ed spole\u010dnost Wonzh standardn\u00ed i p\u0159izp\u016fsoben\u00e1 ku\u017eel\u00edkov\u00e1 lo\u017eiska. N\u00e1\u0161 t\u00fdm in\u017een\u00fdr\u016f podporuje z\u00e1kazn\u00edky p\u0159i v\u00fdb\u011bru vhodn\u00fdch rozm\u011br\u016f, v\u016fl\u00ed, materi\u00e1l\u016f a konfigurac\u00ed pro optimalizaci v\u00fdkonu v re\u00e1ln\u00fdch aplikac\u00edch.<\/p>\n<h2 data-start=\"1618\" data-end=\"1637\"><strong data-start=\"1621\" data-end=\"1637\">Kl\u00ed\u010dov\u00e9 vlastnosti<\/strong><\/h2>\n<ul data-start=\"1639\" data-end=\"1918\">\n<li data-start=\"1639\" data-end=\"1683\">\n<p data-start=\"1641\" data-end=\"1683\">Vynikaj\u00edc\u00ed radi\u00e1ln\u00ed a axi\u00e1ln\u00ed zat\u00ed\u017eitelnost<\/p>\n<\/li>\n<li data-start=\"1684\" data-end=\"1726\">\n<p data-start=\"1686\" data-end=\"1726\">Vysok\u00e1 tuhost a stabilita konstrukce<\/p>\n<\/li>\n<li data-start=\"1727\" data-end=\"1774\">\n<p data-start=\"1729\" data-end=\"1774\">Siln\u00e1 odolnost proti r\u00e1z\u016fm a n\u00e1raz\u016fm<\/p>\n<\/li>\n<li data-start=\"1775\" data-end=\"1831\">\n<p data-start=\"1777\" data-end=\"1831\">Vhodn\u00e9 pro aplikace s velk\u00fdm zat\u00ed\u017een\u00edm a vysok\u00fdm to\u010div\u00fdm momentem<\/p>\n<\/li>\n<li data-start=\"1832\" data-end=\"1877\">\n<p data-start=\"1834\" data-end=\"1877\">Dlouh\u00e1 \u017eivotnost p\u0159i spr\u00e1vn\u00e9m maz\u00e1n\u00ed<\/p>\n<\/li>\n<li data-start=\"1878\" data-end=\"1918\">\n<p data-start=\"1880\" data-end=\"1918\">K dispozici jsou vlastn\u00ed velikosti a materi\u00e1ly<\/p>\n<\/li>\n<\/ul>\n<h2 data-start=\"1925\" data-end=\"1952\"><strong data-start=\"1928\" data-end=\"1952\">Typick\u00e9 aplikace<\/strong><\/h2>\n<ul data-start=\"1954\" data-end=\"2180\">\n<li data-start=\"1954\" data-end=\"1989\">\n<p data-start=\"1956\" data-end=\"1989\">Automobilov\u00e9 n\u00e1pravy a n\u00e1boje kol<\/p>\n<\/li>\n<li data-start=\"1990\" data-end=\"2016\">\n<p data-start=\"1992\" data-end=\"2016\">P\u0159evodovky a reduktory<\/p>\n<\/li>\n<li data-start=\"2017\" data-end=\"2054\">\n<p data-start=\"2019\" data-end=\"2054\">T\u011b\u017eebn\u00ed a stavebn\u00ed stroje<\/p>\n<\/li>\n<li data-start=\"2055\" data-end=\"2083\">\n<p data-start=\"2057\" data-end=\"2083\">Pr\u016fmyslov\u00e9 p\u0159evodovky<\/p>\n<\/li>\n<li data-start=\"2084\" data-end=\"2132\">\n<p data-start=\"2086\" data-end=\"2132\">T\u011b\u017ek\u00e1 za\u0159\u00edzen\u00ed a syst\u00e9my pro v\u00fdrobu energie<\/p>\n<\/li>\n<li data-start=\"2133\" data-end=\"2180\">\n<p data-start=\"2135\" data-end=\"2180\">Ocel\u00e1rny a za\u0159\u00edzen\u00ed pro manipulaci s materi\u00e1lem<\/p>\n<\/li>\n<\/ul>\n<h2 data-start=\"2187\" data-end=\"2239\"><strong data-start=\"2190\" data-end=\"2237\">Technick\u00e9 parametry (reprezentativn\u00ed rozsah)<\/strong><\/h2>\n<div class=\"TyagGW_tableContainer\">\n<div class=\"group TyagGW_tableWrapper flex flex-col-reverse w-fit\" tabindex=\"-1\">\n<table class=\"w-fit min-w-(--thread-content-width)\" data-start=\"2241\" data-end=\"2765\">\n<thead data-start=\"2241\" data-end=\"2278\">\n<tr data-start=\"2241\" data-end=\"2278\">\n<th data-start=\"2241\" data-end=\"2253\" data-col-size=\"sm\">Parametr<\/th>\n<th data-start=\"2253\" data-end=\"2278\" data-col-size=\"md\">Specifikace \/ rozsah<\/th>\n<\/tr>\n<\/thead>\n<tbody data-start=\"2289\" data-end=\"2765\">\n<tr data-start=\"2289\" data-end=\"2330\">\n<td data-start=\"2289\" data-end=\"2304\" data-col-size=\"sm\">Typ lo\u017eiska<\/td>\n<td data-col-size=\"md\" data-start=\"2304\" data-end=\"2330\">Ku\u017eel\u00edkov\u00e9 lo\u017eisko<\/td>\n<\/tr>\n<tr data-start=\"2331\" data-end=\"2398\">\n<td data-start=\"2331\" data-end=\"2342\" data-col-size=\"sm\">Materi\u00e1l<\/td>\n<td data-col-size=\"md\" data-start=\"2342\" data-end=\"2398\">GCr15 (ekvivalent AISI 52100) nebo speci\u00e1ln\u00ed legovan\u00e1 ocel<\/td>\n<\/tr>\n<tr data-start=\"2399\" data-end=\"2434\">\n<td data-start=\"2399\" data-end=\"2416\" data-col-size=\"sm\">Velikost otvoru (ID)<\/td>\n<td data-start=\"2416\" data-end=\"2434\" data-col-size=\"md\">20 mm - 300 mm<\/td>\n<\/tr>\n<tr data-start=\"2435\" data-end=\"2475\">\n<td data-start=\"2435\" data-end=\"2457\" data-col-size=\"sm\">Vn\u011bj\u0161\u00ed pr\u016fm\u011br (OD)<\/td>\n<td data-start=\"2457\" data-end=\"2475\" data-col-size=\"md\">47 mm - 600 mm<\/td>\n<\/tr>\n<tr data-start=\"2476\" data-end=\"2522\">\n<td data-start=\"2476\" data-end=\"2488\" data-col-size=\"sm\">Typ zat\u00ed\u017een\u00ed<\/td>\n<td data-start=\"2488\" data-end=\"2522\" data-col-size=\"md\">Radi\u00e1ln\u00ed + axi\u00e1ln\u00ed (jeden sm\u011br)<\/td>\n<\/tr>\n<tr data-start=\"2523\" data-end=\"2575\">\n<td data-start=\"2523\" data-end=\"2542\" data-col-size=\"sm\">Schopnost rychlosti<\/td>\n<td data-start=\"2542\" data-end=\"2575\" data-col-size=\"md\">St\u0159edn\u00ed rychlost (v z\u00e1vislosti na zat\u00ed\u017een\u00ed)<\/td>\n<\/tr>\n<tr data-start=\"2576\" data-end=\"2619\">\n<td data-start=\"2576\" data-end=\"2600\" data-col-size=\"sm\">Provozn\u00ed teplota<\/td>\n<td data-start=\"2600\" data-end=\"2619\" data-col-size=\"md\">-20 \u00b0C a\u017e +120 \u00b0C<\/td>\n<\/tr>\n<tr data-start=\"2620\" data-end=\"2669\">\n<td data-start=\"2620\" data-end=\"2632\" data-col-size=\"sm\">Odbaven\u00ed<\/td>\n<td data-start=\"2632\" data-end=\"2669\" data-col-size=\"md\">P\u0159izp\u016fsobiteln\u00e9 na z\u00e1klad\u011b aplikace<\/td>\n<\/tr>\n<tr data-start=\"2670\" data-end=\"2733\">\n<td data-start=\"2670\" data-end=\"2686\" data-col-size=\"sm\">Konfigurace<\/td>\n<td data-start=\"2686\" data-end=\"2733\" data-col-size=\"md\">K dispozici je jedno\u0159ad\u00e1, p\u00e1rov\u00e1 nebo dvou\u0159ad\u00e1 varianta<\/td>\n<\/tr>\n<tr data-start=\"2734\" data-end=\"2765\">\n<td data-start=\"2734\" data-end=\"2748\" data-col-size=\"sm\">Maz\u00e1n\u00ed<\/td>\n<td data-start=\"2748\" data-end=\"2765\" data-col-size=\"md\">Mazivo nebo olej<\/td>\n<\/tr>\n<\/tbody>\n<\/table>\n<\/div>\n<\/div>\n<h2 data-start=\"2772\" data-end=\"2808\"><strong data-start=\"2775\" data-end=\"2808\">Reprezentativn\u00ed modelov\u00e9 p\u0159\u00edklady<\/strong><\/h2>\n<p data-start=\"2810\" data-end=\"2871\"><em data-start=\"2810\" data-end=\"2871\">(Pouze pro informaci - kompletn\u00ed katalog je k dispozici na vy\u017e\u00e1d\u00e1n\u00ed.)<\/em><\/p>\n<div class=\"TyagGW_tableContainer\">\n<div class=\"group TyagGW_tableWrapper flex flex-col-reverse w-fit\" tabindex=\"-1\">\n<table class=\"w-fit min-w-(--thread-content-width)\" data-start=\"2873\" data-end=\"3217\">\n<thead data-start=\"2873\" data-end=\"2914\">\n<tr data-start=\"2873\" data-end=\"2914\">\n<th data-start=\"2873\" data-end=\"2882\" data-col-size=\"sm\">S\u00e9rie<\/th>\n<th data-start=\"2882\" data-end=\"2899\" data-col-size=\"sm\">P\u0159\u00edklady model\u016f<\/th>\n<th data-start=\"2899\" data-end=\"2914\" data-col-size=\"sm\">Typick\u00e9 pou\u017eit\u00ed<\/th>\n<\/tr>\n<\/thead>\n<tbody data-start=\"2929\" data-end=\"3217\">\n<tr data-start=\"2929\" data-end=\"2993\">\n<td data-start=\"2929\" data-end=\"2942\" data-col-size=\"sm\">\u0158ada 302<\/td>\n<td data-start=\"2942\" data-end=\"2964\" data-col-size=\"sm\">30205, 30206, 30208<\/td>\n<td data-start=\"2964\" data-end=\"2993\" data-col-size=\"sm\">Lehk\u00e9 a\u017e st\u0159edn\u00ed stroje<\/td>\n<\/tr>\n<tr data-start=\"2994\" data-end=\"3050\">\n<td data-start=\"2994\" data-end=\"3007\" data-col-size=\"sm\">\u0158ada 303<\/td>\n<td data-start=\"3007\" data-end=\"3022\" data-col-size=\"sm\">30306, 30308<\/td>\n<td data-start=\"3022\" data-end=\"3050\" data-col-size=\"sm\">Pr\u016fmyslov\u00e9 p\u0159evodovky<\/td>\n<\/tr>\n<tr data-start=\"3051\" data-end=\"3103\">\n<td data-start=\"3051\" data-end=\"3064\" data-col-size=\"sm\">\u0158ada 322<\/td>\n<td data-col-size=\"sm\" data-start=\"3064\" data-end=\"3079\">32208, 32210<\/td>\n<td data-col-size=\"sm\" data-start=\"3079\" data-end=\"3103\">P\u0159evodovky pro vysok\u00e9 zat\u00ed\u017een\u00ed<\/td>\n<\/tr>\n<tr data-start=\"3104\" data-end=\"3162\">\n<td data-start=\"3104\" data-end=\"3117\" data-col-size=\"sm\">\u0158ada 323<\/td>\n<td data-start=\"3117\" data-end=\"3132\" data-col-size=\"sm\">32308, 32310<\/td>\n<td data-start=\"3132\" data-end=\"3162\" data-col-size=\"sm\">T\u011b\u017eebn\u00ed a ocel\u00e1\u0159sk\u00e1 za\u0159\u00edzen\u00ed<\/td>\n<\/tr>\n<tr data-start=\"3163\" data-end=\"3217\">\n<td data-start=\"3163\" data-end=\"3176\" data-col-size=\"sm\">\u0158ada 329<\/td>\n<td data-start=\"3176\" data-end=\"3191\" data-col-size=\"sm\">32908, 32910<\/td>\n<td data-start=\"3191\" data-end=\"3217\" data-col-size=\"sm\">Aplikace s vysok\u00fdm zat\u00ed\u017een\u00edm<\/td>\n<\/tr>\n<\/tbody>\n<\/table>\n<\/div>\n<\/div>\n<p data-start=\"3219\" data-end=\"3311\"><strong data-start=\"3219\" data-end=\"3228\">Pozn\u00e1mka:<\/strong> Dal\u0161\u00ed velikosti, materi\u00e1ly a p\u00e1rov\u00e9 konfigurace jsou k dispozici na vy\u017e\u00e1d\u00e1n\u00ed.<\/p>\n<h2 data-start=\"3318\" data-end=\"3341\"><strong data-start=\"3321\" data-end=\"3341\">Pro\u010d si vybrat Wonzh<\/strong><\/h2>\n<ul data-start=\"3343\" data-end=\"3637\">\n<li data-start=\"3343\" data-end=\"3407\">\n<p data-start=\"3345\" data-end=\"3407\">P\u0159\u00edsn\u00e1 kontrola kvality od surovin a\u017e po kone\u010dnou kontrolu<\/p>\n<\/li>\n<li data-start=\"3408\" data-end=\"3460\">\n<p data-start=\"3410\" data-end=\"3460\">P\u0159esn\u00e9 obr\u00e1b\u011bn\u00ed a stabiln\u00ed konzistence \u0161ar\u017e\u00ed<\/p>\n<\/li>\n<li data-start=\"3461\" data-end=\"3518\">\n<p data-start=\"3463\" data-end=\"3518\">Technick\u00e1 podpora pro p\u0159izp\u016fsoben\u00ed z\u00e1t\u011b\u017ee a aplikace<\/p>\n<\/li>\n<li data-start=\"3519\" data-end=\"3580\">\n<p data-start=\"3521\" data-end=\"3580\">Pro speci\u00e1ln\u00ed provozn\u00ed podm\u00ednky jsou k dispozici zak\u00e1zkov\u00e1 proveden\u00ed<\/p>\n<\/li>\n<li data-start=\"3581\" data-end=\"3637\">\n<p data-start=\"3583\" data-end=\"3637\">Spolehliv\u00fd dodavatelsk\u00fd \u0159et\u011bzec a glob\u00e1ln\u00ed schopnost dod\u00e1vek<\/p>\n<\/li>\n<\/ul>\n<h2 data-start=\"3644\" data-end=\"3685\"><strong data-start=\"3647\" data-end=\"3683\">\u010casto kladen\u00e9 ot\u00e1zky (FAQ)<\/strong><\/h2>\n<h3 data-start=\"3687\" data-end=\"3743\"><strong data-start=\"3691\" data-end=\"3741\">Ot\u00e1zka 1: K \u010demu se pou\u017e\u00edv\u00e1 ku\u017eel\u00edkov\u00e9 lo\u017eisko?<\/strong><\/h3>\n<p data-start=\"3744\" data-end=\"3917\">Ku\u017eel\u00edkov\u00e1 lo\u017eiska se b\u011b\u017en\u011b pou\u017e\u00edvaj\u00ed v automobilov\u00fdch n\u00e1prav\u00e1ch, p\u0159evodovk\u00e1ch, d\u016fln\u00edch stroj\u00edch a t\u011b\u017ek\u00fdch pr\u016fmyslov\u00fdch za\u0159\u00edzen\u00edch, kde doch\u00e1z\u00ed ke kombinovan\u00e9mu radi\u00e1ln\u00edmu a axi\u00e1ln\u00edmu zat\u00ed\u017een\u00ed.<\/p>\n<h3 data-start=\"3919\" data-end=\"3980\"><strong data-start=\"3923\" data-end=\"3978\">Ot\u00e1zka 2: Mohou ku\u017eel\u00edkov\u00e1 lo\u017eiska zvl\u00e1dnout velk\u00e9 zat\u00ed\u017een\u00ed?<\/strong><\/h3>\n<p data-start=\"3981\" data-end=\"4110\">Ano. D\u00edky sv\u00e9 ku\u017eelov\u00e9 konstrukci a velk\u00e9 kontaktn\u00ed plo\u0161e jsou vhodn\u00e9 zejm\u00e9na pro aplikace s vysok\u00fdm zat\u00ed\u017een\u00edm a n\u00e1razy.<\/p>\n<h3 data-start=\"4112\" data-end=\"4156\"><strong data-start=\"4116\" data-end=\"4154\">Ot\u00e1zka 3: Jsou k dispozici p\u00e1rov\u00e1 lo\u017eiska?<\/strong><\/h3>\n<p data-start=\"4157\" data-end=\"4284\">Ano. Na z\u00e1klad\u011b pot\u0159eb aplikace m\u016f\u017eeme dodat jedno\u0159ad\u00e1, z\u00e1dy k sob\u011b, \u010deln\u011b k sob\u011b nebo tandemov\u00e1 p\u00e1rov\u00e1 ku\u017eel\u00edkov\u00e1 lo\u017eiska.<\/p>\n<h3 data-start=\"4286\" data-end=\"4329\"><strong data-start=\"4290\" data-end=\"4327\">Ot\u00e1zka 4: Jak\u00e9 materi\u00e1ly jsou k dispozici?<\/strong><\/h3>\n<p data-start=\"4330\" data-end=\"4454\">Standardn\u00ed materi\u00e1l je GCr15 (ekvivalent AISI 52100). Na vy\u017e\u00e1d\u00e1n\u00ed lze dodat speci\u00e1ln\u00ed legovan\u00e9 oceli a nerezov\u00e9 varianty.<\/p>\n<h3 data-start=\"4456\" data-end=\"4499\"><strong data-start=\"4460\" data-end=\"4497\">Ot\u00e1zka 5: Podporujete p\u0159izp\u016fsoben\u00ed?<\/strong><\/h3>\n<p data-start=\"4500\" data-end=\"4618\">Ano. Spole\u010dnost Wonzh podporuje vlastn\u00ed velikosti, materi\u00e1ly, v\u016fle a konfigurace, kter\u00e9 spl\u0148uj\u00ed specifick\u00e9 po\u017eadavky na v\u00fdkon.<\/p>","protected":false},"excerpt":{"rendered":"<p>Ku\u017eel\u00edkov\u00e1 lo\u017eiska dod\u00e1van\u00e1 spole\u010dnost\u00ed Wonzh jsou p\u0159esn\u011b konstruovan\u00e1 valiv\u00e1 lo\u017eiska ur\u010den\u00e1 k p\u0159en\u00e1\u0161en\u00ed radi\u00e1ln\u00edho i axi\u00e1ln\u00edho zat\u00ed\u017een\u00ed v jednom sm\u011bru. D\u00edky sv\u00e9 ku\u017eelov\u00e9 geometrii poskytuj\u00ed tato lo\u017eiska vynikaj\u00edc\u00ed \u00fanosnost, vysokou tuhost a vynikaj\u00edc\u00ed odolnost v n\u00e1ro\u010dn\u00fdch provozn\u00edch podm\u00ednk\u00e1ch.<\/p>","protected":false},"featured_media":1429,"comment_status":"open","ping_status":"closed","template":"","meta":{"site-sidebar-layout":"default","site-content-layout":"","ast-site-content-layout":"default","site-content-style":"default","site-sidebar-style":"default","ast-global-header-display":"","ast-banner-title-visibility":"","ast-main-header-display":"","ast-hfb-above-header-display":"","ast-hfb-below-header-display":"","ast-hfb-mobile-header-display":"","site-post-title":"","ast-breadcrumbs-content":"","ast-featured-img":"","footer-sml-layout":"","ast-disable-related-posts":"","theme-transparent-header-meta":"default","adv-header-id-meta":"","stick-header-meta":"default","header-above-stick-meta":"","header-main-stick-meta":"","header-below-stick-meta":"","astra-migrate-meta-layouts":"set","ast-page-background-enabled":"default","ast-page-background-meta":{"desktop":{"background-color":"","background-image":"","background-repeat":"repeat","background-position":"center center","background-size":"auto","background-attachment":"scroll","background-type":"","background-media":"","overlay-type":"","overlay-color":"","overlay-opacity":"","overlay-gradient":""},"tablet":{"background-color":"","background-image":"","background-repeat":"repeat","background-position":"center center","background-size":"auto","background-attachment":"scroll","background-type":"","background-media":"","overlay-type":"","overlay-color":"","overlay-opacity":"","overlay-gradient":""},"mobile":{"background-color":"","background-image":"","background-repeat":"repeat","background-position":"center center","background-size":"auto","background-attachment":"scroll","background-type":"","background-media":"","overlay-type":"","overlay-color":"","overlay-opacity":"","overlay-gradient":""}},"ast-content-background-meta":{"desktop":{"background-color":"var(--ast-global-color-5)","background-image":"","background-repeat":"repeat","background-position":"center center","background-size":"auto","background-attachment":"scroll","background-type":"","background-media":"","overlay-type":"","overlay-color":"","overlay-opacity":"","overlay-gradient":""},"tablet":{"background-color":"var(--ast-global-color-5)","background-image":"","background-repeat":"repeat","background-position":"center center","background-size":"auto","background-attachment":"scroll","background-type":"","background-media":"","overlay-type":"","overlay-color":"","overlay-opacity":"","overlay-gradient":""},"mobile":{"background-color":"var(--ast-global-color-5)","background-image":"","background-repeat":"repeat","background-position":"center center","background-size":"auto","background-attachment":"scroll","background-type":"","background-media":"","overlay-type":"","overlay-color":"","overlay-opacity":"","overlay-gradient":""}}},"product_brand":[],"product_cat":[15],"product_tag":[140,165,148,144,139,164,157,136,152,158,153,149,163,162],"class_list":{"0":"post-1428","1":"product","2":"type-product","3":"status-publish","4":"has-post-thumbnail","6":"product_cat-bearings-bearing-components","7":"product_tag-aisi-52100-bearing","8":"product_tag-automotive-axle-bearing","9":"product_tag-bearing-manufacturer-china","10":"product_tag-custom-bearings","11":"product_tag-gcr15-bearing","12":"product_tag-gearbox-bearing","13":"product_tag-heavy-load-bearing","14":"product_tag-industrial-bearings","15":"product_tag-industrial-components","16":"product_tag-mining-machinery-bearing","17":"product_tag-oem-bearings","18":"product_tag-precision-bearings","19":"product_tag-radial-and-axial-bearing","20":"product_tag-tapered-roller-bearing","21":"desktop-align-left","22":"tablet-align-left","23":"mobile-align-left","25":"first","26":"instock","27":"shipping-taxable","28":"product-type-simple"},"_links":{"self":[{"href":"https:\/\/www.wonzh.com\/cs\/wp-json\/wp\/v2\/product\/1428","targetHints":{"allow":["GET"]}}],"collection":[{"href":"https:\/\/www.wonzh.com\/cs\/wp-json\/wp\/v2\/product"}],"about":[{"href":"https:\/\/www.wonzh.com\/cs\/wp-json\/wp\/v2\/types\/product"}],"replies":[{"embeddable":true,"href":"https:\/\/www.wonzh.com\/cs\/wp-json\/wp\/v2\/comments?post=1428"}],"wp:featuredmedia":[{"embeddable":true,"href":"https:\/\/www.wonzh.com\/cs\/wp-json\/wp\/v2\/media\/1429"}],"wp:attachment":[{"href":"https:\/\/www.wonzh.com\/cs\/wp-json\/wp\/v2\/media?parent=1428"}],"wp:term":[{"taxonomy":"product_brand","embeddable":true,"href":"https:\/\/www.wonzh.com\/cs\/wp-json\/wp\/v2\/product_brand?post=1428"},{"taxonomy":"product_cat","embeddable":true,"href":"https:\/\/www.wonzh.com\/cs\/wp-json\/wp\/v2\/product_cat?post=1428"},{"taxonomy":"product_tag","embeddable":true,"href":"https:\/\/www.wonzh.com\/cs\/wp-json\/wp\/v2\/product_tag?post=1428"}],"curies":[{"name":"wp","href":"https:\/\/api.w.org\/{rel}","templated":true}]}}