{"id":1424,"date":"2026-02-02T14:35:53","date_gmt":"2026-02-02T14:35:53","guid":{"rendered":"https:\/\/www.wonzh.com\/?post_type=product&#038;p=1424"},"modified":"2026-02-02T14:35:54","modified_gmt":"2026-02-02T14:35:54","slug":"industrial-deep-groove-ball-bearings-for-heavy-machinery-motors-and-pumps","status":"publish","type":"product","link":"https:\/\/www.wonzh.com\/cs\/product\/industrial-deep-groove-ball-bearings-for-heavy-machinery-motors-and-pumps\/","title":{"rendered":"Pr\u016fmyslov\u00e1 kuli\u010dkov\u00e1 lo\u017eiska pro t\u011b\u017ek\u00e9 stroje, motory a \u010derpadla"},"content":{"rendered":"<p data-start=\"684\" data-end=\"1058\">Kuli\u010dkov\u00e1 lo\u017eiska s hlubokou dr\u00e1\u017ekou dod\u00e1van\u00e1 spole\u010dnost\u00ed Wonzh jsou p\u0159esn\u011b konstruovan\u00e1 radi\u00e1ln\u00ed lo\u017eiska ur\u010den\u00e1 pro radi\u00e1ln\u00ed i m\u00edrn\u00e1 axi\u00e1ln\u00ed zat\u00ed\u017een\u00ed ve vysokorychlostn\u00edch a t\u011b\u017ek\u00fdch pr\u016fmyslov\u00fdch aplikac\u00edch. Tato lo\u017eiska, vyr\u00e1b\u011bn\u00e1 v p\u0159\u00edsn\u00fdch procesech kontroly kvality podle ISO, zaji\u0161\u0165uj\u00ed stabiln\u00ed ot\u00e1\u010den\u00ed, n\u00edzk\u00e9 t\u0159en\u00ed a vynikaj\u00edc\u00ed \u017eivotnost v n\u00e1ro\u010dn\u00fdch provozn\u00edch prost\u0159ed\u00edch.<\/p>\n<p data-start=\"1060\" data-end=\"1424\">D\u00edky optimalizovan\u00e9mu tepeln\u00e9mu zpracov\u00e1n\u00ed, p\u0159esn\u00e9mu brou\u0161en\u00ed a vysoce kvalitn\u00edm lo\u017eiskov\u00fdm ocel\u00edm, jako je GCr15 (ekvivalent AISI 52100), dosahuj\u00ed kuli\u010dkov\u00e1 lo\u017eiska Wonzh st\u00e1l\u00e9 rozm\u011brov\u00e9 p\u0159esnosti, hladk\u00e9ho chodu a prodlou\u017een\u00e9 \u017eivotnosti. Jsou \u0161iroce pou\u017e\u00edv\u00e1na v elektromotorech, \u010derpadlech, p\u0159evodovk\u00e1ch, kompresorech, dopravn\u00edkov\u00fdch syst\u00e9mech a v\u0161eobecn\u00fdch pr\u016fmyslov\u00fdch stroj\u00edch.<\/p>\n<p data-start=\"1426\" data-end=\"1747\">Spole\u010dnost Wonzh je zku\u0161en\u00fdm dodavatelem pr\u016fmyslov\u00fdch komponent\u016f a nab\u00edz\u00ed jak standardn\u00ed lo\u017eiska, tak \u0159e\u0161en\u00ed na m\u00edru, kter\u00e1 spl\u0148uj\u00ed specifick\u00e9 po\u017eadavky na zat\u00ed\u017een\u00ed, rychlost, teplotu a prost\u0159ed\u00ed. N\u00e1\u0161 t\u00fdm in\u017een\u00fdr\u016f podporuje v\u00fdb\u011br materi\u00e1l\u016f, mo\u017enosti t\u011bsn\u011bn\u00ed a optimalizaci v\u00fdkonu na z\u00e1klad\u011b skute\u010dn\u00fdch podm\u00ednek pou\u017eit\u00ed.<\/p>\n<h2 data-start=\"1754\" data-end=\"1773\"><strong data-start=\"1757\" data-end=\"1773\">Kl\u00ed\u010dov\u00e9 vlastnosti<\/strong><\/h2>\n<ul data-start=\"1775\" data-end=\"2039\">\n<li data-start=\"1775\" data-end=\"1817\">\n<p data-start=\"1777\" data-end=\"1817\">Vysok\u00e1 p\u0159esnost ot\u00e1\u010den\u00ed a stabilita<\/p>\n<\/li>\n<li data-start=\"1818\" data-end=\"1858\">\n<p data-start=\"1820\" data-end=\"1858\">N\u00edzk\u00e9 t\u0159en\u00ed a sn\u00ed\u017een\u00e9 energetick\u00e9 ztr\u00e1ty<\/p>\n<\/li>\n<li data-start=\"1859\" data-end=\"1900\">\n<p data-start=\"1861\" data-end=\"1900\">siln\u00e1 odolnost proti opot\u0159eben\u00ed a \u00fanav\u011b<\/p>\n<\/li>\n<li data-start=\"1901\" data-end=\"1951\">\n<p data-start=\"1903\" data-end=\"1951\">Vhodn\u00e9 pro st\u0159edn\u011b rychl\u00e9 a\u017e vysokorychlostn\u00ed aplikace<\/p>\n<\/li>\n<li data-start=\"1952\" data-end=\"1994\">\n<p data-start=\"1954\" data-end=\"1994\">V\u00edce mo\u017enost\u00ed t\u011bsn\u011bn\u00ed a st\u00edn\u011bn\u00ed<\/p>\n<\/li>\n<li data-start=\"1995\" data-end=\"2039\">\n<p data-start=\"1997\" data-end=\"2039\">K dispozici jsou vlastn\u00ed materi\u00e1ly a v\u016fle<\/p>\n<\/li>\n<\/ul>\n<h2 data-start=\"2046\" data-end=\"2073\"><strong data-start=\"2049\" data-end=\"2073\">Typick\u00e9 aplikace<\/strong><\/h2>\n<ul data-start=\"2075\" data-end=\"2262\">\n<li data-start=\"2075\" data-end=\"2094\">\n<p data-start=\"2077\" data-end=\"2094\">Elektrick\u00e9 motory<\/p>\n<\/li>\n<li data-start=\"2095\" data-end=\"2120\">\n<p data-start=\"2097\" data-end=\"2120\">\u010cerpadla a kompresory<\/p>\n<\/li>\n<li data-start=\"2121\" data-end=\"2145\">\n<p data-start=\"2123\" data-end=\"2145\">Pr\u016fmyslov\u00e9 p\u0159evodovky<\/p>\n<\/li>\n<li data-start=\"2146\" data-end=\"2183\">\n<p data-start=\"2148\" data-end=\"2183\">T\u011b\u017eebn\u00ed a stavebn\u00ed za\u0159\u00edzen\u00ed<\/p>\n<\/li>\n<li data-start=\"2184\" data-end=\"2219\">\n<p data-start=\"2186\" data-end=\"2219\">Dopravn\u00edkov\u00e9 a automatiza\u010dn\u00ed syst\u00e9my<\/p>\n<\/li>\n<li data-start=\"2220\" data-end=\"2262\">\n<p data-start=\"2222\" data-end=\"2262\">T\u011b\u017ek\u00e9 stroje a p\u0159enos energie<\/p>\n<\/li>\n<\/ul>\n<h2 data-start=\"2269\" data-end=\"2321\"><strong data-start=\"2272\" data-end=\"2319\">Technick\u00e9 parametry (reprezentativn\u00ed rozsah)<\/strong><\/h2>\n<div class=\"TyagGW_tableContainer\">\n<div class=\"group TyagGW_tableWrapper flex flex-col-reverse w-fit\" tabindex=\"-1\">\n<table class=\"w-fit min-w-(--thread-content-width)\" data-start=\"2323\" data-end=\"2835\">\n<thead data-start=\"2323\" data-end=\"2360\">\n<tr data-start=\"2323\" data-end=\"2360\">\n<th data-start=\"2323\" data-end=\"2335\" data-col-size=\"sm\">Parametr<\/th>\n<th data-start=\"2335\" data-end=\"2360\" data-col-size=\"md\">Specifikace \/ rozsah<\/th>\n<\/tr>\n<\/thead>\n<tbody data-start=\"2371\" data-end=\"2835\">\n<tr data-start=\"2371\" data-end=\"2414\">\n<td data-start=\"2371\" data-end=\"2386\" data-col-size=\"sm\">Typ lo\u017eiska<\/td>\n<td data-start=\"2386\" data-end=\"2414\" data-col-size=\"md\">Kuli\u010dkov\u00e1 lo\u017eiska s hlubokou dr\u00e1\u017ekou<\/td>\n<\/tr>\n<tr data-start=\"2415\" data-end=\"2478\">\n<td data-start=\"2415\" data-end=\"2426\" data-col-size=\"sm\">Materi\u00e1l<\/td>\n<td data-start=\"2426\" data-end=\"2478\" data-col-size=\"md\">GCr15 (ekvivalent AISI 52100) nebo nerezov\u00e1 ocel<\/td>\n<\/tr>\n<tr data-start=\"2479\" data-end=\"2514\">\n<td data-start=\"2479\" data-end=\"2496\" data-col-size=\"sm\">Velikost otvoru (ID)<\/td>\n<td data-start=\"2496\" data-end=\"2514\" data-col-size=\"md\">10 mm - 200 mm<\/td>\n<\/tr>\n<tr data-start=\"2515\" data-end=\"2555\">\n<td data-start=\"2515\" data-end=\"2537\" data-col-size=\"sm\">Vn\u011bj\u0161\u00ed pr\u016fm\u011br (OD)<\/td>\n<td data-start=\"2537\" data-end=\"2555\" data-col-size=\"md\">26 mm - 360 mm<\/td>\n<\/tr>\n<tr data-start=\"2556\" data-end=\"2595\">\n<td data-start=\"2556\" data-end=\"2568\" data-col-size=\"sm\">Typ zat\u00ed\u017een\u00ed<\/td>\n<td data-start=\"2568\" data-end=\"2595\" data-col-size=\"md\">Radi\u00e1ln\u00ed + m\u00edrn\u011b axi\u00e1ln\u00ed<\/td>\n<\/tr>\n<tr data-start=\"2596\" data-end=\"2639\">\n<td data-start=\"2596\" data-end=\"2615\" data-col-size=\"sm\">Schopnost rychlosti<\/td>\n<td data-start=\"2615\" data-end=\"2639\" data-col-size=\"md\">St\u0159edn\u00ed a\u017e vysok\u00e1 rychlost<\/td>\n<\/tr>\n<tr data-start=\"2640\" data-end=\"2683\">\n<td data-start=\"2640\" data-end=\"2664\" data-col-size=\"sm\">Provozn\u00ed teplota<\/td>\n<td data-col-size=\"md\" data-start=\"2664\" data-end=\"2683\">-20 \u00b0C a\u017e +120 \u00b0C<\/td>\n<\/tr>\n<tr data-start=\"2684\" data-end=\"2736\">\n<td data-start=\"2684\" data-end=\"2705\" data-col-size=\"sm\">Vnit\u0159n\u00ed odbaven\u00ed<\/td>\n<td data-start=\"2705\" data-end=\"2736\" data-col-size=\"md\">C2 \/ C3 \/ C4 (p\u0159izp\u016fsobiteln\u00e9)<\/td>\n<\/tr>\n<tr data-start=\"2737\" data-end=\"2803\">\n<td data-start=\"2737\" data-end=\"2755\" data-col-size=\"sm\">Mo\u017enosti t\u011bsn\u011bn\u00ed<\/td>\n<td data-col-size=\"md\" data-start=\"2755\" data-end=\"2803\">Otev\u0159en\u00fd \/ ZZ (kovov\u00fd \u0161t\u00edt) \/ 2RS (gumov\u00e9 t\u011bsn\u011bn\u00ed)<\/td>\n<\/tr>\n<tr data-start=\"2804\" data-end=\"2835\">\n<td data-start=\"2804\" data-end=\"2818\" data-col-size=\"sm\">Maz\u00e1n\u00ed<\/td>\n<td data-col-size=\"md\" data-start=\"2818\" data-end=\"2835\">Mazivo nebo olej<\/td>\n<\/tr>\n<\/tbody>\n<\/table>\n<\/div>\n<\/div>\n<h2 data-start=\"2842\" data-end=\"2878\"><strong data-start=\"2845\" data-end=\"2878\">Reprezentativn\u00ed modelov\u00e9 p\u0159\u00edklady<\/strong><\/h2>\n<p data-start=\"2880\" data-end=\"2941\"><em data-start=\"2880\" data-end=\"2941\">(Pouze pro informaci - kompletn\u00ed katalog je k dispozici na vy\u017e\u00e1d\u00e1n\u00ed.)<\/em><\/p>\n<div class=\"TyagGW_tableContainer\">\n<div class=\"group TyagGW_tableWrapper flex flex-col-reverse w-fit\" tabindex=\"-1\">\n<table class=\"w-fit min-w-(--thread-content-width)\" data-start=\"2943\" data-end=\"3253\">\n<thead data-start=\"2943\" data-end=\"2984\">\n<tr data-start=\"2943\" data-end=\"2984\">\n<th data-start=\"2943\" data-end=\"2952\" data-col-size=\"sm\">S\u00e9rie<\/th>\n<th data-start=\"2952\" data-end=\"2969\" data-col-size=\"sm\">P\u0159\u00edklady model\u016f<\/th>\n<th data-start=\"2969\" data-end=\"2984\" data-col-size=\"sm\">Typick\u00e9 pou\u017eit\u00ed<\/th>\n<\/tr>\n<\/thead>\n<tbody data-start=\"2999\" data-end=\"3253\">\n<tr data-start=\"2999\" data-end=\"3049\">\n<td data-start=\"2999\" data-end=\"3013\" data-col-size=\"sm\">\u0158ada 6000<\/td>\n<td data-col-size=\"sm\" data-start=\"3013\" data-end=\"3032\">6205, 6206, 6208<\/td>\n<td data-col-size=\"sm\" data-start=\"3032\" data-end=\"3049\">Motory, \u010derpadla<\/td>\n<\/tr>\n<tr data-start=\"3050\" data-end=\"3102\">\n<td data-start=\"3050\" data-end=\"3064\" data-col-size=\"sm\">\u0158ada 6300<\/td>\n<td data-start=\"3064\" data-end=\"3083\" data-col-size=\"sm\">6306, 6308, 6310<\/td>\n<td data-col-size=\"sm\" data-start=\"3083\" data-end=\"3102\">T\u011b\u017ek\u00e9 stroje<\/td>\n<\/tr>\n<tr data-start=\"3103\" data-end=\"3154\">\n<td data-start=\"3103\" data-end=\"3117\" data-col-size=\"sm\">\u0158ada 6400<\/td>\n<td data-start=\"3117\" data-end=\"3130\" data-col-size=\"sm\">6405, 6406<\/td>\n<td data-start=\"3130\" data-end=\"3154\" data-col-size=\"sm\">Vysokorychlostn\u00ed za\u0159\u00edzen\u00ed<\/td>\n<\/tr>\n<tr data-start=\"3155\" data-end=\"3206\">\n<td data-start=\"3155\" data-end=\"3169\" data-col-size=\"sm\">\u0158ada 6800<\/td>\n<td data-col-size=\"sm\" data-start=\"3169\" data-end=\"3182\">6804, 6806<\/td>\n<td data-col-size=\"sm\" data-start=\"3182\" data-end=\"3206\">Kompaktn\u00ed aplikace<\/td>\n<\/tr>\n<tr data-start=\"3207\" data-end=\"3253\">\n<td data-start=\"3207\" data-end=\"3221\" data-col-size=\"sm\">\u0158ada 6900<\/td>\n<td data-start=\"3221\" data-end=\"3234\" data-col-size=\"sm\">6905, 6906<\/td>\n<td data-start=\"3234\" data-end=\"3253\" data-col-size=\"sm\">Lehk\u00e9 stroje<\/td>\n<\/tr>\n<\/tbody>\n<\/table>\n<\/div>\n<\/div>\n<p data-start=\"3255\" data-end=\"3351\"><strong data-start=\"3255\" data-end=\"3264\">Pozn\u00e1mka:<\/strong> Dal\u0161\u00ed velikosti, materi\u00e1ly a specifikace na m\u00edru jsou k dispozici na vy\u017e\u00e1d\u00e1n\u00ed.<\/p>\n<h2 data-start=\"3358\" data-end=\"3381\"><strong data-start=\"3361\" data-end=\"3381\">Pro\u010d si vybrat Wonzh<\/strong><\/h2>\n<ul data-start=\"3383\" data-end=\"3665\">\n<li data-start=\"3383\" data-end=\"3447\">\n<p data-start=\"3385\" data-end=\"3447\">P\u0159\u00edsn\u00e1 kontrola kvality od surovin a\u017e po kone\u010dnou kontrolu<\/p>\n<\/li>\n<li data-start=\"3448\" data-end=\"3504\">\n<p data-start=\"3450\" data-end=\"3504\">P\u0159esn\u00e1 v\u00fdroba a stabiln\u00ed konzistence \u0161ar\u017e\u00ed<\/p>\n<\/li>\n<li data-start=\"3505\" data-end=\"3553\">\n<p data-start=\"3507\" data-end=\"3553\">In\u017een\u00fdrsk\u00e1 podpora pro p\u00e1rov\u00e1n\u00ed aplikac\u00ed<\/p>\n<\/li>\n<li data-start=\"3554\" data-end=\"3608\">\n<p data-start=\"3556\" data-end=\"3608\">K dispozici je vlastn\u00ed design a speci\u00e1ln\u00ed specifikace<\/p>\n<\/li>\n<li data-start=\"3609\" data-end=\"3665\">\n<p data-start=\"3611\" data-end=\"3665\">Spolehliv\u00fd dodavatelsk\u00fd \u0159et\u011bzec a glob\u00e1ln\u00ed schopnost dod\u00e1vek<\/p>\n<\/li>\n<\/ul>\n<h2 data-start=\"3672\" data-end=\"3713\"><strong data-start=\"3675\" data-end=\"3711\">\u010casto kladen\u00e9 ot\u00e1zky (FAQ)<\/strong><\/h2>\n<h3 data-start=\"3715\" data-end=\"3773\"><strong data-start=\"3719\" data-end=\"3771\">Ot\u00e1zka 1: K \u010demu se pou\u017e\u00edv\u00e1 kuli\u010dkov\u00e9 lo\u017eisko?<\/strong><\/h3>\n<p data-start=\"3774\" data-end=\"3987\">Kuli\u010dkov\u00e1 lo\u017eiska s hlubokou dr\u00e1\u017ekou se hojn\u011b pou\u017e\u00edvaj\u00ed v elektromotorech, \u010derpadlech, p\u0159evodovk\u00e1ch, dopravn\u00edc\u00edch, kompresorech a v\u0161eobecn\u011b v pr\u016fmyslov\u00fdch stroj\u00edch, proto\u017ee snesou radi\u00e1ln\u00ed i m\u00edrn\u00e9 axi\u00e1ln\u00ed zat\u00ed\u017een\u00ed p\u0159i vysok\u00fdch ot\u00e1\u010dk\u00e1ch.<\/p>\n<h3 data-start=\"3989\" data-end=\"4032\"><strong data-start=\"3993\" data-end=\"4030\">O2: Jak\u00e9 materi\u00e1ly jsou k dispozici?<\/strong><\/h3>\n<p data-start=\"4033\" data-end=\"4188\">Standardn\u00edm materi\u00e1lem je vysoce kvalitn\u00ed lo\u017eiskov\u00e1 ocel (ekvivalent GCr15 \/ AISI 52100). Na vy\u017e\u00e1d\u00e1n\u00ed jsou k dispozici tak\u00e9 varianty z nerezov\u00e9 oceli a speci\u00e1ln\u00edch slitin.<\/p>\n<h3 data-start=\"4190\" data-end=\"4238\"><strong data-start=\"4194\" data-end=\"4236\">Ot\u00e1zka 3: Jak\u00e9 mo\u017enosti ut\u011bsn\u011bn\u00ed nab\u00edz\u00edte?<\/strong><\/h3>\n<p data-start=\"4239\" data-end=\"4358\">Nab\u00edz\u00edme otev\u0159en\u00e1 lo\u017eiska, lo\u017eiska s kovov\u00fdm krytem (ZZ) a lo\u017eiska s pry\u017eov\u00fdm t\u011bsn\u011bn\u00edm (2RS), kter\u00e1 vyhovuj\u00ed r\u016fzn\u00fdm provozn\u00edm prost\u0159ed\u00edm.<\/p>\n<h3 data-start=\"4360\" data-end=\"4410\"><strong data-start=\"4364\" data-end=\"4408\">Ot\u00e1zka 4: M\u016f\u017eete poskytnout lo\u017eiska na m\u00edru?<\/strong><\/h3>\n<p data-start=\"4411\" data-end=\"4561\">Ano. Spole\u010dnost Wonzh podporuje vlastn\u00ed velikosti otvor\u016f, vnit\u0159n\u00ed v\u016fle (C2\/C3\/C4), speci\u00e1ln\u00ed povlaky a \u00fapravy materi\u00e1l\u016f na z\u00e1klad\u011b po\u017eadavk\u016f aplikace.<\/p>\n<h3 data-start=\"4563\" data-end=\"4624\"><strong data-start=\"4567\" data-end=\"4622\">Ot\u00e1zka 5: Jsou vhodn\u00e9 pro vysokorychlostn\u00ed aplikace?<\/strong><\/h3>\n<p data-start=\"4625\" data-end=\"4758\">Ano. P\u0159i spr\u00e1vn\u00e9m maz\u00e1n\u00ed pat\u0159\u00ed kuli\u010dkov\u00e1 lo\u017eiska s hlubokou dr\u00e1\u017ekou k nejlep\u0161\u00edm volb\u00e1m pro st\u0159edn\u011b rychl\u00e9 a\u017e vysokorychlostn\u00ed pr\u016fmyslov\u00e9 aplikace.<\/p>","protected":false},"excerpt":{"rendered":"<p>Kuli\u010dkov\u00e1 lo\u017eiska s hlubokou dr\u00e1\u017ekou dod\u00e1van\u00e1 spole\u010dnost\u00ed Wonzh jsou p\u0159esn\u011b konstruovan\u00e1 radi\u00e1ln\u00ed lo\u017eiska ur\u010den\u00e1 pro radi\u00e1ln\u00ed i m\u00edrn\u00e1 axi\u00e1ln\u00ed zat\u00ed\u017een\u00ed ve vysokorychlostn\u00edch a t\u011b\u017ek\u00fdch pr\u016fmyslov\u00fdch aplikac\u00edch.<\/p>","protected":false},"featured_media":1425,"comment_status":"open","ping_status":"closed","template":"","meta":{"site-sidebar-layout":"default","site-content-layout":"","ast-site-content-layout":"default","site-content-style":"default","site-sidebar-style":"default","ast-global-header-display":"","ast-banner-title-visibility":"","ast-main-header-display":"","ast-hfb-above-header-display":"","ast-hfb-below-header-display":"","ast-hfb-mobile-header-display":"","site-post-title":"","ast-breadcrumbs-content":"","ast-featured-img":"","footer-sml-layout":"","ast-disable-related-posts":"","theme-transparent-header-meta":"default","adv-header-id-meta":"","stick-header-meta":"default","header-above-stick-meta":"","header-main-stick-meta":"","header-below-stick-meta":"","astra-migrate-meta-layouts":"set","ast-page-background-enabled":"default","ast-page-background-meta":{"desktop":{"background-color":"","background-image":"","background-repeat":"repeat","background-position":"center center","background-size":"auto","background-attachment":"scroll","background-type":"","background-media":"","overlay-type":"","overlay-color":"","overlay-opacity":"","overlay-gradient":""},"tablet":{"background-color":"","background-image":"","background-repeat":"repeat","background-position":"center center","background-size":"auto","background-attachment":"scroll","background-type":"","background-media":"","overlay-type":"","overlay-color":"","overlay-opacity":"","overlay-gradient":""},"mobile":{"background-color":"","background-image":"","background-repeat":"repeat","background-position":"center center","background-size":"auto","background-attachment":"scroll","background-type":"","background-media":"","overlay-type":"","overlay-color":"","overlay-opacity":"","overlay-gradient":""}},"ast-content-background-meta":{"desktop":{"background-color":"var(--ast-global-color-5)","background-image":"","background-repeat":"repeat","background-position":"center center","background-size":"auto","background-attachment":"scroll","background-type":"","background-media":"","overlay-type":"","overlay-color":"","overlay-opacity":"","overlay-gradient":""},"tablet":{"background-color":"var(--ast-global-color-5)","background-image":"","background-repeat":"repeat","background-position":"center center","background-size":"auto","background-attachment":"scroll","background-type":"","background-media":"","overlay-type":"","overlay-color":"","overlay-opacity":"","overlay-gradient":""},"mobile":{"background-color":"var(--ast-global-color-5)","background-image":"","background-repeat":"repeat","background-position":"center center","background-size":"auto","background-attachment":"scroll","background-type":"","background-media":"","overlay-type":"","overlay-color":"","overlay-opacity":"","overlay-gradient":""}}},"product_brand":[],"product_cat":[15],"product_tag":[141,140,148,144,135,139,145,138,136,152,150,151,146,154,153,143,149,147,137,142],"class_list":{"0":"post-1424","1":"product","2":"type-product","3":"status-publish","4":"has-post-thumbnail","6":"product_cat-bearings-bearing-components","7":"product_tag-2rs-bearing","8":"product_tag-aisi-52100-bearing","9":"product_tag-bearing-manufacturer-china","10":"product_tag-custom-bearings","11":"product_tag-deep-groove-ball-bearing","12":"product_tag-gcr15-bearing","13":"product_tag-heavy-machinery-bearings","14":"product_tag-high-speed-bearings","15":"product_tag-industrial-bearings","16":"product_tag-industrial-components","17":"product_tag-iso-quality-bearings","18":"product_tag-low-friction-bearings","19":"product_tag-motor-bearings","20":"product_tag-mro-bearings","21":"product_tag-oem-bearings","22":"product_tag-open-bearing","23":"product_tag-precision-bearings","24":"product_tag-pump-bearings","25":"product_tag-radial-bearings","26":"product_tag-zz-bearing","27":"desktop-align-left","28":"tablet-align-left","29":"mobile-align-left","31":"first","32":"instock","33":"shipping-taxable","34":"product-type-simple"},"_links":{"self":[{"href":"https:\/\/www.wonzh.com\/cs\/wp-json\/wp\/v2\/product\/1424","targetHints":{"allow":["GET"]}}],"collection":[{"href":"https:\/\/www.wonzh.com\/cs\/wp-json\/wp\/v2\/product"}],"about":[{"href":"https:\/\/www.wonzh.com\/cs\/wp-json\/wp\/v2\/types\/product"}],"replies":[{"embeddable":true,"href":"https:\/\/www.wonzh.com\/cs\/wp-json\/wp\/v2\/comments?post=1424"}],"wp:featuredmedia":[{"embeddable":true,"href":"https:\/\/www.wonzh.com\/cs\/wp-json\/wp\/v2\/media\/1425"}],"wp:attachment":[{"href":"https:\/\/www.wonzh.com\/cs\/wp-json\/wp\/v2\/media?parent=1424"}],"wp:term":[{"taxonomy":"product_brand","embeddable":true,"href":"https:\/\/www.wonzh.com\/cs\/wp-json\/wp\/v2\/product_brand?post=1424"},{"taxonomy":"product_cat","embeddable":true,"href":"https:\/\/www.wonzh.com\/cs\/wp-json\/wp\/v2\/product_cat?post=1424"},{"taxonomy":"product_tag","embeddable":true,"href":"https:\/\/www.wonzh.com\/cs\/wp-json\/wp\/v2\/product_tag?post=1424"}],"curies":[{"name":"wp","href":"https:\/\/api.w.org\/{rel}","templated":true}]}}