{"id":273,"date":"2026-01-29T14:22:45","date_gmt":"2026-01-29T14:22:45","guid":{"rendered":"https:\/\/www.wonzh.com\/training\/"},"modified":"2026-02-01T01:38:18","modified_gmt":"2026-02-01T01:38:18","slug":"aplikace","status":"publish","type":"page","link":"https:\/\/www.wonzh.com\/cs\/applications\/","title":{"rendered":"Aplikace"},"content":{"rendered":"<div data-elementor-type=\"wp-page\" data-elementor-id=\"273\" class=\"elementor elementor-273\" data-elementor-post-type=\"page\">\n\t\t\t\t<div class=\"elementor-element elementor-element-c8f1513 e-flex e-con-boxed e-con e-parent\" data-id=\"c8f1513\" data-element_type=\"container\" data-e-type=\"container\" data-settings=\"{&quot;background_background&quot;:&quot;classic&quot;}\">\n\t\t\t\t\t<div class=\"e-con-inner\">\n\t\t<div class=\"elementor-element elementor-element-e238a3f e-con-full e-flex e-con e-child\" data-id=\"e238a3f\" data-element_type=\"container\" data-e-type=\"container\">\n\t\t\t\t<div class=\"elementor-element elementor-element-024ca05 elementor-widget elementor-widget-heading\" data-id=\"024ca05\" data-element_type=\"widget\" data-e-type=\"widget\" data-widget_type=\"heading.default\">\n\t\t\t\t<div class=\"elementor-widget-container\">\n\t\t\t\t\t<h1 class=\"elementor-heading-title elementor-size-default\">Aplikace<\/h1>\t\t\t\t<\/div>\n\t\t\t\t<\/div>\n\t\t\t\t<div class=\"elementor-element elementor-element-66f6130 elementor-widget-divider--view-line elementor-widget elementor-widget-divider\" data-id=\"66f6130\" data-element_type=\"widget\" data-e-type=\"widget\" data-widget_type=\"divider.default\">\n\t\t\t\t<div class=\"elementor-widget-container\">\n\t\t\t\t\t\t\t<div class=\"elementor-divider\">\n\t\t\t<span class=\"elementor-divider-separator\">\n\t\t\t\t\t\t<\/span>\n\t\t<\/div>\n\t\t\t\t\t\t<\/div>\n\t\t\t\t<\/div>\n\t\t\t\t<\/div>\n\t\t\t\t\t<\/div>\n\t\t\t\t<\/div>\n\t\t<div class=\"elementor-element elementor-element-95aaa2c e-flex e-con-boxed e-con e-parent\" data-id=\"95aaa2c\" data-element_type=\"container\" data-e-type=\"container\">\n\t\t\t\t\t<div class=\"e-con-inner\">\n\t\t<div class=\"elementor-element elementor-element-fccb6b4 e-con-full e-flex e-con e-child\" data-id=\"fccb6b4\" data-element_type=\"container\" data-e-type=\"container\">\n\t\t\t\t<div class=\"elementor-element elementor-element-09f4d0c elementor-position-right elementor-vertical-align-middle elementor-widget elementor-widget-image-box\" data-id=\"09f4d0c\" data-element_type=\"widget\" data-e-type=\"widget\" data-widget_type=\"image-box.default\">\n\t\t\t\t<div class=\"elementor-widget-container\">\n\t\t\t\t\t<div class=\"elementor-image-box-wrapper\"><figure class=\"elementor-image-box-img\"><img fetchpriority=\"high\" decoding=\"async\" width=\"1024\" height=\"683\" src=\"https:\/\/www.wonzh.com\/wp-content\/uploads\/2026\/02\/Industrial-Equipment-Parts-for-Real-World-Applications.jpeg\" class=\"attachment-full size-full wp-image-1374\" alt=\"d\u00edly pr\u016fmyslov\u00fdch za\u0159\u00edzen\u00ed pro re\u00e1ln\u00e9 aplikace\" srcset=\"https:\/\/www.wonzh.com\/wp-content\/uploads\/2026\/02\/Industrial-Equipment-Parts-for-Real-World-Applications.jpeg 1024w, https:\/\/www.wonzh.com\/wp-content\/uploads\/2026\/02\/Industrial-Equipment-Parts-for-Real-World-Applications-300x200.jpeg 300w, https:\/\/www.wonzh.com\/wp-content\/uploads\/2026\/02\/Industrial-Equipment-Parts-for-Real-World-Applications-768x512.jpeg 768w, https:\/\/www.wonzh.com\/wp-content\/uploads\/2026\/02\/Industrial-Equipment-Parts-for-Real-World-Applications-600x400.jpeg 600w\" sizes=\"(max-width: 1024px) 100vw, 1024px\" \/><\/figure><div class=\"elementor-image-box-content\"><h2 class=\"elementor-image-box-title\">D\u00edly pr\u016fmyslov\u00fdch za\u0159\u00edzen\u00ed pro re\u00e1ln\u00e9 aplikace<\/h2><p class=\"elementor-image-box-description\">Spole\u010dnost Henan Wonzh Precision Manufacturing Co., Ltd. dod\u00e1v\u00e1 komponenty pr\u016fmyslov\u00fdch za\u0159\u00edzen\u00ed a opot\u0159ebiteln\u00e9 d\u00edly pro \u0161irokou \u0161k\u00e1lu provozn\u00edch prost\u0159ed\u00ed. Na\u0161e v\u00fdrobky se b\u011b\u017en\u011b pou\u017e\u00edvaj\u00ed p\u0159i \u00fadr\u017eb\u011b za\u0159\u00edzen\u00ed, v\u00fdrob\u011b OEM a v\u00fdm\u011bn\u011b n\u00e1hradn\u00edch d\u00edl\u016f MRO, \u010d\u00edm\u017e pom\u00e1haj\u00ed z\u00e1kazn\u00edk\u016fm udr\u017eovat stabiln\u00ed provoz a kontrolovat n\u00e1klady na \u00fadr\u017ebu.\n\nN\u00ed\u017ee jsou uvedeny na\u0161e hlavn\u00ed sc\u00e9n\u00e1\u0159e pou\u017eit\u00ed, kter\u00e9 odr\u00e1\u017eej\u00ed, jak se na\u0161e v\u00fdrobky pou\u017e\u00edvaj\u00ed v re\u00e1ln\u00fdch pr\u016fmyslov\u00fdch podm\u00ednk\u00e1ch.<\/p><\/div><\/div>\t\t\t\t<\/div>\n\t\t\t\t<\/div>\n\t\t\t\t<div class=\"elementor-element elementor-element-1cff81d elementor-widget__width-initial elementor-widget-mobile__width-inherit elementor-position-top elementor-widget elementor-widget-image-box\" data-id=\"1cff81d\" data-element_type=\"widget\" data-e-type=\"widget\" data-widget_type=\"image-box.default\">\n\t\t\t\t<div class=\"elementor-widget-container\">\n\t\t\t\t\t<div class=\"elementor-image-box-wrapper\"><figure class=\"elementor-image-box-img\"><a href=\"#\" tabindex=\"-1\"><img decoding=\"async\" width=\"1536\" height=\"1024\" src=\"https:\/\/www.wonzh.com\/wp-content\/uploads\/2026\/02\/Industrial-Machinery-Maintenance.png\" class=\"attachment-full size-full wp-image-1376\" alt=\"\u00fadr\u017eba pr\u016fmyslov\u00fdch stroj\u016f\" srcset=\"https:\/\/www.wonzh.com\/wp-content\/uploads\/2026\/02\/Industrial-Machinery-Maintenance.png 1536w, https:\/\/www.wonzh.com\/wp-content\/uploads\/2026\/02\/Industrial-Machinery-Maintenance-300x200.png 300w, https:\/\/www.wonzh.com\/wp-content\/uploads\/2026\/02\/Industrial-Machinery-Maintenance-1024x683.png 1024w, https:\/\/www.wonzh.com\/wp-content\/uploads\/2026\/02\/Industrial-Machinery-Maintenance-768x512.png 768w, https:\/\/www.wonzh.com\/wp-content\/uploads\/2026\/02\/Industrial-Machinery-Maintenance-600x400.png 600w\" sizes=\"(max-width: 1536px) 100vw, 1536px\" \/><\/a><\/figure><div class=\"elementor-image-box-content\"><h4 class=\"elementor-image-box-title\"><a href=\"#\">\u00dadr\u017eba pr\u016fmyslov\u00fdch stroj\u016f<\/a><\/h4><p class=\"elementor-image-box-description\">Pr\u016fmyslov\u00e9 stroje vy\u017eaduj\u00ed pravidelnou v\u00fdm\u011bnu vysoce opot\u0159ebiteln\u00fdch a kritick\u00fdch sou\u010d\u00e1st\u00ed, aby byl zaji\u0161t\u011bn nep\u0159etr\u017eit\u00fd provoz. Dod\u00e1v\u00e1me lo\u017eiska, t\u011bsnic\u00ed d\u00edly, sou\u010d\u00e1sti podl\u00e9haj\u00edc\u00ed opot\u0159eben\u00ed a p\u0159evodov\u00e9 d\u00edly, kter\u00e9 se b\u011b\u017en\u011b pou\u017e\u00edvaj\u00ed v pr\u016fmyslov\u00fdch stroj\u00edch.<\/p><\/div><\/div>\t\t\t\t<\/div>\n\t\t\t\t<\/div>\n\t\t\t\t<div class=\"elementor-element elementor-element-43bee2a elementor-widget__width-initial elementor-widget-mobile__width-inherit elementor-position-top elementor-widget elementor-widget-image-box\" data-id=\"43bee2a\" data-element_type=\"widget\" data-e-type=\"widget\" data-widget_type=\"image-box.default\">\n\t\t\t\t<div class=\"elementor-widget-container\">\n\t\t\t\t\t<div class=\"elementor-image-box-wrapper\"><figure class=\"elementor-image-box-img\"><a href=\"#\" tabindex=\"-1\"><img decoding=\"async\" width=\"1783\" height=\"1191\" src=\"https:\/\/www.wonzh.com\/wp-content\/uploads\/2026\/02\/BoydHydraulicHead.jpg\" class=\"attachment-full size-full wp-image-1377\" alt=\"hydraulick\u00e1 \u010depel\" srcset=\"https:\/\/www.wonzh.com\/wp-content\/uploads\/2026\/02\/BoydHydraulicHead.jpg 1783w, https:\/\/www.wonzh.com\/wp-content\/uploads\/2026\/02\/BoydHydraulicHead-300x200.jpg 300w, https:\/\/www.wonzh.com\/wp-content\/uploads\/2026\/02\/BoydHydraulicHead-1024x684.jpg 1024w, https:\/\/www.wonzh.com\/wp-content\/uploads\/2026\/02\/BoydHydraulicHead-768x513.jpg 768w, https:\/\/www.wonzh.com\/wp-content\/uploads\/2026\/02\/BoydHydraulicHead-1536x1026.jpg 1536w, https:\/\/www.wonzh.com\/wp-content\/uploads\/2026\/02\/BoydHydraulicHead-600x401.jpg 600w\" sizes=\"(max-width: 1783px) 100vw, 1783px\" \/><\/a><\/figure><div class=\"elementor-image-box-content\"><h4 class=\"elementor-image-box-title\"><a href=\"#\">Hydraulick\u00e9 a pneumatick\u00e9 syst\u00e9my<\/a><\/h4><p class=\"elementor-image-box-description\">Hydraulick\u00e9 a pneumatick\u00e9 syst\u00e9my pracuj\u00ed pod tlakem, p\u0159i zm\u011bn\u00e1ch teploty a \u010dast\u00e9m pohybu. Spolehliv\u00e9 t\u011bsn\u011bn\u00ed a p\u0159esn\u00e9 komponenty jsou nezbytn\u00e9, aby se zabr\u00e1nilo \u00fanik\u016fm a ztr\u00e1t\u011b v\u00fdkonu.<\/p><\/div><\/div>\t\t\t\t<\/div>\n\t\t\t\t<\/div>\n\t\t\t\t<div class=\"elementor-element elementor-element-3b535ac elementor-widget__width-initial elementor-widget-mobile__width-inherit elementor-position-top elementor-widget elementor-widget-image-box\" data-id=\"3b535ac\" data-element_type=\"widget\" data-e-type=\"widget\" data-widget_type=\"image-box.default\">\n\t\t\t\t<div class=\"elementor-widget-container\">\n\t\t\t\t\t<div class=\"elementor-image-box-wrapper\"><figure class=\"elementor-image-box-img\"><a href=\"#\" tabindex=\"-1\"><img loading=\"lazy\" decoding=\"async\" width=\"750\" height=\"500\" src=\"https:\/\/www.wonzh.com\/wp-content\/uploads\/2026\/02\/industrial-workers-operating-machinery-in-factory.jpg\" class=\"attachment-full size-full wp-image-1378\" alt=\"pr\u016fmyslov\u00ed d\u011bln\u00edci obsluhuj\u00edc\u00ed stroje v tov\u00e1rn\u011b\" srcset=\"https:\/\/www.wonzh.com\/wp-content\/uploads\/2026\/02\/industrial-workers-operating-machinery-in-factory.jpg 750w, https:\/\/www.wonzh.com\/wp-content\/uploads\/2026\/02\/industrial-workers-operating-machinery-in-factory-300x200.jpg 300w, https:\/\/www.wonzh.com\/wp-content\/uploads\/2026\/02\/industrial-workers-operating-machinery-in-factory-600x400.jpg 600w\" sizes=\"(max-width: 750px) 100vw, 750px\" \/><\/a><\/figure><div class=\"elementor-image-box-content\"><h4 class=\"elementor-image-box-title\"><a href=\"#\">Manipulace s materi\u00e1lem a zdvihac\u00ed za\u0159\u00edzen\u00ed<\/a><\/h4><p class=\"elementor-image-box-description\">Manipula\u010dn\u00ed a zvedac\u00ed za\u0159\u00edzen\u00ed pracuj\u00ed p\u0159i trval\u00e9m zat\u00ed\u017een\u00ed a dynamick\u00e9m nam\u00e1h\u00e1n\u00ed. Komponenty pou\u017e\u00edvan\u00e9 v t\u011bchto syst\u00e9mech mus\u00ed spl\u0148ovat po\u017eadavky na pevnost, bezpe\u010dnost a odolnost.<\/p><\/div><\/div>\t\t\t\t<\/div>\n\t\t\t\t<\/div>\n\t\t\t\t<div class=\"elementor-element elementor-element-ec19072 elementor-widget__width-initial elementor-widget-mobile__width-inherit elementor-position-top elementor-widget elementor-widget-image-box\" data-id=\"ec19072\" data-element_type=\"widget\" data-e-type=\"widget\" data-widget_type=\"image-box.default\">\n\t\t\t\t<div class=\"elementor-widget-container\">\n\t\t\t\t\t<div class=\"elementor-image-box-wrapper\"><figure class=\"elementor-image-box-img\"><a href=\"#\" tabindex=\"-1\"><img loading=\"lazy\" decoding=\"async\" width=\"1200\" height=\"800\" src=\"https:\/\/www.wonzh.com\/wp-content\/uploads\/2026\/02\/OEM.jpg\" class=\"attachment-full size-full wp-image-1379\" alt=\"oem\" srcset=\"https:\/\/www.wonzh.com\/wp-content\/uploads\/2026\/02\/OEM.jpg 1200w, https:\/\/www.wonzh.com\/wp-content\/uploads\/2026\/02\/OEM-300x200.jpg 300w, https:\/\/www.wonzh.com\/wp-content\/uploads\/2026\/02\/OEM-1024x683.jpg 1024w, https:\/\/www.wonzh.com\/wp-content\/uploads\/2026\/02\/OEM-768x512.jpg 768w, https:\/\/www.wonzh.com\/wp-content\/uploads\/2026\/02\/OEM-600x400.jpg 600w\" sizes=\"(max-width: 1200px) 100vw, 1200px\" \/><\/a><\/figure><div class=\"elementor-image-box-content\"><h4 class=\"elementor-image-box-title\"><a href=\"#\">V\u00fdroba za\u0159\u00edzen\u00ed OEM<\/a><\/h4><p class=\"elementor-image-box-description\">Podporujeme v\u00fdrobce origin\u00e1ln\u00edho vybaven\u00ed standardn\u00edmi sou\u010d\u00e1stmi, n\u00e1hradn\u00edmi kompatibiln\u00edmi d\u00edly a d\u00edly vyroben\u00fdmi na zak\u00e1zku na z\u00e1klad\u011b v\u00fdkres\u016f nebo vzork\u016f.<\/p><\/div><\/div>\t\t\t\t<\/div>\n\t\t\t\t<\/div>\n\t\t\t\t<div class=\"elementor-element elementor-element-f92d5c5 elementor-widget__width-initial elementor-widget-mobile__width-inherit elementor-position-top elementor-widget elementor-widget-image-box\" data-id=\"f92d5c5\" data-element_type=\"widget\" data-e-type=\"widget\" data-widget_type=\"image-box.default\">\n\t\t\t\t<div class=\"elementor-widget-container\">\n\t\t\t\t\t<div class=\"elementor-image-box-wrapper\"><figure class=\"elementor-image-box-img\"><a href=\"#\" tabindex=\"-1\"><img loading=\"lazy\" decoding=\"async\" width=\"500\" height=\"333\" src=\"https:\/\/www.wonzh.com\/wp-content\/uploads\/2026\/02\/MRO.png\" class=\"attachment-full size-full wp-image-1380\" alt=\"mro\" srcset=\"https:\/\/www.wonzh.com\/wp-content\/uploads\/2026\/02\/MRO.png 500w, https:\/\/www.wonzh.com\/wp-content\/uploads\/2026\/02\/MRO-300x200.png 300w\" sizes=\"(max-width: 500px) 100vw, 500px\" \/><\/a><\/figure><div class=\"elementor-image-box-content\"><h4 class=\"elementor-image-box-title\"><a href=\"#\">MRO a v\u00fdm\u011bna n\u00e1hradn\u00edch d\u00edl\u016f<\/a><\/h4><p class=\"elementor-image-box-description\">Pro t\u00fdmy \u00fadr\u017eby a n\u00e1kup\u010d\u00ed MRO je rychl\u00e9 a p\u0159esn\u00e9 obstar\u00e1v\u00e1n\u00ed n\u00e1hradn\u00edch d\u00edl\u016f z\u00e1sadn\u00ed. Pom\u00e1h\u00e1me z\u00e1kazn\u00edk\u016fm identifikovat vhodn\u00e9 n\u00e1hradn\u00ed d\u00edly, i kdy\u017e \u010d\u00edsla p\u016fvodn\u00edch d\u00edl\u016f nebo v\u00fdkresy nejsou \u00fapln\u00e9.<\/p><\/div><\/div>\t\t\t\t<\/div>\n\t\t\t\t<\/div>\n\t\t\t\t<div class=\"elementor-element elementor-element-9b00271 elementor-widget__width-initial elementor-widget-mobile__width-inherit elementor-position-top elementor-widget elementor-widget-image-box\" data-id=\"9b00271\" data-element_type=\"widget\" data-e-type=\"widget\" data-widget_type=\"image-box.default\">\n\t\t\t\t<div class=\"elementor-widget-container\">\n\t\t\t\t\t<div class=\"elementor-image-box-wrapper\"><figure class=\"elementor-image-box-img\"><a href=\"#\" tabindex=\"-1\"><img loading=\"lazy\" decoding=\"async\" width=\"660\" height=\"439\" src=\"https:\/\/www.wonzh.com\/wp-content\/uploads\/2026\/02\/Transmission.webp\" class=\"attachment-full size-full wp-image-1381\" alt=\"p\u0159enos\" srcset=\"https:\/\/www.wonzh.com\/wp-content\/uploads\/2026\/02\/Transmission.webp 660w, https:\/\/www.wonzh.com\/wp-content\/uploads\/2026\/02\/Transmission-300x200.webp 300w, https:\/\/www.wonzh.com\/wp-content\/uploads\/2026\/02\/Transmission-600x399.webp 600w\" sizes=\"(max-width: 660px) 100vw, 660px\" \/><\/a><\/figure><div class=\"elementor-image-box-content\"><h4 class=\"elementor-image-box-title\"><a href=\"#\">P\u0159evodovky a hnac\u00ed syst\u00e9my<\/a><\/h4><p class=\"elementor-image-box-description\">Mechanick\u00e9 p\u0159evodov\u00e9 syst\u00e9my se hojn\u011b pou\u017e\u00edvaj\u00ed v pr\u016fmyslov\u00fdch za\u0159\u00edzen\u00edch. Spr\u00e1vn\u00fd v\u00fdb\u011br komponent\u016f zaji\u0161\u0165uje \u00fa\u010dinn\u00fd p\u0159enos v\u00fdkonu a sni\u017euje opot\u0159eben\u00ed syst\u00e9mu.<\/p><\/div><\/div>\t\t\t\t<\/div>\n\t\t\t\t<\/div>\n\t\t\t\t<\/div>\n\t\t\t\t\t<\/div>\n\t\t\t\t<\/div>\n\t\t<div class=\"elementor-element elementor-element-612b94a e-flex e-con-boxed e-con e-parent\" data-id=\"612b94a\" data-element_type=\"container\" data-e-type=\"container\" data-settings=\"{&quot;background_background&quot;:&quot;classic&quot;}\">\n\t\t\t\t\t<div class=\"e-con-inner\">\n\t\t<div class=\"elementor-element elementor-element-0d15ea1 e-con-full e-flex e-con e-child\" data-id=\"0d15ea1\" data-element_type=\"container\" data-e-type=\"container\">\n\t\t\t\t<div class=\"elementor-element elementor-element-2a8ed68 elementor-widget elementor-widget-heading\" data-id=\"2a8ed68\" data-element_type=\"widget\" data-e-type=\"widget\" data-widget_type=\"heading.default\">\n\t\t\t\t<div class=\"elementor-widget-container\">\n\t\t\t\t\t<h6 class=\"elementor-heading-title elementor-size-default\">Jak podporujeme va\u0161i \u017e\u00e1dost<\/h6>\t\t\t\t<\/div>\n\t\t\t\t<\/div>\n\t\t\t\t<div class=\"elementor-element elementor-element-00d2124 elementor-widget elementor-widget-heading\" data-id=\"00d2124\" data-element_type=\"widget\" data-e-type=\"widget\" data-widget_type=\"heading.default\">\n\t\t\t\t<div class=\"elementor-widget-container\">\n\t\t\t\t\t<h5 class=\"elementor-heading-title elementor-size-default\">Podporujeme standardn\u00ed d\u00edly, n\u00e1hradn\u00ed komponenty, v\u00fdrobu OEM a zak\u00e1zkovou v\u00fdrobu na z\u00e1klad\u011b v\u00fdkres\u016f, vzork\u016f a po\u017eadavk\u016f na pou\u017eit\u00ed. N\u00e1\u0161 t\u00fdm se zam\u011b\u0159uje na jasnou komunikaci a praktick\u00e1 doporu\u010den\u00ed a pom\u00e1h\u00e1 z\u00e1kazn\u00edk\u016fm efektivn\u011b naj\u00edt vhodn\u00e1 \u0159e\u0161en\u00ed. Pro zku\u0161ebn\u00ed objedn\u00e1vky i opakovan\u00e9 dod\u00e1vky jsou k dispozici flexibiln\u00ed mno\u017estv\u00ed. Pokud si nejste jisti specifikacemi d\u00edl\u016f nebo kompatibilitou n\u00e1hradn\u00edch d\u00edl\u016f, nev\u00e1hejte n\u00e1s kontaktovat s podrobnostmi o va\u0161\u00ed aplikaci a my va\u0161e po\u017eadavky posoud\u00edme a poskytneme vhodn\u00e9 mo\u017enosti.<\/h5>\t\t\t\t<\/div>\n\t\t\t\t<\/div>\n\t\t\t\t<div class=\"elementor-element elementor-element-d7df4bf elementor-widget elementor-widget-text-editor\" data-id=\"d7df4bf\" data-element_type=\"widget\" data-e-type=\"widget\" data-widget_type=\"text-editor.default\">\n\t\t\t\t<div class=\"elementor-widget-container\">\n\t\t\t\t\t\t\t\t\t<p>Amet facilisis viverra sapien odio senectus et in nunc eget volutpat adipiscing<\/p>\t\t\t\t\t\t\t\t<\/div>\n\t\t\t\t<\/div>\n\t\t\t\t<div class=\"elementor-element elementor-element-30677dc elementor-align-center elementor-widget elementor-widget-button\" data-id=\"30677dc\" data-element_type=\"widget\" data-e-type=\"widget\" data-widget_type=\"button.default\">\n\t\t\t\t<div class=\"elementor-widget-container\">\n\t\t\t\t\t\t\t\t\t<div class=\"elementor-button-wrapper\">\n\t\t\t\t\t<a class=\"elementor-button elementor-button-link elementor-size-sm\" href=\"mailto:sales@wonzh.com\">\n\t\t\t\t\t\t<span class=\"elementor-button-content-wrapper\">\n\t\t\t\t\t\t\t\t\t<span class=\"elementor-button-text\">Kontaktujte n\u00e1s je\u0161t\u011b dnes<\/span>\n\t\t\t\t\t<\/span>\n\t\t\t\t\t<\/a>\n\t\t\t\t<\/div>\n\t\t\t\t\t\t\t\t<\/div>\n\t\t\t\t<\/div>\n\t\t\t\t<\/div>\n\t\t\t\t\t<\/div>\n\t\t\t\t<\/div>\n\t\t\t\t<\/div>","protected":false},"excerpt":{"rendered":"<p>Applications Industrial Equipment Parts for Real-World Applications Henan Wonzh Precision Manufacturing Co., Ltd. supplies industrial equipment components and wear parts for a wide range of operating environments. Our products are commonly used in equipment maintenance, OEM manufacturing, and MRO spare parts replacement, helping customers maintain stable operation and control maintenance costs. Below are our core [&hellip;]<\/p>\n","protected":false},"author":1,"featured_media":0,"parent":0,"menu_order":0,"comment_status":"closed","ping_status":"closed","template":"","meta":{"site-sidebar-layout":"no-sidebar","site-content-layout":"page-builder","ast-site-content-layout":"default","site-content-style":"default","site-sidebar-style":"default","ast-global-header-display":"","ast-banner-title-visibility":"","ast-main-header-display":"","ast-hfb-above-header-display":"","ast-hfb-below-header-display":"","ast-hfb-mobile-header-display":"","site-post-title":"disabled","ast-breadcrumbs-content":"disabled","ast-featured-img":"disabled","footer-sml-layout":"","ast-disable-related-posts":"","theme-transparent-header-meta":"enabled","adv-header-id-meta":"","stick-header-meta":"","header-above-stick-meta":"","header-main-stick-meta":"","header-below-stick-meta":"","astra-migrate-meta-layouts":"default","ast-page-background-enabled":"default","ast-page-background-meta":{"desktop":{"background-color":"","background-image":"","background-repeat":"repeat","background-position":"center center","background-size":"auto","background-attachment":"scroll","background-type":"","background-media":"","overlay-type":"","overlay-color":"","overlay-opacity":"","overlay-gradient":""},"tablet":{"background-color":"","background-image":"","background-repeat":"repeat","background-position":"center center","background-size":"auto","background-attachment":"scroll","background-type":"","background-media":"","overlay-type":"","overlay-color":"","overlay-opacity":"","overlay-gradient":""},"mobile":{"background-color":"","background-image":"","background-repeat":"repeat","background-position":"center center","background-size":"auto","background-attachment":"scroll","background-type":"","background-media":"","overlay-type":"","overlay-color":"","overlay-opacity":"","overlay-gradient":""}},"ast-content-background-meta":{"desktop":{"background-color":"var(--ast-global-color-5)","background-image":"","background-repeat":"repeat","background-position":"center center","background-size":"auto","background-attachment":"scroll","background-type":"","background-media":"","overlay-type":"","overlay-color":"","overlay-opacity":"","overlay-gradient":""},"tablet":{"background-color":"var(--ast-global-color-5)","background-image":"","background-repeat":"repeat","background-position":"center center","background-size":"auto","background-attachment":"scroll","background-type":"","background-media":"","overlay-type":"","overlay-color":"","overlay-opacity":"","overlay-gradient":""},"mobile":{"background-color":"var(--ast-global-color-5)","background-image":"","background-repeat":"repeat","background-position":"center center","background-size":"auto","background-attachment":"scroll","background-type":"","background-media":"","overlay-type":"","overlay-color":"","overlay-opacity":"","overlay-gradient":""}},"footnotes":""},"class_list":["post-273","page","type-page","status-publish","hentry"],"_links":{"self":[{"href":"https:\/\/www.wonzh.com\/cs\/wp-json\/wp\/v2\/pages\/273","targetHints":{"allow":["GET"]}}],"collection":[{"href":"https:\/\/www.wonzh.com\/cs\/wp-json\/wp\/v2\/pages"}],"about":[{"href":"https:\/\/www.wonzh.com\/cs\/wp-json\/wp\/v2\/types\/page"}],"author":[{"embeddable":true,"href":"https:\/\/www.wonzh.com\/cs\/wp-json\/wp\/v2\/users\/1"}],"replies":[{"embeddable":true,"href":"https:\/\/www.wonzh.com\/cs\/wp-json\/wp\/v2\/comments?post=273"}],"version-history":[{"count":10,"href":"https:\/\/www.wonzh.com\/cs\/wp-json\/wp\/v2\/pages\/273\/revisions"}],"predecessor-version":[{"id":1384,"href":"https:\/\/www.wonzh.com\/cs\/wp-json\/wp\/v2\/pages\/273\/revisions\/1384"}],"wp:attachment":[{"href":"https:\/\/www.wonzh.com\/cs\/wp-json\/wp\/v2\/media?parent=273"}],"curies":[{"name":"wp","href":"https:\/\/api.w.org\/{rel}","templated":true}]}}